{"id":500814,"date":"2025-10-10T14:21:40","date_gmt":"2025-10-10T12:21:40","guid":{"rendered":"https:\/\/perle-in.com\/produit\/enceinte-karaoke-bluetooth-de-75-w-prixton-jaia-max\/"},"modified":"2025-10-10T14:21:41","modified_gmt":"2025-10-10T12:21:41","slug":"enceinte-karaoke-bluetooth-de-75-w-prixton-jaia-max","status":"publish","type":"product","link":"https:\/\/perle-in.com\/en\/product\/enceinte-karaoke-bluetooth-de-75-w-prixton-jaia-max\/","title":{"rendered":"Enceinte karaok\u00e9 Bluetooth\u00ae de 75\u00a0W Prixton Jaia Max"},"content":{"rendered":"","protected":false},"excerpt":{"rendered":"<p>L\u2019enceinte karaok\u00e9 Jaia Max d\u00e9livre un son puissant et net de 75\u00a0W avec des modes ECHO, BASS et TREBLE r\u00e9glables, pour une exp\u00e9rience audio sur mesure. Elle comprend un microphone et jusqu\u2019\u00e0 5\u00a0effets lumineux dynamiques pour cr\u00e9er une r\u00e9elle atmosph\u00e8re de f\u00eate. Connectez d\u2019autres appareils via l\u2019entr\u00e9e AUX\u00a0IN et profitez de sessions en duo gr\u00e2ce aux deux\u00a0entr\u00e9es micro. Sa batterie haute capacit\u00e9 dure jusqu\u2019\u00e0 10\u00a0heures avec une seule charge de 8\u00a0heures, pour prolonger votre \u00e9coute jusqu\u2019au bout de la nuit.<\/p>","protected":false},"featured_media":485953,"template":"","meta":{"_eb_attr":""},"product_brand":[],"product_cat":[817,667],"product_tag":[818,1136,1069,725,819,1068,822,783],"class_list":{"0":"post-500814","1":"product","2":"type-product","3":"status-publish","4":"has-post-thumbnail","6":"product_cat-enceintes","7":"product_cat-technologie","8":"product_tag-bluetooth","9":"product_tag-chansons","10":"product_tag-chant","11":"product_tag-fete","12":"product_tag-haut-parleur","13":"product_tag-karaoke","14":"product_tag-musique","15":"product_tag-prixton","16":"pa_couleurs-noir","18":"first","19":"instock","20":"shipping-taxable","21":"purchasable","22":"product-type-variable"},"yoast_head":"<!-- This site is optimized with the Yoast SEO plugin v27.4 - https:\/\/yoast.com\/product\/yoast-seo-wordpress\/ -->\n<title>Enceinte karaok\u00e9 Bluetooth\u00ae de 75\u00a0W Prixton Jaia Max - PERLE IN<\/title>\n<meta name=\"robots\" content=\"noindex, follow, max-snippet:-1, max-image-preview:large, max-video-preview:-1\" \/>\n<meta property=\"og:locale\" content=\"en_US\" \/>\n<meta property=\"og:type\" content=\"article\" \/>\n<meta property=\"og:title\" content=\"Enceinte karaok\u00e9 Bluetooth\u00ae de 75\u00a0W Prixton Jaia Max - PERLE IN\" \/>\n<meta property=\"og:description\" content=\"L\u2019enceinte karaok\u00e9 Jaia Max d\u00e9livre un son puissant et net de 75\u00a0W avec des modes ECHO, BASS et TREBLE r\u00e9glables, pour une exp\u00e9rience audio sur mesure. Elle comprend un microphone et jusqu\u2019\u00e0 5\u00a0effets lumineux dynamiques pour cr\u00e9er une r\u00e9elle atmosph\u00e8re de f\u00eate. Connectez d\u2019autres appareils via l\u2019entr\u00e9e AUX\u00a0IN et profitez de sessions en duo gr\u00e2ce aux deux\u00a0entr\u00e9es micro. Sa batterie haute capacit\u00e9 dure jusqu\u2019\u00e0 10\u00a0heures avec une seule charge de 8\u00a0heures, pour prolonger votre \u00e9coute jusqu\u2019au bout de la nuit.\" \/>\n<meta property=\"og:url\" content=\"https:\/\/perle-in.com\/en\/product\/enceinte-karaoke-bluetooth-de-75-w-prixton-jaia-max\/\" \/>\n<meta property=\"og:site_name\" content=\"PERLE IN\" \/>\n<meta property=\"article:modified_time\" content=\"2025-10-10T12:21:41+00:00\" \/>\n<meta property=\"og:image\" content=\"https:\/\/perle-in.com\/wp-content\/uploads\/2025\/09\/1PA20090-1.jpg\" \/>\n\t<meta property=\"og:image:width\" content=\"1600\" \/>\n\t<meta property=\"og:image:height\" content=\"1600\" \/>\n\t<meta property=\"og:image:type\" content=\"image\/jpeg\" \/>\n<meta name=\"twitter:card\" content=\"summary_large_image\" \/>\n<script type=\"application\/ld+json\" class=\"yoast-schema-graph\">{\"@context\":\"https:\\\/\\\/schema.org\",\"@graph\":[{\"@type\":\"WebPage\",\"@id\":\"https:\\\/\\\/perle-in.com\\\/produit\\\/enceinte-karaoke-bluetooth-de-75-w-prixton-jaia-max\\\/\",\"url\":\"https:\\\/\\\/perle-in.com\\\/produit\\\/enceinte-karaoke-bluetooth-de-75-w-prixton-jaia-max\\\/\",\"name\":\"Enceinte karaok\u00e9 Bluetooth\u00ae de 75\u00a0W Prixton Jaia Max - PERLE IN\",\"isPartOf\":{\"@id\":\"https:\\\/\\\/perle-in.com\\\/#website\"},\"primaryImageOfPage\":{\"@id\":\"https:\\\/\\\/perle-in.com\\\/produit\\\/enceinte-karaoke-bluetooth-de-75-w-prixton-jaia-max\\\/#primaryimage\"},\"image\":{\"@id\":\"https:\\\/\\\/perle-in.com\\\/produit\\\/enceinte-karaoke-bluetooth-de-75-w-prixton-jaia-max\\\/#primaryimage\"},\"thumbnailUrl\":\"https:\\\/\\\/perle-in.com\\\/wp-content\\\/uploads\\\/2025\\\/09\\\/1PA20090-1.jpg\",\"datePublished\":\"2025-10-10T12:21:40+00:00\",\"dateModified\":\"2025-10-10T12:21:41+00:00\",\"breadcrumb\":{\"@id\":\"https:\\\/\\\/perle-in.com\\\/produit\\\/enceinte-karaoke-bluetooth-de-75-w-prixton-jaia-max\\\/#breadcrumb\"},\"inLanguage\":\"en-CA\",\"potentialAction\":[{\"@type\":\"ReadAction\",\"target\":[\"https:\\\/\\\/perle-in.com\\\/produit\\\/enceinte-karaoke-bluetooth-de-75-w-prixton-jaia-max\\\/\"]}]},{\"@type\":\"ImageObject\",\"inLanguage\":\"en-CA\",\"@id\":\"https:\\\/\\\/perle-in.com\\\/produit\\\/enceinte-karaoke-bluetooth-de-75-w-prixton-jaia-max\\\/#primaryimage\",\"url\":\"https:\\\/\\\/perle-in.com\\\/wp-content\\\/uploads\\\/2025\\\/09\\\/1PA20090-1.jpg\",\"contentUrl\":\"https:\\\/\\\/perle-in.com\\\/wp-content\\\/uploads\\\/2025\\\/09\\\/1PA20090-1.jpg\",\"width\":1600,\"height\":1600},{\"@type\":\"BreadcrumbList\",\"@id\":\"https:\\\/\\\/perle-in.com\\\/produit\\\/enceinte-karaoke-bluetooth-de-75-w-prixton-jaia-max\\\/#breadcrumb\",\"itemListElement\":[{\"@type\":\"ListItem\",\"position\":1,\"name\":\"Accueil\",\"item\":\"https:\\\/\\\/perle-in.com\\\/\"},{\"@type\":\"ListItem\",\"position\":2,\"name\":\"Boutique\",\"item\":\"https:\\\/\\\/perle-in.com\\\/boutique\\\/\"},{\"@type\":\"ListItem\",\"position\":3,\"name\":\"Enceinte karaok\u00e9 Bluetooth\u00ae de 75\u00a0W Prixton Jaia Max\"}]},{\"@type\":\"WebSite\",\"@id\":\"https:\\\/\\\/perle-in.com\\\/#website\",\"url\":\"https:\\\/\\\/perle-in.com\\\/\",\"name\":\"PERLE IN\",\"description\":\"\",\"publisher\":{\"@id\":\"https:\\\/\\\/perle-in.com\\\/#organization\"},\"potentialAction\":[{\"@type\":\"SearchAction\",\"target\":{\"@type\":\"EntryPoint\",\"urlTemplate\":\"https:\\\/\\\/perle-in.com\\\/?s={search_term_string}\"},\"query-input\":{\"@type\":\"PropertyValueSpecification\",\"valueRequired\":true,\"valueName\":\"search_term_string\"}}],\"inLanguage\":\"en-CA\"},{\"@type\":\"Organization\",\"@id\":\"https:\\\/\\\/perle-in.com\\\/#organization\",\"name\":\"PERLE IN\",\"url\":\"https:\\\/\\\/perle-in.com\\\/\",\"logo\":{\"@type\":\"ImageObject\",\"inLanguage\":\"en-CA\",\"@id\":\"https:\\\/\\\/perle-in.com\\\/#\\\/schema\\\/logo\\\/image\\\/\",\"url\":\"https:\\\/\\\/perle-in.com\\\/wp-content\\\/uploads\\\/2022\\\/12\\\/LOGO-PERLE-IN-COULEUR@3x.webp\",\"contentUrl\":\"https:\\\/\\\/perle-in.com\\\/wp-content\\\/uploads\\\/2022\\\/12\\\/LOGO-PERLE-IN-COULEUR@3x.webp\",\"width\":1600,\"height\":490,\"caption\":\"PERLE IN\"},\"image\":{\"@id\":\"https:\\\/\\\/perle-in.com\\\/#\\\/schema\\\/logo\\\/image\\\/\"}}]}<\/script>\n<!-- \/ Yoast SEO plugin. -->","yoast_head_json":{"title":"Enceinte karaok\u00e9 Bluetooth\u00ae de 75\u00a0W Prixton Jaia Max - PERLE IN","robots":{"index":"noindex","follow":"follow","max-snippet":"max-snippet:-1","max-image-preview":"max-image-preview:large","max-video-preview":"max-video-preview:-1"},"og_locale":"en_US","og_type":"article","og_title":"Enceinte karaok\u00e9 Bluetooth\u00ae de 75\u00a0W Prixton Jaia Max - PERLE IN","og_description":"L\u2019enceinte karaok\u00e9 Jaia Max d\u00e9livre un son puissant et net de 75\u00a0W avec des modes ECHO, BASS et TREBLE r\u00e9glables, pour une exp\u00e9rience audio sur mesure. Elle comprend un microphone et jusqu\u2019\u00e0 5\u00a0effets lumineux dynamiques pour cr\u00e9er une r\u00e9elle atmosph\u00e8re de f\u00eate. Connectez d\u2019autres appareils via l\u2019entr\u00e9e AUX\u00a0IN et profitez de sessions en duo gr\u00e2ce aux deux\u00a0entr\u00e9es micro. Sa batterie haute capacit\u00e9 dure jusqu\u2019\u00e0 10\u00a0heures avec une seule charge de 8\u00a0heures, pour prolonger votre \u00e9coute jusqu\u2019au bout de la nuit.","og_url":"https:\/\/perle-in.com\/en\/product\/enceinte-karaoke-bluetooth-de-75-w-prixton-jaia-max\/","og_site_name":"PERLE IN","article_modified_time":"2025-10-10T12:21:41+00:00","og_image":[{"width":1600,"height":1600,"url":"https:\/\/perle-in.com\/wp-content\/uploads\/2025\/09\/1PA20090-1.jpg","type":"image\/jpeg"}],"twitter_card":"summary_large_image","schema":{"@context":"https:\/\/schema.org","@graph":[{"@type":"WebPage","@id":"https:\/\/perle-in.com\/produit\/enceinte-karaoke-bluetooth-de-75-w-prixton-jaia-max\/","url":"https:\/\/perle-in.com\/produit\/enceinte-karaoke-bluetooth-de-75-w-prixton-jaia-max\/","name":"Enceinte karaok\u00e9 Bluetooth\u00ae de 75\u00a0W Prixton Jaia Max - PERLE IN","isPartOf":{"@id":"https:\/\/perle-in.com\/#website"},"primaryImageOfPage":{"@id":"https:\/\/perle-in.com\/produit\/enceinte-karaoke-bluetooth-de-75-w-prixton-jaia-max\/#primaryimage"},"image":{"@id":"https:\/\/perle-in.com\/produit\/enceinte-karaoke-bluetooth-de-75-w-prixton-jaia-max\/#primaryimage"},"thumbnailUrl":"https:\/\/perle-in.com\/wp-content\/uploads\/2025\/09\/1PA20090-1.jpg","datePublished":"2025-10-10T12:21:40+00:00","dateModified":"2025-10-10T12:21:41+00:00","breadcrumb":{"@id":"https:\/\/perle-in.com\/produit\/enceinte-karaoke-bluetooth-de-75-w-prixton-jaia-max\/#breadcrumb"},"inLanguage":"en-CA","potentialAction":[{"@type":"ReadAction","target":["https:\/\/perle-in.com\/produit\/enceinte-karaoke-bluetooth-de-75-w-prixton-jaia-max\/"]}]},{"@type":"ImageObject","inLanguage":"en-CA","@id":"https:\/\/perle-in.com\/produit\/enceinte-karaoke-bluetooth-de-75-w-prixton-jaia-max\/#primaryimage","url":"https:\/\/perle-in.com\/wp-content\/uploads\/2025\/09\/1PA20090-1.jpg","contentUrl":"https:\/\/perle-in.com\/wp-content\/uploads\/2025\/09\/1PA20090-1.jpg","width":1600,"height":1600},{"@type":"BreadcrumbList","@id":"https:\/\/perle-in.com\/produit\/enceinte-karaoke-bluetooth-de-75-w-prixton-jaia-max\/#breadcrumb","itemListElement":[{"@type":"ListItem","position":1,"name":"Accueil","item":"https:\/\/perle-in.com\/"},{"@type":"ListItem","position":2,"name":"Boutique","item":"https:\/\/perle-in.com\/boutique\/"},{"@type":"ListItem","position":3,"name":"Enceinte karaok\u00e9 Bluetooth\u00ae de 75\u00a0W Prixton Jaia Max"}]},{"@type":"WebSite","@id":"https:\/\/perle-in.com\/#website","url":"https:\/\/perle-in.com\/","name":"PERLE IN","description":"","publisher":{"@id":"https:\/\/perle-in.com\/#organization"},"potentialAction":[{"@type":"SearchAction","target":{"@type":"EntryPoint","urlTemplate":"https:\/\/perle-in.com\/?s={search_term_string}"},"query-input":{"@type":"PropertyValueSpecification","valueRequired":true,"valueName":"search_term_string"}}],"inLanguage":"en-CA"},{"@type":"Organization","@id":"https:\/\/perle-in.com\/#organization","name":"PERLE IN","url":"https:\/\/perle-in.com\/","logo":{"@type":"ImageObject","inLanguage":"en-CA","@id":"https:\/\/perle-in.com\/#\/schema\/logo\/image\/","url":"https:\/\/perle-in.com\/wp-content\/uploads\/2022\/12\/LOGO-PERLE-IN-COULEUR@3x.webp","contentUrl":"https:\/\/perle-in.com\/wp-content\/uploads\/2022\/12\/LOGO-PERLE-IN-COULEUR@3x.webp","width":1600,"height":490,"caption":"PERLE IN"},"image":{"@id":"https:\/\/perle-in.com\/#\/schema\/logo\/image\/"}}]}},"jetpack_sharing_enabled":true,"_links":{"self":[{"href":"https:\/\/perle-in.com\/en\/wp-json\/wp\/v2\/product\/500814","targetHints":{"allow":["GET"]}}],"collection":[{"href":"https:\/\/perle-in.com\/en\/wp-json\/wp\/v2\/product"}],"about":[{"href":"https:\/\/perle-in.com\/en\/wp-json\/wp\/v2\/types\/product"}],"version-history":[{"count":0,"href":"https:\/\/perle-in.com\/en\/wp-json\/wp\/v2\/product\/500814\/revisions"}],"wp:featuredmedia":[{"embeddable":true,"href":"https:\/\/perle-in.com\/en\/wp-json\/wp\/v2\/media\/485953"}],"wp:attachment":[{"href":"https:\/\/perle-in.com\/en\/wp-json\/wp\/v2\/media?parent=500814"}],"wp:term":[{"taxonomy":"product_brand","embeddable":true,"href":"https:\/\/perle-in.com\/en\/wp-json\/wp\/v2\/product_brand?post=500814"},{"taxonomy":"product_cat","embeddable":true,"href":"https:\/\/perle-in.com\/en\/wp-json\/wp\/v2\/product_cat?post=500814"},{"taxonomy":"product_tag","embeddable":true,"href":"https:\/\/perle-in.com\/en\/wp-json\/wp\/v2\/product_tag?post=500814"}],"curies":[{"name":"wp","href":"https:\/\/api.w.org\/{rel}","templated":true}]}}