{"id":500776,"date":"2025-10-10T14:12:36","date_gmt":"2025-10-10T12:12:36","guid":{"rendered":"https:\/\/perle-in.com\/produit\/hotel-mykit\/"},"modified":"2025-10-10T14:12:43","modified_gmt":"2025-10-10T12:12:43","slug":"hotel-mykit","status":"publish","type":"product","link":"https:\/\/perle-in.com\/en\/product\/hotel-mykit\/","title":{"rendered":"H\u00f4tel MyKit"},"content":{"rendered":"","protected":false},"excerpt":{"rendered":"<p>Le kit d&#8217;h\u00f4tel MyKit est id\u00e9al pour les voyages d&#8217;affaires ou les longues journ\u00e9es d&#8217;exposition.  Contenu\u00a0: 1\u00a0rasoir, 1\u00a0gel \u00e0 raser, 1\u00a0cr\u00e8me \u00e0 l&#8217;Aloe Vera, 1\u00a0shampooing, 1\u00a0gel pour les pieds, 1\u00a0lime \u00e0 ongles, 1\u00a0brosse \u00e0 dents et 1\u00a0dentifrice. Tous les produits de premiers secours et de soin du kit r\u00e9pondent \u00e0 toutes les r\u00e9glementations europ\u00e9ennes applicables. Le prix comprend le marquage sur toute la surface.<\/p>","protected":false},"featured_media":485349,"template":"","meta":{"_eb_attr":""},"product_brand":[],"product_cat":[390,391],"product_tag":[1050,1046,1043,716,1048,1047,1049,291],"class_list":{"0":"post-500776","1":"product","2":"type-product","3":"status-publish","4":"has-post-thumbnail","6":"product_cat-sant-et-hygine-personnelle","7":"product_cat-trousses-de-secours","8":"product_tag-brosse-a-dents","9":"product_tag-hotel","10":"product_tag-my-kit","11":"product_tag-mykit","12":"product_tag-rasage","13":"product_tag-rasoir","14":"product_tag-shampoing","15":"product_tag-voyage","16":"pa_couleurs-blanc-transparent","17":"pa_couleurs-bleu-translucide","18":"pa_couleurs-jaune-translucide","19":"pa_couleurs-magenta-transparent","20":"pa_couleurs-noir-translucide","21":"pa_couleurs-orange-translucide-2","22":"pa_couleurs-rouge-translucide","23":"pa_couleurs-vert-translucide","25":"first","26":"instock","27":"shipping-taxable","28":"purchasable","29":"product-type-variable"},"yoast_head":"<!-- This site is optimized with the Yoast SEO plugin v27.4 - https:\/\/yoast.com\/product\/yoast-seo-wordpress\/ -->\n<title>H\u00f4tel MyKit - PERLE IN<\/title>\n<meta name=\"robots\" content=\"noindex, follow, max-snippet:-1, max-image-preview:large, max-video-preview:-1\" \/>\n<meta property=\"og:locale\" content=\"en_US\" \/>\n<meta property=\"og:type\" content=\"article\" \/>\n<meta property=\"og:title\" content=\"H\u00f4tel MyKit - PERLE IN\" \/>\n<meta property=\"og:description\" content=\"Le kit d&#039;h\u00f4tel MyKit est id\u00e9al pour les voyages d&#039;affaires ou les longues journ\u00e9es d&#039;exposition. Contenu\u00a0: 1\u00a0rasoir, 1\u00a0gel \u00e0 raser, 1\u00a0cr\u00e8me \u00e0 l&#039;Aloe Vera, 1\u00a0shampooing, 1\u00a0gel pour les pieds, 1\u00a0lime \u00e0 ongles, 1\u00a0brosse \u00e0 dents et 1\u00a0dentifrice. Tous les produits de premiers secours et de soin du kit r\u00e9pondent \u00e0 toutes les r\u00e9glementations europ\u00e9ennes applicables. Le prix comprend le marquage sur toute la surface.\" \/>\n<meta property=\"og:url\" content=\"https:\/\/perle-in.com\/en\/product\/hotel-mykit\/\" \/>\n<meta property=\"og:site_name\" content=\"PERLE IN\" \/>\n<meta property=\"article:modified_time\" content=\"2025-10-10T12:12:43+00:00\" \/>\n<meta property=\"og:image\" content=\"https:\/\/perle-in.com\/wp-content\/uploads\/2025\/09\/1Z262801-1.jpg\" \/>\n\t<meta property=\"og:image:width\" content=\"1600\" \/>\n\t<meta property=\"og:image:height\" content=\"1600\" \/>\n\t<meta property=\"og:image:type\" content=\"image\/jpeg\" \/>\n<meta name=\"twitter:card\" content=\"summary_large_image\" \/>\n<script type=\"application\/ld+json\" class=\"yoast-schema-graph\">{\"@context\":\"https:\\\/\\\/schema.org\",\"@graph\":[{\"@type\":\"WebPage\",\"@id\":\"https:\\\/\\\/perle-in.com\\\/produit\\\/hotel-mykit\\\/\",\"url\":\"https:\\\/\\\/perle-in.com\\\/produit\\\/hotel-mykit\\\/\",\"name\":\"H\u00f4tel MyKit - PERLE IN\",\"isPartOf\":{\"@id\":\"https:\\\/\\\/perle-in.com\\\/#website\"},\"primaryImageOfPage\":{\"@id\":\"https:\\\/\\\/perle-in.com\\\/produit\\\/hotel-mykit\\\/#primaryimage\"},\"image\":{\"@id\":\"https:\\\/\\\/perle-in.com\\\/produit\\\/hotel-mykit\\\/#primaryimage\"},\"thumbnailUrl\":\"https:\\\/\\\/perle-in.com\\\/wp-content\\\/uploads\\\/2025\\\/09\\\/1Z262801-1.jpg\",\"datePublished\":\"2025-10-10T12:12:36+00:00\",\"dateModified\":\"2025-10-10T12:12:43+00:00\",\"breadcrumb\":{\"@id\":\"https:\\\/\\\/perle-in.com\\\/produit\\\/hotel-mykit\\\/#breadcrumb\"},\"inLanguage\":\"en-CA\",\"potentialAction\":[{\"@type\":\"ReadAction\",\"target\":[\"https:\\\/\\\/perle-in.com\\\/produit\\\/hotel-mykit\\\/\"]}]},{\"@type\":\"ImageObject\",\"inLanguage\":\"en-CA\",\"@id\":\"https:\\\/\\\/perle-in.com\\\/produit\\\/hotel-mykit\\\/#primaryimage\",\"url\":\"https:\\\/\\\/perle-in.com\\\/wp-content\\\/uploads\\\/2025\\\/09\\\/1Z262801-1.jpg\",\"contentUrl\":\"https:\\\/\\\/perle-in.com\\\/wp-content\\\/uploads\\\/2025\\\/09\\\/1Z262801-1.jpg\",\"width\":1600,\"height\":1600},{\"@type\":\"BreadcrumbList\",\"@id\":\"https:\\\/\\\/perle-in.com\\\/produit\\\/hotel-mykit\\\/#breadcrumb\",\"itemListElement\":[{\"@type\":\"ListItem\",\"position\":1,\"name\":\"Accueil\",\"item\":\"https:\\\/\\\/perle-in.com\\\/\"},{\"@type\":\"ListItem\",\"position\":2,\"name\":\"Boutique\",\"item\":\"https:\\\/\\\/perle-in.com\\\/boutique\\\/\"},{\"@type\":\"ListItem\",\"position\":3,\"name\":\"H\u00f4tel MyKit\"}]},{\"@type\":\"WebSite\",\"@id\":\"https:\\\/\\\/perle-in.com\\\/#website\",\"url\":\"https:\\\/\\\/perle-in.com\\\/\",\"name\":\"PERLE IN\",\"description\":\"\",\"publisher\":{\"@id\":\"https:\\\/\\\/perle-in.com\\\/#organization\"},\"potentialAction\":[{\"@type\":\"SearchAction\",\"target\":{\"@type\":\"EntryPoint\",\"urlTemplate\":\"https:\\\/\\\/perle-in.com\\\/?s={search_term_string}\"},\"query-input\":{\"@type\":\"PropertyValueSpecification\",\"valueRequired\":true,\"valueName\":\"search_term_string\"}}],\"inLanguage\":\"en-CA\"},{\"@type\":\"Organization\",\"@id\":\"https:\\\/\\\/perle-in.com\\\/#organization\",\"name\":\"PERLE IN\",\"url\":\"https:\\\/\\\/perle-in.com\\\/\",\"logo\":{\"@type\":\"ImageObject\",\"inLanguage\":\"en-CA\",\"@id\":\"https:\\\/\\\/perle-in.com\\\/#\\\/schema\\\/logo\\\/image\\\/\",\"url\":\"https:\\\/\\\/perle-in.com\\\/wp-content\\\/uploads\\\/2022\\\/12\\\/LOGO-PERLE-IN-COULEUR@3x.webp\",\"contentUrl\":\"https:\\\/\\\/perle-in.com\\\/wp-content\\\/uploads\\\/2022\\\/12\\\/LOGO-PERLE-IN-COULEUR@3x.webp\",\"width\":1600,\"height\":490,\"caption\":\"PERLE IN\"},\"image\":{\"@id\":\"https:\\\/\\\/perle-in.com\\\/#\\\/schema\\\/logo\\\/image\\\/\"}}]}<\/script>\n<!-- \/ Yoast SEO plugin. -->","yoast_head_json":{"title":"H\u00f4tel MyKit - PERLE IN","robots":{"index":"noindex","follow":"follow","max-snippet":"max-snippet:-1","max-image-preview":"max-image-preview:large","max-video-preview":"max-video-preview:-1"},"og_locale":"en_US","og_type":"article","og_title":"H\u00f4tel MyKit - PERLE IN","og_description":"Le kit d'h\u00f4tel MyKit est id\u00e9al pour les voyages d'affaires ou les longues journ\u00e9es d'exposition. Contenu\u00a0: 1\u00a0rasoir, 1\u00a0gel \u00e0 raser, 1\u00a0cr\u00e8me \u00e0 l'Aloe Vera, 1\u00a0shampooing, 1\u00a0gel pour les pieds, 1\u00a0lime \u00e0 ongles, 1\u00a0brosse \u00e0 dents et 1\u00a0dentifrice. Tous les produits de premiers secours et de soin du kit r\u00e9pondent \u00e0 toutes les r\u00e9glementations europ\u00e9ennes applicables. Le prix comprend le marquage sur toute la surface.","og_url":"https:\/\/perle-in.com\/en\/product\/hotel-mykit\/","og_site_name":"PERLE IN","article_modified_time":"2025-10-10T12:12:43+00:00","og_image":[{"width":1600,"height":1600,"url":"https:\/\/perle-in.com\/wp-content\/uploads\/2025\/09\/1Z262801-1.jpg","type":"image\/jpeg"}],"twitter_card":"summary_large_image","schema":{"@context":"https:\/\/schema.org","@graph":[{"@type":"WebPage","@id":"https:\/\/perle-in.com\/produit\/hotel-mykit\/","url":"https:\/\/perle-in.com\/produit\/hotel-mykit\/","name":"H\u00f4tel MyKit - PERLE IN","isPartOf":{"@id":"https:\/\/perle-in.com\/#website"},"primaryImageOfPage":{"@id":"https:\/\/perle-in.com\/produit\/hotel-mykit\/#primaryimage"},"image":{"@id":"https:\/\/perle-in.com\/produit\/hotel-mykit\/#primaryimage"},"thumbnailUrl":"https:\/\/perle-in.com\/wp-content\/uploads\/2025\/09\/1Z262801-1.jpg","datePublished":"2025-10-10T12:12:36+00:00","dateModified":"2025-10-10T12:12:43+00:00","breadcrumb":{"@id":"https:\/\/perle-in.com\/produit\/hotel-mykit\/#breadcrumb"},"inLanguage":"en-CA","potentialAction":[{"@type":"ReadAction","target":["https:\/\/perle-in.com\/produit\/hotel-mykit\/"]}]},{"@type":"ImageObject","inLanguage":"en-CA","@id":"https:\/\/perle-in.com\/produit\/hotel-mykit\/#primaryimage","url":"https:\/\/perle-in.com\/wp-content\/uploads\/2025\/09\/1Z262801-1.jpg","contentUrl":"https:\/\/perle-in.com\/wp-content\/uploads\/2025\/09\/1Z262801-1.jpg","width":1600,"height":1600},{"@type":"BreadcrumbList","@id":"https:\/\/perle-in.com\/produit\/hotel-mykit\/#breadcrumb","itemListElement":[{"@type":"ListItem","position":1,"name":"Accueil","item":"https:\/\/perle-in.com\/"},{"@type":"ListItem","position":2,"name":"Boutique","item":"https:\/\/perle-in.com\/boutique\/"},{"@type":"ListItem","position":3,"name":"H\u00f4tel MyKit"}]},{"@type":"WebSite","@id":"https:\/\/perle-in.com\/#website","url":"https:\/\/perle-in.com\/","name":"PERLE IN","description":"","publisher":{"@id":"https:\/\/perle-in.com\/#organization"},"potentialAction":[{"@type":"SearchAction","target":{"@type":"EntryPoint","urlTemplate":"https:\/\/perle-in.com\/?s={search_term_string}"},"query-input":{"@type":"PropertyValueSpecification","valueRequired":true,"valueName":"search_term_string"}}],"inLanguage":"en-CA"},{"@type":"Organization","@id":"https:\/\/perle-in.com\/#organization","name":"PERLE IN","url":"https:\/\/perle-in.com\/","logo":{"@type":"ImageObject","inLanguage":"en-CA","@id":"https:\/\/perle-in.com\/#\/schema\/logo\/image\/","url":"https:\/\/perle-in.com\/wp-content\/uploads\/2022\/12\/LOGO-PERLE-IN-COULEUR@3x.webp","contentUrl":"https:\/\/perle-in.com\/wp-content\/uploads\/2022\/12\/LOGO-PERLE-IN-COULEUR@3x.webp","width":1600,"height":490,"caption":"PERLE IN"},"image":{"@id":"https:\/\/perle-in.com\/#\/schema\/logo\/image\/"}}]}},"jetpack_sharing_enabled":true,"_links":{"self":[{"href":"https:\/\/perle-in.com\/en\/wp-json\/wp\/v2\/product\/500776","targetHints":{"allow":["GET"]}}],"collection":[{"href":"https:\/\/perle-in.com\/en\/wp-json\/wp\/v2\/product"}],"about":[{"href":"https:\/\/perle-in.com\/en\/wp-json\/wp\/v2\/types\/product"}],"version-history":[{"count":0,"href":"https:\/\/perle-in.com\/en\/wp-json\/wp\/v2\/product\/500776\/revisions"}],"wp:featuredmedia":[{"embeddable":true,"href":"https:\/\/perle-in.com\/en\/wp-json\/wp\/v2\/media\/485349"}],"wp:attachment":[{"href":"https:\/\/perle-in.com\/en\/wp-json\/wp\/v2\/media?parent=500776"}],"wp:term":[{"taxonomy":"product_brand","embeddable":true,"href":"https:\/\/perle-in.com\/en\/wp-json\/wp\/v2\/product_brand?post=500776"},{"taxonomy":"product_cat","embeddable":true,"href":"https:\/\/perle-in.com\/en\/wp-json\/wp\/v2\/product_cat?post=500776"},{"taxonomy":"product_tag","embeddable":true,"href":"https:\/\/perle-in.com\/en\/wp-json\/wp\/v2\/product_tag?post=500776"}],"curies":[{"name":"wp","href":"https:\/\/api.w.org\/{rel}","templated":true}]}}