{"id":500762,"date":"2025-10-10T14:06:26","date_gmt":"2025-10-10T12:06:26","guid":{"rendered":"https:\/\/perle-in.com\/produit\/10-pansements-avec-pochette-en-papier-imprime-en-couleur\/"},"modified":"2025-10-10T14:06:44","modified_gmt":"2025-10-10T12:06:44","slug":"10-pansements-avec-pochette-en-papier-imprime-en-couleur","status":"publish","type":"product","link":"https:\/\/perle-in.com\/en\/product\/10-pansements-avec-pochette-en-papier-imprime-en-couleur\/","title":{"rendered":"10\u00a0pansements avec pochette en papier imprim\u00e9 en couleur"},"content":{"rendered":"","protected":false},"excerpt":{"rendered":"<p>10\u00a0pansements livr\u00e9s dans une pochette en papier (taille 150\u00a0x\u00a095\u00a0mm). Choisissez entre 4\u00a0options de pansement. Universel\u00a0: imperm\u00e9able et antisalissure, respirant. Bambou\u00a0: film de pansement naturel, d\u2019origine naturelle, doux pour la peau, respirant, extra doux. Sensible\u00a0: facile \u00e0 enlever, doux pour la peau, respirant, extra doux. Paillettes\u00a0: imperm\u00e9able et antisalissure, \u00e9tincelant. Chaque option d&#8217;emballage est fabriqu\u00e9e \u00e0 partir de mat\u00e9riaux durables, \u00e9cologiquement et socialement responsables. Impression num\u00e9rique en couleur disponible sur l&#8217;emballage. Nos produits GRAID\u2122 r\u00e9pondent aux exigences strictes de la Medical\u00a0Device\u00a0Regulation (MDR) et sont enregistr\u00e9s aupr\u00e8s de la FDA dans plusieurs pays. Nous privil\u00e9gions la qualit\u00e9 et \u00e0 la s\u00e9curit\u00e9, comme en t\u00e9moignent nos certifications ISO et CE. De plus, notre d\u00e9vouement \u00e0 la responsabilit\u00e9 environnementale se refl\u00e8te dans notre conformit\u00e9 aux normes ISO14001:2015 et ISO9001:2015. Dimensions du pansement\u00a0: 72 x 19 cm.<\/p>","protected":false},"featured_media":485050,"template":"","meta":{"_eb_attr":""},"product_brand":[],"product_cat":[390,391],"product_tag":[1038,805,806,761,394,734],"class_list":{"0":"post-500762","1":"product","2":"type-product","3":"status-publish","4":"has-post-thumbnail","6":"product_cat-sant-et-hygine-personnelle","7":"product_cat-trousses-de-secours","8":"product_tag-graid","9":"product_tag-pansement","10":"product_tag-pansements","11":"product_tag-plaies","12":"product_tag-premiers-soins","13":"product_tag-rfx","14":"pa_couleurs-blanc","15":"pa_couleurs-marron-kraft","16":"pa_taille-bamboo","17":"pa_taille-glitter","18":"pa_taille-sensitive","19":"pa_taille-universal","21":"first","22":"instock","23":"shipping-taxable","24":"purchasable","25":"product-type-variable"},"yoast_head":"<!-- This site is optimized with the Yoast SEO plugin v27.4 - https:\/\/yoast.com\/product\/yoast-seo-wordpress\/ -->\n<title>10\u00a0pansements avec pochette en papier imprim\u00e9 en couleur - PERLE IN<\/title>\n<meta name=\"robots\" content=\"noindex, follow, max-snippet:-1, max-image-preview:large, max-video-preview:-1\" \/>\n<meta property=\"og:locale\" content=\"en_US\" \/>\n<meta property=\"og:type\" content=\"article\" \/>\n<meta property=\"og:title\" content=\"10\u00a0pansements avec pochette en papier imprim\u00e9 en couleur - PERLE IN\" \/>\n<meta property=\"og:description\" content=\"10\u00a0pansements livr\u00e9s dans une pochette en papier (taille 150\u00a0x\u00a095\u00a0mm). Choisissez entre 4\u00a0options de pansement. Universel\u00a0: imperm\u00e9able et antisalissure, respirant. Bambou\u00a0: film de pansement naturel, d\u2019origine naturelle, doux pour la peau, respirant, extra doux. Sensible\u00a0: facile \u00e0 enlever, doux pour la peau, respirant, extra doux. Paillettes\u00a0: imperm\u00e9able et antisalissure, \u00e9tincelant. Chaque option d&#039;emballage est fabriqu\u00e9e \u00e0 partir de mat\u00e9riaux durables, \u00e9cologiquement et socialement responsables. Impression num\u00e9rique en couleur disponible sur l&#039;emballage. Nos produits GRAID\u2122 r\u00e9pondent aux exigences strictes de la Medical\u00a0Device\u00a0Regulation (MDR) et sont enregistr\u00e9s aupr\u00e8s de la FDA dans plusieurs pays. Nous privil\u00e9gions la qualit\u00e9 et \u00e0 la s\u00e9curit\u00e9, comme en t\u00e9moignent nos certifications ISO et CE. De plus, notre d\u00e9vouement \u00e0 la responsabilit\u00e9 environnementale se refl\u00e8te dans notre conformit\u00e9 aux normes ISO14001:2015 et ISO9001:2015. Dimensions du pansement\u00a0: 72 x 19 cm.\" \/>\n<meta property=\"og:url\" content=\"https:\/\/perle-in.com\/en\/product\/10-pansements-avec-pochette-en-papier-imprime-en-couleur\/\" \/>\n<meta property=\"og:site_name\" content=\"PERLE IN\" \/>\n<meta property=\"article:modified_time\" content=\"2025-10-10T12:06:44+00:00\" \/>\n<meta property=\"og:image\" content=\"https:\/\/perle-in.com\/wp-content\/uploads\/2025\/09\/1Z275011-1.jpg\" \/>\n\t<meta property=\"og:image:width\" content=\"1590\" \/>\n\t<meta property=\"og:image:height\" content=\"1590\" \/>\n\t<meta property=\"og:image:type\" content=\"image\/jpeg\" \/>\n<meta name=\"twitter:card\" content=\"summary_large_image\" \/>\n<script type=\"application\/ld+json\" class=\"yoast-schema-graph\">{\"@context\":\"https:\\\/\\\/schema.org\",\"@graph\":[{\"@type\":\"WebPage\",\"@id\":\"https:\\\/\\\/perle-in.com\\\/produit\\\/10-pansements-avec-pochette-en-papier-imprime-en-couleur\\\/\",\"url\":\"https:\\\/\\\/perle-in.com\\\/produit\\\/10-pansements-avec-pochette-en-papier-imprime-en-couleur\\\/\",\"name\":\"10\u00a0pansements avec pochette en papier imprim\u00e9 en couleur - PERLE IN\",\"isPartOf\":{\"@id\":\"https:\\\/\\\/perle-in.com\\\/#website\"},\"primaryImageOfPage\":{\"@id\":\"https:\\\/\\\/perle-in.com\\\/produit\\\/10-pansements-avec-pochette-en-papier-imprime-en-couleur\\\/#primaryimage\"},\"image\":{\"@id\":\"https:\\\/\\\/perle-in.com\\\/produit\\\/10-pansements-avec-pochette-en-papier-imprime-en-couleur\\\/#primaryimage\"},\"thumbnailUrl\":\"https:\\\/\\\/perle-in.com\\\/wp-content\\\/uploads\\\/2025\\\/09\\\/1Z275011-1.jpg\",\"datePublished\":\"2025-10-10T12:06:26+00:00\",\"dateModified\":\"2025-10-10T12:06:44+00:00\",\"breadcrumb\":{\"@id\":\"https:\\\/\\\/perle-in.com\\\/produit\\\/10-pansements-avec-pochette-en-papier-imprime-en-couleur\\\/#breadcrumb\"},\"inLanguage\":\"en-CA\",\"potentialAction\":[{\"@type\":\"ReadAction\",\"target\":[\"https:\\\/\\\/perle-in.com\\\/produit\\\/10-pansements-avec-pochette-en-papier-imprime-en-couleur\\\/\"]}]},{\"@type\":\"ImageObject\",\"inLanguage\":\"en-CA\",\"@id\":\"https:\\\/\\\/perle-in.com\\\/produit\\\/10-pansements-avec-pochette-en-papier-imprime-en-couleur\\\/#primaryimage\",\"url\":\"https:\\\/\\\/perle-in.com\\\/wp-content\\\/uploads\\\/2025\\\/09\\\/1Z275011-1.jpg\",\"contentUrl\":\"https:\\\/\\\/perle-in.com\\\/wp-content\\\/uploads\\\/2025\\\/09\\\/1Z275011-1.jpg\",\"width\":1590,\"height\":1590},{\"@type\":\"BreadcrumbList\",\"@id\":\"https:\\\/\\\/perle-in.com\\\/produit\\\/10-pansements-avec-pochette-en-papier-imprime-en-couleur\\\/#breadcrumb\",\"itemListElement\":[{\"@type\":\"ListItem\",\"position\":1,\"name\":\"Accueil\",\"item\":\"https:\\\/\\\/perle-in.com\\\/\"},{\"@type\":\"ListItem\",\"position\":2,\"name\":\"Boutique\",\"item\":\"https:\\\/\\\/perle-in.com\\\/boutique\\\/\"},{\"@type\":\"ListItem\",\"position\":3,\"name\":\"10\u00a0pansements avec pochette en papier imprim\u00e9 en couleur\"}]},{\"@type\":\"WebSite\",\"@id\":\"https:\\\/\\\/perle-in.com\\\/#website\",\"url\":\"https:\\\/\\\/perle-in.com\\\/\",\"name\":\"PERLE IN\",\"description\":\"\",\"publisher\":{\"@id\":\"https:\\\/\\\/perle-in.com\\\/#organization\"},\"potentialAction\":[{\"@type\":\"SearchAction\",\"target\":{\"@type\":\"EntryPoint\",\"urlTemplate\":\"https:\\\/\\\/perle-in.com\\\/?s={search_term_string}\"},\"query-input\":{\"@type\":\"PropertyValueSpecification\",\"valueRequired\":true,\"valueName\":\"search_term_string\"}}],\"inLanguage\":\"en-CA\"},{\"@type\":\"Organization\",\"@id\":\"https:\\\/\\\/perle-in.com\\\/#organization\",\"name\":\"PERLE IN\",\"url\":\"https:\\\/\\\/perle-in.com\\\/\",\"logo\":{\"@type\":\"ImageObject\",\"inLanguage\":\"en-CA\",\"@id\":\"https:\\\/\\\/perle-in.com\\\/#\\\/schema\\\/logo\\\/image\\\/\",\"url\":\"https:\\\/\\\/perle-in.com\\\/wp-content\\\/uploads\\\/2022\\\/12\\\/LOGO-PERLE-IN-COULEUR@3x.webp\",\"contentUrl\":\"https:\\\/\\\/perle-in.com\\\/wp-content\\\/uploads\\\/2022\\\/12\\\/LOGO-PERLE-IN-COULEUR@3x.webp\",\"width\":1600,\"height\":490,\"caption\":\"PERLE IN\"},\"image\":{\"@id\":\"https:\\\/\\\/perle-in.com\\\/#\\\/schema\\\/logo\\\/image\\\/\"}}]}<\/script>\n<!-- \/ Yoast SEO plugin. -->","yoast_head_json":{"title":"10\u00a0pansements avec pochette en papier imprim\u00e9 en couleur - PERLE IN","robots":{"index":"noindex","follow":"follow","max-snippet":"max-snippet:-1","max-image-preview":"max-image-preview:large","max-video-preview":"max-video-preview:-1"},"og_locale":"en_US","og_type":"article","og_title":"10\u00a0pansements avec pochette en papier imprim\u00e9 en couleur - PERLE IN","og_description":"10\u00a0pansements livr\u00e9s dans une pochette en papier (taille 150\u00a0x\u00a095\u00a0mm). Choisissez entre 4\u00a0options de pansement. Universel\u00a0: imperm\u00e9able et antisalissure, respirant. Bambou\u00a0: film de pansement naturel, d\u2019origine naturelle, doux pour la peau, respirant, extra doux. Sensible\u00a0: facile \u00e0 enlever, doux pour la peau, respirant, extra doux. Paillettes\u00a0: imperm\u00e9able et antisalissure, \u00e9tincelant. Chaque option d'emballage est fabriqu\u00e9e \u00e0 partir de mat\u00e9riaux durables, \u00e9cologiquement et socialement responsables. Impression num\u00e9rique en couleur disponible sur l'emballage. Nos produits GRAID\u2122 r\u00e9pondent aux exigences strictes de la Medical\u00a0Device\u00a0Regulation (MDR) et sont enregistr\u00e9s aupr\u00e8s de la FDA dans plusieurs pays. Nous privil\u00e9gions la qualit\u00e9 et \u00e0 la s\u00e9curit\u00e9, comme en t\u00e9moignent nos certifications ISO et CE. De plus, notre d\u00e9vouement \u00e0 la responsabilit\u00e9 environnementale se refl\u00e8te dans notre conformit\u00e9 aux normes ISO14001:2015 et ISO9001:2015. Dimensions du pansement\u00a0: 72 x 19 cm.","og_url":"https:\/\/perle-in.com\/en\/product\/10-pansements-avec-pochette-en-papier-imprime-en-couleur\/","og_site_name":"PERLE IN","article_modified_time":"2025-10-10T12:06:44+00:00","og_image":[{"width":1590,"height":1590,"url":"https:\/\/perle-in.com\/wp-content\/uploads\/2025\/09\/1Z275011-1.jpg","type":"image\/jpeg"}],"twitter_card":"summary_large_image","schema":{"@context":"https:\/\/schema.org","@graph":[{"@type":"WebPage","@id":"https:\/\/perle-in.com\/produit\/10-pansements-avec-pochette-en-papier-imprime-en-couleur\/","url":"https:\/\/perle-in.com\/produit\/10-pansements-avec-pochette-en-papier-imprime-en-couleur\/","name":"10\u00a0pansements avec pochette en papier imprim\u00e9 en couleur - PERLE IN","isPartOf":{"@id":"https:\/\/perle-in.com\/#website"},"primaryImageOfPage":{"@id":"https:\/\/perle-in.com\/produit\/10-pansements-avec-pochette-en-papier-imprime-en-couleur\/#primaryimage"},"image":{"@id":"https:\/\/perle-in.com\/produit\/10-pansements-avec-pochette-en-papier-imprime-en-couleur\/#primaryimage"},"thumbnailUrl":"https:\/\/perle-in.com\/wp-content\/uploads\/2025\/09\/1Z275011-1.jpg","datePublished":"2025-10-10T12:06:26+00:00","dateModified":"2025-10-10T12:06:44+00:00","breadcrumb":{"@id":"https:\/\/perle-in.com\/produit\/10-pansements-avec-pochette-en-papier-imprime-en-couleur\/#breadcrumb"},"inLanguage":"en-CA","potentialAction":[{"@type":"ReadAction","target":["https:\/\/perle-in.com\/produit\/10-pansements-avec-pochette-en-papier-imprime-en-couleur\/"]}]},{"@type":"ImageObject","inLanguage":"en-CA","@id":"https:\/\/perle-in.com\/produit\/10-pansements-avec-pochette-en-papier-imprime-en-couleur\/#primaryimage","url":"https:\/\/perle-in.com\/wp-content\/uploads\/2025\/09\/1Z275011-1.jpg","contentUrl":"https:\/\/perle-in.com\/wp-content\/uploads\/2025\/09\/1Z275011-1.jpg","width":1590,"height":1590},{"@type":"BreadcrumbList","@id":"https:\/\/perle-in.com\/produit\/10-pansements-avec-pochette-en-papier-imprime-en-couleur\/#breadcrumb","itemListElement":[{"@type":"ListItem","position":1,"name":"Accueil","item":"https:\/\/perle-in.com\/"},{"@type":"ListItem","position":2,"name":"Boutique","item":"https:\/\/perle-in.com\/boutique\/"},{"@type":"ListItem","position":3,"name":"10\u00a0pansements avec pochette en papier imprim\u00e9 en couleur"}]},{"@type":"WebSite","@id":"https:\/\/perle-in.com\/#website","url":"https:\/\/perle-in.com\/","name":"PERLE IN","description":"","publisher":{"@id":"https:\/\/perle-in.com\/#organization"},"potentialAction":[{"@type":"SearchAction","target":{"@type":"EntryPoint","urlTemplate":"https:\/\/perle-in.com\/?s={search_term_string}"},"query-input":{"@type":"PropertyValueSpecification","valueRequired":true,"valueName":"search_term_string"}}],"inLanguage":"en-CA"},{"@type":"Organization","@id":"https:\/\/perle-in.com\/#organization","name":"PERLE IN","url":"https:\/\/perle-in.com\/","logo":{"@type":"ImageObject","inLanguage":"en-CA","@id":"https:\/\/perle-in.com\/#\/schema\/logo\/image\/","url":"https:\/\/perle-in.com\/wp-content\/uploads\/2022\/12\/LOGO-PERLE-IN-COULEUR@3x.webp","contentUrl":"https:\/\/perle-in.com\/wp-content\/uploads\/2022\/12\/LOGO-PERLE-IN-COULEUR@3x.webp","width":1600,"height":490,"caption":"PERLE IN"},"image":{"@id":"https:\/\/perle-in.com\/#\/schema\/logo\/image\/"}}]}},"jetpack_sharing_enabled":true,"_links":{"self":[{"href":"https:\/\/perle-in.com\/en\/wp-json\/wp\/v2\/product\/500762","targetHints":{"allow":["GET"]}}],"collection":[{"href":"https:\/\/perle-in.com\/en\/wp-json\/wp\/v2\/product"}],"about":[{"href":"https:\/\/perle-in.com\/en\/wp-json\/wp\/v2\/types\/product"}],"version-history":[{"count":0,"href":"https:\/\/perle-in.com\/en\/wp-json\/wp\/v2\/product\/500762\/revisions"}],"wp:featuredmedia":[{"embeddable":true,"href":"https:\/\/perle-in.com\/en\/wp-json\/wp\/v2\/media\/485050"}],"wp:attachment":[{"href":"https:\/\/perle-in.com\/en\/wp-json\/wp\/v2\/media?parent=500762"}],"wp:term":[{"taxonomy":"product_brand","embeddable":true,"href":"https:\/\/perle-in.com\/en\/wp-json\/wp\/v2\/product_brand?post=500762"},{"taxonomy":"product_cat","embeddable":true,"href":"https:\/\/perle-in.com\/en\/wp-json\/wp\/v2\/product_cat?post=500762"},{"taxonomy":"product_tag","embeddable":true,"href":"https:\/\/perle-in.com\/en\/wp-json\/wp\/v2\/product_tag?post=500762"}],"curies":[{"name":"wp","href":"https:\/\/api.w.org\/{rel}","templated":true}]}}