{"id":500697,"date":"2025-10-10T13:59:57","date_gmt":"2025-10-10T11:59:57","guid":{"rendered":"https:\/\/perle-in.com\/produit\/tapis-de-course-compact-prixton-rf110-run-fit\/"},"modified":"2025-10-10T14:00:03","modified_gmt":"2025-10-10T12:00:03","slug":"tapis-de-course-compact-prixton-rf110-run-fit","status":"publish","type":"product","link":"https:\/\/perle-in.com\/en\/product\/tapis-de-course-compact-prixton-rf110-run-fit\/","title":{"rendered":"Tapis de course compact Prixton RF110 Run Fit"},"content":{"rendered":"","protected":false},"excerpt":{"rendered":"<p>Le tapis de course RF110 Run Fit vous permet de profiter d\u2019un entra\u00eenement confortable \u00e0 la maison, parfait pour les d\u00e9butants qui cherchent \u00e0 rester actifs. Avec une plage de vitesse de 1 \u00e0 10\u00a0km\/h, il offre la flexibilit\u00e9 n\u00e9cessaire pour s\u2019adapter \u00e0 votre niveau de forme. Son design ultra-compact et son syst\u00e8me pliable, combin\u00e9s \u00e0 deux roues int\u00e9gr\u00e9es, le rendent facile \u00e0 transporter et \u00e0 ranger, m\u00eame sous le lit, car il ne mesure que 14\u00a0cm de haut une fois pli\u00e9. Le tapis de course comporte six programmes pr\u00e9r\u00e9gl\u00e9s et deux niveaux d\u2019inclinaison, ce qui vous permet de personnaliser votre entra\u00eenement pour le rendre plus vari\u00e9 et plus stimulant. Un \u00e9cran LED int\u00e9gr\u00e9 vous informe de votre vitesse, de la distance parcourue, des calories br\u00fbl\u00e9es et de la dur\u00e9e de l\u2019exercice, ce qui vous aide \u00e0 rester motiv\u00e9 et \u00e0 atteindre vos objectifs.<\/p>","protected":false},"featured_media":486114,"template":"","meta":{"_eb_attr":""},"product_brand":[],"product_cat":[232,129],"product_tag":[1115,952,754,755,783,977,203,1153],"class_list":{"0":"post-500697","1":"product","2":"type-product","3":"status-publish","4":"has-post-thumbnail","6":"product_cat-articles-de-fitness-et-de-sport","7":"product_cat-sport-et-loisirs","8":"product_tag-course-a-pied","9":"product_tag-entrainement","10":"product_tag-exercice","11":"product_tag-gym","12":"product_tag-prixton","13":"product_tag-remise-en-forme","14":"product_tag-sport","15":"product_tag-tapis-de-course","16":"pa_couleurs-noir","18":"first","19":"instock","20":"shipping-taxable","21":"purchasable","22":"product-type-variable"},"yoast_head":"<!-- This site is optimized with the Yoast SEO plugin v27.4 - https:\/\/yoast.com\/product\/yoast-seo-wordpress\/ -->\n<title>Tapis de course compact Prixton RF110 Run Fit - PERLE IN<\/title>\n<meta name=\"robots\" content=\"noindex, follow, max-snippet:-1, max-image-preview:large, max-video-preview:-1\" \/>\n<meta property=\"og:locale\" content=\"en_US\" \/>\n<meta property=\"og:type\" content=\"article\" \/>\n<meta property=\"og:title\" content=\"Tapis de course compact Prixton RF110 Run Fit - PERLE IN\" \/>\n<meta property=\"og:description\" content=\"Le tapis de course RF110 Run Fit vous permet de profiter d\u2019un entra\u00eenement confortable \u00e0 la maison, parfait pour les d\u00e9butants qui cherchent \u00e0 rester actifs. Avec une plage de vitesse de 1 \u00e0 10\u00a0km\/h, il offre la flexibilit\u00e9 n\u00e9cessaire pour s\u2019adapter \u00e0 votre niveau de forme. Son design ultra-compact et son syst\u00e8me pliable, combin\u00e9s \u00e0 deux roues int\u00e9gr\u00e9es, le rendent facile \u00e0 transporter et \u00e0 ranger, m\u00eame sous le lit, car il ne mesure que 14\u00a0cm de haut une fois pli\u00e9. Le tapis de course comporte six programmes pr\u00e9r\u00e9gl\u00e9s et deux niveaux d\u2019inclinaison, ce qui vous permet de personnaliser votre entra\u00eenement pour le rendre plus vari\u00e9 et plus stimulant. Un \u00e9cran LED int\u00e9gr\u00e9 vous informe de votre vitesse, de la distance parcourue, des calories br\u00fbl\u00e9es et de la dur\u00e9e de l\u2019exercice, ce qui vous aide \u00e0 rester motiv\u00e9 et \u00e0 atteindre vos objectifs.\" \/>\n<meta property=\"og:url\" content=\"https:\/\/perle-in.com\/en\/product\/tapis-de-course-compact-prixton-rf110-run-fit\/\" \/>\n<meta property=\"og:site_name\" content=\"PERLE IN\" \/>\n<meta property=\"article:modified_time\" content=\"2025-10-10T12:00:03+00:00\" \/>\n<meta property=\"og:image\" content=\"https:\/\/perle-in.com\/wp-content\/uploads\/2025\/09\/1PA21290-1.jpg\" \/>\n\t<meta property=\"og:image:width\" content=\"1600\" \/>\n\t<meta property=\"og:image:height\" content=\"1600\" \/>\n\t<meta property=\"og:image:type\" content=\"image\/jpeg\" \/>\n<meta name=\"twitter:card\" content=\"summary_large_image\" \/>\n<script type=\"application\/ld+json\" class=\"yoast-schema-graph\">{\"@context\":\"https:\\\/\\\/schema.org\",\"@graph\":[{\"@type\":\"WebPage\",\"@id\":\"https:\\\/\\\/perle-in.com\\\/produit\\\/tapis-de-course-compact-prixton-rf110-run-fit\\\/\",\"url\":\"https:\\\/\\\/perle-in.com\\\/produit\\\/tapis-de-course-compact-prixton-rf110-run-fit\\\/\",\"name\":\"Tapis de course compact Prixton RF110 Run Fit - PERLE IN\",\"isPartOf\":{\"@id\":\"https:\\\/\\\/perle-in.com\\\/#website\"},\"primaryImageOfPage\":{\"@id\":\"https:\\\/\\\/perle-in.com\\\/produit\\\/tapis-de-course-compact-prixton-rf110-run-fit\\\/#primaryimage\"},\"image\":{\"@id\":\"https:\\\/\\\/perle-in.com\\\/produit\\\/tapis-de-course-compact-prixton-rf110-run-fit\\\/#primaryimage\"},\"thumbnailUrl\":\"https:\\\/\\\/perle-in.com\\\/wp-content\\\/uploads\\\/2025\\\/09\\\/1PA21290-1.jpg\",\"datePublished\":\"2025-10-10T11:59:57+00:00\",\"dateModified\":\"2025-10-10T12:00:03+00:00\",\"breadcrumb\":{\"@id\":\"https:\\\/\\\/perle-in.com\\\/produit\\\/tapis-de-course-compact-prixton-rf110-run-fit\\\/#breadcrumb\"},\"inLanguage\":\"en-CA\",\"potentialAction\":[{\"@type\":\"ReadAction\",\"target\":[\"https:\\\/\\\/perle-in.com\\\/produit\\\/tapis-de-course-compact-prixton-rf110-run-fit\\\/\"]}]},{\"@type\":\"ImageObject\",\"inLanguage\":\"en-CA\",\"@id\":\"https:\\\/\\\/perle-in.com\\\/produit\\\/tapis-de-course-compact-prixton-rf110-run-fit\\\/#primaryimage\",\"url\":\"https:\\\/\\\/perle-in.com\\\/wp-content\\\/uploads\\\/2025\\\/09\\\/1PA21290-1.jpg\",\"contentUrl\":\"https:\\\/\\\/perle-in.com\\\/wp-content\\\/uploads\\\/2025\\\/09\\\/1PA21290-1.jpg\",\"width\":1600,\"height\":1600},{\"@type\":\"BreadcrumbList\",\"@id\":\"https:\\\/\\\/perle-in.com\\\/produit\\\/tapis-de-course-compact-prixton-rf110-run-fit\\\/#breadcrumb\",\"itemListElement\":[{\"@type\":\"ListItem\",\"position\":1,\"name\":\"Accueil\",\"item\":\"https:\\\/\\\/perle-in.com\\\/\"},{\"@type\":\"ListItem\",\"position\":2,\"name\":\"Boutique\",\"item\":\"https:\\\/\\\/perle-in.com\\\/boutique\\\/\"},{\"@type\":\"ListItem\",\"position\":3,\"name\":\"Tapis de course compact Prixton RF110 Run Fit\"}]},{\"@type\":\"WebSite\",\"@id\":\"https:\\\/\\\/perle-in.com\\\/#website\",\"url\":\"https:\\\/\\\/perle-in.com\\\/\",\"name\":\"PERLE IN\",\"description\":\"\",\"publisher\":{\"@id\":\"https:\\\/\\\/perle-in.com\\\/#organization\"},\"potentialAction\":[{\"@type\":\"SearchAction\",\"target\":{\"@type\":\"EntryPoint\",\"urlTemplate\":\"https:\\\/\\\/perle-in.com\\\/?s={search_term_string}\"},\"query-input\":{\"@type\":\"PropertyValueSpecification\",\"valueRequired\":true,\"valueName\":\"search_term_string\"}}],\"inLanguage\":\"en-CA\"},{\"@type\":\"Organization\",\"@id\":\"https:\\\/\\\/perle-in.com\\\/#organization\",\"name\":\"PERLE IN\",\"url\":\"https:\\\/\\\/perle-in.com\\\/\",\"logo\":{\"@type\":\"ImageObject\",\"inLanguage\":\"en-CA\",\"@id\":\"https:\\\/\\\/perle-in.com\\\/#\\\/schema\\\/logo\\\/image\\\/\",\"url\":\"https:\\\/\\\/perle-in.com\\\/wp-content\\\/uploads\\\/2022\\\/12\\\/LOGO-PERLE-IN-COULEUR@3x.webp\",\"contentUrl\":\"https:\\\/\\\/perle-in.com\\\/wp-content\\\/uploads\\\/2022\\\/12\\\/LOGO-PERLE-IN-COULEUR@3x.webp\",\"width\":1600,\"height\":490,\"caption\":\"PERLE IN\"},\"image\":{\"@id\":\"https:\\\/\\\/perle-in.com\\\/#\\\/schema\\\/logo\\\/image\\\/\"}}]}<\/script>\n<!-- \/ Yoast SEO plugin. -->","yoast_head_json":{"title":"Tapis de course compact Prixton RF110 Run Fit - PERLE IN","robots":{"index":"noindex","follow":"follow","max-snippet":"max-snippet:-1","max-image-preview":"max-image-preview:large","max-video-preview":"max-video-preview:-1"},"og_locale":"en_US","og_type":"article","og_title":"Tapis de course compact Prixton RF110 Run Fit - PERLE IN","og_description":"Le tapis de course RF110 Run Fit vous permet de profiter d\u2019un entra\u00eenement confortable \u00e0 la maison, parfait pour les d\u00e9butants qui cherchent \u00e0 rester actifs. Avec une plage de vitesse de 1 \u00e0 10\u00a0km\/h, il offre la flexibilit\u00e9 n\u00e9cessaire pour s\u2019adapter \u00e0 votre niveau de forme. Son design ultra-compact et son syst\u00e8me pliable, combin\u00e9s \u00e0 deux roues int\u00e9gr\u00e9es, le rendent facile \u00e0 transporter et \u00e0 ranger, m\u00eame sous le lit, car il ne mesure que 14\u00a0cm de haut une fois pli\u00e9. Le tapis de course comporte six programmes pr\u00e9r\u00e9gl\u00e9s et deux niveaux d\u2019inclinaison, ce qui vous permet de personnaliser votre entra\u00eenement pour le rendre plus vari\u00e9 et plus stimulant. Un \u00e9cran LED int\u00e9gr\u00e9 vous informe de votre vitesse, de la distance parcourue, des calories br\u00fbl\u00e9es et de la dur\u00e9e de l\u2019exercice, ce qui vous aide \u00e0 rester motiv\u00e9 et \u00e0 atteindre vos objectifs.","og_url":"https:\/\/perle-in.com\/en\/product\/tapis-de-course-compact-prixton-rf110-run-fit\/","og_site_name":"PERLE IN","article_modified_time":"2025-10-10T12:00:03+00:00","og_image":[{"width":1600,"height":1600,"url":"https:\/\/perle-in.com\/wp-content\/uploads\/2025\/09\/1PA21290-1.jpg","type":"image\/jpeg"}],"twitter_card":"summary_large_image","schema":{"@context":"https:\/\/schema.org","@graph":[{"@type":"WebPage","@id":"https:\/\/perle-in.com\/produit\/tapis-de-course-compact-prixton-rf110-run-fit\/","url":"https:\/\/perle-in.com\/produit\/tapis-de-course-compact-prixton-rf110-run-fit\/","name":"Tapis de course compact Prixton RF110 Run Fit - PERLE IN","isPartOf":{"@id":"https:\/\/perle-in.com\/#website"},"primaryImageOfPage":{"@id":"https:\/\/perle-in.com\/produit\/tapis-de-course-compact-prixton-rf110-run-fit\/#primaryimage"},"image":{"@id":"https:\/\/perle-in.com\/produit\/tapis-de-course-compact-prixton-rf110-run-fit\/#primaryimage"},"thumbnailUrl":"https:\/\/perle-in.com\/wp-content\/uploads\/2025\/09\/1PA21290-1.jpg","datePublished":"2025-10-10T11:59:57+00:00","dateModified":"2025-10-10T12:00:03+00:00","breadcrumb":{"@id":"https:\/\/perle-in.com\/produit\/tapis-de-course-compact-prixton-rf110-run-fit\/#breadcrumb"},"inLanguage":"en-CA","potentialAction":[{"@type":"ReadAction","target":["https:\/\/perle-in.com\/produit\/tapis-de-course-compact-prixton-rf110-run-fit\/"]}]},{"@type":"ImageObject","inLanguage":"en-CA","@id":"https:\/\/perle-in.com\/produit\/tapis-de-course-compact-prixton-rf110-run-fit\/#primaryimage","url":"https:\/\/perle-in.com\/wp-content\/uploads\/2025\/09\/1PA21290-1.jpg","contentUrl":"https:\/\/perle-in.com\/wp-content\/uploads\/2025\/09\/1PA21290-1.jpg","width":1600,"height":1600},{"@type":"BreadcrumbList","@id":"https:\/\/perle-in.com\/produit\/tapis-de-course-compact-prixton-rf110-run-fit\/#breadcrumb","itemListElement":[{"@type":"ListItem","position":1,"name":"Accueil","item":"https:\/\/perle-in.com\/"},{"@type":"ListItem","position":2,"name":"Boutique","item":"https:\/\/perle-in.com\/boutique\/"},{"@type":"ListItem","position":3,"name":"Tapis de course compact Prixton RF110 Run Fit"}]},{"@type":"WebSite","@id":"https:\/\/perle-in.com\/#website","url":"https:\/\/perle-in.com\/","name":"PERLE IN","description":"","publisher":{"@id":"https:\/\/perle-in.com\/#organization"},"potentialAction":[{"@type":"SearchAction","target":{"@type":"EntryPoint","urlTemplate":"https:\/\/perle-in.com\/?s={search_term_string}"},"query-input":{"@type":"PropertyValueSpecification","valueRequired":true,"valueName":"search_term_string"}}],"inLanguage":"en-CA"},{"@type":"Organization","@id":"https:\/\/perle-in.com\/#organization","name":"PERLE IN","url":"https:\/\/perle-in.com\/","logo":{"@type":"ImageObject","inLanguage":"en-CA","@id":"https:\/\/perle-in.com\/#\/schema\/logo\/image\/","url":"https:\/\/perle-in.com\/wp-content\/uploads\/2022\/12\/LOGO-PERLE-IN-COULEUR@3x.webp","contentUrl":"https:\/\/perle-in.com\/wp-content\/uploads\/2022\/12\/LOGO-PERLE-IN-COULEUR@3x.webp","width":1600,"height":490,"caption":"PERLE IN"},"image":{"@id":"https:\/\/perle-in.com\/#\/schema\/logo\/image\/"}}]}},"jetpack_sharing_enabled":true,"_links":{"self":[{"href":"https:\/\/perle-in.com\/en\/wp-json\/wp\/v2\/product\/500697","targetHints":{"allow":["GET"]}}],"collection":[{"href":"https:\/\/perle-in.com\/en\/wp-json\/wp\/v2\/product"}],"about":[{"href":"https:\/\/perle-in.com\/en\/wp-json\/wp\/v2\/types\/product"}],"version-history":[{"count":0,"href":"https:\/\/perle-in.com\/en\/wp-json\/wp\/v2\/product\/500697\/revisions"}],"wp:featuredmedia":[{"embeddable":true,"href":"https:\/\/perle-in.com\/en\/wp-json\/wp\/v2\/media\/486114"}],"wp:attachment":[{"href":"https:\/\/perle-in.com\/en\/wp-json\/wp\/v2\/media?parent=500697"}],"wp:term":[{"taxonomy":"product_brand","embeddable":true,"href":"https:\/\/perle-in.com\/en\/wp-json\/wp\/v2\/product_brand?post=500697"},{"taxonomy":"product_cat","embeddable":true,"href":"https:\/\/perle-in.com\/en\/wp-json\/wp\/v2\/product_cat?post=500697"},{"taxonomy":"product_tag","embeddable":true,"href":"https:\/\/perle-in.com\/en\/wp-json\/wp\/v2\/product_tag?post=500697"}],"curies":[{"name":"wp","href":"https:\/\/api.w.org\/{rel}","templated":true}]}}