{"id":500695,"date":"2025-10-10T13:59:40","date_gmt":"2025-10-10T11:59:40","guid":{"rendered":"https:\/\/perle-in.com\/produit\/judas-pour-porte-intelligent-avec-wi-fi-prixton-dv50\/"},"modified":"2025-10-10T13:59:46","modified_gmt":"2025-10-10T11:59:46","slug":"judas-pour-porte-intelligent-avec-wi-fi-prixton-dv50","status":"publish","type":"product","link":"https:\/\/perle-in.com\/en\/product\/judas-pour-porte-intelligent-avec-wi-fi-prixton-dv50\/","title":{"rendered":"Judas pour porte intelligent avec Wi-Fi Prixton DV50"},"content":{"rendered":"","protected":false},"excerpt":{"rendered":"<p>S\u00e9curisez votre maison avec le judas pour porte innovant\u00a0DV50 Wi-Fi, con\u00e7u pour offrir \u00e0 la fois commodit\u00e9 et tranquillit\u00e9 d\u2019esprit. Son d\u00e9tecteur de mouvement infrarouge passif envoie des alertes instantan\u00e9es \u00e0 votre smartphone d\u00e8s que quelqu\u2019un s\u2019approche de votre porte, tandis que la sonnette int\u00e9gr\u00e9e ajoute une fonctionnalit\u00e9 suppl\u00e9mentaire. La fonction audio bidirectionnelle vous permet de communiquer directement avec les visiteurs, avec un volume r\u00e9glable pour un son clair. Apr\u00e8s seulement 8\u00a0heures de charge, l\u2019appareil offre jusqu\u2019\u00e0 3\u00a0mois d\u2019utilisation fiable. Il comprend \u00e9galement un rappel de batterie faible et une fonction d\u2019arr\u00eat automatique pour plus d\u2019efficacit\u00e9. Le DV50 prend en charge les cartes\u00a0SD jusqu\u2019\u00e0 64\u00a0Go, ce qui vous permet de disposer d\u2019un espace de stockage important pour les enregistrements et les photos des personnes qui vous rendent visite. Pour plus de commodit\u00e9, le judas pour porte peut \u00eatre g\u00e9r\u00e9 \u00e0 distance par le biais de l\u2019application gratuite Tuya, pour que vous restiez connect\u00e9 o\u00f9 que vous soyez.<\/p>","protected":false},"featured_media":486106,"template":"","meta":{"_eb_attr":""},"product_brand":[],"product_cat":[460,150],"product_tag":[1164,862,1166,1165,1163,783,685,1167],"class_list":{"0":"post-500695","1":"product","2":"type-product","3":"status-publish","4":"has-post-thumbnail","6":"product_cat-accessoires-pour-la-maison","7":"product_cat-maison-et-cuisine","8":"product_tag-judas","9":"product_tag-maison","10":"product_tag-oeil-de-boeuf","11":"product_tag-oeilleton","12":"product_tag-porte","13":"product_tag-prixton","14":"product_tag-securite","15":"product_tag-sonnette","16":"pa_couleurs-noir","18":"first","19":"instock","20":"shipping-taxable","21":"purchasable","22":"product-type-variable"},"yoast_head":"<!-- This site is optimized with the Yoast SEO plugin v27.4 - https:\/\/yoast.com\/product\/yoast-seo-wordpress\/ -->\n<title>Judas pour porte intelligent avec Wi-Fi Prixton DV50 - PERLE IN<\/title>\n<meta name=\"robots\" content=\"noindex, follow, max-snippet:-1, max-image-preview:large, max-video-preview:-1\" \/>\n<meta property=\"og:locale\" content=\"en_US\" \/>\n<meta property=\"og:type\" content=\"article\" \/>\n<meta property=\"og:title\" content=\"Judas pour porte intelligent avec Wi-Fi Prixton DV50 - PERLE IN\" \/>\n<meta property=\"og:description\" content=\"S\u00e9curisez votre maison avec le judas pour porte innovant\u00a0DV50 Wi-Fi, con\u00e7u pour offrir \u00e0 la fois commodit\u00e9 et tranquillit\u00e9 d\u2019esprit. Son d\u00e9tecteur de mouvement infrarouge passif envoie des alertes instantan\u00e9es \u00e0 votre smartphone d\u00e8s que quelqu\u2019un s\u2019approche de votre porte, tandis que la sonnette int\u00e9gr\u00e9e ajoute une fonctionnalit\u00e9 suppl\u00e9mentaire. La fonction audio bidirectionnelle vous permet de communiquer directement avec les visiteurs, avec un volume r\u00e9glable pour un son clair. Apr\u00e8s seulement 8\u00a0heures de charge, l\u2019appareil offre jusqu\u2019\u00e0 3\u00a0mois d\u2019utilisation fiable. Il comprend \u00e9galement un rappel de batterie faible et une fonction d\u2019arr\u00eat automatique pour plus d\u2019efficacit\u00e9. Le DV50 prend en charge les cartes\u00a0SD jusqu\u2019\u00e0 64\u00a0Go, ce qui vous permet de disposer d\u2019un espace de stockage important pour les enregistrements et les photos des personnes qui vous rendent visite. Pour plus de commodit\u00e9, le judas pour porte peut \u00eatre g\u00e9r\u00e9 \u00e0 distance par le biais de l\u2019application gratuite Tuya, pour que vous restiez connect\u00e9 o\u00f9 que vous soyez.\" \/>\n<meta property=\"og:url\" content=\"https:\/\/perle-in.com\/en\/product\/judas-pour-porte-intelligent-avec-wi-fi-prixton-dv50\/\" \/>\n<meta property=\"og:site_name\" content=\"PERLE IN\" \/>\n<meta property=\"article:modified_time\" content=\"2025-10-10T11:59:46+00:00\" \/>\n<meta property=\"og:image\" content=\"https:\/\/perle-in.com\/wp-content\/uploads\/2025\/09\/1PA21190-1.jpg\" \/>\n\t<meta property=\"og:image:width\" content=\"1600\" \/>\n\t<meta property=\"og:image:height\" content=\"1600\" \/>\n\t<meta property=\"og:image:type\" content=\"image\/jpeg\" \/>\n<meta name=\"twitter:card\" content=\"summary_large_image\" \/>\n<script type=\"application\/ld+json\" class=\"yoast-schema-graph\">{\"@context\":\"https:\\\/\\\/schema.org\",\"@graph\":[{\"@type\":\"WebPage\",\"@id\":\"https:\\\/\\\/perle-in.com\\\/produit\\\/judas-pour-porte-intelligent-avec-wi-fi-prixton-dv50\\\/\",\"url\":\"https:\\\/\\\/perle-in.com\\\/produit\\\/judas-pour-porte-intelligent-avec-wi-fi-prixton-dv50\\\/\",\"name\":\"Judas pour porte intelligent avec Wi-Fi Prixton DV50 - PERLE IN\",\"isPartOf\":{\"@id\":\"https:\\\/\\\/perle-in.com\\\/#website\"},\"primaryImageOfPage\":{\"@id\":\"https:\\\/\\\/perle-in.com\\\/produit\\\/judas-pour-porte-intelligent-avec-wi-fi-prixton-dv50\\\/#primaryimage\"},\"image\":{\"@id\":\"https:\\\/\\\/perle-in.com\\\/produit\\\/judas-pour-porte-intelligent-avec-wi-fi-prixton-dv50\\\/#primaryimage\"},\"thumbnailUrl\":\"https:\\\/\\\/perle-in.com\\\/wp-content\\\/uploads\\\/2025\\\/09\\\/1PA21190-1.jpg\",\"datePublished\":\"2025-10-10T11:59:40+00:00\",\"dateModified\":\"2025-10-10T11:59:46+00:00\",\"breadcrumb\":{\"@id\":\"https:\\\/\\\/perle-in.com\\\/produit\\\/judas-pour-porte-intelligent-avec-wi-fi-prixton-dv50\\\/#breadcrumb\"},\"inLanguage\":\"en-CA\",\"potentialAction\":[{\"@type\":\"ReadAction\",\"target\":[\"https:\\\/\\\/perle-in.com\\\/produit\\\/judas-pour-porte-intelligent-avec-wi-fi-prixton-dv50\\\/\"]}]},{\"@type\":\"ImageObject\",\"inLanguage\":\"en-CA\",\"@id\":\"https:\\\/\\\/perle-in.com\\\/produit\\\/judas-pour-porte-intelligent-avec-wi-fi-prixton-dv50\\\/#primaryimage\",\"url\":\"https:\\\/\\\/perle-in.com\\\/wp-content\\\/uploads\\\/2025\\\/09\\\/1PA21190-1.jpg\",\"contentUrl\":\"https:\\\/\\\/perle-in.com\\\/wp-content\\\/uploads\\\/2025\\\/09\\\/1PA21190-1.jpg\",\"width\":1600,\"height\":1600},{\"@type\":\"BreadcrumbList\",\"@id\":\"https:\\\/\\\/perle-in.com\\\/produit\\\/judas-pour-porte-intelligent-avec-wi-fi-prixton-dv50\\\/#breadcrumb\",\"itemListElement\":[{\"@type\":\"ListItem\",\"position\":1,\"name\":\"Accueil\",\"item\":\"https:\\\/\\\/perle-in.com\\\/\"},{\"@type\":\"ListItem\",\"position\":2,\"name\":\"Boutique\",\"item\":\"https:\\\/\\\/perle-in.com\\\/boutique\\\/\"},{\"@type\":\"ListItem\",\"position\":3,\"name\":\"Judas pour porte intelligent avec Wi-Fi Prixton DV50\"}]},{\"@type\":\"WebSite\",\"@id\":\"https:\\\/\\\/perle-in.com\\\/#website\",\"url\":\"https:\\\/\\\/perle-in.com\\\/\",\"name\":\"PERLE IN\",\"description\":\"\",\"publisher\":{\"@id\":\"https:\\\/\\\/perle-in.com\\\/#organization\"},\"potentialAction\":[{\"@type\":\"SearchAction\",\"target\":{\"@type\":\"EntryPoint\",\"urlTemplate\":\"https:\\\/\\\/perle-in.com\\\/?s={search_term_string}\"},\"query-input\":{\"@type\":\"PropertyValueSpecification\",\"valueRequired\":true,\"valueName\":\"search_term_string\"}}],\"inLanguage\":\"en-CA\"},{\"@type\":\"Organization\",\"@id\":\"https:\\\/\\\/perle-in.com\\\/#organization\",\"name\":\"PERLE IN\",\"url\":\"https:\\\/\\\/perle-in.com\\\/\",\"logo\":{\"@type\":\"ImageObject\",\"inLanguage\":\"en-CA\",\"@id\":\"https:\\\/\\\/perle-in.com\\\/#\\\/schema\\\/logo\\\/image\\\/\",\"url\":\"https:\\\/\\\/perle-in.com\\\/wp-content\\\/uploads\\\/2022\\\/12\\\/LOGO-PERLE-IN-COULEUR@3x.webp\",\"contentUrl\":\"https:\\\/\\\/perle-in.com\\\/wp-content\\\/uploads\\\/2022\\\/12\\\/LOGO-PERLE-IN-COULEUR@3x.webp\",\"width\":1600,\"height\":490,\"caption\":\"PERLE IN\"},\"image\":{\"@id\":\"https:\\\/\\\/perle-in.com\\\/#\\\/schema\\\/logo\\\/image\\\/\"}}]}<\/script>\n<!-- \/ Yoast SEO plugin. -->","yoast_head_json":{"title":"Judas pour porte intelligent avec Wi-Fi Prixton DV50 - PERLE IN","robots":{"index":"noindex","follow":"follow","max-snippet":"max-snippet:-1","max-image-preview":"max-image-preview:large","max-video-preview":"max-video-preview:-1"},"og_locale":"en_US","og_type":"article","og_title":"Judas pour porte intelligent avec Wi-Fi Prixton DV50 - PERLE IN","og_description":"S\u00e9curisez votre maison avec le judas pour porte innovant\u00a0DV50 Wi-Fi, con\u00e7u pour offrir \u00e0 la fois commodit\u00e9 et tranquillit\u00e9 d\u2019esprit. Son d\u00e9tecteur de mouvement infrarouge passif envoie des alertes instantan\u00e9es \u00e0 votre smartphone d\u00e8s que quelqu\u2019un s\u2019approche de votre porte, tandis que la sonnette int\u00e9gr\u00e9e ajoute une fonctionnalit\u00e9 suppl\u00e9mentaire. La fonction audio bidirectionnelle vous permet de communiquer directement avec les visiteurs, avec un volume r\u00e9glable pour un son clair. Apr\u00e8s seulement 8\u00a0heures de charge, l\u2019appareil offre jusqu\u2019\u00e0 3\u00a0mois d\u2019utilisation fiable. Il comprend \u00e9galement un rappel de batterie faible et une fonction d\u2019arr\u00eat automatique pour plus d\u2019efficacit\u00e9. Le DV50 prend en charge les cartes\u00a0SD jusqu\u2019\u00e0 64\u00a0Go, ce qui vous permet de disposer d\u2019un espace de stockage important pour les enregistrements et les photos des personnes qui vous rendent visite. Pour plus de commodit\u00e9, le judas pour porte peut \u00eatre g\u00e9r\u00e9 \u00e0 distance par le biais de l\u2019application gratuite Tuya, pour que vous restiez connect\u00e9 o\u00f9 que vous soyez.","og_url":"https:\/\/perle-in.com\/en\/product\/judas-pour-porte-intelligent-avec-wi-fi-prixton-dv50\/","og_site_name":"PERLE IN","article_modified_time":"2025-10-10T11:59:46+00:00","og_image":[{"width":1600,"height":1600,"url":"https:\/\/perle-in.com\/wp-content\/uploads\/2025\/09\/1PA21190-1.jpg","type":"image\/jpeg"}],"twitter_card":"summary_large_image","schema":{"@context":"https:\/\/schema.org","@graph":[{"@type":"WebPage","@id":"https:\/\/perle-in.com\/produit\/judas-pour-porte-intelligent-avec-wi-fi-prixton-dv50\/","url":"https:\/\/perle-in.com\/produit\/judas-pour-porte-intelligent-avec-wi-fi-prixton-dv50\/","name":"Judas pour porte intelligent avec Wi-Fi Prixton DV50 - PERLE IN","isPartOf":{"@id":"https:\/\/perle-in.com\/#website"},"primaryImageOfPage":{"@id":"https:\/\/perle-in.com\/produit\/judas-pour-porte-intelligent-avec-wi-fi-prixton-dv50\/#primaryimage"},"image":{"@id":"https:\/\/perle-in.com\/produit\/judas-pour-porte-intelligent-avec-wi-fi-prixton-dv50\/#primaryimage"},"thumbnailUrl":"https:\/\/perle-in.com\/wp-content\/uploads\/2025\/09\/1PA21190-1.jpg","datePublished":"2025-10-10T11:59:40+00:00","dateModified":"2025-10-10T11:59:46+00:00","breadcrumb":{"@id":"https:\/\/perle-in.com\/produit\/judas-pour-porte-intelligent-avec-wi-fi-prixton-dv50\/#breadcrumb"},"inLanguage":"en-CA","potentialAction":[{"@type":"ReadAction","target":["https:\/\/perle-in.com\/produit\/judas-pour-porte-intelligent-avec-wi-fi-prixton-dv50\/"]}]},{"@type":"ImageObject","inLanguage":"en-CA","@id":"https:\/\/perle-in.com\/produit\/judas-pour-porte-intelligent-avec-wi-fi-prixton-dv50\/#primaryimage","url":"https:\/\/perle-in.com\/wp-content\/uploads\/2025\/09\/1PA21190-1.jpg","contentUrl":"https:\/\/perle-in.com\/wp-content\/uploads\/2025\/09\/1PA21190-1.jpg","width":1600,"height":1600},{"@type":"BreadcrumbList","@id":"https:\/\/perle-in.com\/produit\/judas-pour-porte-intelligent-avec-wi-fi-prixton-dv50\/#breadcrumb","itemListElement":[{"@type":"ListItem","position":1,"name":"Accueil","item":"https:\/\/perle-in.com\/"},{"@type":"ListItem","position":2,"name":"Boutique","item":"https:\/\/perle-in.com\/boutique\/"},{"@type":"ListItem","position":3,"name":"Judas pour porte intelligent avec Wi-Fi Prixton DV50"}]},{"@type":"WebSite","@id":"https:\/\/perle-in.com\/#website","url":"https:\/\/perle-in.com\/","name":"PERLE IN","description":"","publisher":{"@id":"https:\/\/perle-in.com\/#organization"},"potentialAction":[{"@type":"SearchAction","target":{"@type":"EntryPoint","urlTemplate":"https:\/\/perle-in.com\/?s={search_term_string}"},"query-input":{"@type":"PropertyValueSpecification","valueRequired":true,"valueName":"search_term_string"}}],"inLanguage":"en-CA"},{"@type":"Organization","@id":"https:\/\/perle-in.com\/#organization","name":"PERLE IN","url":"https:\/\/perle-in.com\/","logo":{"@type":"ImageObject","inLanguage":"en-CA","@id":"https:\/\/perle-in.com\/#\/schema\/logo\/image\/","url":"https:\/\/perle-in.com\/wp-content\/uploads\/2022\/12\/LOGO-PERLE-IN-COULEUR@3x.webp","contentUrl":"https:\/\/perle-in.com\/wp-content\/uploads\/2022\/12\/LOGO-PERLE-IN-COULEUR@3x.webp","width":1600,"height":490,"caption":"PERLE IN"},"image":{"@id":"https:\/\/perle-in.com\/#\/schema\/logo\/image\/"}}]}},"jetpack_sharing_enabled":true,"_links":{"self":[{"href":"https:\/\/perle-in.com\/en\/wp-json\/wp\/v2\/product\/500695","targetHints":{"allow":["GET"]}}],"collection":[{"href":"https:\/\/perle-in.com\/en\/wp-json\/wp\/v2\/product"}],"about":[{"href":"https:\/\/perle-in.com\/en\/wp-json\/wp\/v2\/types\/product"}],"version-history":[{"count":0,"href":"https:\/\/perle-in.com\/en\/wp-json\/wp\/v2\/product\/500695\/revisions"}],"wp:featuredmedia":[{"embeddable":true,"href":"https:\/\/perle-in.com\/en\/wp-json\/wp\/v2\/media\/486106"}],"wp:attachment":[{"href":"https:\/\/perle-in.com\/en\/wp-json\/wp\/v2\/media?parent=500695"}],"wp:term":[{"taxonomy":"product_brand","embeddable":true,"href":"https:\/\/perle-in.com\/en\/wp-json\/wp\/v2\/product_brand?post=500695"},{"taxonomy":"product_cat","embeddable":true,"href":"https:\/\/perle-in.com\/en\/wp-json\/wp\/v2\/product_cat?post=500695"},{"taxonomy":"product_tag","embeddable":true,"href":"https:\/\/perle-in.com\/en\/wp-json\/wp\/v2\/product_tag?post=500695"}],"curies":[{"name":"wp","href":"https:\/\/api.w.org\/{rel}","templated":true}]}}