{"id":500693,"date":"2025-10-10T13:59:23","date_gmt":"2025-10-10T11:59:23","guid":{"rendered":"https:\/\/perle-in.com\/produit\/machine-de-boxe-prixton-bm100-combat\/"},"modified":"2025-10-10T13:59:29","modified_gmt":"2025-10-10T11:59:29","slug":"machine-de-boxe-prixton-bm100-combat","status":"publish","type":"product","link":"https:\/\/perle-in.com\/en\/product\/machine-de-boxe-prixton-bm100-combat\/","title":{"rendered":"Machine de boxe Prixton BM100 Combat"},"content":{"rendered":"","protected":false},"excerpt":{"rendered":"<p>La machine de boxe Combat BM100 allie parfaitement exercice et divertissement, en vous aidant \u00e0 am\u00e9liorer vos r\u00e9flexes et votre coordination tout en restant motiv\u00e9. Elle comporte 9\u00a0niveaux d\u2019intensit\u00e9, la vitesse augmentant au fur et \u00e0 mesure de votre progression dans les modes. Guid\u00e9s par des lumi\u00e8res contr\u00f4l\u00e9es \u00e9lectroniquement, les programmes sont con\u00e7us pour am\u00e9liorer le temps de r\u00e9action. Les effets sonores fournissent un retour d\u2019information instantan\u00e9 sur la pr\u00e9cision. L\u2019appareil est \u00e9galement dot\u00e9 d\u2019une connectivit\u00e9 sans fil, ce qui vous permet de connecter votre t\u00e9l\u00e9phone et d\u2019\u00e9couter votre musique pr\u00e9f\u00e9r\u00e9e pour une s\u00e9ance d\u2019entra\u00eenement dynamique. Il est livr\u00e9 avec des gants et un syst\u00e8me de fixation murale, pour une installation facile et un entra\u00eenement sans attendre le gong.<\/p>","protected":false},"featured_media":486099,"template":"","meta":{"_eb_attr":""},"product_brand":[],"product_cat":[232,129],"product_tag":[1162,952,754,1011,755,955,783,977,203],"class_list":{"0":"post-500693","1":"product","2":"type-product","3":"status-publish","4":"has-post-thumbnail","6":"product_cat-articles-de-fitness-et-de-sport","7":"product_cat-sport-et-loisirs","8":"product_tag-boxe","9":"product_tag-entrainement","10":"product_tag-exercice","11":"product_tag-fitness","12":"product_tag-gym","13":"product_tag-machine","14":"product_tag-prixton","15":"product_tag-remise-en-forme","16":"product_tag-sport","17":"pa_couleurs-noir","19":"first","20":"instock","21":"shipping-taxable","22":"purchasable","23":"product-type-variable"},"yoast_head":"<!-- This site is optimized with the Yoast SEO plugin v27.4 - https:\/\/yoast.com\/product\/yoast-seo-wordpress\/ -->\n<title>Machine de boxe Prixton BM100 Combat - PERLE IN<\/title>\n<meta name=\"robots\" content=\"noindex, follow, max-snippet:-1, max-image-preview:large, max-video-preview:-1\" \/>\n<meta property=\"og:locale\" content=\"en_US\" \/>\n<meta property=\"og:type\" content=\"article\" \/>\n<meta property=\"og:title\" content=\"Machine de boxe Prixton BM100 Combat - PERLE IN\" \/>\n<meta property=\"og:description\" content=\"La machine de boxe Combat BM100 allie parfaitement exercice et divertissement, en vous aidant \u00e0 am\u00e9liorer vos r\u00e9flexes et votre coordination tout en restant motiv\u00e9. Elle comporte 9\u00a0niveaux d\u2019intensit\u00e9, la vitesse augmentant au fur et \u00e0 mesure de votre progression dans les modes. Guid\u00e9s par des lumi\u00e8res contr\u00f4l\u00e9es \u00e9lectroniquement, les programmes sont con\u00e7us pour am\u00e9liorer le temps de r\u00e9action. Les effets sonores fournissent un retour d\u2019information instantan\u00e9 sur la pr\u00e9cision. L\u2019appareil est \u00e9galement dot\u00e9 d\u2019une connectivit\u00e9 sans fil, ce qui vous permet de connecter votre t\u00e9l\u00e9phone et d\u2019\u00e9couter votre musique pr\u00e9f\u00e9r\u00e9e pour une s\u00e9ance d\u2019entra\u00eenement dynamique. Il est livr\u00e9 avec des gants et un syst\u00e8me de fixation murale, pour une installation facile et un entra\u00eenement sans attendre le gong.\" \/>\n<meta property=\"og:url\" content=\"https:\/\/perle-in.com\/en\/product\/machine-de-boxe-prixton-bm100-combat\/\" \/>\n<meta property=\"og:site_name\" content=\"PERLE IN\" \/>\n<meta property=\"article:modified_time\" content=\"2025-10-10T11:59:29+00:00\" \/>\n<meta property=\"og:image\" content=\"https:\/\/perle-in.com\/wp-content\/uploads\/2025\/09\/1PA20890-1.jpg\" \/>\n\t<meta property=\"og:image:width\" content=\"1600\" \/>\n\t<meta property=\"og:image:height\" content=\"1600\" \/>\n\t<meta property=\"og:image:type\" content=\"image\/jpeg\" \/>\n<meta name=\"twitter:card\" content=\"summary_large_image\" \/>\n<script type=\"application\/ld+json\" class=\"yoast-schema-graph\">{\"@context\":\"https:\\\/\\\/schema.org\",\"@graph\":[{\"@type\":\"WebPage\",\"@id\":\"https:\\\/\\\/perle-in.com\\\/produit\\\/machine-de-boxe-prixton-bm100-combat\\\/\",\"url\":\"https:\\\/\\\/perle-in.com\\\/produit\\\/machine-de-boxe-prixton-bm100-combat\\\/\",\"name\":\"Machine de boxe Prixton BM100 Combat - PERLE IN\",\"isPartOf\":{\"@id\":\"https:\\\/\\\/perle-in.com\\\/#website\"},\"primaryImageOfPage\":{\"@id\":\"https:\\\/\\\/perle-in.com\\\/produit\\\/machine-de-boxe-prixton-bm100-combat\\\/#primaryimage\"},\"image\":{\"@id\":\"https:\\\/\\\/perle-in.com\\\/produit\\\/machine-de-boxe-prixton-bm100-combat\\\/#primaryimage\"},\"thumbnailUrl\":\"https:\\\/\\\/perle-in.com\\\/wp-content\\\/uploads\\\/2025\\\/09\\\/1PA20890-1.jpg\",\"datePublished\":\"2025-10-10T11:59:23+00:00\",\"dateModified\":\"2025-10-10T11:59:29+00:00\",\"breadcrumb\":{\"@id\":\"https:\\\/\\\/perle-in.com\\\/produit\\\/machine-de-boxe-prixton-bm100-combat\\\/#breadcrumb\"},\"inLanguage\":\"en-CA\",\"potentialAction\":[{\"@type\":\"ReadAction\",\"target\":[\"https:\\\/\\\/perle-in.com\\\/produit\\\/machine-de-boxe-prixton-bm100-combat\\\/\"]}]},{\"@type\":\"ImageObject\",\"inLanguage\":\"en-CA\",\"@id\":\"https:\\\/\\\/perle-in.com\\\/produit\\\/machine-de-boxe-prixton-bm100-combat\\\/#primaryimage\",\"url\":\"https:\\\/\\\/perle-in.com\\\/wp-content\\\/uploads\\\/2025\\\/09\\\/1PA20890-1.jpg\",\"contentUrl\":\"https:\\\/\\\/perle-in.com\\\/wp-content\\\/uploads\\\/2025\\\/09\\\/1PA20890-1.jpg\",\"width\":1600,\"height\":1600},{\"@type\":\"BreadcrumbList\",\"@id\":\"https:\\\/\\\/perle-in.com\\\/produit\\\/machine-de-boxe-prixton-bm100-combat\\\/#breadcrumb\",\"itemListElement\":[{\"@type\":\"ListItem\",\"position\":1,\"name\":\"Accueil\",\"item\":\"https:\\\/\\\/perle-in.com\\\/\"},{\"@type\":\"ListItem\",\"position\":2,\"name\":\"Boutique\",\"item\":\"https:\\\/\\\/perle-in.com\\\/boutique\\\/\"},{\"@type\":\"ListItem\",\"position\":3,\"name\":\"Machine de boxe Prixton BM100 Combat\"}]},{\"@type\":\"WebSite\",\"@id\":\"https:\\\/\\\/perle-in.com\\\/#website\",\"url\":\"https:\\\/\\\/perle-in.com\\\/\",\"name\":\"PERLE IN\",\"description\":\"\",\"publisher\":{\"@id\":\"https:\\\/\\\/perle-in.com\\\/#organization\"},\"potentialAction\":[{\"@type\":\"SearchAction\",\"target\":{\"@type\":\"EntryPoint\",\"urlTemplate\":\"https:\\\/\\\/perle-in.com\\\/?s={search_term_string}\"},\"query-input\":{\"@type\":\"PropertyValueSpecification\",\"valueRequired\":true,\"valueName\":\"search_term_string\"}}],\"inLanguage\":\"en-CA\"},{\"@type\":\"Organization\",\"@id\":\"https:\\\/\\\/perle-in.com\\\/#organization\",\"name\":\"PERLE IN\",\"url\":\"https:\\\/\\\/perle-in.com\\\/\",\"logo\":{\"@type\":\"ImageObject\",\"inLanguage\":\"en-CA\",\"@id\":\"https:\\\/\\\/perle-in.com\\\/#\\\/schema\\\/logo\\\/image\\\/\",\"url\":\"https:\\\/\\\/perle-in.com\\\/wp-content\\\/uploads\\\/2022\\\/12\\\/LOGO-PERLE-IN-COULEUR@3x.webp\",\"contentUrl\":\"https:\\\/\\\/perle-in.com\\\/wp-content\\\/uploads\\\/2022\\\/12\\\/LOGO-PERLE-IN-COULEUR@3x.webp\",\"width\":1600,\"height\":490,\"caption\":\"PERLE IN\"},\"image\":{\"@id\":\"https:\\\/\\\/perle-in.com\\\/#\\\/schema\\\/logo\\\/image\\\/\"}}]}<\/script>\n<!-- \/ Yoast SEO plugin. -->","yoast_head_json":{"title":"Machine de boxe Prixton BM100 Combat - PERLE IN","robots":{"index":"noindex","follow":"follow","max-snippet":"max-snippet:-1","max-image-preview":"max-image-preview:large","max-video-preview":"max-video-preview:-1"},"og_locale":"en_US","og_type":"article","og_title":"Machine de boxe Prixton BM100 Combat - PERLE IN","og_description":"La machine de boxe Combat BM100 allie parfaitement exercice et divertissement, en vous aidant \u00e0 am\u00e9liorer vos r\u00e9flexes et votre coordination tout en restant motiv\u00e9. Elle comporte 9\u00a0niveaux d\u2019intensit\u00e9, la vitesse augmentant au fur et \u00e0 mesure de votre progression dans les modes. Guid\u00e9s par des lumi\u00e8res contr\u00f4l\u00e9es \u00e9lectroniquement, les programmes sont con\u00e7us pour am\u00e9liorer le temps de r\u00e9action. Les effets sonores fournissent un retour d\u2019information instantan\u00e9 sur la pr\u00e9cision. L\u2019appareil est \u00e9galement dot\u00e9 d\u2019une connectivit\u00e9 sans fil, ce qui vous permet de connecter votre t\u00e9l\u00e9phone et d\u2019\u00e9couter votre musique pr\u00e9f\u00e9r\u00e9e pour une s\u00e9ance d\u2019entra\u00eenement dynamique. Il est livr\u00e9 avec des gants et un syst\u00e8me de fixation murale, pour une installation facile et un entra\u00eenement sans attendre le gong.","og_url":"https:\/\/perle-in.com\/en\/product\/machine-de-boxe-prixton-bm100-combat\/","og_site_name":"PERLE IN","article_modified_time":"2025-10-10T11:59:29+00:00","og_image":[{"width":1600,"height":1600,"url":"https:\/\/perle-in.com\/wp-content\/uploads\/2025\/09\/1PA20890-1.jpg","type":"image\/jpeg"}],"twitter_card":"summary_large_image","schema":{"@context":"https:\/\/schema.org","@graph":[{"@type":"WebPage","@id":"https:\/\/perle-in.com\/produit\/machine-de-boxe-prixton-bm100-combat\/","url":"https:\/\/perle-in.com\/produit\/machine-de-boxe-prixton-bm100-combat\/","name":"Machine de boxe Prixton BM100 Combat - PERLE IN","isPartOf":{"@id":"https:\/\/perle-in.com\/#website"},"primaryImageOfPage":{"@id":"https:\/\/perle-in.com\/produit\/machine-de-boxe-prixton-bm100-combat\/#primaryimage"},"image":{"@id":"https:\/\/perle-in.com\/produit\/machine-de-boxe-prixton-bm100-combat\/#primaryimage"},"thumbnailUrl":"https:\/\/perle-in.com\/wp-content\/uploads\/2025\/09\/1PA20890-1.jpg","datePublished":"2025-10-10T11:59:23+00:00","dateModified":"2025-10-10T11:59:29+00:00","breadcrumb":{"@id":"https:\/\/perle-in.com\/produit\/machine-de-boxe-prixton-bm100-combat\/#breadcrumb"},"inLanguage":"en-CA","potentialAction":[{"@type":"ReadAction","target":["https:\/\/perle-in.com\/produit\/machine-de-boxe-prixton-bm100-combat\/"]}]},{"@type":"ImageObject","inLanguage":"en-CA","@id":"https:\/\/perle-in.com\/produit\/machine-de-boxe-prixton-bm100-combat\/#primaryimage","url":"https:\/\/perle-in.com\/wp-content\/uploads\/2025\/09\/1PA20890-1.jpg","contentUrl":"https:\/\/perle-in.com\/wp-content\/uploads\/2025\/09\/1PA20890-1.jpg","width":1600,"height":1600},{"@type":"BreadcrumbList","@id":"https:\/\/perle-in.com\/produit\/machine-de-boxe-prixton-bm100-combat\/#breadcrumb","itemListElement":[{"@type":"ListItem","position":1,"name":"Accueil","item":"https:\/\/perle-in.com\/"},{"@type":"ListItem","position":2,"name":"Boutique","item":"https:\/\/perle-in.com\/boutique\/"},{"@type":"ListItem","position":3,"name":"Machine de boxe Prixton BM100 Combat"}]},{"@type":"WebSite","@id":"https:\/\/perle-in.com\/#website","url":"https:\/\/perle-in.com\/","name":"PERLE IN","description":"","publisher":{"@id":"https:\/\/perle-in.com\/#organization"},"potentialAction":[{"@type":"SearchAction","target":{"@type":"EntryPoint","urlTemplate":"https:\/\/perle-in.com\/?s={search_term_string}"},"query-input":{"@type":"PropertyValueSpecification","valueRequired":true,"valueName":"search_term_string"}}],"inLanguage":"en-CA"},{"@type":"Organization","@id":"https:\/\/perle-in.com\/#organization","name":"PERLE IN","url":"https:\/\/perle-in.com\/","logo":{"@type":"ImageObject","inLanguage":"en-CA","@id":"https:\/\/perle-in.com\/#\/schema\/logo\/image\/","url":"https:\/\/perle-in.com\/wp-content\/uploads\/2022\/12\/LOGO-PERLE-IN-COULEUR@3x.webp","contentUrl":"https:\/\/perle-in.com\/wp-content\/uploads\/2022\/12\/LOGO-PERLE-IN-COULEUR@3x.webp","width":1600,"height":490,"caption":"PERLE IN"},"image":{"@id":"https:\/\/perle-in.com\/#\/schema\/logo\/image\/"}}]}},"jetpack_sharing_enabled":true,"_links":{"self":[{"href":"https:\/\/perle-in.com\/en\/wp-json\/wp\/v2\/product\/500693","targetHints":{"allow":["GET"]}}],"collection":[{"href":"https:\/\/perle-in.com\/en\/wp-json\/wp\/v2\/product"}],"about":[{"href":"https:\/\/perle-in.com\/en\/wp-json\/wp\/v2\/types\/product"}],"version-history":[{"count":0,"href":"https:\/\/perle-in.com\/en\/wp-json\/wp\/v2\/product\/500693\/revisions"}],"wp:featuredmedia":[{"embeddable":true,"href":"https:\/\/perle-in.com\/en\/wp-json\/wp\/v2\/media\/486099"}],"wp:attachment":[{"href":"https:\/\/perle-in.com\/en\/wp-json\/wp\/v2\/media?parent=500693"}],"wp:term":[{"taxonomy":"product_brand","embeddable":true,"href":"https:\/\/perle-in.com\/en\/wp-json\/wp\/v2\/product_brand?post=500693"},{"taxonomy":"product_cat","embeddable":true,"href":"https:\/\/perle-in.com\/en\/wp-json\/wp\/v2\/product_cat?post=500693"},{"taxonomy":"product_tag","embeddable":true,"href":"https:\/\/perle-in.com\/en\/wp-json\/wp\/v2\/product_tag?post=500693"}],"curies":[{"name":"wp","href":"https:\/\/api.w.org\/{rel}","templated":true}]}}