{"id":500691,"date":"2025-10-10T13:54:12","date_gmt":"2025-10-10T11:54:12","guid":{"rendered":"https:\/\/perle-in.com\/produit\/deshumidificateur-prixton-sahara\/"},"modified":"2025-10-10T13:54:13","modified_gmt":"2025-10-10T11:54:13","slug":"deshumidificateur-prixton-sahara","status":"publish","type":"product","link":"https:\/\/perle-in.com\/en\/product\/deshumidificateur-prixton-sahara\/","title":{"rendered":"D\u00e9shumidificateur Prixton Sahara"},"content":{"rendered":"","protected":false},"excerpt":{"rendered":"<p>Le d\u00e9shumidificateur Sahara est \u00e9quip\u00e9 du syst\u00e8me de d\u00e9shumidification Peltier, id\u00e9al pour lutter contre l&#8217;humidit\u00e9 dans les chambres \u00e0 coucher, les petits bureaux, les salles de bains, les d\u00e9barras ou les caravanes. Il peut extraire jusqu&#8217;\u00e0 300\u00a0ml d&#8217;eau par jour dans un environnement \u00e0 80\u00a0% d&#8217;humidit\u00e9. Gr\u00e2ce \u00e0 son mode nuit, le d\u00e9shumidificateur Sahara peut continuer de fonctionner, sans troubler votre sommeil, en r\u00e9duisant la vitesse du ventilateur. Le d\u00e9shumidificateur propose 5\u00a0programmes\u00a0: 4, 6, 8, 10 et 12\u00a0heures.<\/p>","protected":false},"featured_media":485539,"template":"","meta":{"_eb_attr":""},"product_brand":[],"product_cat":[460,150],"product_tag":[1061,1191,1192,862,783],"class_list":{"0":"post-500691","1":"product","2":"type-product","3":"status-publish","4":"has-post-thumbnail","6":"product_cat-accessoires-pour-la-maison","7":"product_cat-maison-et-cuisine","8":"product_tag-air","9":"product_tag-deshumidificateur","10":"product_tag-deshumidificateurs","11":"product_tag-maison","12":"product_tag-prixton","13":"pa_couleurs-blanc","15":"first","16":"instock","17":"shipping-taxable","18":"purchasable","19":"product-type-variable"},"yoast_head":"<!-- This site is optimized with the Yoast SEO plugin v27.4 - https:\/\/yoast.com\/product\/yoast-seo-wordpress\/ -->\n<title>D\u00e9shumidificateur Prixton Sahara - PERLE IN<\/title>\n<meta name=\"robots\" content=\"noindex, follow, max-snippet:-1, max-image-preview:large, max-video-preview:-1\" \/>\n<meta property=\"og:locale\" content=\"en_US\" \/>\n<meta property=\"og:type\" content=\"article\" \/>\n<meta property=\"og:title\" content=\"D\u00e9shumidificateur Prixton Sahara - PERLE IN\" \/>\n<meta property=\"og:description\" content=\"Le d\u00e9shumidificateur Sahara est \u00e9quip\u00e9 du syst\u00e8me de d\u00e9shumidification Peltier, id\u00e9al pour lutter contre l&#039;humidit\u00e9 dans les chambres \u00e0 coucher, les petits bureaux, les salles de bains, les d\u00e9barras ou les caravanes. Il peut extraire jusqu&#039;\u00e0 300\u00a0ml d&#039;eau par jour dans un environnement \u00e0 80\u00a0% d&#039;humidit\u00e9. Gr\u00e2ce \u00e0 son mode nuit, le d\u00e9shumidificateur Sahara peut continuer de fonctionner, sans troubler votre sommeil, en r\u00e9duisant la vitesse du ventilateur. Le d\u00e9shumidificateur propose 5\u00a0programmes\u00a0: 4, 6, 8, 10 et 12\u00a0heures.\" \/>\n<meta property=\"og:url\" content=\"https:\/\/perle-in.com\/en\/product\/deshumidificateur-prixton-sahara\/\" \/>\n<meta property=\"og:site_name\" content=\"PERLE IN\" \/>\n<meta property=\"article:modified_time\" content=\"2025-10-10T11:54:13+00:00\" \/>\n<meta property=\"og:image\" content=\"https:\/\/perle-in.com\/wp-content\/uploads\/2025\/09\/1PA17701-1.jpg\" \/>\n\t<meta property=\"og:image:width\" content=\"1600\" \/>\n\t<meta property=\"og:image:height\" content=\"1600\" \/>\n\t<meta property=\"og:image:type\" content=\"image\/jpeg\" \/>\n<meta name=\"twitter:card\" content=\"summary_large_image\" \/>\n<script type=\"application\/ld+json\" class=\"yoast-schema-graph\">{\"@context\":\"https:\\\/\\\/schema.org\",\"@graph\":[{\"@type\":\"WebPage\",\"@id\":\"https:\\\/\\\/perle-in.com\\\/produit\\\/deshumidificateur-prixton-sahara\\\/\",\"url\":\"https:\\\/\\\/perle-in.com\\\/produit\\\/deshumidificateur-prixton-sahara\\\/\",\"name\":\"D\u00e9shumidificateur Prixton Sahara - PERLE IN\",\"isPartOf\":{\"@id\":\"https:\\\/\\\/perle-in.com\\\/#website\"},\"primaryImageOfPage\":{\"@id\":\"https:\\\/\\\/perle-in.com\\\/produit\\\/deshumidificateur-prixton-sahara\\\/#primaryimage\"},\"image\":{\"@id\":\"https:\\\/\\\/perle-in.com\\\/produit\\\/deshumidificateur-prixton-sahara\\\/#primaryimage\"},\"thumbnailUrl\":\"https:\\\/\\\/perle-in.com\\\/wp-content\\\/uploads\\\/2025\\\/09\\\/1PA17701-1.jpg\",\"datePublished\":\"2025-10-10T11:54:12+00:00\",\"dateModified\":\"2025-10-10T11:54:13+00:00\",\"breadcrumb\":{\"@id\":\"https:\\\/\\\/perle-in.com\\\/produit\\\/deshumidificateur-prixton-sahara\\\/#breadcrumb\"},\"inLanguage\":\"en-CA\",\"potentialAction\":[{\"@type\":\"ReadAction\",\"target\":[\"https:\\\/\\\/perle-in.com\\\/produit\\\/deshumidificateur-prixton-sahara\\\/\"]}]},{\"@type\":\"ImageObject\",\"inLanguage\":\"en-CA\",\"@id\":\"https:\\\/\\\/perle-in.com\\\/produit\\\/deshumidificateur-prixton-sahara\\\/#primaryimage\",\"url\":\"https:\\\/\\\/perle-in.com\\\/wp-content\\\/uploads\\\/2025\\\/09\\\/1PA17701-1.jpg\",\"contentUrl\":\"https:\\\/\\\/perle-in.com\\\/wp-content\\\/uploads\\\/2025\\\/09\\\/1PA17701-1.jpg\",\"width\":1600,\"height\":1600},{\"@type\":\"BreadcrumbList\",\"@id\":\"https:\\\/\\\/perle-in.com\\\/produit\\\/deshumidificateur-prixton-sahara\\\/#breadcrumb\",\"itemListElement\":[{\"@type\":\"ListItem\",\"position\":1,\"name\":\"Accueil\",\"item\":\"https:\\\/\\\/perle-in.com\\\/\"},{\"@type\":\"ListItem\",\"position\":2,\"name\":\"Boutique\",\"item\":\"https:\\\/\\\/perle-in.com\\\/boutique\\\/\"},{\"@type\":\"ListItem\",\"position\":3,\"name\":\"D\u00e9shumidificateur Prixton Sahara\"}]},{\"@type\":\"WebSite\",\"@id\":\"https:\\\/\\\/perle-in.com\\\/#website\",\"url\":\"https:\\\/\\\/perle-in.com\\\/\",\"name\":\"PERLE IN\",\"description\":\"\",\"publisher\":{\"@id\":\"https:\\\/\\\/perle-in.com\\\/#organization\"},\"potentialAction\":[{\"@type\":\"SearchAction\",\"target\":{\"@type\":\"EntryPoint\",\"urlTemplate\":\"https:\\\/\\\/perle-in.com\\\/?s={search_term_string}\"},\"query-input\":{\"@type\":\"PropertyValueSpecification\",\"valueRequired\":true,\"valueName\":\"search_term_string\"}}],\"inLanguage\":\"en-CA\"},{\"@type\":\"Organization\",\"@id\":\"https:\\\/\\\/perle-in.com\\\/#organization\",\"name\":\"PERLE IN\",\"url\":\"https:\\\/\\\/perle-in.com\\\/\",\"logo\":{\"@type\":\"ImageObject\",\"inLanguage\":\"en-CA\",\"@id\":\"https:\\\/\\\/perle-in.com\\\/#\\\/schema\\\/logo\\\/image\\\/\",\"url\":\"https:\\\/\\\/perle-in.com\\\/wp-content\\\/uploads\\\/2022\\\/12\\\/LOGO-PERLE-IN-COULEUR@3x.webp\",\"contentUrl\":\"https:\\\/\\\/perle-in.com\\\/wp-content\\\/uploads\\\/2022\\\/12\\\/LOGO-PERLE-IN-COULEUR@3x.webp\",\"width\":1600,\"height\":490,\"caption\":\"PERLE IN\"},\"image\":{\"@id\":\"https:\\\/\\\/perle-in.com\\\/#\\\/schema\\\/logo\\\/image\\\/\"}}]}<\/script>\n<!-- \/ Yoast SEO plugin. -->","yoast_head_json":{"title":"D\u00e9shumidificateur Prixton Sahara - PERLE IN","robots":{"index":"noindex","follow":"follow","max-snippet":"max-snippet:-1","max-image-preview":"max-image-preview:large","max-video-preview":"max-video-preview:-1"},"og_locale":"en_US","og_type":"article","og_title":"D\u00e9shumidificateur Prixton Sahara - PERLE IN","og_description":"Le d\u00e9shumidificateur Sahara est \u00e9quip\u00e9 du syst\u00e8me de d\u00e9shumidification Peltier, id\u00e9al pour lutter contre l'humidit\u00e9 dans les chambres \u00e0 coucher, les petits bureaux, les salles de bains, les d\u00e9barras ou les caravanes. Il peut extraire jusqu'\u00e0 300\u00a0ml d'eau par jour dans un environnement \u00e0 80\u00a0% d'humidit\u00e9. Gr\u00e2ce \u00e0 son mode nuit, le d\u00e9shumidificateur Sahara peut continuer de fonctionner, sans troubler votre sommeil, en r\u00e9duisant la vitesse du ventilateur. Le d\u00e9shumidificateur propose 5\u00a0programmes\u00a0: 4, 6, 8, 10 et 12\u00a0heures.","og_url":"https:\/\/perle-in.com\/en\/product\/deshumidificateur-prixton-sahara\/","og_site_name":"PERLE IN","article_modified_time":"2025-10-10T11:54:13+00:00","og_image":[{"width":1600,"height":1600,"url":"https:\/\/perle-in.com\/wp-content\/uploads\/2025\/09\/1PA17701-1.jpg","type":"image\/jpeg"}],"twitter_card":"summary_large_image","schema":{"@context":"https:\/\/schema.org","@graph":[{"@type":"WebPage","@id":"https:\/\/perle-in.com\/produit\/deshumidificateur-prixton-sahara\/","url":"https:\/\/perle-in.com\/produit\/deshumidificateur-prixton-sahara\/","name":"D\u00e9shumidificateur Prixton Sahara - PERLE IN","isPartOf":{"@id":"https:\/\/perle-in.com\/#website"},"primaryImageOfPage":{"@id":"https:\/\/perle-in.com\/produit\/deshumidificateur-prixton-sahara\/#primaryimage"},"image":{"@id":"https:\/\/perle-in.com\/produit\/deshumidificateur-prixton-sahara\/#primaryimage"},"thumbnailUrl":"https:\/\/perle-in.com\/wp-content\/uploads\/2025\/09\/1PA17701-1.jpg","datePublished":"2025-10-10T11:54:12+00:00","dateModified":"2025-10-10T11:54:13+00:00","breadcrumb":{"@id":"https:\/\/perle-in.com\/produit\/deshumidificateur-prixton-sahara\/#breadcrumb"},"inLanguage":"en-CA","potentialAction":[{"@type":"ReadAction","target":["https:\/\/perle-in.com\/produit\/deshumidificateur-prixton-sahara\/"]}]},{"@type":"ImageObject","inLanguage":"en-CA","@id":"https:\/\/perle-in.com\/produit\/deshumidificateur-prixton-sahara\/#primaryimage","url":"https:\/\/perle-in.com\/wp-content\/uploads\/2025\/09\/1PA17701-1.jpg","contentUrl":"https:\/\/perle-in.com\/wp-content\/uploads\/2025\/09\/1PA17701-1.jpg","width":1600,"height":1600},{"@type":"BreadcrumbList","@id":"https:\/\/perle-in.com\/produit\/deshumidificateur-prixton-sahara\/#breadcrumb","itemListElement":[{"@type":"ListItem","position":1,"name":"Accueil","item":"https:\/\/perle-in.com\/"},{"@type":"ListItem","position":2,"name":"Boutique","item":"https:\/\/perle-in.com\/boutique\/"},{"@type":"ListItem","position":3,"name":"D\u00e9shumidificateur Prixton Sahara"}]},{"@type":"WebSite","@id":"https:\/\/perle-in.com\/#website","url":"https:\/\/perle-in.com\/","name":"PERLE IN","description":"","publisher":{"@id":"https:\/\/perle-in.com\/#organization"},"potentialAction":[{"@type":"SearchAction","target":{"@type":"EntryPoint","urlTemplate":"https:\/\/perle-in.com\/?s={search_term_string}"},"query-input":{"@type":"PropertyValueSpecification","valueRequired":true,"valueName":"search_term_string"}}],"inLanguage":"en-CA"},{"@type":"Organization","@id":"https:\/\/perle-in.com\/#organization","name":"PERLE IN","url":"https:\/\/perle-in.com\/","logo":{"@type":"ImageObject","inLanguage":"en-CA","@id":"https:\/\/perle-in.com\/#\/schema\/logo\/image\/","url":"https:\/\/perle-in.com\/wp-content\/uploads\/2022\/12\/LOGO-PERLE-IN-COULEUR@3x.webp","contentUrl":"https:\/\/perle-in.com\/wp-content\/uploads\/2022\/12\/LOGO-PERLE-IN-COULEUR@3x.webp","width":1600,"height":490,"caption":"PERLE IN"},"image":{"@id":"https:\/\/perle-in.com\/#\/schema\/logo\/image\/"}}]}},"jetpack_sharing_enabled":true,"_links":{"self":[{"href":"https:\/\/perle-in.com\/en\/wp-json\/wp\/v2\/product\/500691","targetHints":{"allow":["GET"]}}],"collection":[{"href":"https:\/\/perle-in.com\/en\/wp-json\/wp\/v2\/product"}],"about":[{"href":"https:\/\/perle-in.com\/en\/wp-json\/wp\/v2\/types\/product"}],"version-history":[{"count":0,"href":"https:\/\/perle-in.com\/en\/wp-json\/wp\/v2\/product\/500691\/revisions"}],"wp:featuredmedia":[{"embeddable":true,"href":"https:\/\/perle-in.com\/en\/wp-json\/wp\/v2\/media\/485539"}],"wp:attachment":[{"href":"https:\/\/perle-in.com\/en\/wp-json\/wp\/v2\/media?parent=500691"}],"wp:term":[{"taxonomy":"product_brand","embeddable":true,"href":"https:\/\/perle-in.com\/en\/wp-json\/wp\/v2\/product_brand?post=500691"},{"taxonomy":"product_cat","embeddable":true,"href":"https:\/\/perle-in.com\/en\/wp-json\/wp\/v2\/product_cat?post=500691"},{"taxonomy":"product_tag","embeddable":true,"href":"https:\/\/perle-in.com\/en\/wp-json\/wp\/v2\/product_tag?post=500691"}],"curies":[{"name":"wp","href":"https:\/\/api.w.org\/{rel}","templated":true}]}}