{"id":500686,"date":"2025-10-10T13:53:35","date_gmt":"2025-10-10T11:53:35","guid":{"rendered":"https:\/\/perle-in.com\/produit\/drone-prixton-alpha-pro\/"},"modified":"2025-10-10T13:53:41","modified_gmt":"2025-10-10T11:53:41","slug":"drone-prixton-alpha-pro","status":"publish","type":"product","link":"https:\/\/perle-in.com\/en\/product\/drone-prixton-alpha-pro\/","title":{"rendered":"Drone Prixton Alpha Pro"},"content":{"rendered":"","protected":false},"excerpt":{"rendered":"<p>Gr\u00e2ce \u00e0 l&#8217;application int\u00e9gr\u00e9e au drone Alpha Pro, vous pouvez le contr\u00f4ler avec votre appareil mobile et consulter en temps r\u00e9el ce que le drone filme. Il est \u00e9quip\u00e9 d&#8217;un syst\u00e8me de d\u00e9tection d&#8217;obstacles \u00e0 5\u00a0voies, d&#8217;un stabilisateur optique et d&#8217;un mode d&#8217;arr\u00eat d&#8217;urgence pour un vol stable, ininterrompu et s\u00fbr. En outre, il comprend divers accessoires\u00a0: une t\u00e9l\u00e9commande, 4\u00a0h\u00e9lices de rechange, un c\u00e2ble de charge USB, un tournevis, un manuel et un \u00e9tui de transport.<\/p>","protected":false},"featured_media":485520,"template":"","meta":{"_eb_attr":""},"product_brand":[],"product_cat":[782,667],"product_tag":[1086,1087,1073,783,1088],"class_list":{"0":"post-500686","1":"product","2":"type-product","3":"status-publish","4":"has-post-thumbnail","6":"product_cat-gadgets","7":"product_cat-technologie","8":"product_tag-drone","9":"product_tag-drones","10":"product_tag-jeux","11":"product_tag-prixton","12":"product_tag-vol","13":"pa_couleurs-noir-jaune","15":"first","16":"instock","17":"shipping-taxable","18":"purchasable","19":"product-type-variable"},"yoast_head":"<!-- This site is optimized with the Yoast SEO plugin v27.4 - https:\/\/yoast.com\/product\/yoast-seo-wordpress\/ -->\n<title>Drone Prixton Alpha Pro - PERLE IN<\/title>\n<meta name=\"robots\" content=\"noindex, follow, max-snippet:-1, max-image-preview:large, max-video-preview:-1\" \/>\n<meta property=\"og:locale\" content=\"en_US\" \/>\n<meta property=\"og:type\" content=\"article\" \/>\n<meta property=\"og:title\" content=\"Drone Prixton Alpha Pro - PERLE IN\" \/>\n<meta property=\"og:description\" content=\"Gr\u00e2ce \u00e0 l&#039;application int\u00e9gr\u00e9e au drone Alpha Pro, vous pouvez le contr\u00f4ler avec votre appareil mobile et consulter en temps r\u00e9el ce que le drone filme. Il est \u00e9quip\u00e9 d&#039;un syst\u00e8me de d\u00e9tection d&#039;obstacles \u00e0 5\u00a0voies, d&#039;un stabilisateur optique et d&#039;un mode d&#039;arr\u00eat d&#039;urgence pour un vol stable, ininterrompu et s\u00fbr. En outre, il comprend divers accessoires\u00a0: une t\u00e9l\u00e9commande, 4\u00a0h\u00e9lices de rechange, un c\u00e2ble de charge USB, un tournevis, un manuel et un \u00e9tui de transport.\" \/>\n<meta property=\"og:url\" content=\"https:\/\/perle-in.com\/en\/product\/drone-prixton-alpha-pro\/\" \/>\n<meta property=\"og:site_name\" content=\"PERLE IN\" \/>\n<meta property=\"article:modified_time\" content=\"2025-10-10T11:53:41+00:00\" \/>\n<meta property=\"og:image\" content=\"https:\/\/perle-in.com\/wp-content\/uploads\/2025\/09\/1PA17590-1.jpg\" \/>\n\t<meta property=\"og:image:width\" content=\"1600\" \/>\n\t<meta property=\"og:image:height\" content=\"1600\" \/>\n\t<meta property=\"og:image:type\" content=\"image\/jpeg\" \/>\n<meta name=\"twitter:card\" content=\"summary_large_image\" \/>\n<script type=\"application\/ld+json\" class=\"yoast-schema-graph\">{\"@context\":\"https:\\\/\\\/schema.org\",\"@graph\":[{\"@type\":\"WebPage\",\"@id\":\"https:\\\/\\\/perle-in.com\\\/produit\\\/drone-prixton-alpha-pro\\\/\",\"url\":\"https:\\\/\\\/perle-in.com\\\/produit\\\/drone-prixton-alpha-pro\\\/\",\"name\":\"Drone Prixton Alpha Pro - PERLE IN\",\"isPartOf\":{\"@id\":\"https:\\\/\\\/perle-in.com\\\/#website\"},\"primaryImageOfPage\":{\"@id\":\"https:\\\/\\\/perle-in.com\\\/produit\\\/drone-prixton-alpha-pro\\\/#primaryimage\"},\"image\":{\"@id\":\"https:\\\/\\\/perle-in.com\\\/produit\\\/drone-prixton-alpha-pro\\\/#primaryimage\"},\"thumbnailUrl\":\"https:\\\/\\\/perle-in.com\\\/wp-content\\\/uploads\\\/2025\\\/09\\\/1PA17590-1.jpg\",\"datePublished\":\"2025-10-10T11:53:35+00:00\",\"dateModified\":\"2025-10-10T11:53:41+00:00\",\"breadcrumb\":{\"@id\":\"https:\\\/\\\/perle-in.com\\\/produit\\\/drone-prixton-alpha-pro\\\/#breadcrumb\"},\"inLanguage\":\"en-CA\",\"potentialAction\":[{\"@type\":\"ReadAction\",\"target\":[\"https:\\\/\\\/perle-in.com\\\/produit\\\/drone-prixton-alpha-pro\\\/\"]}]},{\"@type\":\"ImageObject\",\"inLanguage\":\"en-CA\",\"@id\":\"https:\\\/\\\/perle-in.com\\\/produit\\\/drone-prixton-alpha-pro\\\/#primaryimage\",\"url\":\"https:\\\/\\\/perle-in.com\\\/wp-content\\\/uploads\\\/2025\\\/09\\\/1PA17590-1.jpg\",\"contentUrl\":\"https:\\\/\\\/perle-in.com\\\/wp-content\\\/uploads\\\/2025\\\/09\\\/1PA17590-1.jpg\",\"width\":1600,\"height\":1600},{\"@type\":\"BreadcrumbList\",\"@id\":\"https:\\\/\\\/perle-in.com\\\/produit\\\/drone-prixton-alpha-pro\\\/#breadcrumb\",\"itemListElement\":[{\"@type\":\"ListItem\",\"position\":1,\"name\":\"Accueil\",\"item\":\"https:\\\/\\\/perle-in.com\\\/\"},{\"@type\":\"ListItem\",\"position\":2,\"name\":\"Boutique\",\"item\":\"https:\\\/\\\/perle-in.com\\\/boutique\\\/\"},{\"@type\":\"ListItem\",\"position\":3,\"name\":\"Drone Prixton Alpha Pro\"}]},{\"@type\":\"WebSite\",\"@id\":\"https:\\\/\\\/perle-in.com\\\/#website\",\"url\":\"https:\\\/\\\/perle-in.com\\\/\",\"name\":\"PERLE IN\",\"description\":\"\",\"publisher\":{\"@id\":\"https:\\\/\\\/perle-in.com\\\/#organization\"},\"potentialAction\":[{\"@type\":\"SearchAction\",\"target\":{\"@type\":\"EntryPoint\",\"urlTemplate\":\"https:\\\/\\\/perle-in.com\\\/?s={search_term_string}\"},\"query-input\":{\"@type\":\"PropertyValueSpecification\",\"valueRequired\":true,\"valueName\":\"search_term_string\"}}],\"inLanguage\":\"en-CA\"},{\"@type\":\"Organization\",\"@id\":\"https:\\\/\\\/perle-in.com\\\/#organization\",\"name\":\"PERLE IN\",\"url\":\"https:\\\/\\\/perle-in.com\\\/\",\"logo\":{\"@type\":\"ImageObject\",\"inLanguage\":\"en-CA\",\"@id\":\"https:\\\/\\\/perle-in.com\\\/#\\\/schema\\\/logo\\\/image\\\/\",\"url\":\"https:\\\/\\\/perle-in.com\\\/wp-content\\\/uploads\\\/2022\\\/12\\\/LOGO-PERLE-IN-COULEUR@3x.webp\",\"contentUrl\":\"https:\\\/\\\/perle-in.com\\\/wp-content\\\/uploads\\\/2022\\\/12\\\/LOGO-PERLE-IN-COULEUR@3x.webp\",\"width\":1600,\"height\":490,\"caption\":\"PERLE IN\"},\"image\":{\"@id\":\"https:\\\/\\\/perle-in.com\\\/#\\\/schema\\\/logo\\\/image\\\/\"}}]}<\/script>\n<!-- \/ Yoast SEO plugin. -->","yoast_head_json":{"title":"Drone Prixton Alpha Pro - PERLE IN","robots":{"index":"noindex","follow":"follow","max-snippet":"max-snippet:-1","max-image-preview":"max-image-preview:large","max-video-preview":"max-video-preview:-1"},"og_locale":"en_US","og_type":"article","og_title":"Drone Prixton Alpha Pro - PERLE IN","og_description":"Gr\u00e2ce \u00e0 l'application int\u00e9gr\u00e9e au drone Alpha Pro, vous pouvez le contr\u00f4ler avec votre appareil mobile et consulter en temps r\u00e9el ce que le drone filme. Il est \u00e9quip\u00e9 d'un syst\u00e8me de d\u00e9tection d'obstacles \u00e0 5\u00a0voies, d'un stabilisateur optique et d'un mode d'arr\u00eat d'urgence pour un vol stable, ininterrompu et s\u00fbr. En outre, il comprend divers accessoires\u00a0: une t\u00e9l\u00e9commande, 4\u00a0h\u00e9lices de rechange, un c\u00e2ble de charge USB, un tournevis, un manuel et un \u00e9tui de transport.","og_url":"https:\/\/perle-in.com\/en\/product\/drone-prixton-alpha-pro\/","og_site_name":"PERLE IN","article_modified_time":"2025-10-10T11:53:41+00:00","og_image":[{"width":1600,"height":1600,"url":"https:\/\/perle-in.com\/wp-content\/uploads\/2025\/09\/1PA17590-1.jpg","type":"image\/jpeg"}],"twitter_card":"summary_large_image","schema":{"@context":"https:\/\/schema.org","@graph":[{"@type":"WebPage","@id":"https:\/\/perle-in.com\/produit\/drone-prixton-alpha-pro\/","url":"https:\/\/perle-in.com\/produit\/drone-prixton-alpha-pro\/","name":"Drone Prixton Alpha Pro - PERLE IN","isPartOf":{"@id":"https:\/\/perle-in.com\/#website"},"primaryImageOfPage":{"@id":"https:\/\/perle-in.com\/produit\/drone-prixton-alpha-pro\/#primaryimage"},"image":{"@id":"https:\/\/perle-in.com\/produit\/drone-prixton-alpha-pro\/#primaryimage"},"thumbnailUrl":"https:\/\/perle-in.com\/wp-content\/uploads\/2025\/09\/1PA17590-1.jpg","datePublished":"2025-10-10T11:53:35+00:00","dateModified":"2025-10-10T11:53:41+00:00","breadcrumb":{"@id":"https:\/\/perle-in.com\/produit\/drone-prixton-alpha-pro\/#breadcrumb"},"inLanguage":"en-CA","potentialAction":[{"@type":"ReadAction","target":["https:\/\/perle-in.com\/produit\/drone-prixton-alpha-pro\/"]}]},{"@type":"ImageObject","inLanguage":"en-CA","@id":"https:\/\/perle-in.com\/produit\/drone-prixton-alpha-pro\/#primaryimage","url":"https:\/\/perle-in.com\/wp-content\/uploads\/2025\/09\/1PA17590-1.jpg","contentUrl":"https:\/\/perle-in.com\/wp-content\/uploads\/2025\/09\/1PA17590-1.jpg","width":1600,"height":1600},{"@type":"BreadcrumbList","@id":"https:\/\/perle-in.com\/produit\/drone-prixton-alpha-pro\/#breadcrumb","itemListElement":[{"@type":"ListItem","position":1,"name":"Accueil","item":"https:\/\/perle-in.com\/"},{"@type":"ListItem","position":2,"name":"Boutique","item":"https:\/\/perle-in.com\/boutique\/"},{"@type":"ListItem","position":3,"name":"Drone Prixton Alpha Pro"}]},{"@type":"WebSite","@id":"https:\/\/perle-in.com\/#website","url":"https:\/\/perle-in.com\/","name":"PERLE IN","description":"","publisher":{"@id":"https:\/\/perle-in.com\/#organization"},"potentialAction":[{"@type":"SearchAction","target":{"@type":"EntryPoint","urlTemplate":"https:\/\/perle-in.com\/?s={search_term_string}"},"query-input":{"@type":"PropertyValueSpecification","valueRequired":true,"valueName":"search_term_string"}}],"inLanguage":"en-CA"},{"@type":"Organization","@id":"https:\/\/perle-in.com\/#organization","name":"PERLE IN","url":"https:\/\/perle-in.com\/","logo":{"@type":"ImageObject","inLanguage":"en-CA","@id":"https:\/\/perle-in.com\/#\/schema\/logo\/image\/","url":"https:\/\/perle-in.com\/wp-content\/uploads\/2022\/12\/LOGO-PERLE-IN-COULEUR@3x.webp","contentUrl":"https:\/\/perle-in.com\/wp-content\/uploads\/2022\/12\/LOGO-PERLE-IN-COULEUR@3x.webp","width":1600,"height":490,"caption":"PERLE IN"},"image":{"@id":"https:\/\/perle-in.com\/#\/schema\/logo\/image\/"}}]}},"jetpack_sharing_enabled":true,"_links":{"self":[{"href":"https:\/\/perle-in.com\/en\/wp-json\/wp\/v2\/product\/500686","targetHints":{"allow":["GET"]}}],"collection":[{"href":"https:\/\/perle-in.com\/en\/wp-json\/wp\/v2\/product"}],"about":[{"href":"https:\/\/perle-in.com\/en\/wp-json\/wp\/v2\/types\/product"}],"version-history":[{"count":0,"href":"https:\/\/perle-in.com\/en\/wp-json\/wp\/v2\/product\/500686\/revisions"}],"wp:featuredmedia":[{"embeddable":true,"href":"https:\/\/perle-in.com\/en\/wp-json\/wp\/v2\/media\/485520"}],"wp:attachment":[{"href":"https:\/\/perle-in.com\/en\/wp-json\/wp\/v2\/media?parent=500686"}],"wp:term":[{"taxonomy":"product_brand","embeddable":true,"href":"https:\/\/perle-in.com\/en\/wp-json\/wp\/v2\/product_brand?post=500686"},{"taxonomy":"product_cat","embeddable":true,"href":"https:\/\/perle-in.com\/en\/wp-json\/wp\/v2\/product_cat?post=500686"},{"taxonomy":"product_tag","embeddable":true,"href":"https:\/\/perle-in.com\/en\/wp-json\/wp\/v2\/product_tag?post=500686"}],"curies":[{"name":"wp","href":"https:\/\/api.w.org\/{rel}","templated":true}]}}