{"id":500661,"date":"2025-10-10T13:41:30","date_gmt":"2025-10-10T11:41:30","guid":{"rendered":"https:\/\/perle-in.com\/produit\/bonnet-en-rpet-avec-impression-par-sublimation-et-couche-en-polaire-loki\/"},"modified":"2025-10-10T13:41:55","modified_gmt":"2025-10-10T11:41:55","slug":"bonnet-en-rpet-avec-impression-par-sublimation-et-couche-en-polaire-loki","status":"publish","type":"product","link":"https:\/\/perle-in.com\/en\/product\/bonnet-en-rpet-avec-impression-par-sublimation-et-couche-en-polaire-loki\/","title":{"rendered":"Bonnet en rPET avec impression par sublimation et couche en polaire Loki"},"content":{"rendered":"","protected":false},"excerpt":{"rendered":"<p>Bonnet avec impression par sublimation, en rPET recycl\u00e9 et avec une couche en polaire. M\u00ealant chaleur et confort, ce bonnet offre des possibilit\u00e9s infinies de personnalisation et de motifs \u00e9clatants, et la doublure en polaire offre une isolation suppl\u00e9mentaire contre le froid. Qu&#8217;il s&#8217;agisse de d\u00e9valer les pistes ou de se promener en ville, cet accessoire polyvalent vous permettra de rester bien au chaud avec un look \u00e9l\u00e9gant. Disponible en trois tailles. <\/p>","protected":false},"featured_media":484940,"template":"","meta":{"_eb_attr":""},"product_brand":[],"product_cat":[1025,1024],"product_tag":[1029,1030,1031,837,836,921],"class_list":{"0":"post-500661","1":"product","2":"type-product","3":"status-publish","4":"has-post-thumbnail","6":"product_cat-bonnets","7":"product_cat-vetements","8":"product_tag-bonnet","9":"product_tag-bonnets","10":"product_tag-couvre-chef","11":"product_tag-durable","12":"product_tag-recycle","13":"product_tag-sublimation","14":"pa_couleurs-blanc","15":"pa_couleurs-graphite","16":"pa_couleurs-marine","17":"pa_couleurs-noir","18":"pa_couleurs-vert-foret","19":"pa_taille-l","20":"pa_taille-l-26x21cm","21":"pa_taille-m-25x20cm","22":"pa_taille-s-24x19cm","24":"first","25":"instock","26":"shipping-taxable","27":"purchasable","28":"product-type-variable"},"yoast_head":"<!-- This site is optimized with the Yoast SEO plugin v27.4 - https:\/\/yoast.com\/product\/yoast-seo-wordpress\/ -->\n<title>Bonnet en rPET avec impression par sublimation et couche en polaire Loki - PERLE IN<\/title>\n<meta name=\"robots\" content=\"noindex, follow, max-snippet:-1, max-image-preview:large, max-video-preview:-1\" \/>\n<meta property=\"og:locale\" content=\"en_US\" \/>\n<meta property=\"og:type\" content=\"article\" \/>\n<meta property=\"og:title\" content=\"Bonnet en rPET avec impression par sublimation et couche en polaire Loki - PERLE IN\" \/>\n<meta property=\"og:description\" content=\"Bonnet avec impression par sublimation, en rPET recycl\u00e9 et avec une couche en polaire. M\u00ealant chaleur et confort, ce bonnet offre des possibilit\u00e9s infinies de personnalisation et de motifs \u00e9clatants, et la doublure en polaire offre une isolation suppl\u00e9mentaire contre le froid. Qu&#039;il s&#039;agisse de d\u00e9valer les pistes ou de se promener en ville, cet accessoire polyvalent vous permettra de rester bien au chaud avec un look \u00e9l\u00e9gant. Disponible en trois tailles.\" \/>\n<meta property=\"og:url\" content=\"https:\/\/perle-in.com\/en\/product\/bonnet-en-rpet-avec-impression-par-sublimation-et-couche-en-polaire-loki\/\" \/>\n<meta property=\"og:site_name\" content=\"PERLE IN\" \/>\n<meta property=\"article:modified_time\" content=\"2025-10-10T11:41:55+00:00\" \/>\n<meta property=\"og:image\" content=\"https:\/\/perle-in.com\/wp-content\/uploads\/2025\/09\/1PL16011-1.jpg\" \/>\n\t<meta property=\"og:image:width\" content=\"1600\" \/>\n\t<meta property=\"og:image:height\" content=\"1600\" \/>\n\t<meta property=\"og:image:type\" content=\"image\/jpeg\" \/>\n<meta name=\"twitter:card\" content=\"summary_large_image\" \/>\n<script type=\"application\/ld+json\" class=\"yoast-schema-graph\">{\"@context\":\"https:\\\/\\\/schema.org\",\"@graph\":[{\"@type\":\"WebPage\",\"@id\":\"https:\\\/\\\/perle-in.com\\\/produit\\\/bonnet-en-rpet-avec-impression-par-sublimation-et-couche-en-polaire-loki\\\/\",\"url\":\"https:\\\/\\\/perle-in.com\\\/produit\\\/bonnet-en-rpet-avec-impression-par-sublimation-et-couche-en-polaire-loki\\\/\",\"name\":\"Bonnet en rPET avec impression par sublimation et couche en polaire Loki - PERLE IN\",\"isPartOf\":{\"@id\":\"https:\\\/\\\/perle-in.com\\\/#website\"},\"primaryImageOfPage\":{\"@id\":\"https:\\\/\\\/perle-in.com\\\/produit\\\/bonnet-en-rpet-avec-impression-par-sublimation-et-couche-en-polaire-loki\\\/#primaryimage\"},\"image\":{\"@id\":\"https:\\\/\\\/perle-in.com\\\/produit\\\/bonnet-en-rpet-avec-impression-par-sublimation-et-couche-en-polaire-loki\\\/#primaryimage\"},\"thumbnailUrl\":\"https:\\\/\\\/perle-in.com\\\/wp-content\\\/uploads\\\/2025\\\/09\\\/1PL16011-1.jpg\",\"datePublished\":\"2025-10-10T11:41:30+00:00\",\"dateModified\":\"2025-10-10T11:41:55+00:00\",\"breadcrumb\":{\"@id\":\"https:\\\/\\\/perle-in.com\\\/produit\\\/bonnet-en-rpet-avec-impression-par-sublimation-et-couche-en-polaire-loki\\\/#breadcrumb\"},\"inLanguage\":\"en-CA\",\"potentialAction\":[{\"@type\":\"ReadAction\",\"target\":[\"https:\\\/\\\/perle-in.com\\\/produit\\\/bonnet-en-rpet-avec-impression-par-sublimation-et-couche-en-polaire-loki\\\/\"]}]},{\"@type\":\"ImageObject\",\"inLanguage\":\"en-CA\",\"@id\":\"https:\\\/\\\/perle-in.com\\\/produit\\\/bonnet-en-rpet-avec-impression-par-sublimation-et-couche-en-polaire-loki\\\/#primaryimage\",\"url\":\"https:\\\/\\\/perle-in.com\\\/wp-content\\\/uploads\\\/2025\\\/09\\\/1PL16011-1.jpg\",\"contentUrl\":\"https:\\\/\\\/perle-in.com\\\/wp-content\\\/uploads\\\/2025\\\/09\\\/1PL16011-1.jpg\",\"width\":1600,\"height\":1600},{\"@type\":\"BreadcrumbList\",\"@id\":\"https:\\\/\\\/perle-in.com\\\/produit\\\/bonnet-en-rpet-avec-impression-par-sublimation-et-couche-en-polaire-loki\\\/#breadcrumb\",\"itemListElement\":[{\"@type\":\"ListItem\",\"position\":1,\"name\":\"Accueil\",\"item\":\"https:\\\/\\\/perle-in.com\\\/\"},{\"@type\":\"ListItem\",\"position\":2,\"name\":\"Boutique\",\"item\":\"https:\\\/\\\/perle-in.com\\\/boutique\\\/\"},{\"@type\":\"ListItem\",\"position\":3,\"name\":\"Bonnet en rPET avec impression par sublimation et couche en polaire Loki\"}]},{\"@type\":\"WebSite\",\"@id\":\"https:\\\/\\\/perle-in.com\\\/#website\",\"url\":\"https:\\\/\\\/perle-in.com\\\/\",\"name\":\"PERLE IN\",\"description\":\"\",\"publisher\":{\"@id\":\"https:\\\/\\\/perle-in.com\\\/#organization\"},\"potentialAction\":[{\"@type\":\"SearchAction\",\"target\":{\"@type\":\"EntryPoint\",\"urlTemplate\":\"https:\\\/\\\/perle-in.com\\\/?s={search_term_string}\"},\"query-input\":{\"@type\":\"PropertyValueSpecification\",\"valueRequired\":true,\"valueName\":\"search_term_string\"}}],\"inLanguage\":\"en-CA\"},{\"@type\":\"Organization\",\"@id\":\"https:\\\/\\\/perle-in.com\\\/#organization\",\"name\":\"PERLE IN\",\"url\":\"https:\\\/\\\/perle-in.com\\\/\",\"logo\":{\"@type\":\"ImageObject\",\"inLanguage\":\"en-CA\",\"@id\":\"https:\\\/\\\/perle-in.com\\\/#\\\/schema\\\/logo\\\/image\\\/\",\"url\":\"https:\\\/\\\/perle-in.com\\\/wp-content\\\/uploads\\\/2022\\\/12\\\/LOGO-PERLE-IN-COULEUR@3x.webp\",\"contentUrl\":\"https:\\\/\\\/perle-in.com\\\/wp-content\\\/uploads\\\/2022\\\/12\\\/LOGO-PERLE-IN-COULEUR@3x.webp\",\"width\":1600,\"height\":490,\"caption\":\"PERLE IN\"},\"image\":{\"@id\":\"https:\\\/\\\/perle-in.com\\\/#\\\/schema\\\/logo\\\/image\\\/\"}}]}<\/script>\n<!-- \/ Yoast SEO plugin. -->","yoast_head_json":{"title":"Bonnet en rPET avec impression par sublimation et couche en polaire Loki - PERLE IN","robots":{"index":"noindex","follow":"follow","max-snippet":"max-snippet:-1","max-image-preview":"max-image-preview:large","max-video-preview":"max-video-preview:-1"},"og_locale":"en_US","og_type":"article","og_title":"Bonnet en rPET avec impression par sublimation et couche en polaire Loki - PERLE IN","og_description":"Bonnet avec impression par sublimation, en rPET recycl\u00e9 et avec une couche en polaire. M\u00ealant chaleur et confort, ce bonnet offre des possibilit\u00e9s infinies de personnalisation et de motifs \u00e9clatants, et la doublure en polaire offre une isolation suppl\u00e9mentaire contre le froid. Qu'il s'agisse de d\u00e9valer les pistes ou de se promener en ville, cet accessoire polyvalent vous permettra de rester bien au chaud avec un look \u00e9l\u00e9gant. Disponible en trois tailles.","og_url":"https:\/\/perle-in.com\/en\/product\/bonnet-en-rpet-avec-impression-par-sublimation-et-couche-en-polaire-loki\/","og_site_name":"PERLE IN","article_modified_time":"2025-10-10T11:41:55+00:00","og_image":[{"width":1600,"height":1600,"url":"https:\/\/perle-in.com\/wp-content\/uploads\/2025\/09\/1PL16011-1.jpg","type":"image\/jpeg"}],"twitter_card":"summary_large_image","schema":{"@context":"https:\/\/schema.org","@graph":[{"@type":"WebPage","@id":"https:\/\/perle-in.com\/produit\/bonnet-en-rpet-avec-impression-par-sublimation-et-couche-en-polaire-loki\/","url":"https:\/\/perle-in.com\/produit\/bonnet-en-rpet-avec-impression-par-sublimation-et-couche-en-polaire-loki\/","name":"Bonnet en rPET avec impression par sublimation et couche en polaire Loki - PERLE IN","isPartOf":{"@id":"https:\/\/perle-in.com\/#website"},"primaryImageOfPage":{"@id":"https:\/\/perle-in.com\/produit\/bonnet-en-rpet-avec-impression-par-sublimation-et-couche-en-polaire-loki\/#primaryimage"},"image":{"@id":"https:\/\/perle-in.com\/produit\/bonnet-en-rpet-avec-impression-par-sublimation-et-couche-en-polaire-loki\/#primaryimage"},"thumbnailUrl":"https:\/\/perle-in.com\/wp-content\/uploads\/2025\/09\/1PL16011-1.jpg","datePublished":"2025-10-10T11:41:30+00:00","dateModified":"2025-10-10T11:41:55+00:00","breadcrumb":{"@id":"https:\/\/perle-in.com\/produit\/bonnet-en-rpet-avec-impression-par-sublimation-et-couche-en-polaire-loki\/#breadcrumb"},"inLanguage":"en-CA","potentialAction":[{"@type":"ReadAction","target":["https:\/\/perle-in.com\/produit\/bonnet-en-rpet-avec-impression-par-sublimation-et-couche-en-polaire-loki\/"]}]},{"@type":"ImageObject","inLanguage":"en-CA","@id":"https:\/\/perle-in.com\/produit\/bonnet-en-rpet-avec-impression-par-sublimation-et-couche-en-polaire-loki\/#primaryimage","url":"https:\/\/perle-in.com\/wp-content\/uploads\/2025\/09\/1PL16011-1.jpg","contentUrl":"https:\/\/perle-in.com\/wp-content\/uploads\/2025\/09\/1PL16011-1.jpg","width":1600,"height":1600},{"@type":"BreadcrumbList","@id":"https:\/\/perle-in.com\/produit\/bonnet-en-rpet-avec-impression-par-sublimation-et-couche-en-polaire-loki\/#breadcrumb","itemListElement":[{"@type":"ListItem","position":1,"name":"Accueil","item":"https:\/\/perle-in.com\/"},{"@type":"ListItem","position":2,"name":"Boutique","item":"https:\/\/perle-in.com\/boutique\/"},{"@type":"ListItem","position":3,"name":"Bonnet en rPET avec impression par sublimation et couche en polaire Loki"}]},{"@type":"WebSite","@id":"https:\/\/perle-in.com\/#website","url":"https:\/\/perle-in.com\/","name":"PERLE IN","description":"","publisher":{"@id":"https:\/\/perle-in.com\/#organization"},"potentialAction":[{"@type":"SearchAction","target":{"@type":"EntryPoint","urlTemplate":"https:\/\/perle-in.com\/?s={search_term_string}"},"query-input":{"@type":"PropertyValueSpecification","valueRequired":true,"valueName":"search_term_string"}}],"inLanguage":"en-CA"},{"@type":"Organization","@id":"https:\/\/perle-in.com\/#organization","name":"PERLE IN","url":"https:\/\/perle-in.com\/","logo":{"@type":"ImageObject","inLanguage":"en-CA","@id":"https:\/\/perle-in.com\/#\/schema\/logo\/image\/","url":"https:\/\/perle-in.com\/wp-content\/uploads\/2022\/12\/LOGO-PERLE-IN-COULEUR@3x.webp","contentUrl":"https:\/\/perle-in.com\/wp-content\/uploads\/2022\/12\/LOGO-PERLE-IN-COULEUR@3x.webp","width":1600,"height":490,"caption":"PERLE IN"},"image":{"@id":"https:\/\/perle-in.com\/#\/schema\/logo\/image\/"}}]}},"jetpack_sharing_enabled":true,"_links":{"self":[{"href":"https:\/\/perle-in.com\/en\/wp-json\/wp\/v2\/product\/500661","targetHints":{"allow":["GET"]}}],"collection":[{"href":"https:\/\/perle-in.com\/en\/wp-json\/wp\/v2\/product"}],"about":[{"href":"https:\/\/perle-in.com\/en\/wp-json\/wp\/v2\/types\/product"}],"version-history":[{"count":0,"href":"https:\/\/perle-in.com\/en\/wp-json\/wp\/v2\/product\/500661\/revisions"}],"wp:featuredmedia":[{"embeddable":true,"href":"https:\/\/perle-in.com\/en\/wp-json\/wp\/v2\/media\/484940"}],"wp:attachment":[{"href":"https:\/\/perle-in.com\/en\/wp-json\/wp\/v2\/media?parent=500661"}],"wp:term":[{"taxonomy":"product_brand","embeddable":true,"href":"https:\/\/perle-in.com\/en\/wp-json\/wp\/v2\/product_brand?post=500661"},{"taxonomy":"product_cat","embeddable":true,"href":"https:\/\/perle-in.com\/en\/wp-json\/wp\/v2\/product_cat?post=500661"},{"taxonomy":"product_tag","embeddable":true,"href":"https:\/\/perle-in.com\/en\/wp-json\/wp\/v2\/product_tag?post=500661"}],"curies":[{"name":"wp","href":"https:\/\/api.w.org\/{rel}","templated":true}]}}