{"id":500641,"date":"2025-10-10T13:38:21","date_gmt":"2025-10-10T11:38:21","guid":{"rendered":"https:\/\/perle-in.com\/produit\/bandeau-lily-en-rpet-avec-impression-par-sublimation\/"},"modified":"2025-10-10T13:38:23","modified_gmt":"2025-10-10T11:38:23","slug":"bandeau-lily-en-rpet-avec-impression-par-sublimation","status":"publish","type":"product","link":"https:\/\/perle-in.com\/en\/product\/bandeau-lily-en-rpet-avec-impression-par-sublimation\/","title":{"rendered":"Bandeau Lily en RPET avec impression par sublimation"},"content":{"rendered":"","protected":false},"excerpt":{"rendered":"<p>Bandeau en PET recycl\u00e9 avec design enti\u00e8rement color\u00e9 et impression par sublimation. Le m\u00e9lange ultime de style et de fonctionnalit\u00e9 pour toute activit\u00e9, offrant un confort sup\u00e9rieur et des propri\u00e9t\u00e9s d&#8217;\u00e9vacuation de l&#8217;humidit\u00e9, vous gardant au frais et au sec pendant les s\u00e9ances d&#8217;entra\u00eenement ou au quotidien. Sa conception extensible garantit un ajustement parfait pour toutes les tailles de t\u00eate.<\/p>","protected":false},"featured_media":484737,"template":"","meta":{"_eb_attr":""},"product_brand":[],"product_cat":[232,129],"product_tag":[234,235,837,836,986,921],"class_list":{"0":"post-500641","1":"product","2":"type-product","3":"status-publish","4":"has-post-thumbnail","6":"product_cat-articles-de-fitness-et-de-sport","7":"product_cat-sport-et-loisirs","8":"product_tag-bandeau","9":"product_tag-bandeaux","10":"product_tag-durable","11":"product_tag-recycle","12":"product_tag-rpet","13":"product_tag-sublimation","14":"pa_couleurs-blanc","16":"first","17":"instock","18":"shipping-taxable","19":"purchasable","20":"product-type-variable"},"yoast_head":"<!-- This site is optimized with the Yoast SEO plugin v27.4 - https:\/\/yoast.com\/product\/yoast-seo-wordpress\/ -->\n<title>Bandeau Lily en RPET avec impression par sublimation - PERLE IN<\/title>\n<meta name=\"robots\" content=\"noindex, follow, max-snippet:-1, max-image-preview:large, max-video-preview:-1\" \/>\n<meta property=\"og:locale\" content=\"en_US\" \/>\n<meta property=\"og:type\" content=\"article\" \/>\n<meta property=\"og:title\" content=\"Bandeau Lily en RPET avec impression par sublimation - PERLE IN\" \/>\n<meta property=\"og:description\" content=\"Bandeau en PET recycl\u00e9 avec design enti\u00e8rement color\u00e9 et impression par sublimation. Le m\u00e9lange ultime de style et de fonctionnalit\u00e9 pour toute activit\u00e9, offrant un confort sup\u00e9rieur et des propri\u00e9t\u00e9s d&#039;\u00e9vacuation de l&#039;humidit\u00e9, vous gardant au frais et au sec pendant les s\u00e9ances d&#039;entra\u00eenement ou au quotidien. Sa conception extensible garantit un ajustement parfait pour toutes les tailles de t\u00eate.\" \/>\n<meta property=\"og:url\" content=\"https:\/\/perle-in.com\/en\/product\/bandeau-lily-en-rpet-avec-impression-par-sublimation\/\" \/>\n<meta property=\"og:site_name\" content=\"PERLE IN\" \/>\n<meta property=\"article:modified_time\" content=\"2025-10-10T11:38:23+00:00\" \/>\n<meta property=\"og:image\" content=\"https:\/\/perle-in.com\/wp-content\/uploads\/2025\/09\/1PL04701-1.jpg\" \/>\n\t<meta property=\"og:image:width\" content=\"1600\" \/>\n\t<meta property=\"og:image:height\" content=\"1600\" \/>\n\t<meta property=\"og:image:type\" content=\"image\/jpeg\" \/>\n<meta name=\"twitter:card\" content=\"summary_large_image\" \/>\n<script type=\"application\/ld+json\" class=\"yoast-schema-graph\">{\"@context\":\"https:\\\/\\\/schema.org\",\"@graph\":[{\"@type\":\"WebPage\",\"@id\":\"https:\\\/\\\/perle-in.com\\\/produit\\\/bandeau-lily-en-rpet-avec-impression-par-sublimation\\\/\",\"url\":\"https:\\\/\\\/perle-in.com\\\/produit\\\/bandeau-lily-en-rpet-avec-impression-par-sublimation\\\/\",\"name\":\"Bandeau Lily en RPET avec impression par sublimation - PERLE IN\",\"isPartOf\":{\"@id\":\"https:\\\/\\\/perle-in.com\\\/#website\"},\"primaryImageOfPage\":{\"@id\":\"https:\\\/\\\/perle-in.com\\\/produit\\\/bandeau-lily-en-rpet-avec-impression-par-sublimation\\\/#primaryimage\"},\"image\":{\"@id\":\"https:\\\/\\\/perle-in.com\\\/produit\\\/bandeau-lily-en-rpet-avec-impression-par-sublimation\\\/#primaryimage\"},\"thumbnailUrl\":\"https:\\\/\\\/perle-in.com\\\/wp-content\\\/uploads\\\/2025\\\/09\\\/1PL04701-1.jpg\",\"datePublished\":\"2025-10-10T11:38:21+00:00\",\"dateModified\":\"2025-10-10T11:38:23+00:00\",\"breadcrumb\":{\"@id\":\"https:\\\/\\\/perle-in.com\\\/produit\\\/bandeau-lily-en-rpet-avec-impression-par-sublimation\\\/#breadcrumb\"},\"inLanguage\":\"en-CA\",\"potentialAction\":[{\"@type\":\"ReadAction\",\"target\":[\"https:\\\/\\\/perle-in.com\\\/produit\\\/bandeau-lily-en-rpet-avec-impression-par-sublimation\\\/\"]}]},{\"@type\":\"ImageObject\",\"inLanguage\":\"en-CA\",\"@id\":\"https:\\\/\\\/perle-in.com\\\/produit\\\/bandeau-lily-en-rpet-avec-impression-par-sublimation\\\/#primaryimage\",\"url\":\"https:\\\/\\\/perle-in.com\\\/wp-content\\\/uploads\\\/2025\\\/09\\\/1PL04701-1.jpg\",\"contentUrl\":\"https:\\\/\\\/perle-in.com\\\/wp-content\\\/uploads\\\/2025\\\/09\\\/1PL04701-1.jpg\",\"width\":1600,\"height\":1600},{\"@type\":\"BreadcrumbList\",\"@id\":\"https:\\\/\\\/perle-in.com\\\/produit\\\/bandeau-lily-en-rpet-avec-impression-par-sublimation\\\/#breadcrumb\",\"itemListElement\":[{\"@type\":\"ListItem\",\"position\":1,\"name\":\"Accueil\",\"item\":\"https:\\\/\\\/perle-in.com\\\/\"},{\"@type\":\"ListItem\",\"position\":2,\"name\":\"Boutique\",\"item\":\"https:\\\/\\\/perle-in.com\\\/boutique\\\/\"},{\"@type\":\"ListItem\",\"position\":3,\"name\":\"Bandeau Lily en RPET avec impression par sublimation\"}]},{\"@type\":\"WebSite\",\"@id\":\"https:\\\/\\\/perle-in.com\\\/#website\",\"url\":\"https:\\\/\\\/perle-in.com\\\/\",\"name\":\"PERLE IN\",\"description\":\"\",\"publisher\":{\"@id\":\"https:\\\/\\\/perle-in.com\\\/#organization\"},\"potentialAction\":[{\"@type\":\"SearchAction\",\"target\":{\"@type\":\"EntryPoint\",\"urlTemplate\":\"https:\\\/\\\/perle-in.com\\\/?s={search_term_string}\"},\"query-input\":{\"@type\":\"PropertyValueSpecification\",\"valueRequired\":true,\"valueName\":\"search_term_string\"}}],\"inLanguage\":\"en-CA\"},{\"@type\":\"Organization\",\"@id\":\"https:\\\/\\\/perle-in.com\\\/#organization\",\"name\":\"PERLE IN\",\"url\":\"https:\\\/\\\/perle-in.com\\\/\",\"logo\":{\"@type\":\"ImageObject\",\"inLanguage\":\"en-CA\",\"@id\":\"https:\\\/\\\/perle-in.com\\\/#\\\/schema\\\/logo\\\/image\\\/\",\"url\":\"https:\\\/\\\/perle-in.com\\\/wp-content\\\/uploads\\\/2022\\\/12\\\/LOGO-PERLE-IN-COULEUR@3x.webp\",\"contentUrl\":\"https:\\\/\\\/perle-in.com\\\/wp-content\\\/uploads\\\/2022\\\/12\\\/LOGO-PERLE-IN-COULEUR@3x.webp\",\"width\":1600,\"height\":490,\"caption\":\"PERLE IN\"},\"image\":{\"@id\":\"https:\\\/\\\/perle-in.com\\\/#\\\/schema\\\/logo\\\/image\\\/\"}}]}<\/script>\n<!-- \/ Yoast SEO plugin. -->","yoast_head_json":{"title":"Bandeau Lily en RPET avec impression par sublimation - PERLE IN","robots":{"index":"noindex","follow":"follow","max-snippet":"max-snippet:-1","max-image-preview":"max-image-preview:large","max-video-preview":"max-video-preview:-1"},"og_locale":"en_US","og_type":"article","og_title":"Bandeau Lily en RPET avec impression par sublimation - PERLE IN","og_description":"Bandeau en PET recycl\u00e9 avec design enti\u00e8rement color\u00e9 et impression par sublimation. Le m\u00e9lange ultime de style et de fonctionnalit\u00e9 pour toute activit\u00e9, offrant un confort sup\u00e9rieur et des propri\u00e9t\u00e9s d'\u00e9vacuation de l'humidit\u00e9, vous gardant au frais et au sec pendant les s\u00e9ances d'entra\u00eenement ou au quotidien. Sa conception extensible garantit un ajustement parfait pour toutes les tailles de t\u00eate.","og_url":"https:\/\/perle-in.com\/en\/product\/bandeau-lily-en-rpet-avec-impression-par-sublimation\/","og_site_name":"PERLE IN","article_modified_time":"2025-10-10T11:38:23+00:00","og_image":[{"width":1600,"height":1600,"url":"https:\/\/perle-in.com\/wp-content\/uploads\/2025\/09\/1PL04701-1.jpg","type":"image\/jpeg"}],"twitter_card":"summary_large_image","schema":{"@context":"https:\/\/schema.org","@graph":[{"@type":"WebPage","@id":"https:\/\/perle-in.com\/produit\/bandeau-lily-en-rpet-avec-impression-par-sublimation\/","url":"https:\/\/perle-in.com\/produit\/bandeau-lily-en-rpet-avec-impression-par-sublimation\/","name":"Bandeau Lily en RPET avec impression par sublimation - PERLE IN","isPartOf":{"@id":"https:\/\/perle-in.com\/#website"},"primaryImageOfPage":{"@id":"https:\/\/perle-in.com\/produit\/bandeau-lily-en-rpet-avec-impression-par-sublimation\/#primaryimage"},"image":{"@id":"https:\/\/perle-in.com\/produit\/bandeau-lily-en-rpet-avec-impression-par-sublimation\/#primaryimage"},"thumbnailUrl":"https:\/\/perle-in.com\/wp-content\/uploads\/2025\/09\/1PL04701-1.jpg","datePublished":"2025-10-10T11:38:21+00:00","dateModified":"2025-10-10T11:38:23+00:00","breadcrumb":{"@id":"https:\/\/perle-in.com\/produit\/bandeau-lily-en-rpet-avec-impression-par-sublimation\/#breadcrumb"},"inLanguage":"en-CA","potentialAction":[{"@type":"ReadAction","target":["https:\/\/perle-in.com\/produit\/bandeau-lily-en-rpet-avec-impression-par-sublimation\/"]}]},{"@type":"ImageObject","inLanguage":"en-CA","@id":"https:\/\/perle-in.com\/produit\/bandeau-lily-en-rpet-avec-impression-par-sublimation\/#primaryimage","url":"https:\/\/perle-in.com\/wp-content\/uploads\/2025\/09\/1PL04701-1.jpg","contentUrl":"https:\/\/perle-in.com\/wp-content\/uploads\/2025\/09\/1PL04701-1.jpg","width":1600,"height":1600},{"@type":"BreadcrumbList","@id":"https:\/\/perle-in.com\/produit\/bandeau-lily-en-rpet-avec-impression-par-sublimation\/#breadcrumb","itemListElement":[{"@type":"ListItem","position":1,"name":"Accueil","item":"https:\/\/perle-in.com\/"},{"@type":"ListItem","position":2,"name":"Boutique","item":"https:\/\/perle-in.com\/boutique\/"},{"@type":"ListItem","position":3,"name":"Bandeau Lily en RPET avec impression par sublimation"}]},{"@type":"WebSite","@id":"https:\/\/perle-in.com\/#website","url":"https:\/\/perle-in.com\/","name":"PERLE IN","description":"","publisher":{"@id":"https:\/\/perle-in.com\/#organization"},"potentialAction":[{"@type":"SearchAction","target":{"@type":"EntryPoint","urlTemplate":"https:\/\/perle-in.com\/?s={search_term_string}"},"query-input":{"@type":"PropertyValueSpecification","valueRequired":true,"valueName":"search_term_string"}}],"inLanguage":"en-CA"},{"@type":"Organization","@id":"https:\/\/perle-in.com\/#organization","name":"PERLE IN","url":"https:\/\/perle-in.com\/","logo":{"@type":"ImageObject","inLanguage":"en-CA","@id":"https:\/\/perle-in.com\/#\/schema\/logo\/image\/","url":"https:\/\/perle-in.com\/wp-content\/uploads\/2022\/12\/LOGO-PERLE-IN-COULEUR@3x.webp","contentUrl":"https:\/\/perle-in.com\/wp-content\/uploads\/2022\/12\/LOGO-PERLE-IN-COULEUR@3x.webp","width":1600,"height":490,"caption":"PERLE IN"},"image":{"@id":"https:\/\/perle-in.com\/#\/schema\/logo\/image\/"}}]}},"jetpack_sharing_enabled":true,"_links":{"self":[{"href":"https:\/\/perle-in.com\/en\/wp-json\/wp\/v2\/product\/500641","targetHints":{"allow":["GET"]}}],"collection":[{"href":"https:\/\/perle-in.com\/en\/wp-json\/wp\/v2\/product"}],"about":[{"href":"https:\/\/perle-in.com\/en\/wp-json\/wp\/v2\/types\/product"}],"version-history":[{"count":0,"href":"https:\/\/perle-in.com\/en\/wp-json\/wp\/v2\/product\/500641\/revisions"}],"wp:featuredmedia":[{"embeddable":true,"href":"https:\/\/perle-in.com\/en\/wp-json\/wp\/v2\/media\/484737"}],"wp:attachment":[{"href":"https:\/\/perle-in.com\/en\/wp-json\/wp\/v2\/media?parent=500641"}],"wp:term":[{"taxonomy":"product_brand","embeddable":true,"href":"https:\/\/perle-in.com\/en\/wp-json\/wp\/v2\/product_brand?post=500641"},{"taxonomy":"product_cat","embeddable":true,"href":"https:\/\/perle-in.com\/en\/wp-json\/wp\/v2\/product_cat?post=500641"},{"taxonomy":"product_tag","embeddable":true,"href":"https:\/\/perle-in.com\/en\/wp-json\/wp\/v2\/product_tag?post=500641"}],"curies":[{"name":"wp","href":"https:\/\/api.w.org\/{rel}","templated":true}]}}