{"id":500575,"date":"2025-10-10T13:32:18","date_gmt":"2025-10-10T11:32:18","guid":{"rendered":"https:\/\/perle-in.com\/produit\/cle-usb-3-0-rotate-avec-surface-de-marquage\/"},"modified":"2025-10-10T13:34:10","modified_gmt":"2025-10-10T11:34:10","slug":"cle-usb-3-0-rotate-avec-surface-de-marquage","status":"publish","type":"product","link":"https:\/\/perle-in.com\/en\/product\/cle-usb-3-0-rotate-avec-surface-de-marquage\/","title":{"rendered":"Cl\u00e9 USB\u00a03.0 Rotate avec surface de marquage"},"content":{"rendered":"","protected":false},"excerpt":{"rendered":"<p>La cl\u00e9 USB\u00a03.0 Rotate est une cl\u00e9 USB polyvalente et durable con\u00e7ue pour prot\u00e9ger vos donn\u00e9es gr\u00e2ce \u00e0 sa fonction rotative innovante. Avec la technologie USB\u00a03.0, vous pouvez profiter de transferts de donn\u00e9es ultra-rapides, ce qui vous fait gagner un temps pr\u00e9cieux. La conception rotative unique fournit non seulement une forme \u00e9l\u00e9gante et compacte, mais agit \u00e9galement comme un m\u00e9canisme de protection, prot\u00e9geant le connecteur USB des dommages potentiels lorsqu&#8217;il n&#8217;est pas utilis\u00e9. Avec la m\u00e9thode d&#8217;impression doming, le logo a un effet 3D.<\/p>","protected":false},"featured_media":484618,"template":"","meta":{"_eb_attr":""},"product_brand":[],"product_cat":[743,667],"product_tag":[801,909,799,744],"class_list":{"0":"post-500575","1":"product","2":"type-product","3":"status-publish","4":"has-post-thumbnail","6":"product_cat-cles-usb","7":"product_cat-technologie","8":"product_tag-cle","9":"product_tag-fichiers","10":"product_tag-stockage","11":"product_tag-usb","12":"pa_couleurs-blanc","13":"pa_couleurs-bleu","14":"pa_couleurs-bleu-royal","15":"pa_couleurs-citron-vert","16":"pa_couleurs-noir","17":"pa_couleurs-orange","18":"pa_couleurs-rouge","19":"pa_couleurs-violet","20":"pa_taille-128gb","21":"pa_taille-16gb","22":"pa_taille-32gb","23":"pa_taille-64gb","25":"first","26":"instock","27":"shipping-taxable","28":"purchasable","29":"product-type-variable"},"yoast_head":"<!-- This site is optimized with the Yoast SEO plugin v27.4 - https:\/\/yoast.com\/product\/yoast-seo-wordpress\/ -->\n<title>Cl\u00e9 USB\u00a03.0 Rotate avec surface de marquage - PERLE IN<\/title>\n<meta name=\"robots\" content=\"noindex, follow, max-snippet:-1, max-image-preview:large, max-video-preview:-1\" \/>\n<meta property=\"og:locale\" content=\"en_US\" \/>\n<meta property=\"og:type\" content=\"article\" \/>\n<meta property=\"og:title\" content=\"Cl\u00e9 USB\u00a03.0 Rotate avec surface de marquage - PERLE IN\" \/>\n<meta property=\"og:description\" content=\"La cl\u00e9 USB\u00a03.0 Rotate est une cl\u00e9 USB polyvalente et durable con\u00e7ue pour prot\u00e9ger vos donn\u00e9es gr\u00e2ce \u00e0 sa fonction rotative innovante. Avec la technologie USB\u00a03.0, vous pouvez profiter de transferts de donn\u00e9es ultra-rapides, ce qui vous fait gagner un temps pr\u00e9cieux. La conception rotative unique fournit non seulement une forme \u00e9l\u00e9gante et compacte, mais agit \u00e9galement comme un m\u00e9canisme de protection, prot\u00e9geant le connecteur USB des dommages potentiels lorsqu&#039;il n&#039;est pas utilis\u00e9. Avec la m\u00e9thode d&#039;impression doming, le logo a un effet 3D.\" \/>\n<meta property=\"og:url\" content=\"https:\/\/perle-in.com\/en\/product\/cle-usb-3-0-rotate-avec-surface-de-marquage\/\" \/>\n<meta property=\"og:site_name\" content=\"PERLE IN\" \/>\n<meta property=\"article:modified_time\" content=\"2025-10-10T11:34:10+00:00\" \/>\n<meta property=\"og:image\" content=\"https:\/\/perle-in.com\/wp-content\/uploads\/2025\/09\/1Z50901K-1.jpg\" \/>\n\t<meta property=\"og:image:width\" content=\"1600\" \/>\n\t<meta property=\"og:image:height\" content=\"1600\" \/>\n\t<meta property=\"og:image:type\" content=\"image\/jpeg\" \/>\n<meta name=\"twitter:card\" content=\"summary_large_image\" \/>\n<script type=\"application\/ld+json\" class=\"yoast-schema-graph\">{\"@context\":\"https:\\\/\\\/schema.org\",\"@graph\":[{\"@type\":\"WebPage\",\"@id\":\"https:\\\/\\\/perle-in.com\\\/produit\\\/cle-usb-3-0-rotate-avec-surface-de-marquage\\\/\",\"url\":\"https:\\\/\\\/perle-in.com\\\/produit\\\/cle-usb-3-0-rotate-avec-surface-de-marquage\\\/\",\"name\":\"Cl\u00e9 USB\u00a03.0 Rotate avec surface de marquage - PERLE IN\",\"isPartOf\":{\"@id\":\"https:\\\/\\\/perle-in.com\\\/#website\"},\"primaryImageOfPage\":{\"@id\":\"https:\\\/\\\/perle-in.com\\\/produit\\\/cle-usb-3-0-rotate-avec-surface-de-marquage\\\/#primaryimage\"},\"image\":{\"@id\":\"https:\\\/\\\/perle-in.com\\\/produit\\\/cle-usb-3-0-rotate-avec-surface-de-marquage\\\/#primaryimage\"},\"thumbnailUrl\":\"https:\\\/\\\/perle-in.com\\\/wp-content\\\/uploads\\\/2025\\\/09\\\/1Z50901K-1.jpg\",\"datePublished\":\"2025-10-10T11:32:18+00:00\",\"dateModified\":\"2025-10-10T11:34:10+00:00\",\"breadcrumb\":{\"@id\":\"https:\\\/\\\/perle-in.com\\\/produit\\\/cle-usb-3-0-rotate-avec-surface-de-marquage\\\/#breadcrumb\"},\"inLanguage\":\"en-CA\",\"potentialAction\":[{\"@type\":\"ReadAction\",\"target\":[\"https:\\\/\\\/perle-in.com\\\/produit\\\/cle-usb-3-0-rotate-avec-surface-de-marquage\\\/\"]}]},{\"@type\":\"ImageObject\",\"inLanguage\":\"en-CA\",\"@id\":\"https:\\\/\\\/perle-in.com\\\/produit\\\/cle-usb-3-0-rotate-avec-surface-de-marquage\\\/#primaryimage\",\"url\":\"https:\\\/\\\/perle-in.com\\\/wp-content\\\/uploads\\\/2025\\\/09\\\/1Z50901K-1.jpg\",\"contentUrl\":\"https:\\\/\\\/perle-in.com\\\/wp-content\\\/uploads\\\/2025\\\/09\\\/1Z50901K-1.jpg\",\"width\":1600,\"height\":1600},{\"@type\":\"BreadcrumbList\",\"@id\":\"https:\\\/\\\/perle-in.com\\\/produit\\\/cle-usb-3-0-rotate-avec-surface-de-marquage\\\/#breadcrumb\",\"itemListElement\":[{\"@type\":\"ListItem\",\"position\":1,\"name\":\"Accueil\",\"item\":\"https:\\\/\\\/perle-in.com\\\/\"},{\"@type\":\"ListItem\",\"position\":2,\"name\":\"Boutique\",\"item\":\"https:\\\/\\\/perle-in.com\\\/boutique\\\/\"},{\"@type\":\"ListItem\",\"position\":3,\"name\":\"Cl\u00e9 USB\u00a03.0 Rotate avec surface de marquage\"}]},{\"@type\":\"WebSite\",\"@id\":\"https:\\\/\\\/perle-in.com\\\/#website\",\"url\":\"https:\\\/\\\/perle-in.com\\\/\",\"name\":\"PERLE IN\",\"description\":\"\",\"publisher\":{\"@id\":\"https:\\\/\\\/perle-in.com\\\/#organization\"},\"potentialAction\":[{\"@type\":\"SearchAction\",\"target\":{\"@type\":\"EntryPoint\",\"urlTemplate\":\"https:\\\/\\\/perle-in.com\\\/?s={search_term_string}\"},\"query-input\":{\"@type\":\"PropertyValueSpecification\",\"valueRequired\":true,\"valueName\":\"search_term_string\"}}],\"inLanguage\":\"en-CA\"},{\"@type\":\"Organization\",\"@id\":\"https:\\\/\\\/perle-in.com\\\/#organization\",\"name\":\"PERLE IN\",\"url\":\"https:\\\/\\\/perle-in.com\\\/\",\"logo\":{\"@type\":\"ImageObject\",\"inLanguage\":\"en-CA\",\"@id\":\"https:\\\/\\\/perle-in.com\\\/#\\\/schema\\\/logo\\\/image\\\/\",\"url\":\"https:\\\/\\\/perle-in.com\\\/wp-content\\\/uploads\\\/2022\\\/12\\\/LOGO-PERLE-IN-COULEUR@3x.webp\",\"contentUrl\":\"https:\\\/\\\/perle-in.com\\\/wp-content\\\/uploads\\\/2022\\\/12\\\/LOGO-PERLE-IN-COULEUR@3x.webp\",\"width\":1600,\"height\":490,\"caption\":\"PERLE IN\"},\"image\":{\"@id\":\"https:\\\/\\\/perle-in.com\\\/#\\\/schema\\\/logo\\\/image\\\/\"}}]}<\/script>\n<!-- \/ Yoast SEO plugin. -->","yoast_head_json":{"title":"Cl\u00e9 USB\u00a03.0 Rotate avec surface de marquage - PERLE IN","robots":{"index":"noindex","follow":"follow","max-snippet":"max-snippet:-1","max-image-preview":"max-image-preview:large","max-video-preview":"max-video-preview:-1"},"og_locale":"en_US","og_type":"article","og_title":"Cl\u00e9 USB\u00a03.0 Rotate avec surface de marquage - PERLE IN","og_description":"La cl\u00e9 USB\u00a03.0 Rotate est une cl\u00e9 USB polyvalente et durable con\u00e7ue pour prot\u00e9ger vos donn\u00e9es gr\u00e2ce \u00e0 sa fonction rotative innovante. Avec la technologie USB\u00a03.0, vous pouvez profiter de transferts de donn\u00e9es ultra-rapides, ce qui vous fait gagner un temps pr\u00e9cieux. La conception rotative unique fournit non seulement une forme \u00e9l\u00e9gante et compacte, mais agit \u00e9galement comme un m\u00e9canisme de protection, prot\u00e9geant le connecteur USB des dommages potentiels lorsqu'il n'est pas utilis\u00e9. Avec la m\u00e9thode d'impression doming, le logo a un effet 3D.","og_url":"https:\/\/perle-in.com\/en\/product\/cle-usb-3-0-rotate-avec-surface-de-marquage\/","og_site_name":"PERLE IN","article_modified_time":"2025-10-10T11:34:10+00:00","og_image":[{"width":1600,"height":1600,"url":"https:\/\/perle-in.com\/wp-content\/uploads\/2025\/09\/1Z50901K-1.jpg","type":"image\/jpeg"}],"twitter_card":"summary_large_image","schema":{"@context":"https:\/\/schema.org","@graph":[{"@type":"WebPage","@id":"https:\/\/perle-in.com\/produit\/cle-usb-3-0-rotate-avec-surface-de-marquage\/","url":"https:\/\/perle-in.com\/produit\/cle-usb-3-0-rotate-avec-surface-de-marquage\/","name":"Cl\u00e9 USB\u00a03.0 Rotate avec surface de marquage - PERLE IN","isPartOf":{"@id":"https:\/\/perle-in.com\/#website"},"primaryImageOfPage":{"@id":"https:\/\/perle-in.com\/produit\/cle-usb-3-0-rotate-avec-surface-de-marquage\/#primaryimage"},"image":{"@id":"https:\/\/perle-in.com\/produit\/cle-usb-3-0-rotate-avec-surface-de-marquage\/#primaryimage"},"thumbnailUrl":"https:\/\/perle-in.com\/wp-content\/uploads\/2025\/09\/1Z50901K-1.jpg","datePublished":"2025-10-10T11:32:18+00:00","dateModified":"2025-10-10T11:34:10+00:00","breadcrumb":{"@id":"https:\/\/perle-in.com\/produit\/cle-usb-3-0-rotate-avec-surface-de-marquage\/#breadcrumb"},"inLanguage":"en-CA","potentialAction":[{"@type":"ReadAction","target":["https:\/\/perle-in.com\/produit\/cle-usb-3-0-rotate-avec-surface-de-marquage\/"]}]},{"@type":"ImageObject","inLanguage":"en-CA","@id":"https:\/\/perle-in.com\/produit\/cle-usb-3-0-rotate-avec-surface-de-marquage\/#primaryimage","url":"https:\/\/perle-in.com\/wp-content\/uploads\/2025\/09\/1Z50901K-1.jpg","contentUrl":"https:\/\/perle-in.com\/wp-content\/uploads\/2025\/09\/1Z50901K-1.jpg","width":1600,"height":1600},{"@type":"BreadcrumbList","@id":"https:\/\/perle-in.com\/produit\/cle-usb-3-0-rotate-avec-surface-de-marquage\/#breadcrumb","itemListElement":[{"@type":"ListItem","position":1,"name":"Accueil","item":"https:\/\/perle-in.com\/"},{"@type":"ListItem","position":2,"name":"Boutique","item":"https:\/\/perle-in.com\/boutique\/"},{"@type":"ListItem","position":3,"name":"Cl\u00e9 USB\u00a03.0 Rotate avec surface de marquage"}]},{"@type":"WebSite","@id":"https:\/\/perle-in.com\/#website","url":"https:\/\/perle-in.com\/","name":"PERLE IN","description":"","publisher":{"@id":"https:\/\/perle-in.com\/#organization"},"potentialAction":[{"@type":"SearchAction","target":{"@type":"EntryPoint","urlTemplate":"https:\/\/perle-in.com\/?s={search_term_string}"},"query-input":{"@type":"PropertyValueSpecification","valueRequired":true,"valueName":"search_term_string"}}],"inLanguage":"en-CA"},{"@type":"Organization","@id":"https:\/\/perle-in.com\/#organization","name":"PERLE IN","url":"https:\/\/perle-in.com\/","logo":{"@type":"ImageObject","inLanguage":"en-CA","@id":"https:\/\/perle-in.com\/#\/schema\/logo\/image\/","url":"https:\/\/perle-in.com\/wp-content\/uploads\/2022\/12\/LOGO-PERLE-IN-COULEUR@3x.webp","contentUrl":"https:\/\/perle-in.com\/wp-content\/uploads\/2022\/12\/LOGO-PERLE-IN-COULEUR@3x.webp","width":1600,"height":490,"caption":"PERLE IN"},"image":{"@id":"https:\/\/perle-in.com\/#\/schema\/logo\/image\/"}}]}},"jetpack_sharing_enabled":true,"_links":{"self":[{"href":"https:\/\/perle-in.com\/en\/wp-json\/wp\/v2\/product\/500575","targetHints":{"allow":["GET"]}}],"collection":[{"href":"https:\/\/perle-in.com\/en\/wp-json\/wp\/v2\/product"}],"about":[{"href":"https:\/\/perle-in.com\/en\/wp-json\/wp\/v2\/types\/product"}],"version-history":[{"count":0,"href":"https:\/\/perle-in.com\/en\/wp-json\/wp\/v2\/product\/500575\/revisions"}],"wp:featuredmedia":[{"embeddable":true,"href":"https:\/\/perle-in.com\/en\/wp-json\/wp\/v2\/media\/484618"}],"wp:attachment":[{"href":"https:\/\/perle-in.com\/en\/wp-json\/wp\/v2\/media?parent=500575"}],"wp:term":[{"taxonomy":"product_brand","embeddable":true,"href":"https:\/\/perle-in.com\/en\/wp-json\/wp\/v2\/product_brand?post=500575"},{"taxonomy":"product_cat","embeddable":true,"href":"https:\/\/perle-in.com\/en\/wp-json\/wp\/v2\/product_cat?post=500575"},{"taxonomy":"product_tag","embeddable":true,"href":"https:\/\/perle-in.com\/en\/wp-json\/wp\/v2\/product_tag?post=500575"}],"curies":[{"name":"wp","href":"https:\/\/api.w.org\/{rel}","templated":true}]}}