{"id":500571,"date":"2025-10-10T13:29:49","date_gmt":"2025-10-10T11:29:49","guid":{"rendered":"https:\/\/perle-in.com\/produit\/tour-de-cou-pour-sublimation-rpet-avec-boucle-de-securite-lois\/"},"modified":"2025-10-10T13:30:04","modified_gmt":"2025-10-10T11:30:04","slug":"tour-de-cou-pour-sublimation-rpet-avec-boucle-de-securite-lois","status":"publish","type":"product","link":"https:\/\/perle-in.com\/en\/product\/tour-de-cou-pour-sublimation-rpet-avec-boucle-de-securite-lois\/","title":{"rendered":"Tour de cou pour sublimation rPET avec boucle de s\u00e9curit\u00e9 Lois"},"content":{"rendered":"","protected":false},"excerpt":{"rendered":"<p>Tour de cou pour sublimation rPET avec bande rPET, porte-cl\u00e9s et boucle avec fermoir amovible pour \u00e9liminer les risques d\u2019\u00e9touffement. Permet d&#8217;accrocher un badge nominatif, une carte d\u2019identit\u00e9 ou des cl\u00e9s. Disponible en 4\u00a0largeurs diff\u00e9rentes\u00a0: 10, 15, 20 et 25 mm.<\/p>","protected":false},"featured_media":484901,"template":"","meta":{"_eb_attr":""},"product_brand":[],"product_cat":[400,420],"product_tag":[1022,642,643,644,1021,986,921,481],"class_list":{"0":"post-500571","1":"product","2":"type-product","3":"status-publish","4":"has-post-thumbnail","6":"product_cat-accessoires","7":"product_cat-tours-de-cou","8":"product_tag-boucle-de-securite","9":"product_tag-cordon-porte-cles","10":"product_tag-cordons-porte-cles","11":"product_tag-lanyard","12":"product_tag-porte-cles","13":"product_tag-rpet","14":"product_tag-sublimation","15":"product_tag-tour-de-cou","16":"pa_couleurs-noir-blanc","17":"pa_taille-10mm","18":"pa_taille-15mm","19":"pa_taille-20mm","20":"pa_taille-25mm","22":"first","23":"instock","24":"shipping-taxable","25":"purchasable","26":"product-type-variable"},"yoast_head":"<!-- This site is optimized with the Yoast SEO plugin v27.4 - https:\/\/yoast.com\/product\/yoast-seo-wordpress\/ -->\n<title>Tour de cou pour sublimation rPET avec boucle de s\u00e9curit\u00e9 Lois - PERLE IN<\/title>\n<meta name=\"robots\" content=\"noindex, follow, max-snippet:-1, max-image-preview:large, max-video-preview:-1\" \/>\n<meta property=\"og:locale\" content=\"en_US\" \/>\n<meta property=\"og:type\" content=\"article\" \/>\n<meta property=\"og:title\" content=\"Tour de cou pour sublimation rPET avec boucle de s\u00e9curit\u00e9 Lois - PERLE IN\" \/>\n<meta property=\"og:description\" content=\"Tour de cou pour sublimation rPET avec bande rPET, porte-cl\u00e9s et boucle avec fermoir amovible pour \u00e9liminer les risques d\u2019\u00e9touffement. Permet d&#039;accrocher un badge nominatif, une carte d\u2019identit\u00e9 ou des cl\u00e9s. Disponible en 4\u00a0largeurs diff\u00e9rentes\u00a0: 10, 15, 20 et 25 mm.\" \/>\n<meta property=\"og:url\" content=\"https:\/\/perle-in.com\/en\/product\/tour-de-cou-pour-sublimation-rpet-avec-boucle-de-securite-lois\/\" \/>\n<meta property=\"og:site_name\" content=\"PERLE IN\" \/>\n<meta property=\"article:modified_time\" content=\"2025-10-10T11:30:04+00:00\" \/>\n<meta property=\"og:image\" content=\"https:\/\/perle-in.com\/wp-content\/uploads\/2025\/09\/1PL1201-1.jpg\" \/>\n\t<meta property=\"og:image:width\" content=\"1600\" \/>\n\t<meta property=\"og:image:height\" content=\"1600\" \/>\n\t<meta property=\"og:image:type\" content=\"image\/jpeg\" \/>\n<meta name=\"twitter:card\" content=\"summary_large_image\" \/>\n<script type=\"application\/ld+json\" class=\"yoast-schema-graph\">{\"@context\":\"https:\\\/\\\/schema.org\",\"@graph\":[{\"@type\":\"WebPage\",\"@id\":\"https:\\\/\\\/perle-in.com\\\/produit\\\/tour-de-cou-pour-sublimation-rpet-avec-boucle-de-securite-lois\\\/\",\"url\":\"https:\\\/\\\/perle-in.com\\\/produit\\\/tour-de-cou-pour-sublimation-rpet-avec-boucle-de-securite-lois\\\/\",\"name\":\"Tour de cou pour sublimation rPET avec boucle de s\u00e9curit\u00e9 Lois - PERLE IN\",\"isPartOf\":{\"@id\":\"https:\\\/\\\/perle-in.com\\\/#website\"},\"primaryImageOfPage\":{\"@id\":\"https:\\\/\\\/perle-in.com\\\/produit\\\/tour-de-cou-pour-sublimation-rpet-avec-boucle-de-securite-lois\\\/#primaryimage\"},\"image\":{\"@id\":\"https:\\\/\\\/perle-in.com\\\/produit\\\/tour-de-cou-pour-sublimation-rpet-avec-boucle-de-securite-lois\\\/#primaryimage\"},\"thumbnailUrl\":\"https:\\\/\\\/perle-in.com\\\/wp-content\\\/uploads\\\/2025\\\/09\\\/1PL1201-1.jpg\",\"datePublished\":\"2025-10-10T11:29:49+00:00\",\"dateModified\":\"2025-10-10T11:30:04+00:00\",\"breadcrumb\":{\"@id\":\"https:\\\/\\\/perle-in.com\\\/produit\\\/tour-de-cou-pour-sublimation-rpet-avec-boucle-de-securite-lois\\\/#breadcrumb\"},\"inLanguage\":\"en-CA\",\"potentialAction\":[{\"@type\":\"ReadAction\",\"target\":[\"https:\\\/\\\/perle-in.com\\\/produit\\\/tour-de-cou-pour-sublimation-rpet-avec-boucle-de-securite-lois\\\/\"]}]},{\"@type\":\"ImageObject\",\"inLanguage\":\"en-CA\",\"@id\":\"https:\\\/\\\/perle-in.com\\\/produit\\\/tour-de-cou-pour-sublimation-rpet-avec-boucle-de-securite-lois\\\/#primaryimage\",\"url\":\"https:\\\/\\\/perle-in.com\\\/wp-content\\\/uploads\\\/2025\\\/09\\\/1PL1201-1.jpg\",\"contentUrl\":\"https:\\\/\\\/perle-in.com\\\/wp-content\\\/uploads\\\/2025\\\/09\\\/1PL1201-1.jpg\",\"width\":1600,\"height\":1600},{\"@type\":\"BreadcrumbList\",\"@id\":\"https:\\\/\\\/perle-in.com\\\/produit\\\/tour-de-cou-pour-sublimation-rpet-avec-boucle-de-securite-lois\\\/#breadcrumb\",\"itemListElement\":[{\"@type\":\"ListItem\",\"position\":1,\"name\":\"Accueil\",\"item\":\"https:\\\/\\\/perle-in.com\\\/\"},{\"@type\":\"ListItem\",\"position\":2,\"name\":\"Boutique\",\"item\":\"https:\\\/\\\/perle-in.com\\\/boutique\\\/\"},{\"@type\":\"ListItem\",\"position\":3,\"name\":\"Tour de cou pour sublimation rPET avec boucle de s\u00e9curit\u00e9 Lois\"}]},{\"@type\":\"WebSite\",\"@id\":\"https:\\\/\\\/perle-in.com\\\/#website\",\"url\":\"https:\\\/\\\/perle-in.com\\\/\",\"name\":\"PERLE IN\",\"description\":\"\",\"publisher\":{\"@id\":\"https:\\\/\\\/perle-in.com\\\/#organization\"},\"potentialAction\":[{\"@type\":\"SearchAction\",\"target\":{\"@type\":\"EntryPoint\",\"urlTemplate\":\"https:\\\/\\\/perle-in.com\\\/?s={search_term_string}\"},\"query-input\":{\"@type\":\"PropertyValueSpecification\",\"valueRequired\":true,\"valueName\":\"search_term_string\"}}],\"inLanguage\":\"en-CA\"},{\"@type\":\"Organization\",\"@id\":\"https:\\\/\\\/perle-in.com\\\/#organization\",\"name\":\"PERLE IN\",\"url\":\"https:\\\/\\\/perle-in.com\\\/\",\"logo\":{\"@type\":\"ImageObject\",\"inLanguage\":\"en-CA\",\"@id\":\"https:\\\/\\\/perle-in.com\\\/#\\\/schema\\\/logo\\\/image\\\/\",\"url\":\"https:\\\/\\\/perle-in.com\\\/wp-content\\\/uploads\\\/2022\\\/12\\\/LOGO-PERLE-IN-COULEUR@3x.webp\",\"contentUrl\":\"https:\\\/\\\/perle-in.com\\\/wp-content\\\/uploads\\\/2022\\\/12\\\/LOGO-PERLE-IN-COULEUR@3x.webp\",\"width\":1600,\"height\":490,\"caption\":\"PERLE IN\"},\"image\":{\"@id\":\"https:\\\/\\\/perle-in.com\\\/#\\\/schema\\\/logo\\\/image\\\/\"}}]}<\/script>\n<!-- \/ Yoast SEO plugin. -->","yoast_head_json":{"title":"Tour de cou pour sublimation rPET avec boucle de s\u00e9curit\u00e9 Lois - PERLE IN","robots":{"index":"noindex","follow":"follow","max-snippet":"max-snippet:-1","max-image-preview":"max-image-preview:large","max-video-preview":"max-video-preview:-1"},"og_locale":"en_US","og_type":"article","og_title":"Tour de cou pour sublimation rPET avec boucle de s\u00e9curit\u00e9 Lois - PERLE IN","og_description":"Tour de cou pour sublimation rPET avec bande rPET, porte-cl\u00e9s et boucle avec fermoir amovible pour \u00e9liminer les risques d\u2019\u00e9touffement. Permet d'accrocher un badge nominatif, une carte d\u2019identit\u00e9 ou des cl\u00e9s. Disponible en 4\u00a0largeurs diff\u00e9rentes\u00a0: 10, 15, 20 et 25 mm.","og_url":"https:\/\/perle-in.com\/en\/product\/tour-de-cou-pour-sublimation-rpet-avec-boucle-de-securite-lois\/","og_site_name":"PERLE IN","article_modified_time":"2025-10-10T11:30:04+00:00","og_image":[{"width":1600,"height":1600,"url":"https:\/\/perle-in.com\/wp-content\/uploads\/2025\/09\/1PL1201-1.jpg","type":"image\/jpeg"}],"twitter_card":"summary_large_image","schema":{"@context":"https:\/\/schema.org","@graph":[{"@type":"WebPage","@id":"https:\/\/perle-in.com\/produit\/tour-de-cou-pour-sublimation-rpet-avec-boucle-de-securite-lois\/","url":"https:\/\/perle-in.com\/produit\/tour-de-cou-pour-sublimation-rpet-avec-boucle-de-securite-lois\/","name":"Tour de cou pour sublimation rPET avec boucle de s\u00e9curit\u00e9 Lois - PERLE IN","isPartOf":{"@id":"https:\/\/perle-in.com\/#website"},"primaryImageOfPage":{"@id":"https:\/\/perle-in.com\/produit\/tour-de-cou-pour-sublimation-rpet-avec-boucle-de-securite-lois\/#primaryimage"},"image":{"@id":"https:\/\/perle-in.com\/produit\/tour-de-cou-pour-sublimation-rpet-avec-boucle-de-securite-lois\/#primaryimage"},"thumbnailUrl":"https:\/\/perle-in.com\/wp-content\/uploads\/2025\/09\/1PL1201-1.jpg","datePublished":"2025-10-10T11:29:49+00:00","dateModified":"2025-10-10T11:30:04+00:00","breadcrumb":{"@id":"https:\/\/perle-in.com\/produit\/tour-de-cou-pour-sublimation-rpet-avec-boucle-de-securite-lois\/#breadcrumb"},"inLanguage":"en-CA","potentialAction":[{"@type":"ReadAction","target":["https:\/\/perle-in.com\/produit\/tour-de-cou-pour-sublimation-rpet-avec-boucle-de-securite-lois\/"]}]},{"@type":"ImageObject","inLanguage":"en-CA","@id":"https:\/\/perle-in.com\/produit\/tour-de-cou-pour-sublimation-rpet-avec-boucle-de-securite-lois\/#primaryimage","url":"https:\/\/perle-in.com\/wp-content\/uploads\/2025\/09\/1PL1201-1.jpg","contentUrl":"https:\/\/perle-in.com\/wp-content\/uploads\/2025\/09\/1PL1201-1.jpg","width":1600,"height":1600},{"@type":"BreadcrumbList","@id":"https:\/\/perle-in.com\/produit\/tour-de-cou-pour-sublimation-rpet-avec-boucle-de-securite-lois\/#breadcrumb","itemListElement":[{"@type":"ListItem","position":1,"name":"Accueil","item":"https:\/\/perle-in.com\/"},{"@type":"ListItem","position":2,"name":"Boutique","item":"https:\/\/perle-in.com\/boutique\/"},{"@type":"ListItem","position":3,"name":"Tour de cou pour sublimation rPET avec boucle de s\u00e9curit\u00e9 Lois"}]},{"@type":"WebSite","@id":"https:\/\/perle-in.com\/#website","url":"https:\/\/perle-in.com\/","name":"PERLE IN","description":"","publisher":{"@id":"https:\/\/perle-in.com\/#organization"},"potentialAction":[{"@type":"SearchAction","target":{"@type":"EntryPoint","urlTemplate":"https:\/\/perle-in.com\/?s={search_term_string}"},"query-input":{"@type":"PropertyValueSpecification","valueRequired":true,"valueName":"search_term_string"}}],"inLanguage":"en-CA"},{"@type":"Organization","@id":"https:\/\/perle-in.com\/#organization","name":"PERLE IN","url":"https:\/\/perle-in.com\/","logo":{"@type":"ImageObject","inLanguage":"en-CA","@id":"https:\/\/perle-in.com\/#\/schema\/logo\/image\/","url":"https:\/\/perle-in.com\/wp-content\/uploads\/2022\/12\/LOGO-PERLE-IN-COULEUR@3x.webp","contentUrl":"https:\/\/perle-in.com\/wp-content\/uploads\/2022\/12\/LOGO-PERLE-IN-COULEUR@3x.webp","width":1600,"height":490,"caption":"PERLE IN"},"image":{"@id":"https:\/\/perle-in.com\/#\/schema\/logo\/image\/"}}]}},"jetpack_sharing_enabled":true,"_links":{"self":[{"href":"https:\/\/perle-in.com\/en\/wp-json\/wp\/v2\/product\/500571","targetHints":{"allow":["GET"]}}],"collection":[{"href":"https:\/\/perle-in.com\/en\/wp-json\/wp\/v2\/product"}],"about":[{"href":"https:\/\/perle-in.com\/en\/wp-json\/wp\/v2\/types\/product"}],"version-history":[{"count":0,"href":"https:\/\/perle-in.com\/en\/wp-json\/wp\/v2\/product\/500571\/revisions"}],"wp:featuredmedia":[{"embeddable":true,"href":"https:\/\/perle-in.com\/en\/wp-json\/wp\/v2\/media\/484901"}],"wp:attachment":[{"href":"https:\/\/perle-in.com\/en\/wp-json\/wp\/v2\/media?parent=500571"}],"wp:term":[{"taxonomy":"product_brand","embeddable":true,"href":"https:\/\/perle-in.com\/en\/wp-json\/wp\/v2\/product_brand?post=500571"},{"taxonomy":"product_cat","embeddable":true,"href":"https:\/\/perle-in.com\/en\/wp-json\/wp\/v2\/product_cat?post=500571"},{"taxonomy":"product_tag","embeddable":true,"href":"https:\/\/perle-in.com\/en\/wp-json\/wp\/v2\/product_tag?post=500571"}],"curies":[{"name":"wp","href":"https:\/\/api.w.org\/{rel}","templated":true}]}}