{"id":500564,"date":"2025-10-10T13:28:46","date_gmt":"2025-10-10T11:28:46","guid":{"rendered":"https:\/\/perle-in.com\/produit\/projecteur-prixton-miro\/"},"modified":"2025-10-10T13:28:47","modified_gmt":"2025-10-10T11:28:47","slug":"projecteur-prixton-miro","status":"publish","type":"product","link":"https:\/\/perle-in.com\/en\/product\/projecteur-prixton-miro\/","title":{"rendered":"Projecteur Prixton Mir\u00f3"},"content":{"rendered":"","protected":false},"excerpt":{"rendered":"<p>Gr\u00e2ce \u00e0 la connexion sans fil et Wi-Fi 5G du projecteur Mir\u00f3, vous pouvez profiter d&#8217;une vitesse et d&#8217;une qualit\u00e9 de connexion plus \u00e9lev\u00e9es. Il dispose \u00e9galement d&#8217;une correction d&#8217;image avec un d\u00e9codeur 4K, pour visualiser le contenu avec une qualit\u00e9 d&#8217;image plus r\u00e9aliste et 4\u00a0fois plus de d\u00e9tails que la HD. Il int\u00e8gre une correction trap\u00e9zo\u00efdale de 4\u00a0points \u00ab\u00a0Digital Keystone\u00a0\u00bb avec laquelle la taille de l&#8217;image projet\u00e9e peut \u00eatre modifi\u00e9e ind\u00e9pendamment de chaque coin.<\/p>","protected":false},"featured_media":484880,"template":"","meta":{"_eb_attr":""},"product_brand":[],"product_cat":[460,150],"product_tag":[857,783,854,1020,1019,874],"class_list":{"0":"post-500564","1":"product","2":"type-product","3":"status-publish","4":"has-post-thumbnail","6":"product_cat-accessoires-pour-la-maison","7":"product_cat-maison-et-cuisine","8":"product_tag-films","9":"product_tag-prixton","10":"product_tag-projecteur","11":"product_tag-projection","12":"product_tag-sans-fil","13":"product_tag-tv","14":"pa_couleurs-noir","16":"first","17":"instock","18":"shipping-taxable","19":"purchasable","20":"product-type-variable"},"yoast_head":"<!-- This site is optimized with the Yoast SEO plugin v27.4 - https:\/\/yoast.com\/product\/yoast-seo-wordpress\/ -->\n<title>Projecteur Prixton Mir\u00f3 - PERLE IN<\/title>\n<meta name=\"robots\" content=\"noindex, follow, max-snippet:-1, max-image-preview:large, max-video-preview:-1\" \/>\n<meta property=\"og:locale\" content=\"en_US\" \/>\n<meta property=\"og:type\" content=\"article\" \/>\n<meta property=\"og:title\" content=\"Projecteur Prixton Mir\u00f3 - PERLE IN\" \/>\n<meta property=\"og:description\" content=\"Gr\u00e2ce \u00e0 la connexion sans fil et Wi-Fi 5G du projecteur Mir\u00f3, vous pouvez profiter d&#039;une vitesse et d&#039;une qualit\u00e9 de connexion plus \u00e9lev\u00e9es. Il dispose \u00e9galement d&#039;une correction d&#039;image avec un d\u00e9codeur 4K, pour visualiser le contenu avec une qualit\u00e9 d&#039;image plus r\u00e9aliste et 4\u00a0fois plus de d\u00e9tails que la HD. Il int\u00e8gre une correction trap\u00e9zo\u00efdale de 4\u00a0points \u00ab\u00a0Digital Keystone\u00a0\u00bb avec laquelle la taille de l&#039;image projet\u00e9e peut \u00eatre modifi\u00e9e ind\u00e9pendamment de chaque coin.\" \/>\n<meta property=\"og:url\" content=\"https:\/\/perle-in.com\/en\/product\/projecteur-prixton-miro\/\" \/>\n<meta property=\"og:site_name\" content=\"PERLE IN\" \/>\n<meta property=\"article:modified_time\" content=\"2025-10-10T11:28:47+00:00\" \/>\n<meta property=\"og:image\" content=\"https:\/\/perle-in.com\/wp-content\/uploads\/2025\/09\/1PA16290-1.jpg\" \/>\n\t<meta property=\"og:image:width\" content=\"1600\" \/>\n\t<meta property=\"og:image:height\" content=\"1600\" \/>\n\t<meta property=\"og:image:type\" content=\"image\/jpeg\" \/>\n<meta name=\"twitter:card\" content=\"summary_large_image\" \/>\n<script type=\"application\/ld+json\" class=\"yoast-schema-graph\">{\"@context\":\"https:\\\/\\\/schema.org\",\"@graph\":[{\"@type\":\"WebPage\",\"@id\":\"https:\\\/\\\/perle-in.com\\\/produit\\\/projecteur-prixton-miro\\\/\",\"url\":\"https:\\\/\\\/perle-in.com\\\/produit\\\/projecteur-prixton-miro\\\/\",\"name\":\"Projecteur Prixton Mir\u00f3 - PERLE IN\",\"isPartOf\":{\"@id\":\"https:\\\/\\\/perle-in.com\\\/#website\"},\"primaryImageOfPage\":{\"@id\":\"https:\\\/\\\/perle-in.com\\\/produit\\\/projecteur-prixton-miro\\\/#primaryimage\"},\"image\":{\"@id\":\"https:\\\/\\\/perle-in.com\\\/produit\\\/projecteur-prixton-miro\\\/#primaryimage\"},\"thumbnailUrl\":\"https:\\\/\\\/perle-in.com\\\/wp-content\\\/uploads\\\/2025\\\/09\\\/1PA16290-1.jpg\",\"datePublished\":\"2025-10-10T11:28:46+00:00\",\"dateModified\":\"2025-10-10T11:28:47+00:00\",\"breadcrumb\":{\"@id\":\"https:\\\/\\\/perle-in.com\\\/produit\\\/projecteur-prixton-miro\\\/#breadcrumb\"},\"inLanguage\":\"en-CA\",\"potentialAction\":[{\"@type\":\"ReadAction\",\"target\":[\"https:\\\/\\\/perle-in.com\\\/produit\\\/projecteur-prixton-miro\\\/\"]}]},{\"@type\":\"ImageObject\",\"inLanguage\":\"en-CA\",\"@id\":\"https:\\\/\\\/perle-in.com\\\/produit\\\/projecteur-prixton-miro\\\/#primaryimage\",\"url\":\"https:\\\/\\\/perle-in.com\\\/wp-content\\\/uploads\\\/2025\\\/09\\\/1PA16290-1.jpg\",\"contentUrl\":\"https:\\\/\\\/perle-in.com\\\/wp-content\\\/uploads\\\/2025\\\/09\\\/1PA16290-1.jpg\",\"width\":1600,\"height\":1600},{\"@type\":\"BreadcrumbList\",\"@id\":\"https:\\\/\\\/perle-in.com\\\/produit\\\/projecteur-prixton-miro\\\/#breadcrumb\",\"itemListElement\":[{\"@type\":\"ListItem\",\"position\":1,\"name\":\"Accueil\",\"item\":\"https:\\\/\\\/perle-in.com\\\/\"},{\"@type\":\"ListItem\",\"position\":2,\"name\":\"Boutique\",\"item\":\"https:\\\/\\\/perle-in.com\\\/boutique\\\/\"},{\"@type\":\"ListItem\",\"position\":3,\"name\":\"Projecteur Prixton Mir\u00f3\"}]},{\"@type\":\"WebSite\",\"@id\":\"https:\\\/\\\/perle-in.com\\\/#website\",\"url\":\"https:\\\/\\\/perle-in.com\\\/\",\"name\":\"PERLE IN\",\"description\":\"\",\"publisher\":{\"@id\":\"https:\\\/\\\/perle-in.com\\\/#organization\"},\"potentialAction\":[{\"@type\":\"SearchAction\",\"target\":{\"@type\":\"EntryPoint\",\"urlTemplate\":\"https:\\\/\\\/perle-in.com\\\/?s={search_term_string}\"},\"query-input\":{\"@type\":\"PropertyValueSpecification\",\"valueRequired\":true,\"valueName\":\"search_term_string\"}}],\"inLanguage\":\"en-CA\"},{\"@type\":\"Organization\",\"@id\":\"https:\\\/\\\/perle-in.com\\\/#organization\",\"name\":\"PERLE IN\",\"url\":\"https:\\\/\\\/perle-in.com\\\/\",\"logo\":{\"@type\":\"ImageObject\",\"inLanguage\":\"en-CA\",\"@id\":\"https:\\\/\\\/perle-in.com\\\/#\\\/schema\\\/logo\\\/image\\\/\",\"url\":\"https:\\\/\\\/perle-in.com\\\/wp-content\\\/uploads\\\/2022\\\/12\\\/LOGO-PERLE-IN-COULEUR@3x.webp\",\"contentUrl\":\"https:\\\/\\\/perle-in.com\\\/wp-content\\\/uploads\\\/2022\\\/12\\\/LOGO-PERLE-IN-COULEUR@3x.webp\",\"width\":1600,\"height\":490,\"caption\":\"PERLE IN\"},\"image\":{\"@id\":\"https:\\\/\\\/perle-in.com\\\/#\\\/schema\\\/logo\\\/image\\\/\"}}]}<\/script>\n<!-- \/ Yoast SEO plugin. -->","yoast_head_json":{"title":"Projecteur Prixton Mir\u00f3 - PERLE IN","robots":{"index":"noindex","follow":"follow","max-snippet":"max-snippet:-1","max-image-preview":"max-image-preview:large","max-video-preview":"max-video-preview:-1"},"og_locale":"en_US","og_type":"article","og_title":"Projecteur Prixton Mir\u00f3 - PERLE IN","og_description":"Gr\u00e2ce \u00e0 la connexion sans fil et Wi-Fi 5G du projecteur Mir\u00f3, vous pouvez profiter d'une vitesse et d'une qualit\u00e9 de connexion plus \u00e9lev\u00e9es. Il dispose \u00e9galement d'une correction d'image avec un d\u00e9codeur 4K, pour visualiser le contenu avec une qualit\u00e9 d'image plus r\u00e9aliste et 4\u00a0fois plus de d\u00e9tails que la HD. Il int\u00e8gre une correction trap\u00e9zo\u00efdale de 4\u00a0points \u00ab\u00a0Digital Keystone\u00a0\u00bb avec laquelle la taille de l'image projet\u00e9e peut \u00eatre modifi\u00e9e ind\u00e9pendamment de chaque coin.","og_url":"https:\/\/perle-in.com\/en\/product\/projecteur-prixton-miro\/","og_site_name":"PERLE IN","article_modified_time":"2025-10-10T11:28:47+00:00","og_image":[{"width":1600,"height":1600,"url":"https:\/\/perle-in.com\/wp-content\/uploads\/2025\/09\/1PA16290-1.jpg","type":"image\/jpeg"}],"twitter_card":"summary_large_image","schema":{"@context":"https:\/\/schema.org","@graph":[{"@type":"WebPage","@id":"https:\/\/perle-in.com\/produit\/projecteur-prixton-miro\/","url":"https:\/\/perle-in.com\/produit\/projecteur-prixton-miro\/","name":"Projecteur Prixton Mir\u00f3 - PERLE IN","isPartOf":{"@id":"https:\/\/perle-in.com\/#website"},"primaryImageOfPage":{"@id":"https:\/\/perle-in.com\/produit\/projecteur-prixton-miro\/#primaryimage"},"image":{"@id":"https:\/\/perle-in.com\/produit\/projecteur-prixton-miro\/#primaryimage"},"thumbnailUrl":"https:\/\/perle-in.com\/wp-content\/uploads\/2025\/09\/1PA16290-1.jpg","datePublished":"2025-10-10T11:28:46+00:00","dateModified":"2025-10-10T11:28:47+00:00","breadcrumb":{"@id":"https:\/\/perle-in.com\/produit\/projecteur-prixton-miro\/#breadcrumb"},"inLanguage":"en-CA","potentialAction":[{"@type":"ReadAction","target":["https:\/\/perle-in.com\/produit\/projecteur-prixton-miro\/"]}]},{"@type":"ImageObject","inLanguage":"en-CA","@id":"https:\/\/perle-in.com\/produit\/projecteur-prixton-miro\/#primaryimage","url":"https:\/\/perle-in.com\/wp-content\/uploads\/2025\/09\/1PA16290-1.jpg","contentUrl":"https:\/\/perle-in.com\/wp-content\/uploads\/2025\/09\/1PA16290-1.jpg","width":1600,"height":1600},{"@type":"BreadcrumbList","@id":"https:\/\/perle-in.com\/produit\/projecteur-prixton-miro\/#breadcrumb","itemListElement":[{"@type":"ListItem","position":1,"name":"Accueil","item":"https:\/\/perle-in.com\/"},{"@type":"ListItem","position":2,"name":"Boutique","item":"https:\/\/perle-in.com\/boutique\/"},{"@type":"ListItem","position":3,"name":"Projecteur Prixton Mir\u00f3"}]},{"@type":"WebSite","@id":"https:\/\/perle-in.com\/#website","url":"https:\/\/perle-in.com\/","name":"PERLE IN","description":"","publisher":{"@id":"https:\/\/perle-in.com\/#organization"},"potentialAction":[{"@type":"SearchAction","target":{"@type":"EntryPoint","urlTemplate":"https:\/\/perle-in.com\/?s={search_term_string}"},"query-input":{"@type":"PropertyValueSpecification","valueRequired":true,"valueName":"search_term_string"}}],"inLanguage":"en-CA"},{"@type":"Organization","@id":"https:\/\/perle-in.com\/#organization","name":"PERLE IN","url":"https:\/\/perle-in.com\/","logo":{"@type":"ImageObject","inLanguage":"en-CA","@id":"https:\/\/perle-in.com\/#\/schema\/logo\/image\/","url":"https:\/\/perle-in.com\/wp-content\/uploads\/2022\/12\/LOGO-PERLE-IN-COULEUR@3x.webp","contentUrl":"https:\/\/perle-in.com\/wp-content\/uploads\/2022\/12\/LOGO-PERLE-IN-COULEUR@3x.webp","width":1600,"height":490,"caption":"PERLE IN"},"image":{"@id":"https:\/\/perle-in.com\/#\/schema\/logo\/image\/"}}]}},"jetpack_sharing_enabled":true,"_links":{"self":[{"href":"https:\/\/perle-in.com\/en\/wp-json\/wp\/v2\/product\/500564","targetHints":{"allow":["GET"]}}],"collection":[{"href":"https:\/\/perle-in.com\/en\/wp-json\/wp\/v2\/product"}],"about":[{"href":"https:\/\/perle-in.com\/en\/wp-json\/wp\/v2\/types\/product"}],"version-history":[{"count":0,"href":"https:\/\/perle-in.com\/en\/wp-json\/wp\/v2\/product\/500564\/revisions"}],"wp:featuredmedia":[{"embeddable":true,"href":"https:\/\/perle-in.com\/en\/wp-json\/wp\/v2\/media\/484880"}],"wp:attachment":[{"href":"https:\/\/perle-in.com\/en\/wp-json\/wp\/v2\/media?parent=500564"}],"wp:term":[{"taxonomy":"product_brand","embeddable":true,"href":"https:\/\/perle-in.com\/en\/wp-json\/wp\/v2\/product_brand?post=500564"},{"taxonomy":"product_cat","embeddable":true,"href":"https:\/\/perle-in.com\/en\/wp-json\/wp\/v2\/product_cat?post=500564"},{"taxonomy":"product_tag","embeddable":true,"href":"https:\/\/perle-in.com\/en\/wp-json\/wp\/v2\/product_tag?post=500564"}],"curies":[{"name":"wp","href":"https:\/\/api.w.org\/{rel}","templated":true}]}}