{"id":500562,"date":"2025-10-10T13:28:28","date_gmt":"2025-10-10T11:28:28","guid":{"rendered":"https:\/\/perle-in.com\/produit\/projecteur-prixton-kubrick\/"},"modified":"2025-10-10T13:28:40","modified_gmt":"2025-10-10T11:28:40","slug":"projecteur-prixton-kubrick","status":"publish","type":"product","link":"https:\/\/perle-in.com\/en\/product\/projecteur-prixton-kubrick\/","title":{"rendered":"Projecteur Prixton Kubrick"},"content":{"rendered":"","protected":false},"excerpt":{"rendered":"<p>Gr\u00e2ce \u00e0 la connexion Wi-Fi 5G du projecteur Kubrick, vous pouvez profiter d&#8217;une vitesse et d&#8217;une qualit\u00e9 de connexion plus \u00e9lev\u00e9es. Il a une r\u00e9solution de 1920\u00a0x\u00a01080 et est compatible avec le contenu Full HD, pour obtenir une qualit\u00e9 d&#8217;image maximale. Il int\u00e8gre une correction trap\u00e9zo\u00efdale de 4\u00a0points \u00ab\u00a0Digital Keystone\u00a0\u00bb avec laquelle la taille de l&#8217;image projet\u00e9e peut \u00eatre modifi\u00e9e ind\u00e9pendamment de chaque coin.<\/p>","protected":false},"featured_media":484872,"template":"","meta":{"_eb_attr":""},"product_brand":[],"product_cat":[460,150],"product_tag":[857,783,854,1020,1019,874],"class_list":{"0":"post-500562","1":"product","2":"type-product","3":"status-publish","4":"has-post-thumbnail","6":"product_cat-accessoires-pour-la-maison","7":"product_cat-maison-et-cuisine","8":"product_tag-films","9":"product_tag-prixton","10":"product_tag-projecteur","11":"product_tag-projection","12":"product_tag-sans-fil","13":"product_tag-tv","14":"pa_couleurs-noir","16":"first","17":"instock","18":"shipping-taxable","19":"purchasable","20":"product-type-variable"},"yoast_head":"<!-- This site is optimized with the Yoast SEO plugin v27.4 - https:\/\/yoast.com\/product\/yoast-seo-wordpress\/ -->\n<title>Projecteur Prixton Kubrick - PERLE IN<\/title>\n<meta name=\"robots\" content=\"noindex, follow, max-snippet:-1, max-image-preview:large, max-video-preview:-1\" \/>\n<meta property=\"og:locale\" content=\"en_US\" \/>\n<meta property=\"og:type\" content=\"article\" \/>\n<meta property=\"og:title\" content=\"Projecteur Prixton Kubrick - PERLE IN\" \/>\n<meta property=\"og:description\" content=\"Gr\u00e2ce \u00e0 la connexion Wi-Fi 5G du projecteur Kubrick, vous pouvez profiter d&#039;une vitesse et d&#039;une qualit\u00e9 de connexion plus \u00e9lev\u00e9es. Il a une r\u00e9solution de 1920\u00a0x\u00a01080 et est compatible avec le contenu Full HD, pour obtenir une qualit\u00e9 d&#039;image maximale. Il int\u00e8gre une correction trap\u00e9zo\u00efdale de 4\u00a0points \u00ab\u00a0Digital Keystone\u00a0\u00bb avec laquelle la taille de l&#039;image projet\u00e9e peut \u00eatre modifi\u00e9e ind\u00e9pendamment de chaque coin.\" \/>\n<meta property=\"og:url\" content=\"https:\/\/perle-in.com\/en\/product\/projecteur-prixton-kubrick\/\" \/>\n<meta property=\"og:site_name\" content=\"PERLE IN\" \/>\n<meta property=\"article:modified_time\" content=\"2025-10-10T11:28:40+00:00\" \/>\n<meta property=\"og:image\" content=\"https:\/\/perle-in.com\/wp-content\/uploads\/2025\/09\/1PA16190-1.jpg\" \/>\n\t<meta property=\"og:image:width\" content=\"1600\" \/>\n\t<meta property=\"og:image:height\" content=\"1600\" \/>\n\t<meta property=\"og:image:type\" content=\"image\/jpeg\" \/>\n<meta name=\"twitter:card\" content=\"summary_large_image\" \/>\n<script type=\"application\/ld+json\" class=\"yoast-schema-graph\">{\"@context\":\"https:\\\/\\\/schema.org\",\"@graph\":[{\"@type\":\"WebPage\",\"@id\":\"https:\\\/\\\/perle-in.com\\\/produit\\\/projecteur-prixton-kubrick\\\/\",\"url\":\"https:\\\/\\\/perle-in.com\\\/produit\\\/projecteur-prixton-kubrick\\\/\",\"name\":\"Projecteur Prixton Kubrick - PERLE IN\",\"isPartOf\":{\"@id\":\"https:\\\/\\\/perle-in.com\\\/#website\"},\"primaryImageOfPage\":{\"@id\":\"https:\\\/\\\/perle-in.com\\\/produit\\\/projecteur-prixton-kubrick\\\/#primaryimage\"},\"image\":{\"@id\":\"https:\\\/\\\/perle-in.com\\\/produit\\\/projecteur-prixton-kubrick\\\/#primaryimage\"},\"thumbnailUrl\":\"https:\\\/\\\/perle-in.com\\\/wp-content\\\/uploads\\\/2025\\\/09\\\/1PA16190-1.jpg\",\"datePublished\":\"2025-10-10T11:28:28+00:00\",\"dateModified\":\"2025-10-10T11:28:40+00:00\",\"breadcrumb\":{\"@id\":\"https:\\\/\\\/perle-in.com\\\/produit\\\/projecteur-prixton-kubrick\\\/#breadcrumb\"},\"inLanguage\":\"en-CA\",\"potentialAction\":[{\"@type\":\"ReadAction\",\"target\":[\"https:\\\/\\\/perle-in.com\\\/produit\\\/projecteur-prixton-kubrick\\\/\"]}]},{\"@type\":\"ImageObject\",\"inLanguage\":\"en-CA\",\"@id\":\"https:\\\/\\\/perle-in.com\\\/produit\\\/projecteur-prixton-kubrick\\\/#primaryimage\",\"url\":\"https:\\\/\\\/perle-in.com\\\/wp-content\\\/uploads\\\/2025\\\/09\\\/1PA16190-1.jpg\",\"contentUrl\":\"https:\\\/\\\/perle-in.com\\\/wp-content\\\/uploads\\\/2025\\\/09\\\/1PA16190-1.jpg\",\"width\":1600,\"height\":1600},{\"@type\":\"BreadcrumbList\",\"@id\":\"https:\\\/\\\/perle-in.com\\\/produit\\\/projecteur-prixton-kubrick\\\/#breadcrumb\",\"itemListElement\":[{\"@type\":\"ListItem\",\"position\":1,\"name\":\"Accueil\",\"item\":\"https:\\\/\\\/perle-in.com\\\/\"},{\"@type\":\"ListItem\",\"position\":2,\"name\":\"Boutique\",\"item\":\"https:\\\/\\\/perle-in.com\\\/boutique\\\/\"},{\"@type\":\"ListItem\",\"position\":3,\"name\":\"Projecteur Prixton Kubrick\"}]},{\"@type\":\"WebSite\",\"@id\":\"https:\\\/\\\/perle-in.com\\\/#website\",\"url\":\"https:\\\/\\\/perle-in.com\\\/\",\"name\":\"PERLE IN\",\"description\":\"\",\"publisher\":{\"@id\":\"https:\\\/\\\/perle-in.com\\\/#organization\"},\"potentialAction\":[{\"@type\":\"SearchAction\",\"target\":{\"@type\":\"EntryPoint\",\"urlTemplate\":\"https:\\\/\\\/perle-in.com\\\/?s={search_term_string}\"},\"query-input\":{\"@type\":\"PropertyValueSpecification\",\"valueRequired\":true,\"valueName\":\"search_term_string\"}}],\"inLanguage\":\"en-CA\"},{\"@type\":\"Organization\",\"@id\":\"https:\\\/\\\/perle-in.com\\\/#organization\",\"name\":\"PERLE IN\",\"url\":\"https:\\\/\\\/perle-in.com\\\/\",\"logo\":{\"@type\":\"ImageObject\",\"inLanguage\":\"en-CA\",\"@id\":\"https:\\\/\\\/perle-in.com\\\/#\\\/schema\\\/logo\\\/image\\\/\",\"url\":\"https:\\\/\\\/perle-in.com\\\/wp-content\\\/uploads\\\/2022\\\/12\\\/LOGO-PERLE-IN-COULEUR@3x.webp\",\"contentUrl\":\"https:\\\/\\\/perle-in.com\\\/wp-content\\\/uploads\\\/2022\\\/12\\\/LOGO-PERLE-IN-COULEUR@3x.webp\",\"width\":1600,\"height\":490,\"caption\":\"PERLE IN\"},\"image\":{\"@id\":\"https:\\\/\\\/perle-in.com\\\/#\\\/schema\\\/logo\\\/image\\\/\"}}]}<\/script>\n<!-- \/ Yoast SEO plugin. -->","yoast_head_json":{"title":"Projecteur Prixton Kubrick - PERLE IN","robots":{"index":"noindex","follow":"follow","max-snippet":"max-snippet:-1","max-image-preview":"max-image-preview:large","max-video-preview":"max-video-preview:-1"},"og_locale":"en_US","og_type":"article","og_title":"Projecteur Prixton Kubrick - PERLE IN","og_description":"Gr\u00e2ce \u00e0 la connexion Wi-Fi 5G du projecteur Kubrick, vous pouvez profiter d'une vitesse et d'une qualit\u00e9 de connexion plus \u00e9lev\u00e9es. Il a une r\u00e9solution de 1920\u00a0x\u00a01080 et est compatible avec le contenu Full HD, pour obtenir une qualit\u00e9 d'image maximale. Il int\u00e8gre une correction trap\u00e9zo\u00efdale de 4\u00a0points \u00ab\u00a0Digital Keystone\u00a0\u00bb avec laquelle la taille de l'image projet\u00e9e peut \u00eatre modifi\u00e9e ind\u00e9pendamment de chaque coin.","og_url":"https:\/\/perle-in.com\/en\/product\/projecteur-prixton-kubrick\/","og_site_name":"PERLE IN","article_modified_time":"2025-10-10T11:28:40+00:00","og_image":[{"width":1600,"height":1600,"url":"https:\/\/perle-in.com\/wp-content\/uploads\/2025\/09\/1PA16190-1.jpg","type":"image\/jpeg"}],"twitter_card":"summary_large_image","schema":{"@context":"https:\/\/schema.org","@graph":[{"@type":"WebPage","@id":"https:\/\/perle-in.com\/produit\/projecteur-prixton-kubrick\/","url":"https:\/\/perle-in.com\/produit\/projecteur-prixton-kubrick\/","name":"Projecteur Prixton Kubrick - PERLE IN","isPartOf":{"@id":"https:\/\/perle-in.com\/#website"},"primaryImageOfPage":{"@id":"https:\/\/perle-in.com\/produit\/projecteur-prixton-kubrick\/#primaryimage"},"image":{"@id":"https:\/\/perle-in.com\/produit\/projecteur-prixton-kubrick\/#primaryimage"},"thumbnailUrl":"https:\/\/perle-in.com\/wp-content\/uploads\/2025\/09\/1PA16190-1.jpg","datePublished":"2025-10-10T11:28:28+00:00","dateModified":"2025-10-10T11:28:40+00:00","breadcrumb":{"@id":"https:\/\/perle-in.com\/produit\/projecteur-prixton-kubrick\/#breadcrumb"},"inLanguage":"en-CA","potentialAction":[{"@type":"ReadAction","target":["https:\/\/perle-in.com\/produit\/projecteur-prixton-kubrick\/"]}]},{"@type":"ImageObject","inLanguage":"en-CA","@id":"https:\/\/perle-in.com\/produit\/projecteur-prixton-kubrick\/#primaryimage","url":"https:\/\/perle-in.com\/wp-content\/uploads\/2025\/09\/1PA16190-1.jpg","contentUrl":"https:\/\/perle-in.com\/wp-content\/uploads\/2025\/09\/1PA16190-1.jpg","width":1600,"height":1600},{"@type":"BreadcrumbList","@id":"https:\/\/perle-in.com\/produit\/projecteur-prixton-kubrick\/#breadcrumb","itemListElement":[{"@type":"ListItem","position":1,"name":"Accueil","item":"https:\/\/perle-in.com\/"},{"@type":"ListItem","position":2,"name":"Boutique","item":"https:\/\/perle-in.com\/boutique\/"},{"@type":"ListItem","position":3,"name":"Projecteur Prixton Kubrick"}]},{"@type":"WebSite","@id":"https:\/\/perle-in.com\/#website","url":"https:\/\/perle-in.com\/","name":"PERLE IN","description":"","publisher":{"@id":"https:\/\/perle-in.com\/#organization"},"potentialAction":[{"@type":"SearchAction","target":{"@type":"EntryPoint","urlTemplate":"https:\/\/perle-in.com\/?s={search_term_string}"},"query-input":{"@type":"PropertyValueSpecification","valueRequired":true,"valueName":"search_term_string"}}],"inLanguage":"en-CA"},{"@type":"Organization","@id":"https:\/\/perle-in.com\/#organization","name":"PERLE IN","url":"https:\/\/perle-in.com\/","logo":{"@type":"ImageObject","inLanguage":"en-CA","@id":"https:\/\/perle-in.com\/#\/schema\/logo\/image\/","url":"https:\/\/perle-in.com\/wp-content\/uploads\/2022\/12\/LOGO-PERLE-IN-COULEUR@3x.webp","contentUrl":"https:\/\/perle-in.com\/wp-content\/uploads\/2022\/12\/LOGO-PERLE-IN-COULEUR@3x.webp","width":1600,"height":490,"caption":"PERLE IN"},"image":{"@id":"https:\/\/perle-in.com\/#\/schema\/logo\/image\/"}}]}},"jetpack_sharing_enabled":true,"_links":{"self":[{"href":"https:\/\/perle-in.com\/en\/wp-json\/wp\/v2\/product\/500562","targetHints":{"allow":["GET"]}}],"collection":[{"href":"https:\/\/perle-in.com\/en\/wp-json\/wp\/v2\/product"}],"about":[{"href":"https:\/\/perle-in.com\/en\/wp-json\/wp\/v2\/types\/product"}],"version-history":[{"count":0,"href":"https:\/\/perle-in.com\/en\/wp-json\/wp\/v2\/product\/500562\/revisions"}],"wp:featuredmedia":[{"embeddable":true,"href":"https:\/\/perle-in.com\/en\/wp-json\/wp\/v2\/media\/484872"}],"wp:attachment":[{"href":"https:\/\/perle-in.com\/en\/wp-json\/wp\/v2\/media?parent=500562"}],"wp:term":[{"taxonomy":"product_brand","embeddable":true,"href":"https:\/\/perle-in.com\/en\/wp-json\/wp\/v2\/product_brand?post=500562"},{"taxonomy":"product_cat","embeddable":true,"href":"https:\/\/perle-in.com\/en\/wp-json\/wp\/v2\/product_cat?post=500562"},{"taxonomy":"product_tag","embeddable":true,"href":"https:\/\/perle-in.com\/en\/wp-json\/wp\/v2\/product_tag?post=500562"}],"curies":[{"name":"wp","href":"https:\/\/api.w.org\/{rel}","templated":true}]}}