{"id":500556,"date":"2025-10-10T13:27:43","date_gmt":"2025-10-10T11:27:43","guid":{"rendered":"https:\/\/perle-in.com\/produit\/pistolet-de-massage-prixton-fit-power-flex\/"},"modified":"2025-10-10T13:27:44","modified_gmt":"2025-10-10T11:27:44","slug":"pistolet-de-massage-prixton-fit-power-flex","status":"publish","type":"product","link":"https:\/\/perle-in.com\/en\/product\/pistolet-de-massage-prixton-fit-power-flex\/","title":{"rendered":"Pistolet de massage Prixton Fit Power Flex"},"content":{"rendered":"","protected":false},"excerpt":{"rendered":"<p>Le pistolet de massage Fit Power Flex facilite l&#8217;\u00e9chauffement avant l&#8217;exercice, la r\u00e9cup\u00e9ration apr\u00e8s des s\u00e9ances d&#8217;entra\u00eenement, le soulagement de la douleur et la pr\u00e9vention des blessures. Il comprend 7\u00a0t\u00eates pour effectuer diff\u00e9rents types de massages sur diff\u00e9rentes parties du corps, ainsi qu&#8217;une bande \u00e9lastique pour mieux atteindre partout. Pour un plus grand soulagement de la douleur, la fonction thermique \u00e0 3\u00a0niveaux peut \u00eatre utilis\u00e9e. Le pistolet de massage a 6\u00a0niveaux de vitesse r\u00e9glables. Puissance du moteur\u00a0: 24 W. R\u00e9sistance\u00a0: 2800 rpm. Batterie\u00a0: 1500 mAh.<\/p>","protected":false},"featured_media":484846,"template":"","meta":{"_eb_attr":""},"product_brand":[],"product_cat":[232,129],"product_tag":[952,754,755,975,1013,976,783,1014],"class_list":{"0":"post-500556","1":"product","2":"type-product","3":"status-publish","4":"has-post-thumbnail","6":"product_cat-articles-de-fitness-et-de-sport","7":"product_cat-sport-et-loisirs","8":"product_tag-entrainement","9":"product_tag-exercice","10":"product_tag-gym","11":"product_tag-massage","12":"product_tag-masseur","13":"product_tag-pistolet","14":"product_tag-prixton","15":"product_tag-seance-dentrainement","16":"pa_couleurs-noir","18":"first","19":"instock","20":"shipping-taxable","21":"purchasable","22":"product-type-variable"},"yoast_head":"<!-- This site is optimized with the Yoast SEO plugin v27.4 - https:\/\/yoast.com\/product\/yoast-seo-wordpress\/ -->\n<title>Pistolet de massage Prixton Fit Power Flex - PERLE IN<\/title>\n<meta name=\"robots\" content=\"noindex, follow, max-snippet:-1, max-image-preview:large, max-video-preview:-1\" \/>\n<meta property=\"og:locale\" content=\"en_US\" \/>\n<meta property=\"og:type\" content=\"article\" \/>\n<meta property=\"og:title\" content=\"Pistolet de massage Prixton Fit Power Flex - PERLE IN\" \/>\n<meta property=\"og:description\" content=\"Le pistolet de massage Fit Power Flex facilite l&#039;\u00e9chauffement avant l&#039;exercice, la r\u00e9cup\u00e9ration apr\u00e8s des s\u00e9ances d&#039;entra\u00eenement, le soulagement de la douleur et la pr\u00e9vention des blessures. Il comprend 7\u00a0t\u00eates pour effectuer diff\u00e9rents types de massages sur diff\u00e9rentes parties du corps, ainsi qu&#039;une bande \u00e9lastique pour mieux atteindre partout. Pour un plus grand soulagement de la douleur, la fonction thermique \u00e0 3\u00a0niveaux peut \u00eatre utilis\u00e9e. Le pistolet de massage a 6\u00a0niveaux de vitesse r\u00e9glables. Puissance du moteur\u00a0: 24 W. R\u00e9sistance\u00a0: 2800 rpm. Batterie\u00a0: 1500 mAh.\" \/>\n<meta property=\"og:url\" content=\"https:\/\/perle-in.com\/en\/product\/pistolet-de-massage-prixton-fit-power-flex\/\" \/>\n<meta property=\"og:site_name\" content=\"PERLE IN\" \/>\n<meta property=\"article:modified_time\" content=\"2025-10-10T11:27:44+00:00\" \/>\n<meta property=\"og:image\" content=\"https:\/\/perle-in.com\/wp-content\/uploads\/2025\/09\/1PA15590-1.jpg\" \/>\n\t<meta property=\"og:image:width\" content=\"1600\" \/>\n\t<meta property=\"og:image:height\" content=\"1600\" \/>\n\t<meta property=\"og:image:type\" content=\"image\/jpeg\" \/>\n<meta name=\"twitter:card\" content=\"summary_large_image\" \/>\n<script type=\"application\/ld+json\" class=\"yoast-schema-graph\">{\"@context\":\"https:\\\/\\\/schema.org\",\"@graph\":[{\"@type\":\"WebPage\",\"@id\":\"https:\\\/\\\/perle-in.com\\\/produit\\\/pistolet-de-massage-prixton-fit-power-flex\\\/\",\"url\":\"https:\\\/\\\/perle-in.com\\\/produit\\\/pistolet-de-massage-prixton-fit-power-flex\\\/\",\"name\":\"Pistolet de massage Prixton Fit Power Flex - PERLE IN\",\"isPartOf\":{\"@id\":\"https:\\\/\\\/perle-in.com\\\/#website\"},\"primaryImageOfPage\":{\"@id\":\"https:\\\/\\\/perle-in.com\\\/produit\\\/pistolet-de-massage-prixton-fit-power-flex\\\/#primaryimage\"},\"image\":{\"@id\":\"https:\\\/\\\/perle-in.com\\\/produit\\\/pistolet-de-massage-prixton-fit-power-flex\\\/#primaryimage\"},\"thumbnailUrl\":\"https:\\\/\\\/perle-in.com\\\/wp-content\\\/uploads\\\/2025\\\/09\\\/1PA15590-1.jpg\",\"datePublished\":\"2025-10-10T11:27:43+00:00\",\"dateModified\":\"2025-10-10T11:27:44+00:00\",\"breadcrumb\":{\"@id\":\"https:\\\/\\\/perle-in.com\\\/produit\\\/pistolet-de-massage-prixton-fit-power-flex\\\/#breadcrumb\"},\"inLanguage\":\"en-CA\",\"potentialAction\":[{\"@type\":\"ReadAction\",\"target\":[\"https:\\\/\\\/perle-in.com\\\/produit\\\/pistolet-de-massage-prixton-fit-power-flex\\\/\"]}]},{\"@type\":\"ImageObject\",\"inLanguage\":\"en-CA\",\"@id\":\"https:\\\/\\\/perle-in.com\\\/produit\\\/pistolet-de-massage-prixton-fit-power-flex\\\/#primaryimage\",\"url\":\"https:\\\/\\\/perle-in.com\\\/wp-content\\\/uploads\\\/2025\\\/09\\\/1PA15590-1.jpg\",\"contentUrl\":\"https:\\\/\\\/perle-in.com\\\/wp-content\\\/uploads\\\/2025\\\/09\\\/1PA15590-1.jpg\",\"width\":1600,\"height\":1600},{\"@type\":\"BreadcrumbList\",\"@id\":\"https:\\\/\\\/perle-in.com\\\/produit\\\/pistolet-de-massage-prixton-fit-power-flex\\\/#breadcrumb\",\"itemListElement\":[{\"@type\":\"ListItem\",\"position\":1,\"name\":\"Accueil\",\"item\":\"https:\\\/\\\/perle-in.com\\\/\"},{\"@type\":\"ListItem\",\"position\":2,\"name\":\"Boutique\",\"item\":\"https:\\\/\\\/perle-in.com\\\/boutique\\\/\"},{\"@type\":\"ListItem\",\"position\":3,\"name\":\"Pistolet de massage Prixton Fit Power Flex\"}]},{\"@type\":\"WebSite\",\"@id\":\"https:\\\/\\\/perle-in.com\\\/#website\",\"url\":\"https:\\\/\\\/perle-in.com\\\/\",\"name\":\"PERLE IN\",\"description\":\"\",\"publisher\":{\"@id\":\"https:\\\/\\\/perle-in.com\\\/#organization\"},\"potentialAction\":[{\"@type\":\"SearchAction\",\"target\":{\"@type\":\"EntryPoint\",\"urlTemplate\":\"https:\\\/\\\/perle-in.com\\\/?s={search_term_string}\"},\"query-input\":{\"@type\":\"PropertyValueSpecification\",\"valueRequired\":true,\"valueName\":\"search_term_string\"}}],\"inLanguage\":\"en-CA\"},{\"@type\":\"Organization\",\"@id\":\"https:\\\/\\\/perle-in.com\\\/#organization\",\"name\":\"PERLE IN\",\"url\":\"https:\\\/\\\/perle-in.com\\\/\",\"logo\":{\"@type\":\"ImageObject\",\"inLanguage\":\"en-CA\",\"@id\":\"https:\\\/\\\/perle-in.com\\\/#\\\/schema\\\/logo\\\/image\\\/\",\"url\":\"https:\\\/\\\/perle-in.com\\\/wp-content\\\/uploads\\\/2022\\\/12\\\/LOGO-PERLE-IN-COULEUR@3x.webp\",\"contentUrl\":\"https:\\\/\\\/perle-in.com\\\/wp-content\\\/uploads\\\/2022\\\/12\\\/LOGO-PERLE-IN-COULEUR@3x.webp\",\"width\":1600,\"height\":490,\"caption\":\"PERLE IN\"},\"image\":{\"@id\":\"https:\\\/\\\/perle-in.com\\\/#\\\/schema\\\/logo\\\/image\\\/\"}}]}<\/script>\n<!-- \/ Yoast SEO plugin. -->","yoast_head_json":{"title":"Pistolet de massage Prixton Fit Power Flex - PERLE IN","robots":{"index":"noindex","follow":"follow","max-snippet":"max-snippet:-1","max-image-preview":"max-image-preview:large","max-video-preview":"max-video-preview:-1"},"og_locale":"en_US","og_type":"article","og_title":"Pistolet de massage Prixton Fit Power Flex - PERLE IN","og_description":"Le pistolet de massage Fit Power Flex facilite l'\u00e9chauffement avant l'exercice, la r\u00e9cup\u00e9ration apr\u00e8s des s\u00e9ances d'entra\u00eenement, le soulagement de la douleur et la pr\u00e9vention des blessures. Il comprend 7\u00a0t\u00eates pour effectuer diff\u00e9rents types de massages sur diff\u00e9rentes parties du corps, ainsi qu'une bande \u00e9lastique pour mieux atteindre partout. Pour un plus grand soulagement de la douleur, la fonction thermique \u00e0 3\u00a0niveaux peut \u00eatre utilis\u00e9e. Le pistolet de massage a 6\u00a0niveaux de vitesse r\u00e9glables. Puissance du moteur\u00a0: 24 W. R\u00e9sistance\u00a0: 2800 rpm. Batterie\u00a0: 1500 mAh.","og_url":"https:\/\/perle-in.com\/en\/product\/pistolet-de-massage-prixton-fit-power-flex\/","og_site_name":"PERLE IN","article_modified_time":"2025-10-10T11:27:44+00:00","og_image":[{"width":1600,"height":1600,"url":"https:\/\/perle-in.com\/wp-content\/uploads\/2025\/09\/1PA15590-1.jpg","type":"image\/jpeg"}],"twitter_card":"summary_large_image","schema":{"@context":"https:\/\/schema.org","@graph":[{"@type":"WebPage","@id":"https:\/\/perle-in.com\/produit\/pistolet-de-massage-prixton-fit-power-flex\/","url":"https:\/\/perle-in.com\/produit\/pistolet-de-massage-prixton-fit-power-flex\/","name":"Pistolet de massage Prixton Fit Power Flex - PERLE IN","isPartOf":{"@id":"https:\/\/perle-in.com\/#website"},"primaryImageOfPage":{"@id":"https:\/\/perle-in.com\/produit\/pistolet-de-massage-prixton-fit-power-flex\/#primaryimage"},"image":{"@id":"https:\/\/perle-in.com\/produit\/pistolet-de-massage-prixton-fit-power-flex\/#primaryimage"},"thumbnailUrl":"https:\/\/perle-in.com\/wp-content\/uploads\/2025\/09\/1PA15590-1.jpg","datePublished":"2025-10-10T11:27:43+00:00","dateModified":"2025-10-10T11:27:44+00:00","breadcrumb":{"@id":"https:\/\/perle-in.com\/produit\/pistolet-de-massage-prixton-fit-power-flex\/#breadcrumb"},"inLanguage":"en-CA","potentialAction":[{"@type":"ReadAction","target":["https:\/\/perle-in.com\/produit\/pistolet-de-massage-prixton-fit-power-flex\/"]}]},{"@type":"ImageObject","inLanguage":"en-CA","@id":"https:\/\/perle-in.com\/produit\/pistolet-de-massage-prixton-fit-power-flex\/#primaryimage","url":"https:\/\/perle-in.com\/wp-content\/uploads\/2025\/09\/1PA15590-1.jpg","contentUrl":"https:\/\/perle-in.com\/wp-content\/uploads\/2025\/09\/1PA15590-1.jpg","width":1600,"height":1600},{"@type":"BreadcrumbList","@id":"https:\/\/perle-in.com\/produit\/pistolet-de-massage-prixton-fit-power-flex\/#breadcrumb","itemListElement":[{"@type":"ListItem","position":1,"name":"Accueil","item":"https:\/\/perle-in.com\/"},{"@type":"ListItem","position":2,"name":"Boutique","item":"https:\/\/perle-in.com\/boutique\/"},{"@type":"ListItem","position":3,"name":"Pistolet de massage Prixton Fit Power Flex"}]},{"@type":"WebSite","@id":"https:\/\/perle-in.com\/#website","url":"https:\/\/perle-in.com\/","name":"PERLE IN","description":"","publisher":{"@id":"https:\/\/perle-in.com\/#organization"},"potentialAction":[{"@type":"SearchAction","target":{"@type":"EntryPoint","urlTemplate":"https:\/\/perle-in.com\/?s={search_term_string}"},"query-input":{"@type":"PropertyValueSpecification","valueRequired":true,"valueName":"search_term_string"}}],"inLanguage":"en-CA"},{"@type":"Organization","@id":"https:\/\/perle-in.com\/#organization","name":"PERLE IN","url":"https:\/\/perle-in.com\/","logo":{"@type":"ImageObject","inLanguage":"en-CA","@id":"https:\/\/perle-in.com\/#\/schema\/logo\/image\/","url":"https:\/\/perle-in.com\/wp-content\/uploads\/2022\/12\/LOGO-PERLE-IN-COULEUR@3x.webp","contentUrl":"https:\/\/perle-in.com\/wp-content\/uploads\/2022\/12\/LOGO-PERLE-IN-COULEUR@3x.webp","width":1600,"height":490,"caption":"PERLE IN"},"image":{"@id":"https:\/\/perle-in.com\/#\/schema\/logo\/image\/"}}]}},"jetpack_sharing_enabled":true,"_links":{"self":[{"href":"https:\/\/perle-in.com\/en\/wp-json\/wp\/v2\/product\/500556","targetHints":{"allow":["GET"]}}],"collection":[{"href":"https:\/\/perle-in.com\/en\/wp-json\/wp\/v2\/product"}],"about":[{"href":"https:\/\/perle-in.com\/en\/wp-json\/wp\/v2\/types\/product"}],"version-history":[{"count":0,"href":"https:\/\/perle-in.com\/en\/wp-json\/wp\/v2\/product\/500556\/revisions"}],"wp:featuredmedia":[{"embeddable":true,"href":"https:\/\/perle-in.com\/en\/wp-json\/wp\/v2\/media\/484846"}],"wp:attachment":[{"href":"https:\/\/perle-in.com\/en\/wp-json\/wp\/v2\/media?parent=500556"}],"wp:term":[{"taxonomy":"product_brand","embeddable":true,"href":"https:\/\/perle-in.com\/en\/wp-json\/wp\/v2\/product_brand?post=500556"},{"taxonomy":"product_cat","embeddable":true,"href":"https:\/\/perle-in.com\/en\/wp-json\/wp\/v2\/product_cat?post=500556"},{"taxonomy":"product_tag","embeddable":true,"href":"https:\/\/perle-in.com\/en\/wp-json\/wp\/v2\/product_tag?post=500556"}],"curies":[{"name":"wp","href":"https:\/\/api.w.org\/{rel}","templated":true}]}}