{"id":500543,"date":"2025-10-10T13:26:20","date_gmt":"2025-10-10T11:26:20","guid":{"rendered":"https:\/\/perle-in.com\/produit\/tour-de-cou-isla-de-1-metre-en-pet-recycle-avec-impression-par-sublimation\/"},"modified":"2025-10-10T13:26:34","modified_gmt":"2025-10-10T11:26:34","slug":"tour-de-cou-isla-de-1-metre-en-pet-recycle-avec-impression-par-sublimation","status":"publish","type":"product","link":"https:\/\/perle-in.com\/en\/product\/tour-de-cou-isla-de-1-metre-en-pet-recycle-avec-impression-par-sublimation\/","title":{"rendered":"Tour de cou Isla de 1\u00a0m\u00e8tre en PET recycl\u00e9 avec impression par sublimation"},"content":{"rendered":"","protected":false},"excerpt":{"rendered":"<p>Tour de cou de 1\u00a0m\u00e8tre en PET recycl\u00e9 avec design color\u00e9 imprim\u00e9 par sublimation. Ce tour de cou est imprim\u00e9 en quadrichromie sur une face, tandis que le verso est dot\u00e9 d&#8217;une impression de m\u00e8tre ruban. Le tour de cou comporte un crochet en m\u00e9tal, pour accrocher un badge nominatif, une carte d&#8217;identit\u00e9 ou des cl\u00e9s.<\/p>","protected":false},"featured_media":484807,"template":"","meta":{"_eb_attr":""},"product_brand":[],"product_cat":[400,420],"product_tag":[1009,642,643,662,644,921,481,650],"class_list":{"0":"post-500543","1":"product","2":"type-product","3":"status-publish","4":"has-post-thumbnail","6":"product_cat-accessoires","7":"product_cat-tours-de-cou","8":"product_tag-conference","9":"product_tag-cordon-porte-cles","10":"product_tag-cordons-porte-cles","11":"product_tag-evenement","12":"product_tag-lanyard","13":"product_tag-sublimation","14":"product_tag-tour-de-cou","15":"product_tag-tours-de-cou","16":"pa_couleurs-blanc","17":"pa_couleurs-bleu-clair","18":"pa_couleurs-jaune","20":"first","21":"instock","22":"shipping-taxable","23":"purchasable","24":"product-type-variable"},"yoast_head":"<!-- This site is optimized with the Yoast SEO plugin v27.4 - https:\/\/yoast.com\/product\/yoast-seo-wordpress\/ -->\n<title>Tour de cou Isla de 1\u00a0m\u00e8tre en PET recycl\u00e9 avec impression par sublimation - PERLE IN<\/title>\n<meta name=\"robots\" content=\"noindex, follow, max-snippet:-1, max-image-preview:large, max-video-preview:-1\" \/>\n<meta property=\"og:locale\" content=\"en_US\" \/>\n<meta property=\"og:type\" content=\"article\" \/>\n<meta property=\"og:title\" content=\"Tour de cou Isla de 1\u00a0m\u00e8tre en PET recycl\u00e9 avec impression par sublimation - PERLE IN\" \/>\n<meta property=\"og:description\" content=\"Tour de cou de 1\u00a0m\u00e8tre en PET recycl\u00e9 avec design color\u00e9 imprim\u00e9 par sublimation. Ce tour de cou est imprim\u00e9 en quadrichromie sur une face, tandis que le verso est dot\u00e9 d&#039;une impression de m\u00e8tre ruban. Le tour de cou comporte un crochet en m\u00e9tal, pour accrocher un badge nominatif, une carte d&#039;identit\u00e9 ou des cl\u00e9s.\" \/>\n<meta property=\"og:url\" content=\"https:\/\/perle-in.com\/en\/product\/tour-de-cou-isla-de-1-metre-en-pet-recycle-avec-impression-par-sublimation\/\" \/>\n<meta property=\"og:site_name\" content=\"PERLE IN\" \/>\n<meta property=\"article:modified_time\" content=\"2025-10-10T11:26:34+00:00\" \/>\n<meta property=\"og:image\" content=\"https:\/\/perle-in.com\/wp-content\/uploads\/2025\/09\/1PL06200-1.jpg\" \/>\n\t<meta property=\"og:image:width\" content=\"1600\" \/>\n\t<meta property=\"og:image:height\" content=\"1600\" \/>\n\t<meta property=\"og:image:type\" content=\"image\/jpeg\" \/>\n<meta name=\"twitter:card\" content=\"summary_large_image\" \/>\n<script type=\"application\/ld+json\" class=\"yoast-schema-graph\">{\"@context\":\"https:\\\/\\\/schema.org\",\"@graph\":[{\"@type\":\"WebPage\",\"@id\":\"https:\\\/\\\/perle-in.com\\\/produit\\\/tour-de-cou-isla-de-1-metre-en-pet-recycle-avec-impression-par-sublimation\\\/\",\"url\":\"https:\\\/\\\/perle-in.com\\\/produit\\\/tour-de-cou-isla-de-1-metre-en-pet-recycle-avec-impression-par-sublimation\\\/\",\"name\":\"Tour de cou Isla de 1\u00a0m\u00e8tre en PET recycl\u00e9 avec impression par sublimation - PERLE IN\",\"isPartOf\":{\"@id\":\"https:\\\/\\\/perle-in.com\\\/#website\"},\"primaryImageOfPage\":{\"@id\":\"https:\\\/\\\/perle-in.com\\\/produit\\\/tour-de-cou-isla-de-1-metre-en-pet-recycle-avec-impression-par-sublimation\\\/#primaryimage\"},\"image\":{\"@id\":\"https:\\\/\\\/perle-in.com\\\/produit\\\/tour-de-cou-isla-de-1-metre-en-pet-recycle-avec-impression-par-sublimation\\\/#primaryimage\"},\"thumbnailUrl\":\"https:\\\/\\\/perle-in.com\\\/wp-content\\\/uploads\\\/2025\\\/09\\\/1PL06200-1.jpg\",\"datePublished\":\"2025-10-10T11:26:20+00:00\",\"dateModified\":\"2025-10-10T11:26:34+00:00\",\"breadcrumb\":{\"@id\":\"https:\\\/\\\/perle-in.com\\\/produit\\\/tour-de-cou-isla-de-1-metre-en-pet-recycle-avec-impression-par-sublimation\\\/#breadcrumb\"},\"inLanguage\":\"en-CA\",\"potentialAction\":[{\"@type\":\"ReadAction\",\"target\":[\"https:\\\/\\\/perle-in.com\\\/produit\\\/tour-de-cou-isla-de-1-metre-en-pet-recycle-avec-impression-par-sublimation\\\/\"]}]},{\"@type\":\"ImageObject\",\"inLanguage\":\"en-CA\",\"@id\":\"https:\\\/\\\/perle-in.com\\\/produit\\\/tour-de-cou-isla-de-1-metre-en-pet-recycle-avec-impression-par-sublimation\\\/#primaryimage\",\"url\":\"https:\\\/\\\/perle-in.com\\\/wp-content\\\/uploads\\\/2025\\\/09\\\/1PL06200-1.jpg\",\"contentUrl\":\"https:\\\/\\\/perle-in.com\\\/wp-content\\\/uploads\\\/2025\\\/09\\\/1PL06200-1.jpg\",\"width\":1600,\"height\":1600},{\"@type\":\"BreadcrumbList\",\"@id\":\"https:\\\/\\\/perle-in.com\\\/produit\\\/tour-de-cou-isla-de-1-metre-en-pet-recycle-avec-impression-par-sublimation\\\/#breadcrumb\",\"itemListElement\":[{\"@type\":\"ListItem\",\"position\":1,\"name\":\"Accueil\",\"item\":\"https:\\\/\\\/perle-in.com\\\/\"},{\"@type\":\"ListItem\",\"position\":2,\"name\":\"Boutique\",\"item\":\"https:\\\/\\\/perle-in.com\\\/boutique\\\/\"},{\"@type\":\"ListItem\",\"position\":3,\"name\":\"Tour de cou Isla de 1\u00a0m\u00e8tre en PET recycl\u00e9 avec impression par sublimation\"}]},{\"@type\":\"WebSite\",\"@id\":\"https:\\\/\\\/perle-in.com\\\/#website\",\"url\":\"https:\\\/\\\/perle-in.com\\\/\",\"name\":\"PERLE IN\",\"description\":\"\",\"publisher\":{\"@id\":\"https:\\\/\\\/perle-in.com\\\/#organization\"},\"potentialAction\":[{\"@type\":\"SearchAction\",\"target\":{\"@type\":\"EntryPoint\",\"urlTemplate\":\"https:\\\/\\\/perle-in.com\\\/?s={search_term_string}\"},\"query-input\":{\"@type\":\"PropertyValueSpecification\",\"valueRequired\":true,\"valueName\":\"search_term_string\"}}],\"inLanguage\":\"en-CA\"},{\"@type\":\"Organization\",\"@id\":\"https:\\\/\\\/perle-in.com\\\/#organization\",\"name\":\"PERLE IN\",\"url\":\"https:\\\/\\\/perle-in.com\\\/\",\"logo\":{\"@type\":\"ImageObject\",\"inLanguage\":\"en-CA\",\"@id\":\"https:\\\/\\\/perle-in.com\\\/#\\\/schema\\\/logo\\\/image\\\/\",\"url\":\"https:\\\/\\\/perle-in.com\\\/wp-content\\\/uploads\\\/2022\\\/12\\\/LOGO-PERLE-IN-COULEUR@3x.webp\",\"contentUrl\":\"https:\\\/\\\/perle-in.com\\\/wp-content\\\/uploads\\\/2022\\\/12\\\/LOGO-PERLE-IN-COULEUR@3x.webp\",\"width\":1600,\"height\":490,\"caption\":\"PERLE IN\"},\"image\":{\"@id\":\"https:\\\/\\\/perle-in.com\\\/#\\\/schema\\\/logo\\\/image\\\/\"}}]}<\/script>\n<!-- \/ Yoast SEO plugin. -->","yoast_head_json":{"title":"Tour de cou Isla de 1\u00a0m\u00e8tre en PET recycl\u00e9 avec impression par sublimation - PERLE IN","robots":{"index":"noindex","follow":"follow","max-snippet":"max-snippet:-1","max-image-preview":"max-image-preview:large","max-video-preview":"max-video-preview:-1"},"og_locale":"en_US","og_type":"article","og_title":"Tour de cou Isla de 1\u00a0m\u00e8tre en PET recycl\u00e9 avec impression par sublimation - PERLE IN","og_description":"Tour de cou de 1\u00a0m\u00e8tre en PET recycl\u00e9 avec design color\u00e9 imprim\u00e9 par sublimation. Ce tour de cou est imprim\u00e9 en quadrichromie sur une face, tandis que le verso est dot\u00e9 d'une impression de m\u00e8tre ruban. Le tour de cou comporte un crochet en m\u00e9tal, pour accrocher un badge nominatif, une carte d'identit\u00e9 ou des cl\u00e9s.","og_url":"https:\/\/perle-in.com\/en\/product\/tour-de-cou-isla-de-1-metre-en-pet-recycle-avec-impression-par-sublimation\/","og_site_name":"PERLE IN","article_modified_time":"2025-10-10T11:26:34+00:00","og_image":[{"width":1600,"height":1600,"url":"https:\/\/perle-in.com\/wp-content\/uploads\/2025\/09\/1PL06200-1.jpg","type":"image\/jpeg"}],"twitter_card":"summary_large_image","schema":{"@context":"https:\/\/schema.org","@graph":[{"@type":"WebPage","@id":"https:\/\/perle-in.com\/produit\/tour-de-cou-isla-de-1-metre-en-pet-recycle-avec-impression-par-sublimation\/","url":"https:\/\/perle-in.com\/produit\/tour-de-cou-isla-de-1-metre-en-pet-recycle-avec-impression-par-sublimation\/","name":"Tour de cou Isla de 1\u00a0m\u00e8tre en PET recycl\u00e9 avec impression par sublimation - PERLE IN","isPartOf":{"@id":"https:\/\/perle-in.com\/#website"},"primaryImageOfPage":{"@id":"https:\/\/perle-in.com\/produit\/tour-de-cou-isla-de-1-metre-en-pet-recycle-avec-impression-par-sublimation\/#primaryimage"},"image":{"@id":"https:\/\/perle-in.com\/produit\/tour-de-cou-isla-de-1-metre-en-pet-recycle-avec-impression-par-sublimation\/#primaryimage"},"thumbnailUrl":"https:\/\/perle-in.com\/wp-content\/uploads\/2025\/09\/1PL06200-1.jpg","datePublished":"2025-10-10T11:26:20+00:00","dateModified":"2025-10-10T11:26:34+00:00","breadcrumb":{"@id":"https:\/\/perle-in.com\/produit\/tour-de-cou-isla-de-1-metre-en-pet-recycle-avec-impression-par-sublimation\/#breadcrumb"},"inLanguage":"en-CA","potentialAction":[{"@type":"ReadAction","target":["https:\/\/perle-in.com\/produit\/tour-de-cou-isla-de-1-metre-en-pet-recycle-avec-impression-par-sublimation\/"]}]},{"@type":"ImageObject","inLanguage":"en-CA","@id":"https:\/\/perle-in.com\/produit\/tour-de-cou-isla-de-1-metre-en-pet-recycle-avec-impression-par-sublimation\/#primaryimage","url":"https:\/\/perle-in.com\/wp-content\/uploads\/2025\/09\/1PL06200-1.jpg","contentUrl":"https:\/\/perle-in.com\/wp-content\/uploads\/2025\/09\/1PL06200-1.jpg","width":1600,"height":1600},{"@type":"BreadcrumbList","@id":"https:\/\/perle-in.com\/produit\/tour-de-cou-isla-de-1-metre-en-pet-recycle-avec-impression-par-sublimation\/#breadcrumb","itemListElement":[{"@type":"ListItem","position":1,"name":"Accueil","item":"https:\/\/perle-in.com\/"},{"@type":"ListItem","position":2,"name":"Boutique","item":"https:\/\/perle-in.com\/boutique\/"},{"@type":"ListItem","position":3,"name":"Tour de cou Isla de 1\u00a0m\u00e8tre en PET recycl\u00e9 avec impression par sublimation"}]},{"@type":"WebSite","@id":"https:\/\/perle-in.com\/#website","url":"https:\/\/perle-in.com\/","name":"PERLE IN","description":"","publisher":{"@id":"https:\/\/perle-in.com\/#organization"},"potentialAction":[{"@type":"SearchAction","target":{"@type":"EntryPoint","urlTemplate":"https:\/\/perle-in.com\/?s={search_term_string}"},"query-input":{"@type":"PropertyValueSpecification","valueRequired":true,"valueName":"search_term_string"}}],"inLanguage":"en-CA"},{"@type":"Organization","@id":"https:\/\/perle-in.com\/#organization","name":"PERLE IN","url":"https:\/\/perle-in.com\/","logo":{"@type":"ImageObject","inLanguage":"en-CA","@id":"https:\/\/perle-in.com\/#\/schema\/logo\/image\/","url":"https:\/\/perle-in.com\/wp-content\/uploads\/2022\/12\/LOGO-PERLE-IN-COULEUR@3x.webp","contentUrl":"https:\/\/perle-in.com\/wp-content\/uploads\/2022\/12\/LOGO-PERLE-IN-COULEUR@3x.webp","width":1600,"height":490,"caption":"PERLE IN"},"image":{"@id":"https:\/\/perle-in.com\/#\/schema\/logo\/image\/"}}]}},"jetpack_sharing_enabled":true,"_links":{"self":[{"href":"https:\/\/perle-in.com\/en\/wp-json\/wp\/v2\/product\/500543","targetHints":{"allow":["GET"]}}],"collection":[{"href":"https:\/\/perle-in.com\/en\/wp-json\/wp\/v2\/product"}],"about":[{"href":"https:\/\/perle-in.com\/en\/wp-json\/wp\/v2\/types\/product"}],"version-history":[{"count":0,"href":"https:\/\/perle-in.com\/en\/wp-json\/wp\/v2\/product\/500543\/revisions"}],"wp:featuredmedia":[{"embeddable":true,"href":"https:\/\/perle-in.com\/en\/wp-json\/wp\/v2\/media\/484807"}],"wp:attachment":[{"href":"https:\/\/perle-in.com\/en\/wp-json\/wp\/v2\/media?parent=500543"}],"wp:term":[{"taxonomy":"product_brand","embeddable":true,"href":"https:\/\/perle-in.com\/en\/wp-json\/wp\/v2\/product_brand?post=500543"},{"taxonomy":"product_cat","embeddable":true,"href":"https:\/\/perle-in.com\/en\/wp-json\/wp\/v2\/product_cat?post=500543"},{"taxonomy":"product_tag","embeddable":true,"href":"https:\/\/perle-in.com\/en\/wp-json\/wp\/v2\/product_tag?post=500543"}],"curies":[{"name":"wp","href":"https:\/\/api.w.org\/{rel}","templated":true}]}}