{"id":500448,"date":"2025-10-10T13:12:12","date_gmt":"2025-10-10T11:12:12","guid":{"rendered":"https:\/\/perle-in.com\/produit\/sac-en-papier-kraft-80-90-g-m%c2%b2-avec-poignees-torsadees-32-x-12-x-40-cm\/"},"modified":"2025-10-10T13:12:15","modified_gmt":"2025-10-10T11:12:15","slug":"sac-en-papier-kraft-80-90-g-m%c2%b2-avec-poignees-torsadees-32-x-12-x-40-cm","status":"publish","type":"product","link":"https:\/\/perle-in.com\/en\/product\/sac-en-papier-kraft-80-90-g-m%c2%b2-avec-poignees-torsadees-32-x-12-x-40-cm\/","title":{"rendered":"Sac en papier Kraft 80-90 g\/m\u00b2 avec poign\u00e9es torsad\u00e9es, 32 x 12 x 40\u00a0cm"},"content":{"rendered":"","protected":false},"excerpt":{"rendered":"<p>Grand sac en papier Kraft avec poign\u00e9es torsad\u00e9es. Fabriqu\u00e9 en Europe \u00e0 partir de papier issu de sources responsables (blanc 90 g\/m\u00b2, marron 80 g\/m\u00b2), il s&#8217;agit d&#8217;une solution d&#8217;emballage durable, qui offre suffisamment d&#8217;espace pour une grande vari\u00e9t\u00e9 d&#8217;articles. L&#8217;aspect naturel et rustique du papier kraft ajoute une touche \u00e9l\u00e9gante \u00e0 toutes les occasions. Parfait pour le shopping, les cadeaux ou les \u00e9v\u00e9nements, ce sac est une alternative \u00e9cologique aux sacs en plastique. Alliez facilit\u00e9 d&#8217;utilisation et responsabilit\u00e9 environnementale gr\u00e2ce \u00e0 nos sacs en papier Kraft. Dimensions\u00a0: 32 x 12 x 40\u00a0cm.<\/p>","protected":false},"featured_media":483685,"template":"","meta":{"_eb_attr":""},"product_brand":[],"product_cat":[159,892],"product_tag":[905,837,900,894,282,906,904],"class_list":{"0":"post-500448","1":"product","2":"type-product","3":"status-publish","4":"has-post-thumbnail","6":"product_cat-sacs","7":"product_cat-sacs-en-papier","8":"product_tag-courses","9":"product_tag-durable","10":"product_tag-kraft","11":"product_tag-papier","12":"product_tag-sac","13":"product_tag-sac-papier","14":"product_tag-shopping","15":"pa_couleurs-blanc","16":"pa_couleurs-marron-kraft","18":"first","19":"instock","20":"shipping-taxable","21":"purchasable","22":"product-type-variable"},"yoast_head":"<!-- This site is optimized with the Yoast SEO plugin v27.4 - https:\/\/yoast.com\/product\/yoast-seo-wordpress\/ -->\n<title>Sac en papier Kraft 80-90 g\/m\u00b2 avec poign\u00e9es torsad\u00e9es, 32 x 12 x 40\u00a0cm - PERLE IN<\/title>\n<meta name=\"robots\" content=\"noindex, follow, max-snippet:-1, max-image-preview:large, max-video-preview:-1\" \/>\n<meta property=\"og:locale\" content=\"en_US\" \/>\n<meta property=\"og:type\" content=\"article\" \/>\n<meta property=\"og:title\" content=\"Sac en papier Kraft 80-90 g\/m\u00b2 avec poign\u00e9es torsad\u00e9es, 32 x 12 x 40\u00a0cm - PERLE IN\" \/>\n<meta property=\"og:description\" content=\"Grand sac en papier Kraft avec poign\u00e9es torsad\u00e9es. Fabriqu\u00e9 en Europe \u00e0 partir de papier issu de sources responsables (blanc 90 g\/m\u00b2, marron 80 g\/m\u00b2), il s&#039;agit d&#039;une solution d&#039;emballage durable, qui offre suffisamment d&#039;espace pour une grande vari\u00e9t\u00e9 d&#039;articles. L&#039;aspect naturel et rustique du papier kraft ajoute une touche \u00e9l\u00e9gante \u00e0 toutes les occasions. Parfait pour le shopping, les cadeaux ou les \u00e9v\u00e9nements, ce sac est une alternative \u00e9cologique aux sacs en plastique. Alliez facilit\u00e9 d&#039;utilisation et responsabilit\u00e9 environnementale gr\u00e2ce \u00e0 nos sacs en papier Kraft. Dimensions\u00a0: 32 x 12 x 40\u00a0cm.\" \/>\n<meta property=\"og:url\" content=\"https:\/\/perle-in.com\/en\/product\/sac-en-papier-kraft-80-90-g-m\u00b2-avec-poignees-torsadees-32-x-12-x-40-cm\/\" \/>\n<meta property=\"og:site_name\" content=\"PERLE IN\" \/>\n<meta property=\"article:modified_time\" content=\"2025-10-10T11:12:15+00:00\" \/>\n<meta property=\"og:image\" content=\"https:\/\/perle-in.com\/wp-content\/uploads\/2025\/09\/1PQ00401-1.jpg\" \/>\n\t<meta property=\"og:image:width\" content=\"1600\" \/>\n\t<meta property=\"og:image:height\" content=\"1600\" \/>\n\t<meta property=\"og:image:type\" content=\"image\/jpeg\" \/>\n<meta name=\"twitter:card\" content=\"summary_large_image\" \/>\n<script type=\"application\/ld+json\" class=\"yoast-schema-graph\">{\"@context\":\"https:\\\/\\\/schema.org\",\"@graph\":[{\"@type\":\"WebPage\",\"@id\":\"https:\\\/\\\/perle-in.com\\\/produit\\\/sac-en-papier-kraft-80-90-g-m%c2%b2-avec-poignees-torsadees-32-x-12-x-40-cm\\\/\",\"url\":\"https:\\\/\\\/perle-in.com\\\/produit\\\/sac-en-papier-kraft-80-90-g-m%c2%b2-avec-poignees-torsadees-32-x-12-x-40-cm\\\/\",\"name\":\"Sac en papier Kraft 80-90 g\\\/m\u00b2 avec poign\u00e9es torsad\u00e9es, 32 x 12 x 40\u00a0cm - PERLE IN\",\"isPartOf\":{\"@id\":\"https:\\\/\\\/perle-in.com\\\/#website\"},\"primaryImageOfPage\":{\"@id\":\"https:\\\/\\\/perle-in.com\\\/produit\\\/sac-en-papier-kraft-80-90-g-m%c2%b2-avec-poignees-torsadees-32-x-12-x-40-cm\\\/#primaryimage\"},\"image\":{\"@id\":\"https:\\\/\\\/perle-in.com\\\/produit\\\/sac-en-papier-kraft-80-90-g-m%c2%b2-avec-poignees-torsadees-32-x-12-x-40-cm\\\/#primaryimage\"},\"thumbnailUrl\":\"https:\\\/\\\/perle-in.com\\\/wp-content\\\/uploads\\\/2025\\\/09\\\/1PQ00401-1.jpg\",\"datePublished\":\"2025-10-10T11:12:12+00:00\",\"dateModified\":\"2025-10-10T11:12:15+00:00\",\"breadcrumb\":{\"@id\":\"https:\\\/\\\/perle-in.com\\\/produit\\\/sac-en-papier-kraft-80-90-g-m%c2%b2-avec-poignees-torsadees-32-x-12-x-40-cm\\\/#breadcrumb\"},\"inLanguage\":\"en-CA\",\"potentialAction\":[{\"@type\":\"ReadAction\",\"target\":[\"https:\\\/\\\/perle-in.com\\\/produit\\\/sac-en-papier-kraft-80-90-g-m%c2%b2-avec-poignees-torsadees-32-x-12-x-40-cm\\\/\"]}]},{\"@type\":\"ImageObject\",\"inLanguage\":\"en-CA\",\"@id\":\"https:\\\/\\\/perle-in.com\\\/produit\\\/sac-en-papier-kraft-80-90-g-m%c2%b2-avec-poignees-torsadees-32-x-12-x-40-cm\\\/#primaryimage\",\"url\":\"https:\\\/\\\/perle-in.com\\\/wp-content\\\/uploads\\\/2025\\\/09\\\/1PQ00401-1.jpg\",\"contentUrl\":\"https:\\\/\\\/perle-in.com\\\/wp-content\\\/uploads\\\/2025\\\/09\\\/1PQ00401-1.jpg\",\"width\":1600,\"height\":1600},{\"@type\":\"BreadcrumbList\",\"@id\":\"https:\\\/\\\/perle-in.com\\\/produit\\\/sac-en-papier-kraft-80-90-g-m%c2%b2-avec-poignees-torsadees-32-x-12-x-40-cm\\\/#breadcrumb\",\"itemListElement\":[{\"@type\":\"ListItem\",\"position\":1,\"name\":\"Accueil\",\"item\":\"https:\\\/\\\/perle-in.com\\\/\"},{\"@type\":\"ListItem\",\"position\":2,\"name\":\"Boutique\",\"item\":\"https:\\\/\\\/perle-in.com\\\/boutique\\\/\"},{\"@type\":\"ListItem\",\"position\":3,\"name\":\"Sac en papier Kraft 80-90 g\\\/m\u00b2 avec poign\u00e9es torsad\u00e9es, 32 x 12 x 40\u00a0cm\"}]},{\"@type\":\"WebSite\",\"@id\":\"https:\\\/\\\/perle-in.com\\\/#website\",\"url\":\"https:\\\/\\\/perle-in.com\\\/\",\"name\":\"PERLE IN\",\"description\":\"\",\"publisher\":{\"@id\":\"https:\\\/\\\/perle-in.com\\\/#organization\"},\"potentialAction\":[{\"@type\":\"SearchAction\",\"target\":{\"@type\":\"EntryPoint\",\"urlTemplate\":\"https:\\\/\\\/perle-in.com\\\/?s={search_term_string}\"},\"query-input\":{\"@type\":\"PropertyValueSpecification\",\"valueRequired\":true,\"valueName\":\"search_term_string\"}}],\"inLanguage\":\"en-CA\"},{\"@type\":\"Organization\",\"@id\":\"https:\\\/\\\/perle-in.com\\\/#organization\",\"name\":\"PERLE IN\",\"url\":\"https:\\\/\\\/perle-in.com\\\/\",\"logo\":{\"@type\":\"ImageObject\",\"inLanguage\":\"en-CA\",\"@id\":\"https:\\\/\\\/perle-in.com\\\/#\\\/schema\\\/logo\\\/image\\\/\",\"url\":\"https:\\\/\\\/perle-in.com\\\/wp-content\\\/uploads\\\/2022\\\/12\\\/LOGO-PERLE-IN-COULEUR@3x.webp\",\"contentUrl\":\"https:\\\/\\\/perle-in.com\\\/wp-content\\\/uploads\\\/2022\\\/12\\\/LOGO-PERLE-IN-COULEUR@3x.webp\",\"width\":1600,\"height\":490,\"caption\":\"PERLE IN\"},\"image\":{\"@id\":\"https:\\\/\\\/perle-in.com\\\/#\\\/schema\\\/logo\\\/image\\\/\"}}]}<\/script>\n<!-- \/ Yoast SEO plugin. -->","yoast_head_json":{"title":"Sac en papier Kraft 80-90 g\/m\u00b2 avec poign\u00e9es torsad\u00e9es, 32 x 12 x 40\u00a0cm - PERLE IN","robots":{"index":"noindex","follow":"follow","max-snippet":"max-snippet:-1","max-image-preview":"max-image-preview:large","max-video-preview":"max-video-preview:-1"},"og_locale":"en_US","og_type":"article","og_title":"Sac en papier Kraft 80-90 g\/m\u00b2 avec poign\u00e9es torsad\u00e9es, 32 x 12 x 40\u00a0cm - PERLE IN","og_description":"Grand sac en papier Kraft avec poign\u00e9es torsad\u00e9es. Fabriqu\u00e9 en Europe \u00e0 partir de papier issu de sources responsables (blanc 90 g\/m\u00b2, marron 80 g\/m\u00b2), il s'agit d'une solution d'emballage durable, qui offre suffisamment d'espace pour une grande vari\u00e9t\u00e9 d'articles. L'aspect naturel et rustique du papier kraft ajoute une touche \u00e9l\u00e9gante \u00e0 toutes les occasions. Parfait pour le shopping, les cadeaux ou les \u00e9v\u00e9nements, ce sac est une alternative \u00e9cologique aux sacs en plastique. Alliez facilit\u00e9 d'utilisation et responsabilit\u00e9 environnementale gr\u00e2ce \u00e0 nos sacs en papier Kraft. Dimensions\u00a0: 32 x 12 x 40\u00a0cm.","og_url":"https:\/\/perle-in.com\/en\/product\/sac-en-papier-kraft-80-90-g-m\u00b2-avec-poignees-torsadees-32-x-12-x-40-cm\/","og_site_name":"PERLE IN","article_modified_time":"2025-10-10T11:12:15+00:00","og_image":[{"width":1600,"height":1600,"url":"https:\/\/perle-in.com\/wp-content\/uploads\/2025\/09\/1PQ00401-1.jpg","type":"image\/jpeg"}],"twitter_card":"summary_large_image","schema":{"@context":"https:\/\/schema.org","@graph":[{"@type":"WebPage","@id":"https:\/\/perle-in.com\/produit\/sac-en-papier-kraft-80-90-g-m%c2%b2-avec-poignees-torsadees-32-x-12-x-40-cm\/","url":"https:\/\/perle-in.com\/produit\/sac-en-papier-kraft-80-90-g-m%c2%b2-avec-poignees-torsadees-32-x-12-x-40-cm\/","name":"Sac en papier Kraft 80-90 g\/m\u00b2 avec poign\u00e9es torsad\u00e9es, 32 x 12 x 40\u00a0cm - PERLE IN","isPartOf":{"@id":"https:\/\/perle-in.com\/#website"},"primaryImageOfPage":{"@id":"https:\/\/perle-in.com\/produit\/sac-en-papier-kraft-80-90-g-m%c2%b2-avec-poignees-torsadees-32-x-12-x-40-cm\/#primaryimage"},"image":{"@id":"https:\/\/perle-in.com\/produit\/sac-en-papier-kraft-80-90-g-m%c2%b2-avec-poignees-torsadees-32-x-12-x-40-cm\/#primaryimage"},"thumbnailUrl":"https:\/\/perle-in.com\/wp-content\/uploads\/2025\/09\/1PQ00401-1.jpg","datePublished":"2025-10-10T11:12:12+00:00","dateModified":"2025-10-10T11:12:15+00:00","breadcrumb":{"@id":"https:\/\/perle-in.com\/produit\/sac-en-papier-kraft-80-90-g-m%c2%b2-avec-poignees-torsadees-32-x-12-x-40-cm\/#breadcrumb"},"inLanguage":"en-CA","potentialAction":[{"@type":"ReadAction","target":["https:\/\/perle-in.com\/produit\/sac-en-papier-kraft-80-90-g-m%c2%b2-avec-poignees-torsadees-32-x-12-x-40-cm\/"]}]},{"@type":"ImageObject","inLanguage":"en-CA","@id":"https:\/\/perle-in.com\/produit\/sac-en-papier-kraft-80-90-g-m%c2%b2-avec-poignees-torsadees-32-x-12-x-40-cm\/#primaryimage","url":"https:\/\/perle-in.com\/wp-content\/uploads\/2025\/09\/1PQ00401-1.jpg","contentUrl":"https:\/\/perle-in.com\/wp-content\/uploads\/2025\/09\/1PQ00401-1.jpg","width":1600,"height":1600},{"@type":"BreadcrumbList","@id":"https:\/\/perle-in.com\/produit\/sac-en-papier-kraft-80-90-g-m%c2%b2-avec-poignees-torsadees-32-x-12-x-40-cm\/#breadcrumb","itemListElement":[{"@type":"ListItem","position":1,"name":"Accueil","item":"https:\/\/perle-in.com\/"},{"@type":"ListItem","position":2,"name":"Boutique","item":"https:\/\/perle-in.com\/boutique\/"},{"@type":"ListItem","position":3,"name":"Sac en papier Kraft 80-90 g\/m\u00b2 avec poign\u00e9es torsad\u00e9es, 32 x 12 x 40\u00a0cm"}]},{"@type":"WebSite","@id":"https:\/\/perle-in.com\/#website","url":"https:\/\/perle-in.com\/","name":"PERLE IN","description":"","publisher":{"@id":"https:\/\/perle-in.com\/#organization"},"potentialAction":[{"@type":"SearchAction","target":{"@type":"EntryPoint","urlTemplate":"https:\/\/perle-in.com\/?s={search_term_string}"},"query-input":{"@type":"PropertyValueSpecification","valueRequired":true,"valueName":"search_term_string"}}],"inLanguage":"en-CA"},{"@type":"Organization","@id":"https:\/\/perle-in.com\/#organization","name":"PERLE IN","url":"https:\/\/perle-in.com\/","logo":{"@type":"ImageObject","inLanguage":"en-CA","@id":"https:\/\/perle-in.com\/#\/schema\/logo\/image\/","url":"https:\/\/perle-in.com\/wp-content\/uploads\/2022\/12\/LOGO-PERLE-IN-COULEUR@3x.webp","contentUrl":"https:\/\/perle-in.com\/wp-content\/uploads\/2022\/12\/LOGO-PERLE-IN-COULEUR@3x.webp","width":1600,"height":490,"caption":"PERLE IN"},"image":{"@id":"https:\/\/perle-in.com\/#\/schema\/logo\/image\/"}}]}},"jetpack_sharing_enabled":true,"_links":{"self":[{"href":"https:\/\/perle-in.com\/en\/wp-json\/wp\/v2\/product\/500448","targetHints":{"allow":["GET"]}}],"collection":[{"href":"https:\/\/perle-in.com\/en\/wp-json\/wp\/v2\/product"}],"about":[{"href":"https:\/\/perle-in.com\/en\/wp-json\/wp\/v2\/types\/product"}],"version-history":[{"count":0,"href":"https:\/\/perle-in.com\/en\/wp-json\/wp\/v2\/product\/500448\/revisions"}],"wp:featuredmedia":[{"embeddable":true,"href":"https:\/\/perle-in.com\/en\/wp-json\/wp\/v2\/media\/483685"}],"wp:attachment":[{"href":"https:\/\/perle-in.com\/en\/wp-json\/wp\/v2\/media?parent=500448"}],"wp:term":[{"taxonomy":"product_brand","embeddable":true,"href":"https:\/\/perle-in.com\/en\/wp-json\/wp\/v2\/product_brand?post=500448"},{"taxonomy":"product_cat","embeddable":true,"href":"https:\/\/perle-in.com\/en\/wp-json\/wp\/v2\/product_cat?post=500448"},{"taxonomy":"product_tag","embeddable":true,"href":"https:\/\/perle-in.com\/en\/wp-json\/wp\/v2\/product_tag?post=500448"}],"curies":[{"name":"wp","href":"https:\/\/api.w.org\/{rel}","templated":true}]}}