{"id":500336,"date":"2025-10-10T13:02:19","date_gmt":"2025-10-10T11:02:19","guid":{"rendered":"https:\/\/perle-in.com\/produit\/petit-aimant-rfx-rond-en-tpu-reflechissant-m-10-rfx\/"},"modified":"2025-10-10T13:02:21","modified_gmt":"2025-10-10T11:02:21","slug":"petit-aimant-rfx-rond-en-tpu-reflechissant-m-10-rfx","status":"publish","type":"product","link":"https:\/\/perle-in.com\/en\/product\/petit-aimant-rfx-rond-en-tpu-reflechissant-m-10-rfx\/","title":{"rendered":"Petit aimant RFX\u2122 rond en TPU r\u00e9fl\u00e9chissant M-10 RFX\u2122"},"content":{"rendered":"","protected":false},"excerpt":{"rendered":"<p>Fixez cet aimant r\u00e9fl\u00e9chissant sur des v\u00eatements, des sacs ou d&#8217;autres articles d&#8217;ext\u00e9rieur pour augmenter la visibilit\u00e9 dans l&#8217;obscurit\u00e9. En utilisant ces aimants certifi\u00e9s, vous faites de la s\u00e9curit\u00e9 routi\u00e8re une caract\u00e9ristique de votre marque. Disponible en diff\u00e9rentes formes et tailles, et en couleur blanche ou jaune. Dot\u00e9s d&#8217;un film r\u00e9fl\u00e9chissant souple RFX\u2122 florescent fabriqu\u00e9 en PVC sans phtalates ou en TPU, une option plus durable.  Les mat\u00e9riaux ont \u00e9t\u00e9 test\u00e9s conform\u00e9ment \u00e0 la liste candidate REACH SVHC (substances extr\u00eamement pr\u00e9occupantes) et sont exempts de phtalates. Les aimants sont test\u00e9s et approuv\u00e9s par la CE conform\u00e9ment \u00e0 la norme EN 13356 : 2001 Type 1. Fabriqu\u00e9 en Europe.<\/p>","protected":false},"featured_media":483075,"template":"","meta":{"_eb_attr":""},"product_brand":[],"product_cat":[439,438],"product_tag":[741,737,742,686,734,685,740,735],"class_list":{"0":"post-500336","1":"product","2":"type-product","3":"status-publish","4":"has-post-thumbnail","6":"product_cat-articles-rflchissants","7":"product_cat-outils-et-accessoires-pour-la-voiture","8":"product_tag-aimant","9":"product_tag-exterieur","10":"product_tag-magnetique","11":"product_tag-reflechissant","12":"product_tag-rfx","13":"product_tag-securite","14":"product_tag-sombre","15":"product_tag-visibilite","16":"pa_couleurs-blanc","17":"pa_couleurs-jaune-neon","19":"first","20":"instock","21":"shipping-taxable","22":"purchasable","23":"product-type-variable"},"yoast_head":"<!-- This site is optimized with the Yoast SEO plugin v27.4 - https:\/\/yoast.com\/product\/yoast-seo-wordpress\/ -->\n<title>Petit aimant RFX\u2122 rond en TPU r\u00e9fl\u00e9chissant M-10 RFX\u2122 - PERLE IN<\/title>\n<meta name=\"robots\" content=\"noindex, follow, max-snippet:-1, max-image-preview:large, max-video-preview:-1\" \/>\n<meta property=\"og:locale\" content=\"en_US\" \/>\n<meta property=\"og:type\" content=\"article\" \/>\n<meta property=\"og:title\" content=\"Petit aimant RFX\u2122 rond en TPU r\u00e9fl\u00e9chissant M-10 RFX\u2122 - PERLE IN\" \/>\n<meta property=\"og:description\" content=\"Fixez cet aimant r\u00e9fl\u00e9chissant sur des v\u00eatements, des sacs ou d&#039;autres articles d&#039;ext\u00e9rieur pour augmenter la visibilit\u00e9 dans l&#039;obscurit\u00e9. En utilisant ces aimants certifi\u00e9s, vous faites de la s\u00e9curit\u00e9 routi\u00e8re une caract\u00e9ristique de votre marque. Disponible en diff\u00e9rentes formes et tailles, et en couleur blanche ou jaune. Dot\u00e9s d&#039;un film r\u00e9fl\u00e9chissant souple RFX\u2122 florescent fabriqu\u00e9 en PVC sans phtalates ou en TPU, une option plus durable. Les mat\u00e9riaux ont \u00e9t\u00e9 test\u00e9s conform\u00e9ment \u00e0 la liste candidate REACH SVHC (substances extr\u00eamement pr\u00e9occupantes) et sont exempts de phtalates. Les aimants sont test\u00e9s et approuv\u00e9s par la CE conform\u00e9ment \u00e0 la norme EN 13356 : 2001 Type 1. Fabriqu\u00e9 en Europe.\" \/>\n<meta property=\"og:url\" content=\"https:\/\/perle-in.com\/en\/product\/petit-aimant-rfx-rond-en-tpu-reflechissant-m-10-rfx\/\" \/>\n<meta property=\"og:site_name\" content=\"PERLE IN\" \/>\n<meta property=\"article:modified_time\" content=\"2025-10-10T11:02:21+00:00\" \/>\n<meta property=\"og:image\" content=\"https:\/\/perle-in.com\/wp-content\/uploads\/2025\/09\/1PR07101-1.jpg\" \/>\n\t<meta property=\"og:image:width\" content=\"1600\" \/>\n\t<meta property=\"og:image:height\" content=\"1600\" \/>\n\t<meta property=\"og:image:type\" content=\"image\/jpeg\" \/>\n<meta name=\"twitter:card\" content=\"summary_large_image\" \/>\n<script type=\"application\/ld+json\" class=\"yoast-schema-graph\">{\"@context\":\"https:\\\/\\\/schema.org\",\"@graph\":[{\"@type\":\"WebPage\",\"@id\":\"https:\\\/\\\/perle-in.com\\\/produit\\\/petit-aimant-rfx-rond-en-tpu-reflechissant-m-10-rfx\\\/\",\"url\":\"https:\\\/\\\/perle-in.com\\\/produit\\\/petit-aimant-rfx-rond-en-tpu-reflechissant-m-10-rfx\\\/\",\"name\":\"Petit aimant RFX\u2122 rond en TPU r\u00e9fl\u00e9chissant M-10 RFX\u2122 - PERLE IN\",\"isPartOf\":{\"@id\":\"https:\\\/\\\/perle-in.com\\\/#website\"},\"primaryImageOfPage\":{\"@id\":\"https:\\\/\\\/perle-in.com\\\/produit\\\/petit-aimant-rfx-rond-en-tpu-reflechissant-m-10-rfx\\\/#primaryimage\"},\"image\":{\"@id\":\"https:\\\/\\\/perle-in.com\\\/produit\\\/petit-aimant-rfx-rond-en-tpu-reflechissant-m-10-rfx\\\/#primaryimage\"},\"thumbnailUrl\":\"https:\\\/\\\/perle-in.com\\\/wp-content\\\/uploads\\\/2025\\\/09\\\/1PR07101-1.jpg\",\"datePublished\":\"2025-10-10T11:02:19+00:00\",\"dateModified\":\"2025-10-10T11:02:21+00:00\",\"breadcrumb\":{\"@id\":\"https:\\\/\\\/perle-in.com\\\/produit\\\/petit-aimant-rfx-rond-en-tpu-reflechissant-m-10-rfx\\\/#breadcrumb\"},\"inLanguage\":\"en-CA\",\"potentialAction\":[{\"@type\":\"ReadAction\",\"target\":[\"https:\\\/\\\/perle-in.com\\\/produit\\\/petit-aimant-rfx-rond-en-tpu-reflechissant-m-10-rfx\\\/\"]}]},{\"@type\":\"ImageObject\",\"inLanguage\":\"en-CA\",\"@id\":\"https:\\\/\\\/perle-in.com\\\/produit\\\/petit-aimant-rfx-rond-en-tpu-reflechissant-m-10-rfx\\\/#primaryimage\",\"url\":\"https:\\\/\\\/perle-in.com\\\/wp-content\\\/uploads\\\/2025\\\/09\\\/1PR07101-1.jpg\",\"contentUrl\":\"https:\\\/\\\/perle-in.com\\\/wp-content\\\/uploads\\\/2025\\\/09\\\/1PR07101-1.jpg\",\"width\":1600,\"height\":1600},{\"@type\":\"BreadcrumbList\",\"@id\":\"https:\\\/\\\/perle-in.com\\\/produit\\\/petit-aimant-rfx-rond-en-tpu-reflechissant-m-10-rfx\\\/#breadcrumb\",\"itemListElement\":[{\"@type\":\"ListItem\",\"position\":1,\"name\":\"Accueil\",\"item\":\"https:\\\/\\\/perle-in.com\\\/\"},{\"@type\":\"ListItem\",\"position\":2,\"name\":\"Boutique\",\"item\":\"https:\\\/\\\/perle-in.com\\\/boutique\\\/\"},{\"@type\":\"ListItem\",\"position\":3,\"name\":\"Petit aimant RFX\u2122 rond en TPU r\u00e9fl\u00e9chissant M-10 RFX\u2122\"}]},{\"@type\":\"WebSite\",\"@id\":\"https:\\\/\\\/perle-in.com\\\/#website\",\"url\":\"https:\\\/\\\/perle-in.com\\\/\",\"name\":\"PERLE IN\",\"description\":\"\",\"publisher\":{\"@id\":\"https:\\\/\\\/perle-in.com\\\/#organization\"},\"potentialAction\":[{\"@type\":\"SearchAction\",\"target\":{\"@type\":\"EntryPoint\",\"urlTemplate\":\"https:\\\/\\\/perle-in.com\\\/?s={search_term_string}\"},\"query-input\":{\"@type\":\"PropertyValueSpecification\",\"valueRequired\":true,\"valueName\":\"search_term_string\"}}],\"inLanguage\":\"en-CA\"},{\"@type\":\"Organization\",\"@id\":\"https:\\\/\\\/perle-in.com\\\/#organization\",\"name\":\"PERLE IN\",\"url\":\"https:\\\/\\\/perle-in.com\\\/\",\"logo\":{\"@type\":\"ImageObject\",\"inLanguage\":\"en-CA\",\"@id\":\"https:\\\/\\\/perle-in.com\\\/#\\\/schema\\\/logo\\\/image\\\/\",\"url\":\"https:\\\/\\\/perle-in.com\\\/wp-content\\\/uploads\\\/2022\\\/12\\\/LOGO-PERLE-IN-COULEUR@3x.webp\",\"contentUrl\":\"https:\\\/\\\/perle-in.com\\\/wp-content\\\/uploads\\\/2022\\\/12\\\/LOGO-PERLE-IN-COULEUR@3x.webp\",\"width\":1600,\"height\":490,\"caption\":\"PERLE IN\"},\"image\":{\"@id\":\"https:\\\/\\\/perle-in.com\\\/#\\\/schema\\\/logo\\\/image\\\/\"}}]}<\/script>\n<!-- \/ Yoast SEO plugin. -->","yoast_head_json":{"title":"Petit aimant RFX\u2122 rond en TPU r\u00e9fl\u00e9chissant M-10 RFX\u2122 - PERLE IN","robots":{"index":"noindex","follow":"follow","max-snippet":"max-snippet:-1","max-image-preview":"max-image-preview:large","max-video-preview":"max-video-preview:-1"},"og_locale":"en_US","og_type":"article","og_title":"Petit aimant RFX\u2122 rond en TPU r\u00e9fl\u00e9chissant M-10 RFX\u2122 - PERLE IN","og_description":"Fixez cet aimant r\u00e9fl\u00e9chissant sur des v\u00eatements, des sacs ou d'autres articles d'ext\u00e9rieur pour augmenter la visibilit\u00e9 dans l'obscurit\u00e9. En utilisant ces aimants certifi\u00e9s, vous faites de la s\u00e9curit\u00e9 routi\u00e8re une caract\u00e9ristique de votre marque. Disponible en diff\u00e9rentes formes et tailles, et en couleur blanche ou jaune. Dot\u00e9s d'un film r\u00e9fl\u00e9chissant souple RFX\u2122 florescent fabriqu\u00e9 en PVC sans phtalates ou en TPU, une option plus durable. Les mat\u00e9riaux ont \u00e9t\u00e9 test\u00e9s conform\u00e9ment \u00e0 la liste candidate REACH SVHC (substances extr\u00eamement pr\u00e9occupantes) et sont exempts de phtalates. Les aimants sont test\u00e9s et approuv\u00e9s par la CE conform\u00e9ment \u00e0 la norme EN 13356 : 2001 Type 1. Fabriqu\u00e9 en Europe.","og_url":"https:\/\/perle-in.com\/en\/product\/petit-aimant-rfx-rond-en-tpu-reflechissant-m-10-rfx\/","og_site_name":"PERLE IN","article_modified_time":"2025-10-10T11:02:21+00:00","og_image":[{"width":1600,"height":1600,"url":"https:\/\/perle-in.com\/wp-content\/uploads\/2025\/09\/1PR07101-1.jpg","type":"image\/jpeg"}],"twitter_card":"summary_large_image","schema":{"@context":"https:\/\/schema.org","@graph":[{"@type":"WebPage","@id":"https:\/\/perle-in.com\/produit\/petit-aimant-rfx-rond-en-tpu-reflechissant-m-10-rfx\/","url":"https:\/\/perle-in.com\/produit\/petit-aimant-rfx-rond-en-tpu-reflechissant-m-10-rfx\/","name":"Petit aimant RFX\u2122 rond en TPU r\u00e9fl\u00e9chissant M-10 RFX\u2122 - PERLE IN","isPartOf":{"@id":"https:\/\/perle-in.com\/#website"},"primaryImageOfPage":{"@id":"https:\/\/perle-in.com\/produit\/petit-aimant-rfx-rond-en-tpu-reflechissant-m-10-rfx\/#primaryimage"},"image":{"@id":"https:\/\/perle-in.com\/produit\/petit-aimant-rfx-rond-en-tpu-reflechissant-m-10-rfx\/#primaryimage"},"thumbnailUrl":"https:\/\/perle-in.com\/wp-content\/uploads\/2025\/09\/1PR07101-1.jpg","datePublished":"2025-10-10T11:02:19+00:00","dateModified":"2025-10-10T11:02:21+00:00","breadcrumb":{"@id":"https:\/\/perle-in.com\/produit\/petit-aimant-rfx-rond-en-tpu-reflechissant-m-10-rfx\/#breadcrumb"},"inLanguage":"en-CA","potentialAction":[{"@type":"ReadAction","target":["https:\/\/perle-in.com\/produit\/petit-aimant-rfx-rond-en-tpu-reflechissant-m-10-rfx\/"]}]},{"@type":"ImageObject","inLanguage":"en-CA","@id":"https:\/\/perle-in.com\/produit\/petit-aimant-rfx-rond-en-tpu-reflechissant-m-10-rfx\/#primaryimage","url":"https:\/\/perle-in.com\/wp-content\/uploads\/2025\/09\/1PR07101-1.jpg","contentUrl":"https:\/\/perle-in.com\/wp-content\/uploads\/2025\/09\/1PR07101-1.jpg","width":1600,"height":1600},{"@type":"BreadcrumbList","@id":"https:\/\/perle-in.com\/produit\/petit-aimant-rfx-rond-en-tpu-reflechissant-m-10-rfx\/#breadcrumb","itemListElement":[{"@type":"ListItem","position":1,"name":"Accueil","item":"https:\/\/perle-in.com\/"},{"@type":"ListItem","position":2,"name":"Boutique","item":"https:\/\/perle-in.com\/boutique\/"},{"@type":"ListItem","position":3,"name":"Petit aimant RFX\u2122 rond en TPU r\u00e9fl\u00e9chissant M-10 RFX\u2122"}]},{"@type":"WebSite","@id":"https:\/\/perle-in.com\/#website","url":"https:\/\/perle-in.com\/","name":"PERLE IN","description":"","publisher":{"@id":"https:\/\/perle-in.com\/#organization"},"potentialAction":[{"@type":"SearchAction","target":{"@type":"EntryPoint","urlTemplate":"https:\/\/perle-in.com\/?s={search_term_string}"},"query-input":{"@type":"PropertyValueSpecification","valueRequired":true,"valueName":"search_term_string"}}],"inLanguage":"en-CA"},{"@type":"Organization","@id":"https:\/\/perle-in.com\/#organization","name":"PERLE IN","url":"https:\/\/perle-in.com\/","logo":{"@type":"ImageObject","inLanguage":"en-CA","@id":"https:\/\/perle-in.com\/#\/schema\/logo\/image\/","url":"https:\/\/perle-in.com\/wp-content\/uploads\/2022\/12\/LOGO-PERLE-IN-COULEUR@3x.webp","contentUrl":"https:\/\/perle-in.com\/wp-content\/uploads\/2022\/12\/LOGO-PERLE-IN-COULEUR@3x.webp","width":1600,"height":490,"caption":"PERLE IN"},"image":{"@id":"https:\/\/perle-in.com\/#\/schema\/logo\/image\/"}}]}},"jetpack_sharing_enabled":true,"_links":{"self":[{"href":"https:\/\/perle-in.com\/en\/wp-json\/wp\/v2\/product\/500336","targetHints":{"allow":["GET"]}}],"collection":[{"href":"https:\/\/perle-in.com\/en\/wp-json\/wp\/v2\/product"}],"about":[{"href":"https:\/\/perle-in.com\/en\/wp-json\/wp\/v2\/types\/product"}],"version-history":[{"count":0,"href":"https:\/\/perle-in.com\/en\/wp-json\/wp\/v2\/product\/500336\/revisions"}],"wp:featuredmedia":[{"embeddable":true,"href":"https:\/\/perle-in.com\/en\/wp-json\/wp\/v2\/media\/483075"}],"wp:attachment":[{"href":"https:\/\/perle-in.com\/en\/wp-json\/wp\/v2\/media?parent=500336"}],"wp:term":[{"taxonomy":"product_brand","embeddable":true,"href":"https:\/\/perle-in.com\/en\/wp-json\/wp\/v2\/product_brand?post=500336"},{"taxonomy":"product_cat","embeddable":true,"href":"https:\/\/perle-in.com\/en\/wp-json\/wp\/v2\/product_cat?post=500336"},{"taxonomy":"product_tag","embeddable":true,"href":"https:\/\/perle-in.com\/en\/wp-json\/wp\/v2\/product_tag?post=500336"}],"curies":[{"name":"wp","href":"https:\/\/api.w.org\/{rel}","templated":true}]}}