{"id":500310,"date":"2025-10-10T13:00:56","date_gmt":"2025-10-10T11:00:56","guid":{"rendered":"https:\/\/perle-in.com\/produit\/bande-reflechissante-rfx-de-40-cm-en-pvc-pour-animaux-de-compagnie\/"},"modified":"2025-10-10T13:00:57","modified_gmt":"2025-10-10T11:00:57","slug":"bande-reflechissante-rfx-de-40-cm-en-pvc-pour-animaux-de-compagnie","status":"publish","type":"product","link":"https:\/\/perle-in.com\/en\/product\/bande-reflechissante-rfx-de-40-cm-en-pvc-pour-animaux-de-compagnie\/","title":{"rendered":"Bande r\u00e9fl\u00e9chissante RFX\u2122 de 40\u00a0cm en PVC pour animaux de compagnie"},"content":{"rendered":"","protected":false},"excerpt":{"rendered":"<p>Enroulez et fixez cette bande r\u00e9fl\u00e9chissante sur votre animal de compagnie ou autour de votre bras ou de votre cheville \u00e0 l&#8217;aide de la fermeture \u00e0 crochets et boucles. En utilisant ces bandes r\u00e9fl\u00e9chissantes certifi\u00e9es, vous faites de la s\u00e9curit\u00e9 routi\u00e8re une caract\u00e9ristique de votre marque. Disponible en diff\u00e9rentes formes et tailles, et en couleur blanche ou jaune. Ils sont dot\u00e9s d&#8217;un film r\u00e9fl\u00e9chissant souple RFX\u2122 fluorescent fabriqu\u00e9 en PVC sans phtalates ou en TPU, une option plus durable.  Les mat\u00e9riaux ont \u00e9t\u00e9 test\u00e9s conform\u00e9ment \u00e0 la liste candidate REACH SVHC (substances extr\u00eamement pr\u00e9occupantes) et sont exempts de phtalates. Test\u00e9 et approuv\u00e9 par la CE conform\u00e9ment \u00e0 la norme EN 13356 : 2001 Type 2. Fabriqu\u00e9 en Europe<\/p>","protected":false},"featured_media":482998,"template":"","meta":{"_eb_attr":""},"product_brand":[],"product_cat":[439,438],"product_tag":[885,737,736,686,734,685,735],"class_list":{"0":"post-500310","1":"product","2":"type-product","3":"status-publish","4":"has-post-thumbnail","6":"product_cat-articles-rflchissants","7":"product_cat-outils-et-accessoires-pour-la-voiture","8":"product_tag-bande","9":"product_tag-exterieur","10":"product_tag-obscurite","11":"product_tag-reflechissant","12":"product_tag-rfx","13":"product_tag-securite","14":"product_tag-visibilite","15":"pa_couleurs-jaune-neon","17":"first","18":"instock","19":"shipping-taxable","20":"purchasable","21":"product-type-variable"},"yoast_head":"<!-- This site is optimized with the Yoast SEO plugin v27.4 - https:\/\/yoast.com\/product\/yoast-seo-wordpress\/ -->\n<title>Bande r\u00e9fl\u00e9chissante RFX\u2122 de 40\u00a0cm en PVC pour animaux de compagnie - PERLE IN<\/title>\n<meta name=\"robots\" content=\"noindex, follow, max-snippet:-1, max-image-preview:large, max-video-preview:-1\" \/>\n<meta property=\"og:locale\" content=\"en_US\" \/>\n<meta property=\"og:type\" content=\"article\" \/>\n<meta property=\"og:title\" content=\"Bande r\u00e9fl\u00e9chissante RFX\u2122 de 40\u00a0cm en PVC pour animaux de compagnie - PERLE IN\" \/>\n<meta property=\"og:description\" content=\"Enroulez et fixez cette bande r\u00e9fl\u00e9chissante sur votre animal de compagnie ou autour de votre bras ou de votre cheville \u00e0 l&#039;aide de la fermeture \u00e0 crochets et boucles. En utilisant ces bandes r\u00e9fl\u00e9chissantes certifi\u00e9es, vous faites de la s\u00e9curit\u00e9 routi\u00e8re une caract\u00e9ristique de votre marque. Disponible en diff\u00e9rentes formes et tailles, et en couleur blanche ou jaune. Ils sont dot\u00e9s d&#039;un film r\u00e9fl\u00e9chissant souple RFX\u2122 fluorescent fabriqu\u00e9 en PVC sans phtalates ou en TPU, une option plus durable. Les mat\u00e9riaux ont \u00e9t\u00e9 test\u00e9s conform\u00e9ment \u00e0 la liste candidate REACH SVHC (substances extr\u00eamement pr\u00e9occupantes) et sont exempts de phtalates. Test\u00e9 et approuv\u00e9 par la CE conform\u00e9ment \u00e0 la norme EN 13356 : 2001 Type 2. Fabriqu\u00e9 en Europe\" \/>\n<meta property=\"og:url\" content=\"https:\/\/perle-in.com\/en\/product\/bande-reflechissante-rfx-de-40-cm-en-pvc-pour-animaux-de-compagnie\/\" \/>\n<meta property=\"og:site_name\" content=\"PERLE IN\" \/>\n<meta property=\"article:modified_time\" content=\"2025-10-10T11:00:57+00:00\" \/>\n<meta property=\"og:image\" content=\"https:\/\/perle-in.com\/wp-content\/uploads\/2025\/09\/1PR05513-1.jpg\" \/>\n\t<meta property=\"og:image:width\" content=\"1600\" \/>\n\t<meta property=\"og:image:height\" content=\"1600\" \/>\n\t<meta property=\"og:image:type\" content=\"image\/jpeg\" \/>\n<meta name=\"twitter:card\" content=\"summary_large_image\" \/>\n<script type=\"application\/ld+json\" class=\"yoast-schema-graph\">{\"@context\":\"https:\\\/\\\/schema.org\",\"@graph\":[{\"@type\":\"WebPage\",\"@id\":\"https:\\\/\\\/perle-in.com\\\/produit\\\/bande-reflechissante-rfx-de-40-cm-en-pvc-pour-animaux-de-compagnie\\\/\",\"url\":\"https:\\\/\\\/perle-in.com\\\/produit\\\/bande-reflechissante-rfx-de-40-cm-en-pvc-pour-animaux-de-compagnie\\\/\",\"name\":\"Bande r\u00e9fl\u00e9chissante RFX\u2122 de 40\u00a0cm en PVC pour animaux de compagnie - PERLE IN\",\"isPartOf\":{\"@id\":\"https:\\\/\\\/perle-in.com\\\/#website\"},\"primaryImageOfPage\":{\"@id\":\"https:\\\/\\\/perle-in.com\\\/produit\\\/bande-reflechissante-rfx-de-40-cm-en-pvc-pour-animaux-de-compagnie\\\/#primaryimage\"},\"image\":{\"@id\":\"https:\\\/\\\/perle-in.com\\\/produit\\\/bande-reflechissante-rfx-de-40-cm-en-pvc-pour-animaux-de-compagnie\\\/#primaryimage\"},\"thumbnailUrl\":\"https:\\\/\\\/perle-in.com\\\/wp-content\\\/uploads\\\/2025\\\/09\\\/1PR05513-1.jpg\",\"datePublished\":\"2025-10-10T11:00:56+00:00\",\"dateModified\":\"2025-10-10T11:00:57+00:00\",\"breadcrumb\":{\"@id\":\"https:\\\/\\\/perle-in.com\\\/produit\\\/bande-reflechissante-rfx-de-40-cm-en-pvc-pour-animaux-de-compagnie\\\/#breadcrumb\"},\"inLanguage\":\"en-CA\",\"potentialAction\":[{\"@type\":\"ReadAction\",\"target\":[\"https:\\\/\\\/perle-in.com\\\/produit\\\/bande-reflechissante-rfx-de-40-cm-en-pvc-pour-animaux-de-compagnie\\\/\"]}]},{\"@type\":\"ImageObject\",\"inLanguage\":\"en-CA\",\"@id\":\"https:\\\/\\\/perle-in.com\\\/produit\\\/bande-reflechissante-rfx-de-40-cm-en-pvc-pour-animaux-de-compagnie\\\/#primaryimage\",\"url\":\"https:\\\/\\\/perle-in.com\\\/wp-content\\\/uploads\\\/2025\\\/09\\\/1PR05513-1.jpg\",\"contentUrl\":\"https:\\\/\\\/perle-in.com\\\/wp-content\\\/uploads\\\/2025\\\/09\\\/1PR05513-1.jpg\",\"width\":1600,\"height\":1600},{\"@type\":\"BreadcrumbList\",\"@id\":\"https:\\\/\\\/perle-in.com\\\/produit\\\/bande-reflechissante-rfx-de-40-cm-en-pvc-pour-animaux-de-compagnie\\\/#breadcrumb\",\"itemListElement\":[{\"@type\":\"ListItem\",\"position\":1,\"name\":\"Accueil\",\"item\":\"https:\\\/\\\/perle-in.com\\\/\"},{\"@type\":\"ListItem\",\"position\":2,\"name\":\"Boutique\",\"item\":\"https:\\\/\\\/perle-in.com\\\/boutique\\\/\"},{\"@type\":\"ListItem\",\"position\":3,\"name\":\"Bande r\u00e9fl\u00e9chissante RFX\u2122 de 40\u00a0cm en PVC pour animaux de compagnie\"}]},{\"@type\":\"WebSite\",\"@id\":\"https:\\\/\\\/perle-in.com\\\/#website\",\"url\":\"https:\\\/\\\/perle-in.com\\\/\",\"name\":\"PERLE IN\",\"description\":\"\",\"publisher\":{\"@id\":\"https:\\\/\\\/perle-in.com\\\/#organization\"},\"potentialAction\":[{\"@type\":\"SearchAction\",\"target\":{\"@type\":\"EntryPoint\",\"urlTemplate\":\"https:\\\/\\\/perle-in.com\\\/?s={search_term_string}\"},\"query-input\":{\"@type\":\"PropertyValueSpecification\",\"valueRequired\":true,\"valueName\":\"search_term_string\"}}],\"inLanguage\":\"en-CA\"},{\"@type\":\"Organization\",\"@id\":\"https:\\\/\\\/perle-in.com\\\/#organization\",\"name\":\"PERLE IN\",\"url\":\"https:\\\/\\\/perle-in.com\\\/\",\"logo\":{\"@type\":\"ImageObject\",\"inLanguage\":\"en-CA\",\"@id\":\"https:\\\/\\\/perle-in.com\\\/#\\\/schema\\\/logo\\\/image\\\/\",\"url\":\"https:\\\/\\\/perle-in.com\\\/wp-content\\\/uploads\\\/2022\\\/12\\\/LOGO-PERLE-IN-COULEUR@3x.webp\",\"contentUrl\":\"https:\\\/\\\/perle-in.com\\\/wp-content\\\/uploads\\\/2022\\\/12\\\/LOGO-PERLE-IN-COULEUR@3x.webp\",\"width\":1600,\"height\":490,\"caption\":\"PERLE IN\"},\"image\":{\"@id\":\"https:\\\/\\\/perle-in.com\\\/#\\\/schema\\\/logo\\\/image\\\/\"}}]}<\/script>\n<!-- \/ Yoast SEO plugin. -->","yoast_head_json":{"title":"Bande r\u00e9fl\u00e9chissante RFX\u2122 de 40\u00a0cm en PVC pour animaux de compagnie - PERLE IN","robots":{"index":"noindex","follow":"follow","max-snippet":"max-snippet:-1","max-image-preview":"max-image-preview:large","max-video-preview":"max-video-preview:-1"},"og_locale":"en_US","og_type":"article","og_title":"Bande r\u00e9fl\u00e9chissante RFX\u2122 de 40\u00a0cm en PVC pour animaux de compagnie - PERLE IN","og_description":"Enroulez et fixez cette bande r\u00e9fl\u00e9chissante sur votre animal de compagnie ou autour de votre bras ou de votre cheville \u00e0 l'aide de la fermeture \u00e0 crochets et boucles. En utilisant ces bandes r\u00e9fl\u00e9chissantes certifi\u00e9es, vous faites de la s\u00e9curit\u00e9 routi\u00e8re une caract\u00e9ristique de votre marque. Disponible en diff\u00e9rentes formes et tailles, et en couleur blanche ou jaune. Ils sont dot\u00e9s d'un film r\u00e9fl\u00e9chissant souple RFX\u2122 fluorescent fabriqu\u00e9 en PVC sans phtalates ou en TPU, une option plus durable. Les mat\u00e9riaux ont \u00e9t\u00e9 test\u00e9s conform\u00e9ment \u00e0 la liste candidate REACH SVHC (substances extr\u00eamement pr\u00e9occupantes) et sont exempts de phtalates. Test\u00e9 et approuv\u00e9 par la CE conform\u00e9ment \u00e0 la norme EN 13356 : 2001 Type 2. Fabriqu\u00e9 en Europe","og_url":"https:\/\/perle-in.com\/en\/product\/bande-reflechissante-rfx-de-40-cm-en-pvc-pour-animaux-de-compagnie\/","og_site_name":"PERLE IN","article_modified_time":"2025-10-10T11:00:57+00:00","og_image":[{"width":1600,"height":1600,"url":"https:\/\/perle-in.com\/wp-content\/uploads\/2025\/09\/1PR05513-1.jpg","type":"image\/jpeg"}],"twitter_card":"summary_large_image","schema":{"@context":"https:\/\/schema.org","@graph":[{"@type":"WebPage","@id":"https:\/\/perle-in.com\/produit\/bande-reflechissante-rfx-de-40-cm-en-pvc-pour-animaux-de-compagnie\/","url":"https:\/\/perle-in.com\/produit\/bande-reflechissante-rfx-de-40-cm-en-pvc-pour-animaux-de-compagnie\/","name":"Bande r\u00e9fl\u00e9chissante RFX\u2122 de 40\u00a0cm en PVC pour animaux de compagnie - PERLE IN","isPartOf":{"@id":"https:\/\/perle-in.com\/#website"},"primaryImageOfPage":{"@id":"https:\/\/perle-in.com\/produit\/bande-reflechissante-rfx-de-40-cm-en-pvc-pour-animaux-de-compagnie\/#primaryimage"},"image":{"@id":"https:\/\/perle-in.com\/produit\/bande-reflechissante-rfx-de-40-cm-en-pvc-pour-animaux-de-compagnie\/#primaryimage"},"thumbnailUrl":"https:\/\/perle-in.com\/wp-content\/uploads\/2025\/09\/1PR05513-1.jpg","datePublished":"2025-10-10T11:00:56+00:00","dateModified":"2025-10-10T11:00:57+00:00","breadcrumb":{"@id":"https:\/\/perle-in.com\/produit\/bande-reflechissante-rfx-de-40-cm-en-pvc-pour-animaux-de-compagnie\/#breadcrumb"},"inLanguage":"en-CA","potentialAction":[{"@type":"ReadAction","target":["https:\/\/perle-in.com\/produit\/bande-reflechissante-rfx-de-40-cm-en-pvc-pour-animaux-de-compagnie\/"]}]},{"@type":"ImageObject","inLanguage":"en-CA","@id":"https:\/\/perle-in.com\/produit\/bande-reflechissante-rfx-de-40-cm-en-pvc-pour-animaux-de-compagnie\/#primaryimage","url":"https:\/\/perle-in.com\/wp-content\/uploads\/2025\/09\/1PR05513-1.jpg","contentUrl":"https:\/\/perle-in.com\/wp-content\/uploads\/2025\/09\/1PR05513-1.jpg","width":1600,"height":1600},{"@type":"BreadcrumbList","@id":"https:\/\/perle-in.com\/produit\/bande-reflechissante-rfx-de-40-cm-en-pvc-pour-animaux-de-compagnie\/#breadcrumb","itemListElement":[{"@type":"ListItem","position":1,"name":"Accueil","item":"https:\/\/perle-in.com\/"},{"@type":"ListItem","position":2,"name":"Boutique","item":"https:\/\/perle-in.com\/boutique\/"},{"@type":"ListItem","position":3,"name":"Bande r\u00e9fl\u00e9chissante RFX\u2122 de 40\u00a0cm en PVC pour animaux de compagnie"}]},{"@type":"WebSite","@id":"https:\/\/perle-in.com\/#website","url":"https:\/\/perle-in.com\/","name":"PERLE IN","description":"","publisher":{"@id":"https:\/\/perle-in.com\/#organization"},"potentialAction":[{"@type":"SearchAction","target":{"@type":"EntryPoint","urlTemplate":"https:\/\/perle-in.com\/?s={search_term_string}"},"query-input":{"@type":"PropertyValueSpecification","valueRequired":true,"valueName":"search_term_string"}}],"inLanguage":"en-CA"},{"@type":"Organization","@id":"https:\/\/perle-in.com\/#organization","name":"PERLE IN","url":"https:\/\/perle-in.com\/","logo":{"@type":"ImageObject","inLanguage":"en-CA","@id":"https:\/\/perle-in.com\/#\/schema\/logo\/image\/","url":"https:\/\/perle-in.com\/wp-content\/uploads\/2022\/12\/LOGO-PERLE-IN-COULEUR@3x.webp","contentUrl":"https:\/\/perle-in.com\/wp-content\/uploads\/2022\/12\/LOGO-PERLE-IN-COULEUR@3x.webp","width":1600,"height":490,"caption":"PERLE IN"},"image":{"@id":"https:\/\/perle-in.com\/#\/schema\/logo\/image\/"}}]}},"jetpack_sharing_enabled":true,"_links":{"self":[{"href":"https:\/\/perle-in.com\/en\/wp-json\/wp\/v2\/product\/500310","targetHints":{"allow":["GET"]}}],"collection":[{"href":"https:\/\/perle-in.com\/en\/wp-json\/wp\/v2\/product"}],"about":[{"href":"https:\/\/perle-in.com\/en\/wp-json\/wp\/v2\/types\/product"}],"version-history":[{"count":0,"href":"https:\/\/perle-in.com\/en\/wp-json\/wp\/v2\/product\/500310\/revisions"}],"wp:featuredmedia":[{"embeddable":true,"href":"https:\/\/perle-in.com\/en\/wp-json\/wp\/v2\/media\/482998"}],"wp:attachment":[{"href":"https:\/\/perle-in.com\/en\/wp-json\/wp\/v2\/media?parent=500310"}],"wp:term":[{"taxonomy":"product_brand","embeddable":true,"href":"https:\/\/perle-in.com\/en\/wp-json\/wp\/v2\/product_brand?post=500310"},{"taxonomy":"product_cat","embeddable":true,"href":"https:\/\/perle-in.com\/en\/wp-json\/wp\/v2\/product_cat?post=500310"},{"taxonomy":"product_tag","embeddable":true,"href":"https:\/\/perle-in.com\/en\/wp-json\/wp\/v2\/product_tag?post=500310"}],"curies":[{"name":"wp","href":"https:\/\/api.w.org\/{rel}","templated":true}]}}