{"id":500303,"date":"2025-10-10T13:00:10","date_gmt":"2025-10-10T11:00:10","guid":{"rendered":"https:\/\/perle-in.com\/produit\/grille-pain-prixton-bianca\/"},"modified":"2025-10-10T13:00:23","modified_gmt":"2025-10-10T11:00:23","slug":"grille-pain-prixton-bianca","status":"publish","type":"product","link":"https:\/\/perle-in.com\/en\/product\/grille-pain-prixton-bianca\/","title":{"rendered":"Grille-pain Prixton Bianca"},"content":{"rendered":"","protected":false},"excerpt":{"rendered":"<p>Le grille-pain Bianca comprend 4\u00a0fentes extra-larges pour griller plus de pain en moins de temps. Il dispose \u00e9galement de fonctions de d\u00e9cong\u00e9lation et de r\u00e9chauffage, ainsi que de 7\u00a0niveaux de brunissage pour atteindre le niveau de cuisson souhait\u00e9. Base antid\u00e9rapante. Deux ramasse-miettes. Arr\u00eat et \u00e9jection automatiques. Longueur du c\u00e2ble\u00a0: 0,75\u00a0m. Puissance maximale\u00a0: 1900 W.<\/p>","protected":false},"featured_media":482977,"template":"","meta":{"_eb_attr":""},"product_brand":[],"product_cat":[150,878],"product_tag":[861,982,955,862,966,968,783,983],"class_list":{"0":"post-500303","1":"product","2":"type-product","3":"status-publish","4":"has-post-thumbnail","6":"product_cat-maison-et-cuisine","7":"product_cat-ustensiles-de-cuisine","8":"product_tag-cuisine","9":"product_tag-grille-pain","10":"product_tag-machine","11":"product_tag-maison","12":"product_tag-pain","13":"product_tag-petit-dejeuner","14":"product_tag-prixton","15":"product_tag-toaster","16":"pa_couleurs-blanc","18":"first","19":"outofstock","20":"shipping-taxable","21":"purchasable","22":"product-type-variable"},"yoast_head":"<!-- This site is optimized with the Yoast SEO plugin v27.4 - https:\/\/yoast.com\/product\/yoast-seo-wordpress\/ -->\n<title>Grille-pain Prixton Bianca - PERLE IN<\/title>\n<meta name=\"robots\" content=\"noindex, follow, max-snippet:-1, max-image-preview:large, max-video-preview:-1\" \/>\n<meta property=\"og:locale\" content=\"en_US\" \/>\n<meta property=\"og:type\" content=\"article\" \/>\n<meta property=\"og:title\" content=\"Grille-pain Prixton Bianca - PERLE IN\" \/>\n<meta property=\"og:description\" content=\"Le grille-pain Bianca comprend 4\u00a0fentes extra-larges pour griller plus de pain en moins de temps. Il dispose \u00e9galement de fonctions de d\u00e9cong\u00e9lation et de r\u00e9chauffage, ainsi que de 7\u00a0niveaux de brunissage pour atteindre le niveau de cuisson souhait\u00e9. Base antid\u00e9rapante. Deux ramasse-miettes. Arr\u00eat et \u00e9jection automatiques. Longueur du c\u00e2ble\u00a0: 0,75\u00a0m. Puissance maximale\u00a0: 1900 W.\" \/>\n<meta property=\"og:url\" content=\"https:\/\/perle-in.com\/en\/product\/grille-pain-prixton-bianca\/\" \/>\n<meta property=\"og:site_name\" content=\"PERLE IN\" \/>\n<meta property=\"article:modified_time\" content=\"2025-10-10T11:00:23+00:00\" \/>\n<meta property=\"og:image\" content=\"https:\/\/perle-in.com\/wp-content\/uploads\/2025\/09\/1PA14701-1.jpg\" \/>\n\t<meta property=\"og:image:width\" content=\"1600\" \/>\n\t<meta property=\"og:image:height\" content=\"1600\" \/>\n\t<meta property=\"og:image:type\" content=\"image\/jpeg\" \/>\n<meta name=\"twitter:card\" content=\"summary_large_image\" \/>\n<script type=\"application\/ld+json\" class=\"yoast-schema-graph\">{\"@context\":\"https:\\\/\\\/schema.org\",\"@graph\":[{\"@type\":\"WebPage\",\"@id\":\"https:\\\/\\\/perle-in.com\\\/produit\\\/grille-pain-prixton-bianca\\\/\",\"url\":\"https:\\\/\\\/perle-in.com\\\/produit\\\/grille-pain-prixton-bianca\\\/\",\"name\":\"Grille-pain Prixton Bianca - PERLE IN\",\"isPartOf\":{\"@id\":\"https:\\\/\\\/perle-in.com\\\/#website\"},\"primaryImageOfPage\":{\"@id\":\"https:\\\/\\\/perle-in.com\\\/produit\\\/grille-pain-prixton-bianca\\\/#primaryimage\"},\"image\":{\"@id\":\"https:\\\/\\\/perle-in.com\\\/produit\\\/grille-pain-prixton-bianca\\\/#primaryimage\"},\"thumbnailUrl\":\"https:\\\/\\\/perle-in.com\\\/wp-content\\\/uploads\\\/2025\\\/09\\\/1PA14701-1.jpg\",\"datePublished\":\"2025-10-10T11:00:10+00:00\",\"dateModified\":\"2025-10-10T11:00:23+00:00\",\"breadcrumb\":{\"@id\":\"https:\\\/\\\/perle-in.com\\\/produit\\\/grille-pain-prixton-bianca\\\/#breadcrumb\"},\"inLanguage\":\"en-CA\",\"potentialAction\":[{\"@type\":\"ReadAction\",\"target\":[\"https:\\\/\\\/perle-in.com\\\/produit\\\/grille-pain-prixton-bianca\\\/\"]}]},{\"@type\":\"ImageObject\",\"inLanguage\":\"en-CA\",\"@id\":\"https:\\\/\\\/perle-in.com\\\/produit\\\/grille-pain-prixton-bianca\\\/#primaryimage\",\"url\":\"https:\\\/\\\/perle-in.com\\\/wp-content\\\/uploads\\\/2025\\\/09\\\/1PA14701-1.jpg\",\"contentUrl\":\"https:\\\/\\\/perle-in.com\\\/wp-content\\\/uploads\\\/2025\\\/09\\\/1PA14701-1.jpg\",\"width\":1600,\"height\":1600},{\"@type\":\"BreadcrumbList\",\"@id\":\"https:\\\/\\\/perle-in.com\\\/produit\\\/grille-pain-prixton-bianca\\\/#breadcrumb\",\"itemListElement\":[{\"@type\":\"ListItem\",\"position\":1,\"name\":\"Accueil\",\"item\":\"https:\\\/\\\/perle-in.com\\\/\"},{\"@type\":\"ListItem\",\"position\":2,\"name\":\"Boutique\",\"item\":\"https:\\\/\\\/perle-in.com\\\/boutique\\\/\"},{\"@type\":\"ListItem\",\"position\":3,\"name\":\"Grille-pain Prixton Bianca\"}]},{\"@type\":\"WebSite\",\"@id\":\"https:\\\/\\\/perle-in.com\\\/#website\",\"url\":\"https:\\\/\\\/perle-in.com\\\/\",\"name\":\"PERLE IN\",\"description\":\"\",\"publisher\":{\"@id\":\"https:\\\/\\\/perle-in.com\\\/#organization\"},\"potentialAction\":[{\"@type\":\"SearchAction\",\"target\":{\"@type\":\"EntryPoint\",\"urlTemplate\":\"https:\\\/\\\/perle-in.com\\\/?s={search_term_string}\"},\"query-input\":{\"@type\":\"PropertyValueSpecification\",\"valueRequired\":true,\"valueName\":\"search_term_string\"}}],\"inLanguage\":\"en-CA\"},{\"@type\":\"Organization\",\"@id\":\"https:\\\/\\\/perle-in.com\\\/#organization\",\"name\":\"PERLE IN\",\"url\":\"https:\\\/\\\/perle-in.com\\\/\",\"logo\":{\"@type\":\"ImageObject\",\"inLanguage\":\"en-CA\",\"@id\":\"https:\\\/\\\/perle-in.com\\\/#\\\/schema\\\/logo\\\/image\\\/\",\"url\":\"https:\\\/\\\/perle-in.com\\\/wp-content\\\/uploads\\\/2022\\\/12\\\/LOGO-PERLE-IN-COULEUR@3x.webp\",\"contentUrl\":\"https:\\\/\\\/perle-in.com\\\/wp-content\\\/uploads\\\/2022\\\/12\\\/LOGO-PERLE-IN-COULEUR@3x.webp\",\"width\":1600,\"height\":490,\"caption\":\"PERLE IN\"},\"image\":{\"@id\":\"https:\\\/\\\/perle-in.com\\\/#\\\/schema\\\/logo\\\/image\\\/\"}}]}<\/script>\n<!-- \/ Yoast SEO plugin. -->","yoast_head_json":{"title":"Grille-pain Prixton Bianca - PERLE IN","robots":{"index":"noindex","follow":"follow","max-snippet":"max-snippet:-1","max-image-preview":"max-image-preview:large","max-video-preview":"max-video-preview:-1"},"og_locale":"en_US","og_type":"article","og_title":"Grille-pain Prixton Bianca - PERLE IN","og_description":"Le grille-pain Bianca comprend 4\u00a0fentes extra-larges pour griller plus de pain en moins de temps. Il dispose \u00e9galement de fonctions de d\u00e9cong\u00e9lation et de r\u00e9chauffage, ainsi que de 7\u00a0niveaux de brunissage pour atteindre le niveau de cuisson souhait\u00e9. Base antid\u00e9rapante. Deux ramasse-miettes. Arr\u00eat et \u00e9jection automatiques. Longueur du c\u00e2ble\u00a0: 0,75\u00a0m. Puissance maximale\u00a0: 1900 W.","og_url":"https:\/\/perle-in.com\/en\/product\/grille-pain-prixton-bianca\/","og_site_name":"PERLE IN","article_modified_time":"2025-10-10T11:00:23+00:00","og_image":[{"width":1600,"height":1600,"url":"https:\/\/perle-in.com\/wp-content\/uploads\/2025\/09\/1PA14701-1.jpg","type":"image\/jpeg"}],"twitter_card":"summary_large_image","schema":{"@context":"https:\/\/schema.org","@graph":[{"@type":"WebPage","@id":"https:\/\/perle-in.com\/produit\/grille-pain-prixton-bianca\/","url":"https:\/\/perle-in.com\/produit\/grille-pain-prixton-bianca\/","name":"Grille-pain Prixton Bianca - PERLE IN","isPartOf":{"@id":"https:\/\/perle-in.com\/#website"},"primaryImageOfPage":{"@id":"https:\/\/perle-in.com\/produit\/grille-pain-prixton-bianca\/#primaryimage"},"image":{"@id":"https:\/\/perle-in.com\/produit\/grille-pain-prixton-bianca\/#primaryimage"},"thumbnailUrl":"https:\/\/perle-in.com\/wp-content\/uploads\/2025\/09\/1PA14701-1.jpg","datePublished":"2025-10-10T11:00:10+00:00","dateModified":"2025-10-10T11:00:23+00:00","breadcrumb":{"@id":"https:\/\/perle-in.com\/produit\/grille-pain-prixton-bianca\/#breadcrumb"},"inLanguage":"en-CA","potentialAction":[{"@type":"ReadAction","target":["https:\/\/perle-in.com\/produit\/grille-pain-prixton-bianca\/"]}]},{"@type":"ImageObject","inLanguage":"en-CA","@id":"https:\/\/perle-in.com\/produit\/grille-pain-prixton-bianca\/#primaryimage","url":"https:\/\/perle-in.com\/wp-content\/uploads\/2025\/09\/1PA14701-1.jpg","contentUrl":"https:\/\/perle-in.com\/wp-content\/uploads\/2025\/09\/1PA14701-1.jpg","width":1600,"height":1600},{"@type":"BreadcrumbList","@id":"https:\/\/perle-in.com\/produit\/grille-pain-prixton-bianca\/#breadcrumb","itemListElement":[{"@type":"ListItem","position":1,"name":"Accueil","item":"https:\/\/perle-in.com\/"},{"@type":"ListItem","position":2,"name":"Boutique","item":"https:\/\/perle-in.com\/boutique\/"},{"@type":"ListItem","position":3,"name":"Grille-pain Prixton Bianca"}]},{"@type":"WebSite","@id":"https:\/\/perle-in.com\/#website","url":"https:\/\/perle-in.com\/","name":"PERLE IN","description":"","publisher":{"@id":"https:\/\/perle-in.com\/#organization"},"potentialAction":[{"@type":"SearchAction","target":{"@type":"EntryPoint","urlTemplate":"https:\/\/perle-in.com\/?s={search_term_string}"},"query-input":{"@type":"PropertyValueSpecification","valueRequired":true,"valueName":"search_term_string"}}],"inLanguage":"en-CA"},{"@type":"Organization","@id":"https:\/\/perle-in.com\/#organization","name":"PERLE IN","url":"https:\/\/perle-in.com\/","logo":{"@type":"ImageObject","inLanguage":"en-CA","@id":"https:\/\/perle-in.com\/#\/schema\/logo\/image\/","url":"https:\/\/perle-in.com\/wp-content\/uploads\/2022\/12\/LOGO-PERLE-IN-COULEUR@3x.webp","contentUrl":"https:\/\/perle-in.com\/wp-content\/uploads\/2022\/12\/LOGO-PERLE-IN-COULEUR@3x.webp","width":1600,"height":490,"caption":"PERLE IN"},"image":{"@id":"https:\/\/perle-in.com\/#\/schema\/logo\/image\/"}}]}},"jetpack_sharing_enabled":true,"_links":{"self":[{"href":"https:\/\/perle-in.com\/en\/wp-json\/wp\/v2\/product\/500303","targetHints":{"allow":["GET"]}}],"collection":[{"href":"https:\/\/perle-in.com\/en\/wp-json\/wp\/v2\/product"}],"about":[{"href":"https:\/\/perle-in.com\/en\/wp-json\/wp\/v2\/types\/product"}],"version-history":[{"count":0,"href":"https:\/\/perle-in.com\/en\/wp-json\/wp\/v2\/product\/500303\/revisions"}],"wp:featuredmedia":[{"embeddable":true,"href":"https:\/\/perle-in.com\/en\/wp-json\/wp\/v2\/media\/482977"}],"wp:attachment":[{"href":"https:\/\/perle-in.com\/en\/wp-json\/wp\/v2\/media?parent=500303"}],"wp:term":[{"taxonomy":"product_brand","embeddable":true,"href":"https:\/\/perle-in.com\/en\/wp-json\/wp\/v2\/product_brand?post=500303"},{"taxonomy":"product_cat","embeddable":true,"href":"https:\/\/perle-in.com\/en\/wp-json\/wp\/v2\/product_cat?post=500303"},{"taxonomy":"product_tag","embeddable":true,"href":"https:\/\/perle-in.com\/en\/wp-json\/wp\/v2\/product_tag?post=500303"}],"curies":[{"name":"wp","href":"https:\/\/api.w.org\/{rel}","templated":true}]}}