{"id":500253,"date":"2025-10-10T12:53:00","date_gmt":"2025-10-10T10:53:00","guid":{"rendered":"https:\/\/perle-in.com\/produit\/cle-usb-2-0-en-papier-recycle-en-forme-de-maison\/"},"modified":"2025-10-10T12:53:19","modified_gmt":"2025-10-10T10:53:19","slug":"cle-usb-2-0-en-papier-recycle-en-forme-de-maison","status":"publish","type":"product","link":"https:\/\/perle-in.com\/en\/product\/cle-usb-2-0-en-papier-recycle-en-forme-de-maison\/","title":{"rendered":"Cl\u00e9 USB\u00a02.0 en papier recycl\u00e9 en forme de maison"},"content":{"rendered":"","protected":false},"excerpt":{"rendered":"<p>La cl\u00e9 USB\u00a02.0 en papier recycl\u00e9 en forme de maison est un appareil pratique et plus durable qui vous permet de stocker et de transf\u00e9rer facilement vos donn\u00e9es. Le corps de l&#8217;appareil est fabriqu\u00e9 \u00e0 partir de papier recycl\u00e9, ce qui r\u00e9duit l&#8217;impact environnemental des d\u00e9chets plastiques. Cette cl\u00e9 USB est un cadeau id\u00e9al pour tous ceux qui appr\u00e9cient la durabilit\u00e9 et la fonctionnalit\u00e9.<\/p>","protected":false},"featured_media":483759,"template":"","meta":{"_eb_attr":""},"product_brand":[],"product_cat":[743,667],"product_tag":[801,837,909,836,799],"class_list":{"0":"post-500253","1":"product","2":"type-product","3":"status-publish","4":"has-post-thumbnail","6":"product_cat-cles-usb","7":"product_cat-technologie","8":"product_tag-cle","9":"product_tag-durable","10":"product_tag-fichiers","11":"product_tag-recycle","12":"product_tag-stockage","13":"pa_couleurs-marron-kraft","14":"pa_taille-128gb","15":"pa_taille-16gb","16":"pa_taille-1gb","17":"pa_taille-2gb","18":"pa_taille-32gb","19":"pa_taille-4gb","20":"pa_taille-64gb","21":"pa_taille-8gb","23":"first","24":"instock","25":"shipping-taxable","26":"purchasable","27":"product-type-variable"},"yoast_head":"<!-- This site is optimized with the Yoast SEO plugin v27.4 - https:\/\/yoast.com\/product\/yoast-seo-wordpress\/ -->\n<title>Cl\u00e9 USB\u00a02.0 en papier recycl\u00e9 en forme de maison - PERLE IN<\/title>\n<meta name=\"robots\" content=\"noindex, follow, max-snippet:-1, max-image-preview:large, max-video-preview:-1\" \/>\n<meta property=\"og:locale\" content=\"en_US\" \/>\n<meta property=\"og:type\" content=\"article\" \/>\n<meta property=\"og:title\" content=\"Cl\u00e9 USB\u00a02.0 en papier recycl\u00e9 en forme de maison - PERLE IN\" \/>\n<meta property=\"og:description\" content=\"La cl\u00e9 USB\u00a02.0 en papier recycl\u00e9 en forme de maison est un appareil pratique et plus durable qui vous permet de stocker et de transf\u00e9rer facilement vos donn\u00e9es. Le corps de l&#039;appareil est fabriqu\u00e9 \u00e0 partir de papier recycl\u00e9, ce qui r\u00e9duit l&#039;impact environnemental des d\u00e9chets plastiques. Cette cl\u00e9 USB est un cadeau id\u00e9al pour tous ceux qui appr\u00e9cient la durabilit\u00e9 et la fonctionnalit\u00e9.\" \/>\n<meta property=\"og:url\" content=\"https:\/\/perle-in.com\/en\/product\/cle-usb-2-0-en-papier-recycle-en-forme-de-maison\/\" \/>\n<meta property=\"og:site_name\" content=\"PERLE IN\" \/>\n<meta property=\"article:modified_time\" content=\"2025-10-10T10:53:19+00:00\" \/>\n<meta property=\"og:image\" content=\"https:\/\/perle-in.com\/wp-content\/uploads\/2025\/09\/1Z50106D-1.jpg\" \/>\n\t<meta property=\"og:image:width\" content=\"1600\" \/>\n\t<meta property=\"og:image:height\" content=\"1600\" \/>\n\t<meta property=\"og:image:type\" content=\"image\/jpeg\" \/>\n<meta name=\"twitter:card\" content=\"summary_large_image\" \/>\n<script type=\"application\/ld+json\" class=\"yoast-schema-graph\">{\"@context\":\"https:\\\/\\\/schema.org\",\"@graph\":[{\"@type\":\"WebPage\",\"@id\":\"https:\\\/\\\/perle-in.com\\\/en\\\/product\\\/cle-usb-2-0-en-papier-recycle-en-forme-de-maison\\\/\",\"url\":\"https:\\\/\\\/perle-in.com\\\/en\\\/product\\\/cle-usb-2-0-en-papier-recycle-en-forme-de-maison\\\/\",\"name\":\"Cl\u00e9 USB\u00a02.0 en papier recycl\u00e9 en forme de maison - PERLE IN\",\"isPartOf\":{\"@id\":\"https:\\\/\\\/perle-in.com\\\/#website\"},\"primaryImageOfPage\":{\"@id\":\"https:\\\/\\\/perle-in.com\\\/en\\\/product\\\/cle-usb-2-0-en-papier-recycle-en-forme-de-maison\\\/#primaryimage\"},\"image\":{\"@id\":\"https:\\\/\\\/perle-in.com\\\/en\\\/product\\\/cle-usb-2-0-en-papier-recycle-en-forme-de-maison\\\/#primaryimage\"},\"thumbnailUrl\":\"https:\\\/\\\/perle-in.com\\\/wp-content\\\/uploads\\\/2025\\\/09\\\/1Z50106D-1.jpg\",\"datePublished\":\"2025-10-10T10:53:00+00:00\",\"dateModified\":\"2025-10-10T10:53:19+00:00\",\"breadcrumb\":{\"@id\":\"https:\\\/\\\/perle-in.com\\\/en\\\/product\\\/cle-usb-2-0-en-papier-recycle-en-forme-de-maison\\\/#breadcrumb\"},\"inLanguage\":\"en-CA\",\"potentialAction\":[{\"@type\":\"ReadAction\",\"target\":[\"https:\\\/\\\/perle-in.com\\\/en\\\/product\\\/cle-usb-2-0-en-papier-recycle-en-forme-de-maison\\\/\"]}]},{\"@type\":\"ImageObject\",\"inLanguage\":\"en-CA\",\"@id\":\"https:\\\/\\\/perle-in.com\\\/en\\\/product\\\/cle-usb-2-0-en-papier-recycle-en-forme-de-maison\\\/#primaryimage\",\"url\":\"https:\\\/\\\/perle-in.com\\\/wp-content\\\/uploads\\\/2025\\\/09\\\/1Z50106D-1.jpg\",\"contentUrl\":\"https:\\\/\\\/perle-in.com\\\/wp-content\\\/uploads\\\/2025\\\/09\\\/1Z50106D-1.jpg\",\"width\":1600,\"height\":1600},{\"@type\":\"BreadcrumbList\",\"@id\":\"https:\\\/\\\/perle-in.com\\\/en\\\/product\\\/cle-usb-2-0-en-papier-recycle-en-forme-de-maison\\\/#breadcrumb\",\"itemListElement\":[{\"@type\":\"ListItem\",\"position\":1,\"name\":\"Accueil\",\"item\":\"https:\\\/\\\/perle-in.com\\\/\"},{\"@type\":\"ListItem\",\"position\":2,\"name\":\"Boutique\",\"item\":\"https:\\\/\\\/perle-in.com\\\/boutique\\\/\"},{\"@type\":\"ListItem\",\"position\":3,\"name\":\"Cl\u00e9 USB\u00a02.0 en papier recycl\u00e9 en forme de maison\"}]},{\"@type\":\"WebSite\",\"@id\":\"https:\\\/\\\/perle-in.com\\\/#website\",\"url\":\"https:\\\/\\\/perle-in.com\\\/\",\"name\":\"PERLE IN\",\"description\":\"\",\"publisher\":{\"@id\":\"https:\\\/\\\/perle-in.com\\\/#organization\"},\"potentialAction\":[{\"@type\":\"SearchAction\",\"target\":{\"@type\":\"EntryPoint\",\"urlTemplate\":\"https:\\\/\\\/perle-in.com\\\/?s={search_term_string}\"},\"query-input\":{\"@type\":\"PropertyValueSpecification\",\"valueRequired\":true,\"valueName\":\"search_term_string\"}}],\"inLanguage\":\"en-CA\"},{\"@type\":\"Organization\",\"@id\":\"https:\\\/\\\/perle-in.com\\\/#organization\",\"name\":\"PERLE IN\",\"url\":\"https:\\\/\\\/perle-in.com\\\/\",\"logo\":{\"@type\":\"ImageObject\",\"inLanguage\":\"en-CA\",\"@id\":\"https:\\\/\\\/perle-in.com\\\/#\\\/schema\\\/logo\\\/image\\\/\",\"url\":\"https:\\\/\\\/perle-in.com\\\/wp-content\\\/uploads\\\/2022\\\/12\\\/LOGO-PERLE-IN-COULEUR@3x.webp\",\"contentUrl\":\"https:\\\/\\\/perle-in.com\\\/wp-content\\\/uploads\\\/2022\\\/12\\\/LOGO-PERLE-IN-COULEUR@3x.webp\",\"width\":1600,\"height\":490,\"caption\":\"PERLE IN\"},\"image\":{\"@id\":\"https:\\\/\\\/perle-in.com\\\/#\\\/schema\\\/logo\\\/image\\\/\"}}]}<\/script>\n<!-- \/ Yoast SEO plugin. -->","yoast_head_json":{"title":"Cl\u00e9 USB\u00a02.0 en papier recycl\u00e9 en forme de maison - PERLE IN","robots":{"index":"noindex","follow":"follow","max-snippet":"max-snippet:-1","max-image-preview":"max-image-preview:large","max-video-preview":"max-video-preview:-1"},"og_locale":"en_US","og_type":"article","og_title":"Cl\u00e9 USB\u00a02.0 en papier recycl\u00e9 en forme de maison - PERLE IN","og_description":"La cl\u00e9 USB\u00a02.0 en papier recycl\u00e9 en forme de maison est un appareil pratique et plus durable qui vous permet de stocker et de transf\u00e9rer facilement vos donn\u00e9es. Le corps de l'appareil est fabriqu\u00e9 \u00e0 partir de papier recycl\u00e9, ce qui r\u00e9duit l'impact environnemental des d\u00e9chets plastiques. Cette cl\u00e9 USB est un cadeau id\u00e9al pour tous ceux qui appr\u00e9cient la durabilit\u00e9 et la fonctionnalit\u00e9.","og_url":"https:\/\/perle-in.com\/en\/product\/cle-usb-2-0-en-papier-recycle-en-forme-de-maison\/","og_site_name":"PERLE IN","article_modified_time":"2025-10-10T10:53:19+00:00","og_image":[{"width":1600,"height":1600,"url":"https:\/\/perle-in.com\/wp-content\/uploads\/2025\/09\/1Z50106D-1.jpg","type":"image\/jpeg"}],"twitter_card":"summary_large_image","schema":{"@context":"https:\/\/schema.org","@graph":[{"@type":"WebPage","@id":"https:\/\/perle-in.com\/en\/product\/cle-usb-2-0-en-papier-recycle-en-forme-de-maison\/","url":"https:\/\/perle-in.com\/en\/product\/cle-usb-2-0-en-papier-recycle-en-forme-de-maison\/","name":"Cl\u00e9 USB\u00a02.0 en papier recycl\u00e9 en forme de maison - PERLE IN","isPartOf":{"@id":"https:\/\/perle-in.com\/#website"},"primaryImageOfPage":{"@id":"https:\/\/perle-in.com\/en\/product\/cle-usb-2-0-en-papier-recycle-en-forme-de-maison\/#primaryimage"},"image":{"@id":"https:\/\/perle-in.com\/en\/product\/cle-usb-2-0-en-papier-recycle-en-forme-de-maison\/#primaryimage"},"thumbnailUrl":"https:\/\/perle-in.com\/wp-content\/uploads\/2025\/09\/1Z50106D-1.jpg","datePublished":"2025-10-10T10:53:00+00:00","dateModified":"2025-10-10T10:53:19+00:00","breadcrumb":{"@id":"https:\/\/perle-in.com\/en\/product\/cle-usb-2-0-en-papier-recycle-en-forme-de-maison\/#breadcrumb"},"inLanguage":"en-CA","potentialAction":[{"@type":"ReadAction","target":["https:\/\/perle-in.com\/en\/product\/cle-usb-2-0-en-papier-recycle-en-forme-de-maison\/"]}]},{"@type":"ImageObject","inLanguage":"en-CA","@id":"https:\/\/perle-in.com\/en\/product\/cle-usb-2-0-en-papier-recycle-en-forme-de-maison\/#primaryimage","url":"https:\/\/perle-in.com\/wp-content\/uploads\/2025\/09\/1Z50106D-1.jpg","contentUrl":"https:\/\/perle-in.com\/wp-content\/uploads\/2025\/09\/1Z50106D-1.jpg","width":1600,"height":1600},{"@type":"BreadcrumbList","@id":"https:\/\/perle-in.com\/en\/product\/cle-usb-2-0-en-papier-recycle-en-forme-de-maison\/#breadcrumb","itemListElement":[{"@type":"ListItem","position":1,"name":"Accueil","item":"https:\/\/perle-in.com\/"},{"@type":"ListItem","position":2,"name":"Boutique","item":"https:\/\/perle-in.com\/boutique\/"},{"@type":"ListItem","position":3,"name":"Cl\u00e9 USB\u00a02.0 en papier recycl\u00e9 en forme de maison"}]},{"@type":"WebSite","@id":"https:\/\/perle-in.com\/#website","url":"https:\/\/perle-in.com\/","name":"PERLE IN","description":"","publisher":{"@id":"https:\/\/perle-in.com\/#organization"},"potentialAction":[{"@type":"SearchAction","target":{"@type":"EntryPoint","urlTemplate":"https:\/\/perle-in.com\/?s={search_term_string}"},"query-input":{"@type":"PropertyValueSpecification","valueRequired":true,"valueName":"search_term_string"}}],"inLanguage":"en-CA"},{"@type":"Organization","@id":"https:\/\/perle-in.com\/#organization","name":"PERLE IN","url":"https:\/\/perle-in.com\/","logo":{"@type":"ImageObject","inLanguage":"en-CA","@id":"https:\/\/perle-in.com\/#\/schema\/logo\/image\/","url":"https:\/\/perle-in.com\/wp-content\/uploads\/2022\/12\/LOGO-PERLE-IN-COULEUR@3x.webp","contentUrl":"https:\/\/perle-in.com\/wp-content\/uploads\/2022\/12\/LOGO-PERLE-IN-COULEUR@3x.webp","width":1600,"height":490,"caption":"PERLE IN"},"image":{"@id":"https:\/\/perle-in.com\/#\/schema\/logo\/image\/"}}]}},"jetpack_sharing_enabled":true,"_links":{"self":[{"href":"https:\/\/perle-in.com\/en\/wp-json\/wp\/v2\/product\/500253","targetHints":{"allow":["GET"]}}],"collection":[{"href":"https:\/\/perle-in.com\/en\/wp-json\/wp\/v2\/product"}],"about":[{"href":"https:\/\/perle-in.com\/en\/wp-json\/wp\/v2\/types\/product"}],"version-history":[{"count":0,"href":"https:\/\/perle-in.com\/en\/wp-json\/wp\/v2\/product\/500253\/revisions"}],"wp:featuredmedia":[{"embeddable":true,"href":"https:\/\/perle-in.com\/en\/wp-json\/wp\/v2\/media\/483759"}],"wp:attachment":[{"href":"https:\/\/perle-in.com\/en\/wp-json\/wp\/v2\/media?parent=500253"}],"wp:term":[{"taxonomy":"product_brand","embeddable":true,"href":"https:\/\/perle-in.com\/en\/wp-json\/wp\/v2\/product_brand?post=500253"},{"taxonomy":"product_cat","embeddable":true,"href":"https:\/\/perle-in.com\/en\/wp-json\/wp\/v2\/product_cat?post=500253"},{"taxonomy":"product_tag","embeddable":true,"href":"https:\/\/perle-in.com\/en\/wp-json\/wp\/v2\/product_tag?post=500253"}],"curies":[{"name":"wp","href":"https:\/\/api.w.org\/{rel}","templated":true}]}}