{"id":500234,"date":"2025-10-10T12:40:49","date_gmt":"2025-10-10T10:40:49","guid":{"rendered":"https:\/\/perle-in.com\/produit\/presse-agrumes-prixton-bio-xp4\/"},"modified":"2025-10-10T12:40:49","modified_gmt":"2025-10-10T10:40:49","slug":"presse-agrumes-prixton-bio-xp4","status":"publish","type":"product","link":"https:\/\/perle-in.com\/en\/product\/presse-agrumes-prixton-bio-xp4\/","title":{"rendered":"Presse-agrumes Prixton BIO XP4"},"content":{"rendered":"","protected":false},"excerpt":{"rendered":"<p>Presse-agrumes haute puissance de 300\u00a0W qui fonctionne rapidement et extrait la quantit\u00e9 maximale de jus des fruits. La poign\u00e9e en aluminium int\u00e9gr\u00e9e rend l&#8217;op\u00e9ration plus facile, plus rapide et plus propre. Toutes les pi\u00e8ces sont amovibles et passent au lave-vaisselle. Livr\u00e9 avec 2\u00a0c\u00f4nes de tailles diff\u00e9rentes pour adapter le presse-agrumes au fruit. Le presse-agrumes dispose d&#8217;une fonction anti-goutte et d&#8217;un filtre \u00e0 pulpe r\u00e9glable. Capacit\u00e9 de 270 ml. Longueur du c\u00e2ble\u00a0: 108\u00a0cm. Niveau sonore\u00a0: 85\u00a0dB.<\/p>","protected":false},"featured_media":482970,"template":"","meta":{"_eb_attr":""},"product_brand":[],"product_cat":[150,878],"product_tag":[275,861,981,980,955,862,968,979,783],"class_list":{"0":"post-500234","1":"product","2":"type-product","3":"status-publish","4":"has-post-thumbnail","6":"product_cat-maison-et-cuisine","7":"product_cat-ustensiles-de-cuisine","8":"product_tag-boissons","9":"product_tag-cuisine","10":"product_tag-fruits","11":"product_tag-jus","12":"product_tag-machine","13":"product_tag-maison","14":"product_tag-petit-dejeuner","15":"product_tag-presse-agrumes","16":"product_tag-prixton","17":"pa_couleurs-gris","19":"first","20":"outofstock","21":"shipping-taxable","22":"product-type-variable"},"yoast_head":"<!-- This site is optimized with the Yoast SEO plugin v27.4 - https:\/\/yoast.com\/product\/yoast-seo-wordpress\/ -->\n<title>Presse-agrumes Prixton BIO XP4 - PERLE IN<\/title>\n<meta name=\"robots\" content=\"noindex, follow, max-snippet:-1, max-image-preview:large, max-video-preview:-1\" \/>\n<meta property=\"og:locale\" content=\"en_US\" \/>\n<meta property=\"og:type\" content=\"article\" \/>\n<meta property=\"og:title\" content=\"Presse-agrumes Prixton BIO XP4 - PERLE IN\" \/>\n<meta property=\"og:description\" content=\"Presse-agrumes haute puissance de 300\u00a0W qui fonctionne rapidement et extrait la quantit\u00e9 maximale de jus des fruits. La poign\u00e9e en aluminium int\u00e9gr\u00e9e rend l&#039;op\u00e9ration plus facile, plus rapide et plus propre. Toutes les pi\u00e8ces sont amovibles et passent au lave-vaisselle. Livr\u00e9 avec 2\u00a0c\u00f4nes de tailles diff\u00e9rentes pour adapter le presse-agrumes au fruit. Le presse-agrumes dispose d&#039;une fonction anti-goutte et d&#039;un filtre \u00e0 pulpe r\u00e9glable. Capacit\u00e9 de 270 ml. Longueur du c\u00e2ble\u00a0: 108\u00a0cm. Niveau sonore\u00a0: 85\u00a0dB.\" \/>\n<meta property=\"og:url\" content=\"https:\/\/perle-in.com\/en\/product\/presse-agrumes-prixton-bio-xp4\/\" \/>\n<meta property=\"og:site_name\" content=\"PERLE IN\" \/>\n<meta property=\"og:image\" content=\"https:\/\/perle-in.com\/wp-content\/uploads\/2025\/09\/1PA14682-1.jpg\" \/>\n\t<meta property=\"og:image:width\" content=\"1600\" \/>\n\t<meta property=\"og:image:height\" content=\"1600\" \/>\n\t<meta property=\"og:image:type\" content=\"image\/jpeg\" \/>\n<meta name=\"twitter:card\" content=\"summary_large_image\" \/>\n<script type=\"application\/ld+json\" class=\"yoast-schema-graph\">{\"@context\":\"https:\\\/\\\/schema.org\",\"@graph\":[{\"@type\":\"WebPage\",\"@id\":\"https:\\\/\\\/perle-in.com\\\/produit\\\/presse-agrumes-prixton-bio-xp4\\\/\",\"url\":\"https:\\\/\\\/perle-in.com\\\/produit\\\/presse-agrumes-prixton-bio-xp4\\\/\",\"name\":\"Presse-agrumes Prixton BIO XP4 - PERLE IN\",\"isPartOf\":{\"@id\":\"https:\\\/\\\/perle-in.com\\\/#website\"},\"primaryImageOfPage\":{\"@id\":\"https:\\\/\\\/perle-in.com\\\/produit\\\/presse-agrumes-prixton-bio-xp4\\\/#primaryimage\"},\"image\":{\"@id\":\"https:\\\/\\\/perle-in.com\\\/produit\\\/presse-agrumes-prixton-bio-xp4\\\/#primaryimage\"},\"thumbnailUrl\":\"https:\\\/\\\/perle-in.com\\\/wp-content\\\/uploads\\\/2025\\\/09\\\/1PA14682-1.jpg\",\"datePublished\":\"2025-10-10T10:40:49+00:00\",\"breadcrumb\":{\"@id\":\"https:\\\/\\\/perle-in.com\\\/produit\\\/presse-agrumes-prixton-bio-xp4\\\/#breadcrumb\"},\"inLanguage\":\"en-CA\",\"potentialAction\":[{\"@type\":\"ReadAction\",\"target\":[\"https:\\\/\\\/perle-in.com\\\/produit\\\/presse-agrumes-prixton-bio-xp4\\\/\"]}]},{\"@type\":\"ImageObject\",\"inLanguage\":\"en-CA\",\"@id\":\"https:\\\/\\\/perle-in.com\\\/produit\\\/presse-agrumes-prixton-bio-xp4\\\/#primaryimage\",\"url\":\"https:\\\/\\\/perle-in.com\\\/wp-content\\\/uploads\\\/2025\\\/09\\\/1PA14682-1.jpg\",\"contentUrl\":\"https:\\\/\\\/perle-in.com\\\/wp-content\\\/uploads\\\/2025\\\/09\\\/1PA14682-1.jpg\",\"width\":1600,\"height\":1600},{\"@type\":\"BreadcrumbList\",\"@id\":\"https:\\\/\\\/perle-in.com\\\/produit\\\/presse-agrumes-prixton-bio-xp4\\\/#breadcrumb\",\"itemListElement\":[{\"@type\":\"ListItem\",\"position\":1,\"name\":\"Accueil\",\"item\":\"https:\\\/\\\/perle-in.com\\\/\"},{\"@type\":\"ListItem\",\"position\":2,\"name\":\"Boutique\",\"item\":\"https:\\\/\\\/perle-in.com\\\/boutique\\\/\"},{\"@type\":\"ListItem\",\"position\":3,\"name\":\"Presse-agrumes Prixton BIO XP4\"}]},{\"@type\":\"WebSite\",\"@id\":\"https:\\\/\\\/perle-in.com\\\/#website\",\"url\":\"https:\\\/\\\/perle-in.com\\\/\",\"name\":\"PERLE IN\",\"description\":\"\",\"publisher\":{\"@id\":\"https:\\\/\\\/perle-in.com\\\/#organization\"},\"potentialAction\":[{\"@type\":\"SearchAction\",\"target\":{\"@type\":\"EntryPoint\",\"urlTemplate\":\"https:\\\/\\\/perle-in.com\\\/?s={search_term_string}\"},\"query-input\":{\"@type\":\"PropertyValueSpecification\",\"valueRequired\":true,\"valueName\":\"search_term_string\"}}],\"inLanguage\":\"en-CA\"},{\"@type\":\"Organization\",\"@id\":\"https:\\\/\\\/perle-in.com\\\/#organization\",\"name\":\"PERLE IN\",\"url\":\"https:\\\/\\\/perle-in.com\\\/\",\"logo\":{\"@type\":\"ImageObject\",\"inLanguage\":\"en-CA\",\"@id\":\"https:\\\/\\\/perle-in.com\\\/#\\\/schema\\\/logo\\\/image\\\/\",\"url\":\"https:\\\/\\\/perle-in.com\\\/wp-content\\\/uploads\\\/2022\\\/12\\\/LOGO-PERLE-IN-COULEUR@3x.webp\",\"contentUrl\":\"https:\\\/\\\/perle-in.com\\\/wp-content\\\/uploads\\\/2022\\\/12\\\/LOGO-PERLE-IN-COULEUR@3x.webp\",\"width\":1600,\"height\":490,\"caption\":\"PERLE IN\"},\"image\":{\"@id\":\"https:\\\/\\\/perle-in.com\\\/#\\\/schema\\\/logo\\\/image\\\/\"}}]}<\/script>\n<!-- \/ Yoast SEO plugin. -->","yoast_head_json":{"title":"Presse-agrumes Prixton BIO XP4 - PERLE IN","robots":{"index":"noindex","follow":"follow","max-snippet":"max-snippet:-1","max-image-preview":"max-image-preview:large","max-video-preview":"max-video-preview:-1"},"og_locale":"en_US","og_type":"article","og_title":"Presse-agrumes Prixton BIO XP4 - PERLE IN","og_description":"Presse-agrumes haute puissance de 300\u00a0W qui fonctionne rapidement et extrait la quantit\u00e9 maximale de jus des fruits. La poign\u00e9e en aluminium int\u00e9gr\u00e9e rend l'op\u00e9ration plus facile, plus rapide et plus propre. Toutes les pi\u00e8ces sont amovibles et passent au lave-vaisselle. Livr\u00e9 avec 2\u00a0c\u00f4nes de tailles diff\u00e9rentes pour adapter le presse-agrumes au fruit. Le presse-agrumes dispose d'une fonction anti-goutte et d'un filtre \u00e0 pulpe r\u00e9glable. Capacit\u00e9 de 270 ml. Longueur du c\u00e2ble\u00a0: 108\u00a0cm. Niveau sonore\u00a0: 85\u00a0dB.","og_url":"https:\/\/perle-in.com\/en\/product\/presse-agrumes-prixton-bio-xp4\/","og_site_name":"PERLE IN","og_image":[{"width":1600,"height":1600,"url":"https:\/\/perle-in.com\/wp-content\/uploads\/2025\/09\/1PA14682-1.jpg","type":"image\/jpeg"}],"twitter_card":"summary_large_image","schema":{"@context":"https:\/\/schema.org","@graph":[{"@type":"WebPage","@id":"https:\/\/perle-in.com\/produit\/presse-agrumes-prixton-bio-xp4\/","url":"https:\/\/perle-in.com\/produit\/presse-agrumes-prixton-bio-xp4\/","name":"Presse-agrumes Prixton BIO XP4 - PERLE IN","isPartOf":{"@id":"https:\/\/perle-in.com\/#website"},"primaryImageOfPage":{"@id":"https:\/\/perle-in.com\/produit\/presse-agrumes-prixton-bio-xp4\/#primaryimage"},"image":{"@id":"https:\/\/perle-in.com\/produit\/presse-agrumes-prixton-bio-xp4\/#primaryimage"},"thumbnailUrl":"https:\/\/perle-in.com\/wp-content\/uploads\/2025\/09\/1PA14682-1.jpg","datePublished":"2025-10-10T10:40:49+00:00","breadcrumb":{"@id":"https:\/\/perle-in.com\/produit\/presse-agrumes-prixton-bio-xp4\/#breadcrumb"},"inLanguage":"en-CA","potentialAction":[{"@type":"ReadAction","target":["https:\/\/perle-in.com\/produit\/presse-agrumes-prixton-bio-xp4\/"]}]},{"@type":"ImageObject","inLanguage":"en-CA","@id":"https:\/\/perle-in.com\/produit\/presse-agrumes-prixton-bio-xp4\/#primaryimage","url":"https:\/\/perle-in.com\/wp-content\/uploads\/2025\/09\/1PA14682-1.jpg","contentUrl":"https:\/\/perle-in.com\/wp-content\/uploads\/2025\/09\/1PA14682-1.jpg","width":1600,"height":1600},{"@type":"BreadcrumbList","@id":"https:\/\/perle-in.com\/produit\/presse-agrumes-prixton-bio-xp4\/#breadcrumb","itemListElement":[{"@type":"ListItem","position":1,"name":"Accueil","item":"https:\/\/perle-in.com\/"},{"@type":"ListItem","position":2,"name":"Boutique","item":"https:\/\/perle-in.com\/boutique\/"},{"@type":"ListItem","position":3,"name":"Presse-agrumes Prixton BIO XP4"}]},{"@type":"WebSite","@id":"https:\/\/perle-in.com\/#website","url":"https:\/\/perle-in.com\/","name":"PERLE IN","description":"","publisher":{"@id":"https:\/\/perle-in.com\/#organization"},"potentialAction":[{"@type":"SearchAction","target":{"@type":"EntryPoint","urlTemplate":"https:\/\/perle-in.com\/?s={search_term_string}"},"query-input":{"@type":"PropertyValueSpecification","valueRequired":true,"valueName":"search_term_string"}}],"inLanguage":"en-CA"},{"@type":"Organization","@id":"https:\/\/perle-in.com\/#organization","name":"PERLE IN","url":"https:\/\/perle-in.com\/","logo":{"@type":"ImageObject","inLanguage":"en-CA","@id":"https:\/\/perle-in.com\/#\/schema\/logo\/image\/","url":"https:\/\/perle-in.com\/wp-content\/uploads\/2022\/12\/LOGO-PERLE-IN-COULEUR@3x.webp","contentUrl":"https:\/\/perle-in.com\/wp-content\/uploads\/2022\/12\/LOGO-PERLE-IN-COULEUR@3x.webp","width":1600,"height":490,"caption":"PERLE IN"},"image":{"@id":"https:\/\/perle-in.com\/#\/schema\/logo\/image\/"}}]}},"jetpack_sharing_enabled":true,"_links":{"self":[{"href":"https:\/\/perle-in.com\/en\/wp-json\/wp\/v2\/product\/500234","targetHints":{"allow":["GET"]}}],"collection":[{"href":"https:\/\/perle-in.com\/en\/wp-json\/wp\/v2\/product"}],"about":[{"href":"https:\/\/perle-in.com\/en\/wp-json\/wp\/v2\/types\/product"}],"version-history":[{"count":0,"href":"https:\/\/perle-in.com\/en\/wp-json\/wp\/v2\/product\/500234\/revisions"}],"wp:featuredmedia":[{"embeddable":true,"href":"https:\/\/perle-in.com\/en\/wp-json\/wp\/v2\/media\/482970"}],"wp:attachment":[{"href":"https:\/\/perle-in.com\/en\/wp-json\/wp\/v2\/media?parent=500234"}],"wp:term":[{"taxonomy":"product_brand","embeddable":true,"href":"https:\/\/perle-in.com\/en\/wp-json\/wp\/v2\/product_brand?post=500234"},{"taxonomy":"product_cat","embeddable":true,"href":"https:\/\/perle-in.com\/en\/wp-json\/wp\/v2\/product_cat?post=500234"},{"taxonomy":"product_tag","embeddable":true,"href":"https:\/\/perle-in.com\/en\/wp-json\/wp\/v2\/product_tag?post=500234"}],"curies":[{"name":"wp","href":"https:\/\/api.w.org\/{rel}","templated":true}]}}