{"id":500220,"date":"2025-10-10T12:39:00","date_gmt":"2025-10-10T10:39:00","guid":{"rendered":"https:\/\/perle-in.com\/produit\/netbook-proprixton-de-156%e2%80%b3-de-4-128-go\/"},"modified":"2025-10-10T12:39:01","modified_gmt":"2025-10-10T10:39:01","slug":"netbook-proprixton-de-156%e2%80%b3-de-4-128-go","status":"publish","type":"product","link":"https:\/\/perle-in.com\/en\/product\/netbook-proprixton-de-156%e2%80%b3-de-4-128-go\/","title":{"rendered":"Netbook ProPrixton de 15,6\u2033 de 4\/128 Go"},"content":{"rendered":"","protected":false},"excerpt":{"rendered":"<p>L&#8217;ordinateur Netbook Pro inclut Office sur le Web qui vous permet d&#8217;utiliser Word, Excel, PowerPoint, OneNote, Outlook et OneDrive. Unit\u00e9 graphique Intel\u00ae UHD 600. 2 x connections USB, HDMI, RJ45, DC IN, carte TF, prise de 3,5\u00a0mm. La m\u00e9moire est extensible par p\u00e9riph\u00e9rique de stockage jusqu&#8217;\u00e0 un maximum de 1\u00a0To de capacit\u00e9. Cam\u00e9ra frontale int\u00e9gr\u00e9e de 0,3\u00a0MP.<\/p>","protected":false},"featured_media":482915,"template":"","meta":{"_eb_attr":""},"product_brand":[],"product_cat":[840,667],"product_tag":[969,786,784,783],"class_list":{"0":"post-500220","1":"product","2":"type-product","3":"status-publish","4":"has-post-thumbnail","6":"product_cat-accessoires-pour-ordinateur","7":"product_cat-technologie","8":"product_tag-netbook","9":"product_tag-ordinateur","10":"product_tag-ordinateur-portable","11":"product_tag-prixton","12":"pa_couleurs-noir","14":"first","15":"instock","16":"shipping-taxable","17":"purchasable","18":"product-type-variable"},"yoast_head":"<!-- This site is optimized with the Yoast SEO plugin v27.4 - https:\/\/yoast.com\/product\/yoast-seo-wordpress\/ -->\n<title>Netbook ProPrixton de 15,6\u2033 de 4\/128 Go - PERLE IN<\/title>\n<meta name=\"robots\" content=\"noindex, follow, max-snippet:-1, max-image-preview:large, max-video-preview:-1\" \/>\n<meta property=\"og:locale\" content=\"en_US\" \/>\n<meta property=\"og:type\" content=\"article\" \/>\n<meta property=\"og:title\" content=\"Netbook ProPrixton de 15,6\u2033 de 4\/128 Go - PERLE IN\" \/>\n<meta property=\"og:description\" content=\"L&#039;ordinateur Netbook Pro inclut Office sur le Web qui vous permet d&#039;utiliser Word, Excel, PowerPoint, OneNote, Outlook et OneDrive. Unit\u00e9 graphique Intel\u00ae UHD 600. 2 x connections USB, HDMI, RJ45, DC IN, carte TF, prise de 3,5\u00a0mm. La m\u00e9moire est extensible par p\u00e9riph\u00e9rique de stockage jusqu&#039;\u00e0 un maximum de 1\u00a0To de capacit\u00e9. Cam\u00e9ra frontale int\u00e9gr\u00e9e de 0,3\u00a0MP.\" \/>\n<meta property=\"og:url\" content=\"https:\/\/perle-in.com\/en\/product\/netbook-proprixton-de-156\u2033-de-4-128-go\/\" \/>\n<meta property=\"og:site_name\" content=\"PERLE IN\" \/>\n<meta property=\"article:modified_time\" content=\"2025-10-10T10:39:01+00:00\" \/>\n<meta property=\"og:image\" content=\"https:\/\/perle-in.com\/wp-content\/uploads\/2025\/09\/1PA12790-1.jpg\" \/>\n\t<meta property=\"og:image:width\" content=\"1600\" \/>\n\t<meta property=\"og:image:height\" content=\"1600\" \/>\n\t<meta property=\"og:image:type\" content=\"image\/jpeg\" \/>\n<meta name=\"twitter:card\" content=\"summary_large_image\" \/>\n<script type=\"application\/ld+json\" class=\"yoast-schema-graph\">{\"@context\":\"https:\\\/\\\/schema.org\",\"@graph\":[{\"@type\":\"WebPage\",\"@id\":\"https:\\\/\\\/perle-in.com\\\/produit\\\/netbook-proprixton-de-156%e2%80%b3-de-4-128-go\\\/\",\"url\":\"https:\\\/\\\/perle-in.com\\\/produit\\\/netbook-proprixton-de-156%e2%80%b3-de-4-128-go\\\/\",\"name\":\"Netbook ProPrixton de 15,6\u2033 de 4\\\/128 Go - PERLE IN\",\"isPartOf\":{\"@id\":\"https:\\\/\\\/perle-in.com\\\/#website\"},\"primaryImageOfPage\":{\"@id\":\"https:\\\/\\\/perle-in.com\\\/produit\\\/netbook-proprixton-de-156%e2%80%b3-de-4-128-go\\\/#primaryimage\"},\"image\":{\"@id\":\"https:\\\/\\\/perle-in.com\\\/produit\\\/netbook-proprixton-de-156%e2%80%b3-de-4-128-go\\\/#primaryimage\"},\"thumbnailUrl\":\"https:\\\/\\\/perle-in.com\\\/wp-content\\\/uploads\\\/2025\\\/09\\\/1PA12790-1.jpg\",\"datePublished\":\"2025-10-10T10:39:00+00:00\",\"dateModified\":\"2025-10-10T10:39:01+00:00\",\"breadcrumb\":{\"@id\":\"https:\\\/\\\/perle-in.com\\\/produit\\\/netbook-proprixton-de-156%e2%80%b3-de-4-128-go\\\/#breadcrumb\"},\"inLanguage\":\"en-CA\",\"potentialAction\":[{\"@type\":\"ReadAction\",\"target\":[\"https:\\\/\\\/perle-in.com\\\/produit\\\/netbook-proprixton-de-156%e2%80%b3-de-4-128-go\\\/\"]}]},{\"@type\":\"ImageObject\",\"inLanguage\":\"en-CA\",\"@id\":\"https:\\\/\\\/perle-in.com\\\/produit\\\/netbook-proprixton-de-156%e2%80%b3-de-4-128-go\\\/#primaryimage\",\"url\":\"https:\\\/\\\/perle-in.com\\\/wp-content\\\/uploads\\\/2025\\\/09\\\/1PA12790-1.jpg\",\"contentUrl\":\"https:\\\/\\\/perle-in.com\\\/wp-content\\\/uploads\\\/2025\\\/09\\\/1PA12790-1.jpg\",\"width\":1600,\"height\":1600},{\"@type\":\"BreadcrumbList\",\"@id\":\"https:\\\/\\\/perle-in.com\\\/produit\\\/netbook-proprixton-de-156%e2%80%b3-de-4-128-go\\\/#breadcrumb\",\"itemListElement\":[{\"@type\":\"ListItem\",\"position\":1,\"name\":\"Accueil\",\"item\":\"https:\\\/\\\/perle-in.com\\\/\"},{\"@type\":\"ListItem\",\"position\":2,\"name\":\"Boutique\",\"item\":\"https:\\\/\\\/perle-in.com\\\/boutique\\\/\"},{\"@type\":\"ListItem\",\"position\":3,\"name\":\"Netbook ProPrixton de 15,6\u2033 de 4\\\/128 Go\"}]},{\"@type\":\"WebSite\",\"@id\":\"https:\\\/\\\/perle-in.com\\\/#website\",\"url\":\"https:\\\/\\\/perle-in.com\\\/\",\"name\":\"PERLE IN\",\"description\":\"\",\"publisher\":{\"@id\":\"https:\\\/\\\/perle-in.com\\\/#organization\"},\"potentialAction\":[{\"@type\":\"SearchAction\",\"target\":{\"@type\":\"EntryPoint\",\"urlTemplate\":\"https:\\\/\\\/perle-in.com\\\/?s={search_term_string}\"},\"query-input\":{\"@type\":\"PropertyValueSpecification\",\"valueRequired\":true,\"valueName\":\"search_term_string\"}}],\"inLanguage\":\"en-CA\"},{\"@type\":\"Organization\",\"@id\":\"https:\\\/\\\/perle-in.com\\\/#organization\",\"name\":\"PERLE IN\",\"url\":\"https:\\\/\\\/perle-in.com\\\/\",\"logo\":{\"@type\":\"ImageObject\",\"inLanguage\":\"en-CA\",\"@id\":\"https:\\\/\\\/perle-in.com\\\/#\\\/schema\\\/logo\\\/image\\\/\",\"url\":\"https:\\\/\\\/perle-in.com\\\/wp-content\\\/uploads\\\/2022\\\/12\\\/LOGO-PERLE-IN-COULEUR@3x.webp\",\"contentUrl\":\"https:\\\/\\\/perle-in.com\\\/wp-content\\\/uploads\\\/2022\\\/12\\\/LOGO-PERLE-IN-COULEUR@3x.webp\",\"width\":1600,\"height\":490,\"caption\":\"PERLE IN\"},\"image\":{\"@id\":\"https:\\\/\\\/perle-in.com\\\/#\\\/schema\\\/logo\\\/image\\\/\"}}]}<\/script>\n<!-- \/ Yoast SEO plugin. -->","yoast_head_json":{"title":"Netbook ProPrixton de 15,6\u2033 de 4\/128 Go - PERLE IN","robots":{"index":"noindex","follow":"follow","max-snippet":"max-snippet:-1","max-image-preview":"max-image-preview:large","max-video-preview":"max-video-preview:-1"},"og_locale":"en_US","og_type":"article","og_title":"Netbook ProPrixton de 15,6\u2033 de 4\/128 Go - PERLE IN","og_description":"L'ordinateur Netbook Pro inclut Office sur le Web qui vous permet d'utiliser Word, Excel, PowerPoint, OneNote, Outlook et OneDrive. Unit\u00e9 graphique Intel\u00ae UHD 600. 2 x connections USB, HDMI, RJ45, DC IN, carte TF, prise de 3,5\u00a0mm. La m\u00e9moire est extensible par p\u00e9riph\u00e9rique de stockage jusqu'\u00e0 un maximum de 1\u00a0To de capacit\u00e9. Cam\u00e9ra frontale int\u00e9gr\u00e9e de 0,3\u00a0MP.","og_url":"https:\/\/perle-in.com\/en\/product\/netbook-proprixton-de-156\u2033-de-4-128-go\/","og_site_name":"PERLE IN","article_modified_time":"2025-10-10T10:39:01+00:00","og_image":[{"width":1600,"height":1600,"url":"https:\/\/perle-in.com\/wp-content\/uploads\/2025\/09\/1PA12790-1.jpg","type":"image\/jpeg"}],"twitter_card":"summary_large_image","schema":{"@context":"https:\/\/schema.org","@graph":[{"@type":"WebPage","@id":"https:\/\/perle-in.com\/produit\/netbook-proprixton-de-156%e2%80%b3-de-4-128-go\/","url":"https:\/\/perle-in.com\/produit\/netbook-proprixton-de-156%e2%80%b3-de-4-128-go\/","name":"Netbook ProPrixton de 15,6\u2033 de 4\/128 Go - PERLE IN","isPartOf":{"@id":"https:\/\/perle-in.com\/#website"},"primaryImageOfPage":{"@id":"https:\/\/perle-in.com\/produit\/netbook-proprixton-de-156%e2%80%b3-de-4-128-go\/#primaryimage"},"image":{"@id":"https:\/\/perle-in.com\/produit\/netbook-proprixton-de-156%e2%80%b3-de-4-128-go\/#primaryimage"},"thumbnailUrl":"https:\/\/perle-in.com\/wp-content\/uploads\/2025\/09\/1PA12790-1.jpg","datePublished":"2025-10-10T10:39:00+00:00","dateModified":"2025-10-10T10:39:01+00:00","breadcrumb":{"@id":"https:\/\/perle-in.com\/produit\/netbook-proprixton-de-156%e2%80%b3-de-4-128-go\/#breadcrumb"},"inLanguage":"en-CA","potentialAction":[{"@type":"ReadAction","target":["https:\/\/perle-in.com\/produit\/netbook-proprixton-de-156%e2%80%b3-de-4-128-go\/"]}]},{"@type":"ImageObject","inLanguage":"en-CA","@id":"https:\/\/perle-in.com\/produit\/netbook-proprixton-de-156%e2%80%b3-de-4-128-go\/#primaryimage","url":"https:\/\/perle-in.com\/wp-content\/uploads\/2025\/09\/1PA12790-1.jpg","contentUrl":"https:\/\/perle-in.com\/wp-content\/uploads\/2025\/09\/1PA12790-1.jpg","width":1600,"height":1600},{"@type":"BreadcrumbList","@id":"https:\/\/perle-in.com\/produit\/netbook-proprixton-de-156%e2%80%b3-de-4-128-go\/#breadcrumb","itemListElement":[{"@type":"ListItem","position":1,"name":"Accueil","item":"https:\/\/perle-in.com\/"},{"@type":"ListItem","position":2,"name":"Boutique","item":"https:\/\/perle-in.com\/boutique\/"},{"@type":"ListItem","position":3,"name":"Netbook ProPrixton de 15,6\u2033 de 4\/128 Go"}]},{"@type":"WebSite","@id":"https:\/\/perle-in.com\/#website","url":"https:\/\/perle-in.com\/","name":"PERLE IN","description":"","publisher":{"@id":"https:\/\/perle-in.com\/#organization"},"potentialAction":[{"@type":"SearchAction","target":{"@type":"EntryPoint","urlTemplate":"https:\/\/perle-in.com\/?s={search_term_string}"},"query-input":{"@type":"PropertyValueSpecification","valueRequired":true,"valueName":"search_term_string"}}],"inLanguage":"en-CA"},{"@type":"Organization","@id":"https:\/\/perle-in.com\/#organization","name":"PERLE IN","url":"https:\/\/perle-in.com\/","logo":{"@type":"ImageObject","inLanguage":"en-CA","@id":"https:\/\/perle-in.com\/#\/schema\/logo\/image\/","url":"https:\/\/perle-in.com\/wp-content\/uploads\/2022\/12\/LOGO-PERLE-IN-COULEUR@3x.webp","contentUrl":"https:\/\/perle-in.com\/wp-content\/uploads\/2022\/12\/LOGO-PERLE-IN-COULEUR@3x.webp","width":1600,"height":490,"caption":"PERLE IN"},"image":{"@id":"https:\/\/perle-in.com\/#\/schema\/logo\/image\/"}}]}},"jetpack_sharing_enabled":true,"_links":{"self":[{"href":"https:\/\/perle-in.com\/en\/wp-json\/wp\/v2\/product\/500220","targetHints":{"allow":["GET"]}}],"collection":[{"href":"https:\/\/perle-in.com\/en\/wp-json\/wp\/v2\/product"}],"about":[{"href":"https:\/\/perle-in.com\/en\/wp-json\/wp\/v2\/types\/product"}],"version-history":[{"count":0,"href":"https:\/\/perle-in.com\/en\/wp-json\/wp\/v2\/product\/500220\/revisions"}],"wp:featuredmedia":[{"embeddable":true,"href":"https:\/\/perle-in.com\/en\/wp-json\/wp\/v2\/media\/482915"}],"wp:attachment":[{"href":"https:\/\/perle-in.com\/en\/wp-json\/wp\/v2\/media?parent=500220"}],"wp:term":[{"taxonomy":"product_brand","embeddable":true,"href":"https:\/\/perle-in.com\/en\/wp-json\/wp\/v2\/product_brand?post=500220"},{"taxonomy":"product_cat","embeddable":true,"href":"https:\/\/perle-in.com\/en\/wp-json\/wp\/v2\/product_cat?post=500220"},{"taxonomy":"product_tag","embeddable":true,"href":"https:\/\/perle-in.com\/en\/wp-json\/wp\/v2\/product_tag?post=500220"}],"curies":[{"name":"wp","href":"https:\/\/api.w.org\/{rel}","templated":true}]}}