{"id":500104,"date":"2025-10-10T12:28:42","date_gmt":"2025-10-10T10:28:42","guid":{"rendered":"https:\/\/perle-in.com\/produit\/sac-de-bouteille-de-vin-en-papier-170-g-m2-integra-fait-a-la-main-avec-poignees-torsadees-en-plastique-12-x-9-x-37-cm\/"},"modified":"2025-10-10T12:28:44","modified_gmt":"2025-10-10T10:28:44","slug":"sac-de-bouteille-de-vin-en-papier-170-g-m2-integra-fait-a-la-main-avec-poignees-torsadees-en-plastique-12-x-9-x-37-cm","status":"publish","type":"product","link":"https:\/\/perle-in.com\/en\/product\/sac-de-bouteille-de-vin-en-papier-170-g-m2-integra-fait-a-la-main-avec-poignees-torsadees-en-plastique-12-x-9-x-37-cm\/","title":{"rendered":"Sac de bouteille de vin en papier 170 g\/m2 integra fait \u00e0 la main avec poign\u00e9es torsad\u00e9es en plastique, 12 x 9 x 37\u00a0cm"},"content":{"rendered":"","protected":false},"excerpt":{"rendered":"<p>Sac en papier integra de 170\u00a0g\/m2 mat artisanal de la taille d&#8217;une bouteille de vin (12 x 9 x 37\u00a0cm) avec poign\u00e9es torsad\u00e9es en plastique. L&#8217;avant et l&#8217;arri\u00e8re personnalisables offrent suffisamment d&#8217;espace pour l&#8217;impression d&#8217;un logo, ou de tout autre design, ce qui en fait un excellent outil de marketing commercial. Fabriqu\u00e9 en Europe. 100% recyclable.<\/p>","protected":false},"featured_media":483577,"template":"","meta":{"_eb_attr":""},"product_brand":[],"product_cat":[159,892],"product_tag":[837,896,902,894,897,282,895],"class_list":{"0":"post-500104","1":"product","2":"type-product","3":"status-publish","4":"has-post-thumbnail","6":"product_cat-sacs","7":"product_cat-sacs-en-papier","8":"product_tag-durable","9":"product_tag-fabrique-en-europe","10":"product_tag-integra","11":"product_tag-papier","12":"product_tag-recyclable","13":"product_tag-sac","14":"product_tag-sac-en-papier","15":"pa_couleurs-blanc","16":"pa_couleurs-blanc-noir","18":"first","19":"instock","20":"shipping-taxable","21":"purchasable","22":"product-type-variable"},"yoast_head":"<!-- This site is optimized with the Yoast SEO plugin v27.4 - https:\/\/yoast.com\/product\/yoast-seo-wordpress\/ -->\n<title>Sac de bouteille de vin en papier 170 g\/m2 integra fait \u00e0 la main avec poign\u00e9es torsad\u00e9es en plastique, 12 x 9 x 37\u00a0cm - PERLE IN<\/title>\n<meta name=\"robots\" content=\"noindex, follow, max-snippet:-1, max-image-preview:large, max-video-preview:-1\" \/>\n<meta property=\"og:locale\" content=\"en_US\" \/>\n<meta property=\"og:type\" content=\"article\" \/>\n<meta property=\"og:title\" content=\"Sac de bouteille de vin en papier 170 g\/m2 integra fait \u00e0 la main avec poign\u00e9es torsad\u00e9es en plastique, 12 x 9 x 37\u00a0cm - PERLE IN\" \/>\n<meta property=\"og:description\" content=\"Sac en papier integra de 170\u00a0g\/m2 mat artisanal de la taille d&#039;une bouteille de vin (12 x 9 x 37\u00a0cm) avec poign\u00e9es torsad\u00e9es en plastique. L&#039;avant et l&#039;arri\u00e8re personnalisables offrent suffisamment d&#039;espace pour l&#039;impression d&#039;un logo, ou de tout autre design, ce qui en fait un excellent outil de marketing commercial. Fabriqu\u00e9 en Europe. 100% recyclable.\" \/>\n<meta property=\"og:url\" content=\"https:\/\/perle-in.com\/en\/product\/sac-de-bouteille-de-vin-en-papier-170-g-m2-integra-fait-a-la-main-avec-poignees-torsadees-en-plastique-12-x-9-x-37-cm\/\" \/>\n<meta property=\"og:site_name\" content=\"PERLE IN\" \/>\n<meta property=\"article:modified_time\" content=\"2025-10-10T10:28:44+00:00\" \/>\n<meta property=\"og:image\" content=\"https:\/\/perle-in.com\/wp-content\/uploads\/2025\/09\/1ZB00701-1.jpg\" \/>\n\t<meta property=\"og:image:width\" content=\"1600\" \/>\n\t<meta property=\"og:image:height\" content=\"1600\" \/>\n\t<meta property=\"og:image:type\" content=\"image\/jpeg\" \/>\n<meta name=\"twitter:card\" content=\"summary_large_image\" \/>\n<script type=\"application\/ld+json\" class=\"yoast-schema-graph\">{\"@context\":\"https:\\\/\\\/schema.org\",\"@graph\":[{\"@type\":\"WebPage\",\"@id\":\"https:\\\/\\\/perle-in.com\\\/produit\\\/sac-de-bouteille-de-vin-en-papier-170-g-m2-integra-fait-a-la-main-avec-poignees-torsadees-en-plastique-12-x-9-x-37-cm\\\/\",\"url\":\"https:\\\/\\\/perle-in.com\\\/produit\\\/sac-de-bouteille-de-vin-en-papier-170-g-m2-integra-fait-a-la-main-avec-poignees-torsadees-en-plastique-12-x-9-x-37-cm\\\/\",\"name\":\"Sac de bouteille de vin en papier 170 g\\\/m2 integra fait \u00e0 la main avec poign\u00e9es torsad\u00e9es en plastique, 12 x 9 x 37\u00a0cm - PERLE IN\",\"isPartOf\":{\"@id\":\"https:\\\/\\\/perle-in.com\\\/#website\"},\"primaryImageOfPage\":{\"@id\":\"https:\\\/\\\/perle-in.com\\\/produit\\\/sac-de-bouteille-de-vin-en-papier-170-g-m2-integra-fait-a-la-main-avec-poignees-torsadees-en-plastique-12-x-9-x-37-cm\\\/#primaryimage\"},\"image\":{\"@id\":\"https:\\\/\\\/perle-in.com\\\/produit\\\/sac-de-bouteille-de-vin-en-papier-170-g-m2-integra-fait-a-la-main-avec-poignees-torsadees-en-plastique-12-x-9-x-37-cm\\\/#primaryimage\"},\"thumbnailUrl\":\"https:\\\/\\\/perle-in.com\\\/wp-content\\\/uploads\\\/2025\\\/09\\\/1ZB00701-1.jpg\",\"datePublished\":\"2025-10-10T10:28:42+00:00\",\"dateModified\":\"2025-10-10T10:28:44+00:00\",\"breadcrumb\":{\"@id\":\"https:\\\/\\\/perle-in.com\\\/produit\\\/sac-de-bouteille-de-vin-en-papier-170-g-m2-integra-fait-a-la-main-avec-poignees-torsadees-en-plastique-12-x-9-x-37-cm\\\/#breadcrumb\"},\"inLanguage\":\"en-CA\",\"potentialAction\":[{\"@type\":\"ReadAction\",\"target\":[\"https:\\\/\\\/perle-in.com\\\/produit\\\/sac-de-bouteille-de-vin-en-papier-170-g-m2-integra-fait-a-la-main-avec-poignees-torsadees-en-plastique-12-x-9-x-37-cm\\\/\"]}]},{\"@type\":\"ImageObject\",\"inLanguage\":\"en-CA\",\"@id\":\"https:\\\/\\\/perle-in.com\\\/produit\\\/sac-de-bouteille-de-vin-en-papier-170-g-m2-integra-fait-a-la-main-avec-poignees-torsadees-en-plastique-12-x-9-x-37-cm\\\/#primaryimage\",\"url\":\"https:\\\/\\\/perle-in.com\\\/wp-content\\\/uploads\\\/2025\\\/09\\\/1ZB00701-1.jpg\",\"contentUrl\":\"https:\\\/\\\/perle-in.com\\\/wp-content\\\/uploads\\\/2025\\\/09\\\/1ZB00701-1.jpg\",\"width\":1600,\"height\":1600},{\"@type\":\"BreadcrumbList\",\"@id\":\"https:\\\/\\\/perle-in.com\\\/produit\\\/sac-de-bouteille-de-vin-en-papier-170-g-m2-integra-fait-a-la-main-avec-poignees-torsadees-en-plastique-12-x-9-x-37-cm\\\/#breadcrumb\",\"itemListElement\":[{\"@type\":\"ListItem\",\"position\":1,\"name\":\"Accueil\",\"item\":\"https:\\\/\\\/perle-in.com\\\/\"},{\"@type\":\"ListItem\",\"position\":2,\"name\":\"Boutique\",\"item\":\"https:\\\/\\\/perle-in.com\\\/boutique\\\/\"},{\"@type\":\"ListItem\",\"position\":3,\"name\":\"Sac de bouteille de vin en papier 170 g\\\/m2 integra fait \u00e0 la main avec poign\u00e9es torsad\u00e9es en plastique, 12 x 9 x 37\u00a0cm\"}]},{\"@type\":\"WebSite\",\"@id\":\"https:\\\/\\\/perle-in.com\\\/#website\",\"url\":\"https:\\\/\\\/perle-in.com\\\/\",\"name\":\"PERLE IN\",\"description\":\"\",\"publisher\":{\"@id\":\"https:\\\/\\\/perle-in.com\\\/#organization\"},\"potentialAction\":[{\"@type\":\"SearchAction\",\"target\":{\"@type\":\"EntryPoint\",\"urlTemplate\":\"https:\\\/\\\/perle-in.com\\\/?s={search_term_string}\"},\"query-input\":{\"@type\":\"PropertyValueSpecification\",\"valueRequired\":true,\"valueName\":\"search_term_string\"}}],\"inLanguage\":\"en-CA\"},{\"@type\":\"Organization\",\"@id\":\"https:\\\/\\\/perle-in.com\\\/#organization\",\"name\":\"PERLE IN\",\"url\":\"https:\\\/\\\/perle-in.com\\\/\",\"logo\":{\"@type\":\"ImageObject\",\"inLanguage\":\"en-CA\",\"@id\":\"https:\\\/\\\/perle-in.com\\\/#\\\/schema\\\/logo\\\/image\\\/\",\"url\":\"https:\\\/\\\/perle-in.com\\\/wp-content\\\/uploads\\\/2022\\\/12\\\/LOGO-PERLE-IN-COULEUR@3x.webp\",\"contentUrl\":\"https:\\\/\\\/perle-in.com\\\/wp-content\\\/uploads\\\/2022\\\/12\\\/LOGO-PERLE-IN-COULEUR@3x.webp\",\"width\":1600,\"height\":490,\"caption\":\"PERLE IN\"},\"image\":{\"@id\":\"https:\\\/\\\/perle-in.com\\\/#\\\/schema\\\/logo\\\/image\\\/\"}}]}<\/script>\n<!-- \/ Yoast SEO plugin. -->","yoast_head_json":{"title":"Sac de bouteille de vin en papier 170 g\/m2 integra fait \u00e0 la main avec poign\u00e9es torsad\u00e9es en plastique, 12 x 9 x 37\u00a0cm - PERLE IN","robots":{"index":"noindex","follow":"follow","max-snippet":"max-snippet:-1","max-image-preview":"max-image-preview:large","max-video-preview":"max-video-preview:-1"},"og_locale":"en_US","og_type":"article","og_title":"Sac de bouteille de vin en papier 170 g\/m2 integra fait \u00e0 la main avec poign\u00e9es torsad\u00e9es en plastique, 12 x 9 x 37\u00a0cm - PERLE IN","og_description":"Sac en papier integra de 170\u00a0g\/m2 mat artisanal de la taille d'une bouteille de vin (12 x 9 x 37\u00a0cm) avec poign\u00e9es torsad\u00e9es en plastique. L'avant et l'arri\u00e8re personnalisables offrent suffisamment d'espace pour l'impression d'un logo, ou de tout autre design, ce qui en fait un excellent outil de marketing commercial. Fabriqu\u00e9 en Europe. 100% recyclable.","og_url":"https:\/\/perle-in.com\/en\/product\/sac-de-bouteille-de-vin-en-papier-170-g-m2-integra-fait-a-la-main-avec-poignees-torsadees-en-plastique-12-x-9-x-37-cm\/","og_site_name":"PERLE IN","article_modified_time":"2025-10-10T10:28:44+00:00","og_image":[{"width":1600,"height":1600,"url":"https:\/\/perle-in.com\/wp-content\/uploads\/2025\/09\/1ZB00701-1.jpg","type":"image\/jpeg"}],"twitter_card":"summary_large_image","schema":{"@context":"https:\/\/schema.org","@graph":[{"@type":"WebPage","@id":"https:\/\/perle-in.com\/produit\/sac-de-bouteille-de-vin-en-papier-170-g-m2-integra-fait-a-la-main-avec-poignees-torsadees-en-plastique-12-x-9-x-37-cm\/","url":"https:\/\/perle-in.com\/produit\/sac-de-bouteille-de-vin-en-papier-170-g-m2-integra-fait-a-la-main-avec-poignees-torsadees-en-plastique-12-x-9-x-37-cm\/","name":"Sac de bouteille de vin en papier 170 g\/m2 integra fait \u00e0 la main avec poign\u00e9es torsad\u00e9es en plastique, 12 x 9 x 37\u00a0cm - PERLE IN","isPartOf":{"@id":"https:\/\/perle-in.com\/#website"},"primaryImageOfPage":{"@id":"https:\/\/perle-in.com\/produit\/sac-de-bouteille-de-vin-en-papier-170-g-m2-integra-fait-a-la-main-avec-poignees-torsadees-en-plastique-12-x-9-x-37-cm\/#primaryimage"},"image":{"@id":"https:\/\/perle-in.com\/produit\/sac-de-bouteille-de-vin-en-papier-170-g-m2-integra-fait-a-la-main-avec-poignees-torsadees-en-plastique-12-x-9-x-37-cm\/#primaryimage"},"thumbnailUrl":"https:\/\/perle-in.com\/wp-content\/uploads\/2025\/09\/1ZB00701-1.jpg","datePublished":"2025-10-10T10:28:42+00:00","dateModified":"2025-10-10T10:28:44+00:00","breadcrumb":{"@id":"https:\/\/perle-in.com\/produit\/sac-de-bouteille-de-vin-en-papier-170-g-m2-integra-fait-a-la-main-avec-poignees-torsadees-en-plastique-12-x-9-x-37-cm\/#breadcrumb"},"inLanguage":"en-CA","potentialAction":[{"@type":"ReadAction","target":["https:\/\/perle-in.com\/produit\/sac-de-bouteille-de-vin-en-papier-170-g-m2-integra-fait-a-la-main-avec-poignees-torsadees-en-plastique-12-x-9-x-37-cm\/"]}]},{"@type":"ImageObject","inLanguage":"en-CA","@id":"https:\/\/perle-in.com\/produit\/sac-de-bouteille-de-vin-en-papier-170-g-m2-integra-fait-a-la-main-avec-poignees-torsadees-en-plastique-12-x-9-x-37-cm\/#primaryimage","url":"https:\/\/perle-in.com\/wp-content\/uploads\/2025\/09\/1ZB00701-1.jpg","contentUrl":"https:\/\/perle-in.com\/wp-content\/uploads\/2025\/09\/1ZB00701-1.jpg","width":1600,"height":1600},{"@type":"BreadcrumbList","@id":"https:\/\/perle-in.com\/produit\/sac-de-bouteille-de-vin-en-papier-170-g-m2-integra-fait-a-la-main-avec-poignees-torsadees-en-plastique-12-x-9-x-37-cm\/#breadcrumb","itemListElement":[{"@type":"ListItem","position":1,"name":"Accueil","item":"https:\/\/perle-in.com\/"},{"@type":"ListItem","position":2,"name":"Boutique","item":"https:\/\/perle-in.com\/boutique\/"},{"@type":"ListItem","position":3,"name":"Sac de bouteille de vin en papier 170 g\/m2 integra fait \u00e0 la main avec poign\u00e9es torsad\u00e9es en plastique, 12 x 9 x 37\u00a0cm"}]},{"@type":"WebSite","@id":"https:\/\/perle-in.com\/#website","url":"https:\/\/perle-in.com\/","name":"PERLE IN","description":"","publisher":{"@id":"https:\/\/perle-in.com\/#organization"},"potentialAction":[{"@type":"SearchAction","target":{"@type":"EntryPoint","urlTemplate":"https:\/\/perle-in.com\/?s={search_term_string}"},"query-input":{"@type":"PropertyValueSpecification","valueRequired":true,"valueName":"search_term_string"}}],"inLanguage":"en-CA"},{"@type":"Organization","@id":"https:\/\/perle-in.com\/#organization","name":"PERLE IN","url":"https:\/\/perle-in.com\/","logo":{"@type":"ImageObject","inLanguage":"en-CA","@id":"https:\/\/perle-in.com\/#\/schema\/logo\/image\/","url":"https:\/\/perle-in.com\/wp-content\/uploads\/2022\/12\/LOGO-PERLE-IN-COULEUR@3x.webp","contentUrl":"https:\/\/perle-in.com\/wp-content\/uploads\/2022\/12\/LOGO-PERLE-IN-COULEUR@3x.webp","width":1600,"height":490,"caption":"PERLE IN"},"image":{"@id":"https:\/\/perle-in.com\/#\/schema\/logo\/image\/"}}]}},"jetpack_sharing_enabled":true,"_links":{"self":[{"href":"https:\/\/perle-in.com\/en\/wp-json\/wp\/v2\/product\/500104","targetHints":{"allow":["GET"]}}],"collection":[{"href":"https:\/\/perle-in.com\/en\/wp-json\/wp\/v2\/product"}],"about":[{"href":"https:\/\/perle-in.com\/en\/wp-json\/wp\/v2\/types\/product"}],"version-history":[{"count":0,"href":"https:\/\/perle-in.com\/en\/wp-json\/wp\/v2\/product\/500104\/revisions"}],"wp:featuredmedia":[{"embeddable":true,"href":"https:\/\/perle-in.com\/en\/wp-json\/wp\/v2\/media\/483577"}],"wp:attachment":[{"href":"https:\/\/perle-in.com\/en\/wp-json\/wp\/v2\/media?parent=500104"}],"wp:term":[{"taxonomy":"product_brand","embeddable":true,"href":"https:\/\/perle-in.com\/en\/wp-json\/wp\/v2\/product_brand?post=500104"},{"taxonomy":"product_cat","embeddable":true,"href":"https:\/\/perle-in.com\/en\/wp-json\/wp\/v2\/product_cat?post=500104"},{"taxonomy":"product_tag","embeddable":true,"href":"https:\/\/perle-in.com\/en\/wp-json\/wp\/v2\/product_tag?post=500104"}],"curies":[{"name":"wp","href":"https:\/\/api.w.org\/{rel}","templated":true}]}}