{"id":500048,"date":"2025-10-10T12:13:01","date_gmt":"2025-10-10T10:13:01","guid":{"rendered":"https:\/\/perle-in.com\/produit\/machine-a-pain-prixton-la-petite-bakery\/"},"modified":"2025-10-10T12:13:02","modified_gmt":"2025-10-10T10:13:02","slug":"machine-a-pain-prixton-la-petite-bakery","status":"publish","type":"product","link":"https:\/\/perle-in.com\/en\/product\/machine-a-pain-prixton-la-petite-bakery\/","title":{"rendered":"Machine \u00e0 pain Prixton La Petite Bakery"},"content":{"rendered":"","protected":false},"excerpt":{"rendered":"<p>Machine \u00e0 pain avec un r\u00e9servoir anti adh\u00e9sif amovible d&#8217;une capacit\u00e9 de 1\u00a0000\u00a0g et 19\u00a0r\u00e9glages diff\u00e9rents\u00a0: Basique, rapide, sucr\u00e9, fran\u00e7ais, c\u00e9r\u00e9ales compl\u00e8tes, riz, sans gluten, dessert, m\u00e9lange, p\u00e2te, p\u00e9trissage, g\u00e2teau, confiture, yaourt, cuisson, riz cr\u00e9meux, vin de riz, d\u00e9cong\u00e9lation et saut\u00e9. Livr\u00e9e avec 3 niveaux de grillage pour satisfaire tous les go\u00fbts. Con\u00e7ue avec une fen\u00eatre en verre sur le dessus pour suivre facilement la progression. La machine \u00e0 pain dispose \u00e9galement d&#8217;un syst\u00e8me de s\u00e9curit\u00e9 pour \u00e9viter la surchauffe, ainsi que d&#8217;une fonction de maintien au chaud. Livr\u00e9e avec une tasse \u00e0 mesurer, une cuill\u00e8re et un crochet. Puissance\u00a0: 650\u00a0W. Niveau sonore\u00a0: &lt; 60\u00a0dB.<\/p>","protected":false},"featured_media":482908,"template":"","meta":{"_eb_attr":""},"product_brand":[],"product_cat":[150,878],"product_tag":[967,861,881,955,862,966,968,783],"class_list":{"0":"post-500048","1":"product","2":"type-product","3":"status-publish","4":"has-post-thumbnail","6":"product_cat-maison-et-cuisine","7":"product_cat-ustensiles-de-cuisine","8":"product_tag-boulangerie","9":"product_tag-cuisine","10":"product_tag-cuisson","11":"product_tag-machine","12":"product_tag-maison","13":"product_tag-pain","14":"product_tag-petit-dejeuner","15":"product_tag-prixton","16":"pa_couleurs-blanc","18":"first","19":"instock","20":"shipping-taxable","21":"purchasable","22":"product-type-variable"},"yoast_head":"<!-- This site is optimized with the Yoast SEO plugin v27.4 - https:\/\/yoast.com\/product\/yoast-seo-wordpress\/ -->\n<title>Machine \u00e0 pain Prixton La Petite Bakery - PERLE IN<\/title>\n<meta name=\"robots\" content=\"noindex, follow, max-snippet:-1, max-image-preview:large, max-video-preview:-1\" \/>\n<meta property=\"og:locale\" content=\"en_US\" \/>\n<meta property=\"og:type\" content=\"article\" \/>\n<meta property=\"og:title\" content=\"Machine \u00e0 pain Prixton La Petite Bakery - PERLE IN\" \/>\n<meta property=\"og:description\" content=\"Machine \u00e0 pain avec un r\u00e9servoir anti adh\u00e9sif amovible d&#039;une capacit\u00e9 de 1\u00a0000\u00a0g et 19\u00a0r\u00e9glages diff\u00e9rents\u00a0: Basique, rapide, sucr\u00e9, fran\u00e7ais, c\u00e9r\u00e9ales compl\u00e8tes, riz, sans gluten, dessert, m\u00e9lange, p\u00e2te, p\u00e9trissage, g\u00e2teau, confiture, yaourt, cuisson, riz cr\u00e9meux, vin de riz, d\u00e9cong\u00e9lation et saut\u00e9. Livr\u00e9e avec 3 niveaux de grillage pour satisfaire tous les go\u00fbts. Con\u00e7ue avec une fen\u00eatre en verre sur le dessus pour suivre facilement la progression. La machine \u00e0 pain dispose \u00e9galement d&#039;un syst\u00e8me de s\u00e9curit\u00e9 pour \u00e9viter la surchauffe, ainsi que d&#039;une fonction de maintien au chaud. Livr\u00e9e avec une tasse \u00e0 mesurer, une cuill\u00e8re et un crochet. Puissance\u00a0: 650\u00a0W. Niveau sonore\u00a0: &lt; 60\u00a0dB.\" \/>\n<meta property=\"og:url\" content=\"https:\/\/perle-in.com\/en\/product\/machine-a-pain-prixton-la-petite-bakery\/\" \/>\n<meta property=\"og:site_name\" content=\"PERLE IN\" \/>\n<meta property=\"article:modified_time\" content=\"2025-10-10T10:13:02+00:00\" \/>\n<meta property=\"og:image\" content=\"https:\/\/perle-in.com\/wp-content\/uploads\/2025\/09\/1PA12101-1.jpg\" \/>\n\t<meta property=\"og:image:width\" content=\"1600\" \/>\n\t<meta property=\"og:image:height\" content=\"1600\" \/>\n\t<meta property=\"og:image:type\" content=\"image\/jpeg\" \/>\n<meta name=\"twitter:card\" content=\"summary_large_image\" \/>\n<script type=\"application\/ld+json\" class=\"yoast-schema-graph\">{\"@context\":\"https:\\\/\\\/schema.org\",\"@graph\":[{\"@type\":\"WebPage\",\"@id\":\"https:\\\/\\\/perle-in.com\\\/produit\\\/machine-a-pain-prixton-la-petite-bakery\\\/\",\"url\":\"https:\\\/\\\/perle-in.com\\\/produit\\\/machine-a-pain-prixton-la-petite-bakery\\\/\",\"name\":\"Machine \u00e0 pain Prixton La Petite Bakery - PERLE IN\",\"isPartOf\":{\"@id\":\"https:\\\/\\\/perle-in.com\\\/#website\"},\"primaryImageOfPage\":{\"@id\":\"https:\\\/\\\/perle-in.com\\\/produit\\\/machine-a-pain-prixton-la-petite-bakery\\\/#primaryimage\"},\"image\":{\"@id\":\"https:\\\/\\\/perle-in.com\\\/produit\\\/machine-a-pain-prixton-la-petite-bakery\\\/#primaryimage\"},\"thumbnailUrl\":\"https:\\\/\\\/perle-in.com\\\/wp-content\\\/uploads\\\/2025\\\/09\\\/1PA12101-1.jpg\",\"datePublished\":\"2025-10-10T10:13:01+00:00\",\"dateModified\":\"2025-10-10T10:13:02+00:00\",\"breadcrumb\":{\"@id\":\"https:\\\/\\\/perle-in.com\\\/produit\\\/machine-a-pain-prixton-la-petite-bakery\\\/#breadcrumb\"},\"inLanguage\":\"en-CA\",\"potentialAction\":[{\"@type\":\"ReadAction\",\"target\":[\"https:\\\/\\\/perle-in.com\\\/produit\\\/machine-a-pain-prixton-la-petite-bakery\\\/\"]}]},{\"@type\":\"ImageObject\",\"inLanguage\":\"en-CA\",\"@id\":\"https:\\\/\\\/perle-in.com\\\/produit\\\/machine-a-pain-prixton-la-petite-bakery\\\/#primaryimage\",\"url\":\"https:\\\/\\\/perle-in.com\\\/wp-content\\\/uploads\\\/2025\\\/09\\\/1PA12101-1.jpg\",\"contentUrl\":\"https:\\\/\\\/perle-in.com\\\/wp-content\\\/uploads\\\/2025\\\/09\\\/1PA12101-1.jpg\",\"width\":1600,\"height\":1600},{\"@type\":\"BreadcrumbList\",\"@id\":\"https:\\\/\\\/perle-in.com\\\/produit\\\/machine-a-pain-prixton-la-petite-bakery\\\/#breadcrumb\",\"itemListElement\":[{\"@type\":\"ListItem\",\"position\":1,\"name\":\"Accueil\",\"item\":\"https:\\\/\\\/perle-in.com\\\/\"},{\"@type\":\"ListItem\",\"position\":2,\"name\":\"Boutique\",\"item\":\"https:\\\/\\\/perle-in.com\\\/boutique\\\/\"},{\"@type\":\"ListItem\",\"position\":3,\"name\":\"Machine \u00e0 pain Prixton La Petite Bakery\"}]},{\"@type\":\"WebSite\",\"@id\":\"https:\\\/\\\/perle-in.com\\\/#website\",\"url\":\"https:\\\/\\\/perle-in.com\\\/\",\"name\":\"PERLE IN\",\"description\":\"\",\"publisher\":{\"@id\":\"https:\\\/\\\/perle-in.com\\\/#organization\"},\"potentialAction\":[{\"@type\":\"SearchAction\",\"target\":{\"@type\":\"EntryPoint\",\"urlTemplate\":\"https:\\\/\\\/perle-in.com\\\/?s={search_term_string}\"},\"query-input\":{\"@type\":\"PropertyValueSpecification\",\"valueRequired\":true,\"valueName\":\"search_term_string\"}}],\"inLanguage\":\"en-CA\"},{\"@type\":\"Organization\",\"@id\":\"https:\\\/\\\/perle-in.com\\\/#organization\",\"name\":\"PERLE IN\",\"url\":\"https:\\\/\\\/perle-in.com\\\/\",\"logo\":{\"@type\":\"ImageObject\",\"inLanguage\":\"en-CA\",\"@id\":\"https:\\\/\\\/perle-in.com\\\/#\\\/schema\\\/logo\\\/image\\\/\",\"url\":\"https:\\\/\\\/perle-in.com\\\/wp-content\\\/uploads\\\/2022\\\/12\\\/LOGO-PERLE-IN-COULEUR@3x.webp\",\"contentUrl\":\"https:\\\/\\\/perle-in.com\\\/wp-content\\\/uploads\\\/2022\\\/12\\\/LOGO-PERLE-IN-COULEUR@3x.webp\",\"width\":1600,\"height\":490,\"caption\":\"PERLE IN\"},\"image\":{\"@id\":\"https:\\\/\\\/perle-in.com\\\/#\\\/schema\\\/logo\\\/image\\\/\"}}]}<\/script>\n<!-- \/ Yoast SEO plugin. -->","yoast_head_json":{"title":"Machine \u00e0 pain Prixton La Petite Bakery - PERLE IN","robots":{"index":"noindex","follow":"follow","max-snippet":"max-snippet:-1","max-image-preview":"max-image-preview:large","max-video-preview":"max-video-preview:-1"},"og_locale":"en_US","og_type":"article","og_title":"Machine \u00e0 pain Prixton La Petite Bakery - PERLE IN","og_description":"Machine \u00e0 pain avec un r\u00e9servoir anti adh\u00e9sif amovible d'une capacit\u00e9 de 1\u00a0000\u00a0g et 19\u00a0r\u00e9glages diff\u00e9rents\u00a0: Basique, rapide, sucr\u00e9, fran\u00e7ais, c\u00e9r\u00e9ales compl\u00e8tes, riz, sans gluten, dessert, m\u00e9lange, p\u00e2te, p\u00e9trissage, g\u00e2teau, confiture, yaourt, cuisson, riz cr\u00e9meux, vin de riz, d\u00e9cong\u00e9lation et saut\u00e9. Livr\u00e9e avec 3 niveaux de grillage pour satisfaire tous les go\u00fbts. Con\u00e7ue avec une fen\u00eatre en verre sur le dessus pour suivre facilement la progression. La machine \u00e0 pain dispose \u00e9galement d'un syst\u00e8me de s\u00e9curit\u00e9 pour \u00e9viter la surchauffe, ainsi que d'une fonction de maintien au chaud. Livr\u00e9e avec une tasse \u00e0 mesurer, une cuill\u00e8re et un crochet. Puissance\u00a0: 650\u00a0W. Niveau sonore\u00a0: &lt; 60\u00a0dB.","og_url":"https:\/\/perle-in.com\/en\/product\/machine-a-pain-prixton-la-petite-bakery\/","og_site_name":"PERLE IN","article_modified_time":"2025-10-10T10:13:02+00:00","og_image":[{"width":1600,"height":1600,"url":"https:\/\/perle-in.com\/wp-content\/uploads\/2025\/09\/1PA12101-1.jpg","type":"image\/jpeg"}],"twitter_card":"summary_large_image","schema":{"@context":"https:\/\/schema.org","@graph":[{"@type":"WebPage","@id":"https:\/\/perle-in.com\/produit\/machine-a-pain-prixton-la-petite-bakery\/","url":"https:\/\/perle-in.com\/produit\/machine-a-pain-prixton-la-petite-bakery\/","name":"Machine \u00e0 pain Prixton La Petite Bakery - PERLE IN","isPartOf":{"@id":"https:\/\/perle-in.com\/#website"},"primaryImageOfPage":{"@id":"https:\/\/perle-in.com\/produit\/machine-a-pain-prixton-la-petite-bakery\/#primaryimage"},"image":{"@id":"https:\/\/perle-in.com\/produit\/machine-a-pain-prixton-la-petite-bakery\/#primaryimage"},"thumbnailUrl":"https:\/\/perle-in.com\/wp-content\/uploads\/2025\/09\/1PA12101-1.jpg","datePublished":"2025-10-10T10:13:01+00:00","dateModified":"2025-10-10T10:13:02+00:00","breadcrumb":{"@id":"https:\/\/perle-in.com\/produit\/machine-a-pain-prixton-la-petite-bakery\/#breadcrumb"},"inLanguage":"en-CA","potentialAction":[{"@type":"ReadAction","target":["https:\/\/perle-in.com\/produit\/machine-a-pain-prixton-la-petite-bakery\/"]}]},{"@type":"ImageObject","inLanguage":"en-CA","@id":"https:\/\/perle-in.com\/produit\/machine-a-pain-prixton-la-petite-bakery\/#primaryimage","url":"https:\/\/perle-in.com\/wp-content\/uploads\/2025\/09\/1PA12101-1.jpg","contentUrl":"https:\/\/perle-in.com\/wp-content\/uploads\/2025\/09\/1PA12101-1.jpg","width":1600,"height":1600},{"@type":"BreadcrumbList","@id":"https:\/\/perle-in.com\/produit\/machine-a-pain-prixton-la-petite-bakery\/#breadcrumb","itemListElement":[{"@type":"ListItem","position":1,"name":"Accueil","item":"https:\/\/perle-in.com\/"},{"@type":"ListItem","position":2,"name":"Boutique","item":"https:\/\/perle-in.com\/boutique\/"},{"@type":"ListItem","position":3,"name":"Machine \u00e0 pain Prixton La Petite Bakery"}]},{"@type":"WebSite","@id":"https:\/\/perle-in.com\/#website","url":"https:\/\/perle-in.com\/","name":"PERLE IN","description":"","publisher":{"@id":"https:\/\/perle-in.com\/#organization"},"potentialAction":[{"@type":"SearchAction","target":{"@type":"EntryPoint","urlTemplate":"https:\/\/perle-in.com\/?s={search_term_string}"},"query-input":{"@type":"PropertyValueSpecification","valueRequired":true,"valueName":"search_term_string"}}],"inLanguage":"en-CA"},{"@type":"Organization","@id":"https:\/\/perle-in.com\/#organization","name":"PERLE IN","url":"https:\/\/perle-in.com\/","logo":{"@type":"ImageObject","inLanguage":"en-CA","@id":"https:\/\/perle-in.com\/#\/schema\/logo\/image\/","url":"https:\/\/perle-in.com\/wp-content\/uploads\/2022\/12\/LOGO-PERLE-IN-COULEUR@3x.webp","contentUrl":"https:\/\/perle-in.com\/wp-content\/uploads\/2022\/12\/LOGO-PERLE-IN-COULEUR@3x.webp","width":1600,"height":490,"caption":"PERLE IN"},"image":{"@id":"https:\/\/perle-in.com\/#\/schema\/logo\/image\/"}}]}},"jetpack_sharing_enabled":true,"_links":{"self":[{"href":"https:\/\/perle-in.com\/en\/wp-json\/wp\/v2\/product\/500048","targetHints":{"allow":["GET"]}}],"collection":[{"href":"https:\/\/perle-in.com\/en\/wp-json\/wp\/v2\/product"}],"about":[{"href":"https:\/\/perle-in.com\/en\/wp-json\/wp\/v2\/types\/product"}],"version-history":[{"count":0,"href":"https:\/\/perle-in.com\/en\/wp-json\/wp\/v2\/product\/500048\/revisions"}],"wp:featuredmedia":[{"embeddable":true,"href":"https:\/\/perle-in.com\/en\/wp-json\/wp\/v2\/media\/482908"}],"wp:attachment":[{"href":"https:\/\/perle-in.com\/en\/wp-json\/wp\/v2\/media?parent=500048"}],"wp:term":[{"taxonomy":"product_brand","embeddable":true,"href":"https:\/\/perle-in.com\/en\/wp-json\/wp\/v2\/product_brand?post=500048"},{"taxonomy":"product_cat","embeddable":true,"href":"https:\/\/perle-in.com\/en\/wp-json\/wp\/v2\/product_cat?post=500048"},{"taxonomy":"product_tag","embeddable":true,"href":"https:\/\/perle-in.com\/en\/wp-json\/wp\/v2\/product_tag?post=500048"}],"curies":[{"name":"wp","href":"https:\/\/api.w.org\/{rel}","templated":true}]}}