{"id":500046,"date":"2025-10-10T12:12:43","date_gmt":"2025-10-10T10:12:43","guid":{"rendered":"https:\/\/perle-in.com\/produit\/tourne-disque-et-lecteur-de-musique-prixton-studio-deluxe\/"},"modified":"2025-10-10T12:12:44","modified_gmt":"2025-10-10T10:12:44","slug":"tourne-disque-et-lecteur-de-musique-prixton-studio-deluxe","status":"publish","type":"product","link":"https:\/\/perle-in.com\/en\/product\/tourne-disque-et-lecteur-de-musique-prixton-studio-deluxe\/","title":{"rendered":"Tourne-disque et lecteur de musique Prixton Studio deluxe"},"content":{"rendered":"","protected":false},"excerpt":{"rendered":"<p>Tourne-disque qui lit un vinyle et le convertit au format num\u00e9rique via USB et carte SD. Il lit \u00e9galement de la musique via Bluetooth, USB, carte SD et radio. Le tourne-disque int\u00e8gre 2\u00a0haut-parleurs puissants de 5\u00a0W chacun pour profiter d&#8217;une grande qualit\u00e9 sonore. Sortie audio RCA. Comprend un adaptateur de 45\u00a0tr\/min pour s&#8217;adapter aux vinyles de diff\u00e9rentes tailles. Con\u00e7u avec un couvercle anti-poussi\u00e8re, une surface en grain de bois et un rev\u00eatement en tissu.<\/p>","protected":false},"featured_media":482899,"template":"","meta":{"_eb_attr":""},"product_brand":[],"product_cat":[460,150],"product_tag":[873,823,862,822,783,870,821],"class_list":{"0":"post-500046","1":"product","2":"type-product","3":"status-publish","4":"has-post-thumbnail","6":"product_cat-accessoires-pour-la-maison","7":"product_cat-maison-et-cuisine","8":"product_tag-disque","9":"product_tag-lecteur","10":"product_tag-maison","11":"product_tag-musique","12":"product_tag-prixton","13":"product_tag-tourne-disque","14":"product_tag-vinyle","15":"pa_couleurs-blanc","17":"first","18":"instock","19":"shipping-taxable","20":"purchasable","21":"product-type-variable"},"yoast_head":"<!-- This site is optimized with the Yoast SEO plugin v27.4 - https:\/\/yoast.com\/product\/yoast-seo-wordpress\/ -->\n<title>Tourne-disque et lecteur de musique Prixton Studio deluxe - PERLE IN<\/title>\n<meta name=\"robots\" content=\"noindex, follow, max-snippet:-1, max-image-preview:large, max-video-preview:-1\" \/>\n<meta property=\"og:locale\" content=\"en_US\" \/>\n<meta property=\"og:type\" content=\"article\" \/>\n<meta property=\"og:title\" content=\"Tourne-disque et lecteur de musique Prixton Studio deluxe - PERLE IN\" \/>\n<meta property=\"og:description\" content=\"Tourne-disque qui lit un vinyle et le convertit au format num\u00e9rique via USB et carte SD. Il lit \u00e9galement de la musique via Bluetooth, USB, carte SD et radio. Le tourne-disque int\u00e8gre 2\u00a0haut-parleurs puissants de 5\u00a0W chacun pour profiter d&#039;une grande qualit\u00e9 sonore. Sortie audio RCA. Comprend un adaptateur de 45\u00a0tr\/min pour s&#039;adapter aux vinyles de diff\u00e9rentes tailles. Con\u00e7u avec un couvercle anti-poussi\u00e8re, une surface en grain de bois et un rev\u00eatement en tissu.\" \/>\n<meta property=\"og:url\" content=\"https:\/\/perle-in.com\/en\/product\/tourne-disque-et-lecteur-de-musique-prixton-studio-deluxe\/\" \/>\n<meta property=\"og:site_name\" content=\"PERLE IN\" \/>\n<meta property=\"article:modified_time\" content=\"2025-10-10T10:12:44+00:00\" \/>\n<meta property=\"og:image\" content=\"https:\/\/perle-in.com\/wp-content\/uploads\/2025\/09\/1PA11601-1.jpg\" \/>\n\t<meta property=\"og:image:width\" content=\"1600\" \/>\n\t<meta property=\"og:image:height\" content=\"1600\" \/>\n\t<meta property=\"og:image:type\" content=\"image\/jpeg\" \/>\n<meta name=\"twitter:card\" content=\"summary_large_image\" \/>\n<script type=\"application\/ld+json\" class=\"yoast-schema-graph\">{\"@context\":\"https:\\\/\\\/schema.org\",\"@graph\":[{\"@type\":\"WebPage\",\"@id\":\"https:\\\/\\\/perle-in.com\\\/produit\\\/tourne-disque-et-lecteur-de-musique-prixton-studio-deluxe\\\/\",\"url\":\"https:\\\/\\\/perle-in.com\\\/produit\\\/tourne-disque-et-lecteur-de-musique-prixton-studio-deluxe\\\/\",\"name\":\"Tourne-disque et lecteur de musique Prixton Studio deluxe - PERLE IN\",\"isPartOf\":{\"@id\":\"https:\\\/\\\/perle-in.com\\\/#website\"},\"primaryImageOfPage\":{\"@id\":\"https:\\\/\\\/perle-in.com\\\/produit\\\/tourne-disque-et-lecteur-de-musique-prixton-studio-deluxe\\\/#primaryimage\"},\"image\":{\"@id\":\"https:\\\/\\\/perle-in.com\\\/produit\\\/tourne-disque-et-lecteur-de-musique-prixton-studio-deluxe\\\/#primaryimage\"},\"thumbnailUrl\":\"https:\\\/\\\/perle-in.com\\\/wp-content\\\/uploads\\\/2025\\\/09\\\/1PA11601-1.jpg\",\"datePublished\":\"2025-10-10T10:12:43+00:00\",\"dateModified\":\"2025-10-10T10:12:44+00:00\",\"breadcrumb\":{\"@id\":\"https:\\\/\\\/perle-in.com\\\/produit\\\/tourne-disque-et-lecteur-de-musique-prixton-studio-deluxe\\\/#breadcrumb\"},\"inLanguage\":\"en-CA\",\"potentialAction\":[{\"@type\":\"ReadAction\",\"target\":[\"https:\\\/\\\/perle-in.com\\\/produit\\\/tourne-disque-et-lecteur-de-musique-prixton-studio-deluxe\\\/\"]}]},{\"@type\":\"ImageObject\",\"inLanguage\":\"en-CA\",\"@id\":\"https:\\\/\\\/perle-in.com\\\/produit\\\/tourne-disque-et-lecteur-de-musique-prixton-studio-deluxe\\\/#primaryimage\",\"url\":\"https:\\\/\\\/perle-in.com\\\/wp-content\\\/uploads\\\/2025\\\/09\\\/1PA11601-1.jpg\",\"contentUrl\":\"https:\\\/\\\/perle-in.com\\\/wp-content\\\/uploads\\\/2025\\\/09\\\/1PA11601-1.jpg\",\"width\":1600,\"height\":1600},{\"@type\":\"BreadcrumbList\",\"@id\":\"https:\\\/\\\/perle-in.com\\\/produit\\\/tourne-disque-et-lecteur-de-musique-prixton-studio-deluxe\\\/#breadcrumb\",\"itemListElement\":[{\"@type\":\"ListItem\",\"position\":1,\"name\":\"Accueil\",\"item\":\"https:\\\/\\\/perle-in.com\\\/\"},{\"@type\":\"ListItem\",\"position\":2,\"name\":\"Boutique\",\"item\":\"https:\\\/\\\/perle-in.com\\\/boutique\\\/\"},{\"@type\":\"ListItem\",\"position\":3,\"name\":\"Tourne-disque et lecteur de musique Prixton Studio deluxe\"}]},{\"@type\":\"WebSite\",\"@id\":\"https:\\\/\\\/perle-in.com\\\/#website\",\"url\":\"https:\\\/\\\/perle-in.com\\\/\",\"name\":\"PERLE IN\",\"description\":\"\",\"publisher\":{\"@id\":\"https:\\\/\\\/perle-in.com\\\/#organization\"},\"potentialAction\":[{\"@type\":\"SearchAction\",\"target\":{\"@type\":\"EntryPoint\",\"urlTemplate\":\"https:\\\/\\\/perle-in.com\\\/?s={search_term_string}\"},\"query-input\":{\"@type\":\"PropertyValueSpecification\",\"valueRequired\":true,\"valueName\":\"search_term_string\"}}],\"inLanguage\":\"en-CA\"},{\"@type\":\"Organization\",\"@id\":\"https:\\\/\\\/perle-in.com\\\/#organization\",\"name\":\"PERLE IN\",\"url\":\"https:\\\/\\\/perle-in.com\\\/\",\"logo\":{\"@type\":\"ImageObject\",\"inLanguage\":\"en-CA\",\"@id\":\"https:\\\/\\\/perle-in.com\\\/#\\\/schema\\\/logo\\\/image\\\/\",\"url\":\"https:\\\/\\\/perle-in.com\\\/wp-content\\\/uploads\\\/2022\\\/12\\\/LOGO-PERLE-IN-COULEUR@3x.webp\",\"contentUrl\":\"https:\\\/\\\/perle-in.com\\\/wp-content\\\/uploads\\\/2022\\\/12\\\/LOGO-PERLE-IN-COULEUR@3x.webp\",\"width\":1600,\"height\":490,\"caption\":\"PERLE IN\"},\"image\":{\"@id\":\"https:\\\/\\\/perle-in.com\\\/#\\\/schema\\\/logo\\\/image\\\/\"}}]}<\/script>\n<!-- \/ Yoast SEO plugin. -->","yoast_head_json":{"title":"Tourne-disque et lecteur de musique Prixton Studio deluxe - PERLE IN","robots":{"index":"noindex","follow":"follow","max-snippet":"max-snippet:-1","max-image-preview":"max-image-preview:large","max-video-preview":"max-video-preview:-1"},"og_locale":"en_US","og_type":"article","og_title":"Tourne-disque et lecteur de musique Prixton Studio deluxe - PERLE IN","og_description":"Tourne-disque qui lit un vinyle et le convertit au format num\u00e9rique via USB et carte SD. Il lit \u00e9galement de la musique via Bluetooth, USB, carte SD et radio. Le tourne-disque int\u00e8gre 2\u00a0haut-parleurs puissants de 5\u00a0W chacun pour profiter d'une grande qualit\u00e9 sonore. Sortie audio RCA. Comprend un adaptateur de 45\u00a0tr\/min pour s'adapter aux vinyles de diff\u00e9rentes tailles. Con\u00e7u avec un couvercle anti-poussi\u00e8re, une surface en grain de bois et un rev\u00eatement en tissu.","og_url":"https:\/\/perle-in.com\/en\/product\/tourne-disque-et-lecteur-de-musique-prixton-studio-deluxe\/","og_site_name":"PERLE IN","article_modified_time":"2025-10-10T10:12:44+00:00","og_image":[{"width":1600,"height":1600,"url":"https:\/\/perle-in.com\/wp-content\/uploads\/2025\/09\/1PA11601-1.jpg","type":"image\/jpeg"}],"twitter_card":"summary_large_image","schema":{"@context":"https:\/\/schema.org","@graph":[{"@type":"WebPage","@id":"https:\/\/perle-in.com\/produit\/tourne-disque-et-lecteur-de-musique-prixton-studio-deluxe\/","url":"https:\/\/perle-in.com\/produit\/tourne-disque-et-lecteur-de-musique-prixton-studio-deluxe\/","name":"Tourne-disque et lecteur de musique Prixton Studio deluxe - PERLE IN","isPartOf":{"@id":"https:\/\/perle-in.com\/#website"},"primaryImageOfPage":{"@id":"https:\/\/perle-in.com\/produit\/tourne-disque-et-lecteur-de-musique-prixton-studio-deluxe\/#primaryimage"},"image":{"@id":"https:\/\/perle-in.com\/produit\/tourne-disque-et-lecteur-de-musique-prixton-studio-deluxe\/#primaryimage"},"thumbnailUrl":"https:\/\/perle-in.com\/wp-content\/uploads\/2025\/09\/1PA11601-1.jpg","datePublished":"2025-10-10T10:12:43+00:00","dateModified":"2025-10-10T10:12:44+00:00","breadcrumb":{"@id":"https:\/\/perle-in.com\/produit\/tourne-disque-et-lecteur-de-musique-prixton-studio-deluxe\/#breadcrumb"},"inLanguage":"en-CA","potentialAction":[{"@type":"ReadAction","target":["https:\/\/perle-in.com\/produit\/tourne-disque-et-lecteur-de-musique-prixton-studio-deluxe\/"]}]},{"@type":"ImageObject","inLanguage":"en-CA","@id":"https:\/\/perle-in.com\/produit\/tourne-disque-et-lecteur-de-musique-prixton-studio-deluxe\/#primaryimage","url":"https:\/\/perle-in.com\/wp-content\/uploads\/2025\/09\/1PA11601-1.jpg","contentUrl":"https:\/\/perle-in.com\/wp-content\/uploads\/2025\/09\/1PA11601-1.jpg","width":1600,"height":1600},{"@type":"BreadcrumbList","@id":"https:\/\/perle-in.com\/produit\/tourne-disque-et-lecteur-de-musique-prixton-studio-deluxe\/#breadcrumb","itemListElement":[{"@type":"ListItem","position":1,"name":"Accueil","item":"https:\/\/perle-in.com\/"},{"@type":"ListItem","position":2,"name":"Boutique","item":"https:\/\/perle-in.com\/boutique\/"},{"@type":"ListItem","position":3,"name":"Tourne-disque et lecteur de musique Prixton Studio deluxe"}]},{"@type":"WebSite","@id":"https:\/\/perle-in.com\/#website","url":"https:\/\/perle-in.com\/","name":"PERLE IN","description":"","publisher":{"@id":"https:\/\/perle-in.com\/#organization"},"potentialAction":[{"@type":"SearchAction","target":{"@type":"EntryPoint","urlTemplate":"https:\/\/perle-in.com\/?s={search_term_string}"},"query-input":{"@type":"PropertyValueSpecification","valueRequired":true,"valueName":"search_term_string"}}],"inLanguage":"en-CA"},{"@type":"Organization","@id":"https:\/\/perle-in.com\/#organization","name":"PERLE IN","url":"https:\/\/perle-in.com\/","logo":{"@type":"ImageObject","inLanguage":"en-CA","@id":"https:\/\/perle-in.com\/#\/schema\/logo\/image\/","url":"https:\/\/perle-in.com\/wp-content\/uploads\/2022\/12\/LOGO-PERLE-IN-COULEUR@3x.webp","contentUrl":"https:\/\/perle-in.com\/wp-content\/uploads\/2022\/12\/LOGO-PERLE-IN-COULEUR@3x.webp","width":1600,"height":490,"caption":"PERLE IN"},"image":{"@id":"https:\/\/perle-in.com\/#\/schema\/logo\/image\/"}}]}},"jetpack_sharing_enabled":true,"_links":{"self":[{"href":"https:\/\/perle-in.com\/en\/wp-json\/wp\/v2\/product\/500046","targetHints":{"allow":["GET"]}}],"collection":[{"href":"https:\/\/perle-in.com\/en\/wp-json\/wp\/v2\/product"}],"about":[{"href":"https:\/\/perle-in.com\/en\/wp-json\/wp\/v2\/types\/product"}],"version-history":[{"count":0,"href":"https:\/\/perle-in.com\/en\/wp-json\/wp\/v2\/product\/500046\/revisions"}],"wp:featuredmedia":[{"embeddable":true,"href":"https:\/\/perle-in.com\/en\/wp-json\/wp\/v2\/media\/482899"}],"wp:attachment":[{"href":"https:\/\/perle-in.com\/en\/wp-json\/wp\/v2\/media?parent=500046"}],"wp:term":[{"taxonomy":"product_brand","embeddable":true,"href":"https:\/\/perle-in.com\/en\/wp-json\/wp\/v2\/product_brand?post=500046"},{"taxonomy":"product_cat","embeddable":true,"href":"https:\/\/perle-in.com\/en\/wp-json\/wp\/v2\/product_cat?post=500046"},{"taxonomy":"product_tag","embeddable":true,"href":"https:\/\/perle-in.com\/en\/wp-json\/wp\/v2\/product_tag?post=500046"}],"curies":[{"name":"wp","href":"https:\/\/api.w.org\/{rel}","templated":true}]}}