{"id":500040,"date":"2025-10-10T12:11:59","date_gmt":"2025-10-10T10:11:59","guid":{"rendered":"https:\/\/perle-in.com\/produit\/cafetiere-expresso-prixton-toscana\/"},"modified":"2025-10-10T12:12:00","modified_gmt":"2025-10-10T10:12:00","slug":"cafetiere-expresso-prixton-toscana","status":"publish","type":"product","link":"https:\/\/perle-in.com\/en\/product\/cafetiere-expresso-prixton-toscana\/","title":{"rendered":"Cafeti\u00e8re expresso Prixton Toscana"},"content":{"rendered":"","protected":false},"excerpt":{"rendered":"<p>La cafeti\u00e8re toscane int\u00e8gre le syst\u00e8me italien et dispose d&#8217;un double filtre de sortie qui permet de pr\u00e9parer deux caf\u00e9s en m\u00eame temps. Elle dispose d&#8217;un vaporisateur r\u00e9glable int\u00e9gr\u00e9 pour la pr\u00e9paration de cappuccinos. Dot\u00e9e d&#8217;un adaptateur pour capsule, d&#8217;un plateau antigoutte, d&#8217;un plateau chauffant pour tasse, d&#8217;une cuill\u00e8re \u00e0 mesurer et d&#8217;un broyeur \u00e0 caf\u00e9. La cafeti\u00e8re dispose d&#8217;une fonction d&#8217;arr\u00eat automatique apr\u00e8s 20\u00a0minutes de non-utilisation. Puissance de 850\u00a0W. 20\u00a0bars de pression. R\u00e9servoir d&#8217;eau d&#8217;une capacit\u00e9 de 1,25\u00a0l. Syst\u00e8me d&#8217;\u00e9conomie d&#8217;\u00e9nergie ERP.<\/p>","protected":false},"featured_media":482876,"template":"","meta":{"_eb_attr":""},"product_brand":[],"product_cat":[460,150],"product_tag":[225,229,861,965,860,862,783],"class_list":{"0":"post-500040","1":"product","2":"type-product","3":"status-publish","4":"has-post-thumbnail","6":"product_cat-accessoires-pour-la-maison","7":"product_cat-maison-et-cuisine","8":"product_tag-cafe","9":"product_tag-cappuccino","10":"product_tag-cuisine","11":"product_tag-espresso","12":"product_tag-machine-a-cafe","13":"product_tag-maison","14":"product_tag-prixton","15":"pa_couleurs-noir","17":"first","18":"instock","19":"shipping-taxable","20":"purchasable","21":"product-type-variable"},"yoast_head":"<!-- This site is optimized with the Yoast SEO plugin v27.4 - https:\/\/yoast.com\/product\/yoast-seo-wordpress\/ -->\n<title>Cafeti\u00e8re expresso Prixton Toscana - PERLE IN<\/title>\n<meta name=\"robots\" content=\"noindex, follow, max-snippet:-1, max-image-preview:large, max-video-preview:-1\" \/>\n<meta property=\"og:locale\" content=\"en_US\" \/>\n<meta property=\"og:type\" content=\"article\" \/>\n<meta property=\"og:title\" content=\"Cafeti\u00e8re expresso Prixton Toscana - PERLE IN\" \/>\n<meta property=\"og:description\" content=\"La cafeti\u00e8re toscane int\u00e8gre le syst\u00e8me italien et dispose d&#039;un double filtre de sortie qui permet de pr\u00e9parer deux caf\u00e9s en m\u00eame temps. Elle dispose d&#039;un vaporisateur r\u00e9glable int\u00e9gr\u00e9 pour la pr\u00e9paration de cappuccinos. Dot\u00e9e d&#039;un adaptateur pour capsule, d&#039;un plateau antigoutte, d&#039;un plateau chauffant pour tasse, d&#039;une cuill\u00e8re \u00e0 mesurer et d&#039;un broyeur \u00e0 caf\u00e9. La cafeti\u00e8re dispose d&#039;une fonction d&#039;arr\u00eat automatique apr\u00e8s 20\u00a0minutes de non-utilisation. Puissance de 850\u00a0W. 20\u00a0bars de pression. R\u00e9servoir d&#039;eau d&#039;une capacit\u00e9 de 1,25\u00a0l. Syst\u00e8me d&#039;\u00e9conomie d&#039;\u00e9nergie ERP.\" \/>\n<meta property=\"og:url\" content=\"https:\/\/perle-in.com\/en\/product\/cafetiere-expresso-prixton-toscana\/\" \/>\n<meta property=\"og:site_name\" content=\"PERLE IN\" \/>\n<meta property=\"article:modified_time\" content=\"2025-10-10T10:12:00+00:00\" \/>\n<meta property=\"og:image\" content=\"https:\/\/perle-in.com\/wp-content\/uploads\/2025\/09\/1PA11390-1.jpg\" \/>\n\t<meta property=\"og:image:width\" content=\"1600\" \/>\n\t<meta property=\"og:image:height\" content=\"1600\" \/>\n\t<meta property=\"og:image:type\" content=\"image\/jpeg\" \/>\n<meta name=\"twitter:card\" content=\"summary_large_image\" \/>\n<script type=\"application\/ld+json\" class=\"yoast-schema-graph\">{\"@context\":\"https:\\\/\\\/schema.org\",\"@graph\":[{\"@type\":\"WebPage\",\"@id\":\"https:\\\/\\\/perle-in.com\\\/produit\\\/cafetiere-expresso-prixton-toscana\\\/\",\"url\":\"https:\\\/\\\/perle-in.com\\\/produit\\\/cafetiere-expresso-prixton-toscana\\\/\",\"name\":\"Cafeti\u00e8re expresso Prixton Toscana - PERLE IN\",\"isPartOf\":{\"@id\":\"https:\\\/\\\/perle-in.com\\\/#website\"},\"primaryImageOfPage\":{\"@id\":\"https:\\\/\\\/perle-in.com\\\/produit\\\/cafetiere-expresso-prixton-toscana\\\/#primaryimage\"},\"image\":{\"@id\":\"https:\\\/\\\/perle-in.com\\\/produit\\\/cafetiere-expresso-prixton-toscana\\\/#primaryimage\"},\"thumbnailUrl\":\"https:\\\/\\\/perle-in.com\\\/wp-content\\\/uploads\\\/2025\\\/09\\\/1PA11390-1.jpg\",\"datePublished\":\"2025-10-10T10:11:59+00:00\",\"dateModified\":\"2025-10-10T10:12:00+00:00\",\"breadcrumb\":{\"@id\":\"https:\\\/\\\/perle-in.com\\\/produit\\\/cafetiere-expresso-prixton-toscana\\\/#breadcrumb\"},\"inLanguage\":\"en-CA\",\"potentialAction\":[{\"@type\":\"ReadAction\",\"target\":[\"https:\\\/\\\/perle-in.com\\\/produit\\\/cafetiere-expresso-prixton-toscana\\\/\"]}]},{\"@type\":\"ImageObject\",\"inLanguage\":\"en-CA\",\"@id\":\"https:\\\/\\\/perle-in.com\\\/produit\\\/cafetiere-expresso-prixton-toscana\\\/#primaryimage\",\"url\":\"https:\\\/\\\/perle-in.com\\\/wp-content\\\/uploads\\\/2025\\\/09\\\/1PA11390-1.jpg\",\"contentUrl\":\"https:\\\/\\\/perle-in.com\\\/wp-content\\\/uploads\\\/2025\\\/09\\\/1PA11390-1.jpg\",\"width\":1600,\"height\":1600},{\"@type\":\"BreadcrumbList\",\"@id\":\"https:\\\/\\\/perle-in.com\\\/produit\\\/cafetiere-expresso-prixton-toscana\\\/#breadcrumb\",\"itemListElement\":[{\"@type\":\"ListItem\",\"position\":1,\"name\":\"Accueil\",\"item\":\"https:\\\/\\\/perle-in.com\\\/\"},{\"@type\":\"ListItem\",\"position\":2,\"name\":\"Boutique\",\"item\":\"https:\\\/\\\/perle-in.com\\\/boutique\\\/\"},{\"@type\":\"ListItem\",\"position\":3,\"name\":\"Cafeti\u00e8re expresso Prixton Toscana\"}]},{\"@type\":\"WebSite\",\"@id\":\"https:\\\/\\\/perle-in.com\\\/#website\",\"url\":\"https:\\\/\\\/perle-in.com\\\/\",\"name\":\"PERLE IN\",\"description\":\"\",\"publisher\":{\"@id\":\"https:\\\/\\\/perle-in.com\\\/#organization\"},\"potentialAction\":[{\"@type\":\"SearchAction\",\"target\":{\"@type\":\"EntryPoint\",\"urlTemplate\":\"https:\\\/\\\/perle-in.com\\\/?s={search_term_string}\"},\"query-input\":{\"@type\":\"PropertyValueSpecification\",\"valueRequired\":true,\"valueName\":\"search_term_string\"}}],\"inLanguage\":\"en-CA\"},{\"@type\":\"Organization\",\"@id\":\"https:\\\/\\\/perle-in.com\\\/#organization\",\"name\":\"PERLE IN\",\"url\":\"https:\\\/\\\/perle-in.com\\\/\",\"logo\":{\"@type\":\"ImageObject\",\"inLanguage\":\"en-CA\",\"@id\":\"https:\\\/\\\/perle-in.com\\\/#\\\/schema\\\/logo\\\/image\\\/\",\"url\":\"https:\\\/\\\/perle-in.com\\\/wp-content\\\/uploads\\\/2022\\\/12\\\/LOGO-PERLE-IN-COULEUR@3x.webp\",\"contentUrl\":\"https:\\\/\\\/perle-in.com\\\/wp-content\\\/uploads\\\/2022\\\/12\\\/LOGO-PERLE-IN-COULEUR@3x.webp\",\"width\":1600,\"height\":490,\"caption\":\"PERLE IN\"},\"image\":{\"@id\":\"https:\\\/\\\/perle-in.com\\\/#\\\/schema\\\/logo\\\/image\\\/\"}}]}<\/script>\n<!-- \/ Yoast SEO plugin. -->","yoast_head_json":{"title":"Cafeti\u00e8re expresso Prixton Toscana - PERLE IN","robots":{"index":"noindex","follow":"follow","max-snippet":"max-snippet:-1","max-image-preview":"max-image-preview:large","max-video-preview":"max-video-preview:-1"},"og_locale":"en_US","og_type":"article","og_title":"Cafeti\u00e8re expresso Prixton Toscana - PERLE IN","og_description":"La cafeti\u00e8re toscane int\u00e8gre le syst\u00e8me italien et dispose d'un double filtre de sortie qui permet de pr\u00e9parer deux caf\u00e9s en m\u00eame temps. Elle dispose d'un vaporisateur r\u00e9glable int\u00e9gr\u00e9 pour la pr\u00e9paration de cappuccinos. Dot\u00e9e d'un adaptateur pour capsule, d'un plateau antigoutte, d'un plateau chauffant pour tasse, d'une cuill\u00e8re \u00e0 mesurer et d'un broyeur \u00e0 caf\u00e9. La cafeti\u00e8re dispose d'une fonction d'arr\u00eat automatique apr\u00e8s 20\u00a0minutes de non-utilisation. Puissance de 850\u00a0W. 20\u00a0bars de pression. R\u00e9servoir d'eau d'une capacit\u00e9 de 1,25\u00a0l. Syst\u00e8me d'\u00e9conomie d'\u00e9nergie ERP.","og_url":"https:\/\/perle-in.com\/en\/product\/cafetiere-expresso-prixton-toscana\/","og_site_name":"PERLE IN","article_modified_time":"2025-10-10T10:12:00+00:00","og_image":[{"width":1600,"height":1600,"url":"https:\/\/perle-in.com\/wp-content\/uploads\/2025\/09\/1PA11390-1.jpg","type":"image\/jpeg"}],"twitter_card":"summary_large_image","schema":{"@context":"https:\/\/schema.org","@graph":[{"@type":"WebPage","@id":"https:\/\/perle-in.com\/produit\/cafetiere-expresso-prixton-toscana\/","url":"https:\/\/perle-in.com\/produit\/cafetiere-expresso-prixton-toscana\/","name":"Cafeti\u00e8re expresso Prixton Toscana - PERLE IN","isPartOf":{"@id":"https:\/\/perle-in.com\/#website"},"primaryImageOfPage":{"@id":"https:\/\/perle-in.com\/produit\/cafetiere-expresso-prixton-toscana\/#primaryimage"},"image":{"@id":"https:\/\/perle-in.com\/produit\/cafetiere-expresso-prixton-toscana\/#primaryimage"},"thumbnailUrl":"https:\/\/perle-in.com\/wp-content\/uploads\/2025\/09\/1PA11390-1.jpg","datePublished":"2025-10-10T10:11:59+00:00","dateModified":"2025-10-10T10:12:00+00:00","breadcrumb":{"@id":"https:\/\/perle-in.com\/produit\/cafetiere-expresso-prixton-toscana\/#breadcrumb"},"inLanguage":"en-CA","potentialAction":[{"@type":"ReadAction","target":["https:\/\/perle-in.com\/produit\/cafetiere-expresso-prixton-toscana\/"]}]},{"@type":"ImageObject","inLanguage":"en-CA","@id":"https:\/\/perle-in.com\/produit\/cafetiere-expresso-prixton-toscana\/#primaryimage","url":"https:\/\/perle-in.com\/wp-content\/uploads\/2025\/09\/1PA11390-1.jpg","contentUrl":"https:\/\/perle-in.com\/wp-content\/uploads\/2025\/09\/1PA11390-1.jpg","width":1600,"height":1600},{"@type":"BreadcrumbList","@id":"https:\/\/perle-in.com\/produit\/cafetiere-expresso-prixton-toscana\/#breadcrumb","itemListElement":[{"@type":"ListItem","position":1,"name":"Accueil","item":"https:\/\/perle-in.com\/"},{"@type":"ListItem","position":2,"name":"Boutique","item":"https:\/\/perle-in.com\/boutique\/"},{"@type":"ListItem","position":3,"name":"Cafeti\u00e8re expresso Prixton Toscana"}]},{"@type":"WebSite","@id":"https:\/\/perle-in.com\/#website","url":"https:\/\/perle-in.com\/","name":"PERLE IN","description":"","publisher":{"@id":"https:\/\/perle-in.com\/#organization"},"potentialAction":[{"@type":"SearchAction","target":{"@type":"EntryPoint","urlTemplate":"https:\/\/perle-in.com\/?s={search_term_string}"},"query-input":{"@type":"PropertyValueSpecification","valueRequired":true,"valueName":"search_term_string"}}],"inLanguage":"en-CA"},{"@type":"Organization","@id":"https:\/\/perle-in.com\/#organization","name":"PERLE IN","url":"https:\/\/perle-in.com\/","logo":{"@type":"ImageObject","inLanguage":"en-CA","@id":"https:\/\/perle-in.com\/#\/schema\/logo\/image\/","url":"https:\/\/perle-in.com\/wp-content\/uploads\/2022\/12\/LOGO-PERLE-IN-COULEUR@3x.webp","contentUrl":"https:\/\/perle-in.com\/wp-content\/uploads\/2022\/12\/LOGO-PERLE-IN-COULEUR@3x.webp","width":1600,"height":490,"caption":"PERLE IN"},"image":{"@id":"https:\/\/perle-in.com\/#\/schema\/logo\/image\/"}}]}},"jetpack_sharing_enabled":true,"_links":{"self":[{"href":"https:\/\/perle-in.com\/en\/wp-json\/wp\/v2\/product\/500040","targetHints":{"allow":["GET"]}}],"collection":[{"href":"https:\/\/perle-in.com\/en\/wp-json\/wp\/v2\/product"}],"about":[{"href":"https:\/\/perle-in.com\/en\/wp-json\/wp\/v2\/types\/product"}],"version-history":[{"count":0,"href":"https:\/\/perle-in.com\/en\/wp-json\/wp\/v2\/product\/500040\/revisions"}],"wp:featuredmedia":[{"embeddable":true,"href":"https:\/\/perle-in.com\/en\/wp-json\/wp\/v2\/media\/482876"}],"wp:attachment":[{"href":"https:\/\/perle-in.com\/en\/wp-json\/wp\/v2\/media?parent=500040"}],"wp:term":[{"taxonomy":"product_brand","embeddable":true,"href":"https:\/\/perle-in.com\/en\/wp-json\/wp\/v2\/product_brand?post=500040"},{"taxonomy":"product_cat","embeddable":true,"href":"https:\/\/perle-in.com\/en\/wp-json\/wp\/v2\/product_cat?post=500040"},{"taxonomy":"product_tag","embeddable":true,"href":"https:\/\/perle-in.com\/en\/wp-json\/wp\/v2\/product_tag?post=500040"}],"curies":[{"name":"wp","href":"https:\/\/api.w.org\/{rel}","templated":true}]}}