{"id":500036,"date":"2025-10-10T12:11:34","date_gmt":"2025-10-10T10:11:34","guid":{"rendered":"https:\/\/perle-in.com\/produit\/ensemble-de-3-sacs-a-legumes-rob-en-pet-recycle-avec-sublimation\/"},"modified":"2025-10-10T12:11:35","modified_gmt":"2025-10-10T10:11:35","slug":"ensemble-de-3-sacs-a-legumes-rob-en-pet-recycle-avec-sublimation","status":"publish","type":"product","link":"https:\/\/perle-in.com\/en\/product\/ensemble-de-3-sacs-a-legumes-rob-en-pet-recycle-avec-sublimation\/","title":{"rendered":"Ensemble de 3\u00a0sacs \u00e0 l\u00e9gumes Rob en PET recycl\u00e9 avec sublimation"},"content":{"rendered":"","protected":false},"excerpt":{"rendered":"<p>Ensemble de trois sacs \u00e0 l\u00e9gumes fabriqu\u00e9s \u00e0 100\u00a0% en PET recycl\u00e9 105\u00a0g\/m2 avec sublimation (15\u00a0x\u00a021\u00a0cm, 25\u00a0x\u00a032\u00a0cm, 30\u00a0x\u00a041\u00a0cm). Diff\u00e9rentes tailles pour r\u00e9pondre \u00e0 tous les besoins. Id\u00e9al pour les l\u00e9gumes, les fruits, les c\u00e9r\u00e9ales en vrac, la papeterie, pour le stockage des jouets, etc. Les sacs sont 100\u00a0% sans danger pour les aliments et r\u00e9pondent aux normes de qualit\u00e9 les plus strictes. Fabriqu\u00e9s en polyester \u00e0 mailles ultra fines mais r\u00e9sistantes, les sacs sont tr\u00e8s l\u00e9gers. Facile \u00e0 nettoyer. Fabriqu\u00e9 en Europe.<\/p>","protected":false},"featured_media":482863,"template":"","meta":{"_eb_attr":""},"product_brand":[],"product_cat":[159,959],"product_tag":[961,960,282,962,904],"class_list":{"0":"post-500036","1":"product","2":"type-product","3":"status-publish","4":"has-post-thumbnail","6":"product_cat-sacs","7":"product_cat-sacs-de-shopping","8":"product_tag-fourre-tout","9":"product_tag-legumes","10":"product_tag-sac","11":"product_tag-sac-de-courses","12":"product_tag-shopping","13":"pa_couleurs-blanc","15":"first","16":"instock","17":"shipping-taxable","18":"purchasable","19":"product-type-variable"},"yoast_head":"<!-- This site is optimized with the Yoast SEO plugin v27.4 - https:\/\/yoast.com\/product\/yoast-seo-wordpress\/ -->\n<title>Ensemble de 3\u00a0sacs \u00e0 l\u00e9gumes Rob en PET recycl\u00e9 avec sublimation - PERLE IN<\/title>\n<meta name=\"robots\" content=\"noindex, follow, max-snippet:-1, max-image-preview:large, max-video-preview:-1\" \/>\n<meta property=\"og:locale\" content=\"en_US\" \/>\n<meta property=\"og:type\" content=\"article\" \/>\n<meta property=\"og:title\" content=\"Ensemble de 3\u00a0sacs \u00e0 l\u00e9gumes Rob en PET recycl\u00e9 avec sublimation - PERLE IN\" \/>\n<meta property=\"og:description\" content=\"Ensemble de trois sacs \u00e0 l\u00e9gumes fabriqu\u00e9s \u00e0 100\u00a0% en PET recycl\u00e9 105\u00a0g\/m2 avec sublimation (15\u00a0x\u00a021\u00a0cm, 25\u00a0x\u00a032\u00a0cm, 30\u00a0x\u00a041\u00a0cm). Diff\u00e9rentes tailles pour r\u00e9pondre \u00e0 tous les besoins. Id\u00e9al pour les l\u00e9gumes, les fruits, les c\u00e9r\u00e9ales en vrac, la papeterie, pour le stockage des jouets, etc. Les sacs sont 100\u00a0% sans danger pour les aliments et r\u00e9pondent aux normes de qualit\u00e9 les plus strictes. Fabriqu\u00e9s en polyester \u00e0 mailles ultra fines mais r\u00e9sistantes, les sacs sont tr\u00e8s l\u00e9gers. Facile \u00e0 nettoyer. Fabriqu\u00e9 en Europe.\" \/>\n<meta property=\"og:url\" content=\"https:\/\/perle-in.com\/en\/product\/ensemble-de-3-sacs-a-legumes-rob-en-pet-recycle-avec-sublimation\/\" \/>\n<meta property=\"og:site_name\" content=\"PERLE IN\" \/>\n<meta property=\"article:modified_time\" content=\"2025-10-10T10:11:35+00:00\" \/>\n<meta property=\"og:image\" content=\"https:\/\/perle-in.com\/wp-content\/uploads\/2025\/09\/1PL04501-1.jpg\" \/>\n\t<meta property=\"og:image:width\" content=\"1600\" \/>\n\t<meta property=\"og:image:height\" content=\"1600\" \/>\n\t<meta property=\"og:image:type\" content=\"image\/jpeg\" \/>\n<meta name=\"twitter:card\" content=\"summary_large_image\" \/>\n<script type=\"application\/ld+json\" class=\"yoast-schema-graph\">{\"@context\":\"https:\\\/\\\/schema.org\",\"@graph\":[{\"@type\":\"WebPage\",\"@id\":\"https:\\\/\\\/perle-in.com\\\/produit\\\/ensemble-de-3-sacs-a-legumes-rob-en-pet-recycle-avec-sublimation\\\/\",\"url\":\"https:\\\/\\\/perle-in.com\\\/produit\\\/ensemble-de-3-sacs-a-legumes-rob-en-pet-recycle-avec-sublimation\\\/\",\"name\":\"Ensemble de 3\u00a0sacs \u00e0 l\u00e9gumes Rob en PET recycl\u00e9 avec sublimation - PERLE IN\",\"isPartOf\":{\"@id\":\"https:\\\/\\\/perle-in.com\\\/#website\"},\"primaryImageOfPage\":{\"@id\":\"https:\\\/\\\/perle-in.com\\\/produit\\\/ensemble-de-3-sacs-a-legumes-rob-en-pet-recycle-avec-sublimation\\\/#primaryimage\"},\"image\":{\"@id\":\"https:\\\/\\\/perle-in.com\\\/produit\\\/ensemble-de-3-sacs-a-legumes-rob-en-pet-recycle-avec-sublimation\\\/#primaryimage\"},\"thumbnailUrl\":\"https:\\\/\\\/perle-in.com\\\/wp-content\\\/uploads\\\/2025\\\/09\\\/1PL04501-1.jpg\",\"datePublished\":\"2025-10-10T10:11:34+00:00\",\"dateModified\":\"2025-10-10T10:11:35+00:00\",\"breadcrumb\":{\"@id\":\"https:\\\/\\\/perle-in.com\\\/produit\\\/ensemble-de-3-sacs-a-legumes-rob-en-pet-recycle-avec-sublimation\\\/#breadcrumb\"},\"inLanguage\":\"en-CA\",\"potentialAction\":[{\"@type\":\"ReadAction\",\"target\":[\"https:\\\/\\\/perle-in.com\\\/produit\\\/ensemble-de-3-sacs-a-legumes-rob-en-pet-recycle-avec-sublimation\\\/\"]}]},{\"@type\":\"ImageObject\",\"inLanguage\":\"en-CA\",\"@id\":\"https:\\\/\\\/perle-in.com\\\/produit\\\/ensemble-de-3-sacs-a-legumes-rob-en-pet-recycle-avec-sublimation\\\/#primaryimage\",\"url\":\"https:\\\/\\\/perle-in.com\\\/wp-content\\\/uploads\\\/2025\\\/09\\\/1PL04501-1.jpg\",\"contentUrl\":\"https:\\\/\\\/perle-in.com\\\/wp-content\\\/uploads\\\/2025\\\/09\\\/1PL04501-1.jpg\",\"width\":1600,\"height\":1600},{\"@type\":\"BreadcrumbList\",\"@id\":\"https:\\\/\\\/perle-in.com\\\/produit\\\/ensemble-de-3-sacs-a-legumes-rob-en-pet-recycle-avec-sublimation\\\/#breadcrumb\",\"itemListElement\":[{\"@type\":\"ListItem\",\"position\":1,\"name\":\"Accueil\",\"item\":\"https:\\\/\\\/perle-in.com\\\/\"},{\"@type\":\"ListItem\",\"position\":2,\"name\":\"Boutique\",\"item\":\"https:\\\/\\\/perle-in.com\\\/boutique\\\/\"},{\"@type\":\"ListItem\",\"position\":3,\"name\":\"Ensemble de 3\u00a0sacs \u00e0 l\u00e9gumes Rob en PET recycl\u00e9 avec sublimation\"}]},{\"@type\":\"WebSite\",\"@id\":\"https:\\\/\\\/perle-in.com\\\/#website\",\"url\":\"https:\\\/\\\/perle-in.com\\\/\",\"name\":\"PERLE IN\",\"description\":\"\",\"publisher\":{\"@id\":\"https:\\\/\\\/perle-in.com\\\/#organization\"},\"potentialAction\":[{\"@type\":\"SearchAction\",\"target\":{\"@type\":\"EntryPoint\",\"urlTemplate\":\"https:\\\/\\\/perle-in.com\\\/?s={search_term_string}\"},\"query-input\":{\"@type\":\"PropertyValueSpecification\",\"valueRequired\":true,\"valueName\":\"search_term_string\"}}],\"inLanguage\":\"en-CA\"},{\"@type\":\"Organization\",\"@id\":\"https:\\\/\\\/perle-in.com\\\/#organization\",\"name\":\"PERLE IN\",\"url\":\"https:\\\/\\\/perle-in.com\\\/\",\"logo\":{\"@type\":\"ImageObject\",\"inLanguage\":\"en-CA\",\"@id\":\"https:\\\/\\\/perle-in.com\\\/#\\\/schema\\\/logo\\\/image\\\/\",\"url\":\"https:\\\/\\\/perle-in.com\\\/wp-content\\\/uploads\\\/2022\\\/12\\\/LOGO-PERLE-IN-COULEUR@3x.webp\",\"contentUrl\":\"https:\\\/\\\/perle-in.com\\\/wp-content\\\/uploads\\\/2022\\\/12\\\/LOGO-PERLE-IN-COULEUR@3x.webp\",\"width\":1600,\"height\":490,\"caption\":\"PERLE IN\"},\"image\":{\"@id\":\"https:\\\/\\\/perle-in.com\\\/#\\\/schema\\\/logo\\\/image\\\/\"}}]}<\/script>\n<!-- \/ Yoast SEO plugin. -->","yoast_head_json":{"title":"Ensemble de 3\u00a0sacs \u00e0 l\u00e9gumes Rob en PET recycl\u00e9 avec sublimation - PERLE IN","robots":{"index":"noindex","follow":"follow","max-snippet":"max-snippet:-1","max-image-preview":"max-image-preview:large","max-video-preview":"max-video-preview:-1"},"og_locale":"en_US","og_type":"article","og_title":"Ensemble de 3\u00a0sacs \u00e0 l\u00e9gumes Rob en PET recycl\u00e9 avec sublimation - PERLE IN","og_description":"Ensemble de trois sacs \u00e0 l\u00e9gumes fabriqu\u00e9s \u00e0 100\u00a0% en PET recycl\u00e9 105\u00a0g\/m2 avec sublimation (15\u00a0x\u00a021\u00a0cm, 25\u00a0x\u00a032\u00a0cm, 30\u00a0x\u00a041\u00a0cm). Diff\u00e9rentes tailles pour r\u00e9pondre \u00e0 tous les besoins. Id\u00e9al pour les l\u00e9gumes, les fruits, les c\u00e9r\u00e9ales en vrac, la papeterie, pour le stockage des jouets, etc. Les sacs sont 100\u00a0% sans danger pour les aliments et r\u00e9pondent aux normes de qualit\u00e9 les plus strictes. Fabriqu\u00e9s en polyester \u00e0 mailles ultra fines mais r\u00e9sistantes, les sacs sont tr\u00e8s l\u00e9gers. Facile \u00e0 nettoyer. Fabriqu\u00e9 en Europe.","og_url":"https:\/\/perle-in.com\/en\/product\/ensemble-de-3-sacs-a-legumes-rob-en-pet-recycle-avec-sublimation\/","og_site_name":"PERLE IN","article_modified_time":"2025-10-10T10:11:35+00:00","og_image":[{"width":1600,"height":1600,"url":"https:\/\/perle-in.com\/wp-content\/uploads\/2025\/09\/1PL04501-1.jpg","type":"image\/jpeg"}],"twitter_card":"summary_large_image","schema":{"@context":"https:\/\/schema.org","@graph":[{"@type":"WebPage","@id":"https:\/\/perle-in.com\/produit\/ensemble-de-3-sacs-a-legumes-rob-en-pet-recycle-avec-sublimation\/","url":"https:\/\/perle-in.com\/produit\/ensemble-de-3-sacs-a-legumes-rob-en-pet-recycle-avec-sublimation\/","name":"Ensemble de 3\u00a0sacs \u00e0 l\u00e9gumes Rob en PET recycl\u00e9 avec sublimation - PERLE IN","isPartOf":{"@id":"https:\/\/perle-in.com\/#website"},"primaryImageOfPage":{"@id":"https:\/\/perle-in.com\/produit\/ensemble-de-3-sacs-a-legumes-rob-en-pet-recycle-avec-sublimation\/#primaryimage"},"image":{"@id":"https:\/\/perle-in.com\/produit\/ensemble-de-3-sacs-a-legumes-rob-en-pet-recycle-avec-sublimation\/#primaryimage"},"thumbnailUrl":"https:\/\/perle-in.com\/wp-content\/uploads\/2025\/09\/1PL04501-1.jpg","datePublished":"2025-10-10T10:11:34+00:00","dateModified":"2025-10-10T10:11:35+00:00","breadcrumb":{"@id":"https:\/\/perle-in.com\/produit\/ensemble-de-3-sacs-a-legumes-rob-en-pet-recycle-avec-sublimation\/#breadcrumb"},"inLanguage":"en-CA","potentialAction":[{"@type":"ReadAction","target":["https:\/\/perle-in.com\/produit\/ensemble-de-3-sacs-a-legumes-rob-en-pet-recycle-avec-sublimation\/"]}]},{"@type":"ImageObject","inLanguage":"en-CA","@id":"https:\/\/perle-in.com\/produit\/ensemble-de-3-sacs-a-legumes-rob-en-pet-recycle-avec-sublimation\/#primaryimage","url":"https:\/\/perle-in.com\/wp-content\/uploads\/2025\/09\/1PL04501-1.jpg","contentUrl":"https:\/\/perle-in.com\/wp-content\/uploads\/2025\/09\/1PL04501-1.jpg","width":1600,"height":1600},{"@type":"BreadcrumbList","@id":"https:\/\/perle-in.com\/produit\/ensemble-de-3-sacs-a-legumes-rob-en-pet-recycle-avec-sublimation\/#breadcrumb","itemListElement":[{"@type":"ListItem","position":1,"name":"Accueil","item":"https:\/\/perle-in.com\/"},{"@type":"ListItem","position":2,"name":"Boutique","item":"https:\/\/perle-in.com\/boutique\/"},{"@type":"ListItem","position":3,"name":"Ensemble de 3\u00a0sacs \u00e0 l\u00e9gumes Rob en PET recycl\u00e9 avec sublimation"}]},{"@type":"WebSite","@id":"https:\/\/perle-in.com\/#website","url":"https:\/\/perle-in.com\/","name":"PERLE IN","description":"","publisher":{"@id":"https:\/\/perle-in.com\/#organization"},"potentialAction":[{"@type":"SearchAction","target":{"@type":"EntryPoint","urlTemplate":"https:\/\/perle-in.com\/?s={search_term_string}"},"query-input":{"@type":"PropertyValueSpecification","valueRequired":true,"valueName":"search_term_string"}}],"inLanguage":"en-CA"},{"@type":"Organization","@id":"https:\/\/perle-in.com\/#organization","name":"PERLE IN","url":"https:\/\/perle-in.com\/","logo":{"@type":"ImageObject","inLanguage":"en-CA","@id":"https:\/\/perle-in.com\/#\/schema\/logo\/image\/","url":"https:\/\/perle-in.com\/wp-content\/uploads\/2022\/12\/LOGO-PERLE-IN-COULEUR@3x.webp","contentUrl":"https:\/\/perle-in.com\/wp-content\/uploads\/2022\/12\/LOGO-PERLE-IN-COULEUR@3x.webp","width":1600,"height":490,"caption":"PERLE IN"},"image":{"@id":"https:\/\/perle-in.com\/#\/schema\/logo\/image\/"}}]}},"jetpack_sharing_enabled":true,"_links":{"self":[{"href":"https:\/\/perle-in.com\/en\/wp-json\/wp\/v2\/product\/500036","targetHints":{"allow":["GET"]}}],"collection":[{"href":"https:\/\/perle-in.com\/en\/wp-json\/wp\/v2\/product"}],"about":[{"href":"https:\/\/perle-in.com\/en\/wp-json\/wp\/v2\/types\/product"}],"version-history":[{"count":0,"href":"https:\/\/perle-in.com\/en\/wp-json\/wp\/v2\/product\/500036\/revisions"}],"wp:featuredmedia":[{"embeddable":true,"href":"https:\/\/perle-in.com\/en\/wp-json\/wp\/v2\/media\/482863"}],"wp:attachment":[{"href":"https:\/\/perle-in.com\/en\/wp-json\/wp\/v2\/media?parent=500036"}],"wp:term":[{"taxonomy":"product_brand","embeddable":true,"href":"https:\/\/perle-in.com\/en\/wp-json\/wp\/v2\/product_brand?post=500036"},{"taxonomy":"product_cat","embeddable":true,"href":"https:\/\/perle-in.com\/en\/wp-json\/wp\/v2\/product_cat?post=500036"},{"taxonomy":"product_tag","embeddable":true,"href":"https:\/\/perle-in.com\/en\/wp-json\/wp\/v2\/product_tag?post=500036"}],"curies":[{"name":"wp","href":"https:\/\/api.w.org\/{rel}","templated":true}]}}