{"id":500030,"date":"2025-10-10T12:10:53","date_gmt":"2025-10-10T10:10:53","guid":{"rendered":"https:\/\/perle-in.com\/produit\/machine-a-coudre-prixton-p110\/"},"modified":"2025-10-10T12:10:54","modified_gmt":"2025-10-10T10:10:54","slug":"machine-a-coudre-prixton-p110","status":"publish","type":"product","link":"https:\/\/perle-in.com\/en\/product\/machine-a-coudre-prixton-p110\/","title":{"rendered":"Machine \u00e0 coudre Prixton P110"},"content":{"rendered":"","protected":false},"excerpt":{"rendered":"<p>Machine \u00e0 coudre avec 12\u00a0motifs de points int\u00e9gr\u00e9s. Tiroir int\u00e9gr\u00e9 pour ranger les fils, aiguilles et autres outils. L\u00e9g\u00e8re pour am\u00e9liorer la visibilit\u00e9 en cousant. Comprend une p\u00e9dale et un adaptateur. Couture en marche avant et arri\u00e8re. La machine est mise en marche par l&#8217;interrupteur manuel ou par la p\u00e9dale. Elle peut \u00eatre branch\u00e9e sur une prise murale ou utilis\u00e9e avec des batteries (4\u00a0x\u00a0AA). R\u00e9gulateur de tension. Cadran de s\u00e9lection. Coupe-fil. Volant \u00e0 bobine.<\/p>","protected":false},"featured_media":482842,"template":"","meta":{"_eb_attr":""},"product_brand":[],"product_cat":[460,150],"product_tag":[954,955,862,783],"class_list":{"0":"post-500030","1":"product","2":"type-product","3":"status-publish","4":"has-post-thumbnail","6":"product_cat-accessoires-pour-la-maison","7":"product_cat-maison-et-cuisine","8":"product_tag-couture","9":"product_tag-machine","10":"product_tag-maison","11":"product_tag-prixton","12":"pa_couleurs-bleu","14":"first","15":"outofstock","16":"shipping-taxable","17":"purchasable","18":"product-type-variable"},"yoast_head":"<!-- This site is optimized with the Yoast SEO plugin v27.4 - https:\/\/yoast.com\/product\/yoast-seo-wordpress\/ -->\n<title>Machine \u00e0 coudre Prixton P110 - PERLE IN<\/title>\n<meta name=\"robots\" content=\"noindex, follow, max-snippet:-1, max-image-preview:large, max-video-preview:-1\" \/>\n<meta property=\"og:locale\" content=\"en_US\" \/>\n<meta property=\"og:type\" content=\"article\" \/>\n<meta property=\"og:title\" content=\"Machine \u00e0 coudre Prixton P110 - PERLE IN\" \/>\n<meta property=\"og:description\" content=\"Machine \u00e0 coudre avec 12\u00a0motifs de points int\u00e9gr\u00e9s. Tiroir int\u00e9gr\u00e9 pour ranger les fils, aiguilles et autres outils. L\u00e9g\u00e8re pour am\u00e9liorer la visibilit\u00e9 en cousant. Comprend une p\u00e9dale et un adaptateur. Couture en marche avant et arri\u00e8re. La machine est mise en marche par l&#039;interrupteur manuel ou par la p\u00e9dale. Elle peut \u00eatre branch\u00e9e sur une prise murale ou utilis\u00e9e avec des batteries (4\u00a0x\u00a0AA). R\u00e9gulateur de tension. Cadran de s\u00e9lection. Coupe-fil. Volant \u00e0 bobine.\" \/>\n<meta property=\"og:url\" content=\"https:\/\/perle-in.com\/en\/product\/machine-a-coudre-prixton-p110\/\" \/>\n<meta property=\"og:site_name\" content=\"PERLE IN\" \/>\n<meta property=\"article:modified_time\" content=\"2025-10-10T10:10:54+00:00\" \/>\n<meta property=\"og:image\" content=\"https:\/\/perle-in.com\/wp-content\/uploads\/2025\/09\/1PA09352-1.jpg\" \/>\n\t<meta property=\"og:image:width\" content=\"1600\" \/>\n\t<meta property=\"og:image:height\" content=\"1600\" \/>\n\t<meta property=\"og:image:type\" content=\"image\/jpeg\" \/>\n<meta name=\"twitter:card\" content=\"summary_large_image\" \/>\n<script type=\"application\/ld+json\" class=\"yoast-schema-graph\">{\"@context\":\"https:\\\/\\\/schema.org\",\"@graph\":[{\"@type\":\"WebPage\",\"@id\":\"https:\\\/\\\/perle-in.com\\\/produit\\\/machine-a-coudre-prixton-p110\\\/\",\"url\":\"https:\\\/\\\/perle-in.com\\\/produit\\\/machine-a-coudre-prixton-p110\\\/\",\"name\":\"Machine \u00e0 coudre Prixton P110 - PERLE IN\",\"isPartOf\":{\"@id\":\"https:\\\/\\\/perle-in.com\\\/#website\"},\"primaryImageOfPage\":{\"@id\":\"https:\\\/\\\/perle-in.com\\\/produit\\\/machine-a-coudre-prixton-p110\\\/#primaryimage\"},\"image\":{\"@id\":\"https:\\\/\\\/perle-in.com\\\/produit\\\/machine-a-coudre-prixton-p110\\\/#primaryimage\"},\"thumbnailUrl\":\"https:\\\/\\\/perle-in.com\\\/wp-content\\\/uploads\\\/2025\\\/09\\\/1PA09352-1.jpg\",\"datePublished\":\"2025-10-10T10:10:53+00:00\",\"dateModified\":\"2025-10-10T10:10:54+00:00\",\"breadcrumb\":{\"@id\":\"https:\\\/\\\/perle-in.com\\\/produit\\\/machine-a-coudre-prixton-p110\\\/#breadcrumb\"},\"inLanguage\":\"en-CA\",\"potentialAction\":[{\"@type\":\"ReadAction\",\"target\":[\"https:\\\/\\\/perle-in.com\\\/produit\\\/machine-a-coudre-prixton-p110\\\/\"]}]},{\"@type\":\"ImageObject\",\"inLanguage\":\"en-CA\",\"@id\":\"https:\\\/\\\/perle-in.com\\\/produit\\\/machine-a-coudre-prixton-p110\\\/#primaryimage\",\"url\":\"https:\\\/\\\/perle-in.com\\\/wp-content\\\/uploads\\\/2025\\\/09\\\/1PA09352-1.jpg\",\"contentUrl\":\"https:\\\/\\\/perle-in.com\\\/wp-content\\\/uploads\\\/2025\\\/09\\\/1PA09352-1.jpg\",\"width\":1600,\"height\":1600},{\"@type\":\"BreadcrumbList\",\"@id\":\"https:\\\/\\\/perle-in.com\\\/produit\\\/machine-a-coudre-prixton-p110\\\/#breadcrumb\",\"itemListElement\":[{\"@type\":\"ListItem\",\"position\":1,\"name\":\"Accueil\",\"item\":\"https:\\\/\\\/perle-in.com\\\/\"},{\"@type\":\"ListItem\",\"position\":2,\"name\":\"Boutique\",\"item\":\"https:\\\/\\\/perle-in.com\\\/boutique\\\/\"},{\"@type\":\"ListItem\",\"position\":3,\"name\":\"Machine \u00e0 coudre Prixton P110\"}]},{\"@type\":\"WebSite\",\"@id\":\"https:\\\/\\\/perle-in.com\\\/#website\",\"url\":\"https:\\\/\\\/perle-in.com\\\/\",\"name\":\"PERLE IN\",\"description\":\"\",\"publisher\":{\"@id\":\"https:\\\/\\\/perle-in.com\\\/#organization\"},\"potentialAction\":[{\"@type\":\"SearchAction\",\"target\":{\"@type\":\"EntryPoint\",\"urlTemplate\":\"https:\\\/\\\/perle-in.com\\\/?s={search_term_string}\"},\"query-input\":{\"@type\":\"PropertyValueSpecification\",\"valueRequired\":true,\"valueName\":\"search_term_string\"}}],\"inLanguage\":\"en-CA\"},{\"@type\":\"Organization\",\"@id\":\"https:\\\/\\\/perle-in.com\\\/#organization\",\"name\":\"PERLE IN\",\"url\":\"https:\\\/\\\/perle-in.com\\\/\",\"logo\":{\"@type\":\"ImageObject\",\"inLanguage\":\"en-CA\",\"@id\":\"https:\\\/\\\/perle-in.com\\\/#\\\/schema\\\/logo\\\/image\\\/\",\"url\":\"https:\\\/\\\/perle-in.com\\\/wp-content\\\/uploads\\\/2022\\\/12\\\/LOGO-PERLE-IN-COULEUR@3x.webp\",\"contentUrl\":\"https:\\\/\\\/perle-in.com\\\/wp-content\\\/uploads\\\/2022\\\/12\\\/LOGO-PERLE-IN-COULEUR@3x.webp\",\"width\":1600,\"height\":490,\"caption\":\"PERLE IN\"},\"image\":{\"@id\":\"https:\\\/\\\/perle-in.com\\\/#\\\/schema\\\/logo\\\/image\\\/\"}}]}<\/script>\n<!-- \/ Yoast SEO plugin. -->","yoast_head_json":{"title":"Machine \u00e0 coudre Prixton P110 - PERLE IN","robots":{"index":"noindex","follow":"follow","max-snippet":"max-snippet:-1","max-image-preview":"max-image-preview:large","max-video-preview":"max-video-preview:-1"},"og_locale":"en_US","og_type":"article","og_title":"Machine \u00e0 coudre Prixton P110 - PERLE IN","og_description":"Machine \u00e0 coudre avec 12\u00a0motifs de points int\u00e9gr\u00e9s. Tiroir int\u00e9gr\u00e9 pour ranger les fils, aiguilles et autres outils. L\u00e9g\u00e8re pour am\u00e9liorer la visibilit\u00e9 en cousant. Comprend une p\u00e9dale et un adaptateur. Couture en marche avant et arri\u00e8re. La machine est mise en marche par l'interrupteur manuel ou par la p\u00e9dale. Elle peut \u00eatre branch\u00e9e sur une prise murale ou utilis\u00e9e avec des batteries (4\u00a0x\u00a0AA). R\u00e9gulateur de tension. Cadran de s\u00e9lection. Coupe-fil. Volant \u00e0 bobine.","og_url":"https:\/\/perle-in.com\/en\/product\/machine-a-coudre-prixton-p110\/","og_site_name":"PERLE IN","article_modified_time":"2025-10-10T10:10:54+00:00","og_image":[{"width":1600,"height":1600,"url":"https:\/\/perle-in.com\/wp-content\/uploads\/2025\/09\/1PA09352-1.jpg","type":"image\/jpeg"}],"twitter_card":"summary_large_image","schema":{"@context":"https:\/\/schema.org","@graph":[{"@type":"WebPage","@id":"https:\/\/perle-in.com\/produit\/machine-a-coudre-prixton-p110\/","url":"https:\/\/perle-in.com\/produit\/machine-a-coudre-prixton-p110\/","name":"Machine \u00e0 coudre Prixton P110 - PERLE IN","isPartOf":{"@id":"https:\/\/perle-in.com\/#website"},"primaryImageOfPage":{"@id":"https:\/\/perle-in.com\/produit\/machine-a-coudre-prixton-p110\/#primaryimage"},"image":{"@id":"https:\/\/perle-in.com\/produit\/machine-a-coudre-prixton-p110\/#primaryimage"},"thumbnailUrl":"https:\/\/perle-in.com\/wp-content\/uploads\/2025\/09\/1PA09352-1.jpg","datePublished":"2025-10-10T10:10:53+00:00","dateModified":"2025-10-10T10:10:54+00:00","breadcrumb":{"@id":"https:\/\/perle-in.com\/produit\/machine-a-coudre-prixton-p110\/#breadcrumb"},"inLanguage":"en-CA","potentialAction":[{"@type":"ReadAction","target":["https:\/\/perle-in.com\/produit\/machine-a-coudre-prixton-p110\/"]}]},{"@type":"ImageObject","inLanguage":"en-CA","@id":"https:\/\/perle-in.com\/produit\/machine-a-coudre-prixton-p110\/#primaryimage","url":"https:\/\/perle-in.com\/wp-content\/uploads\/2025\/09\/1PA09352-1.jpg","contentUrl":"https:\/\/perle-in.com\/wp-content\/uploads\/2025\/09\/1PA09352-1.jpg","width":1600,"height":1600},{"@type":"BreadcrumbList","@id":"https:\/\/perle-in.com\/produit\/machine-a-coudre-prixton-p110\/#breadcrumb","itemListElement":[{"@type":"ListItem","position":1,"name":"Accueil","item":"https:\/\/perle-in.com\/"},{"@type":"ListItem","position":2,"name":"Boutique","item":"https:\/\/perle-in.com\/boutique\/"},{"@type":"ListItem","position":3,"name":"Machine \u00e0 coudre Prixton P110"}]},{"@type":"WebSite","@id":"https:\/\/perle-in.com\/#website","url":"https:\/\/perle-in.com\/","name":"PERLE IN","description":"","publisher":{"@id":"https:\/\/perle-in.com\/#organization"},"potentialAction":[{"@type":"SearchAction","target":{"@type":"EntryPoint","urlTemplate":"https:\/\/perle-in.com\/?s={search_term_string}"},"query-input":{"@type":"PropertyValueSpecification","valueRequired":true,"valueName":"search_term_string"}}],"inLanguage":"en-CA"},{"@type":"Organization","@id":"https:\/\/perle-in.com\/#organization","name":"PERLE IN","url":"https:\/\/perle-in.com\/","logo":{"@type":"ImageObject","inLanguage":"en-CA","@id":"https:\/\/perle-in.com\/#\/schema\/logo\/image\/","url":"https:\/\/perle-in.com\/wp-content\/uploads\/2022\/12\/LOGO-PERLE-IN-COULEUR@3x.webp","contentUrl":"https:\/\/perle-in.com\/wp-content\/uploads\/2022\/12\/LOGO-PERLE-IN-COULEUR@3x.webp","width":1600,"height":490,"caption":"PERLE IN"},"image":{"@id":"https:\/\/perle-in.com\/#\/schema\/logo\/image\/"}}]}},"jetpack_sharing_enabled":true,"_links":{"self":[{"href":"https:\/\/perle-in.com\/en\/wp-json\/wp\/v2\/product\/500030","targetHints":{"allow":["GET"]}}],"collection":[{"href":"https:\/\/perle-in.com\/en\/wp-json\/wp\/v2\/product"}],"about":[{"href":"https:\/\/perle-in.com\/en\/wp-json\/wp\/v2\/types\/product"}],"version-history":[{"count":0,"href":"https:\/\/perle-in.com\/en\/wp-json\/wp\/v2\/product\/500030\/revisions"}],"wp:featuredmedia":[{"embeddable":true,"href":"https:\/\/perle-in.com\/en\/wp-json\/wp\/v2\/media\/482842"}],"wp:attachment":[{"href":"https:\/\/perle-in.com\/en\/wp-json\/wp\/v2\/media?parent=500030"}],"wp:term":[{"taxonomy":"product_brand","embeddable":true,"href":"https:\/\/perle-in.com\/en\/wp-json\/wp\/v2\/product_brand?post=500030"},{"taxonomy":"product_cat","embeddable":true,"href":"https:\/\/perle-in.com\/en\/wp-json\/wp\/v2\/product_cat?post=500030"},{"taxonomy":"product_tag","embeddable":true,"href":"https:\/\/perle-in.com\/en\/wp-json\/wp\/v2\/product_tag?post=500030"}],"curies":[{"name":"wp","href":"https:\/\/api.w.org\/{rel}","templated":true}]}}