{"id":500026,"date":"2025-10-10T12:10:18","date_gmt":"2025-10-10T10:10:18","guid":{"rendered":"https:\/\/perle-in.com\/produit\/prise-wi-fi-ew10-prixton\/"},"modified":"2025-10-10T12:10:19","modified_gmt":"2025-10-10T10:10:19","slug":"prise-wi-fi-ew10-prixton","status":"publish","type":"product","link":"https:\/\/perle-in.com\/en\/product\/prise-wi-fi-ew10-prixton\/","title":{"rendered":"Prise Wi-Fi EW10 Prixton"},"content":{"rendered":"","protected":false},"excerpt":{"rendered":"<p>Prise Wi-Fi permettant de contr\u00f4ler \u00e0 distance l&#8217;allumage et l&#8217;extinction des appareils \u00e9lectriques de votre maison via une application gratuite. Vous pouvez programmer le fonctionnement de vos appareils sur une base quotidienne ou hebdomadaire. Par exemple, \u00e9teignez la lumi\u00e8re en allant vous coucher ou allumez un ventilateur en rentrant chez vous. Commande \u00e0 distance via une application. Temp\u00e9rature de fonctionnement\u00a0: 20\u00b0 &#8211; 50\u00b0. Tension\u00a0: 100-240 V. Courant de fonctionnement\u00a0: 10A. Alimentation maximale\u00a0: CA 100\u00a0V &#8211; 125\u00a0V, 50\/60\u00a0Hz. Fonction de r\u00e9initialisation\u00a0: Appuyez sur le bouton d&#8217;alimentation et maintenez-le enfonc\u00e9 pendant 6\u00a0secondes.<\/p>","protected":false},"featured_media":482825,"template":"","meta":{"_eb_attr":""},"product_brand":[],"product_cat":[460,150],"product_tag":[867,865,783,866,863,864],"class_list":{"0":"post-500026","1":"product","2":"type-product","3":"status-publish","4":"has-post-thumbnail","6":"product_cat-accessoires-pour-la-maison","7":"product_cat-maison-et-cuisine","8":"product_tag-application","9":"product_tag-prise","10":"product_tag-prixton","11":"product_tag-telecommande","12":"product_tag-wi-fi","13":"product_tag-wifi","14":"pa_couleurs-blanc","16":"first","17":"instock","18":"shipping-taxable","19":"purchasable","20":"product-type-variable"},"yoast_head":"<!-- This site is optimized with the Yoast SEO plugin v27.4 - https:\/\/yoast.com\/product\/yoast-seo-wordpress\/ -->\n<title>Prise Wi-Fi EW10 Prixton - PERLE IN<\/title>\n<meta name=\"robots\" content=\"noindex, follow, max-snippet:-1, max-image-preview:large, max-video-preview:-1\" \/>\n<meta property=\"og:locale\" content=\"en_US\" \/>\n<meta property=\"og:type\" content=\"article\" \/>\n<meta property=\"og:title\" content=\"Prise Wi-Fi EW10 Prixton - PERLE IN\" \/>\n<meta property=\"og:description\" content=\"Prise Wi-Fi permettant de contr\u00f4ler \u00e0 distance l&#039;allumage et l&#039;extinction des appareils \u00e9lectriques de votre maison via une application gratuite. Vous pouvez programmer le fonctionnement de vos appareils sur une base quotidienne ou hebdomadaire. Par exemple, \u00e9teignez la lumi\u00e8re en allant vous coucher ou allumez un ventilateur en rentrant chez vous. Commande \u00e0 distance via une application. Temp\u00e9rature de fonctionnement\u00a0: 20\u00b0 - 50\u00b0. Tension\u00a0: 100-240 V. Courant de fonctionnement\u00a0: 10A. Alimentation maximale\u00a0: CA 100\u00a0V - 125\u00a0V, 50\/60\u00a0Hz. Fonction de r\u00e9initialisation\u00a0: Appuyez sur le bouton d&#039;alimentation et maintenez-le enfonc\u00e9 pendant 6\u00a0secondes.\" \/>\n<meta property=\"og:url\" content=\"https:\/\/perle-in.com\/en\/product\/prise-wi-fi-ew10-prixton\/\" \/>\n<meta property=\"og:site_name\" content=\"PERLE IN\" \/>\n<meta property=\"article:modified_time\" content=\"2025-10-10T10:10:19+00:00\" \/>\n<meta property=\"og:image\" content=\"https:\/\/perle-in.com\/wp-content\/uploads\/2025\/09\/1PA08701-1.jpg\" \/>\n\t<meta property=\"og:image:width\" content=\"1600\" \/>\n\t<meta property=\"og:image:height\" content=\"1600\" \/>\n\t<meta property=\"og:image:type\" content=\"image\/jpeg\" \/>\n<meta name=\"twitter:card\" content=\"summary_large_image\" \/>\n<script type=\"application\/ld+json\" class=\"yoast-schema-graph\">{\"@context\":\"https:\\\/\\\/schema.org\",\"@graph\":[{\"@type\":\"WebPage\",\"@id\":\"https:\\\/\\\/perle-in.com\\\/produit\\\/prise-wi-fi-ew10-prixton\\\/\",\"url\":\"https:\\\/\\\/perle-in.com\\\/produit\\\/prise-wi-fi-ew10-prixton\\\/\",\"name\":\"Prise Wi-Fi EW10 Prixton - PERLE IN\",\"isPartOf\":{\"@id\":\"https:\\\/\\\/perle-in.com\\\/#website\"},\"primaryImageOfPage\":{\"@id\":\"https:\\\/\\\/perle-in.com\\\/produit\\\/prise-wi-fi-ew10-prixton\\\/#primaryimage\"},\"image\":{\"@id\":\"https:\\\/\\\/perle-in.com\\\/produit\\\/prise-wi-fi-ew10-prixton\\\/#primaryimage\"},\"thumbnailUrl\":\"https:\\\/\\\/perle-in.com\\\/wp-content\\\/uploads\\\/2025\\\/09\\\/1PA08701-1.jpg\",\"datePublished\":\"2025-10-10T10:10:18+00:00\",\"dateModified\":\"2025-10-10T10:10:19+00:00\",\"breadcrumb\":{\"@id\":\"https:\\\/\\\/perle-in.com\\\/produit\\\/prise-wi-fi-ew10-prixton\\\/#breadcrumb\"},\"inLanguage\":\"en-CA\",\"potentialAction\":[{\"@type\":\"ReadAction\",\"target\":[\"https:\\\/\\\/perle-in.com\\\/produit\\\/prise-wi-fi-ew10-prixton\\\/\"]}]},{\"@type\":\"ImageObject\",\"inLanguage\":\"en-CA\",\"@id\":\"https:\\\/\\\/perle-in.com\\\/produit\\\/prise-wi-fi-ew10-prixton\\\/#primaryimage\",\"url\":\"https:\\\/\\\/perle-in.com\\\/wp-content\\\/uploads\\\/2025\\\/09\\\/1PA08701-1.jpg\",\"contentUrl\":\"https:\\\/\\\/perle-in.com\\\/wp-content\\\/uploads\\\/2025\\\/09\\\/1PA08701-1.jpg\",\"width\":1600,\"height\":1600},{\"@type\":\"BreadcrumbList\",\"@id\":\"https:\\\/\\\/perle-in.com\\\/produit\\\/prise-wi-fi-ew10-prixton\\\/#breadcrumb\",\"itemListElement\":[{\"@type\":\"ListItem\",\"position\":1,\"name\":\"Accueil\",\"item\":\"https:\\\/\\\/perle-in.com\\\/\"},{\"@type\":\"ListItem\",\"position\":2,\"name\":\"Boutique\",\"item\":\"https:\\\/\\\/perle-in.com\\\/boutique\\\/\"},{\"@type\":\"ListItem\",\"position\":3,\"name\":\"Prise Wi-Fi EW10 Prixton\"}]},{\"@type\":\"WebSite\",\"@id\":\"https:\\\/\\\/perle-in.com\\\/#website\",\"url\":\"https:\\\/\\\/perle-in.com\\\/\",\"name\":\"PERLE IN\",\"description\":\"\",\"publisher\":{\"@id\":\"https:\\\/\\\/perle-in.com\\\/#organization\"},\"potentialAction\":[{\"@type\":\"SearchAction\",\"target\":{\"@type\":\"EntryPoint\",\"urlTemplate\":\"https:\\\/\\\/perle-in.com\\\/?s={search_term_string}\"},\"query-input\":{\"@type\":\"PropertyValueSpecification\",\"valueRequired\":true,\"valueName\":\"search_term_string\"}}],\"inLanguage\":\"en-CA\"},{\"@type\":\"Organization\",\"@id\":\"https:\\\/\\\/perle-in.com\\\/#organization\",\"name\":\"PERLE IN\",\"url\":\"https:\\\/\\\/perle-in.com\\\/\",\"logo\":{\"@type\":\"ImageObject\",\"inLanguage\":\"en-CA\",\"@id\":\"https:\\\/\\\/perle-in.com\\\/#\\\/schema\\\/logo\\\/image\\\/\",\"url\":\"https:\\\/\\\/perle-in.com\\\/wp-content\\\/uploads\\\/2022\\\/12\\\/LOGO-PERLE-IN-COULEUR@3x.webp\",\"contentUrl\":\"https:\\\/\\\/perle-in.com\\\/wp-content\\\/uploads\\\/2022\\\/12\\\/LOGO-PERLE-IN-COULEUR@3x.webp\",\"width\":1600,\"height\":490,\"caption\":\"PERLE IN\"},\"image\":{\"@id\":\"https:\\\/\\\/perle-in.com\\\/#\\\/schema\\\/logo\\\/image\\\/\"}}]}<\/script>\n<!-- \/ Yoast SEO plugin. -->","yoast_head_json":{"title":"Prise Wi-Fi EW10 Prixton - PERLE IN","robots":{"index":"noindex","follow":"follow","max-snippet":"max-snippet:-1","max-image-preview":"max-image-preview:large","max-video-preview":"max-video-preview:-1"},"og_locale":"en_US","og_type":"article","og_title":"Prise Wi-Fi EW10 Prixton - PERLE IN","og_description":"Prise Wi-Fi permettant de contr\u00f4ler \u00e0 distance l'allumage et l'extinction des appareils \u00e9lectriques de votre maison via une application gratuite. Vous pouvez programmer le fonctionnement de vos appareils sur une base quotidienne ou hebdomadaire. Par exemple, \u00e9teignez la lumi\u00e8re en allant vous coucher ou allumez un ventilateur en rentrant chez vous. Commande \u00e0 distance via une application. Temp\u00e9rature de fonctionnement\u00a0: 20\u00b0 - 50\u00b0. Tension\u00a0: 100-240 V. Courant de fonctionnement\u00a0: 10A. Alimentation maximale\u00a0: CA 100\u00a0V - 125\u00a0V, 50\/60\u00a0Hz. Fonction de r\u00e9initialisation\u00a0: Appuyez sur le bouton d'alimentation et maintenez-le enfonc\u00e9 pendant 6\u00a0secondes.","og_url":"https:\/\/perle-in.com\/en\/product\/prise-wi-fi-ew10-prixton\/","og_site_name":"PERLE IN","article_modified_time":"2025-10-10T10:10:19+00:00","og_image":[{"width":1600,"height":1600,"url":"https:\/\/perle-in.com\/wp-content\/uploads\/2025\/09\/1PA08701-1.jpg","type":"image\/jpeg"}],"twitter_card":"summary_large_image","schema":{"@context":"https:\/\/schema.org","@graph":[{"@type":"WebPage","@id":"https:\/\/perle-in.com\/produit\/prise-wi-fi-ew10-prixton\/","url":"https:\/\/perle-in.com\/produit\/prise-wi-fi-ew10-prixton\/","name":"Prise Wi-Fi EW10 Prixton - PERLE IN","isPartOf":{"@id":"https:\/\/perle-in.com\/#website"},"primaryImageOfPage":{"@id":"https:\/\/perle-in.com\/produit\/prise-wi-fi-ew10-prixton\/#primaryimage"},"image":{"@id":"https:\/\/perle-in.com\/produit\/prise-wi-fi-ew10-prixton\/#primaryimage"},"thumbnailUrl":"https:\/\/perle-in.com\/wp-content\/uploads\/2025\/09\/1PA08701-1.jpg","datePublished":"2025-10-10T10:10:18+00:00","dateModified":"2025-10-10T10:10:19+00:00","breadcrumb":{"@id":"https:\/\/perle-in.com\/produit\/prise-wi-fi-ew10-prixton\/#breadcrumb"},"inLanguage":"en-CA","potentialAction":[{"@type":"ReadAction","target":["https:\/\/perle-in.com\/produit\/prise-wi-fi-ew10-prixton\/"]}]},{"@type":"ImageObject","inLanguage":"en-CA","@id":"https:\/\/perle-in.com\/produit\/prise-wi-fi-ew10-prixton\/#primaryimage","url":"https:\/\/perle-in.com\/wp-content\/uploads\/2025\/09\/1PA08701-1.jpg","contentUrl":"https:\/\/perle-in.com\/wp-content\/uploads\/2025\/09\/1PA08701-1.jpg","width":1600,"height":1600},{"@type":"BreadcrumbList","@id":"https:\/\/perle-in.com\/produit\/prise-wi-fi-ew10-prixton\/#breadcrumb","itemListElement":[{"@type":"ListItem","position":1,"name":"Accueil","item":"https:\/\/perle-in.com\/"},{"@type":"ListItem","position":2,"name":"Boutique","item":"https:\/\/perle-in.com\/boutique\/"},{"@type":"ListItem","position":3,"name":"Prise Wi-Fi EW10 Prixton"}]},{"@type":"WebSite","@id":"https:\/\/perle-in.com\/#website","url":"https:\/\/perle-in.com\/","name":"PERLE IN","description":"","publisher":{"@id":"https:\/\/perle-in.com\/#organization"},"potentialAction":[{"@type":"SearchAction","target":{"@type":"EntryPoint","urlTemplate":"https:\/\/perle-in.com\/?s={search_term_string}"},"query-input":{"@type":"PropertyValueSpecification","valueRequired":true,"valueName":"search_term_string"}}],"inLanguage":"en-CA"},{"@type":"Organization","@id":"https:\/\/perle-in.com\/#organization","name":"PERLE IN","url":"https:\/\/perle-in.com\/","logo":{"@type":"ImageObject","inLanguage":"en-CA","@id":"https:\/\/perle-in.com\/#\/schema\/logo\/image\/","url":"https:\/\/perle-in.com\/wp-content\/uploads\/2022\/12\/LOGO-PERLE-IN-COULEUR@3x.webp","contentUrl":"https:\/\/perle-in.com\/wp-content\/uploads\/2022\/12\/LOGO-PERLE-IN-COULEUR@3x.webp","width":1600,"height":490,"caption":"PERLE IN"},"image":{"@id":"https:\/\/perle-in.com\/#\/schema\/logo\/image\/"}}]}},"jetpack_sharing_enabled":true,"_links":{"self":[{"href":"https:\/\/perle-in.com\/en\/wp-json\/wp\/v2\/product\/500026","targetHints":{"allow":["GET"]}}],"collection":[{"href":"https:\/\/perle-in.com\/en\/wp-json\/wp\/v2\/product"}],"about":[{"href":"https:\/\/perle-in.com\/en\/wp-json\/wp\/v2\/types\/product"}],"version-history":[{"count":0,"href":"https:\/\/perle-in.com\/en\/wp-json\/wp\/v2\/product\/500026\/revisions"}],"wp:featuredmedia":[{"embeddable":true,"href":"https:\/\/perle-in.com\/en\/wp-json\/wp\/v2\/media\/482825"}],"wp:attachment":[{"href":"https:\/\/perle-in.com\/en\/wp-json\/wp\/v2\/media?parent=500026"}],"wp:term":[{"taxonomy":"product_brand","embeddable":true,"href":"https:\/\/perle-in.com\/en\/wp-json\/wp\/v2\/product_brand?post=500026"},{"taxonomy":"product_cat","embeddable":true,"href":"https:\/\/perle-in.com\/en\/wp-json\/wp\/v2\/product_cat?post=500026"},{"taxonomy":"product_tag","embeddable":true,"href":"https:\/\/perle-in.com\/en\/wp-json\/wp\/v2\/product_tag?post=500026"}],"curies":[{"name":"wp","href":"https:\/\/api.w.org\/{rel}","templated":true}]}}