{"id":500024,"date":"2025-10-10T12:10:11","date_gmt":"2025-10-10T10:10:11","guid":{"rendered":"https:\/\/perle-in.com\/produit\/machine-a-cafe-prixton-verona\/"},"modified":"2025-10-10T12:10:12","modified_gmt":"2025-10-10T10:10:12","slug":"machine-a-cafe-prixton-verona","status":"publish","type":"product","link":"https:\/\/perle-in.com\/en\/product\/machine-a-cafe-prixton-verona\/","title":{"rendered":"Machine \u00e0 caf\u00e9 Prixton Verona"},"content":{"rendered":"","protected":false},"excerpt":{"rendered":"<p>Machine \u00e0 caf\u00e9 pour 1 ou 2\u00a0tasses avec vapeur r\u00e9glable pour chauffer et cr\u00e9er de la mousse. Plateau en aluminium sur le dessus \u00e9mettant de la chaleur pour garder les tasses au chaud. Syst\u00e8me de protection int\u00e9gr\u00e9 contre la surchauffe et l&#8217;exc\u00e8s de pression. Porte-filtre \u00e0 double couche en acier inoxydable pour donner une saveur et un ar\u00f4me uniques \u00e0 chaque tasse de caf\u00e9. Moteur de 850\u00a0W. Pompe italienne avec pression de 20\u00a0bar. Chauffe-eau int\u00e9rieur en aluminium haute r\u00e9sistance. Fonction automatique. 4\u00a0boutons lumineux : marche\/arr\u00eat, 1\u00a0tasse, 2\u00a0tasses et vapeur.<\/p>","protected":false},"featured_media":482816,"template":"","meta":{"_eb_attr":""},"product_brand":[],"product_cat":[460,150],"product_tag":[861,860,862,783],"class_list":{"0":"post-500024","1":"product","2":"type-product","3":"status-publish","4":"has-post-thumbnail","6":"product_cat-accessoires-pour-la-maison","7":"product_cat-maison-et-cuisine","8":"product_tag-cuisine","9":"product_tag-machine-a-cafe","10":"product_tag-maison","11":"product_tag-prixton","12":"pa_couleurs-argent","14":"first","15":"instock","16":"shipping-taxable","17":"purchasable","18":"product-type-variable"},"yoast_head":"<!-- This site is optimized with the Yoast SEO plugin v27.4 - https:\/\/yoast.com\/product\/yoast-seo-wordpress\/ -->\n<title>Machine \u00e0 caf\u00e9 Prixton Verona - PERLE IN<\/title>\n<meta name=\"robots\" content=\"noindex, follow, max-snippet:-1, max-image-preview:large, max-video-preview:-1\" \/>\n<meta property=\"og:locale\" content=\"en_US\" \/>\n<meta property=\"og:type\" content=\"article\" \/>\n<meta property=\"og:title\" content=\"Machine \u00e0 caf\u00e9 Prixton Verona - PERLE IN\" \/>\n<meta property=\"og:description\" content=\"Machine \u00e0 caf\u00e9 pour 1 ou 2\u00a0tasses avec vapeur r\u00e9glable pour chauffer et cr\u00e9er de la mousse. Plateau en aluminium sur le dessus \u00e9mettant de la chaleur pour garder les tasses au chaud. Syst\u00e8me de protection int\u00e9gr\u00e9 contre la surchauffe et l&#039;exc\u00e8s de pression. Porte-filtre \u00e0 double couche en acier inoxydable pour donner une saveur et un ar\u00f4me uniques \u00e0 chaque tasse de caf\u00e9. Moteur de 850\u00a0W. Pompe italienne avec pression de 20\u00a0bar. Chauffe-eau int\u00e9rieur en aluminium haute r\u00e9sistance. Fonction automatique. 4\u00a0boutons lumineux : marche\/arr\u00eat, 1\u00a0tasse, 2\u00a0tasses et vapeur.\" \/>\n<meta property=\"og:url\" content=\"https:\/\/perle-in.com\/en\/product\/machine-a-cafe-prixton-verona\/\" \/>\n<meta property=\"og:site_name\" content=\"PERLE IN\" \/>\n<meta property=\"article:modified_time\" content=\"2025-10-10T10:10:12+00:00\" \/>\n<meta property=\"og:image\" content=\"https:\/\/perle-in.com\/wp-content\/uploads\/2025\/09\/1PA08481-1.jpg\" \/>\n\t<meta property=\"og:image:width\" content=\"1600\" \/>\n\t<meta property=\"og:image:height\" content=\"1600\" \/>\n\t<meta property=\"og:image:type\" content=\"image\/jpeg\" \/>\n<meta name=\"twitter:card\" content=\"summary_large_image\" \/>\n<script type=\"application\/ld+json\" class=\"yoast-schema-graph\">{\"@context\":\"https:\\\/\\\/schema.org\",\"@graph\":[{\"@type\":\"WebPage\",\"@id\":\"https:\\\/\\\/perle-in.com\\\/produit\\\/machine-a-cafe-prixton-verona\\\/\",\"url\":\"https:\\\/\\\/perle-in.com\\\/produit\\\/machine-a-cafe-prixton-verona\\\/\",\"name\":\"Machine \u00e0 caf\u00e9 Prixton Verona - PERLE IN\",\"isPartOf\":{\"@id\":\"https:\\\/\\\/perle-in.com\\\/#website\"},\"primaryImageOfPage\":{\"@id\":\"https:\\\/\\\/perle-in.com\\\/produit\\\/machine-a-cafe-prixton-verona\\\/#primaryimage\"},\"image\":{\"@id\":\"https:\\\/\\\/perle-in.com\\\/produit\\\/machine-a-cafe-prixton-verona\\\/#primaryimage\"},\"thumbnailUrl\":\"https:\\\/\\\/perle-in.com\\\/wp-content\\\/uploads\\\/2025\\\/09\\\/1PA08481-1.jpg\",\"datePublished\":\"2025-10-10T10:10:11+00:00\",\"dateModified\":\"2025-10-10T10:10:12+00:00\",\"breadcrumb\":{\"@id\":\"https:\\\/\\\/perle-in.com\\\/produit\\\/machine-a-cafe-prixton-verona\\\/#breadcrumb\"},\"inLanguage\":\"en-CA\",\"potentialAction\":[{\"@type\":\"ReadAction\",\"target\":[\"https:\\\/\\\/perle-in.com\\\/produit\\\/machine-a-cafe-prixton-verona\\\/\"]}]},{\"@type\":\"ImageObject\",\"inLanguage\":\"en-CA\",\"@id\":\"https:\\\/\\\/perle-in.com\\\/produit\\\/machine-a-cafe-prixton-verona\\\/#primaryimage\",\"url\":\"https:\\\/\\\/perle-in.com\\\/wp-content\\\/uploads\\\/2025\\\/09\\\/1PA08481-1.jpg\",\"contentUrl\":\"https:\\\/\\\/perle-in.com\\\/wp-content\\\/uploads\\\/2025\\\/09\\\/1PA08481-1.jpg\",\"width\":1600,\"height\":1600},{\"@type\":\"BreadcrumbList\",\"@id\":\"https:\\\/\\\/perle-in.com\\\/produit\\\/machine-a-cafe-prixton-verona\\\/#breadcrumb\",\"itemListElement\":[{\"@type\":\"ListItem\",\"position\":1,\"name\":\"Accueil\",\"item\":\"https:\\\/\\\/perle-in.com\\\/\"},{\"@type\":\"ListItem\",\"position\":2,\"name\":\"Boutique\",\"item\":\"https:\\\/\\\/perle-in.com\\\/boutique\\\/\"},{\"@type\":\"ListItem\",\"position\":3,\"name\":\"Machine \u00e0 caf\u00e9 Prixton Verona\"}]},{\"@type\":\"WebSite\",\"@id\":\"https:\\\/\\\/perle-in.com\\\/#website\",\"url\":\"https:\\\/\\\/perle-in.com\\\/\",\"name\":\"PERLE IN\",\"description\":\"\",\"publisher\":{\"@id\":\"https:\\\/\\\/perle-in.com\\\/#organization\"},\"potentialAction\":[{\"@type\":\"SearchAction\",\"target\":{\"@type\":\"EntryPoint\",\"urlTemplate\":\"https:\\\/\\\/perle-in.com\\\/?s={search_term_string}\"},\"query-input\":{\"@type\":\"PropertyValueSpecification\",\"valueRequired\":true,\"valueName\":\"search_term_string\"}}],\"inLanguage\":\"en-CA\"},{\"@type\":\"Organization\",\"@id\":\"https:\\\/\\\/perle-in.com\\\/#organization\",\"name\":\"PERLE IN\",\"url\":\"https:\\\/\\\/perle-in.com\\\/\",\"logo\":{\"@type\":\"ImageObject\",\"inLanguage\":\"en-CA\",\"@id\":\"https:\\\/\\\/perle-in.com\\\/#\\\/schema\\\/logo\\\/image\\\/\",\"url\":\"https:\\\/\\\/perle-in.com\\\/wp-content\\\/uploads\\\/2022\\\/12\\\/LOGO-PERLE-IN-COULEUR@3x.webp\",\"contentUrl\":\"https:\\\/\\\/perle-in.com\\\/wp-content\\\/uploads\\\/2022\\\/12\\\/LOGO-PERLE-IN-COULEUR@3x.webp\",\"width\":1600,\"height\":490,\"caption\":\"PERLE IN\"},\"image\":{\"@id\":\"https:\\\/\\\/perle-in.com\\\/#\\\/schema\\\/logo\\\/image\\\/\"}}]}<\/script>\n<!-- \/ Yoast SEO plugin. -->","yoast_head_json":{"title":"Machine \u00e0 caf\u00e9 Prixton Verona - PERLE IN","robots":{"index":"noindex","follow":"follow","max-snippet":"max-snippet:-1","max-image-preview":"max-image-preview:large","max-video-preview":"max-video-preview:-1"},"og_locale":"en_US","og_type":"article","og_title":"Machine \u00e0 caf\u00e9 Prixton Verona - PERLE IN","og_description":"Machine \u00e0 caf\u00e9 pour 1 ou 2\u00a0tasses avec vapeur r\u00e9glable pour chauffer et cr\u00e9er de la mousse. Plateau en aluminium sur le dessus \u00e9mettant de la chaleur pour garder les tasses au chaud. Syst\u00e8me de protection int\u00e9gr\u00e9 contre la surchauffe et l'exc\u00e8s de pression. Porte-filtre \u00e0 double couche en acier inoxydable pour donner une saveur et un ar\u00f4me uniques \u00e0 chaque tasse de caf\u00e9. Moteur de 850\u00a0W. Pompe italienne avec pression de 20\u00a0bar. Chauffe-eau int\u00e9rieur en aluminium haute r\u00e9sistance. Fonction automatique. 4\u00a0boutons lumineux : marche\/arr\u00eat, 1\u00a0tasse, 2\u00a0tasses et vapeur.","og_url":"https:\/\/perle-in.com\/en\/product\/machine-a-cafe-prixton-verona\/","og_site_name":"PERLE IN","article_modified_time":"2025-10-10T10:10:12+00:00","og_image":[{"width":1600,"height":1600,"url":"https:\/\/perle-in.com\/wp-content\/uploads\/2025\/09\/1PA08481-1.jpg","type":"image\/jpeg"}],"twitter_card":"summary_large_image","schema":{"@context":"https:\/\/schema.org","@graph":[{"@type":"WebPage","@id":"https:\/\/perle-in.com\/produit\/machine-a-cafe-prixton-verona\/","url":"https:\/\/perle-in.com\/produit\/machine-a-cafe-prixton-verona\/","name":"Machine \u00e0 caf\u00e9 Prixton Verona - PERLE IN","isPartOf":{"@id":"https:\/\/perle-in.com\/#website"},"primaryImageOfPage":{"@id":"https:\/\/perle-in.com\/produit\/machine-a-cafe-prixton-verona\/#primaryimage"},"image":{"@id":"https:\/\/perle-in.com\/produit\/machine-a-cafe-prixton-verona\/#primaryimage"},"thumbnailUrl":"https:\/\/perle-in.com\/wp-content\/uploads\/2025\/09\/1PA08481-1.jpg","datePublished":"2025-10-10T10:10:11+00:00","dateModified":"2025-10-10T10:10:12+00:00","breadcrumb":{"@id":"https:\/\/perle-in.com\/produit\/machine-a-cafe-prixton-verona\/#breadcrumb"},"inLanguage":"en-CA","potentialAction":[{"@type":"ReadAction","target":["https:\/\/perle-in.com\/produit\/machine-a-cafe-prixton-verona\/"]}]},{"@type":"ImageObject","inLanguage":"en-CA","@id":"https:\/\/perle-in.com\/produit\/machine-a-cafe-prixton-verona\/#primaryimage","url":"https:\/\/perle-in.com\/wp-content\/uploads\/2025\/09\/1PA08481-1.jpg","contentUrl":"https:\/\/perle-in.com\/wp-content\/uploads\/2025\/09\/1PA08481-1.jpg","width":1600,"height":1600},{"@type":"BreadcrumbList","@id":"https:\/\/perle-in.com\/produit\/machine-a-cafe-prixton-verona\/#breadcrumb","itemListElement":[{"@type":"ListItem","position":1,"name":"Accueil","item":"https:\/\/perle-in.com\/"},{"@type":"ListItem","position":2,"name":"Boutique","item":"https:\/\/perle-in.com\/boutique\/"},{"@type":"ListItem","position":3,"name":"Machine \u00e0 caf\u00e9 Prixton Verona"}]},{"@type":"WebSite","@id":"https:\/\/perle-in.com\/#website","url":"https:\/\/perle-in.com\/","name":"PERLE IN","description":"","publisher":{"@id":"https:\/\/perle-in.com\/#organization"},"potentialAction":[{"@type":"SearchAction","target":{"@type":"EntryPoint","urlTemplate":"https:\/\/perle-in.com\/?s={search_term_string}"},"query-input":{"@type":"PropertyValueSpecification","valueRequired":true,"valueName":"search_term_string"}}],"inLanguage":"en-CA"},{"@type":"Organization","@id":"https:\/\/perle-in.com\/#organization","name":"PERLE IN","url":"https:\/\/perle-in.com\/","logo":{"@type":"ImageObject","inLanguage":"en-CA","@id":"https:\/\/perle-in.com\/#\/schema\/logo\/image\/","url":"https:\/\/perle-in.com\/wp-content\/uploads\/2022\/12\/LOGO-PERLE-IN-COULEUR@3x.webp","contentUrl":"https:\/\/perle-in.com\/wp-content\/uploads\/2022\/12\/LOGO-PERLE-IN-COULEUR@3x.webp","width":1600,"height":490,"caption":"PERLE IN"},"image":{"@id":"https:\/\/perle-in.com\/#\/schema\/logo\/image\/"}}]}},"jetpack_sharing_enabled":true,"_links":{"self":[{"href":"https:\/\/perle-in.com\/en\/wp-json\/wp\/v2\/product\/500024","targetHints":{"allow":["GET"]}}],"collection":[{"href":"https:\/\/perle-in.com\/en\/wp-json\/wp\/v2\/product"}],"about":[{"href":"https:\/\/perle-in.com\/en\/wp-json\/wp\/v2\/types\/product"}],"version-history":[{"count":0,"href":"https:\/\/perle-in.com\/en\/wp-json\/wp\/v2\/product\/500024\/revisions"}],"wp:featuredmedia":[{"embeddable":true,"href":"https:\/\/perle-in.com\/en\/wp-json\/wp\/v2\/media\/482816"}],"wp:attachment":[{"href":"https:\/\/perle-in.com\/en\/wp-json\/wp\/v2\/media?parent=500024"}],"wp:term":[{"taxonomy":"product_brand","embeddable":true,"href":"https:\/\/perle-in.com\/en\/wp-json\/wp\/v2\/product_brand?post=500024"},{"taxonomy":"product_cat","embeddable":true,"href":"https:\/\/perle-in.com\/en\/wp-json\/wp\/v2\/product_cat?post=500024"},{"taxonomy":"product_tag","embeddable":true,"href":"https:\/\/perle-in.com\/en\/wp-json\/wp\/v2\/product_tag?post=500024"}],"curies":[{"name":"wp","href":"https:\/\/api.w.org\/{rel}","templated":true}]}}