{"id":500021,"date":"2025-10-10T12:09:53","date_gmt":"2025-10-10T10:09:53","guid":{"rendered":"https:\/\/perle-in.com\/produit\/projecteur-de-cinema-deluxe-prixton\/"},"modified":"2025-10-10T12:09:54","modified_gmt":"2025-10-10T10:09:54","slug":"projecteur-de-cinema-deluxe-prixton","status":"publish","type":"product","link":"https:\/\/perle-in.com\/en\/product\/projecteur-de-cinema-deluxe-prixton\/","title":{"rendered":"Projecteur de cin\u00e9ma deluxe Prixton"},"content":{"rendered":"","protected":false},"excerpt":{"rendered":"<p>Fonction multim\u00e9dia pour les vid\u00e9os, les fichiers audio, photo et texte via USB 2.0, carte TF, HDMI, AV IN. Connexion WIFI avec les syst\u00e8mes d\u2019exploitation Android. Il est \u00e9galement compatible avec Chromecast via iOS et Android. Haut-parleur 5\u00a0W. Bluetooth 5.0 compatible avec l\u2019audio. Contenu Full HD. R\u00e9solution effective 1\u00a0280\u00a0x\u00a0720. \u00c9clairage jusqu\u2019\u00e0 7\u00a0000\u00a0lumens. Dimensions de la projection\u00a0: 84\u00a0cm \u00e0 584\u00a0cm 16:9\/4:3. Distance de projection\u00a0: 1\u00a0&#8211;\u00a06\u00a0m\u00e8tres. Connexions VGA, 2\u00a0HDMI, USB\u00a02.0, TF, jack, AV IN, DC IN.<\/p>","protected":false},"featured_media":482809,"template":"","meta":{"_eb_attr":""},"product_brand":[],"product_cat":[460,150],"product_tag":[853,858,857,855,856,854],"class_list":{"0":"post-500021","1":"product","2":"type-product","3":"status-publish","4":"has-post-thumbnail","6":"product_cat-accessoires-pour-la-maison","7":"product_cat-maison-et-cuisine","8":"product_tag-cinema","9":"product_tag-film","10":"product_tag-films","11":"product_tag-home-cinema","12":"product_tag-loisirs","13":"product_tag-projecteur","14":"pa_couleurs-noir","16":"first","17":"instock","18":"shipping-taxable","19":"purchasable","20":"product-type-variable"},"yoast_head":"<!-- This site is optimized with the Yoast SEO plugin v27.4 - https:\/\/yoast.com\/product\/yoast-seo-wordpress\/ -->\n<title>Projecteur de cin\u00e9ma deluxe Prixton - PERLE IN<\/title>\n<meta name=\"robots\" content=\"noindex, follow, max-snippet:-1, max-image-preview:large, max-video-preview:-1\" \/>\n<meta property=\"og:locale\" content=\"en_US\" \/>\n<meta property=\"og:type\" content=\"article\" \/>\n<meta property=\"og:title\" content=\"Projecteur de cin\u00e9ma deluxe Prixton - PERLE IN\" \/>\n<meta property=\"og:description\" content=\"Fonction multim\u00e9dia pour les vid\u00e9os, les fichiers audio, photo et texte via USB 2.0, carte TF, HDMI, AV IN. Connexion WIFI avec les syst\u00e8mes d\u2019exploitation Android. Il est \u00e9galement compatible avec Chromecast via iOS et Android. Haut-parleur 5\u00a0W. Bluetooth 5.0 compatible avec l\u2019audio. Contenu Full HD. R\u00e9solution effective 1\u00a0280\u00a0x\u00a0720. \u00c9clairage jusqu\u2019\u00e0 7\u00a0000\u00a0lumens. Dimensions de la projection\u00a0: 84\u00a0cm \u00e0 584\u00a0cm 16:9\/4:3. Distance de projection\u00a0: 1\u00a0-\u00a06\u00a0m\u00e8tres. Connexions VGA, 2\u00a0HDMI, USB\u00a02.0, TF, jack, AV IN, DC IN.\" \/>\n<meta property=\"og:url\" content=\"https:\/\/perle-in.com\/en\/product\/projecteur-de-cinema-deluxe-prixton\/\" \/>\n<meta property=\"og:site_name\" content=\"PERLE IN\" \/>\n<meta property=\"article:modified_time\" content=\"2025-10-10T10:09:54+00:00\" \/>\n<meta property=\"og:image\" content=\"https:\/\/perle-in.com\/wp-content\/uploads\/2025\/09\/1PA07590-2.jpg\" \/>\n\t<meta property=\"og:image:width\" content=\"1600\" \/>\n\t<meta property=\"og:image:height\" content=\"1600\" \/>\n\t<meta property=\"og:image:type\" content=\"image\/jpeg\" \/>\n<meta name=\"twitter:card\" content=\"summary_large_image\" \/>\n<script type=\"application\/ld+json\" class=\"yoast-schema-graph\">{\"@context\":\"https:\\\/\\\/schema.org\",\"@graph\":[{\"@type\":\"WebPage\",\"@id\":\"https:\\\/\\\/perle-in.com\\\/produit\\\/projecteur-de-cinema-deluxe-prixton\\\/\",\"url\":\"https:\\\/\\\/perle-in.com\\\/produit\\\/projecteur-de-cinema-deluxe-prixton\\\/\",\"name\":\"Projecteur de cin\u00e9ma deluxe Prixton - PERLE IN\",\"isPartOf\":{\"@id\":\"https:\\\/\\\/perle-in.com\\\/#website\"},\"primaryImageOfPage\":{\"@id\":\"https:\\\/\\\/perle-in.com\\\/produit\\\/projecteur-de-cinema-deluxe-prixton\\\/#primaryimage\"},\"image\":{\"@id\":\"https:\\\/\\\/perle-in.com\\\/produit\\\/projecteur-de-cinema-deluxe-prixton\\\/#primaryimage\"},\"thumbnailUrl\":\"https:\\\/\\\/perle-in.com\\\/wp-content\\\/uploads\\\/2025\\\/09\\\/1PA07590-2.jpg\",\"datePublished\":\"2025-10-10T10:09:53+00:00\",\"dateModified\":\"2025-10-10T10:09:54+00:00\",\"breadcrumb\":{\"@id\":\"https:\\\/\\\/perle-in.com\\\/produit\\\/projecteur-de-cinema-deluxe-prixton\\\/#breadcrumb\"},\"inLanguage\":\"en-CA\",\"potentialAction\":[{\"@type\":\"ReadAction\",\"target\":[\"https:\\\/\\\/perle-in.com\\\/produit\\\/projecteur-de-cinema-deluxe-prixton\\\/\"]}]},{\"@type\":\"ImageObject\",\"inLanguage\":\"en-CA\",\"@id\":\"https:\\\/\\\/perle-in.com\\\/produit\\\/projecteur-de-cinema-deluxe-prixton\\\/#primaryimage\",\"url\":\"https:\\\/\\\/perle-in.com\\\/wp-content\\\/uploads\\\/2025\\\/09\\\/1PA07590-2.jpg\",\"contentUrl\":\"https:\\\/\\\/perle-in.com\\\/wp-content\\\/uploads\\\/2025\\\/09\\\/1PA07590-2.jpg\",\"width\":1600,\"height\":1600},{\"@type\":\"BreadcrumbList\",\"@id\":\"https:\\\/\\\/perle-in.com\\\/produit\\\/projecteur-de-cinema-deluxe-prixton\\\/#breadcrumb\",\"itemListElement\":[{\"@type\":\"ListItem\",\"position\":1,\"name\":\"Accueil\",\"item\":\"https:\\\/\\\/perle-in.com\\\/\"},{\"@type\":\"ListItem\",\"position\":2,\"name\":\"Boutique\",\"item\":\"https:\\\/\\\/perle-in.com\\\/boutique\\\/\"},{\"@type\":\"ListItem\",\"position\":3,\"name\":\"Projecteur de cin\u00e9ma deluxe Prixton\"}]},{\"@type\":\"WebSite\",\"@id\":\"https:\\\/\\\/perle-in.com\\\/#website\",\"url\":\"https:\\\/\\\/perle-in.com\\\/\",\"name\":\"PERLE IN\",\"description\":\"\",\"publisher\":{\"@id\":\"https:\\\/\\\/perle-in.com\\\/#organization\"},\"potentialAction\":[{\"@type\":\"SearchAction\",\"target\":{\"@type\":\"EntryPoint\",\"urlTemplate\":\"https:\\\/\\\/perle-in.com\\\/?s={search_term_string}\"},\"query-input\":{\"@type\":\"PropertyValueSpecification\",\"valueRequired\":true,\"valueName\":\"search_term_string\"}}],\"inLanguage\":\"en-CA\"},{\"@type\":\"Organization\",\"@id\":\"https:\\\/\\\/perle-in.com\\\/#organization\",\"name\":\"PERLE IN\",\"url\":\"https:\\\/\\\/perle-in.com\\\/\",\"logo\":{\"@type\":\"ImageObject\",\"inLanguage\":\"en-CA\",\"@id\":\"https:\\\/\\\/perle-in.com\\\/#\\\/schema\\\/logo\\\/image\\\/\",\"url\":\"https:\\\/\\\/perle-in.com\\\/wp-content\\\/uploads\\\/2022\\\/12\\\/LOGO-PERLE-IN-COULEUR@3x.webp\",\"contentUrl\":\"https:\\\/\\\/perle-in.com\\\/wp-content\\\/uploads\\\/2022\\\/12\\\/LOGO-PERLE-IN-COULEUR@3x.webp\",\"width\":1600,\"height\":490,\"caption\":\"PERLE IN\"},\"image\":{\"@id\":\"https:\\\/\\\/perle-in.com\\\/#\\\/schema\\\/logo\\\/image\\\/\"}}]}<\/script>\n<!-- \/ Yoast SEO plugin. -->","yoast_head_json":{"title":"Projecteur de cin\u00e9ma deluxe Prixton - PERLE IN","robots":{"index":"noindex","follow":"follow","max-snippet":"max-snippet:-1","max-image-preview":"max-image-preview:large","max-video-preview":"max-video-preview:-1"},"og_locale":"en_US","og_type":"article","og_title":"Projecteur de cin\u00e9ma deluxe Prixton - PERLE IN","og_description":"Fonction multim\u00e9dia pour les vid\u00e9os, les fichiers audio, photo et texte via USB 2.0, carte TF, HDMI, AV IN. Connexion WIFI avec les syst\u00e8mes d\u2019exploitation Android. Il est \u00e9galement compatible avec Chromecast via iOS et Android. Haut-parleur 5\u00a0W. Bluetooth 5.0 compatible avec l\u2019audio. Contenu Full HD. R\u00e9solution effective 1\u00a0280\u00a0x\u00a0720. \u00c9clairage jusqu\u2019\u00e0 7\u00a0000\u00a0lumens. Dimensions de la projection\u00a0: 84\u00a0cm \u00e0 584\u00a0cm 16:9\/4:3. Distance de projection\u00a0: 1\u00a0-\u00a06\u00a0m\u00e8tres. Connexions VGA, 2\u00a0HDMI, USB\u00a02.0, TF, jack, AV IN, DC IN.","og_url":"https:\/\/perle-in.com\/en\/product\/projecteur-de-cinema-deluxe-prixton\/","og_site_name":"PERLE IN","article_modified_time":"2025-10-10T10:09:54+00:00","og_image":[{"width":1600,"height":1600,"url":"https:\/\/perle-in.com\/wp-content\/uploads\/2025\/09\/1PA07590-2.jpg","type":"image\/jpeg"}],"twitter_card":"summary_large_image","schema":{"@context":"https:\/\/schema.org","@graph":[{"@type":"WebPage","@id":"https:\/\/perle-in.com\/produit\/projecteur-de-cinema-deluxe-prixton\/","url":"https:\/\/perle-in.com\/produit\/projecteur-de-cinema-deluxe-prixton\/","name":"Projecteur de cin\u00e9ma deluxe Prixton - PERLE IN","isPartOf":{"@id":"https:\/\/perle-in.com\/#website"},"primaryImageOfPage":{"@id":"https:\/\/perle-in.com\/produit\/projecteur-de-cinema-deluxe-prixton\/#primaryimage"},"image":{"@id":"https:\/\/perle-in.com\/produit\/projecteur-de-cinema-deluxe-prixton\/#primaryimage"},"thumbnailUrl":"https:\/\/perle-in.com\/wp-content\/uploads\/2025\/09\/1PA07590-2.jpg","datePublished":"2025-10-10T10:09:53+00:00","dateModified":"2025-10-10T10:09:54+00:00","breadcrumb":{"@id":"https:\/\/perle-in.com\/produit\/projecteur-de-cinema-deluxe-prixton\/#breadcrumb"},"inLanguage":"en-CA","potentialAction":[{"@type":"ReadAction","target":["https:\/\/perle-in.com\/produit\/projecteur-de-cinema-deluxe-prixton\/"]}]},{"@type":"ImageObject","inLanguage":"en-CA","@id":"https:\/\/perle-in.com\/produit\/projecteur-de-cinema-deluxe-prixton\/#primaryimage","url":"https:\/\/perle-in.com\/wp-content\/uploads\/2025\/09\/1PA07590-2.jpg","contentUrl":"https:\/\/perle-in.com\/wp-content\/uploads\/2025\/09\/1PA07590-2.jpg","width":1600,"height":1600},{"@type":"BreadcrumbList","@id":"https:\/\/perle-in.com\/produit\/projecteur-de-cinema-deluxe-prixton\/#breadcrumb","itemListElement":[{"@type":"ListItem","position":1,"name":"Accueil","item":"https:\/\/perle-in.com\/"},{"@type":"ListItem","position":2,"name":"Boutique","item":"https:\/\/perle-in.com\/boutique\/"},{"@type":"ListItem","position":3,"name":"Projecteur de cin\u00e9ma deluxe Prixton"}]},{"@type":"WebSite","@id":"https:\/\/perle-in.com\/#website","url":"https:\/\/perle-in.com\/","name":"PERLE IN","description":"","publisher":{"@id":"https:\/\/perle-in.com\/#organization"},"potentialAction":[{"@type":"SearchAction","target":{"@type":"EntryPoint","urlTemplate":"https:\/\/perle-in.com\/?s={search_term_string}"},"query-input":{"@type":"PropertyValueSpecification","valueRequired":true,"valueName":"search_term_string"}}],"inLanguage":"en-CA"},{"@type":"Organization","@id":"https:\/\/perle-in.com\/#organization","name":"PERLE IN","url":"https:\/\/perle-in.com\/","logo":{"@type":"ImageObject","inLanguage":"en-CA","@id":"https:\/\/perle-in.com\/#\/schema\/logo\/image\/","url":"https:\/\/perle-in.com\/wp-content\/uploads\/2022\/12\/LOGO-PERLE-IN-COULEUR@3x.webp","contentUrl":"https:\/\/perle-in.com\/wp-content\/uploads\/2022\/12\/LOGO-PERLE-IN-COULEUR@3x.webp","width":1600,"height":490,"caption":"PERLE IN"},"image":{"@id":"https:\/\/perle-in.com\/#\/schema\/logo\/image\/"}}]}},"jetpack_sharing_enabled":true,"_links":{"self":[{"href":"https:\/\/perle-in.com\/en\/wp-json\/wp\/v2\/product\/500021","targetHints":{"allow":["GET"]}}],"collection":[{"href":"https:\/\/perle-in.com\/en\/wp-json\/wp\/v2\/product"}],"about":[{"href":"https:\/\/perle-in.com\/en\/wp-json\/wp\/v2\/types\/product"}],"version-history":[{"count":0,"href":"https:\/\/perle-in.com\/en\/wp-json\/wp\/v2\/product\/500021\/revisions"}],"wp:featuredmedia":[{"embeddable":true,"href":"https:\/\/perle-in.com\/en\/wp-json\/wp\/v2\/media\/482809"}],"wp:attachment":[{"href":"https:\/\/perle-in.com\/en\/wp-json\/wp\/v2\/media?parent=500021"}],"wp:term":[{"taxonomy":"product_brand","embeddable":true,"href":"https:\/\/perle-in.com\/en\/wp-json\/wp\/v2\/product_brand?post=500021"},{"taxonomy":"product_cat","embeddable":true,"href":"https:\/\/perle-in.com\/en\/wp-json\/wp\/v2\/product_cat?post=500021"},{"taxonomy":"product_tag","embeddable":true,"href":"https:\/\/perle-in.com\/en\/wp-json\/wp\/v2\/product_tag?post=500021"}],"curies":[{"name":"wp","href":"https:\/\/api.w.org\/{rel}","templated":true}]}}