{"id":500019,"date":"2025-10-10T12:09:36","date_gmt":"2025-10-10T10:09:36","guid":{"rendered":"https:\/\/perle-in.com\/produit\/aspirateur-robot-prixton\/"},"modified":"2025-10-10T12:09:37","modified_gmt":"2025-10-10T10:09:37","slug":"aspirateur-robot-prixton","status":"publish","type":"product","link":"https:\/\/perle-in.com\/en\/product\/aspirateur-robot-prixton\/","title":{"rendered":"Aspirateur robot Prixton"},"content":{"rendered":"","protected":false},"excerpt":{"rendered":"<p>Aspirateur ultra-fin, sp\u00e9cialis\u00e9 dans le nettoyage quotidien de la poussi\u00e8re. Cet aspirateur est compatible avec le Wi-Fi et les applications. Vous pouvez contr\u00f4ler toutes les fonctions \u00e0 distance \u00e0 partir de votre mobile. Cet aspirateur est compatible avec l\u2019assistant vocal Alexa. Puissance 20\u00a0W. Puissance d\u2019aspiration 350\u00a0PA\/ 1\u00a0000\u00a0PA maximum. Modes de nettoyage automatique. Assistant vocal Amazon Alexa. Batterie 2\u00a0000\u00a0mAh, charge en 4\u00a0&#8211;\u00a05\u00a0heures. Capteurs anti-collision et anti-chute int\u00e9gr\u00e9s.<\/p>","protected":false},"featured_media":482798,"template":"","meta":{"_eb_attr":""},"product_brand":[],"product_cat":[460,150],"product_tag":[848,851,677,850,849],"class_list":{"0":"post-500019","1":"product","2":"type-product","3":"status-publish","4":"has-post-thumbnail","6":"product_cat-accessoires-pour-la-maison","7":"product_cat-maison-et-cuisine","8":"product_tag-aspirateur","9":"product_tag-menage","10":"product_tag-nettoyage","11":"product_tag-poussiere","12":"product_tag-robot","13":"pa_couleurs-noir-noir","15":"first","16":"outofstock","17":"shipping-taxable","18":"purchasable","19":"product-type-variable"},"yoast_head":"<!-- This site is optimized with the Yoast SEO plugin v27.4 - https:\/\/yoast.com\/product\/yoast-seo-wordpress\/ -->\n<title>Aspirateur robot Prixton - PERLE IN<\/title>\n<meta name=\"robots\" content=\"noindex, follow, max-snippet:-1, max-image-preview:large, max-video-preview:-1\" \/>\n<meta property=\"og:locale\" content=\"en_US\" \/>\n<meta property=\"og:type\" content=\"article\" \/>\n<meta property=\"og:title\" content=\"Aspirateur robot Prixton - PERLE IN\" \/>\n<meta property=\"og:description\" content=\"Aspirateur ultra-fin, sp\u00e9cialis\u00e9 dans le nettoyage quotidien de la poussi\u00e8re. Cet aspirateur est compatible avec le Wi-Fi et les applications. Vous pouvez contr\u00f4ler toutes les fonctions \u00e0 distance \u00e0 partir de votre mobile. Cet aspirateur est compatible avec l\u2019assistant vocal Alexa. Puissance 20\u00a0W. Puissance d\u2019aspiration 350\u00a0PA\/ 1\u00a0000\u00a0PA maximum. Modes de nettoyage automatique. Assistant vocal Amazon Alexa. Batterie 2\u00a0000\u00a0mAh, charge en 4\u00a0-\u00a05\u00a0heures. Capteurs anti-collision et anti-chute int\u00e9gr\u00e9s.\" \/>\n<meta property=\"og:url\" content=\"https:\/\/perle-in.com\/en\/product\/aspirateur-robot-prixton\/\" \/>\n<meta property=\"og:site_name\" content=\"PERLE IN\" \/>\n<meta property=\"article:modified_time\" content=\"2025-10-10T10:09:37+00:00\" \/>\n<meta property=\"og:image\" content=\"https:\/\/perle-in.com\/wp-content\/uploads\/2025\/09\/1PA07490-2.jpg\" \/>\n\t<meta property=\"og:image:width\" content=\"1600\" \/>\n\t<meta property=\"og:image:height\" content=\"1600\" \/>\n\t<meta property=\"og:image:type\" content=\"image\/jpeg\" \/>\n<meta name=\"twitter:card\" content=\"summary_large_image\" \/>\n<script type=\"application\/ld+json\" class=\"yoast-schema-graph\">{\"@context\":\"https:\\\/\\\/schema.org\",\"@graph\":[{\"@type\":\"WebPage\",\"@id\":\"https:\\\/\\\/perle-in.com\\\/produit\\\/aspirateur-robot-prixton\\\/\",\"url\":\"https:\\\/\\\/perle-in.com\\\/produit\\\/aspirateur-robot-prixton\\\/\",\"name\":\"Aspirateur robot Prixton - PERLE IN\",\"isPartOf\":{\"@id\":\"https:\\\/\\\/perle-in.com\\\/#website\"},\"primaryImageOfPage\":{\"@id\":\"https:\\\/\\\/perle-in.com\\\/produit\\\/aspirateur-robot-prixton\\\/#primaryimage\"},\"image\":{\"@id\":\"https:\\\/\\\/perle-in.com\\\/produit\\\/aspirateur-robot-prixton\\\/#primaryimage\"},\"thumbnailUrl\":\"https:\\\/\\\/perle-in.com\\\/wp-content\\\/uploads\\\/2025\\\/09\\\/1PA07490-2.jpg\",\"datePublished\":\"2025-10-10T10:09:36+00:00\",\"dateModified\":\"2025-10-10T10:09:37+00:00\",\"breadcrumb\":{\"@id\":\"https:\\\/\\\/perle-in.com\\\/produit\\\/aspirateur-robot-prixton\\\/#breadcrumb\"},\"inLanguage\":\"en-CA\",\"potentialAction\":[{\"@type\":\"ReadAction\",\"target\":[\"https:\\\/\\\/perle-in.com\\\/produit\\\/aspirateur-robot-prixton\\\/\"]}]},{\"@type\":\"ImageObject\",\"inLanguage\":\"en-CA\",\"@id\":\"https:\\\/\\\/perle-in.com\\\/produit\\\/aspirateur-robot-prixton\\\/#primaryimage\",\"url\":\"https:\\\/\\\/perle-in.com\\\/wp-content\\\/uploads\\\/2025\\\/09\\\/1PA07490-2.jpg\",\"contentUrl\":\"https:\\\/\\\/perle-in.com\\\/wp-content\\\/uploads\\\/2025\\\/09\\\/1PA07490-2.jpg\",\"width\":1600,\"height\":1600},{\"@type\":\"BreadcrumbList\",\"@id\":\"https:\\\/\\\/perle-in.com\\\/produit\\\/aspirateur-robot-prixton\\\/#breadcrumb\",\"itemListElement\":[{\"@type\":\"ListItem\",\"position\":1,\"name\":\"Accueil\",\"item\":\"https:\\\/\\\/perle-in.com\\\/\"},{\"@type\":\"ListItem\",\"position\":2,\"name\":\"Boutique\",\"item\":\"https:\\\/\\\/perle-in.com\\\/boutique\\\/\"},{\"@type\":\"ListItem\",\"position\":3,\"name\":\"Aspirateur robot Prixton\"}]},{\"@type\":\"WebSite\",\"@id\":\"https:\\\/\\\/perle-in.com\\\/#website\",\"url\":\"https:\\\/\\\/perle-in.com\\\/\",\"name\":\"PERLE IN\",\"description\":\"\",\"publisher\":{\"@id\":\"https:\\\/\\\/perle-in.com\\\/#organization\"},\"potentialAction\":[{\"@type\":\"SearchAction\",\"target\":{\"@type\":\"EntryPoint\",\"urlTemplate\":\"https:\\\/\\\/perle-in.com\\\/?s={search_term_string}\"},\"query-input\":{\"@type\":\"PropertyValueSpecification\",\"valueRequired\":true,\"valueName\":\"search_term_string\"}}],\"inLanguage\":\"en-CA\"},{\"@type\":\"Organization\",\"@id\":\"https:\\\/\\\/perle-in.com\\\/#organization\",\"name\":\"PERLE IN\",\"url\":\"https:\\\/\\\/perle-in.com\\\/\",\"logo\":{\"@type\":\"ImageObject\",\"inLanguage\":\"en-CA\",\"@id\":\"https:\\\/\\\/perle-in.com\\\/#\\\/schema\\\/logo\\\/image\\\/\",\"url\":\"https:\\\/\\\/perle-in.com\\\/wp-content\\\/uploads\\\/2022\\\/12\\\/LOGO-PERLE-IN-COULEUR@3x.webp\",\"contentUrl\":\"https:\\\/\\\/perle-in.com\\\/wp-content\\\/uploads\\\/2022\\\/12\\\/LOGO-PERLE-IN-COULEUR@3x.webp\",\"width\":1600,\"height\":490,\"caption\":\"PERLE IN\"},\"image\":{\"@id\":\"https:\\\/\\\/perle-in.com\\\/#\\\/schema\\\/logo\\\/image\\\/\"}}]}<\/script>\n<!-- \/ Yoast SEO plugin. -->","yoast_head_json":{"title":"Aspirateur robot Prixton - PERLE IN","robots":{"index":"noindex","follow":"follow","max-snippet":"max-snippet:-1","max-image-preview":"max-image-preview:large","max-video-preview":"max-video-preview:-1"},"og_locale":"en_US","og_type":"article","og_title":"Aspirateur robot Prixton - PERLE IN","og_description":"Aspirateur ultra-fin, sp\u00e9cialis\u00e9 dans le nettoyage quotidien de la poussi\u00e8re. Cet aspirateur est compatible avec le Wi-Fi et les applications. Vous pouvez contr\u00f4ler toutes les fonctions \u00e0 distance \u00e0 partir de votre mobile. Cet aspirateur est compatible avec l\u2019assistant vocal Alexa. Puissance 20\u00a0W. Puissance d\u2019aspiration 350\u00a0PA\/ 1\u00a0000\u00a0PA maximum. Modes de nettoyage automatique. Assistant vocal Amazon Alexa. Batterie 2\u00a0000\u00a0mAh, charge en 4\u00a0-\u00a05\u00a0heures. Capteurs anti-collision et anti-chute int\u00e9gr\u00e9s.","og_url":"https:\/\/perle-in.com\/en\/product\/aspirateur-robot-prixton\/","og_site_name":"PERLE IN","article_modified_time":"2025-10-10T10:09:37+00:00","og_image":[{"width":1600,"height":1600,"url":"https:\/\/perle-in.com\/wp-content\/uploads\/2025\/09\/1PA07490-2.jpg","type":"image\/jpeg"}],"twitter_card":"summary_large_image","schema":{"@context":"https:\/\/schema.org","@graph":[{"@type":"WebPage","@id":"https:\/\/perle-in.com\/produit\/aspirateur-robot-prixton\/","url":"https:\/\/perle-in.com\/produit\/aspirateur-robot-prixton\/","name":"Aspirateur robot Prixton - PERLE IN","isPartOf":{"@id":"https:\/\/perle-in.com\/#website"},"primaryImageOfPage":{"@id":"https:\/\/perle-in.com\/produit\/aspirateur-robot-prixton\/#primaryimage"},"image":{"@id":"https:\/\/perle-in.com\/produit\/aspirateur-robot-prixton\/#primaryimage"},"thumbnailUrl":"https:\/\/perle-in.com\/wp-content\/uploads\/2025\/09\/1PA07490-2.jpg","datePublished":"2025-10-10T10:09:36+00:00","dateModified":"2025-10-10T10:09:37+00:00","breadcrumb":{"@id":"https:\/\/perle-in.com\/produit\/aspirateur-robot-prixton\/#breadcrumb"},"inLanguage":"en-CA","potentialAction":[{"@type":"ReadAction","target":["https:\/\/perle-in.com\/produit\/aspirateur-robot-prixton\/"]}]},{"@type":"ImageObject","inLanguage":"en-CA","@id":"https:\/\/perle-in.com\/produit\/aspirateur-robot-prixton\/#primaryimage","url":"https:\/\/perle-in.com\/wp-content\/uploads\/2025\/09\/1PA07490-2.jpg","contentUrl":"https:\/\/perle-in.com\/wp-content\/uploads\/2025\/09\/1PA07490-2.jpg","width":1600,"height":1600},{"@type":"BreadcrumbList","@id":"https:\/\/perle-in.com\/produit\/aspirateur-robot-prixton\/#breadcrumb","itemListElement":[{"@type":"ListItem","position":1,"name":"Accueil","item":"https:\/\/perle-in.com\/"},{"@type":"ListItem","position":2,"name":"Boutique","item":"https:\/\/perle-in.com\/boutique\/"},{"@type":"ListItem","position":3,"name":"Aspirateur robot Prixton"}]},{"@type":"WebSite","@id":"https:\/\/perle-in.com\/#website","url":"https:\/\/perle-in.com\/","name":"PERLE IN","description":"","publisher":{"@id":"https:\/\/perle-in.com\/#organization"},"potentialAction":[{"@type":"SearchAction","target":{"@type":"EntryPoint","urlTemplate":"https:\/\/perle-in.com\/?s={search_term_string}"},"query-input":{"@type":"PropertyValueSpecification","valueRequired":true,"valueName":"search_term_string"}}],"inLanguage":"en-CA"},{"@type":"Organization","@id":"https:\/\/perle-in.com\/#organization","name":"PERLE IN","url":"https:\/\/perle-in.com\/","logo":{"@type":"ImageObject","inLanguage":"en-CA","@id":"https:\/\/perle-in.com\/#\/schema\/logo\/image\/","url":"https:\/\/perle-in.com\/wp-content\/uploads\/2022\/12\/LOGO-PERLE-IN-COULEUR@3x.webp","contentUrl":"https:\/\/perle-in.com\/wp-content\/uploads\/2022\/12\/LOGO-PERLE-IN-COULEUR@3x.webp","width":1600,"height":490,"caption":"PERLE IN"},"image":{"@id":"https:\/\/perle-in.com\/#\/schema\/logo\/image\/"}}]}},"jetpack_sharing_enabled":true,"_links":{"self":[{"href":"https:\/\/perle-in.com\/en\/wp-json\/wp\/v2\/product\/500019","targetHints":{"allow":["GET"]}}],"collection":[{"href":"https:\/\/perle-in.com\/en\/wp-json\/wp\/v2\/product"}],"about":[{"href":"https:\/\/perle-in.com\/en\/wp-json\/wp\/v2\/types\/product"}],"version-history":[{"count":0,"href":"https:\/\/perle-in.com\/en\/wp-json\/wp\/v2\/product\/500019\/revisions"}],"wp:featuredmedia":[{"embeddable":true,"href":"https:\/\/perle-in.com\/en\/wp-json\/wp\/v2\/media\/482798"}],"wp:attachment":[{"href":"https:\/\/perle-in.com\/en\/wp-json\/wp\/v2\/media?parent=500019"}],"wp:term":[{"taxonomy":"product_brand","embeddable":true,"href":"https:\/\/perle-in.com\/en\/wp-json\/wp\/v2\/product_brand?post=500019"},{"taxonomy":"product_cat","embeddable":true,"href":"https:\/\/perle-in.com\/en\/wp-json\/wp\/v2\/product_cat?post=500019"},{"taxonomy":"product_tag","embeddable":true,"href":"https:\/\/perle-in.com\/en\/wp-json\/wp\/v2\/product_tag?post=500019"}],"curies":[{"name":"wp","href":"https:\/\/api.w.org\/{rel}","templated":true}]}}