{"id":499861,"date":"2025-10-10T11:52:06","date_gmt":"2025-10-10T09:52:06","guid":{"rendered":"https:\/\/perle-in.com\/produit\/grand-chiffon-de-nettoyage-cori-en-pet-recycle\/"},"modified":"2025-10-10T11:52:07","modified_gmt":"2025-10-10T09:52:07","slug":"grand-chiffon-de-nettoyage-cori-en-pet-recycle","status":"publish","type":"product","link":"https:\/\/perle-in.com\/en\/product\/grand-chiffon-de-nettoyage-cori-en-pet-recycle\/","title":{"rendered":"Grand chiffon de nettoyage Cori en PET recycl\u00e9"},"content":{"rendered":"","protected":false},"excerpt":{"rendered":"<p>Chiffon de nettoyage avec marquage en sublimation sur l&#8217;ensemble de la surface, fabriqu\u00e9 \u00e0 partir de PET recycl\u00e9. L&#8217;impression est disponible sur une ou deux faces. Pour l&#8217;impression recto-verso, vous pouvez choisir l&#8217;option standard ou l&#8217;option ajust\u00e9e (ajust\u00e9e signifie que l&#8217;impression s&#8217;aligne sur les deux faces). Facile \u00e0 emporter pour nettoyer vos lunettes, un \u00e9cran tactile, un t\u00e9l\u00e9phone portable ou une tablette. Taille\u00a0: grand.<\/p>","protected":false},"featured_media":482492,"template":"","meta":{"_eb_attr":""},"product_brand":[],"product_cat":[840,667],"product_tag":[842,841,837,677,836],"class_list":{"0":"post-499861","1":"product","2":"type-product","3":"status-publish","4":"has-post-thumbnail","6":"product_cat-accessoires-pour-ordinateur","7":"product_cat-technologie","8":"product_tag-chiffon","9":"product_tag-chiffon-de-nettoyage","10":"product_tag-durable","11":"product_tag-nettoyage","12":"product_tag-recycle","13":"pa_couleurs-blanc","15":"first","16":"instock","17":"shipping-taxable","18":"purchasable","19":"product-type-variable"},"yoast_head":"<!-- This site is optimized with the Yoast SEO plugin v27.4 - https:\/\/yoast.com\/product\/yoast-seo-wordpress\/ -->\n<title>Grand chiffon de nettoyage Cori en PET recycl\u00e9 - PERLE IN<\/title>\n<meta name=\"robots\" content=\"noindex, follow, max-snippet:-1, max-image-preview:large, max-video-preview:-1\" \/>\n<meta property=\"og:locale\" content=\"en_US\" \/>\n<meta property=\"og:type\" content=\"article\" \/>\n<meta property=\"og:title\" content=\"Grand chiffon de nettoyage Cori en PET recycl\u00e9 - PERLE IN\" \/>\n<meta property=\"og:description\" content=\"Chiffon de nettoyage avec marquage en sublimation sur l&#039;ensemble de la surface, fabriqu\u00e9 \u00e0 partir de PET recycl\u00e9. L&#039;impression est disponible sur une ou deux faces. Pour l&#039;impression recto-verso, vous pouvez choisir l&#039;option standard ou l&#039;option ajust\u00e9e (ajust\u00e9e signifie que l&#039;impression s&#039;aligne sur les deux faces). Facile \u00e0 emporter pour nettoyer vos lunettes, un \u00e9cran tactile, un t\u00e9l\u00e9phone portable ou une tablette. Taille\u00a0: grand.\" \/>\n<meta property=\"og:url\" content=\"https:\/\/perle-in.com\/en\/product\/grand-chiffon-de-nettoyage-cori-en-pet-recycle\/\" \/>\n<meta property=\"og:site_name\" content=\"PERLE IN\" \/>\n<meta property=\"article:modified_time\" content=\"2025-10-10T09:52:07+00:00\" \/>\n<meta property=\"og:image\" content=\"https:\/\/perle-in.com\/wp-content\/uploads\/2025\/09\/1PL03201-2.jpg\" \/>\n\t<meta property=\"og:image:width\" content=\"1600\" \/>\n\t<meta property=\"og:image:height\" content=\"1600\" \/>\n\t<meta property=\"og:image:type\" content=\"image\/jpeg\" \/>\n<meta name=\"twitter:card\" content=\"summary_large_image\" \/>\n<script type=\"application\/ld+json\" class=\"yoast-schema-graph\">{\"@context\":\"https:\\\/\\\/schema.org\",\"@graph\":[{\"@type\":\"WebPage\",\"@id\":\"https:\\\/\\\/perle-in.com\\\/produit\\\/grand-chiffon-de-nettoyage-cori-en-pet-recycle\\\/\",\"url\":\"https:\\\/\\\/perle-in.com\\\/produit\\\/grand-chiffon-de-nettoyage-cori-en-pet-recycle\\\/\",\"name\":\"Grand chiffon de nettoyage Cori en PET recycl\u00e9 - PERLE IN\",\"isPartOf\":{\"@id\":\"https:\\\/\\\/perle-in.com\\\/#website\"},\"primaryImageOfPage\":{\"@id\":\"https:\\\/\\\/perle-in.com\\\/produit\\\/grand-chiffon-de-nettoyage-cori-en-pet-recycle\\\/#primaryimage\"},\"image\":{\"@id\":\"https:\\\/\\\/perle-in.com\\\/produit\\\/grand-chiffon-de-nettoyage-cori-en-pet-recycle\\\/#primaryimage\"},\"thumbnailUrl\":\"https:\\\/\\\/perle-in.com\\\/wp-content\\\/uploads\\\/2025\\\/09\\\/1PL03201-2.jpg\",\"datePublished\":\"2025-10-10T09:52:06+00:00\",\"dateModified\":\"2025-10-10T09:52:07+00:00\",\"breadcrumb\":{\"@id\":\"https:\\\/\\\/perle-in.com\\\/produit\\\/grand-chiffon-de-nettoyage-cori-en-pet-recycle\\\/#breadcrumb\"},\"inLanguage\":\"en-CA\",\"potentialAction\":[{\"@type\":\"ReadAction\",\"target\":[\"https:\\\/\\\/perle-in.com\\\/produit\\\/grand-chiffon-de-nettoyage-cori-en-pet-recycle\\\/\"]}]},{\"@type\":\"ImageObject\",\"inLanguage\":\"en-CA\",\"@id\":\"https:\\\/\\\/perle-in.com\\\/produit\\\/grand-chiffon-de-nettoyage-cori-en-pet-recycle\\\/#primaryimage\",\"url\":\"https:\\\/\\\/perle-in.com\\\/wp-content\\\/uploads\\\/2025\\\/09\\\/1PL03201-2.jpg\",\"contentUrl\":\"https:\\\/\\\/perle-in.com\\\/wp-content\\\/uploads\\\/2025\\\/09\\\/1PL03201-2.jpg\",\"width\":1600,\"height\":1600},{\"@type\":\"BreadcrumbList\",\"@id\":\"https:\\\/\\\/perle-in.com\\\/produit\\\/grand-chiffon-de-nettoyage-cori-en-pet-recycle\\\/#breadcrumb\",\"itemListElement\":[{\"@type\":\"ListItem\",\"position\":1,\"name\":\"Accueil\",\"item\":\"https:\\\/\\\/perle-in.com\\\/\"},{\"@type\":\"ListItem\",\"position\":2,\"name\":\"Boutique\",\"item\":\"https:\\\/\\\/perle-in.com\\\/boutique\\\/\"},{\"@type\":\"ListItem\",\"position\":3,\"name\":\"Grand chiffon de nettoyage Cori en PET recycl\u00e9\"}]},{\"@type\":\"WebSite\",\"@id\":\"https:\\\/\\\/perle-in.com\\\/#website\",\"url\":\"https:\\\/\\\/perle-in.com\\\/\",\"name\":\"PERLE IN\",\"description\":\"\",\"publisher\":{\"@id\":\"https:\\\/\\\/perle-in.com\\\/#organization\"},\"potentialAction\":[{\"@type\":\"SearchAction\",\"target\":{\"@type\":\"EntryPoint\",\"urlTemplate\":\"https:\\\/\\\/perle-in.com\\\/?s={search_term_string}\"},\"query-input\":{\"@type\":\"PropertyValueSpecification\",\"valueRequired\":true,\"valueName\":\"search_term_string\"}}],\"inLanguage\":\"en-CA\"},{\"@type\":\"Organization\",\"@id\":\"https:\\\/\\\/perle-in.com\\\/#organization\",\"name\":\"PERLE IN\",\"url\":\"https:\\\/\\\/perle-in.com\\\/\",\"logo\":{\"@type\":\"ImageObject\",\"inLanguage\":\"en-CA\",\"@id\":\"https:\\\/\\\/perle-in.com\\\/#\\\/schema\\\/logo\\\/image\\\/\",\"url\":\"https:\\\/\\\/perle-in.com\\\/wp-content\\\/uploads\\\/2022\\\/12\\\/LOGO-PERLE-IN-COULEUR@3x.webp\",\"contentUrl\":\"https:\\\/\\\/perle-in.com\\\/wp-content\\\/uploads\\\/2022\\\/12\\\/LOGO-PERLE-IN-COULEUR@3x.webp\",\"width\":1600,\"height\":490,\"caption\":\"PERLE IN\"},\"image\":{\"@id\":\"https:\\\/\\\/perle-in.com\\\/#\\\/schema\\\/logo\\\/image\\\/\"}}]}<\/script>\n<!-- \/ Yoast SEO plugin. -->","yoast_head_json":{"title":"Grand chiffon de nettoyage Cori en PET recycl\u00e9 - PERLE IN","robots":{"index":"noindex","follow":"follow","max-snippet":"max-snippet:-1","max-image-preview":"max-image-preview:large","max-video-preview":"max-video-preview:-1"},"og_locale":"en_US","og_type":"article","og_title":"Grand chiffon de nettoyage Cori en PET recycl\u00e9 - PERLE IN","og_description":"Chiffon de nettoyage avec marquage en sublimation sur l'ensemble de la surface, fabriqu\u00e9 \u00e0 partir de PET recycl\u00e9. L'impression est disponible sur une ou deux faces. Pour l'impression recto-verso, vous pouvez choisir l'option standard ou l'option ajust\u00e9e (ajust\u00e9e signifie que l'impression s'aligne sur les deux faces). Facile \u00e0 emporter pour nettoyer vos lunettes, un \u00e9cran tactile, un t\u00e9l\u00e9phone portable ou une tablette. Taille\u00a0: grand.","og_url":"https:\/\/perle-in.com\/en\/product\/grand-chiffon-de-nettoyage-cori-en-pet-recycle\/","og_site_name":"PERLE IN","article_modified_time":"2025-10-10T09:52:07+00:00","og_image":[{"width":1600,"height":1600,"url":"https:\/\/perle-in.com\/wp-content\/uploads\/2025\/09\/1PL03201-2.jpg","type":"image\/jpeg"}],"twitter_card":"summary_large_image","schema":{"@context":"https:\/\/schema.org","@graph":[{"@type":"WebPage","@id":"https:\/\/perle-in.com\/produit\/grand-chiffon-de-nettoyage-cori-en-pet-recycle\/","url":"https:\/\/perle-in.com\/produit\/grand-chiffon-de-nettoyage-cori-en-pet-recycle\/","name":"Grand chiffon de nettoyage Cori en PET recycl\u00e9 - PERLE IN","isPartOf":{"@id":"https:\/\/perle-in.com\/#website"},"primaryImageOfPage":{"@id":"https:\/\/perle-in.com\/produit\/grand-chiffon-de-nettoyage-cori-en-pet-recycle\/#primaryimage"},"image":{"@id":"https:\/\/perle-in.com\/produit\/grand-chiffon-de-nettoyage-cori-en-pet-recycle\/#primaryimage"},"thumbnailUrl":"https:\/\/perle-in.com\/wp-content\/uploads\/2025\/09\/1PL03201-2.jpg","datePublished":"2025-10-10T09:52:06+00:00","dateModified":"2025-10-10T09:52:07+00:00","breadcrumb":{"@id":"https:\/\/perle-in.com\/produit\/grand-chiffon-de-nettoyage-cori-en-pet-recycle\/#breadcrumb"},"inLanguage":"en-CA","potentialAction":[{"@type":"ReadAction","target":["https:\/\/perle-in.com\/produit\/grand-chiffon-de-nettoyage-cori-en-pet-recycle\/"]}]},{"@type":"ImageObject","inLanguage":"en-CA","@id":"https:\/\/perle-in.com\/produit\/grand-chiffon-de-nettoyage-cori-en-pet-recycle\/#primaryimage","url":"https:\/\/perle-in.com\/wp-content\/uploads\/2025\/09\/1PL03201-2.jpg","contentUrl":"https:\/\/perle-in.com\/wp-content\/uploads\/2025\/09\/1PL03201-2.jpg","width":1600,"height":1600},{"@type":"BreadcrumbList","@id":"https:\/\/perle-in.com\/produit\/grand-chiffon-de-nettoyage-cori-en-pet-recycle\/#breadcrumb","itemListElement":[{"@type":"ListItem","position":1,"name":"Accueil","item":"https:\/\/perle-in.com\/"},{"@type":"ListItem","position":2,"name":"Boutique","item":"https:\/\/perle-in.com\/boutique\/"},{"@type":"ListItem","position":3,"name":"Grand chiffon de nettoyage Cori en PET recycl\u00e9"}]},{"@type":"WebSite","@id":"https:\/\/perle-in.com\/#website","url":"https:\/\/perle-in.com\/","name":"PERLE IN","description":"","publisher":{"@id":"https:\/\/perle-in.com\/#organization"},"potentialAction":[{"@type":"SearchAction","target":{"@type":"EntryPoint","urlTemplate":"https:\/\/perle-in.com\/?s={search_term_string}"},"query-input":{"@type":"PropertyValueSpecification","valueRequired":true,"valueName":"search_term_string"}}],"inLanguage":"en-CA"},{"@type":"Organization","@id":"https:\/\/perle-in.com\/#organization","name":"PERLE IN","url":"https:\/\/perle-in.com\/","logo":{"@type":"ImageObject","inLanguage":"en-CA","@id":"https:\/\/perle-in.com\/#\/schema\/logo\/image\/","url":"https:\/\/perle-in.com\/wp-content\/uploads\/2022\/12\/LOGO-PERLE-IN-COULEUR@3x.webp","contentUrl":"https:\/\/perle-in.com\/wp-content\/uploads\/2022\/12\/LOGO-PERLE-IN-COULEUR@3x.webp","width":1600,"height":490,"caption":"PERLE IN"},"image":{"@id":"https:\/\/perle-in.com\/#\/schema\/logo\/image\/"}}]}},"jetpack_sharing_enabled":true,"_links":{"self":[{"href":"https:\/\/perle-in.com\/en\/wp-json\/wp\/v2\/product\/499861","targetHints":{"allow":["GET"]}}],"collection":[{"href":"https:\/\/perle-in.com\/en\/wp-json\/wp\/v2\/product"}],"about":[{"href":"https:\/\/perle-in.com\/en\/wp-json\/wp\/v2\/types\/product"}],"version-history":[{"count":0,"href":"https:\/\/perle-in.com\/en\/wp-json\/wp\/v2\/product\/499861\/revisions"}],"wp:featuredmedia":[{"embeddable":true,"href":"https:\/\/perle-in.com\/en\/wp-json\/wp\/v2\/media\/482492"}],"wp:attachment":[{"href":"https:\/\/perle-in.com\/en\/wp-json\/wp\/v2\/media?parent=499861"}],"wp:term":[{"taxonomy":"product_brand","embeddable":true,"href":"https:\/\/perle-in.com\/en\/wp-json\/wp\/v2\/product_brand?post=499861"},{"taxonomy":"product_cat","embeddable":true,"href":"https:\/\/perle-in.com\/en\/wp-json\/wp\/v2\/product_cat?post=499861"},{"taxonomy":"product_tag","embeddable":true,"href":"https:\/\/perle-in.com\/en\/wp-json\/wp\/v2\/product_tag?post=499861"}],"curies":[{"name":"wp","href":"https:\/\/api.w.org\/{rel}","templated":true}]}}