{"id":499819,"date":"2025-10-10T11:47:51","date_gmt":"2025-10-10T09:47:51","guid":{"rendered":"https:\/\/perle-in.com\/produit\/attache-reflechissante-avec-mousqueton-h9-rfx\/"},"modified":"2025-10-10T11:47:52","modified_gmt":"2025-10-10T09:47:52","slug":"attache-reflechissante-avec-mousqueton-h9-rfx","status":"publish","type":"product","link":"https:\/\/perle-in.com\/en\/product\/attache-reflechissante-avec-mousqueton-h9-rfx\/","title":{"rendered":"Attache r\u00e9fl\u00e9chissante avec mousqueton H9 RFX\u2122"},"content":{"rendered":"","protected":false},"excerpt":{"rendered":"<p>Fixez cette attache r\u00e9fl\u00e9chissante aux v\u00eatements, sacs ou autres articles d&#8217;ext\u00e9rieur pour augmenter la visibilit\u00e9 dans l&#8217;obscurit\u00e9. En utilisant ces accroche-sacs certifi\u00e9s, vous faites de la s\u00e9curit\u00e9 routi\u00e8re une caract\u00e9ristique de votre marque. Les accroche-sacs sont fournis avec une chaine \u00e0 boule et un mousqueton pour une attache facile \u00e0 un sac, une veste. Disponibles en diff\u00e9rentes formes et tailles, et en couleur blanche ou jaune. Ils sont dot\u00e9s d&#8217;un film r\u00e9fl\u00e9chissant souple RFX\u2122 florescent fabriqu\u00e9 en PVC sans phtalates ou en TPU, une option plus durable.  Les mat\u00e9riaux ont \u00e9t\u00e9 test\u00e9s conform\u00e9ment \u00e0 la liste candidate REACH SVHC (substances extr\u00eamement pr\u00e9occupantes) et sont exempts de phtalates. Les attaches sont test\u00e9es et approuv\u00e9es par la CE conform\u00e9ment \u00e0 la norme EN 17353 Type B 1. Conditionn\u00e9 avec une fiche d&#8217;information dans un sac en glassine, un mat\u00e9riau durable fabriqu\u00e9 \u00e0 partir de pulpe de bois. Fabriqu\u00e9 en Europe.<\/p>","protected":false},"featured_media":482417,"template":"","meta":{"_eb_attr":""},"product_brand":[],"product_cat":[439,438],"product_tag":[888,829,686,685,735],"class_list":{"0":"post-499819","1":"product","2":"type-product","3":"status-publish","4":"has-post-thumbnail","6":"product_cat-articles-rflchissants","7":"product_cat-outils-et-accessoires-pour-la-voiture","8":"product_tag-attache","9":"product_tag-lumineux","10":"product_tag-reflechissant","11":"product_tag-securite","12":"product_tag-visibilite","13":"pa_couleurs-blanc","15":"first","16":"instock","17":"shipping-taxable","18":"purchasable","19":"product-type-variable"},"yoast_head":"<!-- This site is optimized with the Yoast SEO plugin v27.4 - https:\/\/yoast.com\/product\/yoast-seo-wordpress\/ -->\n<title>Attache r\u00e9fl\u00e9chissante avec mousqueton H9 RFX\u2122 - PERLE IN<\/title>\n<meta name=\"robots\" content=\"noindex, follow, max-snippet:-1, max-image-preview:large, max-video-preview:-1\" \/>\n<meta property=\"og:locale\" content=\"en_US\" \/>\n<meta property=\"og:type\" content=\"article\" \/>\n<meta property=\"og:title\" content=\"Attache r\u00e9fl\u00e9chissante avec mousqueton H9 RFX\u2122 - PERLE IN\" \/>\n<meta property=\"og:description\" content=\"Fixez cette attache r\u00e9fl\u00e9chissante aux v\u00eatements, sacs ou autres articles d&#039;ext\u00e9rieur pour augmenter la visibilit\u00e9 dans l&#039;obscurit\u00e9. En utilisant ces accroche-sacs certifi\u00e9s, vous faites de la s\u00e9curit\u00e9 routi\u00e8re une caract\u00e9ristique de votre marque. Les accroche-sacs sont fournis avec une chaine \u00e0 boule et un mousqueton pour une attache facile \u00e0 un sac, une veste. Disponibles en diff\u00e9rentes formes et tailles, et en couleur blanche ou jaune. Ils sont dot\u00e9s d&#039;un film r\u00e9fl\u00e9chissant souple RFX\u2122 florescent fabriqu\u00e9 en PVC sans phtalates ou en TPU, une option plus durable. Les mat\u00e9riaux ont \u00e9t\u00e9 test\u00e9s conform\u00e9ment \u00e0 la liste candidate REACH SVHC (substances extr\u00eamement pr\u00e9occupantes) et sont exempts de phtalates. Les attaches sont test\u00e9es et approuv\u00e9es par la CE conform\u00e9ment \u00e0 la norme EN 17353 Type B 1. Conditionn\u00e9 avec une fiche d&#039;information dans un sac en glassine, un mat\u00e9riau durable fabriqu\u00e9 \u00e0 partir de pulpe de bois. Fabriqu\u00e9 en Europe.\" \/>\n<meta property=\"og:url\" content=\"https:\/\/perle-in.com\/en\/product\/attache-reflechissante-avec-mousqueton-h9-rfx\/\" \/>\n<meta property=\"og:site_name\" content=\"PERLE IN\" \/>\n<meta property=\"article:modified_time\" content=\"2025-10-10T09:47:52+00:00\" \/>\n<meta property=\"og:image\" content=\"https:\/\/perle-in.com\/wp-content\/uploads\/2025\/09\/1PR05182-2.jpg\" \/>\n\t<meta property=\"og:image:width\" content=\"1600\" \/>\n\t<meta property=\"og:image:height\" content=\"1600\" \/>\n\t<meta property=\"og:image:type\" content=\"image\/jpeg\" \/>\n<meta name=\"twitter:card\" content=\"summary_large_image\" \/>\n<script type=\"application\/ld+json\" class=\"yoast-schema-graph\">{\"@context\":\"https:\\\/\\\/schema.org\",\"@graph\":[{\"@type\":\"WebPage\",\"@id\":\"https:\\\/\\\/perle-in.com\\\/produit\\\/attache-reflechissante-avec-mousqueton-h9-rfx\\\/\",\"url\":\"https:\\\/\\\/perle-in.com\\\/produit\\\/attache-reflechissante-avec-mousqueton-h9-rfx\\\/\",\"name\":\"Attache r\u00e9fl\u00e9chissante avec mousqueton H9 RFX\u2122 - PERLE IN\",\"isPartOf\":{\"@id\":\"https:\\\/\\\/perle-in.com\\\/#website\"},\"primaryImageOfPage\":{\"@id\":\"https:\\\/\\\/perle-in.com\\\/produit\\\/attache-reflechissante-avec-mousqueton-h9-rfx\\\/#primaryimage\"},\"image\":{\"@id\":\"https:\\\/\\\/perle-in.com\\\/produit\\\/attache-reflechissante-avec-mousqueton-h9-rfx\\\/#primaryimage\"},\"thumbnailUrl\":\"https:\\\/\\\/perle-in.com\\\/wp-content\\\/uploads\\\/2025\\\/09\\\/1PR05182-2.jpg\",\"datePublished\":\"2025-10-10T09:47:51+00:00\",\"dateModified\":\"2025-10-10T09:47:52+00:00\",\"breadcrumb\":{\"@id\":\"https:\\\/\\\/perle-in.com\\\/produit\\\/attache-reflechissante-avec-mousqueton-h9-rfx\\\/#breadcrumb\"},\"inLanguage\":\"en-CA\",\"potentialAction\":[{\"@type\":\"ReadAction\",\"target\":[\"https:\\\/\\\/perle-in.com\\\/produit\\\/attache-reflechissante-avec-mousqueton-h9-rfx\\\/\"]}]},{\"@type\":\"ImageObject\",\"inLanguage\":\"en-CA\",\"@id\":\"https:\\\/\\\/perle-in.com\\\/produit\\\/attache-reflechissante-avec-mousqueton-h9-rfx\\\/#primaryimage\",\"url\":\"https:\\\/\\\/perle-in.com\\\/wp-content\\\/uploads\\\/2025\\\/09\\\/1PR05182-2.jpg\",\"contentUrl\":\"https:\\\/\\\/perle-in.com\\\/wp-content\\\/uploads\\\/2025\\\/09\\\/1PR05182-2.jpg\",\"width\":1600,\"height\":1600},{\"@type\":\"BreadcrumbList\",\"@id\":\"https:\\\/\\\/perle-in.com\\\/produit\\\/attache-reflechissante-avec-mousqueton-h9-rfx\\\/#breadcrumb\",\"itemListElement\":[{\"@type\":\"ListItem\",\"position\":1,\"name\":\"Accueil\",\"item\":\"https:\\\/\\\/perle-in.com\\\/\"},{\"@type\":\"ListItem\",\"position\":2,\"name\":\"Boutique\",\"item\":\"https:\\\/\\\/perle-in.com\\\/boutique\\\/\"},{\"@type\":\"ListItem\",\"position\":3,\"name\":\"Attache r\u00e9fl\u00e9chissante avec mousqueton H9 RFX\u2122\"}]},{\"@type\":\"WebSite\",\"@id\":\"https:\\\/\\\/perle-in.com\\\/#website\",\"url\":\"https:\\\/\\\/perle-in.com\\\/\",\"name\":\"PERLE IN\",\"description\":\"\",\"publisher\":{\"@id\":\"https:\\\/\\\/perle-in.com\\\/#organization\"},\"potentialAction\":[{\"@type\":\"SearchAction\",\"target\":{\"@type\":\"EntryPoint\",\"urlTemplate\":\"https:\\\/\\\/perle-in.com\\\/?s={search_term_string}\"},\"query-input\":{\"@type\":\"PropertyValueSpecification\",\"valueRequired\":true,\"valueName\":\"search_term_string\"}}],\"inLanguage\":\"en-CA\"},{\"@type\":\"Organization\",\"@id\":\"https:\\\/\\\/perle-in.com\\\/#organization\",\"name\":\"PERLE IN\",\"url\":\"https:\\\/\\\/perle-in.com\\\/\",\"logo\":{\"@type\":\"ImageObject\",\"inLanguage\":\"en-CA\",\"@id\":\"https:\\\/\\\/perle-in.com\\\/#\\\/schema\\\/logo\\\/image\\\/\",\"url\":\"https:\\\/\\\/perle-in.com\\\/wp-content\\\/uploads\\\/2022\\\/12\\\/LOGO-PERLE-IN-COULEUR@3x.webp\",\"contentUrl\":\"https:\\\/\\\/perle-in.com\\\/wp-content\\\/uploads\\\/2022\\\/12\\\/LOGO-PERLE-IN-COULEUR@3x.webp\",\"width\":1600,\"height\":490,\"caption\":\"PERLE IN\"},\"image\":{\"@id\":\"https:\\\/\\\/perle-in.com\\\/#\\\/schema\\\/logo\\\/image\\\/\"}}]}<\/script>\n<!-- \/ Yoast SEO plugin. -->","yoast_head_json":{"title":"Attache r\u00e9fl\u00e9chissante avec mousqueton H9 RFX\u2122 - PERLE IN","robots":{"index":"noindex","follow":"follow","max-snippet":"max-snippet:-1","max-image-preview":"max-image-preview:large","max-video-preview":"max-video-preview:-1"},"og_locale":"en_US","og_type":"article","og_title":"Attache r\u00e9fl\u00e9chissante avec mousqueton H9 RFX\u2122 - PERLE IN","og_description":"Fixez cette attache r\u00e9fl\u00e9chissante aux v\u00eatements, sacs ou autres articles d'ext\u00e9rieur pour augmenter la visibilit\u00e9 dans l'obscurit\u00e9. En utilisant ces accroche-sacs certifi\u00e9s, vous faites de la s\u00e9curit\u00e9 routi\u00e8re une caract\u00e9ristique de votre marque. Les accroche-sacs sont fournis avec une chaine \u00e0 boule et un mousqueton pour une attache facile \u00e0 un sac, une veste. Disponibles en diff\u00e9rentes formes et tailles, et en couleur blanche ou jaune. Ils sont dot\u00e9s d'un film r\u00e9fl\u00e9chissant souple RFX\u2122 florescent fabriqu\u00e9 en PVC sans phtalates ou en TPU, une option plus durable. Les mat\u00e9riaux ont \u00e9t\u00e9 test\u00e9s conform\u00e9ment \u00e0 la liste candidate REACH SVHC (substances extr\u00eamement pr\u00e9occupantes) et sont exempts de phtalates. Les attaches sont test\u00e9es et approuv\u00e9es par la CE conform\u00e9ment \u00e0 la norme EN 17353 Type B 1. Conditionn\u00e9 avec une fiche d'information dans un sac en glassine, un mat\u00e9riau durable fabriqu\u00e9 \u00e0 partir de pulpe de bois. Fabriqu\u00e9 en Europe.","og_url":"https:\/\/perle-in.com\/en\/product\/attache-reflechissante-avec-mousqueton-h9-rfx\/","og_site_name":"PERLE IN","article_modified_time":"2025-10-10T09:47:52+00:00","og_image":[{"width":1600,"height":1600,"url":"https:\/\/perle-in.com\/wp-content\/uploads\/2025\/09\/1PR05182-2.jpg","type":"image\/jpeg"}],"twitter_card":"summary_large_image","schema":{"@context":"https:\/\/schema.org","@graph":[{"@type":"WebPage","@id":"https:\/\/perle-in.com\/produit\/attache-reflechissante-avec-mousqueton-h9-rfx\/","url":"https:\/\/perle-in.com\/produit\/attache-reflechissante-avec-mousqueton-h9-rfx\/","name":"Attache r\u00e9fl\u00e9chissante avec mousqueton H9 RFX\u2122 - PERLE IN","isPartOf":{"@id":"https:\/\/perle-in.com\/#website"},"primaryImageOfPage":{"@id":"https:\/\/perle-in.com\/produit\/attache-reflechissante-avec-mousqueton-h9-rfx\/#primaryimage"},"image":{"@id":"https:\/\/perle-in.com\/produit\/attache-reflechissante-avec-mousqueton-h9-rfx\/#primaryimage"},"thumbnailUrl":"https:\/\/perle-in.com\/wp-content\/uploads\/2025\/09\/1PR05182-2.jpg","datePublished":"2025-10-10T09:47:51+00:00","dateModified":"2025-10-10T09:47:52+00:00","breadcrumb":{"@id":"https:\/\/perle-in.com\/produit\/attache-reflechissante-avec-mousqueton-h9-rfx\/#breadcrumb"},"inLanguage":"en-CA","potentialAction":[{"@type":"ReadAction","target":["https:\/\/perle-in.com\/produit\/attache-reflechissante-avec-mousqueton-h9-rfx\/"]}]},{"@type":"ImageObject","inLanguage":"en-CA","@id":"https:\/\/perle-in.com\/produit\/attache-reflechissante-avec-mousqueton-h9-rfx\/#primaryimage","url":"https:\/\/perle-in.com\/wp-content\/uploads\/2025\/09\/1PR05182-2.jpg","contentUrl":"https:\/\/perle-in.com\/wp-content\/uploads\/2025\/09\/1PR05182-2.jpg","width":1600,"height":1600},{"@type":"BreadcrumbList","@id":"https:\/\/perle-in.com\/produit\/attache-reflechissante-avec-mousqueton-h9-rfx\/#breadcrumb","itemListElement":[{"@type":"ListItem","position":1,"name":"Accueil","item":"https:\/\/perle-in.com\/"},{"@type":"ListItem","position":2,"name":"Boutique","item":"https:\/\/perle-in.com\/boutique\/"},{"@type":"ListItem","position":3,"name":"Attache r\u00e9fl\u00e9chissante avec mousqueton H9 RFX\u2122"}]},{"@type":"WebSite","@id":"https:\/\/perle-in.com\/#website","url":"https:\/\/perle-in.com\/","name":"PERLE IN","description":"","publisher":{"@id":"https:\/\/perle-in.com\/#organization"},"potentialAction":[{"@type":"SearchAction","target":{"@type":"EntryPoint","urlTemplate":"https:\/\/perle-in.com\/?s={search_term_string}"},"query-input":{"@type":"PropertyValueSpecification","valueRequired":true,"valueName":"search_term_string"}}],"inLanguage":"en-CA"},{"@type":"Organization","@id":"https:\/\/perle-in.com\/#organization","name":"PERLE IN","url":"https:\/\/perle-in.com\/","logo":{"@type":"ImageObject","inLanguage":"en-CA","@id":"https:\/\/perle-in.com\/#\/schema\/logo\/image\/","url":"https:\/\/perle-in.com\/wp-content\/uploads\/2022\/12\/LOGO-PERLE-IN-COULEUR@3x.webp","contentUrl":"https:\/\/perle-in.com\/wp-content\/uploads\/2022\/12\/LOGO-PERLE-IN-COULEUR@3x.webp","width":1600,"height":490,"caption":"PERLE IN"},"image":{"@id":"https:\/\/perle-in.com\/#\/schema\/logo\/image\/"}}]}},"jetpack_sharing_enabled":true,"_links":{"self":[{"href":"https:\/\/perle-in.com\/en\/wp-json\/wp\/v2\/product\/499819","targetHints":{"allow":["GET"]}}],"collection":[{"href":"https:\/\/perle-in.com\/en\/wp-json\/wp\/v2\/product"}],"about":[{"href":"https:\/\/perle-in.com\/en\/wp-json\/wp\/v2\/types\/product"}],"version-history":[{"count":0,"href":"https:\/\/perle-in.com\/en\/wp-json\/wp\/v2\/product\/499819\/revisions"}],"wp:featuredmedia":[{"embeddable":true,"href":"https:\/\/perle-in.com\/en\/wp-json\/wp\/v2\/media\/482417"}],"wp:attachment":[{"href":"https:\/\/perle-in.com\/en\/wp-json\/wp\/v2\/media?parent=499819"}],"wp:term":[{"taxonomy":"product_brand","embeddable":true,"href":"https:\/\/perle-in.com\/en\/wp-json\/wp\/v2\/product_brand?post=499819"},{"taxonomy":"product_cat","embeddable":true,"href":"https:\/\/perle-in.com\/en\/wp-json\/wp\/v2\/product_cat?post=499819"},{"taxonomy":"product_tag","embeddable":true,"href":"https:\/\/perle-in.com\/en\/wp-json\/wp\/v2\/product_tag?post=499819"}],"curies":[{"name":"wp","href":"https:\/\/api.w.org\/{rel}","templated":true}]}}