{"id":499769,"date":"2025-10-10T11:45:26","date_gmt":"2025-10-10T09:45:26","guid":{"rendered":"https:\/\/perle-in.com\/produit\/usb-key\/"},"modified":"2025-10-27T22:57:26","modified_gmt":"2025-10-27T21:57:26","slug":"usb-key","status":"publish","type":"product","link":"https:\/\/perle-in.com\/en\/product\/usb-key\/","title":{"rendered":"USB Key"},"content":{"rendered":"","protected":false},"excerpt":{"rendered":"<p>Avoir des dossiers toujours \u00e0 port\u00e9e de main, c&#8217;est possible avec la cl\u00e9 USB. Gr\u00e2ce \u00e0 son design pratique, cette cl\u00e9 USB s&#8217;adapte parfaitement \u00e0 tout porte-cl\u00e9s (non inclus). Associ\u00e9e \u00e0 un logo imprim\u00e9, la finition m\u00e9tallique attire l&#8217;attention, ce qui fait de la cl\u00e9 USB un objet parfait pour accro\u00eetre la notori\u00e9t\u00e9 de la marque. La cl\u00e9 USB est fabriqu\u00e9e en aluminium, ce qui la rend solide et l\u00e9g\u00e8re, et disponible en plusieurs couleurs accrocheuses.<\/p>","protected":false},"featured_media":482308,"template":"","meta":{"_eb_attr":""},"product_brand":[],"product_cat":[743,667],"product_tag":[745,747,748,746,744],"class_list":{"0":"post-499769","1":"product","2":"type-product","3":"status-publish","4":"has-post-thumbnail","6":"product_cat-cles-usb","7":"product_cat-technologie","8":"product_tag-cle-usb","9":"product_tag-clef-usb","10":"product_tag-clefs-usb","11":"product_tag-cles-usb","12":"product_tag-usb","13":"pa_couleurs-argent","14":"pa_couleurs-bleu-clair","15":"pa_couleurs-marine","16":"pa_couleurs-noir","17":"pa_couleurs-rouge","18":"pa_couleurs-vert","19":"pa_taille-16gb","20":"pa_taille-1gb","21":"pa_taille-2gb","22":"pa_taille-32gb","23":"pa_taille-4gb","24":"pa_taille-64gb","25":"pa_taille-8gb","27":"first","28":"instock","29":"shipping-taxable","30":"purchasable","31":"product-type-variable"},"yoast_head":"<!-- This site is optimized with the Yoast SEO plugin v27.4 - https:\/\/yoast.com\/product\/yoast-seo-wordpress\/ -->\n<title>USB Key - PERLE IN<\/title>\n<meta name=\"robots\" content=\"noindex, follow, max-snippet:-1, max-image-preview:large, max-video-preview:-1\" \/>\n<meta property=\"og:locale\" content=\"en_US\" \/>\n<meta property=\"og:type\" content=\"article\" \/>\n<meta property=\"og:title\" content=\"USB Key - PERLE IN\" \/>\n<meta property=\"og:description\" content=\"Avoir des dossiers toujours \u00e0 port\u00e9e de main, c&#039;est possible avec la cl\u00e9 USB. Gr\u00e2ce \u00e0 son design pratique, cette cl\u00e9 USB s&#039;adapte parfaitement \u00e0 tout porte-cl\u00e9s (non inclus). Associ\u00e9e \u00e0 un logo imprim\u00e9, la finition m\u00e9tallique attire l&#039;attention, ce qui fait de la cl\u00e9 USB un objet parfait pour accro\u00eetre la notori\u00e9t\u00e9 de la marque. La cl\u00e9 USB est fabriqu\u00e9e en aluminium, ce qui la rend solide et l\u00e9g\u00e8re, et disponible en plusieurs couleurs accrocheuses.\" \/>\n<meta property=\"og:url\" content=\"https:\/\/perle-in.com\/en\/product\/usb-key\/\" \/>\n<meta property=\"og:site_name\" content=\"PERLE IN\" \/>\n<meta property=\"article:modified_time\" content=\"2025-10-27T21:57:26+00:00\" \/>\n<meta property=\"og:image\" content=\"https:\/\/perle-in.com\/wp-content\/uploads\/2025\/09\/1Z33390-8.jpg\" \/>\n\t<meta property=\"og:image:width\" content=\"1600\" \/>\n\t<meta property=\"og:image:height\" content=\"1600\" \/>\n\t<meta property=\"og:image:type\" content=\"image\/jpeg\" \/>\n<meta name=\"twitter:card\" content=\"summary_large_image\" \/>\n<script type=\"application\/ld+json\" class=\"yoast-schema-graph\">{\"@context\":\"https:\\\/\\\/schema.org\",\"@graph\":[{\"@type\":\"WebPage\",\"@id\":\"https:\\\/\\\/perle-in.com\\\/produit\\\/usb-key\\\/\",\"url\":\"https:\\\/\\\/perle-in.com\\\/produit\\\/usb-key\\\/\",\"name\":\"USB Key - PERLE IN\",\"isPartOf\":{\"@id\":\"https:\\\/\\\/perle-in.com\\\/#website\"},\"primaryImageOfPage\":{\"@id\":\"https:\\\/\\\/perle-in.com\\\/produit\\\/usb-key\\\/#primaryimage\"},\"image\":{\"@id\":\"https:\\\/\\\/perle-in.com\\\/produit\\\/usb-key\\\/#primaryimage\"},\"thumbnailUrl\":\"https:\\\/\\\/perle-in.com\\\/wp-content\\\/uploads\\\/2025\\\/09\\\/1Z33390-8.jpg\",\"datePublished\":\"2025-10-10T09:45:26+00:00\",\"dateModified\":\"2025-10-27T21:57:26+00:00\",\"breadcrumb\":{\"@id\":\"https:\\\/\\\/perle-in.com\\\/produit\\\/usb-key\\\/#breadcrumb\"},\"inLanguage\":\"en-CA\",\"potentialAction\":[{\"@type\":\"ReadAction\",\"target\":[\"https:\\\/\\\/perle-in.com\\\/produit\\\/usb-key\\\/\"]}]},{\"@type\":\"ImageObject\",\"inLanguage\":\"en-CA\",\"@id\":\"https:\\\/\\\/perle-in.com\\\/produit\\\/usb-key\\\/#primaryimage\",\"url\":\"https:\\\/\\\/perle-in.com\\\/wp-content\\\/uploads\\\/2025\\\/09\\\/1Z33390-8.jpg\",\"contentUrl\":\"https:\\\/\\\/perle-in.com\\\/wp-content\\\/uploads\\\/2025\\\/09\\\/1Z33390-8.jpg\",\"width\":1600,\"height\":1600},{\"@type\":\"BreadcrumbList\",\"@id\":\"https:\\\/\\\/perle-in.com\\\/produit\\\/usb-key\\\/#breadcrumb\",\"itemListElement\":[{\"@type\":\"ListItem\",\"position\":1,\"name\":\"Accueil\",\"item\":\"https:\\\/\\\/perle-in.com\\\/\"},{\"@type\":\"ListItem\",\"position\":2,\"name\":\"Boutique\",\"item\":\"https:\\\/\\\/perle-in.com\\\/boutique\\\/\"},{\"@type\":\"ListItem\",\"position\":3,\"name\":\"USB Key\"}]},{\"@type\":\"WebSite\",\"@id\":\"https:\\\/\\\/perle-in.com\\\/#website\",\"url\":\"https:\\\/\\\/perle-in.com\\\/\",\"name\":\"PERLE IN\",\"description\":\"\",\"publisher\":{\"@id\":\"https:\\\/\\\/perle-in.com\\\/#organization\"},\"potentialAction\":[{\"@type\":\"SearchAction\",\"target\":{\"@type\":\"EntryPoint\",\"urlTemplate\":\"https:\\\/\\\/perle-in.com\\\/?s={search_term_string}\"},\"query-input\":{\"@type\":\"PropertyValueSpecification\",\"valueRequired\":true,\"valueName\":\"search_term_string\"}}],\"inLanguage\":\"en-CA\"},{\"@type\":\"Organization\",\"@id\":\"https:\\\/\\\/perle-in.com\\\/#organization\",\"name\":\"PERLE IN\",\"url\":\"https:\\\/\\\/perle-in.com\\\/\",\"logo\":{\"@type\":\"ImageObject\",\"inLanguage\":\"en-CA\",\"@id\":\"https:\\\/\\\/perle-in.com\\\/#\\\/schema\\\/logo\\\/image\\\/\",\"url\":\"https:\\\/\\\/perle-in.com\\\/wp-content\\\/uploads\\\/2022\\\/12\\\/LOGO-PERLE-IN-COULEUR@3x.webp\",\"contentUrl\":\"https:\\\/\\\/perle-in.com\\\/wp-content\\\/uploads\\\/2022\\\/12\\\/LOGO-PERLE-IN-COULEUR@3x.webp\",\"width\":1600,\"height\":490,\"caption\":\"PERLE IN\"},\"image\":{\"@id\":\"https:\\\/\\\/perle-in.com\\\/#\\\/schema\\\/logo\\\/image\\\/\"}}]}<\/script>\n<!-- \/ Yoast SEO plugin. -->","yoast_head_json":{"title":"USB Key - PERLE IN","robots":{"index":"noindex","follow":"follow","max-snippet":"max-snippet:-1","max-image-preview":"max-image-preview:large","max-video-preview":"max-video-preview:-1"},"og_locale":"en_US","og_type":"article","og_title":"USB Key - PERLE IN","og_description":"Avoir des dossiers toujours \u00e0 port\u00e9e de main, c'est possible avec la cl\u00e9 USB. Gr\u00e2ce \u00e0 son design pratique, cette cl\u00e9 USB s'adapte parfaitement \u00e0 tout porte-cl\u00e9s (non inclus). Associ\u00e9e \u00e0 un logo imprim\u00e9, la finition m\u00e9tallique attire l'attention, ce qui fait de la cl\u00e9 USB un objet parfait pour accro\u00eetre la notori\u00e9t\u00e9 de la marque. La cl\u00e9 USB est fabriqu\u00e9e en aluminium, ce qui la rend solide et l\u00e9g\u00e8re, et disponible en plusieurs couleurs accrocheuses.","og_url":"https:\/\/perle-in.com\/en\/product\/usb-key\/","og_site_name":"PERLE IN","article_modified_time":"2025-10-27T21:57:26+00:00","og_image":[{"width":1600,"height":1600,"url":"https:\/\/perle-in.com\/wp-content\/uploads\/2025\/09\/1Z33390-8.jpg","type":"image\/jpeg"}],"twitter_card":"summary_large_image","schema":{"@context":"https:\/\/schema.org","@graph":[{"@type":"WebPage","@id":"https:\/\/perle-in.com\/produit\/usb-key\/","url":"https:\/\/perle-in.com\/produit\/usb-key\/","name":"USB Key - PERLE IN","isPartOf":{"@id":"https:\/\/perle-in.com\/#website"},"primaryImageOfPage":{"@id":"https:\/\/perle-in.com\/produit\/usb-key\/#primaryimage"},"image":{"@id":"https:\/\/perle-in.com\/produit\/usb-key\/#primaryimage"},"thumbnailUrl":"https:\/\/perle-in.com\/wp-content\/uploads\/2025\/09\/1Z33390-8.jpg","datePublished":"2025-10-10T09:45:26+00:00","dateModified":"2025-10-27T21:57:26+00:00","breadcrumb":{"@id":"https:\/\/perle-in.com\/produit\/usb-key\/#breadcrumb"},"inLanguage":"en-CA","potentialAction":[{"@type":"ReadAction","target":["https:\/\/perle-in.com\/produit\/usb-key\/"]}]},{"@type":"ImageObject","inLanguage":"en-CA","@id":"https:\/\/perle-in.com\/produit\/usb-key\/#primaryimage","url":"https:\/\/perle-in.com\/wp-content\/uploads\/2025\/09\/1Z33390-8.jpg","contentUrl":"https:\/\/perle-in.com\/wp-content\/uploads\/2025\/09\/1Z33390-8.jpg","width":1600,"height":1600},{"@type":"BreadcrumbList","@id":"https:\/\/perle-in.com\/produit\/usb-key\/#breadcrumb","itemListElement":[{"@type":"ListItem","position":1,"name":"Accueil","item":"https:\/\/perle-in.com\/"},{"@type":"ListItem","position":2,"name":"Boutique","item":"https:\/\/perle-in.com\/boutique\/"},{"@type":"ListItem","position":3,"name":"USB Key"}]},{"@type":"WebSite","@id":"https:\/\/perle-in.com\/#website","url":"https:\/\/perle-in.com\/","name":"PERLE IN","description":"","publisher":{"@id":"https:\/\/perle-in.com\/#organization"},"potentialAction":[{"@type":"SearchAction","target":{"@type":"EntryPoint","urlTemplate":"https:\/\/perle-in.com\/?s={search_term_string}"},"query-input":{"@type":"PropertyValueSpecification","valueRequired":true,"valueName":"search_term_string"}}],"inLanguage":"en-CA"},{"@type":"Organization","@id":"https:\/\/perle-in.com\/#organization","name":"PERLE IN","url":"https:\/\/perle-in.com\/","logo":{"@type":"ImageObject","inLanguage":"en-CA","@id":"https:\/\/perle-in.com\/#\/schema\/logo\/image\/","url":"https:\/\/perle-in.com\/wp-content\/uploads\/2022\/12\/LOGO-PERLE-IN-COULEUR@3x.webp","contentUrl":"https:\/\/perle-in.com\/wp-content\/uploads\/2022\/12\/LOGO-PERLE-IN-COULEUR@3x.webp","width":1600,"height":490,"caption":"PERLE IN"},"image":{"@id":"https:\/\/perle-in.com\/#\/schema\/logo\/image\/"}}]}},"jetpack_sharing_enabled":true,"_links":{"self":[{"href":"https:\/\/perle-in.com\/en\/wp-json\/wp\/v2\/product\/499769","targetHints":{"allow":["GET"]}}],"collection":[{"href":"https:\/\/perle-in.com\/en\/wp-json\/wp\/v2\/product"}],"about":[{"href":"https:\/\/perle-in.com\/en\/wp-json\/wp\/v2\/types\/product"}],"version-history":[{"count":0,"href":"https:\/\/perle-in.com\/en\/wp-json\/wp\/v2\/product\/499769\/revisions"}],"wp:featuredmedia":[{"embeddable":true,"href":"https:\/\/perle-in.com\/en\/wp-json\/wp\/v2\/media\/482308"}],"wp:attachment":[{"href":"https:\/\/perle-in.com\/en\/wp-json\/wp\/v2\/media?parent=499769"}],"wp:term":[{"taxonomy":"product_brand","embeddable":true,"href":"https:\/\/perle-in.com\/en\/wp-json\/wp\/v2\/product_brand?post=499769"},{"taxonomy":"product_cat","embeddable":true,"href":"https:\/\/perle-in.com\/en\/wp-json\/wp\/v2\/product_cat?post=499769"},{"taxonomy":"product_tag","embeddable":true,"href":"https:\/\/perle-in.com\/en\/wp-json\/wp\/v2\/product_tag?post=499769"}],"curies":[{"name":"wp","href":"https:\/\/api.w.org\/{rel}","templated":true}]}}