{"id":499735,"date":"2025-10-10T11:41:03","date_gmt":"2025-10-10T09:41:03","guid":{"rendered":"https:\/\/perle-in.com\/produit\/tourne-disque-mp3-vc400-prixton\/"},"modified":"2025-10-10T11:41:11","modified_gmt":"2025-10-10T09:41:11","slug":"tourne-disque-mp3-vc400-prixton","status":"publish","type":"product","link":"https:\/\/perle-in.com\/en\/product\/tourne-disque-mp3-vc400-prixton\/","title":{"rendered":"Tourne-disque MP3 VC400 Prixton"},"content":{"rendered":"","protected":false},"excerpt":{"rendered":"<p>Lecteur de vinyles et de musique via Bluetooth, USB, TF et radio FM. Num\u00e9rise le vinyle au format WAV via l&#8217;entr\u00e9e USB et la fente TF. Il dispose de sorties audio RCA et casque. Il comprend un stylet rubis pour jouer d\u00e9licatement les disques. Design en forme de mallette. Il relie un t\u00e9l\u00e9phone mobile au Bluetooth et utilise la fonction haut-parleur. Rapidit\u00e9\u00a0: 33,3\u00a0\/\u00a045\u00a0\/\u00a078\u00a0RPM. Stylet rubis inclus. <\/p>","protected":false},"featured_media":482221,"template":"","meta":{"_eb_attr":""},"product_brand":[],"product_cat":[782,667],"product_tag":[818,823,822,783,821],"class_list":{"0":"post-499735","1":"product","2":"type-product","3":"status-publish","4":"has-post-thumbnail","6":"product_cat-gadgets","7":"product_cat-technologie","8":"product_tag-bluetooth","9":"product_tag-lecteur","10":"product_tag-musique","11":"product_tag-prixton","12":"product_tag-vinyle","13":"pa_couleurs-blanc","14":"pa_couleurs-bleu-clair","15":"pa_couleurs-bois","16":"pa_couleurs-gris","17":"pa_couleurs-lilas","18":"pa_couleurs-moka","19":"pa_couleurs-noir","20":"pa_couleurs-rouge","22":"first","23":"instock","24":"shipping-taxable","25":"purchasable","26":"product-type-variable"},"yoast_head":"<!-- This site is optimized with the Yoast SEO plugin v27.4 - https:\/\/yoast.com\/product\/yoast-seo-wordpress\/ -->\n<title>Tourne-disque MP3 VC400 Prixton - PERLE IN<\/title>\n<meta name=\"robots\" content=\"noindex, follow, max-snippet:-1, max-image-preview:large, max-video-preview:-1\" \/>\n<meta property=\"og:locale\" content=\"en_US\" \/>\n<meta property=\"og:type\" content=\"article\" \/>\n<meta property=\"og:title\" content=\"Tourne-disque MP3 VC400 Prixton - PERLE IN\" \/>\n<meta property=\"og:description\" content=\"Lecteur de vinyles et de musique via Bluetooth, USB, TF et radio FM. Num\u00e9rise le vinyle au format WAV via l&#039;entr\u00e9e USB et la fente TF. Il dispose de sorties audio RCA et casque. Il comprend un stylet rubis pour jouer d\u00e9licatement les disques. Design en forme de mallette. Il relie un t\u00e9l\u00e9phone mobile au Bluetooth et utilise la fonction haut-parleur. Rapidit\u00e9\u00a0: 33,3\u00a0\/\u00a045\u00a0\/\u00a078\u00a0RPM. Stylet rubis inclus.\" \/>\n<meta property=\"og:url\" content=\"https:\/\/perle-in.com\/en\/product\/tourne-disque-mp3-vc400-prixton\/\" \/>\n<meta property=\"og:site_name\" content=\"PERLE IN\" \/>\n<meta property=\"article:modified_time\" content=\"2025-10-10T09:41:11+00:00\" \/>\n<meta property=\"og:image\" content=\"https:\/\/perle-in.com\/wp-content\/uploads\/2025\/09\/1PA05201-2.jpg\" \/>\n\t<meta property=\"og:image:width\" content=\"1600\" \/>\n\t<meta property=\"og:image:height\" content=\"1600\" \/>\n\t<meta property=\"og:image:type\" content=\"image\/jpeg\" \/>\n<meta name=\"twitter:card\" content=\"summary_large_image\" \/>\n<script type=\"application\/ld+json\" class=\"yoast-schema-graph\">{\"@context\":\"https:\\\/\\\/schema.org\",\"@graph\":[{\"@type\":\"WebPage\",\"@id\":\"https:\\\/\\\/perle-in.com\\\/produit\\\/tourne-disque-mp3-vc400-prixton\\\/\",\"url\":\"https:\\\/\\\/perle-in.com\\\/produit\\\/tourne-disque-mp3-vc400-prixton\\\/\",\"name\":\"Tourne-disque MP3 VC400 Prixton - PERLE IN\",\"isPartOf\":{\"@id\":\"https:\\\/\\\/perle-in.com\\\/#website\"},\"primaryImageOfPage\":{\"@id\":\"https:\\\/\\\/perle-in.com\\\/produit\\\/tourne-disque-mp3-vc400-prixton\\\/#primaryimage\"},\"image\":{\"@id\":\"https:\\\/\\\/perle-in.com\\\/produit\\\/tourne-disque-mp3-vc400-prixton\\\/#primaryimage\"},\"thumbnailUrl\":\"https:\\\/\\\/perle-in.com\\\/wp-content\\\/uploads\\\/2025\\\/09\\\/1PA05201-2.jpg\",\"datePublished\":\"2025-10-10T09:41:03+00:00\",\"dateModified\":\"2025-10-10T09:41:11+00:00\",\"breadcrumb\":{\"@id\":\"https:\\\/\\\/perle-in.com\\\/produit\\\/tourne-disque-mp3-vc400-prixton\\\/#breadcrumb\"},\"inLanguage\":\"en-CA\",\"potentialAction\":[{\"@type\":\"ReadAction\",\"target\":[\"https:\\\/\\\/perle-in.com\\\/produit\\\/tourne-disque-mp3-vc400-prixton\\\/\"]}]},{\"@type\":\"ImageObject\",\"inLanguage\":\"en-CA\",\"@id\":\"https:\\\/\\\/perle-in.com\\\/produit\\\/tourne-disque-mp3-vc400-prixton\\\/#primaryimage\",\"url\":\"https:\\\/\\\/perle-in.com\\\/wp-content\\\/uploads\\\/2025\\\/09\\\/1PA05201-2.jpg\",\"contentUrl\":\"https:\\\/\\\/perle-in.com\\\/wp-content\\\/uploads\\\/2025\\\/09\\\/1PA05201-2.jpg\",\"width\":1600,\"height\":1600},{\"@type\":\"BreadcrumbList\",\"@id\":\"https:\\\/\\\/perle-in.com\\\/produit\\\/tourne-disque-mp3-vc400-prixton\\\/#breadcrumb\",\"itemListElement\":[{\"@type\":\"ListItem\",\"position\":1,\"name\":\"Accueil\",\"item\":\"https:\\\/\\\/perle-in.com\\\/\"},{\"@type\":\"ListItem\",\"position\":2,\"name\":\"Boutique\",\"item\":\"https:\\\/\\\/perle-in.com\\\/boutique\\\/\"},{\"@type\":\"ListItem\",\"position\":3,\"name\":\"Tourne-disque MP3 VC400 Prixton\"}]},{\"@type\":\"WebSite\",\"@id\":\"https:\\\/\\\/perle-in.com\\\/#website\",\"url\":\"https:\\\/\\\/perle-in.com\\\/\",\"name\":\"PERLE IN\",\"description\":\"\",\"publisher\":{\"@id\":\"https:\\\/\\\/perle-in.com\\\/#organization\"},\"potentialAction\":[{\"@type\":\"SearchAction\",\"target\":{\"@type\":\"EntryPoint\",\"urlTemplate\":\"https:\\\/\\\/perle-in.com\\\/?s={search_term_string}\"},\"query-input\":{\"@type\":\"PropertyValueSpecification\",\"valueRequired\":true,\"valueName\":\"search_term_string\"}}],\"inLanguage\":\"en-CA\"},{\"@type\":\"Organization\",\"@id\":\"https:\\\/\\\/perle-in.com\\\/#organization\",\"name\":\"PERLE IN\",\"url\":\"https:\\\/\\\/perle-in.com\\\/\",\"logo\":{\"@type\":\"ImageObject\",\"inLanguage\":\"en-CA\",\"@id\":\"https:\\\/\\\/perle-in.com\\\/#\\\/schema\\\/logo\\\/image\\\/\",\"url\":\"https:\\\/\\\/perle-in.com\\\/wp-content\\\/uploads\\\/2022\\\/12\\\/LOGO-PERLE-IN-COULEUR@3x.webp\",\"contentUrl\":\"https:\\\/\\\/perle-in.com\\\/wp-content\\\/uploads\\\/2022\\\/12\\\/LOGO-PERLE-IN-COULEUR@3x.webp\",\"width\":1600,\"height\":490,\"caption\":\"PERLE IN\"},\"image\":{\"@id\":\"https:\\\/\\\/perle-in.com\\\/#\\\/schema\\\/logo\\\/image\\\/\"}}]}<\/script>\n<!-- \/ Yoast SEO plugin. -->","yoast_head_json":{"title":"Tourne-disque MP3 VC400 Prixton - PERLE IN","robots":{"index":"noindex","follow":"follow","max-snippet":"max-snippet:-1","max-image-preview":"max-image-preview:large","max-video-preview":"max-video-preview:-1"},"og_locale":"en_US","og_type":"article","og_title":"Tourne-disque MP3 VC400 Prixton - PERLE IN","og_description":"Lecteur de vinyles et de musique via Bluetooth, USB, TF et radio FM. Num\u00e9rise le vinyle au format WAV via l'entr\u00e9e USB et la fente TF. Il dispose de sorties audio RCA et casque. Il comprend un stylet rubis pour jouer d\u00e9licatement les disques. Design en forme de mallette. Il relie un t\u00e9l\u00e9phone mobile au Bluetooth et utilise la fonction haut-parleur. Rapidit\u00e9\u00a0: 33,3\u00a0\/\u00a045\u00a0\/\u00a078\u00a0RPM. Stylet rubis inclus.","og_url":"https:\/\/perle-in.com\/en\/product\/tourne-disque-mp3-vc400-prixton\/","og_site_name":"PERLE IN","article_modified_time":"2025-10-10T09:41:11+00:00","og_image":[{"width":1600,"height":1600,"url":"https:\/\/perle-in.com\/wp-content\/uploads\/2025\/09\/1PA05201-2.jpg","type":"image\/jpeg"}],"twitter_card":"summary_large_image","schema":{"@context":"https:\/\/schema.org","@graph":[{"@type":"WebPage","@id":"https:\/\/perle-in.com\/produit\/tourne-disque-mp3-vc400-prixton\/","url":"https:\/\/perle-in.com\/produit\/tourne-disque-mp3-vc400-prixton\/","name":"Tourne-disque MP3 VC400 Prixton - PERLE IN","isPartOf":{"@id":"https:\/\/perle-in.com\/#website"},"primaryImageOfPage":{"@id":"https:\/\/perle-in.com\/produit\/tourne-disque-mp3-vc400-prixton\/#primaryimage"},"image":{"@id":"https:\/\/perle-in.com\/produit\/tourne-disque-mp3-vc400-prixton\/#primaryimage"},"thumbnailUrl":"https:\/\/perle-in.com\/wp-content\/uploads\/2025\/09\/1PA05201-2.jpg","datePublished":"2025-10-10T09:41:03+00:00","dateModified":"2025-10-10T09:41:11+00:00","breadcrumb":{"@id":"https:\/\/perle-in.com\/produit\/tourne-disque-mp3-vc400-prixton\/#breadcrumb"},"inLanguage":"en-CA","potentialAction":[{"@type":"ReadAction","target":["https:\/\/perle-in.com\/produit\/tourne-disque-mp3-vc400-prixton\/"]}]},{"@type":"ImageObject","inLanguage":"en-CA","@id":"https:\/\/perle-in.com\/produit\/tourne-disque-mp3-vc400-prixton\/#primaryimage","url":"https:\/\/perle-in.com\/wp-content\/uploads\/2025\/09\/1PA05201-2.jpg","contentUrl":"https:\/\/perle-in.com\/wp-content\/uploads\/2025\/09\/1PA05201-2.jpg","width":1600,"height":1600},{"@type":"BreadcrumbList","@id":"https:\/\/perle-in.com\/produit\/tourne-disque-mp3-vc400-prixton\/#breadcrumb","itemListElement":[{"@type":"ListItem","position":1,"name":"Accueil","item":"https:\/\/perle-in.com\/"},{"@type":"ListItem","position":2,"name":"Boutique","item":"https:\/\/perle-in.com\/boutique\/"},{"@type":"ListItem","position":3,"name":"Tourne-disque MP3 VC400 Prixton"}]},{"@type":"WebSite","@id":"https:\/\/perle-in.com\/#website","url":"https:\/\/perle-in.com\/","name":"PERLE IN","description":"","publisher":{"@id":"https:\/\/perle-in.com\/#organization"},"potentialAction":[{"@type":"SearchAction","target":{"@type":"EntryPoint","urlTemplate":"https:\/\/perle-in.com\/?s={search_term_string}"},"query-input":{"@type":"PropertyValueSpecification","valueRequired":true,"valueName":"search_term_string"}}],"inLanguage":"en-CA"},{"@type":"Organization","@id":"https:\/\/perle-in.com\/#organization","name":"PERLE IN","url":"https:\/\/perle-in.com\/","logo":{"@type":"ImageObject","inLanguage":"en-CA","@id":"https:\/\/perle-in.com\/#\/schema\/logo\/image\/","url":"https:\/\/perle-in.com\/wp-content\/uploads\/2022\/12\/LOGO-PERLE-IN-COULEUR@3x.webp","contentUrl":"https:\/\/perle-in.com\/wp-content\/uploads\/2022\/12\/LOGO-PERLE-IN-COULEUR@3x.webp","width":1600,"height":490,"caption":"PERLE IN"},"image":{"@id":"https:\/\/perle-in.com\/#\/schema\/logo\/image\/"}}]}},"jetpack_sharing_enabled":true,"_links":{"self":[{"href":"https:\/\/perle-in.com\/en\/wp-json\/wp\/v2\/product\/499735","targetHints":{"allow":["GET"]}}],"collection":[{"href":"https:\/\/perle-in.com\/en\/wp-json\/wp\/v2\/product"}],"about":[{"href":"https:\/\/perle-in.com\/en\/wp-json\/wp\/v2\/types\/product"}],"version-history":[{"count":0,"href":"https:\/\/perle-in.com\/en\/wp-json\/wp\/v2\/product\/499735\/revisions"}],"wp:featuredmedia":[{"embeddable":true,"href":"https:\/\/perle-in.com\/en\/wp-json\/wp\/v2\/media\/482221"}],"wp:attachment":[{"href":"https:\/\/perle-in.com\/en\/wp-json\/wp\/v2\/media?parent=499735"}],"wp:term":[{"taxonomy":"product_brand","embeddable":true,"href":"https:\/\/perle-in.com\/en\/wp-json\/wp\/v2\/product_brand?post=499735"},{"taxonomy":"product_cat","embeddable":true,"href":"https:\/\/perle-in.com\/en\/wp-json\/wp\/v2\/product_cat?post=499735"},{"taxonomy":"product_tag","embeddable":true,"href":"https:\/\/perle-in.com\/en\/wp-json\/wp\/v2\/product_tag?post=499735"}],"curies":[{"name":"wp","href":"https:\/\/api.w.org\/{rel}","templated":true}]}}