{"id":499656,"date":"2025-10-10T11:27:27","date_gmt":"2025-10-10T09:27:27","guid":{"rendered":"https:\/\/perle-in.com\/produit\/cle-usb-rotative-metallisee\/"},"modified":"2025-10-10T11:29:16","modified_gmt":"2025-10-10T09:29:16","slug":"cle-usb-rotative-metallisee","status":"publish","type":"product","link":"https:\/\/perle-in.com\/en\/product\/cle-usb-rotative-metallisee\/","title":{"rendered":"Cl\u00e9 USB rotative m\u00e9tallis\u00e9e"},"content":{"rendered":"","protected":false},"excerpt":{"rendered":"<p>Avoir tous ses fichiers \u00e0 port\u00e9e de main et accro\u00eetre la notori\u00e9t\u00e9 de sa marque est simple avec la cl\u00e9 USB Rotate Metallic. Cette cl\u00e9 en plastique est dot\u00e9e d&#8217;un corps en aluminium tournant \u00e0 360 degr\u00e9s, ce qui permet d&#8217;ouvrir et de fermer facilement la cl\u00e9 USB et d&#8217;emp\u00eacher la salet\u00e9 d&#8217;entrer dans le port USB. De plus, la finition m\u00e9tallique &#8220;ton sur ton&#8221; rend la cl\u00e9 USB encore plus attrayante. Le crochet sur le bo\u00eetier permet \u00e0 l&#8217;utilisateur de fixer un porte-cl\u00e9s (non inclus). Cette cl\u00e9 USB est disponible dans un large \u00e9ventail de capacit\u00e9s, de tailles et de couleurs.<\/p>","protected":false},"featured_media":481710,"template":"","meta":{"_eb_attr":""},"product_brand":[],"product_cat":[743,667],"product_tag":[745,747,748,746,744],"class_list":{"0":"post-499656","1":"product","2":"type-product","3":"status-publish","4":"has-post-thumbnail","6":"product_cat-cles-usb","7":"product_cat-technologie","8":"product_tag-cle-usb","9":"product_tag-clef-usb","10":"product_tag-clefs-usb","11":"product_tag-cles-usb","12":"product_tag-usb","13":"pa_couleurs-bleu","14":"pa_couleurs-bleu-royal","15":"pa_couleurs-citron-vert","16":"pa_couleurs-noir","17":"pa_couleurs-orange","18":"pa_couleurs-rouge","19":"pa_couleurs-rouge-fonce","20":"pa_taille-16gb","21":"pa_taille-1gb","22":"pa_taille-2gb","23":"pa_taille-32gb","24":"pa_taille-4gb","25":"pa_taille-64gb","26":"pa_taille-8gb","28":"first","29":"instock","30":"shipping-taxable","31":"purchasable","32":"product-type-variable"},"yoast_head":"<!-- This site is optimized with the Yoast SEO plugin v27.4 - https:\/\/yoast.com\/product\/yoast-seo-wordpress\/ -->\n<title>Cl\u00e9 USB rotative m\u00e9tallis\u00e9e - PERLE IN<\/title>\n<meta name=\"robots\" content=\"noindex, follow, max-snippet:-1, max-image-preview:large, max-video-preview:-1\" \/>\n<meta property=\"og:locale\" content=\"en_US\" \/>\n<meta property=\"og:type\" content=\"article\" \/>\n<meta property=\"og:title\" content=\"Cl\u00e9 USB rotative m\u00e9tallis\u00e9e - PERLE IN\" \/>\n<meta property=\"og:description\" content=\"Avoir tous ses fichiers \u00e0 port\u00e9e de main et accro\u00eetre la notori\u00e9t\u00e9 de sa marque est simple avec la cl\u00e9 USB Rotate Metallic. Cette cl\u00e9 en plastique est dot\u00e9e d&#039;un corps en aluminium tournant \u00e0 360 degr\u00e9s, ce qui permet d&#039;ouvrir et de fermer facilement la cl\u00e9 USB et d&#039;emp\u00eacher la salet\u00e9 d&#039;entrer dans le port USB. De plus, la finition m\u00e9tallique &quot;ton sur ton&quot; rend la cl\u00e9 USB encore plus attrayante. Le crochet sur le bo\u00eetier permet \u00e0 l&#039;utilisateur de fixer un porte-cl\u00e9s (non inclus). Cette cl\u00e9 USB est disponible dans un large \u00e9ventail de capacit\u00e9s, de tailles et de couleurs.\" \/>\n<meta property=\"og:url\" content=\"https:\/\/perle-in.com\/en\/product\/cle-usb-rotative-metallisee\/\" \/>\n<meta property=\"og:site_name\" content=\"PERLE IN\" \/>\n<meta property=\"article:modified_time\" content=\"2025-10-10T09:29:16+00:00\" \/>\n<meta property=\"og:image\" content=\"https:\/\/perle-in.com\/wp-content\/uploads\/2025\/09\/1Z42000-10.jpg\" \/>\n\t<meta property=\"og:image:width\" content=\"1600\" \/>\n\t<meta property=\"og:image:height\" content=\"1600\" \/>\n\t<meta property=\"og:image:type\" content=\"image\/jpeg\" \/>\n<meta name=\"twitter:card\" content=\"summary_large_image\" \/>\n<script type=\"application\/ld+json\" class=\"yoast-schema-graph\">{\"@context\":\"https:\\\/\\\/schema.org\",\"@graph\":[{\"@type\":\"WebPage\",\"@id\":\"https:\\\/\\\/perle-in.com\\\/produit\\\/cle-usb-rotative-metallisee\\\/\",\"url\":\"https:\\\/\\\/perle-in.com\\\/produit\\\/cle-usb-rotative-metallisee\\\/\",\"name\":\"Cl\u00e9 USB rotative m\u00e9tallis\u00e9e - PERLE IN\",\"isPartOf\":{\"@id\":\"https:\\\/\\\/perle-in.com\\\/#website\"},\"primaryImageOfPage\":{\"@id\":\"https:\\\/\\\/perle-in.com\\\/produit\\\/cle-usb-rotative-metallisee\\\/#primaryimage\"},\"image\":{\"@id\":\"https:\\\/\\\/perle-in.com\\\/produit\\\/cle-usb-rotative-metallisee\\\/#primaryimage\"},\"thumbnailUrl\":\"https:\\\/\\\/perle-in.com\\\/wp-content\\\/uploads\\\/2025\\\/09\\\/1Z42000-10.jpg\",\"datePublished\":\"2025-10-10T09:27:27+00:00\",\"dateModified\":\"2025-10-10T09:29:16+00:00\",\"breadcrumb\":{\"@id\":\"https:\\\/\\\/perle-in.com\\\/produit\\\/cle-usb-rotative-metallisee\\\/#breadcrumb\"},\"inLanguage\":\"en-CA\",\"potentialAction\":[{\"@type\":\"ReadAction\",\"target\":[\"https:\\\/\\\/perle-in.com\\\/produit\\\/cle-usb-rotative-metallisee\\\/\"]}]},{\"@type\":\"ImageObject\",\"inLanguage\":\"en-CA\",\"@id\":\"https:\\\/\\\/perle-in.com\\\/produit\\\/cle-usb-rotative-metallisee\\\/#primaryimage\",\"url\":\"https:\\\/\\\/perle-in.com\\\/wp-content\\\/uploads\\\/2025\\\/09\\\/1Z42000-10.jpg\",\"contentUrl\":\"https:\\\/\\\/perle-in.com\\\/wp-content\\\/uploads\\\/2025\\\/09\\\/1Z42000-10.jpg\",\"width\":1600,\"height\":1600},{\"@type\":\"BreadcrumbList\",\"@id\":\"https:\\\/\\\/perle-in.com\\\/produit\\\/cle-usb-rotative-metallisee\\\/#breadcrumb\",\"itemListElement\":[{\"@type\":\"ListItem\",\"position\":1,\"name\":\"Accueil\",\"item\":\"https:\\\/\\\/perle-in.com\\\/\"},{\"@type\":\"ListItem\",\"position\":2,\"name\":\"Boutique\",\"item\":\"https:\\\/\\\/perle-in.com\\\/boutique\\\/\"},{\"@type\":\"ListItem\",\"position\":3,\"name\":\"Cl\u00e9 USB rotative m\u00e9tallis\u00e9e\"}]},{\"@type\":\"WebSite\",\"@id\":\"https:\\\/\\\/perle-in.com\\\/#website\",\"url\":\"https:\\\/\\\/perle-in.com\\\/\",\"name\":\"PERLE IN\",\"description\":\"\",\"publisher\":{\"@id\":\"https:\\\/\\\/perle-in.com\\\/#organization\"},\"potentialAction\":[{\"@type\":\"SearchAction\",\"target\":{\"@type\":\"EntryPoint\",\"urlTemplate\":\"https:\\\/\\\/perle-in.com\\\/?s={search_term_string}\"},\"query-input\":{\"@type\":\"PropertyValueSpecification\",\"valueRequired\":true,\"valueName\":\"search_term_string\"}}],\"inLanguage\":\"en-CA\"},{\"@type\":\"Organization\",\"@id\":\"https:\\\/\\\/perle-in.com\\\/#organization\",\"name\":\"PERLE IN\",\"url\":\"https:\\\/\\\/perle-in.com\\\/\",\"logo\":{\"@type\":\"ImageObject\",\"inLanguage\":\"en-CA\",\"@id\":\"https:\\\/\\\/perle-in.com\\\/#\\\/schema\\\/logo\\\/image\\\/\",\"url\":\"https:\\\/\\\/perle-in.com\\\/wp-content\\\/uploads\\\/2022\\\/12\\\/LOGO-PERLE-IN-COULEUR@3x.webp\",\"contentUrl\":\"https:\\\/\\\/perle-in.com\\\/wp-content\\\/uploads\\\/2022\\\/12\\\/LOGO-PERLE-IN-COULEUR@3x.webp\",\"width\":1600,\"height\":490,\"caption\":\"PERLE IN\"},\"image\":{\"@id\":\"https:\\\/\\\/perle-in.com\\\/#\\\/schema\\\/logo\\\/image\\\/\"}}]}<\/script>\n<!-- \/ Yoast SEO plugin. -->","yoast_head_json":{"title":"Cl\u00e9 USB rotative m\u00e9tallis\u00e9e - PERLE IN","robots":{"index":"noindex","follow":"follow","max-snippet":"max-snippet:-1","max-image-preview":"max-image-preview:large","max-video-preview":"max-video-preview:-1"},"og_locale":"en_US","og_type":"article","og_title":"Cl\u00e9 USB rotative m\u00e9tallis\u00e9e - PERLE IN","og_description":"Avoir tous ses fichiers \u00e0 port\u00e9e de main et accro\u00eetre la notori\u00e9t\u00e9 de sa marque est simple avec la cl\u00e9 USB Rotate Metallic. Cette cl\u00e9 en plastique est dot\u00e9e d'un corps en aluminium tournant \u00e0 360 degr\u00e9s, ce qui permet d'ouvrir et de fermer facilement la cl\u00e9 USB et d'emp\u00eacher la salet\u00e9 d'entrer dans le port USB. De plus, la finition m\u00e9tallique \"ton sur ton\" rend la cl\u00e9 USB encore plus attrayante. Le crochet sur le bo\u00eetier permet \u00e0 l'utilisateur de fixer un porte-cl\u00e9s (non inclus). Cette cl\u00e9 USB est disponible dans un large \u00e9ventail de capacit\u00e9s, de tailles et de couleurs.","og_url":"https:\/\/perle-in.com\/en\/product\/cle-usb-rotative-metallisee\/","og_site_name":"PERLE IN","article_modified_time":"2025-10-10T09:29:16+00:00","og_image":[{"width":1600,"height":1600,"url":"https:\/\/perle-in.com\/wp-content\/uploads\/2025\/09\/1Z42000-10.jpg","type":"image\/jpeg"}],"twitter_card":"summary_large_image","schema":{"@context":"https:\/\/schema.org","@graph":[{"@type":"WebPage","@id":"https:\/\/perle-in.com\/produit\/cle-usb-rotative-metallisee\/","url":"https:\/\/perle-in.com\/produit\/cle-usb-rotative-metallisee\/","name":"Cl\u00e9 USB rotative m\u00e9tallis\u00e9e - PERLE IN","isPartOf":{"@id":"https:\/\/perle-in.com\/#website"},"primaryImageOfPage":{"@id":"https:\/\/perle-in.com\/produit\/cle-usb-rotative-metallisee\/#primaryimage"},"image":{"@id":"https:\/\/perle-in.com\/produit\/cle-usb-rotative-metallisee\/#primaryimage"},"thumbnailUrl":"https:\/\/perle-in.com\/wp-content\/uploads\/2025\/09\/1Z42000-10.jpg","datePublished":"2025-10-10T09:27:27+00:00","dateModified":"2025-10-10T09:29:16+00:00","breadcrumb":{"@id":"https:\/\/perle-in.com\/produit\/cle-usb-rotative-metallisee\/#breadcrumb"},"inLanguage":"en-CA","potentialAction":[{"@type":"ReadAction","target":["https:\/\/perle-in.com\/produit\/cle-usb-rotative-metallisee\/"]}]},{"@type":"ImageObject","inLanguage":"en-CA","@id":"https:\/\/perle-in.com\/produit\/cle-usb-rotative-metallisee\/#primaryimage","url":"https:\/\/perle-in.com\/wp-content\/uploads\/2025\/09\/1Z42000-10.jpg","contentUrl":"https:\/\/perle-in.com\/wp-content\/uploads\/2025\/09\/1Z42000-10.jpg","width":1600,"height":1600},{"@type":"BreadcrumbList","@id":"https:\/\/perle-in.com\/produit\/cle-usb-rotative-metallisee\/#breadcrumb","itemListElement":[{"@type":"ListItem","position":1,"name":"Accueil","item":"https:\/\/perle-in.com\/"},{"@type":"ListItem","position":2,"name":"Boutique","item":"https:\/\/perle-in.com\/boutique\/"},{"@type":"ListItem","position":3,"name":"Cl\u00e9 USB rotative m\u00e9tallis\u00e9e"}]},{"@type":"WebSite","@id":"https:\/\/perle-in.com\/#website","url":"https:\/\/perle-in.com\/","name":"PERLE IN","description":"","publisher":{"@id":"https:\/\/perle-in.com\/#organization"},"potentialAction":[{"@type":"SearchAction","target":{"@type":"EntryPoint","urlTemplate":"https:\/\/perle-in.com\/?s={search_term_string}"},"query-input":{"@type":"PropertyValueSpecification","valueRequired":true,"valueName":"search_term_string"}}],"inLanguage":"en-CA"},{"@type":"Organization","@id":"https:\/\/perle-in.com\/#organization","name":"PERLE IN","url":"https:\/\/perle-in.com\/","logo":{"@type":"ImageObject","inLanguage":"en-CA","@id":"https:\/\/perle-in.com\/#\/schema\/logo\/image\/","url":"https:\/\/perle-in.com\/wp-content\/uploads\/2022\/12\/LOGO-PERLE-IN-COULEUR@3x.webp","contentUrl":"https:\/\/perle-in.com\/wp-content\/uploads\/2022\/12\/LOGO-PERLE-IN-COULEUR@3x.webp","width":1600,"height":490,"caption":"PERLE IN"},"image":{"@id":"https:\/\/perle-in.com\/#\/schema\/logo\/image\/"}}]}},"jetpack_sharing_enabled":true,"_links":{"self":[{"href":"https:\/\/perle-in.com\/en\/wp-json\/wp\/v2\/product\/499656","targetHints":{"allow":["GET"]}}],"collection":[{"href":"https:\/\/perle-in.com\/en\/wp-json\/wp\/v2\/product"}],"about":[{"href":"https:\/\/perle-in.com\/en\/wp-json\/wp\/v2\/types\/product"}],"version-history":[{"count":0,"href":"https:\/\/perle-in.com\/en\/wp-json\/wp\/v2\/product\/499656\/revisions"}],"wp:featuredmedia":[{"embeddable":true,"href":"https:\/\/perle-in.com\/en\/wp-json\/wp\/v2\/media\/481710"}],"wp:attachment":[{"href":"https:\/\/perle-in.com\/en\/wp-json\/wp\/v2\/media?parent=499656"}],"wp:term":[{"taxonomy":"product_brand","embeddable":true,"href":"https:\/\/perle-in.com\/en\/wp-json\/wp\/v2\/product_brand?post=499656"},{"taxonomy":"product_cat","embeddable":true,"href":"https:\/\/perle-in.com\/en\/wp-json\/wp\/v2\/product_cat?post=499656"},{"taxonomy":"product_tag","embeddable":true,"href":"https:\/\/perle-in.com\/en\/wp-json\/wp\/v2\/product_tag?post=499656"}],"curies":[{"name":"wp","href":"https:\/\/api.w.org\/{rel}","templated":true}]}}