{"id":499292,"date":"2025-10-10T10:54:00","date_gmt":"2025-10-10T08:54:00","guid":{"rendered":"https:\/\/perle-in.com\/produit\/batterie-de-secours-ws104-2000-2200-2600-mah\/"},"modified":"2025-10-10T10:54:06","modified_gmt":"2025-10-10T08:54:06","slug":"batterie-de-secours-ws104-2000-2200-2600-mah","status":"publish","type":"product","link":"https:\/\/perle-in.com\/en\/product\/batterie-de-secours-ws104-2000-2200-2600-mah\/","title":{"rendered":"Batterie de secours WS104 2000\/2200\/2600 mAh"},"content":{"rendered":"","protected":false},"excerpt":{"rendered":"<p>Un mod\u00e8le classique de chargeur, robuste et qui peut se glisser dans une poche. Fourni avec un anneau pour attacher vos cl\u00e9s ou fixer sur un sac ou \u00e0 votre jean. La batterie Lithium-Ion se recharge en deux heures.<\/p>","protected":false},"featured_media":482097,"template":"","meta":{"_eb_attr":""},"product_brand":[],"product_cat":[811,667],"product_tag":[813,812,816,814,815],"class_list":{"0":"post-499292","1":"product","2":"type-product","3":"status-publish","4":"has-post-thumbnail","6":"product_cat-batteries-externes","7":"product_cat-technologie","8":"product_tag-batterie","9":"product_tag-batterie-de-secours","10":"product_tag-charge","11":"product_tag-chargement","12":"product_tag-chargeur","13":"pa_couleurs-blanc","14":"pa_couleurs-noir","15":"pa_taille-2000mah","16":"pa_taille-2200mah","17":"pa_taille-2600mah","19":"first","20":"instock","21":"shipping-taxable","22":"purchasable","23":"product-type-variable"},"yoast_head":"<!-- This site is optimized with the Yoast SEO plugin v27.4 - https:\/\/yoast.com\/product\/yoast-seo-wordpress\/ -->\n<title>Batterie de secours WS104 2000\/2200\/2600 mAh - PERLE IN<\/title>\n<meta name=\"robots\" content=\"noindex, follow, max-snippet:-1, max-image-preview:large, max-video-preview:-1\" \/>\n<meta property=\"og:locale\" content=\"en_US\" \/>\n<meta property=\"og:type\" content=\"article\" \/>\n<meta property=\"og:title\" content=\"Batterie de secours WS104 2000\/2200\/2600 mAh - PERLE IN\" \/>\n<meta property=\"og:description\" content=\"Un mod\u00e8le classique de chargeur, robuste et qui peut se glisser dans une poche. Fourni avec un anneau pour attacher vos cl\u00e9s ou fixer sur un sac ou \u00e0 votre jean. La batterie Lithium-Ion se recharge en deux heures.\" \/>\n<meta property=\"og:url\" content=\"https:\/\/perle-in.com\/en\/product\/batterie-de-secours-ws104-2000-2200-2600-mah\/\" \/>\n<meta property=\"og:site_name\" content=\"PERLE IN\" \/>\n<meta property=\"article:modified_time\" content=\"2025-10-10T08:54:06+00:00\" \/>\n<meta property=\"og:image\" content=\"https:\/\/perle-in.com\/wp-content\/uploads\/2025\/09\/1Z70101B-4.jpg\" \/>\n\t<meta property=\"og:image:width\" content=\"1600\" \/>\n\t<meta property=\"og:image:height\" content=\"1600\" \/>\n\t<meta property=\"og:image:type\" content=\"image\/jpeg\" \/>\n<meta name=\"twitter:card\" content=\"summary_large_image\" \/>\n<script type=\"application\/ld+json\" class=\"yoast-schema-graph\">{\"@context\":\"https:\\\/\\\/schema.org\",\"@graph\":[{\"@type\":\"WebPage\",\"@id\":\"https:\\\/\\\/perle-in.com\\\/produit\\\/batterie-de-secours-ws104-2000-2200-2600-mah\\\/\",\"url\":\"https:\\\/\\\/perle-in.com\\\/produit\\\/batterie-de-secours-ws104-2000-2200-2600-mah\\\/\",\"name\":\"Batterie de secours WS104 2000\\\/2200\\\/2600 mAh - PERLE IN\",\"isPartOf\":{\"@id\":\"https:\\\/\\\/perle-in.com\\\/#website\"},\"primaryImageOfPage\":{\"@id\":\"https:\\\/\\\/perle-in.com\\\/produit\\\/batterie-de-secours-ws104-2000-2200-2600-mah\\\/#primaryimage\"},\"image\":{\"@id\":\"https:\\\/\\\/perle-in.com\\\/produit\\\/batterie-de-secours-ws104-2000-2200-2600-mah\\\/#primaryimage\"},\"thumbnailUrl\":\"https:\\\/\\\/perle-in.com\\\/wp-content\\\/uploads\\\/2025\\\/09\\\/1Z70101B-4.jpg\",\"datePublished\":\"2025-10-10T08:54:00+00:00\",\"dateModified\":\"2025-10-10T08:54:06+00:00\",\"breadcrumb\":{\"@id\":\"https:\\\/\\\/perle-in.com\\\/produit\\\/batterie-de-secours-ws104-2000-2200-2600-mah\\\/#breadcrumb\"},\"inLanguage\":\"en-CA\",\"potentialAction\":[{\"@type\":\"ReadAction\",\"target\":[\"https:\\\/\\\/perle-in.com\\\/produit\\\/batterie-de-secours-ws104-2000-2200-2600-mah\\\/\"]}]},{\"@type\":\"ImageObject\",\"inLanguage\":\"en-CA\",\"@id\":\"https:\\\/\\\/perle-in.com\\\/produit\\\/batterie-de-secours-ws104-2000-2200-2600-mah\\\/#primaryimage\",\"url\":\"https:\\\/\\\/perle-in.com\\\/wp-content\\\/uploads\\\/2025\\\/09\\\/1Z70101B-4.jpg\",\"contentUrl\":\"https:\\\/\\\/perle-in.com\\\/wp-content\\\/uploads\\\/2025\\\/09\\\/1Z70101B-4.jpg\",\"width\":1600,\"height\":1600},{\"@type\":\"BreadcrumbList\",\"@id\":\"https:\\\/\\\/perle-in.com\\\/produit\\\/batterie-de-secours-ws104-2000-2200-2600-mah\\\/#breadcrumb\",\"itemListElement\":[{\"@type\":\"ListItem\",\"position\":1,\"name\":\"Accueil\",\"item\":\"https:\\\/\\\/perle-in.com\\\/\"},{\"@type\":\"ListItem\",\"position\":2,\"name\":\"Boutique\",\"item\":\"https:\\\/\\\/perle-in.com\\\/boutique\\\/\"},{\"@type\":\"ListItem\",\"position\":3,\"name\":\"Batterie de secours WS104 2000\\\/2200\\\/2600 mAh\"}]},{\"@type\":\"WebSite\",\"@id\":\"https:\\\/\\\/perle-in.com\\\/#website\",\"url\":\"https:\\\/\\\/perle-in.com\\\/\",\"name\":\"PERLE IN\",\"description\":\"\",\"publisher\":{\"@id\":\"https:\\\/\\\/perle-in.com\\\/#organization\"},\"potentialAction\":[{\"@type\":\"SearchAction\",\"target\":{\"@type\":\"EntryPoint\",\"urlTemplate\":\"https:\\\/\\\/perle-in.com\\\/?s={search_term_string}\"},\"query-input\":{\"@type\":\"PropertyValueSpecification\",\"valueRequired\":true,\"valueName\":\"search_term_string\"}}],\"inLanguage\":\"en-CA\"},{\"@type\":\"Organization\",\"@id\":\"https:\\\/\\\/perle-in.com\\\/#organization\",\"name\":\"PERLE IN\",\"url\":\"https:\\\/\\\/perle-in.com\\\/\",\"logo\":{\"@type\":\"ImageObject\",\"inLanguage\":\"en-CA\",\"@id\":\"https:\\\/\\\/perle-in.com\\\/#\\\/schema\\\/logo\\\/image\\\/\",\"url\":\"https:\\\/\\\/perle-in.com\\\/wp-content\\\/uploads\\\/2022\\\/12\\\/LOGO-PERLE-IN-COULEUR@3x.webp\",\"contentUrl\":\"https:\\\/\\\/perle-in.com\\\/wp-content\\\/uploads\\\/2022\\\/12\\\/LOGO-PERLE-IN-COULEUR@3x.webp\",\"width\":1600,\"height\":490,\"caption\":\"PERLE IN\"},\"image\":{\"@id\":\"https:\\\/\\\/perle-in.com\\\/#\\\/schema\\\/logo\\\/image\\\/\"}}]}<\/script>\n<!-- \/ Yoast SEO plugin. -->","yoast_head_json":{"title":"Batterie de secours WS104 2000\/2200\/2600 mAh - PERLE IN","robots":{"index":"noindex","follow":"follow","max-snippet":"max-snippet:-1","max-image-preview":"max-image-preview:large","max-video-preview":"max-video-preview:-1"},"og_locale":"en_US","og_type":"article","og_title":"Batterie de secours WS104 2000\/2200\/2600 mAh - PERLE IN","og_description":"Un mod\u00e8le classique de chargeur, robuste et qui peut se glisser dans une poche. Fourni avec un anneau pour attacher vos cl\u00e9s ou fixer sur un sac ou \u00e0 votre jean. La batterie Lithium-Ion se recharge en deux heures.","og_url":"https:\/\/perle-in.com\/en\/product\/batterie-de-secours-ws104-2000-2200-2600-mah\/","og_site_name":"PERLE IN","article_modified_time":"2025-10-10T08:54:06+00:00","og_image":[{"width":1600,"height":1600,"url":"https:\/\/perle-in.com\/wp-content\/uploads\/2025\/09\/1Z70101B-4.jpg","type":"image\/jpeg"}],"twitter_card":"summary_large_image","schema":{"@context":"https:\/\/schema.org","@graph":[{"@type":"WebPage","@id":"https:\/\/perle-in.com\/produit\/batterie-de-secours-ws104-2000-2200-2600-mah\/","url":"https:\/\/perle-in.com\/produit\/batterie-de-secours-ws104-2000-2200-2600-mah\/","name":"Batterie de secours WS104 2000\/2200\/2600 mAh - PERLE IN","isPartOf":{"@id":"https:\/\/perle-in.com\/#website"},"primaryImageOfPage":{"@id":"https:\/\/perle-in.com\/produit\/batterie-de-secours-ws104-2000-2200-2600-mah\/#primaryimage"},"image":{"@id":"https:\/\/perle-in.com\/produit\/batterie-de-secours-ws104-2000-2200-2600-mah\/#primaryimage"},"thumbnailUrl":"https:\/\/perle-in.com\/wp-content\/uploads\/2025\/09\/1Z70101B-4.jpg","datePublished":"2025-10-10T08:54:00+00:00","dateModified":"2025-10-10T08:54:06+00:00","breadcrumb":{"@id":"https:\/\/perle-in.com\/produit\/batterie-de-secours-ws104-2000-2200-2600-mah\/#breadcrumb"},"inLanguage":"en-CA","potentialAction":[{"@type":"ReadAction","target":["https:\/\/perle-in.com\/produit\/batterie-de-secours-ws104-2000-2200-2600-mah\/"]}]},{"@type":"ImageObject","inLanguage":"en-CA","@id":"https:\/\/perle-in.com\/produit\/batterie-de-secours-ws104-2000-2200-2600-mah\/#primaryimage","url":"https:\/\/perle-in.com\/wp-content\/uploads\/2025\/09\/1Z70101B-4.jpg","contentUrl":"https:\/\/perle-in.com\/wp-content\/uploads\/2025\/09\/1Z70101B-4.jpg","width":1600,"height":1600},{"@type":"BreadcrumbList","@id":"https:\/\/perle-in.com\/produit\/batterie-de-secours-ws104-2000-2200-2600-mah\/#breadcrumb","itemListElement":[{"@type":"ListItem","position":1,"name":"Accueil","item":"https:\/\/perle-in.com\/"},{"@type":"ListItem","position":2,"name":"Boutique","item":"https:\/\/perle-in.com\/boutique\/"},{"@type":"ListItem","position":3,"name":"Batterie de secours WS104 2000\/2200\/2600 mAh"}]},{"@type":"WebSite","@id":"https:\/\/perle-in.com\/#website","url":"https:\/\/perle-in.com\/","name":"PERLE IN","description":"","publisher":{"@id":"https:\/\/perle-in.com\/#organization"},"potentialAction":[{"@type":"SearchAction","target":{"@type":"EntryPoint","urlTemplate":"https:\/\/perle-in.com\/?s={search_term_string}"},"query-input":{"@type":"PropertyValueSpecification","valueRequired":true,"valueName":"search_term_string"}}],"inLanguage":"en-CA"},{"@type":"Organization","@id":"https:\/\/perle-in.com\/#organization","name":"PERLE IN","url":"https:\/\/perle-in.com\/","logo":{"@type":"ImageObject","inLanguage":"en-CA","@id":"https:\/\/perle-in.com\/#\/schema\/logo\/image\/","url":"https:\/\/perle-in.com\/wp-content\/uploads\/2022\/12\/LOGO-PERLE-IN-COULEUR@3x.webp","contentUrl":"https:\/\/perle-in.com\/wp-content\/uploads\/2022\/12\/LOGO-PERLE-IN-COULEUR@3x.webp","width":1600,"height":490,"caption":"PERLE IN"},"image":{"@id":"https:\/\/perle-in.com\/#\/schema\/logo\/image\/"}}]}},"jetpack_sharing_enabled":true,"_links":{"self":[{"href":"https:\/\/perle-in.com\/en\/wp-json\/wp\/v2\/product\/499292","targetHints":{"allow":["GET"]}}],"collection":[{"href":"https:\/\/perle-in.com\/en\/wp-json\/wp\/v2\/product"}],"about":[{"href":"https:\/\/perle-in.com\/en\/wp-json\/wp\/v2\/types\/product"}],"version-history":[{"count":0,"href":"https:\/\/perle-in.com\/en\/wp-json\/wp\/v2\/product\/499292\/revisions"}],"wp:featuredmedia":[{"embeddable":true,"href":"https:\/\/perle-in.com\/en\/wp-json\/wp\/v2\/media\/482097"}],"wp:attachment":[{"href":"https:\/\/perle-in.com\/en\/wp-json\/wp\/v2\/media?parent=499292"}],"wp:term":[{"taxonomy":"product_brand","embeddable":true,"href":"https:\/\/perle-in.com\/en\/wp-json\/wp\/v2\/product_brand?post=499292"},{"taxonomy":"product_cat","embeddable":true,"href":"https:\/\/perle-in.com\/en\/wp-json\/wp\/v2\/product_cat?post=499292"},{"taxonomy":"product_tag","embeddable":true,"href":"https:\/\/perle-in.com\/en\/wp-json\/wp\/v2\/product_tag?post=499292"}],"curies":[{"name":"wp","href":"https:\/\/api.w.org\/{rel}","templated":true}]}}