{"id":499212,"date":"2025-10-10T10:47:00","date_gmt":"2025-10-10T08:47:00","guid":{"rendered":"https:\/\/perle-in.com\/produit\/cle-usb-rotative-basique\/"},"modified":"2025-10-10T10:47:50","modified_gmt":"2025-10-10T08:47:50","slug":"cle-usb-rotative-basique","status":"publish","type":"product","link":"https:\/\/perle-in.com\/en\/product\/cle-usb-rotative-basique\/","title":{"rendered":"Cl\u00e9 USB rotative basique"},"content":{"rendered":"","protected":false},"excerpt":{"rendered":"<p>Avec notre best-seller, la cl\u00e9 USB Rotate, tous les fichiers stock\u00e9s sont \u00e0 port\u00e9e de main. C&#8217;est \u00e9galement l&#8217;article parfait pour accro\u00eetre la notori\u00e9t\u00e9 de la marque de mani\u00e8re subtile. La cl\u00e9 USB en plastique est dot\u00e9e d&#8217;un corps en aluminium qui pivote \u00e0 360 degr\u00e9s, ce qui permet d&#8217;ouvrir et de fermer facilement la cl\u00e9 USB et emp\u00eache la salet\u00e9 de p\u00e9n\u00e9trer dans le port USB. Pour \u00e9viter de perdre facilement la cl\u00e9 USB, fixez un porte-cl\u00e9s (non inclus) au crochet du corps en aluminium. Cette cl\u00e9 USB est disponible dans un large \u00e9ventail de capacit\u00e9s, de tailles et de couleurs.<\/p>","protected":false},"featured_media":481346,"template":"","meta":{"_eb_attr":""},"product_brand":[],"product_cat":[743,667],"product_tag":[745,747,748,746,744],"class_list":{"0":"post-499212","1":"product","2":"type-product","3":"status-publish","4":"has-post-thumbnail","6":"product_cat-cles-usb","7":"product_cat-technologie","8":"product_tag-cle-usb","9":"product_tag-clef-usb","10":"product_tag-clefs-usb","11":"product_tag-cles-usb","12":"product_tag-usb","13":"pa_couleurs-blanc","14":"pa_couleurs-bleu","15":"pa_couleurs-bleu-moyen","16":"pa_couleurs-bleu-royal","17":"pa_couleurs-citron-vert","18":"pa_couleurs-jaune","19":"pa_couleurs-magenta","20":"pa_couleurs-noir","21":"pa_couleurs-orange","22":"pa_couleurs-rouge","23":"pa_couleurs-rouge-moyen","24":"pa_couleurs-rouge-vif","25":"pa_couleurs-vert","26":"pa_couleurs-violet","27":"pa_taille-16gb","28":"pa_taille-1gb","29":"pa_taille-2gb","30":"pa_taille-32gb","31":"pa_taille-4gb","32":"pa_taille-64gb","33":"pa_taille-8gb","35":"first","36":"instock","37":"shipping-taxable","38":"purchasable","39":"product-type-variable"},"yoast_head":"<!-- This site is optimized with the Yoast SEO plugin v27.4 - https:\/\/yoast.com\/product\/yoast-seo-wordpress\/ -->\n<title>Cl\u00e9 USB rotative basique - PERLE IN<\/title>\n<meta name=\"robots\" content=\"noindex, follow, max-snippet:-1, max-image-preview:large, max-video-preview:-1\" \/>\n<meta property=\"og:locale\" content=\"en_US\" \/>\n<meta property=\"og:type\" content=\"article\" \/>\n<meta property=\"og:title\" content=\"Cl\u00e9 USB rotative basique - PERLE IN\" \/>\n<meta property=\"og:description\" content=\"Avec notre best-seller, la cl\u00e9 USB Rotate, tous les fichiers stock\u00e9s sont \u00e0 port\u00e9e de main. C&#039;est \u00e9galement l&#039;article parfait pour accro\u00eetre la notori\u00e9t\u00e9 de la marque de mani\u00e8re subtile. La cl\u00e9 USB en plastique est dot\u00e9e d&#039;un corps en aluminium qui pivote \u00e0 360 degr\u00e9s, ce qui permet d&#039;ouvrir et de fermer facilement la cl\u00e9 USB et emp\u00eache la salet\u00e9 de p\u00e9n\u00e9trer dans le port USB. Pour \u00e9viter de perdre facilement la cl\u00e9 USB, fixez un porte-cl\u00e9s (non inclus) au crochet du corps en aluminium. Cette cl\u00e9 USB est disponible dans un large \u00e9ventail de capacit\u00e9s, de tailles et de couleurs.\" \/>\n<meta property=\"og:url\" content=\"https:\/\/perle-in.com\/en\/product\/cle-usb-rotative-basique\/\" \/>\n<meta property=\"og:site_name\" content=\"PERLE IN\" \/>\n<meta property=\"article:modified_time\" content=\"2025-10-10T08:47:50+00:00\" \/>\n<meta property=\"og:image\" content=\"https:\/\/perle-in.com\/wp-content\/uploads\/2025\/09\/1Z41000-10.jpg\" \/>\n\t<meta property=\"og:image:width\" content=\"1600\" \/>\n\t<meta property=\"og:image:height\" content=\"1600\" \/>\n\t<meta property=\"og:image:type\" content=\"image\/jpeg\" \/>\n<meta name=\"twitter:card\" content=\"summary_large_image\" \/>\n<script type=\"application\/ld+json\" class=\"yoast-schema-graph\">{\"@context\":\"https:\\\/\\\/schema.org\",\"@graph\":[{\"@type\":\"WebPage\",\"@id\":\"https:\\\/\\\/perle-in.com\\\/produit\\\/cle-usb-rotative-basique\\\/\",\"url\":\"https:\\\/\\\/perle-in.com\\\/produit\\\/cle-usb-rotative-basique\\\/\",\"name\":\"Cl\u00e9 USB rotative basique - PERLE IN\",\"isPartOf\":{\"@id\":\"https:\\\/\\\/perle-in.com\\\/#website\"},\"primaryImageOfPage\":{\"@id\":\"https:\\\/\\\/perle-in.com\\\/produit\\\/cle-usb-rotative-basique\\\/#primaryimage\"},\"image\":{\"@id\":\"https:\\\/\\\/perle-in.com\\\/produit\\\/cle-usb-rotative-basique\\\/#primaryimage\"},\"thumbnailUrl\":\"https:\\\/\\\/perle-in.com\\\/wp-content\\\/uploads\\\/2025\\\/09\\\/1Z41000-10.jpg\",\"datePublished\":\"2025-10-10T08:47:00+00:00\",\"dateModified\":\"2025-10-10T08:47:50+00:00\",\"breadcrumb\":{\"@id\":\"https:\\\/\\\/perle-in.com\\\/produit\\\/cle-usb-rotative-basique\\\/#breadcrumb\"},\"inLanguage\":\"en-CA\",\"potentialAction\":[{\"@type\":\"ReadAction\",\"target\":[\"https:\\\/\\\/perle-in.com\\\/produit\\\/cle-usb-rotative-basique\\\/\"]}]},{\"@type\":\"ImageObject\",\"inLanguage\":\"en-CA\",\"@id\":\"https:\\\/\\\/perle-in.com\\\/produit\\\/cle-usb-rotative-basique\\\/#primaryimage\",\"url\":\"https:\\\/\\\/perle-in.com\\\/wp-content\\\/uploads\\\/2025\\\/09\\\/1Z41000-10.jpg\",\"contentUrl\":\"https:\\\/\\\/perle-in.com\\\/wp-content\\\/uploads\\\/2025\\\/09\\\/1Z41000-10.jpg\",\"width\":1600,\"height\":1600},{\"@type\":\"BreadcrumbList\",\"@id\":\"https:\\\/\\\/perle-in.com\\\/produit\\\/cle-usb-rotative-basique\\\/#breadcrumb\",\"itemListElement\":[{\"@type\":\"ListItem\",\"position\":1,\"name\":\"Accueil\",\"item\":\"https:\\\/\\\/perle-in.com\\\/\"},{\"@type\":\"ListItem\",\"position\":2,\"name\":\"Boutique\",\"item\":\"https:\\\/\\\/perle-in.com\\\/boutique\\\/\"},{\"@type\":\"ListItem\",\"position\":3,\"name\":\"Cl\u00e9 USB rotative basique\"}]},{\"@type\":\"WebSite\",\"@id\":\"https:\\\/\\\/perle-in.com\\\/#website\",\"url\":\"https:\\\/\\\/perle-in.com\\\/\",\"name\":\"PERLE IN\",\"description\":\"\",\"publisher\":{\"@id\":\"https:\\\/\\\/perle-in.com\\\/#organization\"},\"potentialAction\":[{\"@type\":\"SearchAction\",\"target\":{\"@type\":\"EntryPoint\",\"urlTemplate\":\"https:\\\/\\\/perle-in.com\\\/?s={search_term_string}\"},\"query-input\":{\"@type\":\"PropertyValueSpecification\",\"valueRequired\":true,\"valueName\":\"search_term_string\"}}],\"inLanguage\":\"en-CA\"},{\"@type\":\"Organization\",\"@id\":\"https:\\\/\\\/perle-in.com\\\/#organization\",\"name\":\"PERLE IN\",\"url\":\"https:\\\/\\\/perle-in.com\\\/\",\"logo\":{\"@type\":\"ImageObject\",\"inLanguage\":\"en-CA\",\"@id\":\"https:\\\/\\\/perle-in.com\\\/#\\\/schema\\\/logo\\\/image\\\/\",\"url\":\"https:\\\/\\\/perle-in.com\\\/wp-content\\\/uploads\\\/2022\\\/12\\\/LOGO-PERLE-IN-COULEUR@3x.webp\",\"contentUrl\":\"https:\\\/\\\/perle-in.com\\\/wp-content\\\/uploads\\\/2022\\\/12\\\/LOGO-PERLE-IN-COULEUR@3x.webp\",\"width\":1600,\"height\":490,\"caption\":\"PERLE IN\"},\"image\":{\"@id\":\"https:\\\/\\\/perle-in.com\\\/#\\\/schema\\\/logo\\\/image\\\/\"}}]}<\/script>\n<!-- \/ Yoast SEO plugin. -->","yoast_head_json":{"title":"Cl\u00e9 USB rotative basique - PERLE IN","robots":{"index":"noindex","follow":"follow","max-snippet":"max-snippet:-1","max-image-preview":"max-image-preview:large","max-video-preview":"max-video-preview:-1"},"og_locale":"en_US","og_type":"article","og_title":"Cl\u00e9 USB rotative basique - PERLE IN","og_description":"Avec notre best-seller, la cl\u00e9 USB Rotate, tous les fichiers stock\u00e9s sont \u00e0 port\u00e9e de main. C'est \u00e9galement l'article parfait pour accro\u00eetre la notori\u00e9t\u00e9 de la marque de mani\u00e8re subtile. La cl\u00e9 USB en plastique est dot\u00e9e d'un corps en aluminium qui pivote \u00e0 360 degr\u00e9s, ce qui permet d'ouvrir et de fermer facilement la cl\u00e9 USB et emp\u00eache la salet\u00e9 de p\u00e9n\u00e9trer dans le port USB. Pour \u00e9viter de perdre facilement la cl\u00e9 USB, fixez un porte-cl\u00e9s (non inclus) au crochet du corps en aluminium. Cette cl\u00e9 USB est disponible dans un large \u00e9ventail de capacit\u00e9s, de tailles et de couleurs.","og_url":"https:\/\/perle-in.com\/en\/product\/cle-usb-rotative-basique\/","og_site_name":"PERLE IN","article_modified_time":"2025-10-10T08:47:50+00:00","og_image":[{"width":1600,"height":1600,"url":"https:\/\/perle-in.com\/wp-content\/uploads\/2025\/09\/1Z41000-10.jpg","type":"image\/jpeg"}],"twitter_card":"summary_large_image","schema":{"@context":"https:\/\/schema.org","@graph":[{"@type":"WebPage","@id":"https:\/\/perle-in.com\/produit\/cle-usb-rotative-basique\/","url":"https:\/\/perle-in.com\/produit\/cle-usb-rotative-basique\/","name":"Cl\u00e9 USB rotative basique - PERLE IN","isPartOf":{"@id":"https:\/\/perle-in.com\/#website"},"primaryImageOfPage":{"@id":"https:\/\/perle-in.com\/produit\/cle-usb-rotative-basique\/#primaryimage"},"image":{"@id":"https:\/\/perle-in.com\/produit\/cle-usb-rotative-basique\/#primaryimage"},"thumbnailUrl":"https:\/\/perle-in.com\/wp-content\/uploads\/2025\/09\/1Z41000-10.jpg","datePublished":"2025-10-10T08:47:00+00:00","dateModified":"2025-10-10T08:47:50+00:00","breadcrumb":{"@id":"https:\/\/perle-in.com\/produit\/cle-usb-rotative-basique\/#breadcrumb"},"inLanguage":"en-CA","potentialAction":[{"@type":"ReadAction","target":["https:\/\/perle-in.com\/produit\/cle-usb-rotative-basique\/"]}]},{"@type":"ImageObject","inLanguage":"en-CA","@id":"https:\/\/perle-in.com\/produit\/cle-usb-rotative-basique\/#primaryimage","url":"https:\/\/perle-in.com\/wp-content\/uploads\/2025\/09\/1Z41000-10.jpg","contentUrl":"https:\/\/perle-in.com\/wp-content\/uploads\/2025\/09\/1Z41000-10.jpg","width":1600,"height":1600},{"@type":"BreadcrumbList","@id":"https:\/\/perle-in.com\/produit\/cle-usb-rotative-basique\/#breadcrumb","itemListElement":[{"@type":"ListItem","position":1,"name":"Accueil","item":"https:\/\/perle-in.com\/"},{"@type":"ListItem","position":2,"name":"Boutique","item":"https:\/\/perle-in.com\/boutique\/"},{"@type":"ListItem","position":3,"name":"Cl\u00e9 USB rotative basique"}]},{"@type":"WebSite","@id":"https:\/\/perle-in.com\/#website","url":"https:\/\/perle-in.com\/","name":"PERLE IN","description":"","publisher":{"@id":"https:\/\/perle-in.com\/#organization"},"potentialAction":[{"@type":"SearchAction","target":{"@type":"EntryPoint","urlTemplate":"https:\/\/perle-in.com\/?s={search_term_string}"},"query-input":{"@type":"PropertyValueSpecification","valueRequired":true,"valueName":"search_term_string"}}],"inLanguage":"en-CA"},{"@type":"Organization","@id":"https:\/\/perle-in.com\/#organization","name":"PERLE IN","url":"https:\/\/perle-in.com\/","logo":{"@type":"ImageObject","inLanguage":"en-CA","@id":"https:\/\/perle-in.com\/#\/schema\/logo\/image\/","url":"https:\/\/perle-in.com\/wp-content\/uploads\/2022\/12\/LOGO-PERLE-IN-COULEUR@3x.webp","contentUrl":"https:\/\/perle-in.com\/wp-content\/uploads\/2022\/12\/LOGO-PERLE-IN-COULEUR@3x.webp","width":1600,"height":490,"caption":"PERLE IN"},"image":{"@id":"https:\/\/perle-in.com\/#\/schema\/logo\/image\/"}}]}},"jetpack_sharing_enabled":true,"_links":{"self":[{"href":"https:\/\/perle-in.com\/en\/wp-json\/wp\/v2\/product\/499212","targetHints":{"allow":["GET"]}}],"collection":[{"href":"https:\/\/perle-in.com\/en\/wp-json\/wp\/v2\/product"}],"about":[{"href":"https:\/\/perle-in.com\/en\/wp-json\/wp\/v2\/types\/product"}],"version-history":[{"count":0,"href":"https:\/\/perle-in.com\/en\/wp-json\/wp\/v2\/product\/499212\/revisions"}],"wp:featuredmedia":[{"embeddable":true,"href":"https:\/\/perle-in.com\/en\/wp-json\/wp\/v2\/media\/481346"}],"wp:attachment":[{"href":"https:\/\/perle-in.com\/en\/wp-json\/wp\/v2\/media?parent=499212"}],"wp:term":[{"taxonomy":"product_brand","embeddable":true,"href":"https:\/\/perle-in.com\/en\/wp-json\/wp\/v2\/product_brand?post=499212"},{"taxonomy":"product_cat","embeddable":true,"href":"https:\/\/perle-in.com\/en\/wp-json\/wp\/v2\/product_cat?post=499212"},{"taxonomy":"product_tag","embeddable":true,"href":"https:\/\/perle-in.com\/en\/wp-json\/wp\/v2\/product_tag?post=499212"}],"curies":[{"name":"wp","href":"https:\/\/api.w.org\/{rel}","templated":true}]}}