{"id":499055,"date":"2025-10-10T09:40:09","date_gmt":"2025-10-10T07:40:09","guid":{"rendered":"https:\/\/perle-in.com\/produit\/gilet-de-securite-reflechissant-pour-les-enfants-hw1-xs\/"},"modified":"2025-10-10T09:40:10","modified_gmt":"2025-10-10T07:40:10","slug":"gilet-de-securite-reflechissant-pour-les-enfants-hw1-xs","status":"publish","type":"product","link":"https:\/\/perle-in.com\/en\/product\/gilet-de-securite-reflechissant-pour-les-enfants-hw1-xs\/","title":{"rendered":"Gilet de s\u00e9curit\u00e9 r\u00e9fl\u00e9chissant pour les enfants HW1 (XS)"},"content":{"rendered":"","protected":false},"excerpt":{"rendered":"<p>Ce gilet de s\u00e9curit\u00e9 fluorescent \u00e0 haute visibilit\u00e9 permettra \u00e0 quiconque d&#8217;\u00eatre visible la nuit. Le dos jaune et les bandes en perle de verre hautement r\u00e9fl\u00e9chissantes autour de la taille et de la poitrine garantissent une visibilit\u00e9 claire et nette \u00e0 de grandes distances. Veuillez nous contacter pour plus d&#8217;options de couleur. Disponible \u00e9galement en\u00a0: rose, orange et vert fluorescents. Bande r\u00e9fl\u00e9chissante de 5\u00a0cm. Une d\u00e9claration de conformit\u00e9 est disponible sur demande. N&#8217;h\u00e9sitez pas \u00e0 vous renseigner sur les tests et les certificats.<\/p>","protected":false},"featured_media":480145,"template":"","meta":{"_eb_attr":""},"product_brand":[],"product_cat":[439,438],"product_tag":[688,689,690,686,687,683,684,685],"class_list":{"0":"post-499055","1":"product","2":"type-product","3":"status-publish","4":"has-post-thumbnail","6":"product_cat-articles-rflchissants","7":"product_cat-outils-et-accessoires-pour-la-voiture","8":"product_tag-gilet-de-securite","9":"product_tag-gilets-de-securite","10":"product_tag-premier","11":"product_tag-reflechissant","12":"product_tag-reflechissants","13":"product_tag-reflecteur","14":"product_tag-reflecteurs","15":"product_tag-securite","16":"pa_couleurs-jaune-neon","18":"first","19":"instock","20":"shipping-taxable","21":"purchasable","22":"product-type-variable"},"yoast_head":"<!-- This site is optimized with the Yoast SEO plugin v27.4 - https:\/\/yoast.com\/product\/yoast-seo-wordpress\/ -->\n<title>Gilet de s\u00e9curit\u00e9 r\u00e9fl\u00e9chissant pour les enfants HW1 (XS) - PERLE IN<\/title>\n<meta name=\"robots\" content=\"noindex, follow, max-snippet:-1, max-image-preview:large, max-video-preview:-1\" \/>\n<meta property=\"og:locale\" content=\"en_US\" \/>\n<meta property=\"og:type\" content=\"article\" \/>\n<meta property=\"og:title\" content=\"Gilet de s\u00e9curit\u00e9 r\u00e9fl\u00e9chissant pour les enfants HW1 (XS) - PERLE IN\" \/>\n<meta property=\"og:description\" content=\"Ce gilet de s\u00e9curit\u00e9 fluorescent \u00e0 haute visibilit\u00e9 permettra \u00e0 quiconque d&#039;\u00eatre visible la nuit. Le dos jaune et les bandes en perle de verre hautement r\u00e9fl\u00e9chissantes autour de la taille et de la poitrine garantissent une visibilit\u00e9 claire et nette \u00e0 de grandes distances. Veuillez nous contacter pour plus d&#039;options de couleur. Disponible \u00e9galement en\u00a0: rose, orange et vert fluorescents. Bande r\u00e9fl\u00e9chissante de 5\u00a0cm. Une d\u00e9claration de conformit\u00e9 est disponible sur demande. N&#039;h\u00e9sitez pas \u00e0 vous renseigner sur les tests et les certificats.\" \/>\n<meta property=\"og:url\" content=\"https:\/\/perle-in.com\/en\/product\/gilet-de-securite-reflechissant-pour-les-enfants-hw1-xs\/\" \/>\n<meta property=\"og:site_name\" content=\"PERLE IN\" \/>\n<meta property=\"article:modified_time\" content=\"2025-10-10T07:40:10+00:00\" \/>\n<meta property=\"og:image\" content=\"https:\/\/perle-in.com\/wp-content\/uploads\/2025\/09\/1PR04106-2.jpg\" \/>\n\t<meta property=\"og:image:width\" content=\"1600\" \/>\n\t<meta property=\"og:image:height\" content=\"1600\" \/>\n\t<meta property=\"og:image:type\" content=\"image\/jpeg\" \/>\n<meta name=\"twitter:card\" content=\"summary_large_image\" \/>\n<script type=\"application\/ld+json\" class=\"yoast-schema-graph\">{\"@context\":\"https:\\\/\\\/schema.org\",\"@graph\":[{\"@type\":\"WebPage\",\"@id\":\"https:\\\/\\\/perle-in.com\\\/produit\\\/gilet-de-securite-reflechissant-pour-les-enfants-hw1-xs\\\/\",\"url\":\"https:\\\/\\\/perle-in.com\\\/produit\\\/gilet-de-securite-reflechissant-pour-les-enfants-hw1-xs\\\/\",\"name\":\"Gilet de s\u00e9curit\u00e9 r\u00e9fl\u00e9chissant pour les enfants HW1 (XS) - PERLE IN\",\"isPartOf\":{\"@id\":\"https:\\\/\\\/perle-in.com\\\/#website\"},\"primaryImageOfPage\":{\"@id\":\"https:\\\/\\\/perle-in.com\\\/produit\\\/gilet-de-securite-reflechissant-pour-les-enfants-hw1-xs\\\/#primaryimage\"},\"image\":{\"@id\":\"https:\\\/\\\/perle-in.com\\\/produit\\\/gilet-de-securite-reflechissant-pour-les-enfants-hw1-xs\\\/#primaryimage\"},\"thumbnailUrl\":\"https:\\\/\\\/perle-in.com\\\/wp-content\\\/uploads\\\/2025\\\/09\\\/1PR04106-2.jpg\",\"datePublished\":\"2025-10-10T07:40:09+00:00\",\"dateModified\":\"2025-10-10T07:40:10+00:00\",\"breadcrumb\":{\"@id\":\"https:\\\/\\\/perle-in.com\\\/produit\\\/gilet-de-securite-reflechissant-pour-les-enfants-hw1-xs\\\/#breadcrumb\"},\"inLanguage\":\"en-CA\",\"potentialAction\":[{\"@type\":\"ReadAction\",\"target\":[\"https:\\\/\\\/perle-in.com\\\/produit\\\/gilet-de-securite-reflechissant-pour-les-enfants-hw1-xs\\\/\"]}]},{\"@type\":\"ImageObject\",\"inLanguage\":\"en-CA\",\"@id\":\"https:\\\/\\\/perle-in.com\\\/produit\\\/gilet-de-securite-reflechissant-pour-les-enfants-hw1-xs\\\/#primaryimage\",\"url\":\"https:\\\/\\\/perle-in.com\\\/wp-content\\\/uploads\\\/2025\\\/09\\\/1PR04106-2.jpg\",\"contentUrl\":\"https:\\\/\\\/perle-in.com\\\/wp-content\\\/uploads\\\/2025\\\/09\\\/1PR04106-2.jpg\",\"width\":1600,\"height\":1600},{\"@type\":\"BreadcrumbList\",\"@id\":\"https:\\\/\\\/perle-in.com\\\/produit\\\/gilet-de-securite-reflechissant-pour-les-enfants-hw1-xs\\\/#breadcrumb\",\"itemListElement\":[{\"@type\":\"ListItem\",\"position\":1,\"name\":\"Accueil\",\"item\":\"https:\\\/\\\/perle-in.com\\\/\"},{\"@type\":\"ListItem\",\"position\":2,\"name\":\"Boutique\",\"item\":\"https:\\\/\\\/perle-in.com\\\/boutique\\\/\"},{\"@type\":\"ListItem\",\"position\":3,\"name\":\"Gilet de s\u00e9curit\u00e9 r\u00e9fl\u00e9chissant pour les enfants HW1 (XS)\"}]},{\"@type\":\"WebSite\",\"@id\":\"https:\\\/\\\/perle-in.com\\\/#website\",\"url\":\"https:\\\/\\\/perle-in.com\\\/\",\"name\":\"PERLE IN\",\"description\":\"\",\"publisher\":{\"@id\":\"https:\\\/\\\/perle-in.com\\\/#organization\"},\"potentialAction\":[{\"@type\":\"SearchAction\",\"target\":{\"@type\":\"EntryPoint\",\"urlTemplate\":\"https:\\\/\\\/perle-in.com\\\/?s={search_term_string}\"},\"query-input\":{\"@type\":\"PropertyValueSpecification\",\"valueRequired\":true,\"valueName\":\"search_term_string\"}}],\"inLanguage\":\"en-CA\"},{\"@type\":\"Organization\",\"@id\":\"https:\\\/\\\/perle-in.com\\\/#organization\",\"name\":\"PERLE IN\",\"url\":\"https:\\\/\\\/perle-in.com\\\/\",\"logo\":{\"@type\":\"ImageObject\",\"inLanguage\":\"en-CA\",\"@id\":\"https:\\\/\\\/perle-in.com\\\/#\\\/schema\\\/logo\\\/image\\\/\",\"url\":\"https:\\\/\\\/perle-in.com\\\/wp-content\\\/uploads\\\/2022\\\/12\\\/LOGO-PERLE-IN-COULEUR@3x.webp\",\"contentUrl\":\"https:\\\/\\\/perle-in.com\\\/wp-content\\\/uploads\\\/2022\\\/12\\\/LOGO-PERLE-IN-COULEUR@3x.webp\",\"width\":1600,\"height\":490,\"caption\":\"PERLE IN\"},\"image\":{\"@id\":\"https:\\\/\\\/perle-in.com\\\/#\\\/schema\\\/logo\\\/image\\\/\"}}]}<\/script>\n<!-- \/ Yoast SEO plugin. -->","yoast_head_json":{"title":"Gilet de s\u00e9curit\u00e9 r\u00e9fl\u00e9chissant pour les enfants HW1 (XS) - PERLE IN","robots":{"index":"noindex","follow":"follow","max-snippet":"max-snippet:-1","max-image-preview":"max-image-preview:large","max-video-preview":"max-video-preview:-1"},"og_locale":"en_US","og_type":"article","og_title":"Gilet de s\u00e9curit\u00e9 r\u00e9fl\u00e9chissant pour les enfants HW1 (XS) - PERLE IN","og_description":"Ce gilet de s\u00e9curit\u00e9 fluorescent \u00e0 haute visibilit\u00e9 permettra \u00e0 quiconque d'\u00eatre visible la nuit. Le dos jaune et les bandes en perle de verre hautement r\u00e9fl\u00e9chissantes autour de la taille et de la poitrine garantissent une visibilit\u00e9 claire et nette \u00e0 de grandes distances. Veuillez nous contacter pour plus d'options de couleur. Disponible \u00e9galement en\u00a0: rose, orange et vert fluorescents. Bande r\u00e9fl\u00e9chissante de 5\u00a0cm. Une d\u00e9claration de conformit\u00e9 est disponible sur demande. N'h\u00e9sitez pas \u00e0 vous renseigner sur les tests et les certificats.","og_url":"https:\/\/perle-in.com\/en\/product\/gilet-de-securite-reflechissant-pour-les-enfants-hw1-xs\/","og_site_name":"PERLE IN","article_modified_time":"2025-10-10T07:40:10+00:00","og_image":[{"width":1600,"height":1600,"url":"https:\/\/perle-in.com\/wp-content\/uploads\/2025\/09\/1PR04106-2.jpg","type":"image\/jpeg"}],"twitter_card":"summary_large_image","schema":{"@context":"https:\/\/schema.org","@graph":[{"@type":"WebPage","@id":"https:\/\/perle-in.com\/produit\/gilet-de-securite-reflechissant-pour-les-enfants-hw1-xs\/","url":"https:\/\/perle-in.com\/produit\/gilet-de-securite-reflechissant-pour-les-enfants-hw1-xs\/","name":"Gilet de s\u00e9curit\u00e9 r\u00e9fl\u00e9chissant pour les enfants HW1 (XS) - PERLE IN","isPartOf":{"@id":"https:\/\/perle-in.com\/#website"},"primaryImageOfPage":{"@id":"https:\/\/perle-in.com\/produit\/gilet-de-securite-reflechissant-pour-les-enfants-hw1-xs\/#primaryimage"},"image":{"@id":"https:\/\/perle-in.com\/produit\/gilet-de-securite-reflechissant-pour-les-enfants-hw1-xs\/#primaryimage"},"thumbnailUrl":"https:\/\/perle-in.com\/wp-content\/uploads\/2025\/09\/1PR04106-2.jpg","datePublished":"2025-10-10T07:40:09+00:00","dateModified":"2025-10-10T07:40:10+00:00","breadcrumb":{"@id":"https:\/\/perle-in.com\/produit\/gilet-de-securite-reflechissant-pour-les-enfants-hw1-xs\/#breadcrumb"},"inLanguage":"en-CA","potentialAction":[{"@type":"ReadAction","target":["https:\/\/perle-in.com\/produit\/gilet-de-securite-reflechissant-pour-les-enfants-hw1-xs\/"]}]},{"@type":"ImageObject","inLanguage":"en-CA","@id":"https:\/\/perle-in.com\/produit\/gilet-de-securite-reflechissant-pour-les-enfants-hw1-xs\/#primaryimage","url":"https:\/\/perle-in.com\/wp-content\/uploads\/2025\/09\/1PR04106-2.jpg","contentUrl":"https:\/\/perle-in.com\/wp-content\/uploads\/2025\/09\/1PR04106-2.jpg","width":1600,"height":1600},{"@type":"BreadcrumbList","@id":"https:\/\/perle-in.com\/produit\/gilet-de-securite-reflechissant-pour-les-enfants-hw1-xs\/#breadcrumb","itemListElement":[{"@type":"ListItem","position":1,"name":"Accueil","item":"https:\/\/perle-in.com\/"},{"@type":"ListItem","position":2,"name":"Boutique","item":"https:\/\/perle-in.com\/boutique\/"},{"@type":"ListItem","position":3,"name":"Gilet de s\u00e9curit\u00e9 r\u00e9fl\u00e9chissant pour les enfants HW1 (XS)"}]},{"@type":"WebSite","@id":"https:\/\/perle-in.com\/#website","url":"https:\/\/perle-in.com\/","name":"PERLE IN","description":"","publisher":{"@id":"https:\/\/perle-in.com\/#organization"},"potentialAction":[{"@type":"SearchAction","target":{"@type":"EntryPoint","urlTemplate":"https:\/\/perle-in.com\/?s={search_term_string}"},"query-input":{"@type":"PropertyValueSpecification","valueRequired":true,"valueName":"search_term_string"}}],"inLanguage":"en-CA"},{"@type":"Organization","@id":"https:\/\/perle-in.com\/#organization","name":"PERLE IN","url":"https:\/\/perle-in.com\/","logo":{"@type":"ImageObject","inLanguage":"en-CA","@id":"https:\/\/perle-in.com\/#\/schema\/logo\/image\/","url":"https:\/\/perle-in.com\/wp-content\/uploads\/2022\/12\/LOGO-PERLE-IN-COULEUR@3x.webp","contentUrl":"https:\/\/perle-in.com\/wp-content\/uploads\/2022\/12\/LOGO-PERLE-IN-COULEUR@3x.webp","width":1600,"height":490,"caption":"PERLE IN"},"image":{"@id":"https:\/\/perle-in.com\/#\/schema\/logo\/image\/"}}]}},"jetpack_sharing_enabled":true,"_links":{"self":[{"href":"https:\/\/perle-in.com\/en\/wp-json\/wp\/v2\/product\/499055","targetHints":{"allow":["GET"]}}],"collection":[{"href":"https:\/\/perle-in.com\/en\/wp-json\/wp\/v2\/product"}],"about":[{"href":"https:\/\/perle-in.com\/en\/wp-json\/wp\/v2\/types\/product"}],"version-history":[{"count":0,"href":"https:\/\/perle-in.com\/en\/wp-json\/wp\/v2\/product\/499055\/revisions"}],"wp:featuredmedia":[{"embeddable":true,"href":"https:\/\/perle-in.com\/en\/wp-json\/wp\/v2\/media\/480145"}],"wp:attachment":[{"href":"https:\/\/perle-in.com\/en\/wp-json\/wp\/v2\/media?parent=499055"}],"wp:term":[{"taxonomy":"product_brand","embeddable":true,"href":"https:\/\/perle-in.com\/en\/wp-json\/wp\/v2\/product_brand?post=499055"},{"taxonomy":"product_cat","embeddable":true,"href":"https:\/\/perle-in.com\/en\/wp-json\/wp\/v2\/product_cat?post=499055"},{"taxonomy":"product_tag","embeddable":true,"href":"https:\/\/perle-in.com\/en\/wp-json\/wp\/v2\/product_tag?post=499055"}],"curies":[{"name":"wp","href":"https:\/\/api.w.org\/{rel}","templated":true}]}}