{"id":499046,"date":"2025-10-10T09:10:10","date_gmt":"2025-10-10T07:10:10","guid":{"rendered":"https:\/\/perle-in.com\/produit\/autocollant-reflechissant-rond-moyen-s-09-rfx\/"},"modified":"2025-10-10T09:10:12","modified_gmt":"2025-10-10T07:10:12","slug":"autocollant-reflechissant-rond-moyen-s-09-rfx","status":"publish","type":"product","link":"https:\/\/perle-in.com\/en\/product\/autocollant-reflechissant-rond-moyen-s-09-rfx\/","title":{"rendered":"Autocollant r\u00e9fl\u00e9chissant rond moyen S-09 RFX\u2122"},"content":{"rendered":"","protected":false},"excerpt":{"rendered":"<p>Ces autocollants r\u00e9fl\u00e9chissants sont tr\u00e8s faciles \u00e0 utiliser. Supprimez le papier protecteur et attachez l&#8217;autocollant sur un v\u00eatement, un sac, un v\u00e9lo, ou d&#8217;autres articles. Il est \u00e9galement possible d&#8217;obtenir des formes personnalis\u00e9es. Plus de 500 mod\u00e8les disponibles. Stockez-le dans un endroit sec et propre. Ne le stockez pas dans un endroit expos\u00e9 directement aux rayons du soleil. L&#8217;impression en dessous du film vous donne une surface r\u00e9fl\u00e9chissante avec un facteur d&#8217;efficacit\u00e9 de 100 %.<\/p>","protected":false},"featured_media":480118,"template":"","meta":{"_eb_attr":""},"product_brand":[],"product_cat":[439,438],"product_tag":[688,689,690,686,687,683,684,685],"class_list":{"0":"post-499046","1":"product","2":"type-product","3":"status-publish","4":"has-post-thumbnail","6":"product_cat-articles-rflchissants","7":"product_cat-outils-et-accessoires-pour-la-voiture","8":"product_tag-gilet-de-securite","9":"product_tag-gilets-de-securite","10":"product_tag-premier","11":"product_tag-reflechissant","12":"product_tag-reflechissants","13":"product_tag-reflecteur","14":"product_tag-reflecteurs","15":"product_tag-securite","16":"pa_couleurs-blanc","17":"pa_couleurs-jaune-neon","19":"first","20":"instock","21":"shipping-taxable","22":"purchasable","23":"product-type-variable"},"yoast_head":"<!-- This site is optimized with the Yoast SEO plugin v27.4 - https:\/\/yoast.com\/product\/yoast-seo-wordpress\/ -->\n<title>Autocollant r\u00e9fl\u00e9chissant rond moyen S-09 RFX\u2122 - PERLE IN<\/title>\n<meta name=\"robots\" content=\"noindex, follow, max-snippet:-1, max-image-preview:large, max-video-preview:-1\" \/>\n<meta property=\"og:locale\" content=\"en_US\" \/>\n<meta property=\"og:type\" content=\"article\" \/>\n<meta property=\"og:title\" content=\"Autocollant r\u00e9fl\u00e9chissant rond moyen S-09 RFX\u2122 - PERLE IN\" \/>\n<meta property=\"og:description\" content=\"Ces autocollants r\u00e9fl\u00e9chissants sont tr\u00e8s faciles \u00e0 utiliser. Supprimez le papier protecteur et attachez l&#039;autocollant sur un v\u00eatement, un sac, un v\u00e9lo, ou d&#039;autres articles. Il est \u00e9galement possible d&#039;obtenir des formes personnalis\u00e9es. Plus de 500 mod\u00e8les disponibles. Stockez-le dans un endroit sec et propre. Ne le stockez pas dans un endroit expos\u00e9 directement aux rayons du soleil. L&#039;impression en dessous du film vous donne une surface r\u00e9fl\u00e9chissante avec un facteur d&#039;efficacit\u00e9 de 100 %.\" \/>\n<meta property=\"og:url\" content=\"https:\/\/perle-in.com\/en\/product\/autocollant-reflechissant-rond-moyen-s-09-rfx\/\" \/>\n<meta property=\"og:site_name\" content=\"PERLE IN\" \/>\n<meta property=\"article:modified_time\" content=\"2025-10-10T07:10:12+00:00\" \/>\n<meta property=\"og:image\" content=\"https:\/\/perle-in.com\/wp-content\/uploads\/2025\/09\/1PR03301-2.jpg\" \/>\n\t<meta property=\"og:image:width\" content=\"1600\" \/>\n\t<meta property=\"og:image:height\" content=\"1600\" \/>\n\t<meta property=\"og:image:type\" content=\"image\/jpeg\" \/>\n<meta name=\"twitter:card\" content=\"summary_large_image\" \/>\n<script type=\"application\/ld+json\" class=\"yoast-schema-graph\">{\"@context\":\"https:\\\/\\\/schema.org\",\"@graph\":[{\"@type\":\"WebPage\",\"@id\":\"https:\\\/\\\/perle-in.com\\\/produit\\\/autocollant-reflechissant-rond-moyen-s-09-rfx\\\/\",\"url\":\"https:\\\/\\\/perle-in.com\\\/produit\\\/autocollant-reflechissant-rond-moyen-s-09-rfx\\\/\",\"name\":\"Autocollant r\u00e9fl\u00e9chissant rond moyen S-09 RFX\u2122 - PERLE IN\",\"isPartOf\":{\"@id\":\"https:\\\/\\\/perle-in.com\\\/#website\"},\"primaryImageOfPage\":{\"@id\":\"https:\\\/\\\/perle-in.com\\\/produit\\\/autocollant-reflechissant-rond-moyen-s-09-rfx\\\/#primaryimage\"},\"image\":{\"@id\":\"https:\\\/\\\/perle-in.com\\\/produit\\\/autocollant-reflechissant-rond-moyen-s-09-rfx\\\/#primaryimage\"},\"thumbnailUrl\":\"https:\\\/\\\/perle-in.com\\\/wp-content\\\/uploads\\\/2025\\\/09\\\/1PR03301-2.jpg\",\"datePublished\":\"2025-10-10T07:10:10+00:00\",\"dateModified\":\"2025-10-10T07:10:12+00:00\",\"breadcrumb\":{\"@id\":\"https:\\\/\\\/perle-in.com\\\/produit\\\/autocollant-reflechissant-rond-moyen-s-09-rfx\\\/#breadcrumb\"},\"inLanguage\":\"en-CA\",\"potentialAction\":[{\"@type\":\"ReadAction\",\"target\":[\"https:\\\/\\\/perle-in.com\\\/produit\\\/autocollant-reflechissant-rond-moyen-s-09-rfx\\\/\"]}]},{\"@type\":\"ImageObject\",\"inLanguage\":\"en-CA\",\"@id\":\"https:\\\/\\\/perle-in.com\\\/produit\\\/autocollant-reflechissant-rond-moyen-s-09-rfx\\\/#primaryimage\",\"url\":\"https:\\\/\\\/perle-in.com\\\/wp-content\\\/uploads\\\/2025\\\/09\\\/1PR03301-2.jpg\",\"contentUrl\":\"https:\\\/\\\/perle-in.com\\\/wp-content\\\/uploads\\\/2025\\\/09\\\/1PR03301-2.jpg\",\"width\":1600,\"height\":1600},{\"@type\":\"BreadcrumbList\",\"@id\":\"https:\\\/\\\/perle-in.com\\\/produit\\\/autocollant-reflechissant-rond-moyen-s-09-rfx\\\/#breadcrumb\",\"itemListElement\":[{\"@type\":\"ListItem\",\"position\":1,\"name\":\"Accueil\",\"item\":\"https:\\\/\\\/perle-in.com\\\/\"},{\"@type\":\"ListItem\",\"position\":2,\"name\":\"Boutique\",\"item\":\"https:\\\/\\\/perle-in.com\\\/boutique\\\/\"},{\"@type\":\"ListItem\",\"position\":3,\"name\":\"Autocollant r\u00e9fl\u00e9chissant rond moyen S-09 RFX\u2122\"}]},{\"@type\":\"WebSite\",\"@id\":\"https:\\\/\\\/perle-in.com\\\/#website\",\"url\":\"https:\\\/\\\/perle-in.com\\\/\",\"name\":\"PERLE IN\",\"description\":\"\",\"publisher\":{\"@id\":\"https:\\\/\\\/perle-in.com\\\/#organization\"},\"potentialAction\":[{\"@type\":\"SearchAction\",\"target\":{\"@type\":\"EntryPoint\",\"urlTemplate\":\"https:\\\/\\\/perle-in.com\\\/?s={search_term_string}\"},\"query-input\":{\"@type\":\"PropertyValueSpecification\",\"valueRequired\":true,\"valueName\":\"search_term_string\"}}],\"inLanguage\":\"en-CA\"},{\"@type\":\"Organization\",\"@id\":\"https:\\\/\\\/perle-in.com\\\/#organization\",\"name\":\"PERLE IN\",\"url\":\"https:\\\/\\\/perle-in.com\\\/\",\"logo\":{\"@type\":\"ImageObject\",\"inLanguage\":\"en-CA\",\"@id\":\"https:\\\/\\\/perle-in.com\\\/#\\\/schema\\\/logo\\\/image\\\/\",\"url\":\"https:\\\/\\\/perle-in.com\\\/wp-content\\\/uploads\\\/2022\\\/12\\\/LOGO-PERLE-IN-COULEUR@3x.webp\",\"contentUrl\":\"https:\\\/\\\/perle-in.com\\\/wp-content\\\/uploads\\\/2022\\\/12\\\/LOGO-PERLE-IN-COULEUR@3x.webp\",\"width\":1600,\"height\":490,\"caption\":\"PERLE IN\"},\"image\":{\"@id\":\"https:\\\/\\\/perle-in.com\\\/#\\\/schema\\\/logo\\\/image\\\/\"}}]}<\/script>\n<!-- \/ Yoast SEO plugin. -->","yoast_head_json":{"title":"Autocollant r\u00e9fl\u00e9chissant rond moyen S-09 RFX\u2122 - PERLE IN","robots":{"index":"noindex","follow":"follow","max-snippet":"max-snippet:-1","max-image-preview":"max-image-preview:large","max-video-preview":"max-video-preview:-1"},"og_locale":"en_US","og_type":"article","og_title":"Autocollant r\u00e9fl\u00e9chissant rond moyen S-09 RFX\u2122 - PERLE IN","og_description":"Ces autocollants r\u00e9fl\u00e9chissants sont tr\u00e8s faciles \u00e0 utiliser. Supprimez le papier protecteur et attachez l'autocollant sur un v\u00eatement, un sac, un v\u00e9lo, ou d'autres articles. Il est \u00e9galement possible d'obtenir des formes personnalis\u00e9es. Plus de 500 mod\u00e8les disponibles. Stockez-le dans un endroit sec et propre. Ne le stockez pas dans un endroit expos\u00e9 directement aux rayons du soleil. L'impression en dessous du film vous donne une surface r\u00e9fl\u00e9chissante avec un facteur d'efficacit\u00e9 de 100 %.","og_url":"https:\/\/perle-in.com\/en\/product\/autocollant-reflechissant-rond-moyen-s-09-rfx\/","og_site_name":"PERLE IN","article_modified_time":"2025-10-10T07:10:12+00:00","og_image":[{"width":1600,"height":1600,"url":"https:\/\/perle-in.com\/wp-content\/uploads\/2025\/09\/1PR03301-2.jpg","type":"image\/jpeg"}],"twitter_card":"summary_large_image","schema":{"@context":"https:\/\/schema.org","@graph":[{"@type":"WebPage","@id":"https:\/\/perle-in.com\/produit\/autocollant-reflechissant-rond-moyen-s-09-rfx\/","url":"https:\/\/perle-in.com\/produit\/autocollant-reflechissant-rond-moyen-s-09-rfx\/","name":"Autocollant r\u00e9fl\u00e9chissant rond moyen S-09 RFX\u2122 - PERLE IN","isPartOf":{"@id":"https:\/\/perle-in.com\/#website"},"primaryImageOfPage":{"@id":"https:\/\/perle-in.com\/produit\/autocollant-reflechissant-rond-moyen-s-09-rfx\/#primaryimage"},"image":{"@id":"https:\/\/perle-in.com\/produit\/autocollant-reflechissant-rond-moyen-s-09-rfx\/#primaryimage"},"thumbnailUrl":"https:\/\/perle-in.com\/wp-content\/uploads\/2025\/09\/1PR03301-2.jpg","datePublished":"2025-10-10T07:10:10+00:00","dateModified":"2025-10-10T07:10:12+00:00","breadcrumb":{"@id":"https:\/\/perle-in.com\/produit\/autocollant-reflechissant-rond-moyen-s-09-rfx\/#breadcrumb"},"inLanguage":"en-CA","potentialAction":[{"@type":"ReadAction","target":["https:\/\/perle-in.com\/produit\/autocollant-reflechissant-rond-moyen-s-09-rfx\/"]}]},{"@type":"ImageObject","inLanguage":"en-CA","@id":"https:\/\/perle-in.com\/produit\/autocollant-reflechissant-rond-moyen-s-09-rfx\/#primaryimage","url":"https:\/\/perle-in.com\/wp-content\/uploads\/2025\/09\/1PR03301-2.jpg","contentUrl":"https:\/\/perle-in.com\/wp-content\/uploads\/2025\/09\/1PR03301-2.jpg","width":1600,"height":1600},{"@type":"BreadcrumbList","@id":"https:\/\/perle-in.com\/produit\/autocollant-reflechissant-rond-moyen-s-09-rfx\/#breadcrumb","itemListElement":[{"@type":"ListItem","position":1,"name":"Accueil","item":"https:\/\/perle-in.com\/"},{"@type":"ListItem","position":2,"name":"Boutique","item":"https:\/\/perle-in.com\/boutique\/"},{"@type":"ListItem","position":3,"name":"Autocollant r\u00e9fl\u00e9chissant rond moyen S-09 RFX\u2122"}]},{"@type":"WebSite","@id":"https:\/\/perle-in.com\/#website","url":"https:\/\/perle-in.com\/","name":"PERLE IN","description":"","publisher":{"@id":"https:\/\/perle-in.com\/#organization"},"potentialAction":[{"@type":"SearchAction","target":{"@type":"EntryPoint","urlTemplate":"https:\/\/perle-in.com\/?s={search_term_string}"},"query-input":{"@type":"PropertyValueSpecification","valueRequired":true,"valueName":"search_term_string"}}],"inLanguage":"en-CA"},{"@type":"Organization","@id":"https:\/\/perle-in.com\/#organization","name":"PERLE IN","url":"https:\/\/perle-in.com\/","logo":{"@type":"ImageObject","inLanguage":"en-CA","@id":"https:\/\/perle-in.com\/#\/schema\/logo\/image\/","url":"https:\/\/perle-in.com\/wp-content\/uploads\/2022\/12\/LOGO-PERLE-IN-COULEUR@3x.webp","contentUrl":"https:\/\/perle-in.com\/wp-content\/uploads\/2022\/12\/LOGO-PERLE-IN-COULEUR@3x.webp","width":1600,"height":490,"caption":"PERLE IN"},"image":{"@id":"https:\/\/perle-in.com\/#\/schema\/logo\/image\/"}}]}},"jetpack_sharing_enabled":true,"_links":{"self":[{"href":"https:\/\/perle-in.com\/en\/wp-json\/wp\/v2\/product\/499046","targetHints":{"allow":["GET"]}}],"collection":[{"href":"https:\/\/perle-in.com\/en\/wp-json\/wp\/v2\/product"}],"about":[{"href":"https:\/\/perle-in.com\/en\/wp-json\/wp\/v2\/types\/product"}],"version-history":[{"count":0,"href":"https:\/\/perle-in.com\/en\/wp-json\/wp\/v2\/product\/499046\/revisions"}],"wp:featuredmedia":[{"embeddable":true,"href":"https:\/\/perle-in.com\/en\/wp-json\/wp\/v2\/media\/480118"}],"wp:attachment":[{"href":"https:\/\/perle-in.com\/en\/wp-json\/wp\/v2\/media?parent=499046"}],"wp:term":[{"taxonomy":"product_brand","embeddable":true,"href":"https:\/\/perle-in.com\/en\/wp-json\/wp\/v2\/product_brand?post=499046"},{"taxonomy":"product_cat","embeddable":true,"href":"https:\/\/perle-in.com\/en\/wp-json\/wp\/v2\/product_cat?post=499046"},{"taxonomy":"product_tag","embeddable":true,"href":"https:\/\/perle-in.com\/en\/wp-json\/wp\/v2\/product_tag?post=499046"}],"curies":[{"name":"wp","href":"https:\/\/api.w.org\/{rel}","templated":true}]}}