{"id":499031,"date":"2025-10-10T08:00:10","date_gmt":"2025-10-10T06:00:10","guid":{"rendered":"https:\/\/perle-in.com\/produit\/grand-rond-reflechissant-a-accrocher-h-12-rfx\/"},"modified":"2025-10-10T08:00:12","modified_gmt":"2025-10-10T06:00:12","slug":"grand-rond-reflechissant-a-accrocher-h-12-rfx","status":"publish","type":"product","link":"https:\/\/perle-in.com\/en\/product\/grand-rond-reflechissant-a-accrocher-h-12-rfx\/","title":{"rendered":"Grand rond r\u00e9fl\u00e9chissant \u00e0 accrocher H-12 RFX\u2122"},"content":{"rendered":"","protected":false},"excerpt":{"rendered":"<p>Accrochez facilement ce crochet r\u00e9fl\u00e9chissant \u00e0 vos v\u00eatements, sacs, v\u00e9los et autres articles. L&#8217;impression est r\u00e9alis\u00e9e en dessous du film de cet \u00e9l\u00e9ment, ce qui vous permet d&#8217;obtenir une surface r\u00e9fl\u00e9chissante avec un facteur d&#8217;efficacit\u00e9 de 100 %. Stockez-le dans un endroit sec et propre. Ne le stockez pas dans un endroit expos\u00e9 directement aux rayons du soleil. Veuillez nous contacter pour la gamme compl\u00e8te de formes et de tailles disponibles. Plus de 1\u00a0000 mod\u00e8les disponibles. Il est \u00e9galement possible d&#8217;obtenir des formes personnalis\u00e9es. Conforme \u00e0 la norme EN 13356. Une d\u00e9claration de conformit\u00e9 est disponible sur demande.<\/p>","protected":false},"featured_media":480074,"template":"","meta":{"_eb_attr":""},"product_brand":[],"product_cat":[439,438],"product_tag":[688,689,690,686,687,683,684,685],"class_list":{"0":"post-499031","1":"product","2":"type-product","3":"status-publish","4":"has-post-thumbnail","6":"product_cat-articles-rflchissants","7":"product_cat-outils-et-accessoires-pour-la-voiture","8":"product_tag-gilet-de-securite","9":"product_tag-gilets-de-securite","10":"product_tag-premier","11":"product_tag-reflechissant","12":"product_tag-reflechissants","13":"product_tag-reflecteur","14":"product_tag-reflecteurs","15":"product_tag-securite","16":"pa_couleurs-blanc","17":"pa_couleurs-jaune-neon","19":"first","20":"instock","21":"shipping-taxable","22":"purchasable","23":"product-type-variable"},"yoast_head":"<!-- This site is optimized with the Yoast SEO plugin v27.4 - https:\/\/yoast.com\/product\/yoast-seo-wordpress\/ -->\n<title>Grand rond r\u00e9fl\u00e9chissant \u00e0 accrocher H-12 RFX\u2122 - PERLE IN<\/title>\n<meta name=\"robots\" content=\"noindex, follow, max-snippet:-1, max-image-preview:large, max-video-preview:-1\" \/>\n<meta property=\"og:locale\" content=\"en_US\" \/>\n<meta property=\"og:type\" content=\"article\" \/>\n<meta property=\"og:title\" content=\"Grand rond r\u00e9fl\u00e9chissant \u00e0 accrocher H-12 RFX\u2122 - PERLE IN\" \/>\n<meta property=\"og:description\" content=\"Accrochez facilement ce crochet r\u00e9fl\u00e9chissant \u00e0 vos v\u00eatements, sacs, v\u00e9los et autres articles. L&#039;impression est r\u00e9alis\u00e9e en dessous du film de cet \u00e9l\u00e9ment, ce qui vous permet d&#039;obtenir une surface r\u00e9fl\u00e9chissante avec un facteur d&#039;efficacit\u00e9 de 100 %. Stockez-le dans un endroit sec et propre. Ne le stockez pas dans un endroit expos\u00e9 directement aux rayons du soleil. Veuillez nous contacter pour la gamme compl\u00e8te de formes et de tailles disponibles. Plus de 1\u00a0000 mod\u00e8les disponibles. Il est \u00e9galement possible d&#039;obtenir des formes personnalis\u00e9es. Conforme \u00e0 la norme EN 13356. Une d\u00e9claration de conformit\u00e9 est disponible sur demande.\" \/>\n<meta property=\"og:url\" content=\"https:\/\/perle-in.com\/en\/product\/grand-rond-reflechissant-a-accrocher-h-12-rfx\/\" \/>\n<meta property=\"og:site_name\" content=\"PERLE IN\" \/>\n<meta property=\"article:modified_time\" content=\"2025-10-10T06:00:12+00:00\" \/>\n<meta property=\"og:image\" content=\"https:\/\/perle-in.com\/wp-content\/uploads\/2025\/09\/1PR02201-2.jpg\" \/>\n\t<meta property=\"og:image:width\" content=\"1600\" \/>\n\t<meta property=\"og:image:height\" content=\"1600\" \/>\n\t<meta property=\"og:image:type\" content=\"image\/jpeg\" \/>\n<meta name=\"twitter:card\" content=\"summary_large_image\" \/>\n<script type=\"application\/ld+json\" class=\"yoast-schema-graph\">{\"@context\":\"https:\\\/\\\/schema.org\",\"@graph\":[{\"@type\":\"WebPage\",\"@id\":\"https:\\\/\\\/perle-in.com\\\/en\\\/product\\\/grand-rond-reflechissant-a-accrocher-h-12-rfx\\\/\",\"url\":\"https:\\\/\\\/perle-in.com\\\/en\\\/product\\\/grand-rond-reflechissant-a-accrocher-h-12-rfx\\\/\",\"name\":\"Grand rond r\u00e9fl\u00e9chissant \u00e0 accrocher H-12 RFX\u2122 - PERLE IN\",\"isPartOf\":{\"@id\":\"https:\\\/\\\/perle-in.com\\\/#website\"},\"primaryImageOfPage\":{\"@id\":\"https:\\\/\\\/perle-in.com\\\/en\\\/product\\\/grand-rond-reflechissant-a-accrocher-h-12-rfx\\\/#primaryimage\"},\"image\":{\"@id\":\"https:\\\/\\\/perle-in.com\\\/en\\\/product\\\/grand-rond-reflechissant-a-accrocher-h-12-rfx\\\/#primaryimage\"},\"thumbnailUrl\":\"https:\\\/\\\/perle-in.com\\\/wp-content\\\/uploads\\\/2025\\\/09\\\/1PR02201-2.jpg\",\"datePublished\":\"2025-10-10T06:00:10+00:00\",\"dateModified\":\"2025-10-10T06:00:12+00:00\",\"breadcrumb\":{\"@id\":\"https:\\\/\\\/perle-in.com\\\/en\\\/product\\\/grand-rond-reflechissant-a-accrocher-h-12-rfx\\\/#breadcrumb\"},\"inLanguage\":\"en-CA\",\"potentialAction\":[{\"@type\":\"ReadAction\",\"target\":[\"https:\\\/\\\/perle-in.com\\\/en\\\/product\\\/grand-rond-reflechissant-a-accrocher-h-12-rfx\\\/\"]}]},{\"@type\":\"ImageObject\",\"inLanguage\":\"en-CA\",\"@id\":\"https:\\\/\\\/perle-in.com\\\/en\\\/product\\\/grand-rond-reflechissant-a-accrocher-h-12-rfx\\\/#primaryimage\",\"url\":\"https:\\\/\\\/perle-in.com\\\/wp-content\\\/uploads\\\/2025\\\/09\\\/1PR02201-2.jpg\",\"contentUrl\":\"https:\\\/\\\/perle-in.com\\\/wp-content\\\/uploads\\\/2025\\\/09\\\/1PR02201-2.jpg\",\"width\":1600,\"height\":1600},{\"@type\":\"BreadcrumbList\",\"@id\":\"https:\\\/\\\/perle-in.com\\\/en\\\/product\\\/grand-rond-reflechissant-a-accrocher-h-12-rfx\\\/#breadcrumb\",\"itemListElement\":[{\"@type\":\"ListItem\",\"position\":1,\"name\":\"Accueil\",\"item\":\"https:\\\/\\\/perle-in.com\\\/\"},{\"@type\":\"ListItem\",\"position\":2,\"name\":\"Boutique\",\"item\":\"https:\\\/\\\/perle-in.com\\\/boutique\\\/\"},{\"@type\":\"ListItem\",\"position\":3,\"name\":\"Grand rond r\u00e9fl\u00e9chissant \u00e0 accrocher H-12 RFX\u2122\"}]},{\"@type\":\"WebSite\",\"@id\":\"https:\\\/\\\/perle-in.com\\\/#website\",\"url\":\"https:\\\/\\\/perle-in.com\\\/\",\"name\":\"PERLE IN\",\"description\":\"\",\"publisher\":{\"@id\":\"https:\\\/\\\/perle-in.com\\\/#organization\"},\"potentialAction\":[{\"@type\":\"SearchAction\",\"target\":{\"@type\":\"EntryPoint\",\"urlTemplate\":\"https:\\\/\\\/perle-in.com\\\/?s={search_term_string}\"},\"query-input\":{\"@type\":\"PropertyValueSpecification\",\"valueRequired\":true,\"valueName\":\"search_term_string\"}}],\"inLanguage\":\"en-CA\"},{\"@type\":\"Organization\",\"@id\":\"https:\\\/\\\/perle-in.com\\\/#organization\",\"name\":\"PERLE IN\",\"url\":\"https:\\\/\\\/perle-in.com\\\/\",\"logo\":{\"@type\":\"ImageObject\",\"inLanguage\":\"en-CA\",\"@id\":\"https:\\\/\\\/perle-in.com\\\/#\\\/schema\\\/logo\\\/image\\\/\",\"url\":\"https:\\\/\\\/perle-in.com\\\/wp-content\\\/uploads\\\/2022\\\/12\\\/LOGO-PERLE-IN-COULEUR@3x.webp\",\"contentUrl\":\"https:\\\/\\\/perle-in.com\\\/wp-content\\\/uploads\\\/2022\\\/12\\\/LOGO-PERLE-IN-COULEUR@3x.webp\",\"width\":1600,\"height\":490,\"caption\":\"PERLE IN\"},\"image\":{\"@id\":\"https:\\\/\\\/perle-in.com\\\/#\\\/schema\\\/logo\\\/image\\\/\"}}]}<\/script>\n<!-- \/ Yoast SEO plugin. -->","yoast_head_json":{"title":"Grand rond r\u00e9fl\u00e9chissant \u00e0 accrocher H-12 RFX\u2122 - PERLE IN","robots":{"index":"noindex","follow":"follow","max-snippet":"max-snippet:-1","max-image-preview":"max-image-preview:large","max-video-preview":"max-video-preview:-1"},"og_locale":"en_US","og_type":"article","og_title":"Grand rond r\u00e9fl\u00e9chissant \u00e0 accrocher H-12 RFX\u2122 - PERLE IN","og_description":"Accrochez facilement ce crochet r\u00e9fl\u00e9chissant \u00e0 vos v\u00eatements, sacs, v\u00e9los et autres articles. L'impression est r\u00e9alis\u00e9e en dessous du film de cet \u00e9l\u00e9ment, ce qui vous permet d'obtenir une surface r\u00e9fl\u00e9chissante avec un facteur d'efficacit\u00e9 de 100 %. Stockez-le dans un endroit sec et propre. Ne le stockez pas dans un endroit expos\u00e9 directement aux rayons du soleil. Veuillez nous contacter pour la gamme compl\u00e8te de formes et de tailles disponibles. Plus de 1\u00a0000 mod\u00e8les disponibles. Il est \u00e9galement possible d'obtenir des formes personnalis\u00e9es. Conforme \u00e0 la norme EN 13356. Une d\u00e9claration de conformit\u00e9 est disponible sur demande.","og_url":"https:\/\/perle-in.com\/en\/product\/grand-rond-reflechissant-a-accrocher-h-12-rfx\/","og_site_name":"PERLE IN","article_modified_time":"2025-10-10T06:00:12+00:00","og_image":[{"width":1600,"height":1600,"url":"https:\/\/perle-in.com\/wp-content\/uploads\/2025\/09\/1PR02201-2.jpg","type":"image\/jpeg"}],"twitter_card":"summary_large_image","schema":{"@context":"https:\/\/schema.org","@graph":[{"@type":"WebPage","@id":"https:\/\/perle-in.com\/en\/product\/grand-rond-reflechissant-a-accrocher-h-12-rfx\/","url":"https:\/\/perle-in.com\/en\/product\/grand-rond-reflechissant-a-accrocher-h-12-rfx\/","name":"Grand rond r\u00e9fl\u00e9chissant \u00e0 accrocher H-12 RFX\u2122 - PERLE IN","isPartOf":{"@id":"https:\/\/perle-in.com\/#website"},"primaryImageOfPage":{"@id":"https:\/\/perle-in.com\/en\/product\/grand-rond-reflechissant-a-accrocher-h-12-rfx\/#primaryimage"},"image":{"@id":"https:\/\/perle-in.com\/en\/product\/grand-rond-reflechissant-a-accrocher-h-12-rfx\/#primaryimage"},"thumbnailUrl":"https:\/\/perle-in.com\/wp-content\/uploads\/2025\/09\/1PR02201-2.jpg","datePublished":"2025-10-10T06:00:10+00:00","dateModified":"2025-10-10T06:00:12+00:00","breadcrumb":{"@id":"https:\/\/perle-in.com\/en\/product\/grand-rond-reflechissant-a-accrocher-h-12-rfx\/#breadcrumb"},"inLanguage":"en-CA","potentialAction":[{"@type":"ReadAction","target":["https:\/\/perle-in.com\/en\/product\/grand-rond-reflechissant-a-accrocher-h-12-rfx\/"]}]},{"@type":"ImageObject","inLanguage":"en-CA","@id":"https:\/\/perle-in.com\/en\/product\/grand-rond-reflechissant-a-accrocher-h-12-rfx\/#primaryimage","url":"https:\/\/perle-in.com\/wp-content\/uploads\/2025\/09\/1PR02201-2.jpg","contentUrl":"https:\/\/perle-in.com\/wp-content\/uploads\/2025\/09\/1PR02201-2.jpg","width":1600,"height":1600},{"@type":"BreadcrumbList","@id":"https:\/\/perle-in.com\/en\/product\/grand-rond-reflechissant-a-accrocher-h-12-rfx\/#breadcrumb","itemListElement":[{"@type":"ListItem","position":1,"name":"Accueil","item":"https:\/\/perle-in.com\/"},{"@type":"ListItem","position":2,"name":"Boutique","item":"https:\/\/perle-in.com\/boutique\/"},{"@type":"ListItem","position":3,"name":"Grand rond r\u00e9fl\u00e9chissant \u00e0 accrocher H-12 RFX\u2122"}]},{"@type":"WebSite","@id":"https:\/\/perle-in.com\/#website","url":"https:\/\/perle-in.com\/","name":"PERLE IN","description":"","publisher":{"@id":"https:\/\/perle-in.com\/#organization"},"potentialAction":[{"@type":"SearchAction","target":{"@type":"EntryPoint","urlTemplate":"https:\/\/perle-in.com\/?s={search_term_string}"},"query-input":{"@type":"PropertyValueSpecification","valueRequired":true,"valueName":"search_term_string"}}],"inLanguage":"en-CA"},{"@type":"Organization","@id":"https:\/\/perle-in.com\/#organization","name":"PERLE IN","url":"https:\/\/perle-in.com\/","logo":{"@type":"ImageObject","inLanguage":"en-CA","@id":"https:\/\/perle-in.com\/#\/schema\/logo\/image\/","url":"https:\/\/perle-in.com\/wp-content\/uploads\/2022\/12\/LOGO-PERLE-IN-COULEUR@3x.webp","contentUrl":"https:\/\/perle-in.com\/wp-content\/uploads\/2022\/12\/LOGO-PERLE-IN-COULEUR@3x.webp","width":1600,"height":490,"caption":"PERLE IN"},"image":{"@id":"https:\/\/perle-in.com\/#\/schema\/logo\/image\/"}}]}},"jetpack_sharing_enabled":true,"_links":{"self":[{"href":"https:\/\/perle-in.com\/en\/wp-json\/wp\/v2\/product\/499031","targetHints":{"allow":["GET"]}}],"collection":[{"href":"https:\/\/perle-in.com\/en\/wp-json\/wp\/v2\/product"}],"about":[{"href":"https:\/\/perle-in.com\/en\/wp-json\/wp\/v2\/types\/product"}],"version-history":[{"count":0,"href":"https:\/\/perle-in.com\/en\/wp-json\/wp\/v2\/product\/499031\/revisions"}],"wp:featuredmedia":[{"embeddable":true,"href":"https:\/\/perle-in.com\/en\/wp-json\/wp\/v2\/media\/480074"}],"wp:attachment":[{"href":"https:\/\/perle-in.com\/en\/wp-json\/wp\/v2\/media?parent=499031"}],"wp:term":[{"taxonomy":"product_brand","embeddable":true,"href":"https:\/\/perle-in.com\/en\/wp-json\/wp\/v2\/product_brand?post=499031"},{"taxonomy":"product_cat","embeddable":true,"href":"https:\/\/perle-in.com\/en\/wp-json\/wp\/v2\/product_cat?post=499031"},{"taxonomy":"product_tag","embeddable":true,"href":"https:\/\/perle-in.com\/en\/wp-json\/wp\/v2\/product_tag?post=499031"}],"curies":[{"name":"wp","href":"https:\/\/api.w.org\/{rel}","templated":true}]}}