{"id":499012,"date":"2025-10-10T06:40:20","date_gmt":"2025-10-10T04:40:20","guid":{"rendered":"https:\/\/perle-in.com\/produit\/petit-chiffon-de-nettoyage-caro\/"},"modified":"2025-10-10T06:40:21","modified_gmt":"2025-10-10T04:40:21","slug":"petit-chiffon-de-nettoyage-caro","status":"publish","type":"product","link":"https:\/\/perle-in.com\/en\/product\/petit-chiffon-de-nettoyage-caro\/","title":{"rendered":"Petit chiffon de nettoyage Caro"},"content":{"rendered":"","protected":false},"excerpt":{"rendered":"<p>Chiffon de nettoyage Caro totalement color\u00e9 par sublimation. Taille\u00a0: petit. Le marquage peut \u00eatre r\u00e9alis\u00e9 sur une ou sur les deux faces. Pour une impression sur les deux faces, vous pouvez choisir pour le marquage standard ou pour l&#8217;alignement des marquages. Ce chiffon de nettoyage color\u00e9 est facile \u00e0 emporter avec vous pour nettoyer vos lunettes, votre \u00e9cran tactile, votre t\u00e9l\u00e9phone mobile ou votre tablette.<\/p>","protected":false},"featured_media":480013,"template":"","meta":{"_eb_attr":""},"product_brand":[],"product_cat":[668,667],"product_tag":[678,679,677,675,674,676,673,680,671,672,669,670],"class_list":{"0":"post-499012","1":"product","2":"type-product","3":"status-publish","4":"has-post-thumbnail","6":"product_cat-accessoires-pour-telephone-et-tablette","7":"product_cat-technologie","8":"product_tag-linge-de-nettoyage","9":"product_tag-linge-de-nettoyage-en-microfibre","10":"product_tag-nettoyage","11":"product_tag-nettoyage-de-la-tablette","12":"product_tag-nettoyage-du-ipad","13":"product_tag-nettoyage-du-telephone","14":"product_tag-nettoyage-du-telephone-cellulaire","15":"product_tag-smartphone","16":"product_tag-telephone","17":"product_tag-telephone-cellulaire","18":"product_tag-telephone-intelligent","19":"product_tag-telephones","20":"pa_couleurs-blanc","22":"first","23":"instock","24":"shipping-taxable","25":"purchasable","26":"product-type-variable"},"yoast_head":"<!-- This site is optimized with the Yoast SEO plugin v27.4 - https:\/\/yoast.com\/product\/yoast-seo-wordpress\/ -->\n<title>Petit chiffon de nettoyage Caro - PERLE IN<\/title>\n<meta name=\"robots\" content=\"noindex, follow, max-snippet:-1, max-image-preview:large, max-video-preview:-1\" \/>\n<meta property=\"og:locale\" content=\"en_US\" \/>\n<meta property=\"og:type\" content=\"article\" \/>\n<meta property=\"og:title\" content=\"Petit chiffon de nettoyage Caro - PERLE IN\" \/>\n<meta property=\"og:description\" content=\"Chiffon de nettoyage Caro totalement color\u00e9 par sublimation. Taille\u00a0: petit. Le marquage peut \u00eatre r\u00e9alis\u00e9 sur une ou sur les deux faces. Pour une impression sur les deux faces, vous pouvez choisir pour le marquage standard ou pour l&#039;alignement des marquages. Ce chiffon de nettoyage color\u00e9 est facile \u00e0 emporter avec vous pour nettoyer vos lunettes, votre \u00e9cran tactile, votre t\u00e9l\u00e9phone mobile ou votre tablette.\" \/>\n<meta property=\"og:url\" content=\"https:\/\/perle-in.com\/en\/product\/petit-chiffon-de-nettoyage-caro\/\" \/>\n<meta property=\"og:site_name\" content=\"PERLE IN\" \/>\n<meta property=\"article:modified_time\" content=\"2025-10-10T04:40:21+00:00\" \/>\n<meta property=\"og:image\" content=\"https:\/\/perle-in.com\/wp-content\/uploads\/2025\/09\/1PL01601-2.jpg\" \/>\n\t<meta property=\"og:image:width\" content=\"1600\" \/>\n\t<meta property=\"og:image:height\" content=\"1600\" \/>\n\t<meta property=\"og:image:type\" content=\"image\/jpeg\" \/>\n<meta name=\"twitter:card\" content=\"summary_large_image\" \/>\n<script type=\"application\/ld+json\" class=\"yoast-schema-graph\">{\"@context\":\"https:\\\/\\\/schema.org\",\"@graph\":[{\"@type\":\"WebPage\",\"@id\":\"https:\\\/\\\/perle-in.com\\\/produit\\\/petit-chiffon-de-nettoyage-caro\\\/\",\"url\":\"https:\\\/\\\/perle-in.com\\\/produit\\\/petit-chiffon-de-nettoyage-caro\\\/\",\"name\":\"Petit chiffon de nettoyage Caro - PERLE IN\",\"isPartOf\":{\"@id\":\"https:\\\/\\\/perle-in.com\\\/#website\"},\"primaryImageOfPage\":{\"@id\":\"https:\\\/\\\/perle-in.com\\\/produit\\\/petit-chiffon-de-nettoyage-caro\\\/#primaryimage\"},\"image\":{\"@id\":\"https:\\\/\\\/perle-in.com\\\/produit\\\/petit-chiffon-de-nettoyage-caro\\\/#primaryimage\"},\"thumbnailUrl\":\"https:\\\/\\\/perle-in.com\\\/wp-content\\\/uploads\\\/2025\\\/09\\\/1PL01601-2.jpg\",\"datePublished\":\"2025-10-10T04:40:20+00:00\",\"dateModified\":\"2025-10-10T04:40:21+00:00\",\"breadcrumb\":{\"@id\":\"https:\\\/\\\/perle-in.com\\\/produit\\\/petit-chiffon-de-nettoyage-caro\\\/#breadcrumb\"},\"inLanguage\":\"en-CA\",\"potentialAction\":[{\"@type\":\"ReadAction\",\"target\":[\"https:\\\/\\\/perle-in.com\\\/produit\\\/petit-chiffon-de-nettoyage-caro\\\/\"]}]},{\"@type\":\"ImageObject\",\"inLanguage\":\"en-CA\",\"@id\":\"https:\\\/\\\/perle-in.com\\\/produit\\\/petit-chiffon-de-nettoyage-caro\\\/#primaryimage\",\"url\":\"https:\\\/\\\/perle-in.com\\\/wp-content\\\/uploads\\\/2025\\\/09\\\/1PL01601-2.jpg\",\"contentUrl\":\"https:\\\/\\\/perle-in.com\\\/wp-content\\\/uploads\\\/2025\\\/09\\\/1PL01601-2.jpg\",\"width\":1600,\"height\":1600},{\"@type\":\"BreadcrumbList\",\"@id\":\"https:\\\/\\\/perle-in.com\\\/produit\\\/petit-chiffon-de-nettoyage-caro\\\/#breadcrumb\",\"itemListElement\":[{\"@type\":\"ListItem\",\"position\":1,\"name\":\"Accueil\",\"item\":\"https:\\\/\\\/perle-in.com\\\/\"},{\"@type\":\"ListItem\",\"position\":2,\"name\":\"Boutique\",\"item\":\"https:\\\/\\\/perle-in.com\\\/boutique\\\/\"},{\"@type\":\"ListItem\",\"position\":3,\"name\":\"Petit chiffon de nettoyage Caro\"}]},{\"@type\":\"WebSite\",\"@id\":\"https:\\\/\\\/perle-in.com\\\/#website\",\"url\":\"https:\\\/\\\/perle-in.com\\\/\",\"name\":\"PERLE IN\",\"description\":\"\",\"publisher\":{\"@id\":\"https:\\\/\\\/perle-in.com\\\/#organization\"},\"potentialAction\":[{\"@type\":\"SearchAction\",\"target\":{\"@type\":\"EntryPoint\",\"urlTemplate\":\"https:\\\/\\\/perle-in.com\\\/?s={search_term_string}\"},\"query-input\":{\"@type\":\"PropertyValueSpecification\",\"valueRequired\":true,\"valueName\":\"search_term_string\"}}],\"inLanguage\":\"en-CA\"},{\"@type\":\"Organization\",\"@id\":\"https:\\\/\\\/perle-in.com\\\/#organization\",\"name\":\"PERLE IN\",\"url\":\"https:\\\/\\\/perle-in.com\\\/\",\"logo\":{\"@type\":\"ImageObject\",\"inLanguage\":\"en-CA\",\"@id\":\"https:\\\/\\\/perle-in.com\\\/#\\\/schema\\\/logo\\\/image\\\/\",\"url\":\"https:\\\/\\\/perle-in.com\\\/wp-content\\\/uploads\\\/2022\\\/12\\\/LOGO-PERLE-IN-COULEUR@3x.webp\",\"contentUrl\":\"https:\\\/\\\/perle-in.com\\\/wp-content\\\/uploads\\\/2022\\\/12\\\/LOGO-PERLE-IN-COULEUR@3x.webp\",\"width\":1600,\"height\":490,\"caption\":\"PERLE IN\"},\"image\":{\"@id\":\"https:\\\/\\\/perle-in.com\\\/#\\\/schema\\\/logo\\\/image\\\/\"}}]}<\/script>\n<!-- \/ Yoast SEO plugin. -->","yoast_head_json":{"title":"Petit chiffon de nettoyage Caro - PERLE IN","robots":{"index":"noindex","follow":"follow","max-snippet":"max-snippet:-1","max-image-preview":"max-image-preview:large","max-video-preview":"max-video-preview:-1"},"og_locale":"en_US","og_type":"article","og_title":"Petit chiffon de nettoyage Caro - PERLE IN","og_description":"Chiffon de nettoyage Caro totalement color\u00e9 par sublimation. Taille\u00a0: petit. Le marquage peut \u00eatre r\u00e9alis\u00e9 sur une ou sur les deux faces. Pour une impression sur les deux faces, vous pouvez choisir pour le marquage standard ou pour l'alignement des marquages. Ce chiffon de nettoyage color\u00e9 est facile \u00e0 emporter avec vous pour nettoyer vos lunettes, votre \u00e9cran tactile, votre t\u00e9l\u00e9phone mobile ou votre tablette.","og_url":"https:\/\/perle-in.com\/en\/product\/petit-chiffon-de-nettoyage-caro\/","og_site_name":"PERLE IN","article_modified_time":"2025-10-10T04:40:21+00:00","og_image":[{"width":1600,"height":1600,"url":"https:\/\/perle-in.com\/wp-content\/uploads\/2025\/09\/1PL01601-2.jpg","type":"image\/jpeg"}],"twitter_card":"summary_large_image","schema":{"@context":"https:\/\/schema.org","@graph":[{"@type":"WebPage","@id":"https:\/\/perle-in.com\/produit\/petit-chiffon-de-nettoyage-caro\/","url":"https:\/\/perle-in.com\/produit\/petit-chiffon-de-nettoyage-caro\/","name":"Petit chiffon de nettoyage Caro - PERLE IN","isPartOf":{"@id":"https:\/\/perle-in.com\/#website"},"primaryImageOfPage":{"@id":"https:\/\/perle-in.com\/produit\/petit-chiffon-de-nettoyage-caro\/#primaryimage"},"image":{"@id":"https:\/\/perle-in.com\/produit\/petit-chiffon-de-nettoyage-caro\/#primaryimage"},"thumbnailUrl":"https:\/\/perle-in.com\/wp-content\/uploads\/2025\/09\/1PL01601-2.jpg","datePublished":"2025-10-10T04:40:20+00:00","dateModified":"2025-10-10T04:40:21+00:00","breadcrumb":{"@id":"https:\/\/perle-in.com\/produit\/petit-chiffon-de-nettoyage-caro\/#breadcrumb"},"inLanguage":"en-CA","potentialAction":[{"@type":"ReadAction","target":["https:\/\/perle-in.com\/produit\/petit-chiffon-de-nettoyage-caro\/"]}]},{"@type":"ImageObject","inLanguage":"en-CA","@id":"https:\/\/perle-in.com\/produit\/petit-chiffon-de-nettoyage-caro\/#primaryimage","url":"https:\/\/perle-in.com\/wp-content\/uploads\/2025\/09\/1PL01601-2.jpg","contentUrl":"https:\/\/perle-in.com\/wp-content\/uploads\/2025\/09\/1PL01601-2.jpg","width":1600,"height":1600},{"@type":"BreadcrumbList","@id":"https:\/\/perle-in.com\/produit\/petit-chiffon-de-nettoyage-caro\/#breadcrumb","itemListElement":[{"@type":"ListItem","position":1,"name":"Accueil","item":"https:\/\/perle-in.com\/"},{"@type":"ListItem","position":2,"name":"Boutique","item":"https:\/\/perle-in.com\/boutique\/"},{"@type":"ListItem","position":3,"name":"Petit chiffon de nettoyage Caro"}]},{"@type":"WebSite","@id":"https:\/\/perle-in.com\/#website","url":"https:\/\/perle-in.com\/","name":"PERLE IN","description":"","publisher":{"@id":"https:\/\/perle-in.com\/#organization"},"potentialAction":[{"@type":"SearchAction","target":{"@type":"EntryPoint","urlTemplate":"https:\/\/perle-in.com\/?s={search_term_string}"},"query-input":{"@type":"PropertyValueSpecification","valueRequired":true,"valueName":"search_term_string"}}],"inLanguage":"en-CA"},{"@type":"Organization","@id":"https:\/\/perle-in.com\/#organization","name":"PERLE IN","url":"https:\/\/perle-in.com\/","logo":{"@type":"ImageObject","inLanguage":"en-CA","@id":"https:\/\/perle-in.com\/#\/schema\/logo\/image\/","url":"https:\/\/perle-in.com\/wp-content\/uploads\/2022\/12\/LOGO-PERLE-IN-COULEUR@3x.webp","contentUrl":"https:\/\/perle-in.com\/wp-content\/uploads\/2022\/12\/LOGO-PERLE-IN-COULEUR@3x.webp","width":1600,"height":490,"caption":"PERLE IN"},"image":{"@id":"https:\/\/perle-in.com\/#\/schema\/logo\/image\/"}}]}},"jetpack_sharing_enabled":true,"_links":{"self":[{"href":"https:\/\/perle-in.com\/en\/wp-json\/wp\/v2\/product\/499012","targetHints":{"allow":["GET"]}}],"collection":[{"href":"https:\/\/perle-in.com\/en\/wp-json\/wp\/v2\/product"}],"about":[{"href":"https:\/\/perle-in.com\/en\/wp-json\/wp\/v2\/types\/product"}],"version-history":[{"count":0,"href":"https:\/\/perle-in.com\/en\/wp-json\/wp\/v2\/product\/499012\/revisions"}],"wp:featuredmedia":[{"embeddable":true,"href":"https:\/\/perle-in.com\/en\/wp-json\/wp\/v2\/media\/480013"}],"wp:attachment":[{"href":"https:\/\/perle-in.com\/en\/wp-json\/wp\/v2\/media?parent=499012"}],"wp:term":[{"taxonomy":"product_brand","embeddable":true,"href":"https:\/\/perle-in.com\/en\/wp-json\/wp\/v2\/product_brand?post=499012"},{"taxonomy":"product_cat","embeddable":true,"href":"https:\/\/perle-in.com\/en\/wp-json\/wp\/v2\/product_cat?post=499012"},{"taxonomy":"product_tag","embeddable":true,"href":"https:\/\/perle-in.com\/en\/wp-json\/wp\/v2\/product_tag?post=499012"}],"curies":[{"name":"wp","href":"https:\/\/api.w.org\/{rel}","templated":true}]}}