{"id":497980,"date":"2025-10-10T06:10:08","date_gmt":"2025-10-10T04:10:08","guid":{"rendered":"https:\/\/perle-in.com\/produit\/bracelet-metal-festival-sublimation-evi\/"},"modified":"2025-10-10T06:10:10","modified_gmt":"2025-10-10T04:10:10","slug":"bracelet-metal-festival-sublimation-evi","status":"publish","type":"product","link":"https:\/\/perle-in.com\/en\/product\/bracelet-metal-festival-sublimation-evi\/","title":{"rendered":"Bracelet m\u00e9tal festival sublimation Evi"},"content":{"rendered":"","protected":false},"excerpt":{"rendered":"<p>Bracelet Evi avec marquage en sublimation et fermeture amovible. Le marquage peut \u00eatre r\u00e9alis\u00e9 sur une ou sur les deux faces. Pour une impression sur les deux faces, vous pouvez choisir pour le marquage standard ou pour l&#8217;alignement des marquages. Avec sa fermeture amovible, il est facile d&#8217;enlever le bracelet, c&#8217;est donc le bracelet parfait pour les f\u00eates d&#8217;enfants et les \u00e9v\u00e9nements qui n\u00e9cessitent d&#8217;utiliser les bracelets plusieurs fois.<\/p>","protected":false},"featured_media":479979,"template":"","meta":{"_eb_attr":""},"product_brand":[],"product_cat":[400,463],"product_tag":[661,660,659,658,440,445,443,236,446,444,662,663,441,442,378],"class_list":{"0":"post-497980","1":"product","2":"type-product","3":"status-publish","4":"has-post-thumbnail","6":"product_cat-accessoires","7":"product_cat-porte-badges","8":"product_tag-article-pour-evenements","9":"product_tag-article-pour-evenements-sportifs","10":"product_tag-articles-pour-evenements","11":"product_tag-articles-pour-evenements-sportifs","12":"product_tag-bracelet","13":"product_tag-bracelet-en-silicone","14":"product_tag-bracelet-slap","15":"product_tag-bracelets","16":"product_tag-bracelets-en-silicone","17":"product_tag-bracelets-slap","18":"product_tag-evenement","19":"product_tag-evenements","20":"product_tag-sangle","21":"product_tag-sangles","22":"product_tag-silicone","23":"pa_couleurs-blanc","25":"first","26":"instock","27":"shipping-taxable","28":"purchasable","29":"product-type-variable"},"yoast_head":"<!-- This site is optimized with the Yoast SEO plugin v27.4 - https:\/\/yoast.com\/product\/yoast-seo-wordpress\/ -->\n<title>Bracelet m\u00e9tal festival sublimation Evi - PERLE IN<\/title>\n<meta name=\"robots\" content=\"noindex, follow, max-snippet:-1, max-image-preview:large, max-video-preview:-1\" \/>\n<meta property=\"og:locale\" content=\"en_US\" \/>\n<meta property=\"og:type\" content=\"article\" \/>\n<meta property=\"og:title\" content=\"Bracelet m\u00e9tal festival sublimation Evi - PERLE IN\" \/>\n<meta property=\"og:description\" content=\"Bracelet Evi avec marquage en sublimation et fermeture amovible. Le marquage peut \u00eatre r\u00e9alis\u00e9 sur une ou sur les deux faces. Pour une impression sur les deux faces, vous pouvez choisir pour le marquage standard ou pour l&#039;alignement des marquages. Avec sa fermeture amovible, il est facile d&#039;enlever le bracelet, c&#039;est donc le bracelet parfait pour les f\u00eates d&#039;enfants et les \u00e9v\u00e9nements qui n\u00e9cessitent d&#039;utiliser les bracelets plusieurs fois.\" \/>\n<meta property=\"og:url\" content=\"https:\/\/perle-in.com\/en\/product\/bracelet-metal-festival-sublimation-evi\/\" \/>\n<meta property=\"og:site_name\" content=\"PERLE IN\" \/>\n<meta property=\"article:modified_time\" content=\"2025-10-10T04:10:10+00:00\" \/>\n<meta property=\"og:image\" content=\"https:\/\/perle-in.com\/wp-content\/uploads\/2025\/09\/1PL01301-2.jpg\" \/>\n\t<meta property=\"og:image:width\" content=\"1600\" \/>\n\t<meta property=\"og:image:height\" content=\"1600\" \/>\n\t<meta property=\"og:image:type\" content=\"image\/jpeg\" \/>\n<meta name=\"twitter:card\" content=\"summary_large_image\" \/>\n<script type=\"application\/ld+json\" class=\"yoast-schema-graph\">{\"@context\":\"https:\\\/\\\/schema.org\",\"@graph\":[{\"@type\":\"WebPage\",\"@id\":\"https:\\\/\\\/perle-in.com\\\/produit\\\/bracelet-metal-festival-sublimation-evi\\\/\",\"url\":\"https:\\\/\\\/perle-in.com\\\/produit\\\/bracelet-metal-festival-sublimation-evi\\\/\",\"name\":\"Bracelet m\u00e9tal festival sublimation Evi - PERLE IN\",\"isPartOf\":{\"@id\":\"https:\\\/\\\/perle-in.com\\\/#website\"},\"primaryImageOfPage\":{\"@id\":\"https:\\\/\\\/perle-in.com\\\/produit\\\/bracelet-metal-festival-sublimation-evi\\\/#primaryimage\"},\"image\":{\"@id\":\"https:\\\/\\\/perle-in.com\\\/produit\\\/bracelet-metal-festival-sublimation-evi\\\/#primaryimage\"},\"thumbnailUrl\":\"https:\\\/\\\/perle-in.com\\\/wp-content\\\/uploads\\\/2025\\\/09\\\/1PL01301-2.jpg\",\"datePublished\":\"2025-10-10T04:10:08+00:00\",\"dateModified\":\"2025-10-10T04:10:10+00:00\",\"breadcrumb\":{\"@id\":\"https:\\\/\\\/perle-in.com\\\/produit\\\/bracelet-metal-festival-sublimation-evi\\\/#breadcrumb\"},\"inLanguage\":\"en-CA\",\"potentialAction\":[{\"@type\":\"ReadAction\",\"target\":[\"https:\\\/\\\/perle-in.com\\\/produit\\\/bracelet-metal-festival-sublimation-evi\\\/\"]}]},{\"@type\":\"ImageObject\",\"inLanguage\":\"en-CA\",\"@id\":\"https:\\\/\\\/perle-in.com\\\/produit\\\/bracelet-metal-festival-sublimation-evi\\\/#primaryimage\",\"url\":\"https:\\\/\\\/perle-in.com\\\/wp-content\\\/uploads\\\/2025\\\/09\\\/1PL01301-2.jpg\",\"contentUrl\":\"https:\\\/\\\/perle-in.com\\\/wp-content\\\/uploads\\\/2025\\\/09\\\/1PL01301-2.jpg\",\"width\":1600,\"height\":1600},{\"@type\":\"BreadcrumbList\",\"@id\":\"https:\\\/\\\/perle-in.com\\\/produit\\\/bracelet-metal-festival-sublimation-evi\\\/#breadcrumb\",\"itemListElement\":[{\"@type\":\"ListItem\",\"position\":1,\"name\":\"Accueil\",\"item\":\"https:\\\/\\\/perle-in.com\\\/\"},{\"@type\":\"ListItem\",\"position\":2,\"name\":\"Boutique\",\"item\":\"https:\\\/\\\/perle-in.com\\\/boutique\\\/\"},{\"@type\":\"ListItem\",\"position\":3,\"name\":\"Bracelet m\u00e9tal festival sublimation Evi\"}]},{\"@type\":\"WebSite\",\"@id\":\"https:\\\/\\\/perle-in.com\\\/#website\",\"url\":\"https:\\\/\\\/perle-in.com\\\/\",\"name\":\"PERLE IN\",\"description\":\"\",\"publisher\":{\"@id\":\"https:\\\/\\\/perle-in.com\\\/#organization\"},\"potentialAction\":[{\"@type\":\"SearchAction\",\"target\":{\"@type\":\"EntryPoint\",\"urlTemplate\":\"https:\\\/\\\/perle-in.com\\\/?s={search_term_string}\"},\"query-input\":{\"@type\":\"PropertyValueSpecification\",\"valueRequired\":true,\"valueName\":\"search_term_string\"}}],\"inLanguage\":\"en-CA\"},{\"@type\":\"Organization\",\"@id\":\"https:\\\/\\\/perle-in.com\\\/#organization\",\"name\":\"PERLE IN\",\"url\":\"https:\\\/\\\/perle-in.com\\\/\",\"logo\":{\"@type\":\"ImageObject\",\"inLanguage\":\"en-CA\",\"@id\":\"https:\\\/\\\/perle-in.com\\\/#\\\/schema\\\/logo\\\/image\\\/\",\"url\":\"https:\\\/\\\/perle-in.com\\\/wp-content\\\/uploads\\\/2022\\\/12\\\/LOGO-PERLE-IN-COULEUR@3x.webp\",\"contentUrl\":\"https:\\\/\\\/perle-in.com\\\/wp-content\\\/uploads\\\/2022\\\/12\\\/LOGO-PERLE-IN-COULEUR@3x.webp\",\"width\":1600,\"height\":490,\"caption\":\"PERLE IN\"},\"image\":{\"@id\":\"https:\\\/\\\/perle-in.com\\\/#\\\/schema\\\/logo\\\/image\\\/\"}}]}<\/script>\n<!-- \/ Yoast SEO plugin. -->","yoast_head_json":{"title":"Bracelet m\u00e9tal festival sublimation Evi - PERLE IN","robots":{"index":"noindex","follow":"follow","max-snippet":"max-snippet:-1","max-image-preview":"max-image-preview:large","max-video-preview":"max-video-preview:-1"},"og_locale":"en_US","og_type":"article","og_title":"Bracelet m\u00e9tal festival sublimation Evi - PERLE IN","og_description":"Bracelet Evi avec marquage en sublimation et fermeture amovible. Le marquage peut \u00eatre r\u00e9alis\u00e9 sur une ou sur les deux faces. Pour une impression sur les deux faces, vous pouvez choisir pour le marquage standard ou pour l'alignement des marquages. Avec sa fermeture amovible, il est facile d'enlever le bracelet, c'est donc le bracelet parfait pour les f\u00eates d'enfants et les \u00e9v\u00e9nements qui n\u00e9cessitent d'utiliser les bracelets plusieurs fois.","og_url":"https:\/\/perle-in.com\/en\/product\/bracelet-metal-festival-sublimation-evi\/","og_site_name":"PERLE IN","article_modified_time":"2025-10-10T04:10:10+00:00","og_image":[{"width":1600,"height":1600,"url":"https:\/\/perle-in.com\/wp-content\/uploads\/2025\/09\/1PL01301-2.jpg","type":"image\/jpeg"}],"twitter_card":"summary_large_image","schema":{"@context":"https:\/\/schema.org","@graph":[{"@type":"WebPage","@id":"https:\/\/perle-in.com\/produit\/bracelet-metal-festival-sublimation-evi\/","url":"https:\/\/perle-in.com\/produit\/bracelet-metal-festival-sublimation-evi\/","name":"Bracelet m\u00e9tal festival sublimation Evi - PERLE IN","isPartOf":{"@id":"https:\/\/perle-in.com\/#website"},"primaryImageOfPage":{"@id":"https:\/\/perle-in.com\/produit\/bracelet-metal-festival-sublimation-evi\/#primaryimage"},"image":{"@id":"https:\/\/perle-in.com\/produit\/bracelet-metal-festival-sublimation-evi\/#primaryimage"},"thumbnailUrl":"https:\/\/perle-in.com\/wp-content\/uploads\/2025\/09\/1PL01301-2.jpg","datePublished":"2025-10-10T04:10:08+00:00","dateModified":"2025-10-10T04:10:10+00:00","breadcrumb":{"@id":"https:\/\/perle-in.com\/produit\/bracelet-metal-festival-sublimation-evi\/#breadcrumb"},"inLanguage":"en-CA","potentialAction":[{"@type":"ReadAction","target":["https:\/\/perle-in.com\/produit\/bracelet-metal-festival-sublimation-evi\/"]}]},{"@type":"ImageObject","inLanguage":"en-CA","@id":"https:\/\/perle-in.com\/produit\/bracelet-metal-festival-sublimation-evi\/#primaryimage","url":"https:\/\/perle-in.com\/wp-content\/uploads\/2025\/09\/1PL01301-2.jpg","contentUrl":"https:\/\/perle-in.com\/wp-content\/uploads\/2025\/09\/1PL01301-2.jpg","width":1600,"height":1600},{"@type":"BreadcrumbList","@id":"https:\/\/perle-in.com\/produit\/bracelet-metal-festival-sublimation-evi\/#breadcrumb","itemListElement":[{"@type":"ListItem","position":1,"name":"Accueil","item":"https:\/\/perle-in.com\/"},{"@type":"ListItem","position":2,"name":"Boutique","item":"https:\/\/perle-in.com\/boutique\/"},{"@type":"ListItem","position":3,"name":"Bracelet m\u00e9tal festival sublimation Evi"}]},{"@type":"WebSite","@id":"https:\/\/perle-in.com\/#website","url":"https:\/\/perle-in.com\/","name":"PERLE IN","description":"","publisher":{"@id":"https:\/\/perle-in.com\/#organization"},"potentialAction":[{"@type":"SearchAction","target":{"@type":"EntryPoint","urlTemplate":"https:\/\/perle-in.com\/?s={search_term_string}"},"query-input":{"@type":"PropertyValueSpecification","valueRequired":true,"valueName":"search_term_string"}}],"inLanguage":"en-CA"},{"@type":"Organization","@id":"https:\/\/perle-in.com\/#organization","name":"PERLE IN","url":"https:\/\/perle-in.com\/","logo":{"@type":"ImageObject","inLanguage":"en-CA","@id":"https:\/\/perle-in.com\/#\/schema\/logo\/image\/","url":"https:\/\/perle-in.com\/wp-content\/uploads\/2022\/12\/LOGO-PERLE-IN-COULEUR@3x.webp","contentUrl":"https:\/\/perle-in.com\/wp-content\/uploads\/2022\/12\/LOGO-PERLE-IN-COULEUR@3x.webp","width":1600,"height":490,"caption":"PERLE IN"},"image":{"@id":"https:\/\/perle-in.com\/#\/schema\/logo\/image\/"}}]}},"jetpack_sharing_enabled":true,"_links":{"self":[{"href":"https:\/\/perle-in.com\/en\/wp-json\/wp\/v2\/product\/497980","targetHints":{"allow":["GET"]}}],"collection":[{"href":"https:\/\/perle-in.com\/en\/wp-json\/wp\/v2\/product"}],"about":[{"href":"https:\/\/perle-in.com\/en\/wp-json\/wp\/v2\/types\/product"}],"version-history":[{"count":0,"href":"https:\/\/perle-in.com\/en\/wp-json\/wp\/v2\/product\/497980\/revisions"}],"wp:featuredmedia":[{"embeddable":true,"href":"https:\/\/perle-in.com\/en\/wp-json\/wp\/v2\/media\/479979"}],"wp:attachment":[{"href":"https:\/\/perle-in.com\/en\/wp-json\/wp\/v2\/media?parent=497980"}],"wp:term":[{"taxonomy":"product_brand","embeddable":true,"href":"https:\/\/perle-in.com\/en\/wp-json\/wp\/v2\/product_brand?post=497980"},{"taxonomy":"product_cat","embeddable":true,"href":"https:\/\/perle-in.com\/en\/wp-json\/wp\/v2\/product_cat?post=497980"},{"taxonomy":"product_tag","embeddable":true,"href":"https:\/\/perle-in.com\/en\/wp-json\/wp\/v2\/product_tag?post=497980"}],"curies":[{"name":"wp","href":"https:\/\/api.w.org\/{rel}","templated":true}]}}