{"id":496816,"date":"2025-10-10T03:56:03","date_gmt":"2025-10-10T01:56:03","guid":{"rendered":"https:\/\/perle-in.com\/produit\/lanyard-lana-e-subimation\/"},"modified":"2025-10-10T03:56:07","modified_gmt":"2025-10-10T01:56:07","slug":"lanyard-lana-e-subimation","status":"publish","type":"product","link":"https:\/\/perle-in.com\/en\/product\/lanyard-lana-e-subimation\/","title":{"rendered":"Lanyard Lana e subimation"},"content":{"rendered":"","protected":false},"excerpt":{"rendered":"<p>Lanyard Lana avec marquage sublimation. Le marquage peut \u00eatre r\u00e9alis\u00e9 sur une ou sur les deux faces. Pour une impression sur les deux faces, vous pouvez choisir pour le marquage standard ou pour l&#8217;alignement des marquages Lani\u00e8re totalement color\u00e9e pour la sublimation. Lanyard dot\u00e9 d&#8217;un crochet m\u00e9tallique. Peut contenir un badge nominatif, une carte d\u2019identit\u00e9 ou des cl\u00e9s. Disponible en 4 largeurs lat\u00e9rales diff\u00e9rentes\u00a0: 10, 15, 20 et 25 mm.<\/p>","protected":false},"featured_media":479841,"template":"","meta":{"_eb_attr":""},"product_brand":[],"product_cat":[400,420],"product_tag":[423,642,424,643,644,481],"class_list":{"0":"post-496816","1":"product","2":"type-product","3":"status-publish","4":"has-post-thumbnail","6":"product_cat-accessoires","7":"product_cat-tours-de-cou","8":"product_tag-cordon","9":"product_tag-cordon-porte-cles","10":"product_tag-cordons","11":"product_tag-cordons-porte-cles","12":"product_tag-lanyard","13":"product_tag-tour-de-cou","14":"pa_couleurs-blanc","15":"pa_green-points-435","16":"pa_marque-unbranded","17":"pa_matiere-satin-polyester","18":"pa_pays-d-origine-pologne","19":"pa_taille-10mm","20":"pa_taille-15mm","21":"pa_taille-20mm","22":"pa_taille-25mm","24":"first","25":"instock","26":"shipping-taxable","27":"purchasable","28":"product-type-variable"},"yoast_head":"<!-- This site is optimized with the Yoast SEO plugin v27.4 - https:\/\/yoast.com\/product\/yoast-seo-wordpress\/ -->\n<title>Lanyard Lana e subimation - PERLE IN<\/title>\n<meta name=\"robots\" content=\"noindex, follow, max-snippet:-1, max-image-preview:large, max-video-preview:-1\" \/>\n<meta property=\"og:locale\" content=\"en_US\" \/>\n<meta property=\"og:type\" content=\"article\" \/>\n<meta property=\"og:title\" content=\"Lanyard Lana e subimation - PERLE IN\" \/>\n<meta property=\"og:description\" content=\"Lanyard Lana avec marquage sublimation. Le marquage peut \u00eatre r\u00e9alis\u00e9 sur une ou sur les deux faces. Pour une impression sur les deux faces, vous pouvez choisir pour le marquage standard ou pour l&#039;alignement des marquages Lani\u00e8re totalement color\u00e9e pour la sublimation. Lanyard dot\u00e9 d&#039;un crochet m\u00e9tallique. Peut contenir un badge nominatif, une carte d\u2019identit\u00e9 ou des cl\u00e9s. Disponible en 4 largeurs lat\u00e9rales diff\u00e9rentes\u00a0: 10, 15, 20 et 25 mm.\" \/>\n<meta property=\"og:url\" content=\"https:\/\/perle-in.com\/en\/product\/lanyard-lana-e-subimation\/\" \/>\n<meta property=\"og:site_name\" content=\"PERLE IN\" \/>\n<meta property=\"article:modified_time\" content=\"2025-10-10T01:56:07+00:00\" \/>\n<meta property=\"og:image\" content=\"https:\/\/perle-in.com\/wp-content\/uploads\/2025\/09\/1PL0010-5.jpg\" \/>\n\t<meta property=\"og:image:width\" content=\"1600\" \/>\n\t<meta property=\"og:image:height\" content=\"1600\" \/>\n\t<meta property=\"og:image:type\" content=\"image\/jpeg\" \/>\n<meta name=\"twitter:card\" content=\"summary_large_image\" \/>\n<script type=\"application\/ld+json\" class=\"yoast-schema-graph\">{\"@context\":\"https:\\\/\\\/schema.org\",\"@graph\":[{\"@type\":\"WebPage\",\"@id\":\"https:\\\/\\\/perle-in.com\\\/produit\\\/lanyard-lana-e-subimation\\\/\",\"url\":\"https:\\\/\\\/perle-in.com\\\/produit\\\/lanyard-lana-e-subimation\\\/\",\"name\":\"Lanyard Lana e subimation - PERLE IN\",\"isPartOf\":{\"@id\":\"https:\\\/\\\/perle-in.com\\\/#website\"},\"primaryImageOfPage\":{\"@id\":\"https:\\\/\\\/perle-in.com\\\/produit\\\/lanyard-lana-e-subimation\\\/#primaryimage\"},\"image\":{\"@id\":\"https:\\\/\\\/perle-in.com\\\/produit\\\/lanyard-lana-e-subimation\\\/#primaryimage\"},\"thumbnailUrl\":\"https:\\\/\\\/perle-in.com\\\/wp-content\\\/uploads\\\/2025\\\/09\\\/1PL0010-5.jpg\",\"datePublished\":\"2025-10-10T01:56:03+00:00\",\"dateModified\":\"2025-10-10T01:56:07+00:00\",\"breadcrumb\":{\"@id\":\"https:\\\/\\\/perle-in.com\\\/produit\\\/lanyard-lana-e-subimation\\\/#breadcrumb\"},\"inLanguage\":\"en-CA\",\"potentialAction\":[{\"@type\":\"ReadAction\",\"target\":[\"https:\\\/\\\/perle-in.com\\\/produit\\\/lanyard-lana-e-subimation\\\/\"]}]},{\"@type\":\"ImageObject\",\"inLanguage\":\"en-CA\",\"@id\":\"https:\\\/\\\/perle-in.com\\\/produit\\\/lanyard-lana-e-subimation\\\/#primaryimage\",\"url\":\"https:\\\/\\\/perle-in.com\\\/wp-content\\\/uploads\\\/2025\\\/09\\\/1PL0010-5.jpg\",\"contentUrl\":\"https:\\\/\\\/perle-in.com\\\/wp-content\\\/uploads\\\/2025\\\/09\\\/1PL0010-5.jpg\",\"width\":1600,\"height\":1600},{\"@type\":\"BreadcrumbList\",\"@id\":\"https:\\\/\\\/perle-in.com\\\/produit\\\/lanyard-lana-e-subimation\\\/#breadcrumb\",\"itemListElement\":[{\"@type\":\"ListItem\",\"position\":1,\"name\":\"Accueil\",\"item\":\"https:\\\/\\\/perle-in.com\\\/\"},{\"@type\":\"ListItem\",\"position\":2,\"name\":\"Boutique\",\"item\":\"https:\\\/\\\/perle-in.com\\\/boutique\\\/\"},{\"@type\":\"ListItem\",\"position\":3,\"name\":\"Lanyard Lana e subimation\"}]},{\"@type\":\"WebSite\",\"@id\":\"https:\\\/\\\/perle-in.com\\\/#website\",\"url\":\"https:\\\/\\\/perle-in.com\\\/\",\"name\":\"PERLE IN\",\"description\":\"\",\"publisher\":{\"@id\":\"https:\\\/\\\/perle-in.com\\\/#organization\"},\"potentialAction\":[{\"@type\":\"SearchAction\",\"target\":{\"@type\":\"EntryPoint\",\"urlTemplate\":\"https:\\\/\\\/perle-in.com\\\/?s={search_term_string}\"},\"query-input\":{\"@type\":\"PropertyValueSpecification\",\"valueRequired\":true,\"valueName\":\"search_term_string\"}}],\"inLanguage\":\"en-CA\"},{\"@type\":\"Organization\",\"@id\":\"https:\\\/\\\/perle-in.com\\\/#organization\",\"name\":\"PERLE IN\",\"url\":\"https:\\\/\\\/perle-in.com\\\/\",\"logo\":{\"@type\":\"ImageObject\",\"inLanguage\":\"en-CA\",\"@id\":\"https:\\\/\\\/perle-in.com\\\/#\\\/schema\\\/logo\\\/image\\\/\",\"url\":\"https:\\\/\\\/perle-in.com\\\/wp-content\\\/uploads\\\/2022\\\/12\\\/LOGO-PERLE-IN-COULEUR@3x.webp\",\"contentUrl\":\"https:\\\/\\\/perle-in.com\\\/wp-content\\\/uploads\\\/2022\\\/12\\\/LOGO-PERLE-IN-COULEUR@3x.webp\",\"width\":1600,\"height\":490,\"caption\":\"PERLE IN\"},\"image\":{\"@id\":\"https:\\\/\\\/perle-in.com\\\/#\\\/schema\\\/logo\\\/image\\\/\"}}]}<\/script>\n<!-- \/ Yoast SEO plugin. -->","yoast_head_json":{"title":"Lanyard Lana e subimation - PERLE IN","robots":{"index":"noindex","follow":"follow","max-snippet":"max-snippet:-1","max-image-preview":"max-image-preview:large","max-video-preview":"max-video-preview:-1"},"og_locale":"en_US","og_type":"article","og_title":"Lanyard Lana e subimation - PERLE IN","og_description":"Lanyard Lana avec marquage sublimation. Le marquage peut \u00eatre r\u00e9alis\u00e9 sur une ou sur les deux faces. Pour une impression sur les deux faces, vous pouvez choisir pour le marquage standard ou pour l'alignement des marquages Lani\u00e8re totalement color\u00e9e pour la sublimation. Lanyard dot\u00e9 d'un crochet m\u00e9tallique. Peut contenir un badge nominatif, une carte d\u2019identit\u00e9 ou des cl\u00e9s. Disponible en 4 largeurs lat\u00e9rales diff\u00e9rentes\u00a0: 10, 15, 20 et 25 mm.","og_url":"https:\/\/perle-in.com\/en\/product\/lanyard-lana-e-subimation\/","og_site_name":"PERLE IN","article_modified_time":"2025-10-10T01:56:07+00:00","og_image":[{"width":1600,"height":1600,"url":"https:\/\/perle-in.com\/wp-content\/uploads\/2025\/09\/1PL0010-5.jpg","type":"image\/jpeg"}],"twitter_card":"summary_large_image","schema":{"@context":"https:\/\/schema.org","@graph":[{"@type":"WebPage","@id":"https:\/\/perle-in.com\/produit\/lanyard-lana-e-subimation\/","url":"https:\/\/perle-in.com\/produit\/lanyard-lana-e-subimation\/","name":"Lanyard Lana e subimation - PERLE IN","isPartOf":{"@id":"https:\/\/perle-in.com\/#website"},"primaryImageOfPage":{"@id":"https:\/\/perle-in.com\/produit\/lanyard-lana-e-subimation\/#primaryimage"},"image":{"@id":"https:\/\/perle-in.com\/produit\/lanyard-lana-e-subimation\/#primaryimage"},"thumbnailUrl":"https:\/\/perle-in.com\/wp-content\/uploads\/2025\/09\/1PL0010-5.jpg","datePublished":"2025-10-10T01:56:03+00:00","dateModified":"2025-10-10T01:56:07+00:00","breadcrumb":{"@id":"https:\/\/perle-in.com\/produit\/lanyard-lana-e-subimation\/#breadcrumb"},"inLanguage":"en-CA","potentialAction":[{"@type":"ReadAction","target":["https:\/\/perle-in.com\/produit\/lanyard-lana-e-subimation\/"]}]},{"@type":"ImageObject","inLanguage":"en-CA","@id":"https:\/\/perle-in.com\/produit\/lanyard-lana-e-subimation\/#primaryimage","url":"https:\/\/perle-in.com\/wp-content\/uploads\/2025\/09\/1PL0010-5.jpg","contentUrl":"https:\/\/perle-in.com\/wp-content\/uploads\/2025\/09\/1PL0010-5.jpg","width":1600,"height":1600},{"@type":"BreadcrumbList","@id":"https:\/\/perle-in.com\/produit\/lanyard-lana-e-subimation\/#breadcrumb","itemListElement":[{"@type":"ListItem","position":1,"name":"Accueil","item":"https:\/\/perle-in.com\/"},{"@type":"ListItem","position":2,"name":"Boutique","item":"https:\/\/perle-in.com\/boutique\/"},{"@type":"ListItem","position":3,"name":"Lanyard Lana e subimation"}]},{"@type":"WebSite","@id":"https:\/\/perle-in.com\/#website","url":"https:\/\/perle-in.com\/","name":"PERLE IN","description":"","publisher":{"@id":"https:\/\/perle-in.com\/#organization"},"potentialAction":[{"@type":"SearchAction","target":{"@type":"EntryPoint","urlTemplate":"https:\/\/perle-in.com\/?s={search_term_string}"},"query-input":{"@type":"PropertyValueSpecification","valueRequired":true,"valueName":"search_term_string"}}],"inLanguage":"en-CA"},{"@type":"Organization","@id":"https:\/\/perle-in.com\/#organization","name":"PERLE IN","url":"https:\/\/perle-in.com\/","logo":{"@type":"ImageObject","inLanguage":"en-CA","@id":"https:\/\/perle-in.com\/#\/schema\/logo\/image\/","url":"https:\/\/perle-in.com\/wp-content\/uploads\/2022\/12\/LOGO-PERLE-IN-COULEUR@3x.webp","contentUrl":"https:\/\/perle-in.com\/wp-content\/uploads\/2022\/12\/LOGO-PERLE-IN-COULEUR@3x.webp","width":1600,"height":490,"caption":"PERLE IN"},"image":{"@id":"https:\/\/perle-in.com\/#\/schema\/logo\/image\/"}}]}},"jetpack_sharing_enabled":true,"_links":{"self":[{"href":"https:\/\/perle-in.com\/en\/wp-json\/wp\/v2\/product\/496816","targetHints":{"allow":["GET"]}}],"collection":[{"href":"https:\/\/perle-in.com\/en\/wp-json\/wp\/v2\/product"}],"about":[{"href":"https:\/\/perle-in.com\/en\/wp-json\/wp\/v2\/types\/product"}],"version-history":[{"count":1,"href":"https:\/\/perle-in.com\/en\/wp-json\/wp\/v2\/product\/496816\/revisions"}],"predecessor-version":[{"id":496821,"href":"https:\/\/perle-in.com\/en\/wp-json\/wp\/v2\/product\/496816\/revisions\/496821"}],"wp:featuredmedia":[{"embeddable":true,"href":"https:\/\/perle-in.com\/en\/wp-json\/wp\/v2\/media\/479841"}],"wp:attachment":[{"href":"https:\/\/perle-in.com\/en\/wp-json\/wp\/v2\/media?parent=496816"}],"wp:term":[{"taxonomy":"product_brand","embeddable":true,"href":"https:\/\/perle-in.com\/en\/wp-json\/wp\/v2\/product_brand?post=496816"},{"taxonomy":"product_cat","embeddable":true,"href":"https:\/\/perle-in.com\/en\/wp-json\/wp\/v2\/product_cat?post=496816"},{"taxonomy":"product_tag","embeddable":true,"href":"https:\/\/perle-in.com\/en\/wp-json\/wp\/v2\/product_tag?post=496816"}],"curies":[{"name":"wp","href":"https:\/\/api.w.org\/{rel}","templated":true}]}}