{"id":293376,"date":"2024-09-20T16:10:17","date_gmt":"2024-09-20T16:10:17","guid":{"rendered":"https:\/\/yellow-louse-313393.hostingersite.com\/?page_id=293376"},"modified":"2025-11-01T21:45:00","modified_gmt":"2025-11-01T20:45:00","slug":"temoignages-clients","status":"publish","type":"page","link":"https:\/\/perle-in.com\/en\/temoignages-clients\/","title":{"rendered":"T\u00e9moignages clients"},"content":{"rendered":"<div data-elementor-type=\"wp-page\" data-elementor-id=\"293376\" class=\"elementor elementor-293376\" data-elementor-post-type=\"page\">\n\t\t\t\t<div class=\"elementor-element elementor-element-94796df e-flex e-con-boxed e-con e-parent\" data-id=\"94796df\" data-element_type=\"container\" data-e-type=\"container\">\n\t\t\t\t\t<div class=\"e-con-inner\">\n\t\t\t\t<div class=\"elementor-element elementor-element-9442109 color-scheme-inherit text-left elementor-widget elementor-widget-text-editor\" data-id=\"9442109\" data-element_type=\"widget\" data-e-type=\"widget\" data-widget_type=\"text-editor.default\">\n\t\t\t\t\t\t\t\t\t<div style=\"text-align: center; font-family: 'Be Vietnam Pro', sans-serif;\">\n\n<!-- Titre -->\n<h1 style=\"font-weight: bold; font-size: 35px; margin-bottom: 15px;\">Tous nos <span style=\"color: #1a73e8;\">Avis<\/span><\/h1>\n<!-- Contenu -->\n<p style=\"font-size: 15px; line-height: 1.6; color: #555; margin-bottom: 10px;\">Ici sont re\u00e7enc\u00e9 tous nos avis et t\u00e9moiganges.<\/p>\n\n<\/div>\t\t\t\t\t\t\t\t<\/div>\n\t\t<div class=\"elementor-element elementor-element-2a49466 e-con-full e-flex e-con e-child\" data-id=\"2a49466\" data-element_type=\"container\" data-e-type=\"container\">\n\t\t\t\t<div class=\"elementor-element elementor-element-790a592 elementor-widget__width-inherit elementor-widget elementor-widget-shortcode\" data-id=\"790a592\" data-element_type=\"widget\" data-e-type=\"widget\" data-widget_type=\"shortcode.default\">\n\t\t\t\t\t\t\t<div class=\"elementor-shortcode\"><div class=\"tt_average_rating_box tt_big_star_box tt_trigger_modal\"  ><span class=\"tt_star_wrap\"><span class=\"tt_rating_box_star_label\">Note&nbsp;de&nbsp;<\/span><span class=\"tt_rating_box_stars\"><span class=\"tt_rating-star\" data-value=\"5\"><i class=\"fa fa-star-half-o\"><\/i><\/span><span class=\"tt_rating-star\" data-value=\"4\"><i class=\"fa fa-star\"><\/i><\/span><span class=\"tt_rating-star\" data-value=\"3\"><i class=\"fa fa-star\"><\/i><\/span><span class=\"tt_rating-star\" data-value=\"2\"><i class=\"fa fa-star\"><\/i><\/span><span class=\"tt_rating-star\" data-value=\"1\"><i class=\"fa fa-star\"><\/i><\/span><\/span><\/span><span class=\"tt_rating_box_average\">Moyenne&nbsp;de&nbsp;<span class=\"tt_rating_average\">4.5<\/span><\/span><span class=\"tt_rating_box_total\">&nbsp;sur&nbsp;un&nbsp;total&nbsp;de2&nbsp;notes<\/span><div class=\"tts_rating_breakdown\">\n\t\t\t\t\t<div class=\"tts_rating_breakdown_line\">\n\t\t\t\t\t\t<div class=\"tts_ratingb_value\">\n\t\t\t\t\t\t5 Stars\n\t\t\t\t\t\t<\/div>\n\t\t\t\t\t\t<div class=\"tts_ratingb_full\">\n\t\t\t\t\t\t\t<div class=\"tts_ratingb_percent\" style=\"width:50%\">&nbsp;<\/div>\n\t\t\t\t\t\t<\/div>\n\t\t\t\t\t\t<div class=\"tts_ratingb_count\"><span>1 (50%)<\/span><\/div>\n\t\t\t\t\t<\/div>\n\t\t\t\t\t<div class=\"tts_rating_breakdown_line\">\n\t\t\t\t\t\t<div class=\"tts_ratingb_value\">\n\t\t\t\t\t\t4 Stars\n\t\t\t\t\t\t<\/div>\n\t\t\t\t\t\t<div class=\"tts_ratingb_full\">\n\t\t\t\t\t\t\t<div class=\"tts_ratingb_percent\" style=\"width:50%\">&nbsp;<\/div>\n\t\t\t\t\t\t<\/div>\n\t\t\t\t\t\t<div class=\"tts_ratingb_count\"><span>1 (50%)<\/span><\/div>\n\t\t\t\t\t<\/div>\n\t\t\t\t\t<div class=\"tts_rating_breakdown_line\">\n\t\t\t\t\t\t<div class=\"tts_ratingb_value\">\n\t\t\t\t\t\t3 Stars\n\t\t\t\t\t\t<\/div>\n\t\t\t\t\t\t<div class=\"tts_ratingb_full\">\n\t\t\t\t\t\t\t<div class=\"tts_ratingb_percent\" style=\"width:0%\">&nbsp;<\/div>\n\t\t\t\t\t\t<\/div>\n\t\t\t\t\t\t<div class=\"tts_ratingb_count\"><span>0 (0%)<\/span><\/div>\n\t\t\t\t\t<\/div>\n\t\t\t\t\t<div class=\"tts_rating_breakdown_line\">\n\t\t\t\t\t\t<div class=\"tts_ratingb_value\">\n\t\t\t\t\t\t2 Stars\n\t\t\t\t\t\t<\/div>\n\t\t\t\t\t\t<div class=\"tts_ratingb_full\">\n\t\t\t\t\t\t\t<div class=\"tts_ratingb_percent\" style=\"width:0%\">&nbsp;<\/div>\n\t\t\t\t\t\t<\/div>\n\t\t\t\t\t\t<div class=\"tts_ratingb_count\"><span>0 (0%)<\/span><\/div>\n\t\t\t\t\t<\/div>\n\t\t\t\t\t<div class=\"tts_rating_breakdown_line\">\n\t\t\t\t\t\t<div class=\"tts_ratingb_value\">\n\t\t\t\t\t\t1 Star\n\t\t\t\t\t\t<\/div>\n\t\t\t\t\t\t<div class=\"tts_ratingb_full\">\n\t\t\t\t\t\t\t<div class=\"tts_ratingb_percent\" style=\"width:0%\">&nbsp;<\/div>\n\t\t\t\t\t\t<\/div>\n\t\t\t\t\t\t<div class=\"tts_ratingb_count\"><span>0 (0%)<\/span><\/div>\n\t\t\t\t\t<\/div><\/div><\/div><div style=\"display:none;\"><div class=\"tt_modal_content\" data-value=\"\" id=\"tt_modal_content\"><\/div><\/div><\/div>\n\t\t\t\t\t\t<\/div>\n\t\t\t\t<div class=\"elementor-element elementor-element-0c9160e elementor-align-center elementor-widget__width-initial elementor-widget elementor-widget-button\" data-id=\"0c9160e\" data-element_type=\"widget\" data-e-type=\"widget\" data-widget_type=\"button.default\">\n\t\t\t\t\t\t\t\t\t\t<a class=\"elementor-button elementor-button-link elementor-size-sm\" href=\"\/en\/noter\/\">\n\t\t\t\t\t\t<span class=\"elementor-button-content-wrapper\">\n\t\t\t\t\t\t\t\t\t<span class=\"elementor-button-text\">Laisser un avis<\/span>\n\t\t\t\t\t<\/span>\n\t\t\t\t\t<\/a>\n\t\t\t\t\t\t\t\t<\/div>\n\t\t\t\t<\/div>\n\t\t\t\t<div class=\"elementor-element elementor-element-4c16ad3 elementor-widget elementor-widget-shortcode\" data-id=\"4c16ad3\" data-element_type=\"widget\" data-e-type=\"widget\" data-widget_type=\"shortcode.default\">\n\t\t\t\t\t\t\t<div class=\"elementor-shortcode\"><div id=\"ttshowcase_0\"><!-- Custom Styles for Grid Layout of Testimonials Showcase --><style type=\"text\/css\" scoped>#ttshowcase_0 .tt_theme_card .ttshowcase_rl_quote_sided,\n\t\t\t    \t\t#ttshowcase_0 .tt_theme_card .ttshowcase_rl_quote_block .ttshowcase_rl_quote,\n\t\t\t    \t\t#ttshowcase_0 .tt_theme_card .ttshowcase_rl_quote_sided a,\n\t\t\t    \t\t#ttshowcase_0 .tt_theme_card .ttshowcase_rl_quote_block .ttshowcase_rl_quote a\n\t\t\t    \t\t\t{\n\t\t\t\t\t\t\t\tbackground:#f5f5f5;\n\t\t\t\t\t\t\t\tcolor:#333333;\n\t\t\t\t\t\t\t}#ttshowcase_0 .tt_theme_card .ttshowcase_rl_quote_block .ttshowcase_rl_quote:after,\n\t\t\t\t\t\t\t#ttshowcase_0 .tt_theme_card .tt_quote_info-below .ttshowcase_rl_quote:after,\n\t\t\t\t\t\t\t#ttshowcase_0 .tt_theme_card .tt_quote_info-above .ttshowcase_rl_quote:after\n\t\t\t\t\t\t\t {\n\t\t\t\t\t\t\t\tborder-color: #f5f5f5 transparent;\n\t\t\t\t\t\t\t}#ttshowcase_0 .tt_theme_card .ttshowcase_rl_quote_sided .ttshowcase_rl_quote:after {\n\t\t\t\t\t\t\t\tborder-color: transparent #f5f5f5;\n\t\t\t\t\t\t\t}#ttshowcase_0 .tt_theme_card .tt_info-left,\n\t\t\t\t\t\t\t#ttshowcase_0 .tt_theme_card .tt_info-left a,\n\t\t\t\t\t\t\t#ttshowcase_0 .tt_theme_card .tt_info-right,\n\t\t\t\t\t\t\t#ttshowcase_0 .tt_theme_card .tt_info-right a,\n\t\t\t\t\t\t\t#ttshowcase_0 .tt_theme_card .tt_info-below,\n\t\t\t\t\t\t\t#ttshowcase_0 .tt_theme_card .tt_info-below a,\n\t\t\t\t\t\t\t#ttshowcase_0 .tt_theme_card .tt_info-above,\n\t\t\t\t\t\t\t#ttshowcase_0 .tt_theme_card .tt_info-above a\n\t\t\t\t\t\t\t {\n\t\t\t\t\t\t\t\tbackground:#2c3e50;\n\t\t\t\t\t\t\t\tcolor:#FFFFFF;\n\t\t\t\t\t\t\t}#ttshowcase_0 .tt_theme_card .tt_info-left,\n\t\t\t\t\t\t\t#ttshowcase_0 .tt_theme_card .tt_info-right,\n\t\t\t\t\t\t\t {\n\t\t\t\t\t\t\t\twidth: 95px;\n\t\t\t\t\t\t\t}<\/style><!-- Custom Styles for Testimonials Showcase --><style type=\"text\/css\" scoped>\/* Masquer les \u00e9l\u00e9ments non courants *\/\r\n.tts-not-current {\r\n  display: none!important;\r\n}\r\n\r\n.tts_ratingb_full {\r\n   background-color: #FFF;\r\n}\r\n\r\n\/* Style des cartes de t\u00e9moignages *\/\r\n.ttshowcase_rl_breed, .ttshowcase_rl_box.tt_full_column {\r\n  padding: 0;\r\n  box-shadow: 0px 0px 15px rgba(0, 0, 0, 0.1); \/* Ombre plus douce et progressive *\/\r\n  border-radius: 5px;\r\n  overflow: hidden;\r\n}\r\n\r\n\/* Alignement vertical des images *\/\r\n.tt_img_left_alignment {\r\n  vertical-align: middle;\r\n}\r\n\r\n\/* Arri\u00e8re-plan des infos *\/\r\n.ttshowcase_rl_info_wrap.tt_info-below, .ttshowcase_rl_info_wrap.tt_info-below a {\r\n  background: var(--e-global-color-primary) !important;\r\n}\r\n\r\n\/* Arri\u00e8re-plan des citations *\/\r\n#ttshowcase_0 .tt_theme_card .ttshowcase_rl_quote_sided,\r\n#ttshowcase_0 .tt_theme_card .ttshowcase_rl_quote_block .ttshowcase_rl_quote,\r\n#ttshowcase_0 .tt_theme_card .ttshowcase_rl_quote_sided a,\r\n#ttshowcase_0 .tt_theme_card .ttshowcase_rl_quote_block .ttshowcase_rl_quote a {\r\n  background: white;\r\n}\r\n\r\n\/* Couleur des guillemets *\/\r\n#ttshowcase_0 .tt_theme_card .ttshowcase_rl_quote_block .ttshowcase_rl_quote::after,\r\n#ttshowcase_0 .tt_theme_card .tt_quote_info-below .ttshowcase_rl_quote::after,\r\n#ttshowcase_0 .tt_theme_card .tt_quote_info-above .ttshowcase_rl_quote::after {\r\n  border-color: white transparent;\r\n}\r\n\r\n\/* Style des filtres *\/\r\n#tts-enhance-filter-nav li {\r\n  padding: 14px 35px !important;\r\n  font-weight: 700 !important;\r\n  margin: 0 20px 0 0 !important;\r\n  border-radius: 0 !important;\r\n  background-color: #ccc;\r\n  border: none;\r\n  color: white !important;\r\n}\r\n\r\n\/* Style des filtres actifs ou survol\u00e9s *\/\r\nul#tts-filter-nav li.tts-current-li,\r\nul#tts-enhance-filter-nav li.tts-current-li,\r\nul#tts-isotope-filter-nav li.tts-current-li,\r\nul#tts-filter-nav li:hover,\r\nul#tts-enhance-filter-nav li:hover,\r\nul#tts-isotope-filter-nav li:hover {\r\n  background: var(--e-global-color-primary);\r\n}\r\n\r\n\/* Suppression des marges des listes de filtres *\/\r\nul#tts-filter-nav,\r\nul#tts-enhance-filter-nav,\r\nul#tts-isotope-filter-nav {\r\n  margin: 0 !important;\r\n}\r\n\r\n\/* Ic\u00f4ne demi-\u00e9toile *\/\r\n.fa.fa-star-half-o::before {\r\n  content: \"\\f123\"!important;\r\n}\r\n\r\n.fa.fa-star-half-o {\r\n  font-family: FontAwesome;\r\n}\r\n\r\n\/* Remplacement de \"Stars\" par \"\u00c9toiles\" si le texte est dans le HTML et accessible via CSS *\/\r\n.rating-label:after {\r\n  content: \"\u00c9toiles\";\r\n}\r\n\r\n.rating-label {\r\n  visibility: hidden;\r\n  font-size: 0; \/* Pour \u00e9viter les espaces vides *\/\r\n}\r\n<\/style><div class=\"ttshowcase_wrap tt_theme_card\"><ul id='tts-enhance-filter-nav'><li id='tts-all' data-filter='*'>All<\/li><li id='tts-id-910' data-filter='.tts-id-910'>Cr\u00e9a<\/li><li id='tts-id-911' data-filter='.tts-id-911'>Event<\/li><li id='tts-id-912' data-filter='.tts-id-912'>Goodies<\/li><li id='tts-id-913' data-filter='.tts-id-913'>Location<\/li><li id='tts-id-914' data-filter='.tts-id-914'>Web<\/li><\/ul><div class=\"ttshowcase_rl_box tt_2cl tt_text_left tts-crea tts-id-910 tts-event tts-id-911 tts-goodies tts-id-912 tts-location tts-id-913 tts-web tts-id-914\" id=\"tt294473\" ><div class=\"ttshowcase_rl_breed\"><div class=\"tt_quote_info-below ttshowcase_rl_quote_block\" ><div class=\"ttshowcase_rl_quote\"><div class=\"tt_review_title\">Nous sommes satisfait<\/div><p>Perle In une \u00e9quipe au top ! Super r\u00e9actifs, comp\u00e9tents et honn\u00eates, je suis tellement contente d\u2019avoir trouv\u00e9 une agence sur laquelle je puisse compter<\/p>\n<\/div><\/div><div class=\"ttshowcase_rl_info_wrap tt_info-below\"><div class=\"ttshowcase_rl_image tt_img_circle tt_img_none tt_img_left_alignment\"><img loading=\"lazy\" decoding=\"async\" data-size=\"ttshowcase_small\" src=\"https:\/\/perle-in.com\/wp-content\/uploads\/2024\/10\/MVD-Logo-Dubai-Color-75x39.webp\" width=\"75\"  height=\"39\" alt=\"\" class=\"ttshowcase_image\" \/><\/div><div class=\"ttshowcase_rl_aditional_info tt_table_cell_right\"><div class=\"ttshowcase_rl_title reviewer\">Ilham<\/div><div class=\"ttshowcase_rl_subtitle\"><a rel=\"noopener\" href=\"https:\/\/mesvacancesadubai.com\" target=\"_blank\">Mes vacances \u00e0 Duba\u00ef <\/a><\/div><div class=\"ttshowcase_rating rating-foreground rating\"><span class=\"value-title\" title=\"5\"> <\/span> <i class=\"fa fa-star\"><\/i><i class=\"fa fa-star\"><\/i><i class=\"fa fa-star\"><\/i><i class=\"fa fa-star\"><\/i><i class=\"fa fa-star\"><\/i> <\/div><div class=\"ttshowcase_rl_date\">11 October 2024<\/div><\/div><\/div><\/div><\/div><div class=\"ttshowcase_rl_box tt_2cl tt_text_left tts-crea tts-id-910 tts-event tts-id-911 tts-goodies tts-id-912 tts-location tts-id-913 tts-web tts-id-914\" id=\"tt294476\" ><div class=\"ttshowcase_rl_breed\"><div class=\"tt_quote_info-below ttshowcase_rl_quote_block\" ><div class=\"ttshowcase_rl_quote\"><div class=\"tt_review_title\">Belle \u00e9quipe<\/div><p>L'\u00e9quipe de Perle In nous a \u00e9cout\u00e9s, le site refl\u00e8te tr\u00e8s bien notre univers et notre travail. Ergonomie, top design ! Tr\u00e8s bon travail.<br \/>\nJe recommande \u00e0 100%<\/p>\n<\/div><\/div><div class=\"ttshowcase_rl_info_wrap tt_info-below\"><div class=\"ttshowcase_rl_image tt_img_circle tt_img_none tt_img_left_alignment\"><img loading=\"lazy\" decoding=\"async\" data-size=\"ttshowcase_small\" src=\"https:\/\/perle-in.com\/wp-content\/uploads\/2024\/10\/cropped-Logo-Pieds-Nus-blanc-01-01-1-75x64.webp\" width=\"75\"  height=\"64\" alt=\"\" class=\"ttshowcase_image\" \/><\/div><div class=\"ttshowcase_rl_aditional_info tt_table_cell_right\"><div class=\"ttshowcase_rl_title reviewer\">Asmaa<\/div><div class=\"ttshowcase_rl_subtitle\"><a rel=\"noopener\" href=\"https:\/\/pieds-nus.be\" target=\"_blank\">Association Pieds Nus <\/a><\/div><div class=\"ttshowcase_rating rating-foreground rating\"><span class=\"value-title\" title=\"4\"> <\/span> <i class=\"fa fa-star\"><\/i><i class=\"fa fa-star\"><\/i><i class=\"fa fa-star\"><\/i><i class=\"fa fa-star\"><\/i> <\/div><div class=\"ttshowcase_rl_date\">11 October 2024<\/div><\/div><\/div><\/div><\/div><\/div><\/div><!-- Closing Wrap Div for ttshowcase_0 --><\/div>\n\t\t\t\t\t\t<\/div>\n\t\t\t\t\t<\/div>\n\t\t\t\t<\/div>\n\t\t\t\t<\/div>","protected":false},"excerpt":{"rendered":"<p>Tous nos Avis Ici sont re\u00e7enc\u00e9 tous nos avis et t\u00e9moiganges. Laisser un avis<\/p>","protected":false},"author":1,"featured_media":0,"parent":0,"menu_order":0,"comment_status":"closed","ping_status":"closed","template":"elementor_header_footer","meta":{"_eb_attr":"","footnotes":""},"class_list":["post-293376","page","type-page","status-publish","hentry"],"yoast_head":"<!-- This site is optimized with the Yoast SEO plugin v27.4 - https:\/\/yoast.com\/product\/yoast-seo-wordpress\/ -->\n<title>T\u00e9moignages clients - PERLE IN<\/title>\n<meta name=\"robots\" content=\"noindex, follow, max-snippet:-1, max-image-preview:large, max-video-preview:-1\" \/>\n<meta property=\"og:locale\" content=\"en_US\" \/>\n<meta property=\"og:type\" content=\"article\" \/>\n<meta property=\"og:title\" content=\"T\u00e9moignages clients - PERLE IN\" \/>\n<meta property=\"og:description\" content=\"Tous nos Avis Ici sont re\u00e7enc\u00e9 tous nos avis et t\u00e9moiganges. Laisser un avis\" \/>\n<meta property=\"og:url\" content=\"https:\/\/perle-in.com\/en\/temoignages-clients\/\" \/>\n<meta property=\"og:site_name\" content=\"PERLE IN\" \/>\n<meta property=\"article:modified_time\" content=\"2025-11-01T20:45:00+00:00\" \/>\n<meta name=\"twitter:card\" content=\"summary_large_image\" \/>\n<meta name=\"twitter:label1\" content=\"Est. reading time\" \/>\n\t<meta name=\"twitter:data1\" content=\"1 minute\" \/>\n<script type=\"application\/ld+json\" class=\"yoast-schema-graph\">{\"@context\":\"https:\\\/\\\/schema.org\",\"@graph\":[{\"@type\":\"WebPage\",\"@id\":\"https:\\\/\\\/perle-in.com\\\/temoignages-clients\\\/\",\"url\":\"https:\\\/\\\/perle-in.com\\\/temoignages-clients\\\/\",\"name\":\"T\u00e9moignages clients - PERLE IN\",\"isPartOf\":{\"@id\":\"https:\\\/\\\/perle-in.com\\\/#website\"},\"datePublished\":\"2024-09-20T16:10:17+00:00\",\"dateModified\":\"2025-11-01T20:45:00+00:00\",\"breadcrumb\":{\"@id\":\"https:\\\/\\\/perle-in.com\\\/temoignages-clients\\\/#breadcrumb\"},\"inLanguage\":\"en-CA\",\"potentialAction\":[{\"@type\":\"ReadAction\",\"target\":[\"https:\\\/\\\/perle-in.com\\\/temoignages-clients\\\/\"]}]},{\"@type\":\"BreadcrumbList\",\"@id\":\"https:\\\/\\\/perle-in.com\\\/temoignages-clients\\\/#breadcrumb\",\"itemListElement\":[{\"@type\":\"ListItem\",\"position\":1,\"name\":\"Accueil\",\"item\":\"https:\\\/\\\/perle-in.com\\\/\"},{\"@type\":\"ListItem\",\"position\":2,\"name\":\"T\u00e9moignages clients\"}]},{\"@type\":\"WebSite\",\"@id\":\"https:\\\/\\\/perle-in.com\\\/#website\",\"url\":\"https:\\\/\\\/perle-in.com\\\/\",\"name\":\"PERLE IN\",\"description\":\"\",\"publisher\":{\"@id\":\"https:\\\/\\\/perle-in.com\\\/#organization\"},\"potentialAction\":[{\"@type\":\"SearchAction\",\"target\":{\"@type\":\"EntryPoint\",\"urlTemplate\":\"https:\\\/\\\/perle-in.com\\\/?s={search_term_string}\"},\"query-input\":{\"@type\":\"PropertyValueSpecification\",\"valueRequired\":true,\"valueName\":\"search_term_string\"}}],\"inLanguage\":\"en-CA\"},{\"@type\":\"Organization\",\"@id\":\"https:\\\/\\\/perle-in.com\\\/#organization\",\"name\":\"PERLE IN\",\"url\":\"https:\\\/\\\/perle-in.com\\\/\",\"logo\":{\"@type\":\"ImageObject\",\"inLanguage\":\"en-CA\",\"@id\":\"https:\\\/\\\/perle-in.com\\\/#\\\/schema\\\/logo\\\/image\\\/\",\"url\":\"https:\\\/\\\/perle-in.com\\\/wp-content\\\/uploads\\\/2022\\\/12\\\/LOGO-PERLE-IN-COULEUR@3x.webp\",\"contentUrl\":\"https:\\\/\\\/perle-in.com\\\/wp-content\\\/uploads\\\/2022\\\/12\\\/LOGO-PERLE-IN-COULEUR@3x.webp\",\"width\":1600,\"height\":490,\"caption\":\"PERLE IN\"},\"image\":{\"@id\":\"https:\\\/\\\/perle-in.com\\\/#\\\/schema\\\/logo\\\/image\\\/\"}}]}<\/script>\n<!-- \/ Yoast SEO plugin. -->","yoast_head_json":{"title":"T\u00e9moignages clients - PERLE IN","robots":{"index":"noindex","follow":"follow","max-snippet":"max-snippet:-1","max-image-preview":"max-image-preview:large","max-video-preview":"max-video-preview:-1"},"og_locale":"en_US","og_type":"article","og_title":"T\u00e9moignages clients - PERLE IN","og_description":"Tous nos Avis Ici sont re\u00e7enc\u00e9 tous nos avis et t\u00e9moiganges. Laisser un avis","og_url":"https:\/\/perle-in.com\/en\/temoignages-clients\/","og_site_name":"PERLE IN","article_modified_time":"2025-11-01T20:45:00+00:00","twitter_card":"summary_large_image","twitter_misc":{"Est. reading time":"1 minute"},"schema":{"@context":"https:\/\/schema.org","@graph":[{"@type":"WebPage","@id":"https:\/\/perle-in.com\/temoignages-clients\/","url":"https:\/\/perle-in.com\/temoignages-clients\/","name":"T\u00e9moignages clients - PERLE IN","isPartOf":{"@id":"https:\/\/perle-in.com\/#website"},"datePublished":"2024-09-20T16:10:17+00:00","dateModified":"2025-11-01T20:45:00+00:00","breadcrumb":{"@id":"https:\/\/perle-in.com\/temoignages-clients\/#breadcrumb"},"inLanguage":"en-CA","potentialAction":[{"@type":"ReadAction","target":["https:\/\/perle-in.com\/temoignages-clients\/"]}]},{"@type":"BreadcrumbList","@id":"https:\/\/perle-in.com\/temoignages-clients\/#breadcrumb","itemListElement":[{"@type":"ListItem","position":1,"name":"Accueil","item":"https:\/\/perle-in.com\/"},{"@type":"ListItem","position":2,"name":"T\u00e9moignages clients"}]},{"@type":"WebSite","@id":"https:\/\/perle-in.com\/#website","url":"https:\/\/perle-in.com\/","name":"PERLE IN","description":"","publisher":{"@id":"https:\/\/perle-in.com\/#organization"},"potentialAction":[{"@type":"SearchAction","target":{"@type":"EntryPoint","urlTemplate":"https:\/\/perle-in.com\/?s={search_term_string}"},"query-input":{"@type":"PropertyValueSpecification","valueRequired":true,"valueName":"search_term_string"}}],"inLanguage":"en-CA"},{"@type":"Organization","@id":"https:\/\/perle-in.com\/#organization","name":"PERLE IN","url":"https:\/\/perle-in.com\/","logo":{"@type":"ImageObject","inLanguage":"en-CA","@id":"https:\/\/perle-in.com\/#\/schema\/logo\/image\/","url":"https:\/\/perle-in.com\/wp-content\/uploads\/2022\/12\/LOGO-PERLE-IN-COULEUR@3x.webp","contentUrl":"https:\/\/perle-in.com\/wp-content\/uploads\/2022\/12\/LOGO-PERLE-IN-COULEUR@3x.webp","width":1600,"height":490,"caption":"PERLE IN"},"image":{"@id":"https:\/\/perle-in.com\/#\/schema\/logo\/image\/"}}]}},"_hostinger_reach_plugin_has_subscription_block":false,"_hostinger_reach_plugin_is_elementor":false,"jetpack_sharing_enabled":true,"_links":{"self":[{"href":"https:\/\/perle-in.com\/en\/wp-json\/wp\/v2\/pages\/293376","targetHints":{"allow":["GET"]}}],"collection":[{"href":"https:\/\/perle-in.com\/en\/wp-json\/wp\/v2\/pages"}],"about":[{"href":"https:\/\/perle-in.com\/en\/wp-json\/wp\/v2\/types\/page"}],"author":[{"embeddable":true,"href":"https:\/\/perle-in.com\/en\/wp-json\/wp\/v2\/users\/1"}],"replies":[{"embeddable":true,"href":"https:\/\/perle-in.com\/en\/wp-json\/wp\/v2\/comments?post=293376"}],"version-history":[{"count":21,"href":"https:\/\/perle-in.com\/en\/wp-json\/wp\/v2\/pages\/293376\/revisions"}],"predecessor-version":[{"id":580626,"href":"https:\/\/perle-in.com\/en\/wp-json\/wp\/v2\/pages\/293376\/revisions\/580626"}],"wp:attachment":[{"href":"https:\/\/perle-in.com\/en\/wp-json\/wp\/v2\/media?parent=293376"}],"curies":[{"name":"wp","href":"https:\/\/api.w.org\/{rel}","templated":true}]}}