{"id":233141,"date":"2024-05-08T18:58:13","date_gmt":"2024-05-08T18:58:13","guid":{"rendered":"https:\/\/yellow-louse-313393.hostingersite.com\/?page_id=233141"},"modified":"2025-11-01T22:20:59","modified_gmt":"2025-11-01T21:20:59","slug":"mentions-legales","status":"publish","type":"page","link":"https:\/\/perle-in.com\/en\/mentions-legales\/","title":{"rendered":"Mentions L\u00e9gales"},"content":{"rendered":"<div data-elementor-type=\"wp-page\" data-elementor-id=\"233141\" class=\"elementor elementor-233141\" data-elementor-post-type=\"page\">\n\t\t\t\t<div class=\"elementor-element elementor-element-8e0c36a e-flex e-con-boxed e-con e-parent\" data-id=\"8e0c36a\" data-element_type=\"container\" data-e-type=\"container\">\n\t\t\t\t\t<div class=\"e-con-inner\">\n\t\t<div class=\"elementor-element elementor-element-0b7fc0c e-con-full e-flex e-con e-child\" data-id=\"0b7fc0c\" data-element_type=\"container\" data-e-type=\"container\">\n\t\t\t\t<div class=\"elementor-element elementor-element-4fbaa99 elementor-widget elementor-widget-heading\" data-id=\"4fbaa99\" data-element_type=\"widget\" data-e-type=\"widget\" data-widget_type=\"heading.default\">\n\t\t\t\t\t<h1 class=\"elementor-heading-title elementor-size-default\">Mentions L\u00e9gales<\/h1>\t\t\t\t<\/div>\n\t\t\t\t<div class=\"elementor-element elementor-element-ba0dd1f elementor-widget-divider--view-line elementor-widget elementor-widget-divider\" data-id=\"ba0dd1f\" data-element_type=\"widget\" data-e-type=\"widget\" data-widget_type=\"divider.default\">\n\t\t\t\t\t\t\t<div class=\"elementor-divider\">\n\t\t\t<span class=\"elementor-divider-separator\">\n\t\t\t\t\t\t<\/span>\n\t\t<\/div>\n\t\t\t\t\t\t<\/div>\n\t\t\t\t<div class=\"elementor-element elementor-element-cb61587 color-scheme-inherit text-left elementor-widget elementor-widget-text-editor\" data-id=\"cb61587\" data-element_type=\"widget\" data-e-type=\"widget\" data-widget_type=\"text-editor.default\">\n\t\t\t\t\t\t\t\t\t<div>\n\n<!-- Informations l\u00e9gales -->\n<div style=\"padding: 20px; border-radius: 8px; margin-bottom: 25px;\">\n<h4 style=\"color: #1a73e8; font-size: 20px; margin-bottom: 15px; border-bottom: 1px solid #eee; padding-bottom: 5px;\">Informations l\u00e9gales<\/h4>\n<p style=\"margin-bottom: 8px;\"><strong>D\u00e9nomination de l&#8217;entreprise :<\/strong> PERLE IN<\/p>\n<p style=\"margin-bottom: 8px;\"><strong>Forme juridique :<\/strong> SASU (Soci\u00e9t\u00e9 par Actions Simplifi\u00e9e \u00e0 associ\u00e9 Unique)<\/p>\n<p style=\"margin-bottom: 8px;\"><strong>Enregistrement :<\/strong> Inscrite au RCS de Paris depuis le 01\/09\/2018<\/p>\n<p style=\"margin-bottom: 8px;\"><strong>Capital social :<\/strong> 1000 euros<\/p>\n<p style=\"margin-bottom: 8px;\"><strong>Adresse :<\/strong> <a style=\"color: #1a73e8;\" href=\"\/en\/contact\/\">157 Boulevard Macdonald 75019 Paris, France<\/a><\/p>\n<p style=\"margin-bottom: 8px;\"><strong>N\u00b0 SIREN :<\/strong> 841871528<\/p>\n<p style=\"margin-bottom: 8px;\"><strong>N\u00b0 SIRET :<\/strong> 84187152800011<\/p>\n<p style=\"margin-bottom: 8px;\"><strong>Code APE :<\/strong> 4649Z<\/p>\n<p style=\"margin-bottom: 8px;\"><strong>N\u00b0 TVA intracommunautaire :<\/strong> FR85841871528<\/p>\n<p style=\"margin-bottom: 8px;\"><strong>E-mail :<\/strong> <a style=\"color: #1a73e8;\" href=\"mailto:contact@perle-in.com\">contact@perle-in.com<\/a><\/p>\n\n<\/div>\n<!-- H\u00e9bergement et conception -->\n<div style=\"margin-bottom: 25px;\">\n<h5 style=\"color: #1a73e8; font-size: 18px; margin-bottom: 10px; border-bottom: 1px solid #eee; padding-bottom: 5px;\">H\u00c9BERGEMENT ET CONCEPTION DU SITE<\/h5>\n<p style=\"margin-bottom: 8px;\"><strong>Conception :<\/strong> R\u00e9alis\u00e9e en interne par PERLE IN<\/p>\n<p style=\"margin-bottom: 8px;\"><strong>Responsable de la publication :<\/strong> TRAN VAL\u00c9RIE<\/p>\n<p style=\"margin-bottom: 8px;\"><strong>H\u00e9bergeur :<\/strong> HOSTINGER<\/p>\n<p style=\"margin-bottom: 8px;\"><strong>Si\u00e8ge social de l&#8217;h\u00e9bergeur :<\/strong> HOSTINGER INTERNATIONAL LTD, 61 Lordou Vironos Street, 6023 Larnaca, Chypre<\/p>\n<p style=\"margin-bottom: 8px;\"><strong>Contact H\u00e9bergeur :<\/strong> <a style=\"color: #1a73e8;\" href=\"https:\/\/www.hostinger.fr\/contact\">https:\/\/www.hostinger.fr\/contact<\/a><\/p>\n\n<\/div>\n<!-- Avis de Propri\u00e9t\u00e9 Industrielle -->\n<div style=\"margin-bottom: 25px;\">\n<h5 style=\"color: #1a73e8; font-size: 18px; margin-bottom: 10px; border-bottom: 1px solid #eee; padding-bottom: 5px;\">Avis de Propri\u00e9t\u00e9 Industrielle<\/h5>\n<p style=\"font-size: 15px;\">L&#8217;utilisation, la reproduction ou toute modification de la marque <strong>PERLE IN<\/strong>, y compris l&#8217;ajout de mots ou de signes distinctifs, est formellement interdite sans un consentement pr\u00e9alable et \u00e9crit de la part de <strong>PERLE IN<\/strong>. Selon les dispositions des articles L. 713-2, L. 713-3 et L. 713-4 du Code de la Propri\u00e9t\u00e9 Intellectuelle, toute atteinte aux droits du propri\u00e9taire de la marque <strong>PERLE IN<\/strong> constitue une contrefa\u00e7on susceptible d&#8217;engager la responsabilit\u00e9 civile et\/ou p\u00e9nale de son auteur.<\/p>\n\n<\/div>\n<!-- Protection des Donn\u00e9es et Confidentialit\u00e9 -->\n<div style=\"margin-bottom: 25px;\">\n<h5 style=\"color: #1a73e8; font-size: 18px; margin-bottom: 10px; border-bottom: 1px solid #eee; padding-bottom: 5px;\">Protection des Donn\u00e9es et Confidentialit\u00e9<\/h5>\n<p style=\"font-size: 15px;\">Votre vie priv\u00e9e est essentielle pour nous. Chez <strong>PERLE IN<\/strong>, nous nous engageons \u00e0 prot\u00e9ger les informations que vous partagez avec notre plateforme. Conform\u00e9ment au R\u00e8glement G\u00e9n\u00e9ral sur la Protection des Donn\u00e9es (RGPD), vous avez le droit d&#8217;acc\u00e9der \u00e0 vos donn\u00e9es personnelles, de les modifier, les rectifier ou demander leur suppression \u00e0 tout moment. Les donn\u00e9es collect\u00e9es sont exclusivement utilis\u00e9es pour les op\u00e9rations internes de <a style=\"color: #1a73e8;\" href=\"\/en\/\"><strong>perle-in.com<\/strong><\/a> et ne seront jamais transmises \u00e0 des tiers, quelle que soit la situation.<\/p>\n\n<\/div>\n<!-- Responsabilit\u00e9 des Contenus -->\n<div style=\"margin-bottom: 25px;\">\n<h5 style=\"color: #1a73e8; font-size: 18px; margin-bottom: 10px; border-bottom: 1px solid #eee; padding-bottom: 5px;\">Responsabilit\u00e9 des Contenus<\/h5>\n<p style=\"font-size: 15px;\"><strong>PERLE IN<\/strong> ne peut \u00eatre tenue responsable des erreurs ou des inexactitudes dans les photos et descriptions des produits affich\u00e9s sur notre site. Ces contenus sont fournis par nos partenaires et fournisseurs qui alimentent nos bases de donn\u00e9es de produits, images et prix. Veuillez noter que les images des produits peuvent ne pas \u00eatre contractuelles et sont fournies \u00e0 titre indicatif.<\/p>\n\n<\/div>\n<!-- Contact -->\n<div style=\"margin-bottom: 25px;\">\n<h5 style=\"color: #1a73e8; font-size: 18px; margin-bottom: 10px; border-bottom: 1px solid #eee; padding-bottom: 5px;\">Contact<\/h5>\n<p style=\"font-size: 15px;\">Pour toute question, demande ou pr\u00e9occupation, n&#8217;h\u00e9sitez pas \u00e0 nous contacter par email \u00e0 l&#8217;adresse suivante : <a style=\"color: #1a73e8;\" href=\"mailto:contact@perle-in.com\">contact@perle-in.com<\/a>. Nous sommes \u00e0 votre disposition pour toute assistance.<\/p>\n\n<\/div>\n<\/div>\t\t\t\t\t\t\t\t<\/div>\n\t\t\t\t<\/div>\n\t\t\t\t\t<\/div>\n\t\t\t\t<\/div>\n\t\t\t\t<\/div>","protected":false},"excerpt":{"rendered":"<p>Mentions L\u00e9gales Informations l\u00e9gales D\u00e9nomination de l&#8217;entreprise : PERLE IN Forme juridique : SASU (Soci\u00e9t\u00e9 par Actions Simplifi\u00e9e \u00e0 associ\u00e9<\/p>","protected":false},"author":1,"featured_media":0,"parent":0,"menu_order":0,"comment_status":"closed","ping_status":"closed","template":"elementor_header_footer","meta":{"_eb_attr":"","footnotes":""},"class_list":["post-233141","page","type-page","status-publish","hentry"],"yoast_head":"<!-- This site is optimized with the Yoast SEO plugin v27.4 - https:\/\/yoast.com\/product\/yoast-seo-wordpress\/ -->\n<title>Mentions L\u00e9gales - PERLE IN<\/title>\n<meta name=\"robots\" content=\"noindex, follow, max-snippet:-1, max-image-preview:large, max-video-preview:-1\" \/>\n<meta property=\"og:locale\" content=\"en_US\" \/>\n<meta property=\"og:type\" content=\"article\" \/>\n<meta property=\"og:title\" content=\"Mentions L\u00e9gales - PERLE IN\" \/>\n<meta property=\"og:description\" content=\"Mentions L\u00e9gales Informations l\u00e9gales D\u00e9nomination de l&#8217;entreprise : PERLE IN Forme juridique : SASU (Soci\u00e9t\u00e9 par Actions Simplifi\u00e9e \u00e0 associ\u00e9\" \/>\n<meta property=\"og:url\" content=\"https:\/\/perle-in.com\/en\/mentions-legales\/\" \/>\n<meta property=\"og:site_name\" content=\"PERLE IN\" \/>\n<meta property=\"article:modified_time\" content=\"2025-11-01T21:20:59+00:00\" \/>\n<meta name=\"twitter:card\" content=\"summary_large_image\" \/>\n<meta name=\"twitter:label1\" content=\"Est. reading time\" \/>\n\t<meta name=\"twitter:data1\" content=\"2 minutes\" \/>\n<script type=\"application\/ld+json\" class=\"yoast-schema-graph\">{\"@context\":\"https:\\\/\\\/schema.org\",\"@graph\":[{\"@type\":\"WebPage\",\"@id\":\"https:\\\/\\\/perle-in.com\\\/mentions-legales\\\/\",\"url\":\"https:\\\/\\\/perle-in.com\\\/mentions-legales\\\/\",\"name\":\"Mentions L\u00e9gales - PERLE IN\",\"isPartOf\":{\"@id\":\"https:\\\/\\\/perle-in.com\\\/#website\"},\"datePublished\":\"2024-05-08T18:58:13+00:00\",\"dateModified\":\"2025-11-01T21:20:59+00:00\",\"breadcrumb\":{\"@id\":\"https:\\\/\\\/perle-in.com\\\/mentions-legales\\\/#breadcrumb\"},\"inLanguage\":\"en-CA\",\"potentialAction\":[{\"@type\":\"ReadAction\",\"target\":[\"https:\\\/\\\/perle-in.com\\\/mentions-legales\\\/\"]}]},{\"@type\":\"BreadcrumbList\",\"@id\":\"https:\\\/\\\/perle-in.com\\\/mentions-legales\\\/#breadcrumb\",\"itemListElement\":[{\"@type\":\"ListItem\",\"position\":1,\"name\":\"Accueil\",\"item\":\"https:\\\/\\\/perle-in.com\\\/\"},{\"@type\":\"ListItem\",\"position\":2,\"name\":\"Mentions L\u00e9gales\"}]},{\"@type\":\"WebSite\",\"@id\":\"https:\\\/\\\/perle-in.com\\\/#website\",\"url\":\"https:\\\/\\\/perle-in.com\\\/\",\"name\":\"PERLE IN\",\"description\":\"\",\"publisher\":{\"@id\":\"https:\\\/\\\/perle-in.com\\\/#organization\"},\"potentialAction\":[{\"@type\":\"SearchAction\",\"target\":{\"@type\":\"EntryPoint\",\"urlTemplate\":\"https:\\\/\\\/perle-in.com\\\/?s={search_term_string}\"},\"query-input\":{\"@type\":\"PropertyValueSpecification\",\"valueRequired\":true,\"valueName\":\"search_term_string\"}}],\"inLanguage\":\"en-CA\"},{\"@type\":\"Organization\",\"@id\":\"https:\\\/\\\/perle-in.com\\\/#organization\",\"name\":\"PERLE IN\",\"url\":\"https:\\\/\\\/perle-in.com\\\/\",\"logo\":{\"@type\":\"ImageObject\",\"inLanguage\":\"en-CA\",\"@id\":\"https:\\\/\\\/perle-in.com\\\/#\\\/schema\\\/logo\\\/image\\\/\",\"url\":\"https:\\\/\\\/perle-in.com\\\/wp-content\\\/uploads\\\/2022\\\/12\\\/LOGO-PERLE-IN-COULEUR@3x.webp\",\"contentUrl\":\"https:\\\/\\\/perle-in.com\\\/wp-content\\\/uploads\\\/2022\\\/12\\\/LOGO-PERLE-IN-COULEUR@3x.webp\",\"width\":1600,\"height\":490,\"caption\":\"PERLE IN\"},\"image\":{\"@id\":\"https:\\\/\\\/perle-in.com\\\/#\\\/schema\\\/logo\\\/image\\\/\"}}]}<\/script>\n<!-- \/ Yoast SEO plugin. -->","yoast_head_json":{"title":"Mentions L\u00e9gales - PERLE IN","robots":{"index":"noindex","follow":"follow","max-snippet":"max-snippet:-1","max-image-preview":"max-image-preview:large","max-video-preview":"max-video-preview:-1"},"og_locale":"en_US","og_type":"article","og_title":"Mentions L\u00e9gales - PERLE IN","og_description":"Mentions L\u00e9gales Informations l\u00e9gales D\u00e9nomination de l&#8217;entreprise : PERLE IN Forme juridique : SASU (Soci\u00e9t\u00e9 par Actions Simplifi\u00e9e \u00e0 associ\u00e9","og_url":"https:\/\/perle-in.com\/en\/mentions-legales\/","og_site_name":"PERLE IN","article_modified_time":"2025-11-01T21:20:59+00:00","twitter_card":"summary_large_image","twitter_misc":{"Est. reading time":"2 minutes"},"schema":{"@context":"https:\/\/schema.org","@graph":[{"@type":"WebPage","@id":"https:\/\/perle-in.com\/mentions-legales\/","url":"https:\/\/perle-in.com\/mentions-legales\/","name":"Mentions L\u00e9gales - PERLE IN","isPartOf":{"@id":"https:\/\/perle-in.com\/#website"},"datePublished":"2024-05-08T18:58:13+00:00","dateModified":"2025-11-01T21:20:59+00:00","breadcrumb":{"@id":"https:\/\/perle-in.com\/mentions-legales\/#breadcrumb"},"inLanguage":"en-CA","potentialAction":[{"@type":"ReadAction","target":["https:\/\/perle-in.com\/mentions-legales\/"]}]},{"@type":"BreadcrumbList","@id":"https:\/\/perle-in.com\/mentions-legales\/#breadcrumb","itemListElement":[{"@type":"ListItem","position":1,"name":"Accueil","item":"https:\/\/perle-in.com\/"},{"@type":"ListItem","position":2,"name":"Mentions L\u00e9gales"}]},{"@type":"WebSite","@id":"https:\/\/perle-in.com\/#website","url":"https:\/\/perle-in.com\/","name":"PERLE IN","description":"","publisher":{"@id":"https:\/\/perle-in.com\/#organization"},"potentialAction":[{"@type":"SearchAction","target":{"@type":"EntryPoint","urlTemplate":"https:\/\/perle-in.com\/?s={search_term_string}"},"query-input":{"@type":"PropertyValueSpecification","valueRequired":true,"valueName":"search_term_string"}}],"inLanguage":"en-CA"},{"@type":"Organization","@id":"https:\/\/perle-in.com\/#organization","name":"PERLE IN","url":"https:\/\/perle-in.com\/","logo":{"@type":"ImageObject","inLanguage":"en-CA","@id":"https:\/\/perle-in.com\/#\/schema\/logo\/image\/","url":"https:\/\/perle-in.com\/wp-content\/uploads\/2022\/12\/LOGO-PERLE-IN-COULEUR@3x.webp","contentUrl":"https:\/\/perle-in.com\/wp-content\/uploads\/2022\/12\/LOGO-PERLE-IN-COULEUR@3x.webp","width":1600,"height":490,"caption":"PERLE IN"},"image":{"@id":"https:\/\/perle-in.com\/#\/schema\/logo\/image\/"}}]}},"_hostinger_reach_plugin_has_subscription_block":false,"_hostinger_reach_plugin_is_elementor":false,"jetpack_sharing_enabled":true,"_links":{"self":[{"href":"https:\/\/perle-in.com\/en\/wp-json\/wp\/v2\/pages\/233141","targetHints":{"allow":["GET"]}}],"collection":[{"href":"https:\/\/perle-in.com\/en\/wp-json\/wp\/v2\/pages"}],"about":[{"href":"https:\/\/perle-in.com\/en\/wp-json\/wp\/v2\/types\/page"}],"author":[{"embeddable":true,"href":"https:\/\/perle-in.com\/en\/wp-json\/wp\/v2\/users\/1"}],"replies":[{"embeddable":true,"href":"https:\/\/perle-in.com\/en\/wp-json\/wp\/v2\/comments?post=233141"}],"version-history":[{"count":9,"href":"https:\/\/perle-in.com\/en\/wp-json\/wp\/v2\/pages\/233141\/revisions"}],"predecessor-version":[{"id":580660,"href":"https:\/\/perle-in.com\/en\/wp-json\/wp\/v2\/pages\/233141\/revisions\/580660"}],"wp:attachment":[{"href":"https:\/\/perle-in.com\/en\/wp-json\/wp\/v2\/media?parent=233141"}],"curies":[{"name":"wp","href":"https:\/\/api.w.org\/{rel}","templated":true}]}}