{"id":232528,"date":"2024-04-04T15:44:03","date_gmt":"2024-04-04T15:44:03","guid":{"rendered":"https:\/\/yellow-louse-313393.hostingersite.com\/?page_id=232528"},"modified":"2024-04-04T15:44:03","modified_gmt":"2024-04-04T15:44:03","slug":"test-devis","status":"publish","type":"page","link":"https:\/\/perle-in.com\/en\/test-devis\/","title":{"rendered":"test devis"},"content":{"rendered":"\t\t<div data-elementor-type=\"wp-page\" data-elementor-id=\"232528\" class=\"elementor elementor-232528\" data-elementor-post-type=\"page\">\n\t\t\t\t<div class=\"wd-negative-gap elementor-element elementor-element-dd187df e-flex e-con-boxed e-con e-parent\" data-id=\"dd187df\" data-element_type=\"container\" data-e-type=\"container\">\n\t\t\t\t\t<div class=\"e-con-inner\">\n\t\t\t\t<div class=\"elementor-element elementor-element-6475c3f elementor-widget elementor-widget-html\" data-id=\"6475c3f\" data-element_type=\"widget\" data-e-type=\"widget\" data-widget_type=\"html.default\">\n\t\t\t\t\t<link href=\"https:\/\/cdn.jsdelivr.net\/npm\/bootstrap@5.3.0-alpha3\/dist\/css\/bootstrap.min.css\" rel=\"stylesheet\"\n        integrity=\"sha384-KK94CHFLLe+nY2dmCWGMq91rCGa5gtU4mk92HdvYe+M\/SXH301p5ILy+dN9+nJOZ\" crossorigin=\"anonymous\">\n\n    <link rel=\"stylesheet\" type=\"text\/css\" href=\"styles.css\">\n\n    <link rel=\"preconnect\" href=\"https:\/\/fonts.googleapis.com\">\n    <link rel=\"preconnect\" href=\"https:\/\/fonts.gstatic.com\" crossorigin>\n    <link href=\"https:\/\/fonts.googleapis.com\/css2?family=Montserrat:wght@400;500;600;700&display=swap\" rel=\"stylesheet\">\n<style>\n    a {\n  color: rgba(var(--bs-link-color-rgb),var(--bs-link-opacity,1));\n  text-decoration: none !important;\n}\n\ntr {\n  text-align: left;\n  border-collapse: ;\n}\n<\/style>\t\t\t\t<\/div>\n\t\t\t\t\t<\/div>\n\t\t\t\t<\/div>\n\t\t<div class=\"wd-negative-gap elementor-element elementor-element-cf92903 e-flex e-con-boxed e-con e-parent\" data-id=\"cf92903\" data-element_type=\"container\" data-e-type=\"container\">\n\t\t\t\t\t<div class=\"e-con-inner\">\n\t\t\t\t<div class=\"elementor-element elementor-element-19d9d77 elementor-widget elementor-widget-html\" data-id=\"19d9d77\" data-element_type=\"widget\" data-e-type=\"widget\" data-widget_type=\"html.default\">\n\t\t\t\t\t\n<body>\n    <div id=\"contenu\">\n        <!-- Mettez votre contenu HTML ici -->\n   \n\n\n\n\n\n    <section id=\"invoice\">\n        <div class=\"container my-md-5 py-5\">\n\n            \n                <div class=\"mt-2 mt-md-0\">\n                    <img decoding=\"async\" src=\"https:\/\/yellow-louse-313393.hostingersite.com\/wp-content\/uploads\/2024\/03\/logo-Perle-In.png\" alt=\"\" width=\"90px\">\n                <\/div>\n\n\n            <\/div>\n\n            <div class=\"bg-light rounded-5 p-5\">\n                <div class=\"d-md-flex justify-content-between\">\n                    <div>\n                        <p class=\"text-primary fw-bold\">Devis pour<\/p>\n                        <h5><span id='devis_nom'><\/span><\/h5>\n                        <ul class=\"list-unstyled\">\n                            <li><span id='devis_entreprise'><\/span><\/li>\n                            <li><span id='devis_email'><\/span><\/li>\n                            <li><span id='devis_adresse'><\/span><\/li>\n                        <\/ul>\n                    <\/div>\n                    <div class=\"text-md-end mt-5 mt-md-0\">\n                        <p class=\"text-primary fw-bold\">Devis de <\/p>\n                        <h5>PERLE IN<\/h5>\n                        <ul class=\"list-unstyled\">\n                           \n                            <li>Contact@perle-in.com<\/li>\n                            <li>157 Boulevard Macdonald<br>\n    75019 Paris<\/li>\n                        <\/ul>\n                    <\/div>\n                <\/div>\n\n                <div class=\"d-md-flex justify-content-between mt-4\">\n                    <div class=\"mt-5 mt-md-0\">\n                       \n                        <ul class=\"list-unstyled\">\n                            \n\n                        <\/ul>\n                    <\/div>\n                    <div class=\"text-md-end mt-5 mt-md-0\">\n                        <p class=\"text-primary fw-bold\">Date<\/p>\n                        <h5><\/h5>\n                        <ul class=\"list-unstyled\">\n                                    <li><span class=\"fw-semibold\" id=\"date_factur\">Devis du: <\/span><span id=\"date_value\"><\/span><\/li>\n                        <\/ul>\n                    <\/div>\n                <\/div>\n            <\/div>\n\n\n\n            <table class=\"table border my-5\">\n                <thead>\n                    <tr class=\"bg-primary\">\n                        <th scope=\"col\" class=\"text-white\">Produits<\/th>\n                        <th scope=\"col\" class=\"text-white\">Prix<\/th>\n                        <th scope=\"col\" class=\"text-white\">Quantit\u00e9<\/th>\n                        <th scope=\"col\" class=\"text-white\">Total<\/th>\n                    <\/tr>\n                <\/thead>\n                <tbody>\n                    \n                    \n                   \n                    \n                    <tr>\n                        \n                    <\/tr>\n                    <tr>\n                        <td><\/td>\n                        <td><\/td>\n                        <td class=\"fw-bold\">Sous-Total<\/td>\n                        <td class=\"fw-bold\"><\/td>\n                    <\/tr>\n                    <tr>\n                        <td><\/td>\n                        <td><\/td>\n                        <td class=\"fw-bold\">Remise<\/td>\n                        <td class=\"fw-bold\"><\/td>\n                    <\/tr>\n                    <tr>\n                        <td><\/td>\n                        <td><\/td>\n                        <td class=\"text-primary fs-5 fw-bold\">Total<\/td>\n                        <td class=\"text-primary fs-5 fw-bold\"><\/td>\n                    <\/tr>\n                <\/tbody>\n            <\/table>\n\n            <div class=\"bg-light rounded-5 p-5\">\n                <div class=\"row mt-4 mb-5\">\n                    <div class=\"col-md-6\">\n\n                        <h5 class=\"fw-bold mb-4\"> Informations de Contact<\/h5>\n                        <ul class=\"list-unstyled\">\n                            <li><iconify-icon class=\"social-icon text-primary fs-5 me-2\" icon=\"mdi:location\"\n                                    style=\"vertical-align:text-bottom\"><\/iconify-icon> 157 Boulevard Macdonald\n    75019 Paris<\/li>\n                                    \n              <li><iconify-icon class=\"social-icon text-primary fs-5 me-2\" icon=\"solar:phone-bold\"\n                                    style=\"vertical-align:text-bottom\"><\/iconify-icon> +33 1 75 77 87 46<\/li>\n                            <li><iconify-icon class=\"social-icon text-primary fs-5 me-2\" icon=\"ic:baseline-email\"\n                                    style=\"vertical-align:text-bottom\"><\/iconify-icon> Contact@perle-in.com<\/li>\n                        <\/ul>\n                    <\/div>\n\n                    <div class=\"col-md-6 mt-5 mt-md-0\">\n                        <h5 class=\"fw-bold mb-4 \">Termes & Conditions<\/h5>\n                        <p>Lorem ipsum dolor sit amet consectetur adipisicing elit. Aliquam reiciendis quasi ullam\n                            delectus\n                            iusto ipsum veritatis accusantium quis, praesentium pariatur molestiae ducimus voluptate\n                            perspiciatis.<\/p>\n                    <\/div>\n\n                <\/div>\n\n                <div class=\"text-center mt-5\">\n                   \n                <\/div>\n            <\/div>\n\n            <div id=\"footer-bottom\">\n                <div class=\"container mt-5 border-top\">\n                    <div class=\"row mt-4\">\n                        <div class=\"col-md-6 copyright\">\n                            <p>\u00a9 2024 Perle in. Tout droit r\u00e9serv\u00e9s.<\/p>\n                        <\/div>\n                        <div class=\"col-md-6 text-md-end\">\n                           \n                        <\/div>\n                    <\/div>\n                <\/div>\n            <\/div>\n\n        <\/div>\n    <\/section>\n\n\n\n    \n\n\n    <\/div>\n    <button onclick=\"genererPDF()\">G\u00e9n\u00e9rer PDF<\/button>\n\n    \n\t\t\t\t<\/div>\n\t\t\t\t\t<\/div>\n\t\t\t\t<\/div>\n\t\t<div class=\"wd-negative-gap elementor-element elementor-element-6d581a7 e-flex e-con-boxed e-con e-parent\" data-id=\"6d581a7\" data-element_type=\"container\" data-e-type=\"container\">\n\t\t\t\t\t<div class=\"e-con-inner\">\n\t\t\t\t<div class=\"elementor-element elementor-element-6579e78 elementor-widget elementor-widget-html\" data-id=\"6579e78\" data-element_type=\"widget\" data-e-type=\"widget\" data-widget_type=\"html.default\">\n\t\t\t\t\t<script src=\"https:\/\/cdnjs.cloudflare.com\/ajax\/libs\/jspdf\/2.3.1\/jspdf.umd.min.js\"><\/script>\n    <script src=\"https:\/\/cdnjs.cloudflare.com\/ajax\/libs\/html2canvas\/1.3.2\/html2canvas.min.js\"><\/script>\n<script src=\"https:\/\/cdn.jsdelivr.net\/npm\/bootstrap@5.3.0-alpha3\/dist\/js\/bootstrap.bundle.min.js\"\n        integrity=\"sha384-ENjdO4Dr2bkBIFxQpeoTz1HIcje39Wm4jDKdf19U8gI4ddQ3GYNS7NTKfAdVQSZe\"\n        crossorigin=\"anonymous\"><\/script>\n    <script src=\"https:\/\/code.iconify.design\/iconify-icon\/1.0.7\/iconify-icon.min.js\"><\/script>\n<script>\n        function genererPDF() {\n            html2canvas(document.body).then(canvas => {\n                \/\/ Initialiser jsPDF\n                const doc = new window.jspdf.jsPDF('p', 'pt', 'a4');\n                const imgData = canvas.toDataURL('image\/png');\n                \n                \/\/ Calculer les dimensions du PDF pour ajuster le contenu\n                const imgProps= doc.getImageProperties(imgData);\n                const pdfWidth = doc.internal.pageSize.getWidth();\n                const pdfHeight = (imgProps.height * pdfWidth) \/ imgProps.width;\n                \n                \/\/ Ajouter l'image au PDF\n                doc.addImage(imgData, 'PNG', 0, 0, pdfWidth, pdfHeight);\n                doc.save('page.pdf');\n            });\n        }\n    <\/script>\n    \n    <script>\n\/\/ Fonction pour formater et afficher la date du jour\nfunction afficherDateActuelle() {\n    const dateOptions = { year: 'numeric', month: 'long', day: 'numeric' };\n    const today = new Date().toLocaleDateString('fr-FR', dateOptions);\n    document.getElementById('date_value').textContent = today;\n}\n\n\/\/ Appeler la fonction au chargement de la page\ndocument.addEventListener('DOMContentLoaded', afficherDateActuelle);\n<\/script>\t\t\t\t<\/div>\n\t\t\t\t\t<\/div>\n\t\t\t\t<\/div>\n\t\t<div class=\"wd-negative-gap elementor-element elementor-element-ec5282a e-flex e-con-boxed e-con e-parent\" data-id=\"ec5282a\" data-element_type=\"container\" data-e-type=\"container\">\n\t\t\t\t\t<div class=\"e-con-inner\">\n\t\t\t\t<div class=\"elementor-element elementor-element-995dd1d elementor-widget elementor-widget-html\" data-id=\"995dd1d\" data-element_type=\"widget\" data-e-type=\"widget\" data-widget_type=\"html.default\">\n\t\t\t\t\t<button class=\"etn-btn button etn-print-ticket-btn\" id=\"etn_ticket_print_btn\">pdf<\/button>\n<button class=\"etn-btn button etn-download-ticket-btn\" id=\"etn_ticket_download_btn\">pdf<\/button>\n\n<script src=\"https:\/\/cdnjs.cloudflare.com\/ajax\/libs\/html2canvas\/1.3.2\/html2canvas.min.js\"><\/script>\n<script>\n    document.getElementById(\"etn_ticket_print_btn\").addEventListener(\"click\", function() {\n        html2canvas(document.body, {\n            onclone: function(clonedDoc) {\n                \/\/ Ignorer les boutons dans la capture d'\u00e9cran\n                clonedDoc.querySelectorAll(\".etn-print-ticket-btn, .etn-download-ticket-btn\").forEach(function(element) {\n                    element.style.visibility = 'hidden';\n                });\n            }\n        }).then(function(canvas) {\n            var link = document.createElement('a');\n            link.download = 'capture.png';\n            link.href = canvas.toDataURL(\"image\/png\");\n            document.body.appendChild(link); \/\/ Ajouter le lien au document pour garantir la compatibilit\u00e9\n            link.click();\n            document.body.removeChild(link); \/\/ Nettoyer en supprimant le lien\n        });\n    });\n<\/script>\n\t\t\t\t<\/div>\n\t\t\t\t\t<\/div>\n\t\t\t\t<\/div>\n\t\t<div class=\"wd-negative-gap elementor-element elementor-element-0ac7384 e-flex e-con-boxed e-con e-parent\" data-id=\"0ac7384\" data-element_type=\"container\" data-e-type=\"container\">\n\t\t\t\t\t<div class=\"e-con-inner\">\n\t\t\t\t<div class=\"elementor-element elementor-element-793d3a3 elementor-widget elementor-widget-html\" data-id=\"793d3a3\" data-element_type=\"widget\" data-e-type=\"widget\" data-widget_type=\"html.default\">\n\t\t\t\t\t<button class=\"etn-btn button etn-print-ticket-btn\" id=\"etn_ticket_print_btn\">pdf<\/button>\n\n<script src=\"https:\/\/cdnjs.cloudflare.com\/ajax\/libs\/html2canvas\/1.3.2\/html2canvas.min.js\"><\/script>\n<script src=\"https:\/\/cdnjs.cloudflare.com\/ajax\/libs\/jspdf\/2.3.1\/jspdf.umd.min.js\"><\/script>\n<script>\n    document.getElementById(\"etn_ticket_print_btn\").addEventListener(\"click\", function() {\n        html2canvas(document.body, {\n            onclone: function(clonedDoc) {\n                clonedDoc.querySelectorAll(\".etn-print-ticket-btn, .etn-download-ticket-btn\").forEach(function(element) {\n                    element.style.visibility = 'hidden';\n                });\n            },\n            scale: 0.5 \/\/ R\u00e9duit la r\u00e9solution de l'image captur\u00e9e\n        }).then(function(canvas) {\n            const imgData = canvas.toDataURL('image\/png');\n            const imgProps= jspdf.jsPDF.API.getImageProperties(imgData);\n            const pdfWidth = imgProps.width;\n            const pdfHeight = imgProps.height;\n            const pdf = new jspdf.jsPDF({\n                orientation: pdfWidth > pdfHeight ? 'landscape' : 'portrait',\n                unit: 'pt',\n                format: [pdfWidth, pdfHeight]\n            });\n            pdf.addImage(imgData, 'PNG', 0, 0, pdfWidth, pdfHeight);\n            pdf.save('download.pdf');\n        });\n    });\n<\/script>\n\t\t\t\t<\/div>\n\t\t\t\t\t<\/div>\n\t\t\t\t<\/div>\n\t\t\t\t<\/div>\n\t\t","protected":false},"excerpt":{"rendered":"<p>Devis pour Devis de PERLE IN Contact@perle-in.com 157 Boulevard Macdonald 75019 Paris Date Devis du: Produits Prix Quantit\u00e9 Total Sous-Total<\/p>","protected":false},"author":1,"featured_media":0,"parent":0,"menu_order":0,"comment_status":"closed","ping_status":"closed","template":"","meta":{"_eb_attr":"","footnotes":""},"class_list":["post-232528","page","type-page","status-publish","hentry"],"yoast_head":"<!-- This site is optimized with the Yoast SEO plugin v27.4 - https:\/\/yoast.com\/product\/yoast-seo-wordpress\/ -->\n<title>test devis - PERLE IN<\/title>\n<meta name=\"robots\" content=\"noindex, follow, max-snippet:-1, max-image-preview:large, max-video-preview:-1\" \/>\n<meta property=\"og:locale\" content=\"en_US\" \/>\n<meta property=\"og:type\" content=\"article\" \/>\n<meta property=\"og:title\" content=\"test devis - PERLE IN\" \/>\n<meta property=\"og:description\" content=\"Devis pour Devis de PERLE IN Contact@perle-in.com 157 Boulevard Macdonald 75019 Paris Date Devis du: Produits Prix Quantit\u00e9 Total Sous-Total\" \/>\n<meta property=\"og:url\" content=\"https:\/\/perle-in.com\/en\/test-devis\/\" \/>\n<meta property=\"og:site_name\" content=\"PERLE IN\" \/>\n<meta property=\"og:image\" content=\"https:\/\/yellow-louse-313393.hostingersite.com\/wp-content\/uploads\/2024\/03\/logo-Perle-In.png\" \/>\n<meta name=\"twitter:card\" content=\"summary_large_image\" \/>\n<script type=\"application\/ld+json\" class=\"yoast-schema-graph\">{\"@context\":\"https:\\\/\\\/schema.org\",\"@graph\":[{\"@type\":\"WebPage\",\"@id\":\"https:\\\/\\\/perle-in.com\\\/test-devis\\\/\",\"url\":\"https:\\\/\\\/perle-in.com\\\/test-devis\\\/\",\"name\":\"test devis - PERLE IN\",\"isPartOf\":{\"@id\":\"https:\\\/\\\/perle-in.com\\\/#website\"},\"primaryImageOfPage\":{\"@id\":\"https:\\\/\\\/perle-in.com\\\/test-devis\\\/#primaryimage\"},\"image\":{\"@id\":\"https:\\\/\\\/perle-in.com\\\/test-devis\\\/#primaryimage\"},\"thumbnailUrl\":\"https:\\\/\\\/yellow-louse-313393.hostingersite.com\\\/wp-content\\\/uploads\\\/2024\\\/03\\\/logo-Perle-In.png\",\"datePublished\":\"2024-04-04T15:44:03+00:00\",\"breadcrumb\":{\"@id\":\"https:\\\/\\\/perle-in.com\\\/test-devis\\\/#breadcrumb\"},\"inLanguage\":\"en-CA\",\"potentialAction\":[{\"@type\":\"ReadAction\",\"target\":[\"https:\\\/\\\/perle-in.com\\\/test-devis\\\/\"]}]},{\"@type\":\"ImageObject\",\"inLanguage\":\"en-CA\",\"@id\":\"https:\\\/\\\/perle-in.com\\\/test-devis\\\/#primaryimage\",\"url\":\"https:\\\/\\\/yellow-louse-313393.hostingersite.com\\\/wp-content\\\/uploads\\\/2024\\\/03\\\/logo-Perle-In.png\",\"contentUrl\":\"https:\\\/\\\/yellow-louse-313393.hostingersite.com\\\/wp-content\\\/uploads\\\/2024\\\/03\\\/logo-Perle-In.png\"},{\"@type\":\"BreadcrumbList\",\"@id\":\"https:\\\/\\\/perle-in.com\\\/test-devis\\\/#breadcrumb\",\"itemListElement\":[{\"@type\":\"ListItem\",\"position\":1,\"name\":\"Accueil\",\"item\":\"https:\\\/\\\/perle-in.com\\\/\"},{\"@type\":\"ListItem\",\"position\":2,\"name\":\"test devis\"}]},{\"@type\":\"WebSite\",\"@id\":\"https:\\\/\\\/perle-in.com\\\/#website\",\"url\":\"https:\\\/\\\/perle-in.com\\\/\",\"name\":\"PERLE IN\",\"description\":\"\",\"publisher\":{\"@id\":\"https:\\\/\\\/perle-in.com\\\/#organization\"},\"potentialAction\":[{\"@type\":\"SearchAction\",\"target\":{\"@type\":\"EntryPoint\",\"urlTemplate\":\"https:\\\/\\\/perle-in.com\\\/?s={search_term_string}\"},\"query-input\":{\"@type\":\"PropertyValueSpecification\",\"valueRequired\":true,\"valueName\":\"search_term_string\"}}],\"inLanguage\":\"en-CA\"},{\"@type\":\"Organization\",\"@id\":\"https:\\\/\\\/perle-in.com\\\/#organization\",\"name\":\"PERLE IN\",\"url\":\"https:\\\/\\\/perle-in.com\\\/\",\"logo\":{\"@type\":\"ImageObject\",\"inLanguage\":\"en-CA\",\"@id\":\"https:\\\/\\\/perle-in.com\\\/#\\\/schema\\\/logo\\\/image\\\/\",\"url\":\"https:\\\/\\\/perle-in.com\\\/wp-content\\\/uploads\\\/2022\\\/12\\\/LOGO-PERLE-IN-COULEUR@3x.webp\",\"contentUrl\":\"https:\\\/\\\/perle-in.com\\\/wp-content\\\/uploads\\\/2022\\\/12\\\/LOGO-PERLE-IN-COULEUR@3x.webp\",\"width\":1600,\"height\":490,\"caption\":\"PERLE IN\"},\"image\":{\"@id\":\"https:\\\/\\\/perle-in.com\\\/#\\\/schema\\\/logo\\\/image\\\/\"}}]}<\/script>\n<!-- \/ Yoast SEO plugin. -->","yoast_head_json":{"title":"test devis - PERLE IN","robots":{"index":"noindex","follow":"follow","max-snippet":"max-snippet:-1","max-image-preview":"max-image-preview:large","max-video-preview":"max-video-preview:-1"},"og_locale":"en_US","og_type":"article","og_title":"test devis - PERLE IN","og_description":"Devis pour Devis de PERLE IN Contact@perle-in.com 157 Boulevard Macdonald 75019 Paris Date Devis du: Produits Prix Quantit\u00e9 Total Sous-Total","og_url":"https:\/\/perle-in.com\/en\/test-devis\/","og_site_name":"PERLE IN","og_image":[{"url":"https:\/\/yellow-louse-313393.hostingersite.com\/wp-content\/uploads\/2024\/03\/logo-Perle-In.png","type":"","width":"","height":""}],"twitter_card":"summary_large_image","schema":{"@context":"https:\/\/schema.org","@graph":[{"@type":"WebPage","@id":"https:\/\/perle-in.com\/test-devis\/","url":"https:\/\/perle-in.com\/test-devis\/","name":"test devis - PERLE IN","isPartOf":{"@id":"https:\/\/perle-in.com\/#website"},"primaryImageOfPage":{"@id":"https:\/\/perle-in.com\/test-devis\/#primaryimage"},"image":{"@id":"https:\/\/perle-in.com\/test-devis\/#primaryimage"},"thumbnailUrl":"https:\/\/yellow-louse-313393.hostingersite.com\/wp-content\/uploads\/2024\/03\/logo-Perle-In.png","datePublished":"2024-04-04T15:44:03+00:00","breadcrumb":{"@id":"https:\/\/perle-in.com\/test-devis\/#breadcrumb"},"inLanguage":"en-CA","potentialAction":[{"@type":"ReadAction","target":["https:\/\/perle-in.com\/test-devis\/"]}]},{"@type":"ImageObject","inLanguage":"en-CA","@id":"https:\/\/perle-in.com\/test-devis\/#primaryimage","url":"https:\/\/yellow-louse-313393.hostingersite.com\/wp-content\/uploads\/2024\/03\/logo-Perle-In.png","contentUrl":"https:\/\/yellow-louse-313393.hostingersite.com\/wp-content\/uploads\/2024\/03\/logo-Perle-In.png"},{"@type":"BreadcrumbList","@id":"https:\/\/perle-in.com\/test-devis\/#breadcrumb","itemListElement":[{"@type":"ListItem","position":1,"name":"Accueil","item":"https:\/\/perle-in.com\/"},{"@type":"ListItem","position":2,"name":"test devis"}]},{"@type":"WebSite","@id":"https:\/\/perle-in.com\/#website","url":"https:\/\/perle-in.com\/","name":"PERLE IN","description":"","publisher":{"@id":"https:\/\/perle-in.com\/#organization"},"potentialAction":[{"@type":"SearchAction","target":{"@type":"EntryPoint","urlTemplate":"https:\/\/perle-in.com\/?s={search_term_string}"},"query-input":{"@type":"PropertyValueSpecification","valueRequired":true,"valueName":"search_term_string"}}],"inLanguage":"en-CA"},{"@type":"Organization","@id":"https:\/\/perle-in.com\/#organization","name":"PERLE IN","url":"https:\/\/perle-in.com\/","logo":{"@type":"ImageObject","inLanguage":"en-CA","@id":"https:\/\/perle-in.com\/#\/schema\/logo\/image\/","url":"https:\/\/perle-in.com\/wp-content\/uploads\/2022\/12\/LOGO-PERLE-IN-COULEUR@3x.webp","contentUrl":"https:\/\/perle-in.com\/wp-content\/uploads\/2022\/12\/LOGO-PERLE-IN-COULEUR@3x.webp","width":1600,"height":490,"caption":"PERLE IN"},"image":{"@id":"https:\/\/perle-in.com\/#\/schema\/logo\/image\/"}}]}},"_hostinger_reach_plugin_has_subscription_block":false,"_hostinger_reach_plugin_is_elementor":false,"jetpack_sharing_enabled":true,"_links":{"self":[{"href":"https:\/\/perle-in.com\/en\/wp-json\/wp\/v2\/pages\/232528","targetHints":{"allow":["GET"]}}],"collection":[{"href":"https:\/\/perle-in.com\/en\/wp-json\/wp\/v2\/pages"}],"about":[{"href":"https:\/\/perle-in.com\/en\/wp-json\/wp\/v2\/types\/page"}],"author":[{"embeddable":true,"href":"https:\/\/perle-in.com\/en\/wp-json\/wp\/v2\/users\/1"}],"replies":[{"embeddable":true,"href":"https:\/\/perle-in.com\/en\/wp-json\/wp\/v2\/comments?post=232528"}],"version-history":[{"count":0,"href":"https:\/\/perle-in.com\/en\/wp-json\/wp\/v2\/pages\/232528\/revisions"}],"wp:attachment":[{"href":"https:\/\/perle-in.com\/en\/wp-json\/wp\/v2\/media?parent=232528"}],"curies":[{"name":"wp","href":"https:\/\/api.w.org\/{rel}","templated":true}]}}